{"id":33105,"date":"2023-02-17T20:49:08","date_gmt":"2023-02-17T17:49:08","guid":{"rendered":"https:\/\/mufasatoursandtravels.com\/safaris-voladores-en-kenia\/kenia-flying-safaris-corta-estancia\/safari-volador-southern-sky\/"},"modified":"2026-03-06T18:01:02","modified_gmt":"2026-03-06T15:01:02","slug":"safari-volador-southern-sky","status":"publish","type":"page","link":"https:\/\/mufasatoursandtravels.com\/es\/safaris-voladores-en-kenia\/kenia-flying-safaris-corta-estancia\/safari-volador-southern-sky\/","title":{"rendered":"Safari volador Southern Sky"},"content":{"rendered":"[vc_row css=\u00bb.vc_custom_1678799337936{border-top-width: 10px !important;border-right-width: 10px !important;border-bottom-width: 10px !important;border-left-width: 10px !important;}\u00bb][vc_column parallax=\u00bbcontent-moving\u00bb parallax_image=\u00bb11307&#8243; parallax_speed_bg=\u00bb2.1&#8243; css=\u00bb.vc_custom_1690362566163{padding-top: 80px !important;padding-right: 80px !important;padding-bottom: 80px !important;padding-left: 80px !important;}\u00bb][vc_custom_heading text=\u00bbCIELO DEL SUR\u00bb font_container=\u00bbtag:h2|font_size:32|text_align:center|color:%23ffffff\u00bb google_fonts=\u00bbfont_family:Roboto%3A100%2C100italic%2C300%2C300italic%2Cregular%2Citalic%2C500%2C500italic%2C700%2C700italic%2C900%2C900italic|font_style:500%20bold%20regular%3A500%3Anormal\u00bb][vc_custom_heading text=\u00bbVuela en\u00bb font_container=\u00bbtag:h2|font_size:20|text_align:center|color:%23ffffff\u00bb google_fonts=\u00bbfont_family:Roboto%3A100%2C100italic%2C300%2C300italic%2Cregular%2Citalic%2C500%2C500italic%2C700%2C700italic%2C900%2C900italic|font_style:400%20regular%3A400%3Anormal\u00bb][vc_separator color=\u00bbcustom\u00bb el_width=\u00bb80&#8243; accent_color=\u00bb#f8f8f8&#8243;][vc_custom_heading text=\u00bbAmboseli \u21fe Masai Mara\u00bb font_container=\u00bbtag:h2|font_size:22|text_align:center|color:%23ffffff\u00bb google_fonts=\u00bbfont_family:Roboto%3A100%2C100italic%2C300%2C300italic%2Cregular%2Citalic%2C500%2C500italic%2C700%2C700italic%2C900%2C900italic|font_style:400%20regular%3A400%3Anormal\u00bb][vc_empty_space height=\u00bb64px\u00bb][\/vc_column][\/vc_row][vc_row css=\u00bb.vc_custom_1678799352947{border-top-width: 10px !important;border-right-width: 10px !important;border-bottom-width: 10px !important;border-left-width: 10px !important;}\u00bb][vc_column][vc_tta_tabs shape=\u00bbsquare\u00bb color=\u00bbjuicy-pink\u00bb alignment=\u00bbcenter\u00bb active_section=\u00bb1&#8243;][vc_tta_section title=\u00bbPrograma\u00bb tab_id=\u00bb1646384790848-1498beff-bda8&#8243;][info_list_father listclr=\u00bb#f8f8f8&#8243;][info_list_son style=\u00bbicon\u00bb size=\u00bb15&#8243; width=\u00bb20&#8243; height=\u00bb20&#8243; titleclr=\u00bb#890000&#8243; icon=\u00bbfas fa-map-marker-alt\u00bb iconclr=\u00bb#890000&#8243; title=\u00bbD\u00cdA 1: VUELO DE NAIROBI A AMBOSELI\u00bb caption_url=\u00bb\u00bb]\n<ul>\n<li>Recogida del hotel en Nairobi a las 6.00 am por nuestro representante de la empresa y traslado al aeropuerto Wilson.<\/li>\n<li>Check-in y espera para el embarque del vuelo al Parque Nacional de Amboseli a las 7.30 a.m. y llegada a las 8.30 a.m.<\/li>\n<li>A su llegada a Amboseli, ser\u00e1 recibido por nuestro gu\u00eda conductor en la pista de aterrizaje y trasladado a su respectivo campamento o albergue con safaris en ruta dentro del Parque Nacional de Amboseli.<\/li>\n<li>Llegada para almorzar y registrarse en el campamento o albergue y relajarse.<\/li>\n<li>A partir de entonces, por la noche, salga a un safari nocturno por el Parque Nacional de Amboseli hasta la puesta de sol africana.<\/li>\n<li>Regreso al albergue para cenar y pasar la noche.<\/li>\n<\/ul>\n[\/info_list_son][info_list_son style=\u00bbicon\u00bb size=\u00bb15&#8243; width=\u00bb20&#8243; height=\u00bb20&#8243; titleclr=\u00bb#890000&#8243; icon=\u00bbfas fa-paw\u00bb iconclr=\u00bb#890000&#8243; title=\u00bbD\u00cdA 2: AMBOSELI VUELA A MASAI MARA V\u00cdA NAIROBI\u00bb caption_url=\u00bb\u00bb]\n<ul>\n<li data-shorten=\"300\">Desayuno temprano en el albergue o campamento.<\/li>\n<li data-shorten=\"300\">Eche un vistazo y conduzca hasta la pista de aterrizaje con safaris en ruta para tomar el vuelo de regreso a Nairobi a las 8.30 a.m. y llegar a Nairobi a las 9.30 a.m.<\/li>\n<li data-shorten=\"300\">A su llegada al aeropuerto de Wilson, embarque en el pr\u00f3ximo vuelo a las 10.00 a.m. con destino a Masai Mara.<\/li>\n<li>A su llegada a Masai Mara, ser\u00e1 recibido por nuestro gu\u00eda conductor en la pista de aterrizaje y trasladado a su respectivo campamento o albergue con safaris en ruta dentro de la Reserva Nacional de Masai Mara.<\/li>\n<li>Llegada para almorzar y registrarse en el campamento o albergue y relajarse.<\/li>\n<li>A partir de entonces, por la noche, salga a un safari nocturno dentro de la Reserva Nacional de Masai Mara hasta la puesta de sol africana.<\/li>\n<li>Regreso al albergue para cenar y pasar la noche.<\/li>\n<\/ul>\n[\/info_list_son][info_list_son style=\u00bbicon\u00bb size=\u00bb15&#8243; width=\u00bb20&#8243; height=\u00bb20&#8243; titleclr=\u00bb#890000&#8243; icon=\u00bbfas fa-paw\u00bb iconclr=\u00bb#890000&#8243; title=\u00bbD\u00cdA 3: SAFARIS DE MASAI MARA\u00bb caption_url=\u00bb\u00bb]\n<ul>\n<li data-shorten=\"300\">Desayuno temprano en el campamento o albergue.<\/li>\n<li data-shorten=\"300\">Despu\u00e9s del desayuno, los hu\u00e9spedes temprano en la ma\u00f1ana partir\u00e1n para un d\u00eda completo en la <a href=\"https:\/\/www.safaribookings.com\/masai-mara\" rel=\"nofollow noopener\" target=\"_blank\">Reserva Nacional de Masai Mara<\/a> en busca <a href=\"https:\/\/www.nationalgeographic.com\/animals\/article\/africa-big-five-safaris-lions\" rel=\"nofollow noopener\" target=\"_blank\">de los cinco grandes de \u00c1frica<\/a> bajo el techo abierto de un veh\u00edculo tur\u00edstico con almuerzo para llevar que se servir\u00e1 como almuerzo de picnic en la sabana salvaje. Los <a href=\"https:\/\/www.nationalgeographic.com\/animals\/article\/africa-big-five-safaris-lions\" rel=\"nofollow noopener\" target=\"_blank\">Cinco Grandes de \u00c1frica<\/a> son el elefante africano, el le\u00f3n, el rinoceronte, el b\u00fafalo y el leopardo y una variedad de especies de aves de m\u00e1s de 200 especies y herb\u00edvoros como cebras, \u00f1us en grandes cantidades en ruta hacia el <a href=\"https:\/\/en.wikipedia.org\/wiki\/Mara_River\" rel=\"nofollow noopener\" target=\"_blank\">Gran R\u00edo Mara<\/a> , donde la octava maravilla del mundo ocurre cada a\u00f1o de julio a agosto llamada <a href=\"https:\/\/www.masaimara.com\/great-migration-kenya.php#:~:text=Each%20year%2C%20over%20two%20million,an%20iconic%20safari%20must%2Dsee.\" rel=\"nofollow noopener\" target=\"_blank\">La Gran Migraci\u00f3n de \u00f1us<\/a>. Ver\u00e1 esta incre\u00edble vida silvestre durante el d\u00eda completo de safari desde el techo abierto del veh\u00edculo para disfrutar de excelentes vistas y fotograf\u00edas hasta \u00faltima hora de la tarde.  <\/li>\n<li data-shorten=\"300\">Regreso al albergue para cenar y pasar la noche en el campamento o albergue.<\/li>\n<\/ul>\n[\/info_list_son][info_list_son style=\u00bbicon\u00bb size=\u00bb15&#8243; width=\u00bb20&#8243; height=\u00bb20&#8243; titleclr=\u00bb#890000&#8243; icon=\u00bbfas fa-paw\u00bb iconclr=\u00bb#890000&#8243; title=\u00bbD\u00cdA 4: MASAI MARA VUELA A NAIROBI\u00bb caption_url=\u00bb\u00bb]\n<ul>\n<li>Desayuno temprano en el campamento o albergue.<\/li>\n<li>Disfrute de un safari al amanecer en la <a href=\"https:\/\/www.safaribookings.com\/masai-mara\" rel=\"nofollow noopener\" target=\"_blank\">Reserva Nacional Masai Mara<\/a> , donde tendr\u00e1 la oportunidad de disfrutar de las vistas de la vida silvestre desde el techo abierto del veh\u00edculo con un fondo de fotograf\u00eda al amanecer.<\/li>\n<li data-shorten=\"300\">A partir de entonces, si los hu\u00e9spedes lo desean, pueden visitar la aldea cultural Masai opcional @ $ 20 por persona mientras conducen de regreso a Nairobi.<\/li>\n<li data-shorten=\"300\">Conduzca hasta la pista de aterrizaje y tome el vuelo a las 11:00 a.m. para volar de regreso al aeropuerto Wilson.<\/li>\n<li data-shorten=\"300\">A su llegada, el representante de nuestra empresa se reunir\u00e1 con usted y lo trasladar\u00e1 a su respectivo hotel en Nairobi.<\/li>\n<\/ul>\n[\/info_list_son][\/info_list_father][\/vc_tta_section][vc_tta_section title=\u00bbInclusivo\/Exclusivo\u00bb tab_id=\u00bb1646384791347-62216ac9-c080&#8243;][vc_row_inner][vc_column_inner width=\u00bb1\/2&#8243;][info_list_father][info_list_son style=\u00bbicon\u00bb size=\u00bb15&#8243; width=\u00bb10&#8243; height=\u00bb10&#8243; titleclr=\u00bb#890000&#8243; icon=\u00bbfas fa-paw\u00bb iconclr=\u00bb#890000&#8243; title=\u00bbINCLUIDO\u00bb caption_url=\u00bb\u00bb borderclr=\u00bb#890000&#8243; iconbg=\u00bb#f8f8f8&#8243;]\n<ul class=\"list list--icon\">\n<li>Se indican las tarifas del parque al parque.<\/li>\n<li>Transporte en un Landcruiser de techo abierto.<\/li>\n<li>Servicio de un conductor profesional gu\u00eda.<\/li>\n<li>Las comidas est\u00e1n a cargo completo en el lodge\/campamento.<\/li>\n<li>3 noches de alojamiento en el respectivo hotel indicado.<\/li>\n<li>Agua ilimitada en el veh\u00edculo.<\/li>\n<li>Billetes de avi\u00f3n seg\u00fan se indique.<\/li>\n<li>Traslados<\/li>\n<\/ul>\n<p>&nbsp;[\/info_list_son][\/info_list_father][\/vc_column_inner][vc_column_inner width=\u00bb1\/2&#8243;][info_list_father][info_list_son style=\u00bbicon\u00bb size=\u00bb15&#8243; width=\u00bb10&#8243; height=\u00bb10&#8243; titleclr=\u00bb#890000&#8243; icon=\u00bbfas fa-paw\u00bb iconclr=\u00bb#890000&#8243; title=\u00bbEXCLUIDO\u00bb iconbg=\u00bb#f8f8f8&#8243; caption_url=\u00bb\u00bb borderclr=\u00bb#890000&#8243;]\n<ul class=\"list list--icon\">\n<li>Visita cultural a la aldea Masai @ $ 20 por persona.<\/li>\n<li>Propinas para gu\u00eda del conductor (<strong>Muy recomendable<\/strong>).<\/li>\n<li>Art\u00edculos personales <span class=\"txt--xsmall txt--xgrey\">(Souvenirs, seguro de viaje, tasas de visado, etc.)<\/span><\/li>\n<li>Alojamiento adicional antes y al final del tour.<\/li>\n<li>El gobierno impuso un aumento en los impuestos y\/o tarifas del parque.<\/li>\n<li>Paseos en globo aerost\u00e1tico @ $505 por adulto \/ $380 por ni\u00f1o (<strong>menores de 18 a\u00f1os<\/strong>).<\/li>\n<li>La franquicia de equipaje est\u00e1 ESTRICTAMENTE limitada a 15 kg por persona.<\/li>\n<li>Los beb\u00e9s que no paguen por un asiento no tienen derecho a la franquicia de equipaje.<\/li>\n<\/ul>\n<p>&nbsp;[\/info_list_son][\/info_list_father][\/vc_column_inner][\/vc_row_inner][\/vc_tta_section][vc_tta_section title=\u00bbLista de verificaci\u00f3n de viaje\u00bb tab_id=\u00bb1646384792962-ceb76e6c-5c6d\u00bb][vc_row_inner][vc_column_inner width=\u00bb1\/2&#8243;][vc_custom_heading text=\u00bbAntes de viajar\u00bb font_container=\u00bbtag:h2|text_align:left|color:%23890000&#8243; google_fonts=\u00bbfont_family:Open%20Sans%3A300%2C300italic%2Cregular%2Citalic%2C600%2C600italic%2C700%2C700italic%2C800%2C800italic\u00bb][vc_separator color=\u00bbcustom\u00bb align=\u00bbalign_left\u00bb border_width=\u00bb2&#8243; el_width=\u00bb20&#8243; accent_color=\u00bb#890000&#8243;][vc_column_text]Antes de emprender tu viaje, aseg\u00farate de leer nuestros completos consejos de viaje para una experiencia fluida.[\/vc_column_text][vc_btn title=\u00bbAprende m\u00e1s\u00bb style=\u00bboutline-custom\u00bb outline_custom_color=\u00bb#890000&#8243; outline_custom_hover_background=\u00bb#890000&#8243; outline_custom_hover_text=\u00bb#ffffff\u00bb shape=\u00bbsquare\u00bb size=\u00bbsm\u00bb i_align=\u00bbright\u00bb i_icon_fontawesome=\u00bbfas fa-angle-right\u00bb add_icon=\u00bbtrue\u00bb link=\u00bburl:https%3A%2F%2Fmufasatoursandtravels.com%2Fpreparing-to-travel%2F|title:Prepar%C3%A1ndose%20para%20viajar|\u00bb][\/vc_column_inner][vc_column_inner width=\u00bb1\/2&#8243;][vc_custom_heading text=\u00bbEn la reserva\u00bb font_container=\u00bbtag:h2|text_align:left|color:%23890000&#8243; google_fonts=\u00bbfont_family:Open%20Sans%3A300%2C300italic%2Cregular%2Citalic%2C600%2C600italic%2C700%2C700italic%2C800%2C800italic\u00bb][vc_separator color=\u00bbcustom\u00bb align=\u00bbalign_left\u00bb border_width=\u00bb2&#8243; el_width=\u00bb20&#8243; accent_color=\u00bb#890000&#8243;][vc_column_text]Mejora tu planificaci\u00f3n de viaje descargando informaci\u00f3n valiosa sobre destinos, como requisitos de pasaporte y visado, vacunaciones recomendadas, restricciones de equipaje, lista de equipaje y directrices para las propinas.[\/vc_column_text][vc_btn title=\u00bbAprende m\u00e1s\u00bb style=\u00bboutline-custom\u00bb outline_custom_color=\u00bb#890000&#8243; outline_custom_hover_background=\u00bb#890000&#8243; outline_custom_hover_text=\u00bb#ffffff\u00bb shape=\u00bbsquare\u00bb size=\u00bbsm\u00bb i_align=\u00bbright\u00bb i_icon_fontawesome=\u00bbfas fa-angle-right\u00bb add_icon=\u00bbtrue\u00bb link=\u00bburl:https%3A%2F%2Fmufasatoursandtravels.com%2Fwhat-to-know-before-arrival-in-east-africa%2F|title:QU%C3%89%20SABER%20ANTES%20DE%20LLEGAR%20A%20%C3%81FRICA%20ORIENTAL|\u00bb][\/vc_column_inner][\/vc_row_inner][vc_row_inner][vc_column_inner width=\u00bb1\/2&#8243;][vc_custom_heading text=\u00bbDe gira\u00bb font_container=\u00bbtag:h2|text_align:left|color:%23890000&#8243; google_fonts=\u00bbfont_family:Open%20Sans%3A300%2C300italic%2Cregular%2Citalic%2C600%2C600italic%2C700%2C700italic%2C800%2C800italic\u00bb][vc_separator color=\u00bbcustom\u00bb align=\u00bbalign_left\u00bb border_width=\u00bb2&#8243; el_width=\u00bb20&#8243; accent_color=\u00bb#890000&#8243;][vc_column_text]Maximiza el \u00e9xito de tu viaje descargando informaci\u00f3n esencial sobre tu(s) destino(s), incluyendo requisitos de pasaporte y visado, directrices de vacunaci\u00f3n, restricciones de equipaje, lista de equipaje y consejos sobre propinas.[\/vc_column_text][vc_btn title=\u00bbAprende m\u00e1s\u00bb style=\u00bboutline-custom\u00bb outline_custom_color=\u00bb#890000&#8243; outline_custom_hover_background=\u00bb#890000&#8243; outline_custom_hover_text=\u00bb#ffffff\u00bb shape=\u00bbsquare\u00bb size=\u00bbsm\u00bb i_align=\u00bbright\u00bb i_icon_fontawesome=\u00bbfas fa-angle-right\u00bb add_icon=\u00bbtrue\u00bb link=\u00bburl:https%3A%2F%2Fmufasatoursandtravels.com%2Fpassports-and-visas%2F|title:Pasaportes%20y%20visados|\u00bb][\/vc_column_inner][vc_column_inner width=\u00bb1\/2&#8243;][vc_custom_heading text=\u00bbDespu\u00e9s de viajar\u00bb font_container=\u00bbtag:h2|text_align:left|color:%23890000&#8243; google_fonts=\u00bbfont_family:Open%20Sans%3A300%2C300italic%2Cregular%2Citalic%2C600%2C600italic%2C700%2C700italic%2C800%2C800italic\u00bb][vc_separator color=\u00bbcustom\u00bb align=\u00bbalign_left\u00bb border_width=\u00bb2&#8243; el_width=\u00bb20&#8243; accent_color=\u00bb#890000&#8243;][vc_column_text]Mientras disfrutas del resplandor posterior a tu aventura, estamos aqu\u00ed para ayudarte con consejos esenciales despu\u00e9s del viaje, asegurando que tu regreso a casa sea tan fluido y c\u00f3modo como tu propio viaje.[\/vc_column_text][\/vc_column_inner][\/vc_row_inner][\/vc_tta_section][\/vc_tta_tabs][wdo_ult_icon_seperator wdo_seperator_icon=\u00bbfas fa-paw\u00bb wdo_seperator_color=\u00bb#890000&#8243; wdo_seperator_opacity=\u00bb.2&#8243;][vc_btn title=\u00bbPide un presupuesto\u00bb style=\u00bboutline-custom\u00bb outline_custom_color=\u00bb#890000&#8243; outline_custom_hover_background=\u00bb#890000&#8243; outline_custom_hover_text=\u00bb#ffffff\u00bb shape=\u00bbsquare\u00bb size=\u00bbsm\u00bb align=\u00bbcenter\u00bb i_align=\u00bbright\u00bb i_icon_fontawesome=\u00bbfas fa-angle-right\u00bb add_icon=\u00bbtrue\u00bb link=\u00bburl:https%3A%2F%2Fmufasatoursandtravels.com%2Frequest-a-quote%2F|title:Solicite%20un%20presupuesto|\u00bb css=\u00bb.vc_custom_1724155549314{padding: 10px !important;}\u00bb][vc_column_text]\n<p style=\"text-align: left;\"><strong>AVISO.<\/strong><\/p>\n<ul>\n<li>Este tour es ofrecido por <a href=\"https:\/\/mufasatoursandtravels.com\/es\/\">Mufasa Tours and Travels<\/a>.<\/li>\n<li>Todos nuestros safaris son de forma privada.<\/li>\n<li>Los ni\u00f1os de entre 0 y 2 a\u00f1os son gratuitos.<\/li>\n<li>Los ni\u00f1os de 3 a 12 a\u00f1os pagan el 50% de la tarifa de adulto cuando comparten habitaci\u00f3n con adultos.<\/li>\n<li>Los ni\u00f1os de 3 a 12 a\u00f1os pagan el 75% de la tarifa de adulto cuando se alojan en su propia habitaci\u00f3n separada de la de los adultos.<\/li>\n<li>Los ni\u00f1os mayores de 12 a\u00f1os son reconocidos como adultos en campamentos y alojamientos.<\/li>\n<li>Nos reservamos el derecho de modificar el programa seg\u00fan lo anunciado.<\/li>\n<li>Si un alojamiento est\u00e1 completamente reservado, sugeriremos opciones alternativas comparables.<\/li>\n<li>El pedido, contenido y tarifas exactas de este tour est\u00e1n sujetos a disponibilidad.<\/li>\n<li>Esta gira est\u00e1 sujeta a los <a href=\"https:\/\/mufasatoursandtravels.com\/es\/terminos-y-condiciones-2\/\">t\u00e9rminos y condiciones<\/a> de <a href=\"https:\/\/mufasatoursandtravels.com\/es\/\">Mufasa Tours and Travels.<\/a><\/li>\n<\/ul>\n[\/vc_column_text][\/vc_column][\/vc_row]\n","protected":false},"excerpt":{"rendered":"<p>[vc_row css=\u00bb.vc_custom_1678799337936{border-top-width: 10px !important;border-right-width: 10px !important;border-bottom-width: 10px !important;border-left-width: 10px !important;}\u00bb][vc_column parallax=\u00bbcontent-moving\u00bb parallax_image=\u00bb11307&#8243; parallax_speed_bg=\u00bb2.1&#8243; css=\u00bb.vc_custom_1690362566163{padding-top: 80px !important;padding-right: 80px !important;padding-bottom: 80px !important;padding-left: 80px !important;}\u00bb][vc_custom_heading text=\u00bbCIELO DEL SUR\u00bb font_container=\u00bbtag:h2|font_size:32|text_align:center|color:%23ffffff\u00bb google_fonts=\u00bbfont_family:Roboto%3A100%2C100italic%2C300%2C300italic%2Cregular%2Citalic%2C500%2C500italic%2C700%2C700italic%2C900%2C900italic|font_style:500%20bold%20regular%3A500%3Anormal\u00bb][vc_custom_heading text=\u00bbVuela en\u00bb font_container=\u00bbtag:h2|font_size:20|text_align:center|color:%23ffffff\u00bb google_fonts=\u00bbfont_family:Roboto%3A100%2C100italic%2C300%2C300italic%2Cregular%2Citalic%2C500%2C500italic%2C700%2C700italic%2C900%2C900italic|font_style:400%20regular%3A400%3Anormal\u00bb][vc_separator color=\u00bbcustom\u00bb el_width=\u00bb80&#8243; accent_color=\u00bb#f8f8f8&#8243;][vc_custom_heading text=\u00bbAmboseli \u21fe Masai Mara\u00bb font_container=\u00bbtag:h2|font_size:22|text_align:center|color:%23ffffff\u00bb google_fonts=\u00bbfont_family:Roboto%3A100%2C100italic%2C300%2C300italic%2Cregular%2Citalic%2C500%2C500italic%2C700%2C700italic%2C900%2C900italic|font_style:400%20regular%3A400%3Anormal\u00bb][vc_empty_space height=\u00bb64px\u00bb][\/vc_column][\/vc_row][vc_row css=\u00bb.vc_custom_1678799352947{border-top-width: 10px !important;border-right-width: 10px !important;border-bottom-width: 10px !important;border-left-width: 10px !important;}\u00bb][vc_column][vc_tta_tabs shape=\u00bbsquare\u00bb color=\u00bbjuicy-pink\u00bb alignment=\u00bbcenter\u00bb active_section=\u00bb1&#8243;][vc_tta_section title=\u00bbPrograma\u00bb [&hellip;]<\/p>\n","protected":false},"author":7,"featured_media":0,"parent":31110,"menu_order":4,"comment_status":"closed","ping_status":"closed","template":"page-blank.php","meta":{"_themeisle_gutenberg_block_has_review":false,"footnotes":""},"class_list":["post-33105","page","type-page","status-publish","hentry"],"_links":{"self":[{"href":"https:\/\/mufasatoursandtravels.com\/es\/wp-json\/wp\/v2\/pages\/33105","targetHints":{"allow":["GET"]}}],"collection":[{"href":"https:\/\/mufasatoursandtravels.com\/es\/wp-json\/wp\/v2\/pages"}],"about":[{"href":"https:\/\/mufasatoursandtravels.com\/es\/wp-json\/wp\/v2\/types\/page"}],"author":[{"embeddable":true,"href":"https:\/\/mufasatoursandtravels.com\/es\/wp-json\/wp\/v2\/users\/7"}],"replies":[{"embeddable":true,"href":"https:\/\/mufasatoursandtravels.com\/es\/wp-json\/wp\/v2\/comments?post=33105"}],"version-history":[{"count":2,"href":"https:\/\/mufasatoursandtravels.com\/es\/wp-json\/wp\/v2\/pages\/33105\/revisions"}],"predecessor-version":[{"id":46281,"href":"https:\/\/mufasatoursandtravels.com\/es\/wp-json\/wp\/v2\/pages\/33105\/revisions\/46281"}],"up":[{"embeddable":true,"href":"https:\/\/mufasatoursandtravels.com\/es\/wp-json\/wp\/v2\/pages\/31110"}],"wp:attachment":[{"href":"https:\/\/mufasatoursandtravels.com\/es\/wp-json\/wp\/v2\/media?parent=33105"}],"curies":[{"name":"wp","href":"https:\/\/api.w.org\/{rel}","templated":true}]}}