{"id":33121,"date":"2022-05-31T10:53:01","date_gmt":"2022-05-31T07:53:01","guid":{"rendered":"https:\/\/mufasatoursandtravels.com\/uganda-safari\/trekking-de-3-dias-con-gorilas\/"},"modified":"2026-01-29T11:28:03","modified_gmt":"2026-01-29T08:28:03","slug":"trekking-de-3-dias-con-gorilas","status":"publish","type":"page","link":"https:\/\/mufasatoursandtravels.com\/es\/uganda-safari\/trekking-de-3-dias-con-gorilas\/","title":{"rendered":"Trekking de 3 d\u00edas con gorilas"},"content":{"rendered":"[vc_row full_width=\u00bbstretch_row\u00bb gap=\u00bb1&#8243;][vc_column parallax=\u00bbcontent-moving\u00bb parallax_image=\u00bb11712&#8243; css=\u00bb.vc_custom_1690445567527{padding: 80px !important;}\u00bb][vc_custom_heading text=\u00bbTrekking de gorilas\u00bb font_container=\u00bbtag:h2|font_size:32|text_align:left|color:%23ffffff\u00bb google_fonts=\u00bbfont_family:Quicksand%3A300%2Cregular%2C700|font_style:400%20regular%3A400%3Anormal\u00bb el_class=\u00bbbanner-txt\u00bb][vc_custom_heading text=\u00bb3 d\u00edas | Vuela en Safari\u00bb font_container=\u00bbtag:h2|font_size:22|text_align:left|color:%23ffffff\u00bb google_fonts=\u00bbfont_family:Quicksand%3A300%2Cregular%2C700|font_style:400%20regular%3A400%3Anormal\u00bb el_class=\u00bbbanner-txt\u00bb][vc_separator color=\u00bbcustom\u00bb align=\u00bbalign_left\u00bb el_width=\u00bb20&#8243; accent_color=\u00bb#f8f8f8&#8243;][vc_custom_heading text=\u00bbParque Nacional Impenetrable de Bwindi\u00bb font_container=\u00bbtag:h2|font_size:18|text_align:left|color:%23ffffff\u00bb google_fonts=\u00bbfont_family:Quicksand%3A300%2Cregular%2C700|font_style:400%20regular%3A400%3Anormal\u00bb el_class=\u00bbbanner-txt\u00bb][\/vc_column][\/vc_row][vc_row][vc_column css=\u00bb.vc_custom_1678435156380{border-top-width: 10px !important;border-right-width: 10px !important;border-bottom-width: 10px !important;border-left-width: 10px !important;}\u00bb][vc_tta_tabs shape=\u00bbsquare\u00bb color=\u00bbjuicy-pink\u00bb alignment=\u00bbcenter\u00bb active_section=\u00bb1&#8243; no_fill_content_area=\u00bbtrue\u00bb][vc_tta_section title=\u00bbVisi\u00f3n general\u00bb tab_id=\u00bb1768478879672-af10a868-238f\u00bb][vc_row_inner][vc_column_inner][vc_column_text]Prep\u00e1rate para una experiencia impresionante mientras te embarcas en un trekking con gorilas en los densos bosques del Parque Nacional Impenetrable de Bwindi. Camina a trav\u00e9s de la exuberante vegetaci\u00f3n, guiado por gu\u00edas tur\u00edsticos experimentados, y s\u00e9 testigo de los extraordinarios gorilas de monta\u00f1a en su h\u00e1bitat natural. Este encuentro con estos gentiles gigantes es una oportunidad \u00fanica en la vida que te dejar\u00e1 con un profundo aprecio por su conservaci\u00f3n.  <\/p>\n<p>\u2713 Vuelos nacionales que ahorran tiempo hacia y desde Bwindi<br \/>\u2713 Experiencia \u00fanica en la vida de trekking con gorilas<br \/>\u2713 Vistas panor\u00e1micas a\u00e9reas de Uganda<br \/>\u2713 Ideal para horarios apretados y viajes posteriores[\/vc_column_text][\/vc_column_inner][\/vc_row_inner][\/vc_tta_section][vc_tta_section title=\u00bbPrograma\u00bb tab_id=\u00bb1633454673222-3d94f956-010c\u00bb][info_list_father listclr=\u00bb#f8f8f8&#8243;][info_list_son style=\u00bbicon\u00bb size=\u00bb15&#8243; width=\u00bb20&#8243; height=\u00bb20&#8243; titleclr=\u00bb#811a18&#8243; title=\u00bbD\u00cdA 1: Vuelo de Entebbe al Bosque Impenetrable de Bwindi\u00bb icon=\u00bbfas fa-hiking\u00bb iconclr=\u00bb#811a18&#8243; lineheight=\u00bb2&#8243; iconbg=\u00bb#f8f8f8&#8243; borderclr=\u00bb#f8f8f8&#8243;]Transfiere desde tu hotel al <strong>Aeropuerto Internacional de Entebbe<\/strong> para tu vuelo dom\u00e9stico programado a <strong>la pista de Kihihi o Kisoro<\/strong>, dependiendo de la ubicaci\u00f3n de tu lodge.<\/p>\n<p>Disfruta de vistas a\u00e9reas panor\u00e1micas del campo, lagos y tierras altas de Uganda durante el vuelo.<\/p>\n<p>Al llegar, conoce a tu gu\u00eda de alojamiento y transfiere por carretera a tu alojamiento en Bwindi. Haz el check-in y pasa la tarde con calma, relaj\u00e1ndote en medio de la selva tropical. <\/p>\n<p><em>Noche: <strong>Bwindi <\/strong> <\/em><br \/><em>Comidas: <strong>Comida y Cena<\/strong><\/em>[\/info_list_son][info_list_son style=\u00bbicon\u00bb size=\u00bb15&#8243; width=\u00bb20&#8243; height=\u00bb20&#8243; titleclr=\u00bb#811a18&#8243; title=\u00bbD\u00cdA 2 : Trekking de Gorilas y Experiencia Cultural Batwa.\u00bb icon=\u00bbfas fa-hiking\u00bb iconclr=\u00bb#811a18&#8243; lineheight=\u00bb2&#8243; iconbg=\u00bb#f8f8f8&#8243; borderclr=\u00bb#f8f8f8&#8243;]Despu\u00e9s de un desayuno temprano, transfiere a la sede del parque para una sesi\u00f3n informativa con los guardabosques de la Autoridad de Vida Silvestre de Uganda antes de comenzar tu <strong>ruta guiada de gorilas<\/strong>. La duraci\u00f3n del trekking var\u00eda seg\u00fan la ubicaci\u00f3n de la familia de gorilas asignada. <\/p>\n<p>Una vez encontrados, disfruta <strong>de una hora inolvidable<\/strong> observando a los gorilas en su h\u00e1bitat natural \u2014 un encuentro verdaderamente transformador con la fauna.<\/p>\n<p>Vuelve al lodge por la tarde para relajarte o disfrutar de actividades opcionales como una visita comunitaria o un paseo por la naturaleza.<\/p>\n<p><em>Noche: <strong>Bwindi<\/strong><\/em><br \/><em>  Comidas: <strong>Desayuno, Comida y Cena<\/strong><\/em>[\/info_list_son][info_list_son style=\u00bbicon\u00bb size=\u00bb15&#8243; width=\u00bb20&#8243; height=\u00bb20&#8243; titleclr=\u00bb#811a18&#8243; title=\u00bbD\u00cdA 3: Bwindi de vuelta a Entebbe\u00bb icon=\u00bbfas fa-hiking\u00bb iconclr=\u00bb#811a18&#8243; lineheight=\u00bb2&#8243; iconbg=\u00bb#f8f8f8&#8243; borderclr=\u00bb#f8f8f8&#8243;]Despu\u00e9s del desayuno, haz transbordo de vuelta a la pista para tu vuelo programado a <strong>Entebbe<\/strong>.<\/p>\n<p>Llega a Entebbe a tiempo para tu <strong>vuelo internacional de continuaci\u00f3n<\/strong> o para una estancia opcional de una noche, marcando el final de tu safari de gorilas.<\/p>\n<p><em>Comida:<strong> Desayuno<\/strong><\/em>[\/info_list_son][\/info_list_father][\/vc_tta_section][vc_tta_section title=\u00bbInclusivo\/Exclusivo\u00bb tab_id=\u00bb1633455601016-f93699bc-5d92&#8243;][vc_row_inner][vc_column_inner width=\u00bb1\/2&#8243;][info_list_father listclr=\u00bb#f8f8f8&#8243;][info_list_son style=\u00bbicon\u00bb size=\u00bb15&#8243; width=\u00bb20&#8243; height=\u00bb20&#8243; titleclr=\u00bb#890000&#8243; icon=\u00bbfas fa-user-plus\u00bb iconclr=\u00bb#890000&#8243; title=\u00bbINCLUIDO\u00bb lineheight=\u00bb2&#8243;]\n<ul>\n<li>Vuelos nacionales que ahorran tiempo hacia y desde Bwindi<\/li>\n<li>Experiencia \u00fanica en la vida de trekking con gorilas<\/li>\n<li>Vistas a\u00e9reas panor\u00e1micas de Uganda<\/li>\n<li>Ideal para horarios apretados y viajes posteriores<\/li>\n<\/ul>\n[\/info_list_son][\/info_list_father][\/vc_column_inner][vc_column_inner width=\u00bb1\/2&#8243;][info_list_father listclr=\u00bb#f8f8f8&#8243;][info_list_son style=\u00bbicon\u00bb size=\u00bb15&#8243; width=\u00bb20&#8243; height=\u00bb20&#8243; titleclr=\u00bb#890000&#8243; icon=\u00bbfas fa-user-minus\u00bb iconclr=\u00bb#890000&#8243; title=\u00bbEXCLUIDO\u00bb lineheight=\u00bb2&#8243;]\n<ul>\n<li>Cualquier cosa que no est\u00e9 en el Incluido.<\/li>\n<\/ul>\n[\/info_list_son][\/info_list_father][\/vc_column_inner][\/vc_row_inner][\/vc_tta_section][\/vc_tta_tabs][\/vc_column][\/vc_row]\n","protected":false},"excerpt":{"rendered":"<p>[vc_row full_width=\u00bbstretch_row\u00bb gap=\u00bb1&#8243;][vc_column parallax=\u00bbcontent-moving\u00bb parallax_image=\u00bb11712&#8243; css=\u00bb.vc_custom_1690445567527{padding: 80px !important;}\u00bb][vc_custom_heading text=\u00bbTrekking de gorilas\u00bb font_container=\u00bbtag:h2|font_size:32|text_align:left|color:%23ffffff\u00bb google_fonts=\u00bbfont_family:Quicksand%3A300%2Cregular%2C700|font_style:400%20regular%3A400%3Anormal\u00bb el_class=\u00bbbanner-txt\u00bb][vc_custom_heading text=\u00bb3 d\u00edas | Vuela en Safari\u00bb font_container=\u00bbtag:h2|font_size:22|text_align:left|color:%23ffffff\u00bb google_fonts=\u00bbfont_family:Quicksand%3A300%2Cregular%2C700|font_style:400%20regular%3A400%3Anormal\u00bb el_class=\u00bbbanner-txt\u00bb][vc_separator color=\u00bbcustom\u00bb align=\u00bbalign_left\u00bb el_width=\u00bb20&#8243; accent_color=\u00bb#f8f8f8&#8243;][vc_custom_heading text=\u00bbParque Nacional Impenetrable de Bwindi\u00bb font_container=\u00bbtag:h2|font_size:18|text_align:left|color:%23ffffff\u00bb google_fonts=\u00bbfont_family:Quicksand%3A300%2Cregular%2C700|font_style:400%20regular%3A400%3Anormal\u00bb el_class=\u00bbbanner-txt\u00bb][\/vc_column][\/vc_row][vc_row][vc_column css=\u00bb.vc_custom_1678435156380{border-top-width: 10px !important;border-right-width: 10px !important;border-bottom-width: 10px !important;border-left-width: 10px !important;}\u00bb][vc_tta_tabs shape=\u00bbsquare\u00bb color=\u00bbjuicy-pink\u00bb alignment=\u00bbcenter\u00bb active_section=\u00bb1&#8243; no_fill_content_area=\u00bbtrue\u00bb][vc_tta_section title=\u00bbVisi\u00f3n general\u00bb tab_id=\u00bb1768478879672-af10a868-238f\u00bb][vc_row_inner][vc_column_inner][vc_column_text]Prep\u00e1rate para una experiencia [&hellip;]<\/p>\n","protected":false},"author":4,"featured_media":0,"parent":28054,"menu_order":2,"comment_status":"closed","ping_status":"closed","template":"","meta":{"_themeisle_gutenberg_block_has_review":false,"footnotes":""},"class_list":["post-33121","page","type-page","status-publish","hentry"],"_links":{"self":[{"href":"https:\/\/mufasatoursandtravels.com\/es\/wp-json\/wp\/v2\/pages\/33121","targetHints":{"allow":["GET"]}}],"collection":[{"href":"https:\/\/mufasatoursandtravels.com\/es\/wp-json\/wp\/v2\/pages"}],"about":[{"href":"https:\/\/mufasatoursandtravels.com\/es\/wp-json\/wp\/v2\/types\/page"}],"author":[{"embeddable":true,"href":"https:\/\/mufasatoursandtravels.com\/es\/wp-json\/wp\/v2\/users\/4"}],"replies":[{"embeddable":true,"href":"https:\/\/mufasatoursandtravels.com\/es\/wp-json\/wp\/v2\/comments?post=33121"}],"version-history":[{"count":27,"href":"https:\/\/mufasatoursandtravels.com\/es\/wp-json\/wp\/v2\/pages\/33121\/revisions"}],"predecessor-version":[{"id":43937,"href":"https:\/\/mufasatoursandtravels.com\/es\/wp-json\/wp\/v2\/pages\/33121\/revisions\/43937"}],"up":[{"embeddable":true,"href":"https:\/\/mufasatoursandtravels.com\/es\/wp-json\/wp\/v2\/pages\/28054"}],"wp:attachment":[{"href":"https:\/\/mufasatoursandtravels.com\/es\/wp-json\/wp\/v2\/media?parent=33121"}],"curies":[{"name":"wp","href":"https:\/\/api.w.org\/{rel}","templated":true}]}}