{"id":33162,"date":"2022-05-03T11:52:13","date_gmt":"2022-05-03T08:52:13","guid":{"rendered":"https:\/\/mufasatoursandtravels.com\/safari-en-ruanda\/ruanda-caminata-clasica-de-primates\/"},"modified":"2025-04-10T16:40:35","modified_gmt":"2025-04-10T13:40:35","slug":"ruanda-caminata-clasica-de-primates","status":"publish","type":"page","link":"https:\/\/mufasatoursandtravels.com\/es\/safari-en-ruanda\/ruanda-caminata-clasica-de-primates\/","title":{"rendered":"Ruanda Caminata Cl\u00e1sica de Primates"},"content":{"rendered":"[vc_row full_width=\u00bbstretch_row\u00bb gap=\u00bb1&#8243; el_class=\u00bbrow\u00bb][vc_column parallax=\u00bbcontent-moving\u00bb parallax_image=\u00bb7469&#8243; css=\u00bb.vc_custom_1690532487149{padding-top: 80px !important;padding-right: 80px !important;padding-bottom: 80px !important;padding-left: 80px !important;}\u00bb][vc_custom_heading text=\u00bb4 D\u00edas\u00bb font_container=\u00bbtag:h2|font_size:24|text_align:center|color:%23ffffff\u00bb google_fonts=\u00bbfont_family:Roboto%3A100%2C100italic%2C300%2C300italic%2Cregular%2Citalic%2C500%2C500italic%2C700%2C700italic%2C900%2C900italic|font_style:400%20regular%3A400%3Anormal\u00bb][vc_text_separator title=\u00bb\u00bb i_icon_fontawesome=\u00bbfas fa-hiking\u00bb i_color=\u00bbcustom\u00bb color=\u00bbcustom\u00bb el_width=\u00bb80&#8243; add_icon=\u00bbtrue\u00bb i_custom_color=\u00bb#ffffff\u00bb accent_color=\u00bb#f8f8f8&#8243;][vc_custom_heading text=\u00bbKigali \u21fe Parque Nacional de los Volcanes \u21fe Trekking con gorilas de monta\u00f1a \u21fe Kigali\u00bb font_container=\u00bbtag:h2|font_size:18|text_align:center|color:%23ffffff\u00bb google_fonts=\u00bbfont_family:Roboto%3A100%2C100italic%2C300%2C300italic%2Cregular%2Citalic%2C500%2C500italic%2C700%2C700italic%2C900%2C900italic|font_style:400%20regular%3A400%3Anormal\u00bb][\/vc_column][\/vc_row][vc_row css=\u00bb.vc_custom_1725348142774{padding: 10px !important;}\u00bb][vc_column][vc_tta_tabs color=\u00bbjuicy-pink\u00bb alignment=\u00bbcenter\u00bb active_section=\u00bb1&#8243; no_fill_content_area=\u00bbtrue\u00bb][vc_tta_section title=\u00bbPrograma\u00bb tab_id=\u00bb1633454673222-3d94f956-010c\u00bb][info_list_father listclr=\u00bb#f8f8f8&#8243;][info_list_son style=\u00bbicon\u00bb size=\u00bb15&#8243; width=\u00bb20&#8243; height=\u00bb20&#8243; titleclr=\u00bb#811a18&#8243; title=\u00bbD\u00eda 1: LLEGADA A KIGALI\u00bb icon=\u00bbfas fa-calendar-check\u00bb iconclr=\u00bb#811a18&#8243; lineheight=\u00bb2&#8243;]\n<ul>\n<li style=\"text-align: justify;\">Llegada al Aeropuerto Internacional de Kigali. Servicios de bienvenida y bienvenida, seguidos de traslado a su hotel en Kigali. <\/li>\n<\/ul>\n[\/info_list_son][info_list_son style=\u00bbicon\u00bb size=\u00bb15&#8243; width=\u00bb20&#8243; height=\u00bb20&#8243; titleclr=\u00bb#811a18&#8243; title=\u00bbD\u00eda 2: DE KIGALI AL PARQUE NACIONAL DE LOS VOLCANES\u00bb icon=\u00bbfas fa-calendar-check\u00bb iconclr=\u00bb#811a18&#8243; lineheight=\u00bb2&#8243; iconbg=\u00bb#f8f8f8&#8243;]\n<ul>\n<li style=\"text-align: justify;\">Por la ma\u00f1ana, visita orientativa de la ciudad de Kigali, que incluye una visita al Museo Conmemorativo del Genocidio.<\/li>\n<li style=\"text-align: justify;\">Almuerzo en el Hotel Mille Collines &#8211; que aparece en la pel\u00edcula \u00abHotel Rwanda\u00bb, sobre el genocidio de Ruanda de 1994 contra los tutsis.<\/li>\n<li style=\"text-align: justify;\">Por la tarde, viaje a las Monta\u00f1as de los Volcanes, hogar de los gorilas de monta\u00f1a y los monos dorados, para pasar la noche. 94 km, 2,5 horas <\/li>\n<\/ul>\n[\/info_list_son][info_list_son style=\u00bbicon\u00bb size=\u00bb15&#8243; width=\u00bb20&#8243; height=\u00bb20&#8243; titleclr=\u00bb#811a18&#8243; title=\u00bbD\u00eda 3: TREKKING CON GORILAS DE MONTA\u00d1A Y VILLA CULTURAL\u00bb icon=\u00bbfas fa-calendar-check\u00bb iconclr=\u00bb#811a18&#8243; lineheight=\u00bb2&#8243;]\n<ul>\n<li style=\"text-align: justify;\">Por la ma\u00f1ana, emprenda la \u00faltima aventura emocionante \u00fanica en la vida: Mountain Gorillas Trek, en el bosque de los volcanes.<\/li>\n<li style=\"text-align: justify;\">Despu\u00e9s de su audiencia de una hora con su familia de gorilas, regrese a su caba\u00f1a para refrescarse y almorzar<\/li>\n<li style=\"text-align: justify;\">Despu\u00e9s del almuerzo, rel\u00e1jese en el albergue, mientras revive los recuerdos frescos de su encuentro cercano con los gorilas.<\/li>\n<li style=\"text-align: justify;\">Al final de la tarde, visita la Aldea Cultural Iby&#8217;Iwacu (Gorilas Guardianes) para conocer mejor el estilo de vida transformado de estas familias de antiguos cazadores furtivos de gorilas.<\/li>\n<\/ul>\n[\/info_list_son][info_list_son style=\u00bbicon\u00bb size=\u00bb15&#8243; width=\u00bb20&#8243; height=\u00bb20&#8243; titleclr=\u00bb#811a18&#8243; title=\u00bbD\u00eda 4: GOLDEN MONEKYS TREK DE REGRESO A KIGALI\u00bb icon=\u00bbfas fa-calendar-check\u00bb iconclr=\u00bb#811a18&#8243; lineheight=\u00bb2&#8243;]\n<ul>\n<li style=\"text-align: justify;\">Otra ma\u00f1ana en el bosque de los volcanes, para el Golden Monkeys Trek &#8211; trekking el \u00fanico otro miembro de la especie de primates, que reside en el bosque de los volcanes.<\/li>\n<li style=\"text-align: justify;\">Refresco y almuerzo en el albergue, seguido de check-out, listo para su viaje de regreso a Kigali.<\/li>\n<li style=\"text-align: justify;\">Pero, antes de salir de la ciudad base de las Monta\u00f1as de los Volcanes, Musanze, una breve visita al MUSEO DIAN FOSSEY.<\/li>\n<\/ul>\n[\/info_list_son][\/info_list_father][\/vc_tta_section][vc_tta_section title=\u00bbDatos clave\u00bb tab_id=\u00bb1633454673248-4ec9e207-8783&#8243;][vc_column_text]\n<div>\n<p data-sourcepos=\"3:1-3:25\"><strong>Altitud y clima<\/strong><\/p>\n<ul data-sourcepos=\"5:1-5:79\">\n<li data-sourcepos=\"5:1-5:79\"><strong>Altitud:<\/strong> Las monta\u00f1as de los Volcanes est\u00e1n situadas a una altitud de m\u00e1s de 2.400 metros sobre el nivel del mar.<\/li>\n<li data-sourcepos=\"6:1-7:0\"><strong>Temperaturas fr\u00edas:<\/strong> Se esperan ma\u00f1anas y tardes fr\u00edas, especialmente en las regiones m\u00e1s altas. La ropa de abrigo es esencial. <\/li>\n<\/ul>\n<p data-sourcepos=\"8:1-8:2\"><strong>Requisitos de Gorilla Trekking<\/strong><\/p>\n<ul data-sourcepos=\"10:1-11:14\">\n<li data-sourcepos=\"10:1-10:95\"><strong>L\u00edmite de edad:<\/strong> Los participantes deben tener al menos 15 a\u00f1os de edad para participar en el trekking de gorilas.<\/li>\n<li data-sourcepos=\"11:1-11:14\"><strong>Permite:<\/strong> Un permiso de trekking para gorilas cuesta US$1.500 por persona. Los permisos no son reembolsables una vez comprados. <\/li>\n<\/ul>\n<p data-sourcepos=\"13:1-13:23\"><strong>Elementos esenciales de embalaje<\/strong><\/p>\n<ul data-sourcepos=\"15:1-15:11\">\n<li data-sourcepos=\"15:1-15:11\"><strong>Protecci\u00f3n contra la intemperie:<\/strong> La ropa impermeable, incluida una chaqueta con capucha y pantalones impermeables, es crucial debido al clima impredecible.<\/li>\n<li data-sourcepos=\"16:1-16:128\"><strong>Protecci\u00f3n para lo esencial:<\/strong> Use bolsas impermeables con cierre herm\u00e9tico para proteger c\u00e1maras, pel\u00edculas, pasaportes, dinero y otros objetos de valor.<\/li>\n<li data-sourcepos=\"17:1-17:129\"><strong>Calidez y protecci\u00f3n:<\/strong> Use guantes c\u00e1lidos e impermeables para mantener las manos calientes y secas y protegerlas de las ortigas.<\/li>\n<li data-sourcepos=\"18:1-18:99\"><strong>Calzado resistente:<\/strong> Las botas de monta\u00f1a con un buen agarre al barro son esenciales, especialmente en condiciones h\u00famedas.<\/li>\n<li data-sourcepos=\"19:1-19:85\"><strong>Polainas:<\/strong> Protege las perneras de tus pantalones y botas del barro y la humedad con polainas.<\/li>\n<li data-sourcepos=\"20:1-20:28\"><strong>Art\u00edculos de confort:<\/strong> Una toalla peque\u00f1a de mano o cara puede ser \u00fatil para secarse el sudor durante la caminata.<\/li>\n<\/ul>\n<p data-sourcepos=\"22:1-22:135\"><strong>Recordar:<\/strong> La preparaci\u00f3n adecuada es clave para garantizar una experiencia c\u00f3moda y agradable de trekking con gorilas en las Monta\u00f1as de los Volcanes<\/p>\n<\/div>\n<p><strong>Renuncia:<\/strong><\/p>\n<ul>\n<li>Este tour es ofrecido por <a href=\"https:\/\/mufasatoursandtravels.com\/es\/\">Mufasa Tours and Travels<\/a>.<\/li>\n<li>Este operador se reserva el derecho de cambiar las tarifas anunciadas.<\/li>\n<li>Si solicita cambios en este tour, es probable que las tarifas anunciadas cambien.<\/li>\n<li>Si un alojamiento est\u00e1 completo, el operador sugerir\u00e1 opciones alternativas comparables.<\/li>\n<li>El pedido exacto, el contenido y las tarifas de este tour est\u00e1n sujetos a disponibilidad.<\/li>\n<li>Este tour est\u00e1 sujeto a los <a href=\"https:\/\/mufasatoursandtravels.com\/es\/terminos-y-condiciones\/\">t\u00e9rminos y condiciones<\/a> de <a href=\"https:\/\/mufasatoursandtravels.com\/es\/\">Mufasa Tours and Travels.<\/a><\/li>\n<\/ul>\n[\/vc_column_text][\/vc_tta_section][vc_tta_section title=\u00bbInclusivo\/Exclusivo\u00bb tab_id=\u00bb1633455601016-f93699bc-5d92&#8243;][vc_row_inner][vc_column_inner width=\u00bb1\/2&#8243;][info_list_father listclr=\u00bb#f8f8f8&#8243;][info_list_son style=\u00bbicon\u00bb size=\u00bb15&#8243; width=\u00bb20&#8243; height=\u00bb20&#8243; titleclr=\u00bb#890000&#8243; icon=\u00bbfas fa-user-plus\u00bb title=\u00bbINCLUIDO\u00bb lineheight=\u00bb2&#8243; iconclr=\u00bb#890000&#8243;]\n<ul>\n<li>Traslados de llegada\/salida del aeropuerto de Kigali + asistencia; (Facilitaci\u00f3n VIP de Meet &amp; Assist en el aeropuerto, disponible bajo petici\u00f3n)<\/li>\n<li>1 noche de alojamiento en Kigali, en r\u00e9gimen de alojamiento y desayuno.<\/li>\n<li>Visita a la ciudad de Kigali + almuerzo el d\u00eda 02 (incluida la tarifa de audiogu\u00eda del Sal\u00f3n del Museo del Genocidio aplicable)<\/li>\n<li>2 noches de alojamiento en los volcanes, en r\u00e9gimen de pensi\u00f3n completa.<\/li>\n<li>Permisos de Gorilla Trek &#8211; US$1,500.00 por persona por caminata.<\/li>\n<li>Permisos de Trekking para Gorilas y Monos Dorados: US$100.00 por persona por caminata.<\/li>\n<li>Transporte privado en 4&#215;4 Safari Land-cruiser + servicios de conductor-gu\u00eda de habla inglesa.<\/li>\n<li>Cobertura de evacuaci\u00f3n a\u00e9rea de emergencia (no incluye hospitalizaci\u00f3n ni facturas m\u00e9dicas).<\/li>\n<li>Agua potable embotellada durante el safari (en el veh\u00edculo) y durante el trekking.<\/li>\n<li>Todos los impuestos sobre los servicios citados anteriormente.<\/li>\n<\/ul>\n[\/info_list_son][\/info_list_father][\/vc_column_inner][vc_column_inner width=\u00bb1\/2&#8243;][info_list_father listclr=\u00bb#f8f8f8&#8243;][info_list_son style=\u00bbicon\u00bb size=\u00bb15&#8243; width=\u00bb20&#8243; height=\u00bb20&#8243; titleclr=\u00bb#890000&#8243; icon=\u00bbfas fa-user-minus\u00bb iconclr=\u00bb#890000&#8243; title=\u00bbEXCLUIDOS\u00bb lineheight=\u00bb2&#8243;]\n<ul>\n<li>Comidas y bebidas, distintas a las especificadas.<\/li>\n<li>Cualquier otra actividad tur\u00edstica o alojamiento, que no sea la indicada en el programa.<\/li>\n<li>Tarifas a\u00e9reas internacionales\/regionales y tarifas de pasaporte\/visa.<\/li>\n<li>Cargos por exceso de equipaje cobrados por las aerol\u00edneas.<\/li>\n<li>Propinas: conductor-gu\u00eda \/ gu\u00eda del parque \/ porteadores \/ personal del hotel y otros asistentes de transporte.<\/li>\n<li>Lavander\u00eda y otros art\u00edculos de car\u00e1cter personal como bebidas, llamadas telef\u00f3nicas, etc.<\/li>\n<li>Seguro personal y de equipaje.<\/li>\n<li>Costos de cualquier cosa que no se mencione espec\u00edficamente en el listado anterior, o que se solicite.<\/li>\n<\/ul>\n[\/info_list_son][\/info_list_father][\/vc_column_inner][\/vc_row_inner][\/vc_tta_section][\/vc_tta_tabs][\/vc_column][\/vc_row]\n","protected":false},"excerpt":{"rendered":"<p>[vc_row full_width=\u00bbstretch_row\u00bb gap=\u00bb1&#8243; el_class=\u00bbrow\u00bb][vc_column parallax=\u00bbcontent-moving\u00bb parallax_image=\u00bb7469&#8243; css=\u00bb.vc_custom_1690532487149{padding-top: 80px !important;padding-right: 80px !important;padding-bottom: 80px !important;padding-left: 80px !important;}\u00bb][vc_custom_heading text=\u00bb4 D\u00edas\u00bb font_container=\u00bbtag:h2|font_size:24|text_align:center|color:%23ffffff\u00bb google_fonts=\u00bbfont_family:Roboto%3A100%2C100italic%2C300%2C300italic%2Cregular%2Citalic%2C500%2C500italic%2C700%2C700italic%2C900%2C900italic|font_style:400%20regular%3A400%3Anormal\u00bb][vc_text_separator title=\u00bb\u00bb i_icon_fontawesome=\u00bbfas fa-hiking\u00bb i_color=\u00bbcustom\u00bb color=\u00bbcustom\u00bb el_width=\u00bb80&#8243; add_icon=\u00bbtrue\u00bb i_custom_color=\u00bb#ffffff\u00bb accent_color=\u00bb#f8f8f8&#8243;][vc_custom_heading text=\u00bbKigali \u21fe Parque Nacional de los Volcanes \u21fe Trekking con gorilas de monta\u00f1a \u21fe Kigali\u00bb font_container=\u00bbtag:h2|font_size:18|text_align:center|color:%23ffffff\u00bb google_fonts=\u00bbfont_family:Roboto%3A100%2C100italic%2C300%2C300italic%2Cregular%2Citalic%2C500%2C500italic%2C700%2C700italic%2C900%2C900italic|font_style:400%20regular%3A400%3Anormal\u00bb][\/vc_column][\/vc_row][vc_row css=\u00bb.vc_custom_1725348142774{padding: 10px !important;}\u00bb][vc_column][vc_tta_tabs color=\u00bbjuicy-pink\u00bb alignment=\u00bbcenter\u00bb active_section=\u00bb1&#8243; no_fill_content_area=\u00bbtrue\u00bb][vc_tta_section title=\u00bbPrograma\u00bb tab_id=\u00bb1633454673222-3d94f956-010c\u00bb][info_list_father listclr=\u00bb#f8f8f8&#8243;][info_list_son [&hellip;]<\/p>\n","protected":false},"author":4,"featured_media":0,"parent":28035,"menu_order":1,"comment_status":"closed","ping_status":"closed","template":"","meta":{"_themeisle_gutenberg_block_has_review":false,"footnotes":""},"class_list":["post-33162","page","type-page","status-publish","hentry"],"_links":{"self":[{"href":"https:\/\/mufasatoursandtravels.com\/es\/wp-json\/wp\/v2\/pages\/33162","targetHints":{"allow":["GET"]}}],"collection":[{"href":"https:\/\/mufasatoursandtravels.com\/es\/wp-json\/wp\/v2\/pages"}],"about":[{"href":"https:\/\/mufasatoursandtravels.com\/es\/wp-json\/wp\/v2\/types\/page"}],"author":[{"embeddable":true,"href":"https:\/\/mufasatoursandtravels.com\/es\/wp-json\/wp\/v2\/users\/4"}],"replies":[{"embeddable":true,"href":"https:\/\/mufasatoursandtravels.com\/es\/wp-json\/wp\/v2\/comments?post=33162"}],"version-history":[{"count":1,"href":"https:\/\/mufasatoursandtravels.com\/es\/wp-json\/wp\/v2\/pages\/33162\/revisions"}],"predecessor-version":[{"id":33164,"href":"https:\/\/mufasatoursandtravels.com\/es\/wp-json\/wp\/v2\/pages\/33162\/revisions\/33164"}],"up":[{"embeddable":true,"href":"https:\/\/mufasatoursandtravels.com\/es\/wp-json\/wp\/v2\/pages\/28035"}],"wp:attachment":[{"href":"https:\/\/mufasatoursandtravels.com\/es\/wp-json\/wp\/v2\/media?parent=33162"}],"curies":[{"name":"wp","href":"https:\/\/api.w.org\/{rel}","templated":true}]}}