{"id":33211,"date":"2022-03-25T09:42:26","date_gmt":"2022-03-25T06:42:26","guid":{"rendered":"https:\/\/mufasatoursandtravels.com\/destinos\/parque-nacional-de-aberdare\/"},"modified":"2025-04-16T12:57:20","modified_gmt":"2025-04-16T09:57:20","slug":"parque-nacional-de-aberdare","status":"publish","type":"page","link":"https:\/\/mufasatoursandtravels.com\/es\/destinos\/parque-nacional-de-aberdare\/","title":{"rendered":"Parque Nacional de Aberdare"},"content":{"rendered":"[vc_row full_width=\u00bbstretch_row\u00bb][vc_column css=\u00bb.vc_custom_1675671142396{border-top-width: 10px !important;border-right-width: 10px !important;border-bottom-width: 10px !important;border-left-width: 10px !important;}\u00bb][ucaddon_classic_banner title=\u00bb\u00bb link_text=\u00bbAberdare National Park, Kenya\u00bb image=\u00bb8699&#8243; link=\u00bb\u00bb uc_fonts_data=\u00bbJTdCJTdE\u00bb][\/ucaddon_classic_banner][\/vc_column][\/vc_row][vc_row][vc_column css=\u00bb.vc_custom_1675672165143{border-top-width: 10px !important;border-right-width: 10px !important;border-bottom-width: 10px !important;border-left-width: 10px !important;}\u00bb][vc_tta_tabs shape=\u00bbsquare\u00bb color=\u00bbjuicy-pink\u00bb alignment=\u00bbcenter\u00bb active_section=\u00bb1&#8243; no_fill_content_area=\u00bbtrue\u00bb][vc_tta_section title=\u00bbAcerca de\u00bb tab_id=\u00bb1636302233132-39a30584-a642&#8243;][info_list_father listclr=\u00bb#f8f8f8&#8243;][info_list_son style=\u00bbicon\u00bb size=\u00bb20&#8243; width=\u00bb25&#8243; height=\u00bb25&#8243; titleclr=\u00bb#800000&#8243; icon=\u00bbfas fa-question-circle\u00bb title=\u00bbParque Nacional de Aberdare\u00bb]Situada en el centro de Kenia, a unos 160 kil\u00f3metros de Nairobi por carretera, se extiende un centenar de kil\u00f3metros de norte a sur dentro de la tercera cadena monta\u00f1osa m\u00e1s alta de Kenia. El Parque Nacional de Aberdare cubre las \u00e1reas m\u00e1s altas de la cordillera de Aberdare, que es una cordillera volc\u00e1nica aislada que se form\u00f3 en el extremo oriental del Gran Valle del Rift. [\/info_list_son][info_list_son style=\u00bbicon\u00bb size=\u00bb20&#8243; width=\u00bb25&#8243; height=\u00bb25&#8243; titleclr=\u00bb#800000&#8243; icon=\u00bbfas fa-binoculars\u00bb title=\u00bbVida silvestre\u00bb]La vida silvestre presente en el \u00e1rea protegida incluye le\u00f3n, leopardo, elefante, perro salvaje de \u00c1frica Oriental, cerdo gigante del bosque, ant\u00edlope de monta\u00f1a, ant\u00edlope de monta\u00f1a, ant\u00edlope acu\u00e1tico, b\u00fafalo del Cabo, suni, chacal rayado lateral, eland, duiker, babuino oliva, mono colobo blanco y negro y mono sykes. Los avistamientos m\u00e1s raros incluyen los del gato dorado africano y el bongo. Especies como el eland com\u00fan, serval viven en los p\u00e1ramos m\u00e1s altos.  <\/p>\n<p>El Parque Nacional de Aberdare tambi\u00e9n alberga una gran poblaci\u00f3n de rinocerontes negros orientales y m\u00e1s de 250 especies de aves, entre ellas la quisticola de Aberdare, en peligro de extinci\u00f3n, el espol\u00f3n de Jackson, el gavil\u00e1n, el azor africano, el \u00e1guila pescadora africana, los p\u00e1jaros del sol y los chorlitos.[\/info_list_son][info_list_son style=\u00bbicon\u00bb size=\u00bb20&#8243; width=\u00bb25&#8243; height=\u00bb25&#8243; titleclr=\u00bb#800000&#8243; icon=\u00bbfas fa-paw\u00bb title=\u00bbActividades\u00bb]\n<ul>\n<li>Unidades de juego.<\/li>\n<li>Avistamiento.<\/li>\n<li>Paseos por el terreno.<\/li>\n<\/ul>\n[\/info_list_son][\/info_list_father][\/vc_tta_section][vc_tta_section title=\u00bbC\u00f3mo llegar\u00bb tab_id=\u00bb1633455601016-f93699bc-5d92&#8243;][vc_gmaps link=\u00bb#E-8_JTNDaWZyYW1lJTIwc3JjJTNEJTIyaHR0cHMlM0ElMkYlMkZtYXBzLmdvb2dsZS5jb20lMkZtYXBzJTNGcSUzREFiZXJkYXJlJTI1MjBuYXRpb25hbCUyNTIwcGFyayUyNmFtcCUzQnQlM0QlMjZhbXAlM0J6JTNEMTElMjZhbXAlM0JpZSUzRFVURjglMjZhbXAlM0Jpd2xvYyUzRCUyNmFtcCUzQm91dHB1dCUzRGVtYmVkJTIyJTIwc2Nyb2xsaW5nJTNEJTIybm8lMjIlMjB3aWR0aCUzRCUyMjYwMCUyMiUyMGhlaWdodCUzRCUyMjQ1MCUyMiUyMGZyYW1lYm9yZGVyJTNEJTIyMCUyMiUyMHN0eWxlJTNEJTIyYm9yZGVyJTNBMCUyMiUyMGFsbG93ZnVsbHNjcmVlbiUzRCUyMiUyMiUzRSUzQyUyRmlmcmFtZSUzRQ==\u00bb][\/vc_tta_section][vc_tta_section title=\u00bbAlojamiento\u00bb tab_id=\u00bb1741851885056-63b8e07c-6181&#8243;][vc_row_inner el_class=\u00bbcard\u00bb css=\u00bb.vc_custom_1741853631700{border: 20px initial  !important;}\u00bb][vc_column_inner width=\u00bb1\/2&#8243;][vc_images_carousel images=\u00bb3119&#8243; onclick=\u00bblink_no\u00bb autoplay=\u00bbyes\u00bb css=\u00bb.vc_custom_1741855467912{background-position: center !important;background-repeat: no-repeat !important;background-size: contain !important;}\u00bb][\/vc_column_inner][vc_column_inner width=\u00bb1\/2&#8243;][vc_headings style=\u00bbtheme3&#8243; linewidth=\u00bb100&#8243; borderclr=\u00bb#890000&#8243; title=\u00bbThe Ark Lodge\u00bb align=\u00bbleft\u00bb google_fonts=\u00bbfont_family:Roboto%3A100%2C100italic%2C300%2C300italic%2Cregular%2Citalic%2C500%2C500italic%2C700%2C700italic%2C900%2C900italic\u00bb titleclr=\u00bb#000000&#8243;][\/vc_headings][vc_column_text]Ubicado en el coraz\u00f3n del Parque Nacional de Aberdare, ic\u00f3nico y s\u00ed, extravagante. <a href=\"https:\/\/marasa.net\/the-ark\/\" rel=\"nofollow noopener\" target=\"_blank\">El Arca<\/a> tiene vistas a un pozo de agua iluminado y un lamedero de sal, que atrae a una gran cantidad de vida silvestre impresionante. Parecido y nombrado despu\u00e9s del Arca de No\u00e9, el Arca se compone de tres cubiertas desde las cuales numerosos balcones y salones brindan una excelente ubicaci\u00f3n para ver la vida silvestre. Para que no te pierdas ning\u00fan avistamiento de animales, el guardia nocturno har\u00e1 sonar tu habitaci\u00f3n cuando los animales especiales lleguen al pozo de agua. El Arca tiene cuatro \u00e1reas de observaci\u00f3n para observar la actividad animal siempre presente.[\/vc_column_text][\/vc_column_inner][\/vc_row_inner][vc_row_inner el_class=\u00bbcard\u00bb css=\u00bb.vc_custom_1741853631700{border: 20px initial  !important;}\u00bb][vc_column_inner width=\u00bb1\/2&#8243;][vc_images_carousel images=\u00bb29345&#8243; onclick=\u00bblink_no\u00bb autoplay=\u00bbyes\u00bb css=\u00bb.vc_custom_1741855983963{background-position: center !important;background-repeat: no-repeat !important;background-size: contain !important;}\u00bb][\/vc_column_inner][vc_column_inner width=\u00bb1\/2&#8243;][vc_headings style=\u00bbtheme3&#8243; linewidth=\u00bb100&#8243; borderclr=\u00bb#890000&#8243; title=\u00bbAberdare Country Club\u00bb align=\u00bbleft\u00bb google_fonts=\u00bbfont_family:Roboto%3A100%2C100italic%2C300%2C300italic%2Cregular%2Citalic%2C500%2C500italic%2C700%2C700italic%2C900%2C900italic\u00bb titleclr=\u00bb#000000&#8243;][\/vc_headings][vc_column_text el_class=\u00bbcard\u00bb]El <a href=\"https:\/\/marasa.net\/aberdare-country-club\/\" rel=\"nofollow noopener\" target=\"_blank\">Aberdare Country Club<\/a>, a solo dos horas y media en coche al noreste de Nairobi, est\u00e1 ubicado en una ladera de la colina Mweiga en las Tierras Altas de Aberdare, parte del Gran Valle del Rift. Este cautivador sitio fue la granja de una pareja inglesa que decidi\u00f3 establecerse en Kenia. Casi medio siglo despu\u00e9s, su hogar, \u00abThe Steep\u00bb, pas\u00f3 a llamarse Aberdare Country Club y abri\u00f3 sus puertas para los hu\u00e9spedes. Considerado una propiedad patrimonial en Kenia, The Aberdare Country Club ha conservado el encanto de una casa privada con las comodidades sencillas de una posada rural.[\/vc_column_text][\/vc_column_inner][\/vc_row_inner][vc_row_inner el_class=\u00bbcard\u00bb css=\u00bb.vc_custom_1741853631700{border: 20px initial  !important;}\u00bb][vc_column_inner width=\u00bb1\/2&#8243;][vc_images_carousel images=\u00bb29351&#8243; onclick=\u00bblink_no\u00bb autoplay=\u00bbyes\u00bb css=\u00bb.vc_custom_1741856576745{background-position: center !important;background-repeat: no-repeat !important;background-size: contain !important;}\u00bb][\/vc_column_inner][vc_column_inner width=\u00bb1\/2&#8243;][vc_headings style=\u00bbtheme3&#8243; linewidth=\u00bb100&#8243; borderclr=\u00bb#890000&#8243; title=\u00bbTreetops Lodge\u00bb align=\u00bbleft\u00bb google_fonts=\u00bbfont_family:Roboto%3A100%2C100italic%2C300%2C300italic%2Cregular%2Citalic%2C500%2C500italic%2C700%2C700italic%2C900%2C900italic\u00bb titleclr=\u00bb#000000&#8243;][\/vc_headings][vc_column_text el_class=\u00bbcard\u00bb]Descubre un destino que ofrece una mezcla perfecta de aventura, relajaci\u00f3n y cultura. Ya sea que sea un adicto a la adrenalina o alguien que busque una escapada tranquila, este lugar tiene algo para todos. Explora paisajes impresionantes, sum\u00e9rgete en la cultura local y del\u00e9itate con la cocina de clase mundial.[\/vc_column_text][\/vc_column_inner][\/vc_row_inner][vc_row_inner el_class=\u00bbcard\u00bb css=\u00bb.vc_custom_1741853631700{border: 20px initial  !important;}\u00bb][vc_column_inner width=\u00bb1\/2&#8243;][vc_images_carousel images=\u00bb35052&#8243; onclick=\u00bblink_no\u00bb autoplay=\u00bbyes\u00bb css=\u00bb.vc_custom_1744796542252{background-position: center !important;background-repeat: no-repeat !important;background-size: contain !important;}\u00bb][\/vc_column_inner][vc_column_inner width=\u00bb1\/2&#8243;][vc_headings style=\u00bbtheme3&#8243; linewidth=\u00bb100&#8243; borderclr=\u00bb#890000&#8243; title=\u00bbRhino Watch Safari Lodge\u00bb align=\u00bbleft\u00bb google_fonts=\u00bbfont_family:Roboto%3A100%2C100italic%2C300%2C300italic%2Cregular%2Citalic%2C500%2C500italic%2C700%2C700italic%2C900%2C900italic\u00bb titleclr=\u00bb#000000&#8243;][\/vc_headings][vc_column_text el_class=\u00bbcard\u00bb]<a href=\"https:\/\/rhinowatchlodge.com\/\" rel=\"nofollow noopener\" target=\"_blank\">El Rhino Watch Safari Lodge<\/a> est\u00e1 situado en las <strong>tierras altas del centro de Kenia<\/strong> , en la regi\u00f3n de Mweiga, en Kenia. Cuenta con una <strong>hermosa vista del Monte Kenia<\/strong> y est\u00e1 estrat\u00e9gicamente ubicado entre las monta\u00f1as Aberdare y el Monte Kenia, lo que lo convierte en una base ideal para explorar varias reservas de vida silvestre cercanas.[\/vc_column_text][\/vc_column_inner][\/vc_row_inner][vc_row_inner el_class=\u00bbcard\u00bb css=\u00bb.vc_custom_1741853631700{border: 20px initial  !important;}\u00bb][vc_column_inner width=\u00bb1\/2&#8243;][vc_images_carousel images=\u00bb35070&#8243; onclick=\u00bblink_no\u00bb autoplay=\u00bbyes\u00bb css=\u00bb.vc_custom_1744797239396{background-position: center !important;background-repeat: no-repeat !important;background-size: contain !important;}\u00bb][\/vc_column_inner][vc_column_inner width=\u00bb1\/2&#8243;][vc_headings style=\u00bbtheme3&#8243; linewidth=\u00bb100&#8243; borderclr=\u00bb#890000&#8243; title=\u00bbOutspan Hotel\u00bb align=\u00bbleft\u00bb google_fonts=\u00bbfont_family:Roboto%3A100%2C100italic%2C300%2C300italic%2Cregular%2Citalic%2C500%2C500italic%2C700%2C700italic%2C900%2C900italic\u00bb titleclr=\u00bb#000000&#8243;][\/vc_headings][vc_column_text el_class=\u00bbcard\u00bb]Ubicado en las tierras altas de Kenia, Outspan ofrece una experiencia hol\u00edstica de negocios, ocio y aventura. Un confortable hotel ubicado en jardines tropicales bien cuidados con c\u00e9sped ondulado y vistas impresionantes del Monte Kenia.[\/vc_column_text][\/vc_column_inner][\/vc_row_inner][\/vc_tta_section][\/vc_tta_tabs][\/vc_column][\/vc_row]\n","protected":false},"excerpt":{"rendered":"<p>[vc_row full_width=\u00bbstretch_row\u00bb][vc_column css=\u00bb.vc_custom_1675671142396{border-top-width: 10px !important;border-right-width: 10px !important;border-bottom-width: 10px !important;border-left-width: 10px !important;}\u00bb][ucaddon_classic_banner title=\u00bb\u00bb link_text=\u00bbAberdare National Park, Kenya\u00bb image=\u00bb8699&#8243; link=\u00bb\u00bb uc_fonts_data=\u00bbJTdCJTdE\u00bb][\/ucaddon_classic_banner][\/vc_column][\/vc_row][vc_row][vc_column css=\u00bb.vc_custom_1675672165143{border-top-width: 10px !important;border-right-width: 10px !important;border-bottom-width: 10px !important;border-left-width: 10px !important;}\u00bb][vc_tta_tabs shape=\u00bbsquare\u00bb color=\u00bbjuicy-pink\u00bb alignment=\u00bbcenter\u00bb active_section=\u00bb1&#8243; no_fill_content_area=\u00bbtrue\u00bb][vc_tta_section title=\u00bbAcerca de\u00bb tab_id=\u00bb1636302233132-39a30584-a642&#8243;][info_list_father listclr=\u00bb#f8f8f8&#8243;][info_list_son style=\u00bbicon\u00bb size=\u00bb20&#8243; width=\u00bb25&#8243; height=\u00bb25&#8243; titleclr=\u00bb#800000&#8243; icon=\u00bbfas fa-question-circle\u00bb title=\u00bbParque Nacional de Aberdare\u00bb]Situada en el centro de Kenia, a unos [&hellip;]<\/p>\n","protected":false},"author":4,"featured_media":0,"parent":28078,"menu_order":1,"comment_status":"closed","ping_status":"closed","template":"","meta":{"_themeisle_gutenberg_block_has_review":false,"footnotes":""},"class_list":["post-33211","page","type-page","status-publish","hentry"],"_links":{"self":[{"href":"https:\/\/mufasatoursandtravels.com\/es\/wp-json\/wp\/v2\/pages\/33211","targetHints":{"allow":["GET"]}}],"collection":[{"href":"https:\/\/mufasatoursandtravels.com\/es\/wp-json\/wp\/v2\/pages"}],"about":[{"href":"https:\/\/mufasatoursandtravels.com\/es\/wp-json\/wp\/v2\/types\/page"}],"author":[{"embeddable":true,"href":"https:\/\/mufasatoursandtravels.com\/es\/wp-json\/wp\/v2\/users\/4"}],"replies":[{"embeddable":true,"href":"https:\/\/mufasatoursandtravels.com\/es\/wp-json\/wp\/v2\/comments?post=33211"}],"version-history":[{"count":6,"href":"https:\/\/mufasatoursandtravels.com\/es\/wp-json\/wp\/v2\/pages\/33211\/revisions"}],"predecessor-version":[{"id":35085,"href":"https:\/\/mufasatoursandtravels.com\/es\/wp-json\/wp\/v2\/pages\/33211\/revisions\/35085"}],"up":[{"embeddable":true,"href":"https:\/\/mufasatoursandtravels.com\/es\/wp-json\/wp\/v2\/pages\/28078"}],"wp:attachment":[{"href":"https:\/\/mufasatoursandtravels.com\/es\/wp-json\/wp\/v2\/media?parent=33211"}],"curies":[{"name":"wp","href":"https:\/\/api.w.org\/{rel}","templated":true}]}}