{"id":33231,"date":"2022-03-25T07:17:27","date_gmt":"2022-03-25T04:17:27","guid":{"rendered":"https:\/\/mufasatoursandtravels.com\/destinos\/santuario-de-taita-hills\/"},"modified":"2025-04-10T16:41:22","modified_gmt":"2025-04-10T13:41:22","slug":"santuario-de-taita-hills","status":"publish","type":"page","link":"https:\/\/mufasatoursandtravels.com\/es\/destinos\/santuario-de-taita-hills\/","title":{"rendered":"Santuario de Taita Hills"},"content":{"rendered":"[vc_row full_width=\u00bbstretch_row\u00bb][vc_column css=\u00bb.vc_custom_1679042447916{border-bottom-width: 10px !important;}\u00bb][ucaddon_classic_banner title=\u00bb\u00bb link_text=\u00bbTaita Hills Sanctuary, Kenya\u00bb image=\u00bb7064&#8243; link=\u00bb\u00bb uc_init_settings=\u00bb\u00bb uc_fonts_data=\u00bbJTdCJTdE\u00bb][\/ucaddon_classic_banner][\/vc_column][\/vc_row][vc_row][vc_column css=\u00bb.vc_custom_1679042436570{border-top-width: 10px !important;}\u00bb][vc_tta_tabs shape=\u00bbsquare\u00bb color=\u00bbjuicy-pink\u00bb alignment=\u00bbcenter\u00bb active_section=\u00bb1&#8243; no_fill_content_area=\u00bbtrue\u00bb][vc_tta_section title=\u00bbAcerca de\u00bb tab_id=\u00bb1636302233132-39a30584-a642&#8243;][info_list_father][info_list_son style=\u00bbicon\u00bb size=\u00bb20&#8243; width=\u00bb25&#8243; height=\u00bb25&#8243; titleclr=\u00bb#800000&#8243; icon=\u00bbfas fa-question-circle\u00bb title=\u00bbSantuario de las colinas del Taita\u00bb]\n<div class=\"wpb_text_column wpb_content_element \">\n<div class=\"wpb_wrapper\">\n<p>La Conservaci\u00f3n de Vida Silvestre de Taita Hills deriva su nombre de los grupos de colinas circundantes y es una parte integral de los bosques del Arco Oriental clasificados como un punto caliente de biodiversidad. La conservaci\u00f3n cubre un \u00e1rea de 28,000 acres de h\u00e1bitat en mosaico donde la fisonom\u00eda de las plantas es bosque ribere\u00f1o, bosque de sabana y pastizales. La formaci\u00f3n de vegetaci\u00f3n suele ser densa, estratificada y siempre dominada por \u00e1rboles de Acacia \/ Commiphora y puede parecer perenne en \u00e1reas h\u00famedas como en las tierras bajas centrales del santuario.  <\/p>\n<p>El santuario se extiende a ambos lados del Parque Nacional Tsavo West del Sur y es una importante \u00e1rea de dispersi\u00f3n y corredor migratorio para la vida silvestre entre el Parque Nacional Tsavo East y el Parque Nacional Tsavo West, lo que lo convierte en un \u00e1rea tur\u00edstica recreativa y de importancia ecol\u00f3gica muy valorada. La topograf\u00eda es generalmente monta\u00f1osa y ofrece impresionantes vistas del paisaje de las monta\u00f1as Kilimanjaro, Pare, Uluguru y los grupos de colinas Taita con un r\u00edo estacional que divide el santuario en valles y llanuras de tierras bajas. <\/p><\/div>\n<\/div>\n[\/info_list_son][info_list_son style=\u00bbicon\u00bb size=\u00bb20&#8243; width=\u00bb25&#8243; height=\u00bb25&#8243; titleclr=\u00bb#800000&#8243; icon=\u00bbfas fa-binoculars\u00bb title=\u00bbVida silvestre\u00bb]Alberga b\u00fafalo del cabo, elefante africano, leopardo, le\u00f3n, guepardo, jirafa masai, cebra, hartebeest, impala, ant\u00edlope acu\u00e1tico, gacela de Thomson, kud\u00fa menor, dik-dik, hiena y otros animales m\u00e1s peque\u00f1os, incluida una diversidad de aves.[\/info_list_son][info_list_son style=\u00bbicon\u00bb size=\u00bb20&#8243; width=\u00bb25&#8243; height=\u00bb25&#8243; titleclr=\u00bb#800000&#8243; icon=\u00bbfas fa-paw\u00bb title=\u00bbActividades\u00bb]\n<ul>\n<li>Paseos y carreras por la naturaleza.<\/li>\n<li>Unidades de juego.<\/li>\n<li>Avistamiento.<\/li>\n<li>Museo de la 1\u00aa Guerra Mundial de las colinas de Taita.<\/li>\n<\/ul>\n[\/info_list_son][\/info_list_father][\/vc_tta_section][vc_tta_section title=\u00bbC\u00f3mo llegar\u00bb tab_id=\u00bb1633455601016-f93699bc-5d92&#8243;][vc_gmaps link=\u00bb#E-8_JTNDaWZyYW1lJTIwc3JjJTNEJTIyaHR0cHMlM0ElMkYlMkZtYXBzLmdvb2dsZS5jb20lMkZtYXBzJTNGcSUzRFRhaXRhJTI1MjBoaWxscyUyNTIwd2lsZGxpZmUlMjUyMHNhbmN0dWFyeSUyNmFtcCUzQnQlM0RrJTI2YW1wJTNCeiUzRDEzJTI2YW1wJTNCaWUlM0RVVEY4JTI2YW1wJTNCaXdsb2MlM0QlMjZhbXAlM0JvdXRwdXQlM0RlbWJlZCUyMiUyMHdpZHRoJTNEJTIyNjAwJTIyJTIwaGVpZ2h0JTNEJTIyNDUwJTIyJTIwZnJhbWVib3JkZXIlM0QlMjIwJTIyJTIwc3R5bGUlM0QlMjJib3JkZXIlM0EwJTIyJTIwYWxsb3dmdWxsc2NyZWVuJTNEJTIyJTIyJTNFJTNDJTJGaWZyYW1lJTNF\u00bb][\/vc_tta_section][\/vc_tta_tabs][\/vc_column][\/vc_row]\n","protected":false},"excerpt":{"rendered":"<p>[vc_row full_width=\u00bbstretch_row\u00bb][vc_column css=\u00bb.vc_custom_1679042447916{border-bottom-width: 10px !important;}\u00bb][ucaddon_classic_banner title=\u00bb\u00bb link_text=\u00bbTaita Hills Sanctuary, Kenya\u00bb image=\u00bb7064&#8243; link=\u00bb\u00bb uc_init_settings=\u00bb\u00bb uc_fonts_data=\u00bbJTdCJTdE\u00bb][\/ucaddon_classic_banner][\/vc_column][\/vc_row][vc_row][vc_column css=\u00bb.vc_custom_1679042436570{border-top-width: 10px !important;}\u00bb][vc_tta_tabs shape=\u00bbsquare\u00bb color=\u00bbjuicy-pink\u00bb alignment=\u00bbcenter\u00bb active_section=\u00bb1&#8243; no_fill_content_area=\u00bbtrue\u00bb][vc_tta_section title=\u00bbAcerca de\u00bb tab_id=\u00bb1636302233132-39a30584-a642&#8243;][info_list_father][info_list_son style=\u00bbicon\u00bb size=\u00bb20&#8243; width=\u00bb25&#8243; height=\u00bb25&#8243; titleclr=\u00bb#800000&#8243; icon=\u00bbfas fa-question-circle\u00bb title=\u00bbSantuario de las colinas del Taita\u00bb] La Conservaci\u00f3n de Vida Silvestre de Taita Hills deriva su nombre de los grupos de colinas circundantes [&hellip;]<\/p>\n","protected":false},"author":4,"featured_media":0,"parent":28078,"menu_order":13,"comment_status":"closed","ping_status":"closed","template":"","meta":{"_themeisle_gutenberg_block_has_review":false,"footnotes":""},"class_list":["post-33231","page","type-page","status-publish","hentry"],"_links":{"self":[{"href":"https:\/\/mufasatoursandtravels.com\/es\/wp-json\/wp\/v2\/pages\/33231","targetHints":{"allow":["GET"]}}],"collection":[{"href":"https:\/\/mufasatoursandtravels.com\/es\/wp-json\/wp\/v2\/pages"}],"about":[{"href":"https:\/\/mufasatoursandtravels.com\/es\/wp-json\/wp\/v2\/types\/page"}],"author":[{"embeddable":true,"href":"https:\/\/mufasatoursandtravels.com\/es\/wp-json\/wp\/v2\/users\/4"}],"replies":[{"embeddable":true,"href":"https:\/\/mufasatoursandtravels.com\/es\/wp-json\/wp\/v2\/comments?post=33231"}],"version-history":[{"count":8,"href":"https:\/\/mufasatoursandtravels.com\/es\/wp-json\/wp\/v2\/pages\/33231\/revisions"}],"predecessor-version":[{"id":33262,"href":"https:\/\/mufasatoursandtravels.com\/es\/wp-json\/wp\/v2\/pages\/33231\/revisions\/33262"}],"up":[{"embeddable":true,"href":"https:\/\/mufasatoursandtravels.com\/es\/wp-json\/wp\/v2\/pages\/28078"}],"wp:attachment":[{"href":"https:\/\/mufasatoursandtravels.com\/es\/wp-json\/wp\/v2\/media?parent=33231"}],"curies":[{"name":"wp","href":"https:\/\/api.w.org\/{rel}","templated":true}]}}