{"id":33232,"date":"2022-03-25T07:17:27","date_gmt":"2022-03-25T04:17:27","guid":{"rendered":"https:\/\/mufasatoursandtravels.com\/destinos\/conservacion-de-naboisho\/"},"modified":"2025-04-10T16:41:24","modified_gmt":"2025-04-10T13:41:24","slug":"conservacion-de-naboisho","status":"publish","type":"page","link":"https:\/\/mufasatoursandtravels.com\/es\/destinos\/conservacion-de-naboisho\/","title":{"rendered":"Conservaci\u00f3n de Naboisho"},"content":{"rendered":"[vc_row full_width=\u00bbstretch_row\u00bb][vc_column css=\u00bb.vc_custom_1679042267920{border-bottom-width: 10px !important;}\u00bb][ucaddon_classic_banner title=\u00bb\u00bb link_text=\u00bbNaboisho Conservancy, Kenya\u00bb image=\u00bb8267&#8243; link=\u00bb\u00bb uc_init_settings=\u00bb\u00bb uc_fonts_data=\u00bbJTdCJTdE\u00bb][\/ucaddon_classic_banner][\/vc_column][\/vc_row][vc_row][vc_column css=\u00bb.vc_custom_1679042277932{border-top-width: 10px !important;}\u00bb][vc_tta_tabs shape=\u00bbsquare\u00bb color=\u00bbjuicy-pink\u00bb alignment=\u00bbcenter\u00bb active_section=\u00bb1&#8243; no_fill_content_area=\u00bbtrue\u00bb][vc_tta_section title=\u00bbAcerca de\u00bb tab_id=\u00bb1636302233132-39a30584-a642&#8243;][info_list_father][info_list_son style=\u00bbicon\u00bb size=\u00bb20&#8243; width=\u00bb25&#8243; height=\u00bb25&#8243; titleclr=\u00bb#800000&#8243; icon=\u00bbfas fa-question-circle\u00bb title=\u00bbConservaci\u00f3n de Naibosho\u00bb]La conservaci\u00f3n tiene a los grandes felinos en grandes cantidades. De hecho, con aproximadamente 100 leones viviendo en las cercan\u00edas, tiene una de las densidades de leones m\u00e1s altas del mundo. La manada m\u00e1s grande de la regi\u00f3n de Greater Mara, compuesta por 20 leones, ha hecho de la conservaci\u00f3n su hogar. Por supuesto, una poblaci\u00f3n de leones tan saludable no ser\u00eda posible sin una cadena alimenticia de vida silvestre igualmente saludable por debajo.   [\/info_list_son][info_list_son style=\u00bbicon\u00bb size=\u00bb20&#8243; width=\u00bb25&#8243; height=\u00bb25&#8243; titleclr=\u00bb#800000&#8243; icon=\u00bbfas fa-binoculars\u00bb title=\u00bbVida silvestre\u00bb]La reserva cuenta con impresionantes manadas de elefantes, jirafas, \u00f1us y cebras. Tambi\u00e9n es el hogar del raro perro salvaje de Kenia. Adem\u00e1s de la abundancia de animales residentes, la Reserva Mara Naboisho tambi\u00e9n sirve como corredor de migraci\u00f3n para varios cientos de miles de animales entre la Reserva Nacional Masai Mara y las llanuras de Loita al este. La existencia de la Reserva Mara Naboisho garantiza que los ciclos y patrones migratorios no se vean perturbados ni obligados a cambiar.   [\/info_list_son][info_list_son style=\u00bbicon\u00bb size=\u00bb20&#8243; width=\u00bb25&#8243; height=\u00bb25&#8243; titleclr=\u00bb#800000&#8243; icon=\u00bbfas fa-question-circle\u00bb title=\u00bbActividades\u00bb]\n<ul>\n<li>Unidades de juego.<\/li>\n<li>Visitas culturales.<\/li>\n<li>Safaris a pie.<\/li>\n<\/ul>\n[\/info_list_son][\/info_list_father][\/vc_tta_section][vc_tta_section title=\u00bbC\u00f3mo llegar\u00bb tab_id=\u00bb1633455601016-f93699bc-5d92&#8243;][vc_gmaps link=\u00bb#E-8_JTNDaWZyYW1lJTIwc3JjJTNEJTIyaHR0cHMlM0ElMkYlMkZtYXBzLmdvb2dsZS5jb20lMkZtYXBzJTNGcSUzRG5haWJvc2hvJTI1MjBjb25zZXJ2YW5jeSUyNmFtcCUzQnQlM0RrJTI2YW1wJTNCeiUzRDExJTI2YW1wJTNCaWUlM0RVVEY4JTI2YW1wJTNCaXdsb2MlM0QlMjZhbXAlM0JvdXRwdXQlM0RlbWJlZCUyMiUyMHdpZHRoJTNEJTIyNjAwJTIyJTIwaGVpZ2h0JTNEJTIyNDUwJTIyJTIwZnJhbWVib3JkZXIlM0QlMjIwJTIyJTIwc3R5bGUlM0QlMjJib3JkZXIlM0EwJTIyJTIwYWxsb3dmdWxsc2NyZWVuJTNEJTIyJTIyJTNFJTNDJTJGaWZyYW1lJTNF\u00bb][\/vc_tta_section][\/vc_tta_tabs][\/vc_column][\/vc_row]\n","protected":false},"excerpt":{"rendered":"<p>[vc_row full_width=\u00bbstretch_row\u00bb][vc_column css=\u00bb.vc_custom_1679042267920{border-bottom-width: 10px !important;}\u00bb][ucaddon_classic_banner title=\u00bb\u00bb link_text=\u00bbNaboisho Conservancy, Kenya\u00bb image=\u00bb8267&#8243; link=\u00bb\u00bb uc_init_settings=\u00bb\u00bb uc_fonts_data=\u00bbJTdCJTdE\u00bb][\/ucaddon_classic_banner][\/vc_column][\/vc_row][vc_row][vc_column css=\u00bb.vc_custom_1679042277932{border-top-width: 10px !important;}\u00bb][vc_tta_tabs shape=\u00bbsquare\u00bb color=\u00bbjuicy-pink\u00bb alignment=\u00bbcenter\u00bb active_section=\u00bb1&#8243; no_fill_content_area=\u00bbtrue\u00bb][vc_tta_section title=\u00bbAcerca de\u00bb tab_id=\u00bb1636302233132-39a30584-a642&#8243;][info_list_father][info_list_son style=\u00bbicon\u00bb size=\u00bb20&#8243; width=\u00bb25&#8243; height=\u00bb25&#8243; titleclr=\u00bb#800000&#8243; icon=\u00bbfas fa-question-circle\u00bb title=\u00bbConservaci\u00f3n de Naibosho\u00bb]La conservaci\u00f3n tiene a los grandes felinos en grandes cantidades. De hecho, con aproximadamente 100 leones viviendo en las cercan\u00edas, tiene una [&hellip;]<\/p>\n","protected":false},"author":4,"featured_media":0,"parent":28078,"menu_order":12,"comment_status":"closed","ping_status":"closed","template":"","meta":{"_themeisle_gutenberg_block_has_review":false,"footnotes":""},"class_list":["post-33232","page","type-page","status-publish","hentry"],"_links":{"self":[{"href":"https:\/\/mufasatoursandtravels.com\/es\/wp-json\/wp\/v2\/pages\/33232","targetHints":{"allow":["GET"]}}],"collection":[{"href":"https:\/\/mufasatoursandtravels.com\/es\/wp-json\/wp\/v2\/pages"}],"about":[{"href":"https:\/\/mufasatoursandtravels.com\/es\/wp-json\/wp\/v2\/types\/page"}],"author":[{"embeddable":true,"href":"https:\/\/mufasatoursandtravels.com\/es\/wp-json\/wp\/v2\/users\/4"}],"replies":[{"embeddable":true,"href":"https:\/\/mufasatoursandtravels.com\/es\/wp-json\/wp\/v2\/comments?post=33232"}],"version-history":[{"count":1,"href":"https:\/\/mufasatoursandtravels.com\/es\/wp-json\/wp\/v2\/pages\/33232\/revisions"}],"predecessor-version":[{"id":33236,"href":"https:\/\/mufasatoursandtravels.com\/es\/wp-json\/wp\/v2\/pages\/33232\/revisions\/33236"}],"up":[{"embeddable":true,"href":"https:\/\/mufasatoursandtravels.com\/es\/wp-json\/wp\/v2\/pages\/28078"}],"wp:attachment":[{"href":"https:\/\/mufasatoursandtravels.com\/es\/wp-json\/wp\/v2\/media?parent=33232"}],"curies":[{"name":"wp","href":"https:\/\/api.w.org\/{rel}","templated":true}]}}