{"id":33271,"date":"2022-03-25T07:16:40","date_gmt":"2022-03-25T04:16:40","guid":{"rendered":"https:\/\/mufasatoursandtravels.com\/destinos\/conservacion-de-loisaba\/"},"modified":"2025-04-10T16:41:48","modified_gmt":"2025-04-10T13:41:48","slug":"conservacion-de-loisaba","status":"publish","type":"page","link":"https:\/\/mufasatoursandtravels.com\/es\/destinos\/conservacion-de-loisaba\/","title":{"rendered":"Conservaci\u00f3n de Loisaba"},"content":{"rendered":"[vc_row full_width=\u00bbstretch_row\u00bb][vc_column css=\u00bb.vc_custom_1679040823034{border-bottom-width: 10px !important;}\u00bb][ucaddon_classic_banner title=\u00bb\u00bb link_text=\u00bbLoisaba Conservancy, Kenya\u00bb image=\u00bb9755&#8243; link=\u00bb\u00bb uc_init_settings=\u00bb\u00bb uc_fonts_data=\u00bbJTdCJTdE\u00bb][\/ucaddon_classic_banner][\/vc_column][\/vc_row][vc_row][vc_column css=\u00bb.vc_custom_1679040833861{border-top-width: 10px !important;}\u00bb][vc_tta_tabs shape=\u00bbsquare\u00bb color=\u00bbjuicy-pink\u00bb alignment=\u00bbcenter\u00bb active_section=\u00bb1&#8243; no_fill_content_area=\u00bbtrue\u00bb][vc_tta_section title=\u00bbAcerca de\u00bb tab_id=\u00bb1636302233132-39a30584-a642&#8243;][info_list_father][info_list_son style=\u00bbicon\u00bb size=\u00bb20&#8243; width=\u00bb25&#8243; height=\u00bb25&#8243; titleclr=\u00bb#800000&#8243; icon=\u00bbfas fa-question-circle\u00bb title=\u00bbConservaci\u00f3n de Loisaba\u00bb]\n<div class=\"template-page content av-content-full alpha units\">\n<div class=\"post-entry post-entry-type-page post-entry-13\">\n<div class=\"entry-content-wrapper clearfix\">\n<div class=\"flex_column_table av-3qw9d-5e67e7d59b8de21b83445ae60890e95c sc-av_one_half av-equal-height-column-flextable\">\n<div class=\"flex_column av-3qw9d-5e67e7d59b8de21b83445ae60890e95c av_one_half avia-builder-el-2 el_before_av_one_half avia-builder-el-first first flex_column_table_cell av-equal-height-column av-align-middle av-zero-column-padding \">\n<section class=\"av_textblock_section av-hzt2p-9d2d4cd957037d80691bc240b1ee573f\">\n<div class=\"avia_textblock av_inherit_color\">\n<p>Loisaba es una conservaci\u00f3n de vida silvestre de 57,000 acres ubicada en Laikipia, en el norte de Kenia. Con abundante vida silvestre, exquisito alojamiento y actividades de aventura, Loisaba revivir\u00e1 su mente, rejuvenecer\u00e1 su cuerpo y revitalizar\u00e1 su alma. <\/p><\/div>\n<\/section>\n<\/div>\n<\/div>\n<\/div>\n<\/div>\n<\/div>\n[\/info_list_son][info_list_son style=\u00bbicon\u00bb size=\u00bb20&#8243; width=\u00bb25&#8243; height=\u00bb25&#8243; titleclr=\u00bb#800000&#8243; icon=\u00bbfas fa-binoculars\u00bb title=\u00bbVida silvestre\u00bb]Loisaba Conservancy proporciona un refugio seguro para m\u00e1s de 260 especies de aves y 50 especies de mam\u00edferos, incluidos leones, perros salvajes, jirafas reticuladas y la cebra de Grevy, en peligro de extinci\u00f3n. Tambi\u00e9n se encuentra dentro de un importante corredor de movimiento para la segunda poblaci\u00f3n de elefantes m\u00e1s grande del pa\u00eds. [\/info_list_son][info_list_son style=\u00bbicon\u00bb size=\u00bb20&#8243; width=\u00bb25&#8243; height=\u00bb25&#8243; titleclr=\u00bb#800000&#8243; icon=\u00bbfas fa-paw\u00bb title=\u00bbActividades\u00bb]\n<ul>\n<li>Unidades de juego.<\/li>\n<li>Paseos por el monte.<\/li>\n<li>Equitaci\u00f3n.<\/li>\n<li>Paseos en camello.<\/li>\n<li>Paseos a caballo.<\/li>\n<li>Pesca.<\/li>\n<li>Visitas culturales.<\/li>\n<\/ul>\n[\/info_list_son][\/info_list_father][\/vc_tta_section][vc_tta_section title=\u00bbC\u00f3mo llegar\u00bb tab_id=\u00bb1633455601016-f93699bc-5d92&#8243;][vc_gmaps link=\u00bb#E-8_JTNDaWZyYW1lJTIwc3JjJTNEJTIyaHR0cHMlM0ElMkYlMkZtYXBzLmdvb2dsZS5jb20lMkZtYXBzJTNGcSUzRGxvaXNhYmElMjUyMGNvbnNlcnZhbmN5JTI2YW1wJTNCdCUzRGslMjZhbXAlM0J6JTNEMTElMjZhbXAlM0JpZSUzRFVURjglMjZhbXAlM0Jpd2xvYyUzRCUyNmFtcCUzQm91dHB1dCUzRGVtYmVkJTIyJTIwd2lkdGglM0QlMjI2MDAlMjIlMjBoZWlnaHQlM0QlMjI0NTAlMjIlMjBmcmFtZWJvcmRlciUzRCUyMjAlMjIlMjBzdHlsZSUzRCUyMmJvcmRlciUzQTAlMjIlMjBhbGxvd2Z1bGxzY3JlZW4lM0QlMjIlMjIlM0UlM0MlMkZpZnJhbWUlM0U=\u00bb][\/vc_tta_section][\/vc_tta_tabs][\/vc_column][\/vc_row]\n","protected":false},"excerpt":{"rendered":"<p>[vc_row full_width=\u00bbstretch_row\u00bb][vc_column css=\u00bb.vc_custom_1679040823034{border-bottom-width: 10px !important;}\u00bb][ucaddon_classic_banner title=\u00bb\u00bb link_text=\u00bbLoisaba Conservancy, Kenya\u00bb image=\u00bb9755&#8243; link=\u00bb\u00bb uc_init_settings=\u00bb\u00bb uc_fonts_data=\u00bbJTdCJTdE\u00bb][\/ucaddon_classic_banner][\/vc_column][\/vc_row][vc_row][vc_column css=\u00bb.vc_custom_1679040833861{border-top-width: 10px !important;}\u00bb][vc_tta_tabs shape=\u00bbsquare\u00bb color=\u00bbjuicy-pink\u00bb alignment=\u00bbcenter\u00bb active_section=\u00bb1&#8243; no_fill_content_area=\u00bbtrue\u00bb][vc_tta_section title=\u00bbAcerca de\u00bb tab_id=\u00bb1636302233132-39a30584-a642&#8243;][info_list_father][info_list_son style=\u00bbicon\u00bb size=\u00bb20&#8243; width=\u00bb25&#8243; height=\u00bb25&#8243; titleclr=\u00bb#800000&#8243; icon=\u00bbfas fa-question-circle\u00bb title=\u00bbConservaci\u00f3n de Loisaba\u00bb] Loisaba es una conservaci\u00f3n de vida silvestre de 57,000 acres ubicada en Laikipia, en el norte de Kenia. Con abundante vida [&hellip;]<\/p>\n","protected":false},"author":4,"featured_media":0,"parent":28078,"menu_order":10,"comment_status":"closed","ping_status":"closed","template":"","meta":{"_themeisle_gutenberg_block_has_review":false,"footnotes":""},"class_list":["post-33271","page","type-page","status-publish","hentry"],"_links":{"self":[{"href":"https:\/\/mufasatoursandtravels.com\/es\/wp-json\/wp\/v2\/pages\/33271","targetHints":{"allow":["GET"]}}],"collection":[{"href":"https:\/\/mufasatoursandtravels.com\/es\/wp-json\/wp\/v2\/pages"}],"about":[{"href":"https:\/\/mufasatoursandtravels.com\/es\/wp-json\/wp\/v2\/types\/page"}],"author":[{"embeddable":true,"href":"https:\/\/mufasatoursandtravels.com\/es\/wp-json\/wp\/v2\/users\/4"}],"replies":[{"embeddable":true,"href":"https:\/\/mufasatoursandtravels.com\/es\/wp-json\/wp\/v2\/comments?post=33271"}],"version-history":[{"count":8,"href":"https:\/\/mufasatoursandtravels.com\/es\/wp-json\/wp\/v2\/pages\/33271\/revisions"}],"predecessor-version":[{"id":33304,"href":"https:\/\/mufasatoursandtravels.com\/es\/wp-json\/wp\/v2\/pages\/33271\/revisions\/33304"}],"up":[{"embeddable":true,"href":"https:\/\/mufasatoursandtravels.com\/es\/wp-json\/wp\/v2\/pages\/28078"}],"wp:attachment":[{"href":"https:\/\/mufasatoursandtravels.com\/es\/wp-json\/wp\/v2\/media?parent=33271"}],"curies":[{"name":"wp","href":"https:\/\/api.w.org\/{rel}","templated":true}]}}