{"id":33355,"date":"2022-03-25T07:04:19","date_gmt":"2022-03-25T04:04:19","guid":{"rendered":"https:\/\/mufasatoursandtravels.com\/destinos\/reserva-nacional-shimba-hills\/"},"modified":"2025-04-10T16:43:24","modified_gmt":"2025-04-10T13:43:24","slug":"reserva-nacional-shimba-hills","status":"publish","type":"page","link":"https:\/\/mufasatoursandtravels.com\/es\/destinos\/reserva-nacional-shimba-hills\/","title":{"rendered":"Reserva Nacional Shimba Hills"},"content":{"rendered":"[vc_row full_width=\u00bbstretch_row\u00bb][vc_column css=\u00bb.vc_custom_1700571546380{border-bottom-width: 10px !important;background-image: url(https:\/\/mufasatoursandtravels.com\/wp-content\/uploads\/2022\/03\/shimba-hills-antelopes-scaled.jpg?id=6761) !important;background-position: center !important;background-repeat: no-repeat !important;background-size: cover !important;}\u00bb el_class=\u00bbdes-overlay\u00bb][vc_headings style=\u00bbtheme3&#8243; borderclr=\u00bb#f4f4f4&#8243; title=\u00bbShimba Hills National Reserve\u00bb google_fonts=\u00bbfont_family:Open%20Sans%3A300%2C300italic%2Cregular%2Citalic%2C600%2C600italic%2C700%2C700italic%2C800%2C800italic|font_style:400%20regular%3A400%3Anormal\u00bb titleclr=\u00bb#ffffff\u00bb caption_url=\u00bb\u00bb caption_urls=\u00bb\u00bb caption_urlss=\u00bb\u00bb caption_urldesc=\u00bb\u00bb][\/vc_headings][vc_empty_space height=\u00bb60px\u00bb][vc_icon icon_fontawesome=\u00bbfas fa-paw\u00bb color=\u00bbcustom\u00bb align=\u00bbcenter\u00bb custom_color=\u00bb#ffffff\u00bb][\/vc_column][\/vc_row][vc_row][vc_column css=\u00bb.vc_custom_1679037427620{border-top-width: 10px !important;}\u00bb][vc_tta_tabs shape=\u00bbsquare\u00bb color=\u00bbjuicy-pink\u00bb alignment=\u00bbcenter\u00bb active_section=\u00bb1&#8243; no_fill_content_area=\u00bbtrue\u00bb][vc_tta_section title=\u00bbAcerca de\u00bb tab_id=\u00bb1636302233132-39a30584-a642&#8243;][info_list_father][info_list_son style=\u00bbicon\u00bb size=\u00bb20&#8243; width=\u00bb25&#8243; height=\u00bb25&#8243; titleclr=\u00bb#800000&#8243; icon=\u00bbfas fa-question-circle\u00bb title=\u00bbReserva Nacional de las Colinas de Shimba\u00bb]Como uno de los bosques costeros m\u00e1s grandes de \u00c1frica Oriental despu\u00e9s del bosque de Arabuko-Sokoke, esta reserva es rica en flora y fauna y alberga la mayor densidad de elefantes africanos en Kenia. Otras especies animales que se encuentran en la zona son el ant\u00edlope sable, la musara\u00f1a elefante, la mangosta de cola tupida y otros mam\u00edferos peque\u00f1os como los murci\u00e9lagos frug\u00edvoros. El bosque es una zona importante para las aves y est\u00e1 dotado de aves forestales, mientras que los pastizales albergan especies localizadas como el gallo de cuello rojo, el croar Cisticola y el obispo rojo de Zanz\u00edbar. Las pintorescas cataratas Sheldrick y el denso bosque de Mwaluganje tambi\u00e9n se encuentran aqu\u00ed, junto con cuatro campamentos.   [\/info_list_son][info_list_son style=\u00bbicon\u00bb size=\u00bb20&#8243; width=\u00bb25&#8243; height=\u00bb25&#8243; titleclr=\u00bb#800000&#8243; icon=\u00bbfas fa-binoculars\u00bb title=\u00bbVida silvestre\u00bb]Incluye ant\u00edlope sable en peligro de extinci\u00f3n, elefantes, jirafas, leopardo, genet, gato civeta, hienas, ant\u00edlope acu\u00e1tico, cerdo de monte, b\u00fafalo, beb\u00e9 de arbusto africano, ant\u00edlope, colobo blanco y negro costero, Duiker azul, Duiker de arbusto, Duiker rojo, Gran Galago, mono Vervet de cara negra, mono Sykes, gato Serval, musara\u00f1a negra y roja y musara\u00f1a Suni de cerdas nudosas.<\/p>\n<p>Se han registrado 111 especies de aves, de las cuales 22 son costeras end\u00e9micas entre ellas se encuentran: \u00c1guila avestruz, Halc\u00f3n africano; Halc\u00f3n, Cuco; gallina de Guinea, cresta de Kenia; Gu\u00eda de la miel, Mayor; c\u00e1lao, coronado; Codorniz, Azul; Sunbird, Uluguru, Python, Cobra, Lagarto y Gecko tambi\u00e9n mariposas, mosquitos y escarabajos.[\/info_list_son][info_list_son style=\u00bbicon\u00bb size=\u00bb20&#8243; width=\u00bb25&#8243; height=\u00bb25&#8243; titleclr=\u00bb#800000&#8243; icon=\u00bbfas fa-paw\u00bb title=\u00bbActividades\u00bb]\n<ul>\n<li>Unidades de juego.<\/li>\n<li>Paseos por la naturaleza.<\/li>\n<li>Avistamiento.<\/li>\n<\/ul>\n[\/info_list_son][\/info_list_father][\/vc_tta_section][vc_tta_section title=\u00bbC\u00f3mo llegar\u00bb tab_id=\u00bb1633455601016-f93699bc-5d92&#8243;][vc_gmaps link=\u00bb#E-8_JTNDaWZyYW1lJTIwc3JjJTNEJTIyaHR0cHMlM0ElMkYlMkZtYXBzLmdvb2dsZS5jb20lMkZtYXBzJTNGcSUzRFNoaW1iYSUyNTIwaGlsbHMlMjUyMG5hdGlvbmFsJTI1MjByZXNlcnZlJTI2YW1wJTNCdCUzRGslMjZhbXAlM0J6JTNEMTMlMjZhbXAlM0JpZSUzRFVURjglMjZhbXAlM0Jpd2xvYyUzRCUyNmFtcCUzQm91dHB1dCUzRGVtYmVkJTIyJTIwd2lkdGglM0QlMjI2MDAlMjIlMjBoZWlnaHQlM0QlMjI0NTAlMjIlMjBmcmFtZWJvcmRlciUzRCUyMjAlMjIlMjBzdHlsZSUzRCUyMmJvcmRlciUzQTAlMjIlMjBhbGxvd2Z1bGxzY3JlZW4lM0QlMjIlMjIlM0UlM0MlMkZpZnJhbWUlM0U=\u00bb][\/vc_tta_section][\/vc_tta_tabs][\/vc_column][\/vc_row]\n","protected":false},"excerpt":{"rendered":"<p>[vc_row full_width=\u00bbstretch_row\u00bb][vc_column css=\u00bb.vc_custom_1700571546380{border-bottom-width: 10px !important;background-image: url(https:\/\/mufasatoursandtravels.com\/wp-content\/uploads\/2022\/03\/shimba-hills-antelopes-scaled.jpg?id=6761) !important;background-position: center !important;background-repeat: no-repeat !important;background-size: cover !important;}\u00bb el_class=\u00bbdes-overlay\u00bb][vc_headings style=\u00bbtheme3&#8243; borderclr=\u00bb#f4f4f4&#8243; title=\u00bbShimba Hills National Reserve\u00bb google_fonts=\u00bbfont_family:Open%20Sans%3A300%2C300italic%2Cregular%2Citalic%2C600%2C600italic%2C700%2C700italic%2C800%2C800italic|font_style:400%20regular%3A400%3Anormal\u00bb titleclr=\u00bb#ffffff\u00bb caption_url=\u00bb\u00bb caption_urls=\u00bb\u00bb caption_urlss=\u00bb\u00bb caption_urldesc=\u00bb\u00bb][\/vc_headings][vc_empty_space height=\u00bb60px\u00bb][vc_icon icon_fontawesome=\u00bbfas fa-paw\u00bb color=\u00bbcustom\u00bb align=\u00bbcenter\u00bb custom_color=\u00bb#ffffff\u00bb][\/vc_column][\/vc_row][vc_row][vc_column css=\u00bb.vc_custom_1679037427620{border-top-width: 10px !important;}\u00bb][vc_tta_tabs shape=\u00bbsquare\u00bb color=\u00bbjuicy-pink\u00bb alignment=\u00bbcenter\u00bb active_section=\u00bb1&#8243; no_fill_content_area=\u00bbtrue\u00bb][vc_tta_section title=\u00bbAcerca de\u00bb tab_id=\u00bb1636302233132-39a30584-a642&#8243;][info_list_father][info_list_son style=\u00bbicon\u00bb size=\u00bb20&#8243; width=\u00bb25&#8243; height=\u00bb25&#8243; titleclr=\u00bb#800000&#8243; icon=\u00bbfas fa-question-circle\u00bb title=\u00bbReserva Nacional de las Colinas [&hellip;]<\/p>\n","protected":false},"author":4,"featured_media":0,"parent":28078,"menu_order":7,"comment_status":"closed","ping_status":"closed","template":"","meta":{"_themeisle_gutenberg_block_has_review":false,"footnotes":""},"class_list":["post-33355","page","type-page","status-publish","hentry"],"_links":{"self":[{"href":"https:\/\/mufasatoursandtravels.com\/es\/wp-json\/wp\/v2\/pages\/33355","targetHints":{"allow":["GET"]}}],"collection":[{"href":"https:\/\/mufasatoursandtravels.com\/es\/wp-json\/wp\/v2\/pages"}],"about":[{"href":"https:\/\/mufasatoursandtravels.com\/es\/wp-json\/wp\/v2\/types\/page"}],"author":[{"embeddable":true,"href":"https:\/\/mufasatoursandtravels.com\/es\/wp-json\/wp\/v2\/users\/4"}],"replies":[{"embeddable":true,"href":"https:\/\/mufasatoursandtravels.com\/es\/wp-json\/wp\/v2\/comments?post=33355"}],"version-history":[{"count":1,"href":"https:\/\/mufasatoursandtravels.com\/es\/wp-json\/wp\/v2\/pages\/33355\/revisions"}],"predecessor-version":[{"id":33357,"href":"https:\/\/mufasatoursandtravels.com\/es\/wp-json\/wp\/v2\/pages\/33355\/revisions\/33357"}],"up":[{"embeddable":true,"href":"https:\/\/mufasatoursandtravels.com\/es\/wp-json\/wp\/v2\/pages\/28078"}],"wp:attachment":[{"href":"https:\/\/mufasatoursandtravels.com\/es\/wp-json\/wp\/v2\/media?parent=33355"}],"curies":[{"name":"wp","href":"https:\/\/api.w.org\/{rel}","templated":true}]}}