{"id":33398,"date":"2022-03-25T06:51:35","date_gmt":"2022-03-25T03:51:35","guid":{"rendered":"https:\/\/mufasatoursandtravels.com\/destinos\/lewa-wildlife-conservancy\/"},"modified":"2025-04-10T16:44:11","modified_gmt":"2025-04-10T13:44:11","slug":"lewa-wildlife-conservancy","status":"publish","type":"page","link":"https:\/\/mufasatoursandtravels.com\/es\/destinos\/lewa-wildlife-conservancy\/","title":{"rendered":"Lewa WIldlife Conservancy"},"content":{"rendered":"[vc_row full_width=\u00bbstretch_row\u00bb][vc_column css=\u00bb.vc_custom_1679044975095{border-bottom-width: 10px !important;}\u00bb][ucaddon_classic_banner title=\u00bb\u00bb link_text=\u00bbLewa Wildlife Conservancy, Kenya\u00bb image=\u00bb7027&#8243; link=\u00bb\u00bb uc_fonts_data=\u00bbJTdCJTdE\u00bb][\/ucaddon_classic_banner][\/vc_column][\/vc_row][vc_row][vc_column css=\u00bb.vc_custom_1679044984150{border-top-width: 10px !important;}\u00bb][vc_tta_tabs shape=\u00bbsquare\u00bb color=\u00bbjuicy-pink\u00bb alignment=\u00bbcenter\u00bb active_section=\u00bb1&#8243; no_fill_content_area=\u00bbtrue\u00bb][vc_tta_section title=\u00bbAcerca de\u00bb tab_id=\u00bb1636302233132-39a30584-a642&#8243;][info_list_father listclr=\u00bb#f8f8f8&#8243;][info_list_son style=\u00bbicon\u00bb size=\u00bb20&#8243; width=\u00bb25&#8243; height=\u00bb25&#8243; titleclr=\u00bb#800000&#8243; icon=\u00bbfas fa-question-circle\u00bb title=\u00bbConservaci\u00f3n de la vida silvestre de Lewa\u00bb]Ubicado en el norte de Kenia, es un santuario de vida silvestre que incorpora el bosque Ngare Ndare y cubre m\u00e1s de 62,000 acres (250 km<sup>2<\/sup>). The Conservancy es el hogar de una amplia variedad de vida silvestre, incluidos los rinocerontes negros raros y en peligro de extinci\u00f3n, las cebras de Grevy y los sitatungas. Tambi\u00e9n incluye a los cinco grandes (le\u00f3n, leopardos, elefantes, rinocerontes y b\u00fafalos del Cabo). Lewa alberga m\u00e1s del 12% de la poblaci\u00f3n de rinoceronte negro del este de Kenia y la mayor poblaci\u00f3n de cebras de Grevy en el mundo (aproximadamente 350 individuos).   <\/p>\n<p>The Conservancy tambi\u00e9n es el hogar del Northern Rangelands Trust, una asociaci\u00f3n innovadora con varias comunidades del norte que han donado tierras para la preservaci\u00f3n de la vida silvestre. Lewa tiene su propio programa educativo que ayuda a desarrollar las escuelas y los estudiantes. Lewa Wildlife Conservancy se encuentra en el condado de Meru, al sur de la ciudad de Isiolo, pero al norte del Monte Kenia.  [\/info_list_son][info_list_son style=\u00bbicon\u00bb size=\u00bb20&#8243; width=\u00bb25&#8243; height=\u00bb25&#8243; titleclr=\u00bb#800000&#8243; icon=\u00bbfas fa-binoculars\u00bb title=\u00bbVida silvestre\u00bb]La Lewa Wildlife Conservancy est\u00e1 relativamente cerca de \u00e1reas hist\u00f3ricamente vol\u00e1tiles del norte de Kenia, donde el bandidaje, la caza furtiva y las armas de fuego ilegales alguna vez fueron prol\u00edficos. La amenaza para la fauna silvestre de Lewa y, en particular, para sus rinocerontes est\u00e1 siempre presente, aunque con la mejora de la seguridad en todo el norte de Kenia y las relaciones cada vez m\u00e1s buenas con sus vecinos, la situaci\u00f3n ha mejorado en los \u00faltimos a\u00f1os. La poblaci\u00f3n de rinocerontes requiere un monitoreo y protecci\u00f3n constantes debido a su estado de amenaza, la presi\u00f3n continua y la reciente ocurrencia de caza furtiva de rinocerontes en otras partes del pa\u00eds.  <\/p>\n<p>Para proporcionar un alto nivel de protecci\u00f3n a la vida silvestre, especialmente a la vida silvestre en peligro de extinci\u00f3n, as\u00ed como a las personas en Lewa Wildlife Conservancy, es esencial contar con un sistema de seguridad extremadamente efectivo. La operaci\u00f3n de seguridad de Lewa incluye una fuerza de guardabosques bien entrenada y altamente motivada, tanto armada como desarmada; un equipo de perros rastreadores; y una red de comunicaciones fiable con sus vecinos, el Servicio de Vida Silvestre de Kenia (KWS), las agencias gubernamentales locales, las conservaciones comunitarias afiliadas al Northern Rangelands Trust y los proyectos privados de conservaci\u00f3n de la vida silvestre y las reservas en la zona. Se lleva a cabo una vigilancia a\u00e9rea regular y se mantiene la valla el\u00e9ctrica de caza del l\u00edmite.  <\/p>\n<p>Las comunidades vecinas y otras organizaciones solicitan con frecuencia la ayuda de Lewa para apoyar y dar seguimiento a incidentes como la caza furtiva, el robo de ganado, el robo y el bandidaje. Las operaciones de seguridad interna de Lewa tienen un buen historial: s\u00f3lo dos rinocerontes se han perdido debido a la caza furtiva en la Reserva (Ntoiye y Tana, fueron abatidos el 26 de diciembre de 2009; Tana sobrevivi\u00f3 hasta el 5 de marzo de 2010). Lewa fue el \u00fanico santuario de vida silvestre en Kenia que no perdi\u00f3 un rinoceronte a manos de cazadores furtivos en 2014. Los equipos contra la caza furtiva de Lewa se han desplegado en otros santuarios de rinocerontes tras los graves niveles de caza furtiva de rinocerontes y, como resultado, han reducido eficazmente la caza furtiva de rinocerontes. En 2015, Edward Ndiritu, empleado en Lewa como jefe de la Unidad de Lucha contra la Caza Furtiva y del Northern Rangeland Trust, recibi\u00f3 el Premio Tusk Wildlife Ranger de manos del Pr\u00edncipe William.    [\/info_list_son][info_list_son style=\u00bbicon\u00bb size=\u00bb20&#8243; width=\u00bb25&#8243; height=\u00bb25&#8243; titleclr=\u00bb#800000&#8243; icon=\u00bbfas fa-paw\u00bb title=\u00bbActividades\u00bb]\n<ul>\n<li>Unidades de juego.<\/li>\n<li>Apreciaci\u00f3n de la fauna local.<\/li>\n<\/ul>\n[\/info_list_son][\/info_list_father][\/vc_tta_section][vc_tta_section title=\u00bbC\u00f3mo llegar\u00bb tab_id=\u00bb1633455601016-f93699bc-5d92&#8243;][vc_gmaps link=\u00bb#E-8_JTNDaWZyYW1lJTIwc3JjJTNEJTIyaHR0cHMlM0ElMkYlMkZtYXBzLmdvb2dsZS5jb20lMkZtYXBzJTNGcSUzRGxld2ElMjUyMHdpbGRsaWZlJTI1MjBjb25zZXJ2YW5jeSUyNmFtcCUzQnQlM0RrJTI2YW1wJTNCeiUzRDExJTI2YW1wJTNCaWUlM0RVVEY4JTI2YW1wJTNCaXdsb2MlM0QlMjZhbXAlM0JvdXRwdXQlM0RlbWJlZCUyMiUyMHdpZHRoJTNEJTIyNjAwJTIyJTIwaGVpZ2h0JTNEJTIyNDUwJTIyJTIwZnJhbWVib3JkZXIlM0QlMjIwJTIyJTIwc3R5bGUlM0QlMjJib3JkZXIlM0EwJTIyJTIwYWxsb3dmdWxsc2NyZWVuJTNEJTIyJTIyJTNFJTNDJTJGaWZyYW1lJTNF\u00bb][\/vc_tta_section][vc_tta_section title=\u00bbAlojamiento\u00bb tab_id=\u00bb1741959512032-f2f77f6e-e72d\u00bb][vc_row_inner][vc_column_inner width=\u00bb1\/2&#8243; offset=\u00bbvc_hidden-md vc_hidden-sm vc_hidden-xs\u00bb][vc_images_carousel onclick=\u00bblink_no\u00bb][\/vc_column_inner][vc_column_inner width=\u00bb1\/2&#8243;][vc_headings style=\u00bbtheme3&#8243; linewidth=\u00bb100&#8243; borderclr=\u00bb#890000&#8243; title=\u00bbAccdt\u00bb google_fonts=\u00bbfont_family:Roboto%3A100%2C100italic%2C300%2C300italic%2Cregular%2Citalic%2C500%2C500italic%2C700%2C700italic%2C900%2C900italic\u00bb titleclr=\u00bb#000000&#8243; caption_url=\u00bb\u00bb caption_urls=\u00bb\u00bb caption_urlss=\u00bb\u00bb caption_urldesc=\u00bb\u00bb]write your detail or leave blank<\/p>\n[\/vc_headings][vc_column_text]&#8230;.[\/vc_column_text][vc_btn title=\u00bbVista\u00bb style=\u00bboutline-custom\u00bb outline_custom_color=\u00bb#890000&#8243; outline_custom_hover_background=\u00bb#890000&#8243; outline_custom_hover_text=\u00bb#ffffff\u00bb shape=\u00bbround\u00bb i_align=\u00bbright\u00bb i_icon_fontawesome=\u00bbfas fa-arrow-circle-right\u00bb add_icon=\u00bbtrue\u00bb][\/vc_column_inner][\/vc_row_inner][vc_row_inner][vc_column_inner width=\u00bb1\/2&#8243; offset=\u00bbvc_hidden-md vc_hidden-sm vc_hidden-xs\u00bb][vc_images_carousel onclick=\u00bblink_no\u00bb][\/vc_column_inner][vc_column_inner width=\u00bb1\/2&#8243;][vc_headings style=\u00bbtheme3&#8243; linewidth=\u00bb100&#8243; borderclr=\u00bb#890000&#8243; title=\u00bbAccdt\u00bb google_fonts=\u00bbfont_family:Roboto%3A100%2C100italic%2C300%2C300italic%2Cregular%2Citalic%2C500%2C500italic%2C700%2C700italic%2C900%2C900italic\u00bb titleclr=\u00bb#000000&#8243; caption_url=\u00bb\u00bb caption_urls=\u00bb\u00bb caption_urlss=\u00bb\u00bb caption_urldesc=\u00bb\u00bb]write your detail or leave blank<\/p>\n[\/vc_headings][vc_column_text]&#8230;.[\/vc_column_text][vc_btn title=\u00bbVista\u00bb style=\u00bboutline-custom\u00bb outline_custom_color=\u00bb#890000&#8243; outline_custom_hover_background=\u00bb#890000&#8243; outline_custom_hover_text=\u00bb#ffffff\u00bb shape=\u00bbround\u00bb i_align=\u00bbright\u00bb i_icon_fontawesome=\u00bbfas fa-arrow-circle-right\u00bb add_icon=\u00bbtrue\u00bb][\/vc_column_inner][\/vc_row_inner][vc_row_inner][vc_column_inner width=\u00bb1\/2&#8243; offset=\u00bbvc_hidden-md vc_hidden-sm vc_hidden-xs\u00bb][vc_images_carousel onclick=\u00bblink_no\u00bb][\/vc_column_inner][vc_column_inner width=\u00bb1\/2&#8243;][vc_headings style=\u00bbtheme3&#8243; linewidth=\u00bb100&#8243; borderclr=\u00bb#890000&#8243; title=\u00bbAccdt\u00bb google_fonts=\u00bbfont_family:Roboto%3A100%2C100italic%2C300%2C300italic%2Cregular%2Citalic%2C500%2C500italic%2C700%2C700italic%2C900%2C900italic\u00bb titleclr=\u00bb#000000&#8243; caption_url=\u00bb\u00bb caption_urls=\u00bb\u00bb caption_urlss=\u00bb\u00bb caption_urldesc=\u00bb\u00bb]write your detail or leave blank<\/p>\n[\/vc_headings][vc_column_text]&#8230;.[\/vc_column_text][vc_btn title=\u00bbVista\u00bb style=\u00bboutline-custom\u00bb outline_custom_color=\u00bb#890000&#8243; outline_custom_hover_background=\u00bb#890000&#8243; outline_custom_hover_text=\u00bb#ffffff\u00bb shape=\u00bbround\u00bb i_align=\u00bbright\u00bb i_icon_fontawesome=\u00bbfas fa-arrow-circle-right\u00bb add_icon=\u00bbtrue\u00bb][\/vc_column_inner][\/vc_row_inner][vc_row_inner][vc_column_inner width=\u00bb1\/2&#8243; offset=\u00bbvc_hidden-md vc_hidden-sm vc_hidden-xs\u00bb][vc_images_carousel onclick=\u00bblink_no\u00bb][\/vc_column_inner][vc_column_inner width=\u00bb1\/2&#8243;][vc_headings style=\u00bbtheme3&#8243; linewidth=\u00bb100&#8243; borderclr=\u00bb#890000&#8243; title=\u00bbAccdt\u00bb google_fonts=\u00bbfont_family:Roboto%3A100%2C100italic%2C300%2C300italic%2Cregular%2Citalic%2C500%2C500italic%2C700%2C700italic%2C900%2C900italic\u00bb titleclr=\u00bb#000000&#8243; caption_url=\u00bb\u00bb caption_urls=\u00bb\u00bb caption_urlss=\u00bb\u00bb caption_urldesc=\u00bb\u00bb]write your detail or leave blank<\/p>\n[\/vc_headings][vc_column_text]&#8230;.[\/vc_column_text][vc_btn title=\u00bbVista\u00bb style=\u00bboutline-custom\u00bb outline_custom_color=\u00bb#890000&#8243; outline_custom_hover_background=\u00bb#890000&#8243; outline_custom_hover_text=\u00bb#ffffff\u00bb shape=\u00bbround\u00bb i_align=\u00bbright\u00bb i_icon_fontawesome=\u00bbfas fa-arrow-circle-right\u00bb add_icon=\u00bbtrue\u00bb][\/vc_column_inner][\/vc_row_inner][vc_row_inner][vc_column_inner width=\u00bb1\/2&#8243; offset=\u00bbvc_hidden-md vc_hidden-sm vc_hidden-xs\u00bb][vc_images_carousel onclick=\u00bblink_no\u00bb][\/vc_column_inner][vc_column_inner width=\u00bb1\/2&#8243;][vc_headings style=\u00bbtheme3&#8243; linewidth=\u00bb100&#8243; borderclr=\u00bb#890000&#8243; title=\u00bbAccdt\u00bb google_fonts=\u00bbfont_family:Roboto%3A100%2C100italic%2C300%2C300italic%2Cregular%2Citalic%2C500%2C500italic%2C700%2C700italic%2C900%2C900italic\u00bb titleclr=\u00bb#000000&#8243; caption_url=\u00bb\u00bb caption_urls=\u00bb\u00bb caption_urlss=\u00bb\u00bb caption_urldesc=\u00bb\u00bb]write your detail or leave blank<\/p>\n[\/vc_headings][vc_column_text]&#8230;.[\/vc_column_text][vc_btn title=\u00bbVista\u00bb style=\u00bboutline-custom\u00bb outline_custom_color=\u00bb#890000&#8243; outline_custom_hover_background=\u00bb#890000&#8243; outline_custom_hover_text=\u00bb#ffffff\u00bb shape=\u00bbround\u00bb i_align=\u00bbright\u00bb i_icon_fontawesome=\u00bbfas fa-arrow-circle-right\u00bb add_icon=\u00bbtrue\u00bb][\/vc_column_inner][\/vc_row_inner][\/vc_tta_section][\/vc_tta_tabs][\/vc_column][\/vc_row]\n","protected":false},"excerpt":{"rendered":"<p>[vc_row full_width=\u00bbstretch_row\u00bb][vc_column css=\u00bb.vc_custom_1679044975095{border-bottom-width: 10px !important;}\u00bb][ucaddon_classic_banner title=\u00bb\u00bb link_text=\u00bbLewa Wildlife Conservancy, Kenya\u00bb image=\u00bb7027&#8243; link=\u00bb\u00bb uc_fonts_data=\u00bbJTdCJTdE\u00bb][\/ucaddon_classic_banner][\/vc_column][\/vc_row][vc_row][vc_column css=\u00bb.vc_custom_1679044984150{border-top-width: 10px !important;}\u00bb][vc_tta_tabs shape=\u00bbsquare\u00bb color=\u00bbjuicy-pink\u00bb alignment=\u00bbcenter\u00bb active_section=\u00bb1&#8243; no_fill_content_area=\u00bbtrue\u00bb][vc_tta_section title=\u00bbAcerca de\u00bb tab_id=\u00bb1636302233132-39a30584-a642&#8243;][info_list_father listclr=\u00bb#f8f8f8&#8243;][info_list_son style=\u00bbicon\u00bb size=\u00bb20&#8243; width=\u00bb25&#8243; height=\u00bb25&#8243; titleclr=\u00bb#800000&#8243; icon=\u00bbfas fa-question-circle\u00bb title=\u00bbConservaci\u00f3n de la vida silvestre de Lewa\u00bb]Ubicado en el norte de Kenia, es un santuario de vida silvestre que incorpora el bosque Ngare [&hellip;]<\/p>\n","protected":false},"author":4,"featured_media":0,"parent":28078,"menu_order":22,"comment_status":"closed","ping_status":"closed","template":"","meta":{"_themeisle_gutenberg_block_has_review":false,"footnotes":""},"class_list":["post-33398","page","type-page","status-publish","hentry"],"_links":{"self":[{"href":"https:\/\/mufasatoursandtravels.com\/es\/wp-json\/wp\/v2\/pages\/33398","targetHints":{"allow":["GET"]}}],"collection":[{"href":"https:\/\/mufasatoursandtravels.com\/es\/wp-json\/wp\/v2\/pages"}],"about":[{"href":"https:\/\/mufasatoursandtravels.com\/es\/wp-json\/wp\/v2\/types\/page"}],"author":[{"embeddable":true,"href":"https:\/\/mufasatoursandtravels.com\/es\/wp-json\/wp\/v2\/users\/4"}],"replies":[{"embeddable":true,"href":"https:\/\/mufasatoursandtravels.com\/es\/wp-json\/wp\/v2\/comments?post=33398"}],"version-history":[{"count":8,"href":"https:\/\/mufasatoursandtravels.com\/es\/wp-json\/wp\/v2\/pages\/33398\/revisions"}],"predecessor-version":[{"id":33430,"href":"https:\/\/mufasatoursandtravels.com\/es\/wp-json\/wp\/v2\/pages\/33398\/revisions\/33430"}],"up":[{"embeddable":true,"href":"https:\/\/mufasatoursandtravels.com\/es\/wp-json\/wp\/v2\/pages\/28078"}],"wp:attachment":[{"href":"https:\/\/mufasatoursandtravels.com\/es\/wp-json\/wp\/v2\/media?parent=33398"}],"curies":[{"name":"wp","href":"https:\/\/api.w.org\/{rel}","templated":true}]}}