{"id":33416,"date":"2022-03-25T06:51:47","date_gmt":"2022-03-25T03:51:47","guid":{"rendered":"https:\/\/mufasatoursandtravels.com\/destinos\/parque-nacional-de-meru\/"},"modified":"2025-04-10T16:44:27","modified_gmt":"2025-04-10T13:44:27","slug":"parque-nacional-de-meru","status":"publish","type":"page","link":"https:\/\/mufasatoursandtravels.com\/es\/destinos\/parque-nacional-de-meru\/","title":{"rendered":"Parque Nacional de Meru"},"content":{"rendered":"[vc_row full_width=\u00bbstretch_row\u00bb][vc_column css=\u00bb.vc_custom_1679045319521{border-bottom-width: 10px !important;}\u00bb][\/vc_column][\/vc_row][vc_row css=\u00bb.vc_custom_1687879219071{background: rgba(0,0,0,0.47) url(https:\/\/mufasatoursandtravels.com\/wp-content\/uploads\/2022\/03\/Meru-National-Park.jpg?id=6957) !important;background-position: center !important;background-repeat: no-repeat !important;background-size: cover !important;*background-color: rgb(0,0,0) !important;}\u00bb][vc_column css=\u00bb.vc_custom_1687869367906{padding-top: 30px !important;padding-right: 50px !important;padding-bottom: 30px !important;padding-left: 50px !important;background-color: rgba(0,0,0,0.57) !important;*background-color: rgb(0,0,0) !important;}\u00bb][vc_custom_heading text=\u00bbParque Nacional de Meru\u00bb font_container=\u00bbtag:h1|font_size:28|text_align:center|color:%23ffffff\u00bb use_theme_fonts=\u00bbyes\u00bb el_class=\u00bbcustom-opacity-text\u00bb css=\u00bb.vc_custom_1687879240008{margin-top: 30px !important;}\u00bb][vc_empty_space][vc_btn title=\u00bbExplora con nosotros\u00bb style=\u00bboutline\u00bb shape=\u00bbround\u00bb align=\u00bbcenter\u00bb link=\u00bburl:https%3A%2F%2Fmufasatoursandtravels.com%2Fes%2Fsolicite-un-presupuesto%2F|\u00bb][\/vc_column][\/vc_row][vc_row][vc_column css=\u00bb.vc_custom_1679045329399{border-top-width: 10px !important;}\u00bb][vc_tta_tabs shape=\u00bbsquare\u00bb color=\u00bbjuicy-pink\u00bb alignment=\u00bbcenter\u00bb active_section=\u00bb1&#8243; no_fill_content_area=\u00bbtrue\u00bb][vc_tta_section title=\u00bbAcerca de\u00bb tab_id=\u00bb1636302233132-39a30584-a642&#8243;][info_list_father][info_list_son style=\u00bbicon\u00bb size=\u00bb20&#8243; width=\u00bb25&#8243; height=\u00bb25&#8243; titleclr=\u00bb#800000&#8243; icon=\u00bbfas fa-question-circle\u00bb title=\u00bbMeru National Park in Kenya, Lodges, Wildlife\u00bb]Meru National Park, located in Meru, <a href=\"https:\/\/mufasatoursandtravels.com\/kenya-flying-safaris\/kenya-flying-safaris-long-stay\/\">Kenya<\/a>, is a hidden gem that offers an authentic <a href=\"https:\/\/mufasatoursandtravels.com\/safari-tours\/\" target=\"_blank\" rel=\"noopener\">African safari<\/a> experience. The Park, situated in the Eastern part of the country, approximately 350 kilometers from Nairobi, is named after the Meru tribe, who inhabit the surrounding areas. Covering an area of over 870 square kilometers, the Park is home to an array of wildlife, including rare species not found in other parks. Meru National Park was established in 1966 and gained international fame through the book and movie \u00abBorn Free,\u00bb which chronicled the life of Joy and George Adamson and their work in the Park.<\/p>\n<p>The Park also boasts a diverse topography featuring verdant forests, vast grasslands, meandering rivers, and rocky outcrops. The Park&#8217;s centerpiece is the imposing Mount Kenya, Africa&#8217;s second-highest peak, which provides a stunning backdrop to the Park&#8217;s natural beauty.<\/p>\n<p>The Park is easily accessible by road, with a journey from Nairobi taking approximately 5 hours. The Park is open throughout the year, with the best time to visit is during the dry season from June to October.<\/p>\n<p>&nbsp;[\/info_list_son][info_list_son style=\u00bbicon\u00bb size=\u00bb20&#8243; width=\u00bb25&#8243; height=\u00bb25&#8243; titleclr=\u00bb#800000&#8243; icon=\u00bbfas fa-binoculars\u00bb title=\u00bbMeru National Park Activities\u00bb]<span data-contrast=\"auto\">There is a wide range of fun activities one can engage in while at Meru National Park, including;<\/span><span data-ccp-props=\"{&quot;201341983&quot;:0,&quot;335559739&quot;:160,&quot;335559740&quot;:259}\">\u00a0<\/span><\/p>\n<ul>\n<li data-leveltext=\"\uf0b7\" data-font=\"Symbol\" data-listid=\"2\" data-list-defn-props=\"{&quot;335552541&quot;:1,&quot;335559684&quot;:-2,&quot;335559685&quot;:720,&quot;335559991&quot;:360,&quot;469769226&quot;:&quot;Symbol&quot;,&quot;469769242&quot;:[8226],&quot;469777803&quot;:&quot;left&quot;,&quot;469777804&quot;:&quot;\uf0b7&quot;,&quot;469777815&quot;:&quot;hybridMultilevel&quot;}\" aria-setsize=\"-1\" data-aria-posinset=\"1\" data-aria-level=\"1\"><b><span data-contrast=\"auto\">Game Drives and Safaris:<\/span><\/b><span data-contrast=\"auto\"> Embarking on a game drive or safari in Meru National Park is a thrilling adventure. Experienced guides lead visitors through the Park&#8217;s rugged terrain, unveiling its hidden treasures and ensuring memorable wildlife encounters. The Park offers day and night game drives, allowing for a comprehensive exploration of its inhabitants.<\/span><span data-ccp-props=\"{&quot;201341983&quot;:0,&quot;335559739&quot;:160,&quot;335559740&quot;:259}\">\u00a0<\/span><\/li>\n<li data-leveltext=\"\uf0b7\" data-font=\"Symbol\" data-listid=\"2\" data-list-defn-props=\"{&quot;335552541&quot;:1,&quot;335559684&quot;:-2,&quot;335559685&quot;:720,&quot;335559991&quot;:360,&quot;469769226&quot;:&quot;Symbol&quot;,&quot;469769242&quot;:[8226],&quot;469777803&quot;:&quot;left&quot;,&quot;469777804&quot;:&quot;\uf0b7&quot;,&quot;469777815&quot;:&quot;hybridMultilevel&quot;}\" aria-setsize=\"-1\" data-aria-posinset=\"2\" data-aria-level=\"1\"><b><span data-contrast=\"auto\">Nature Walks and Hiking:<\/span><\/b><span data-contrast=\"auto\"> For a closer encounter with nature, guided nature walks, and hikes are available within the Park. These activities offer a chance to explore the Park on foot, accompanied by knowledgeable guides who provide insights into the area&#8217;s flora, fauna, and cultural history.<\/span><span data-ccp-props=\"{&quot;201341983&quot;:0,&quot;335559739&quot;:160,&quot;335559740&quot;:259}\">\u00a0<\/span><\/li>\n<li data-leveltext=\"\uf0b7\" data-font=\"Symbol\" data-listid=\"2\" data-list-defn-props=\"{&quot;335552541&quot;:1,&quot;335559684&quot;:-2,&quot;335559685&quot;:720,&quot;335559991&quot;:360,&quot;469769226&quot;:&quot;Symbol&quot;,&quot;469769242&quot;:[8226],&quot;469777803&quot;:&quot;left&quot;,&quot;469777804&quot;:&quot;\uf0b7&quot;,&quot;469777815&quot;:&quot;hybridMultilevel&quot;}\" aria-setsize=\"-1\" data-aria-posinset=\"3\" data-aria-level=\"1\"><b><span data-contrast=\"auto\">Cultural Experiences:<\/span><\/b><span data-contrast=\"auto\"> Meru National Park is not only a sanctuary for wildlife but also a place where cultural heritage thrives. Visitors can engage with local communities, learning about their traditions, crafts, and way of life. This interaction provides a deeper understanding of the region&#8217;s rich cultural tapestry.<\/span><span data-ccp-props=\"{&quot;201341983&quot;:0,&quot;335559739&quot;:160,&quot;335559740&quot;:259}\">\u00a0<\/span><\/li>\n<\/ul>\n<p><span data-contrast=\"auto\">The Meru National Park also has a variety of sights and features to discover. In addition to its breathtaking landscapes and diverse species, the Park is home to world-class sites, including Adamson&#8217;s Fall, the Tana River, and the constantly brilliant Mt. Kenya vistas. The splendor of the Park&#8217;s marshes also leaves us speechless. Most of the wetlands are found in the Park&#8217;s northern region.<\/span><span data-ccp-props=\"{&quot;201341983&quot;:0,&quot;335559739&quot;:160,&quot;335559740&quot;:259}\">\u00a0<\/span><\/p>\n<p><span data-contrast=\"auto\">There are some permanent wetlands in the region, including the Bwatherongi, Mururi, and Malika swamps. The marshes help during the dry seasons for thirsty creatures hunting for water and tourists since the swamps make great places to see wildlife at that time.<\/span><span data-ccp-props=\"{&quot;201341983&quot;:0,&quot;335559739&quot;:160,&quot;335559740&quot;:259}\">\u00a0<\/span><\/p>\n<p><span data-contrast=\"auto\">The Meru Rhino Sanctuary is unquestionably the most significant attraction of all. The sanctuary is located on the western side of the Park&#8217;s main gate on an 80km2 parcel of land with good security where more than 20 white and 20 black rhinos can be found.<\/span><span data-ccp-props=\"{&quot;201341983&quot;:0,&quot;335559739&quot;:160,&quot;335559740&quot;:259}\">\u00a0<\/span><\/p>\n<p><span data-contrast=\"auto\">To fully immerse yourself in the wonders of Meru National Park, it&#8217;s recommended to embark on guided game drives led by experienced rangers. These game drives offer an opportunity to witness the Park&#8217;s wildlife up close while enjoying the stunning landscapes. The Park&#8217;s vastness ensures you can explore different areas, increasing your chances of spotting various animals. Additionally, guided nature walks, bird-watching excursions, and cultural visits to local communities can enhance your overall experience, providing a deeper understanding of the region&#8217;s rich heritage.<\/span><span data-ccp-props=\"{&quot;201341983&quot;:0,&quot;335559739&quot;:160,&quot;335559740&quot;:259}\">\u00a0<\/span>[\/info_list_son][info_list_son style=\u00bbicon\u00bb size=\u00bb20&#8243; width=\u00bb25&#8243; height=\u00bb25&#8243; titleclr=\u00bb#800000&#8243; icon=\u00bbfas fa-paw\u00bb title=\u00bbWildlife in Meru National Park\u00bb]<span data-contrast=\"auto\">Meru National Park is home to an extensive range of wildlife, which offer its visitors an unforgettable experience. Some of the wildlife found in the Park include;\u00a0<\/span><span data-ccp-props=\"{&quot;201341983&quot;:0,&quot;335559739&quot;:160,&quot;335559740&quot;:259}\">\u00a0<\/span><\/p>\n<ul>\n<li data-leveltext=\"\uf0b7\" data-font=\"Symbol\" data-listid=\"1\" data-list-defn-props=\"{&quot;335552541&quot;:1,&quot;335559684&quot;:-2,&quot;335559685&quot;:720,&quot;335559991&quot;:360,&quot;469769226&quot;:&quot;Symbol&quot;,&quot;469769242&quot;:[8226],&quot;469777803&quot;:&quot;left&quot;,&quot;469777804&quot;:&quot;\uf0b7&quot;,&quot;469777815&quot;:&quot;hybridMultilevel&quot;}\" aria-setsize=\"-1\" data-aria-posinset=\"1\" data-aria-level=\"1\"><a href=\"https:\/\/a-z-animals.com\/blog\/the-big-five\/\" target=\"_blank\" rel=\"dofollow noopener\"><b><span data-contrast=\"auto\">The Big Five:<\/span><\/b><\/a><span data-contrast=\"auto\"> Meru National Park is home to a rich and varied array of wildlife, including the iconic Big Five: elephants, lions, leopards, rhinoceroses, and buffalo. Visitors have the opportunity to witness these majestic creatures in their natural habitat, as well as a host of other fascinating species.<\/span><span data-ccp-props=\"{&quot;201341983&quot;:0,&quot;335559739&quot;:160,&quot;335559740&quot;:259}\">\u00a0<\/span><\/li>\n<li data-leveltext=\"\uf0b7\" data-font=\"Symbol\" data-listid=\"1\" data-list-defn-props=\"{&quot;335552541&quot;:1,&quot;335559684&quot;:-2,&quot;335559685&quot;:720,&quot;335559991&quot;:360,&quot;469769226&quot;:&quot;Symbol&quot;,&quot;469769242&quot;:[8226],&quot;469777803&quot;:&quot;left&quot;,&quot;469777804&quot;:&quot;\uf0b7&quot;,&quot;469777815&quot;:&quot;hybridMultilevel&quot;}\" aria-setsize=\"-1\" data-aria-posinset=\"2\" data-aria-level=\"1\"><b><span data-contrast=\"auto\">Unique Species:<\/span><\/b><span data-contrast=\"auto\"> Apart from the Big Five, Meru National Park shelters an impressive diversity of wildlife, such as Grevy&#8217;s zebras, reticulated giraffes, gerenuks, cheetahs, and over 400 species of birds, and the gerenuk.\u00a0<\/span><span data-ccp-props=\"{&quot;201341983&quot;:0,&quot;335559739&quot;:160,&quot;335559740&quot;:259}\">\u00a0<\/span><\/li>\n<\/ul>\n<p><span data-contrast=\"auto\">The Park&#8217;s diverse habitats provide a thriving environment for these remarkable animals, making it a haven for nature enthusiasts and birdwatchers.<\/span><span data-ccp-props=\"{&quot;201341983&quot;:0,&quot;335559739&quot;:160,&quot;335559740&quot;:259}\">\u00a0<\/span><\/p>\n<p>&nbsp;<\/p>\n<p><img loading=\"lazy\" decoding=\"async\" class=\"alignnone wp-image-6957 size-full\" src=\"https:\/\/mufasatoursandtravels.com\/wp-content\/uploads\/2022\/03\/Meru-National-Park.jpg\" alt=\"meru national park\" width=\"1445\" height=\"956\" srcset=\"https:\/\/mufasatoursandtravels.com\/wp-content\/uploads\/2022\/03\/Meru-National-Park.jpg 1445w, https:\/\/mufasatoursandtravels.com\/wp-content\/uploads\/2022\/03\/Meru-National-Park-300x198.jpg 300w, https:\/\/mufasatoursandtravels.com\/wp-content\/uploads\/2022\/03\/Meru-National-Park-1024x677.jpg 1024w, https:\/\/mufasatoursandtravels.com\/wp-content\/uploads\/2022\/03\/Meru-National-Park-768x508.jpg 768w, https:\/\/mufasatoursandtravels.com\/wp-content\/uploads\/2022\/03\/Meru-National-Park-18x12.jpg 18w, https:\/\/mufasatoursandtravels.com\/wp-content\/uploads\/2022\/03\/Meru-National-Park-24x16.jpg 24w, https:\/\/mufasatoursandtravels.com\/wp-content\/uploads\/2022\/03\/Meru-National-Park-36x24.jpg 36w, https:\/\/mufasatoursandtravels.com\/wp-content\/uploads\/2022\/03\/Meru-National-Park-48x32.jpg 48w, https:\/\/mufasatoursandtravels.com\/wp-content\/uploads\/2022\/03\/Meru-National-Park-600x397.jpg 600w\" sizes=\"auto, (max-width: 1445px) 100vw, 1445px\" \/>[\/info_list_son][info_list_son style=\u00bbicon\u00bb width=\u00bb25&#8243; height=\u00bb25&#8243; titleclr=\u00bb#890000&#8243; title=\u00bbAccommodation in Meru National Park\u00bb icon=\u00bbfas fa-hotel\u00bb iconclr=\u00bb#890000&#8243;]<span data-contrast=\"auto\">Meru National Park has several accommodation options, ranging from budget-friendly campsites to luxury lodges.\u00a0<\/span><span data-ccp-props=\"{&quot;201341983&quot;:0,&quot;335559739&quot;:160,&quot;335559740&quot;:259}\">\u00a0<\/span><\/p>\n<p><span data-contrast=\"auto\">From luxury lodges to tented camps, visitors can immerse themselves in the tranquility of the Park while enjoying modern amenities and personalized services.<\/span><span data-ccp-props=\"{&quot;201341983&quot;:0,&quot;335559739&quot;:160,&quot;335559740&quot;:259}\">\u00a0<\/span><\/p>\n<p><span data-contrast=\"auto\">\u00a0Some notable Lodges around Meru National Park are worth mentioning, including Elsa&#8217;s Kopje, named after the lioness in \u00abBorn Free,\u00bb which provides a luxurious retreat with stunning views. Other notable lodges include Rhino River Camp, Offbeat Meru Camp, and Leopard Rock Lodge,<\/span><span data-ccp-props=\"{&quot;201341983&quot;:0,&quot;335559739&quot;:160,&quot;335559740&quot;:259}\">\u00a0<\/span><\/p>\n<p><span data-contrast=\"auto\">Budget-friendly options include Murera Gate Guesthouse and Meru Guest House, which offer comfortable and affordable accommodations.<\/span><span data-ccp-props=\"{&quot;201341983&quot;:0,&quot;335559739&quot;:160,&quot;335559740&quot;:259}\">\u00a0<\/span>[\/info_list_son][info_list_son style=\u00bbicon\u00bb width=\u00bb25&#8243; height=\u00bb25&#8243; titleclr=\u00bb#890000&#8243; title=\u00bbHotels in Meru National Park\u00bb icon=\u00bbfas fa-utensils\u00bb iconclr=\u00bb#890000&#8243;]<span class=\"TextRun SCXW8971854 BCX9\" lang=\"EN-US\" xml:lang=\"EN-US\" data-contrast=\"auto\"><span class=\"NormalTextRun SCXW8971854 BCX9\">Meru National Park has several hotels within its vicinity that cater to visitors<\/span><span class=\"NormalTextRun SCXW8971854 BCX9\"> that <\/span><span class=\"NormalTextRun SCXW8971854 BCX9\">prefer to stay in a hotel outside the <\/span><span class=\"NormalTextRun ContextualSpellingAndGrammarErrorV2Themed SCXW8971854 BCX9\">P<\/span><span class=\"NormalTextRun ContextualSpellingAndGrammarErrorV2Themed SCXW8971854 BCX9\">ark<\/span><span class=\"NormalTextRun SCXW8971854 BCX9\">.<\/span><span class=\"NormalTextRun SCXW8971854 BCX9\"> Meru town offers several options for accommodation<\/span><span class=\"NormalTextRun SCXW8971854 BCX9\">. Some popular hotels include Meru Greens<\/span><span class=\"NormalTextRun SCXW8971854 BCX9\">, Meru Slopes, and Meru Paramount<\/span><span class=\"NormalTextRun SCXW8971854 BCX9\">. These hotels offer comfortable and affordable accommodation, making them a popular choice for visitors to the <\/span><span class=\"NormalTextRun ContextualSpellingAndGrammarErrorV2Themed GrammarErrorHighlight SCXW8971854 BCX9\">P<\/span><span class=\"NormalTextRun ContextualSpellingAndGrammarErrorV2Themed GrammarErrorHighlight SCXW8971854 BCX9\">ark<\/span><span class=\"NormalTextRun SCXW8971854 BCX9\">.<\/span><\/span><span class=\"EOP SCXW8971854 BCX9\" data-ccp-props=\"{&quot;201341983&quot;:0,&quot;335559739&quot;:160,&quot;335559740&quot;:259}\">\u00a0<\/span>[\/info_list_son][info_list_son style=\u00bbicon\u00bb width=\u00bb25&#8243; height=\u00bb25&#8243; titleclr=\u00bb#890000&#8243; title=\u00bbMeru National Park Reviews\u00bb icon=\u00bbfas fa-hotel\u00bb iconclr=\u00bb#890000&#8243;]<span data-contrast=\"auto\">Meru National Park has received numerous positive reviews from visitors who have experienced the Park&#8217;s beauty and wildlife. Visitors praise the Park&#8217;s diversity of wildlife, with some saying it is better than other more popular parks such as <a href=\"https:\/\/mufasatoursandtravels.com\/es\/destinos\/reserva-nacional-masai-mara\/\" target=\"_blank\" rel=\"noopener\">Maasai Mara<\/a>. The Park&#8217;s accommodation options also receive positive reviews, with visitors praising the luxurious lodges and budget-friendly options.<\/span><span data-ccp-props=\"{&quot;201341983&quot;:0,&quot;335559739&quot;:160,&quot;335559740&quot;:259}\">\u00a0<\/span><\/p>\n<p><span data-contrast=\"auto\">The Park&#8217;s diversity of wildlife, accommodation options, and accessibility make it an excellent choice for those looking for a less crowded park. With its stunning landscapes and an array of wildlife, Meru National Park is a must-visit destination for any wildlife enthusiast.<\/span><span data-ccp-props=\"{&quot;201341983&quot;:0,&quot;335559739&quot;:160,&quot;335559740&quot;:259}\">\u00a0<\/span>[\/info_list_son][\/info_list_father][vc_btn title=\u00bbSolicite un presupuesto\u00bb style=\u00bbcustom\u00bb custom_background=\u00bb#890000&#8243; custom_text=\u00bb#ffffff\u00bb shape=\u00bbsquare\u00bb align=\u00bbcenter\u00bb link=\u00bburl:https%3A%2F%2Fmufasatoursandtravels.com%2Fes%2Fsolicite-un-presupuesto%2F|title:Solicitar%20Cotizaci%C3%B3n|\u00bb][\/vc_tta_section][vc_tta_section title=\u00bbC\u00f3mo llegar\u00bb tab_id=\u00bb1633455601016-f93699bc-5d92&#8243;][vc_gmaps link=\u00bb#E-8_JTNDaWZyYW1lJTIwc3JjJTNEJTIyaHR0cHMlM0ElMkYlMkZtYXBzLmdvb2dsZS5jb20lMkZtYXBzJTNGcSUzRG1lcnUlMjUyMG5hdGlvbmFsJTI1MjBwYXJrJTI2YW1wJTNCdCUzRGslMjZhbXAlM0J6JTNEMTElMjZhbXAlM0JpZSUzRFVURjglMjZhbXAlM0Jpd2xvYyUzRCUyNmFtcCUzQm91dHB1dCUzRGVtYmVkJTIyJTIwd2lkdGglM0QlMjI2MDAlMjIlMjBoZWlnaHQlM0QlMjI0NTAlMjIlMjBmcmFtZWJvcmRlciUzRCUyMjAlMjIlMjBzdHlsZSUzRCUyMmJvcmRlciUzQTAlMjIlMjBhbGxvd2Z1bGxzY3JlZW4lM0QlMjIlMjIlM0UlM0MlMkZpZnJhbWUlM0U=\u00bb][\/vc_tta_section][\/vc_tta_tabs][\/vc_column][\/vc_row][vc_row][vc_column][vc_custom_heading text=\u00bbPreguntas frecuentes sobre el Parque Nacional Meru\u00bb font_container=\u00bbtag:h2|text_align:left|color:%23890000&#8243; use_theme_fonts=\u00bbyes\u00bb css=\u00bb.vc_custom_1684858324761{margin-bottom: 40px !important;}\u00bb][\/vc_column][\/vc_row][vc_row][vc_column][vc_toggle title=\u00bb\u00bfCu\u00e1l es la mejor \u00e9poca para visitar el Parque Nacional Meru?\u00bb style=\u00bbsquare\u00bb]<span data-contrast=\"auto\">La mejor \u00e9poca para visitar el Parque Nacional Meru es durante la estaci\u00f3n seca, que suele ir de junio a septiembre y de enero a febrero. Este per\u00edodo ofrece mejores avistamientos de vida silvestre y un acceso m\u00e1s f\u00e1cil a las atracciones del Parque. <\/span><span data-ccp-props=\"{\"201341983\":0,\"335559739\":160,\"335559740\":259}\"> <\/span>[\/vc_toggle][vc_toggle title=\u00bb\u00bfQu\u00e9 vida silvestre se puede encontrar en el Parque Nacional Meru?\u00bb style=\u00bbsquare\u00bb]<span data-contrast=\"auto\">El Parque Nacional Meru alberga una amplia gama de vida silvestre, incluidos elefantes, leones, leopardos, b\u00fafalos, rinocerontes, jirafas, cebras, guepardos, hienas, hipop\u00f3tamos, cocodrilos y m\u00e1s de 400 especies de aves.<\/span><span data-ccp-props=\"{\"201341983\":0,\"335559739\":160,\"335559740\":259}\"> <\/span>[\/vc_toggle][vc_toggle title=\u00bb\u00bfHay alguna especie en peligro de extinci\u00f3n en el Parque Nacional Meru?\u00bb style=\u00bbsquare\u00bb]<b><span data-contrast=\"auto\"> <\/span><\/b><span data-contrast=\"auto\">S\u00ed, el Parque Nacional Meru es conocido por sus esfuerzos en la conservaci\u00f3n de especies en peligro de extinci\u00f3n. El parque es el hogar de una poblaci\u00f3n de rinocerontes negros, que est\u00e1n en peligro de extinci\u00f3n, y se han implementado programas de conservaci\u00f3n para proteger a estas magn\u00edficas criaturas. <\/span><span data-ccp-props=\"{\"201341983\":0,\"335559739\":160,\"335559740\":259}\"> <\/span>[\/vc_toggle][vc_toggle title=\u00bb\u00bfQu\u00e9 actividades pueden realizar los visitantes en el Parque Nacional Meru?\u00bb style=\u00bbsquare\u00bb]<span data-contrast=\"auto\">Los visitantes del Parque Nacional Meru pueden disfrutar de diversas actividades, como safaris, caminatas guiadas por la naturaleza, observaci\u00f3n de aves, visitas culturales a las comunidades locales e incluso pesca en \u00e1reas designadas.<\/span><span data-ccp-props=\"{\"201341983\":0,\"335559739\":160,\"335559740\":259}\"> <\/span>[\/vc_toggle][vc_toggle title=\u00bb\u00bfHay alg\u00fan alojamiento disponible dentro del Parque?\u00bb style=\u00bbsquare\u00bb]<span data-contrast=\"auto\">S\u00ed, Parque Nacional Meru ofrece una gran variedad de opciones de alojamiento dentro de sus l\u00edmites. Estos incluyen caba\u00f1as de lujo como Elsa&#8217;s Kopje y Rhino River Camp y campamentos de tiendas de campa\u00f1a como Leopard Rock Lodge e Ikweta Safari Camp. <\/span><span data-ccp-props=\"{\"201341983\":0,\"335559739\":160,\"335559740\":259}\"> <\/span>[\/vc_toggle][vc_toggle title=\u00bb\u00bfPueden los visitantes realizar safaris guiados en el Parque Nacional Meru?\u00bb style=\u00bbsquare\u00bb]<span data-contrast=\"auto\">S\u00ed, hay safaris guiados disponibles en el Parque Nacional Meru. Guardabosques experimentados lideran estos recorridos, llevando a los visitantes a trav\u00e9s de diferentes \u00e1reas del parque para observar la vida silvestre y explorar los impresionantes paisajes. <\/span><span data-ccp-props=\"{\"201341983\":0,\"335559739\":160,\"335559740\":259}\"> <\/span>[\/vc_toggle][vc_toggle title=\u00bb\u00bfExisten restricciones o regulaciones para visitar el Parque Nacional Meru?\u00bb style=\u00bbsquare\u00bb]<span data-contrast=\"auto\">S\u00ed, existen normas espec\u00edficas para garantizar la conservaci\u00f3n y la seguridad del Parque. Se espera que los visitantes se adhieran a las reglas del parque, como permanecer en las carreteras designadas, no tirar basura y mantener una distancia segura de la vida silvestre. <\/span><span data-ccp-props=\"{\"201341983\":0,\"335559739\":160,\"335559740\":259}\"> <\/span>[\/vc_toggle][vc_toggle title=\u00bb\u00bfCu\u00e1l es el clima en el Parque Nacional Meru?\u00bb style=\u00bbsquare\u00bb]<span data-contrast=\"auto\">Durante la estaci\u00f3n seca, el clima c\u00e1lido es de 30 grados, para ser exactos, con una humedad m\u00ednima que se experimenta durante el d\u00eda mientras que las noches son m\u00e1s fr\u00edas. La temporada de lluvias cae en abril y mayo, con un promedio de precipitaci\u00f3n anual de 350 mm. <\/span><span data-ccp-props=\"{\"201341983\":0,\"335559739\":160,\"335559740\":259}\"> <\/span>[\/vc_toggle][\/vc_column][\/vc_row]\n","protected":false},"excerpt":{"rendered":"<p>[vc_row full_width=\u00bbstretch_row\u00bb][vc_column css=\u00bb.vc_custom_1679045319521{border-bottom-width: 10px !important;}\u00bb][\/vc_column][\/vc_row][vc_row css=\u00bb.vc_custom_1687879219071{background: rgba(0,0,0,0.47) url(https:\/\/mufasatoursandtravels.com\/wp-content\/uploads\/2022\/03\/Meru-National-Park.jpg?id=6957) !important;background-position: center !important;background-repeat: no-repeat !important;background-size: cover !important;*background-color: rgb(0,0,0) !important;}\u00bb][vc_column css=\u00bb.vc_custom_1687869367906{padding-top: 30px !important;padding-right: 50px !important;padding-bottom: 30px !important;padding-left: 50px !important;background-color: rgba(0,0,0,0.57) !important;*background-color: rgb(0,0,0) !important;}\u00bb][vc_custom_heading text=\u00bbParque Nacional de Meru\u00bb font_container=\u00bbtag:h1|font_size:28|text_align:center|color:%23ffffff\u00bb use_theme_fonts=\u00bbyes\u00bb el_class=\u00bbcustom-opacity-text\u00bb css=\u00bb.vc_custom_1687879240008{margin-top: 30px !important;}\u00bb][vc_empty_space][vc_btn title=\u00bbExplora con nosotros\u00bb style=\u00bboutline\u00bb shape=\u00bbround\u00bb align=\u00bbcenter\u00bb link=\u00bburl:https%3A%2F%2Fmufasatoursandtravels.com%2Fes%2Fsolicite-un-presupuesto%2F|\u00bb][\/vc_column][\/vc_row][vc_row][vc_column css=\u00bb.vc_custom_1679045329399{border-top-width: 10px !important;}\u00bb][vc_tta_tabs shape=\u00bbsquare\u00bb color=\u00bbjuicy-pink\u00bb alignment=\u00bbcenter\u00bb active_section=\u00bb1&#8243; no_fill_content_area=\u00bbtrue\u00bb][vc_tta_section [&hellip;]<\/p>\n","protected":false},"author":4,"featured_media":0,"parent":28078,"menu_order":23,"comment_status":"closed","ping_status":"closed","template":"","meta":{"_themeisle_gutenberg_block_has_review":false,"footnotes":""},"class_list":["post-33416","page","type-page","status-publish","hentry"],"_links":{"self":[{"href":"https:\/\/mufasatoursandtravels.com\/es\/wp-json\/wp\/v2\/pages\/33416","targetHints":{"allow":["GET"]}}],"collection":[{"href":"https:\/\/mufasatoursandtravels.com\/es\/wp-json\/wp\/v2\/pages"}],"about":[{"href":"https:\/\/mufasatoursandtravels.com\/es\/wp-json\/wp\/v2\/types\/page"}],"author":[{"embeddable":true,"href":"https:\/\/mufasatoursandtravels.com\/es\/wp-json\/wp\/v2\/users\/4"}],"replies":[{"embeddable":true,"href":"https:\/\/mufasatoursandtravels.com\/es\/wp-json\/wp\/v2\/comments?post=33416"}],"version-history":[{"count":1,"href":"https:\/\/mufasatoursandtravels.com\/es\/wp-json\/wp\/v2\/pages\/33416\/revisions"}],"predecessor-version":[{"id":33424,"href":"https:\/\/mufasatoursandtravels.com\/es\/wp-json\/wp\/v2\/pages\/33416\/revisions\/33424"}],"up":[{"embeddable":true,"href":"https:\/\/mufasatoursandtravels.com\/es\/wp-json\/wp\/v2\/pages\/28078"}],"wp:attachment":[{"href":"https:\/\/mufasatoursandtravels.com\/es\/wp-json\/wp\/v2\/media?parent=33416"}],"curies":[{"name":"wp","href":"https:\/\/api.w.org\/{rel}","templated":true}]}}