{"id":33443,"date":"2022-02-24T06:47:30","date_gmt":"2022-02-24T03:47:30","guid":{"rendered":"https:\/\/mufasatoursandtravels.com\/safaris-voladores-en-kenia\/kenia-flying-safaris-larga-estancia\/"},"modified":"2025-04-10T16:44:53","modified_gmt":"2025-04-10T13:44:53","slug":"kenia-flying-safaris-larga-estancia","status":"publish","type":"page","link":"https:\/\/mufasatoursandtravels.com\/es\/safaris-voladores-en-kenia\/kenia-flying-safaris-larga-estancia\/","title":{"rendered":"Kenia Flying Safaris &#8211; Larga Estancia"},"content":{"rendered":"[vc_row full_width=\u00bbstretch_row_content_no_spaces\u00bb content_placement=\u00bbmiddle\u00bb][vc_column parallax=\u00bbcontent-moving\u00bb parallax_image=\u00bb11395&#8243; parallax_speed_bg=\u00bb1.2&#8243; css=\u00bb.vc_custom_1687786288720{padding-top: 100px !important;padding-right: 100px !important;padding-bottom: 100px !important;padding-left: 100px !important;}\u00bb][vc_custom_heading text=\u00bbLARGA ESTANCIA VUELO PRIVADO EN SAFARIS\u00bb font_container=\u00bbtag:h2|font_size:32|text_align:center|color:%2378281f\u00bb google_fonts=\u00bbfont_family:Roboto%3A100%2C100italic%2C300%2C300italic%2Cregular%2Citalic%2C500%2C500italic%2C700%2C700italic%2C900%2C900italic|font_style:400%20regular%3A400%3Anormal\u00bb][vc_separator color=\u00bbcustom\u00bb border_width=\u00bb2&#8243; el_width=\u00bb50&#8243; accent_color=\u00bb#78281f\u00bb][vc_empty_space][\/vc_column][\/vc_row][vc_row full_width=\u00bbstretch_row\u00bb][vc_column css=\u00bb.vc_custom_1687781932407{padding: 10px !important;}\u00bb][vc_headings style=\u00bbtheme3&#8243; linewidth=\u00bb100&#8243; borderclr=\u00bb#890000&#8243; title=\u00bbPAQUETES DE LARGA ESTANCIA\u00bb google_fonts=\u00bbfont_family:Open%20Sans%3A300%2C300italic%2Cregular%2Citalic%2C600%2C600italic%2C700%2C700italic%2C800%2C800italic|font_style:600%20bold%20regular%3A600%3Anormal\u00bb titleclr=\u00bb#890000&#8243;][\/vc_headings][\/vc_column][\/vc_row][vc_row full_width=\u00bbstretch_row\u00bb][vc_column css=\u00bb.vc_custom_1687781941613{padding: 10px !important;}\u00bb][vc_custom_heading text=\u00bbViaje a trav\u00e9s de los hermosos paisajes, dirigi\u00e9ndose al monte por aire, a veces aterrizando en una pista de aterrizaje de tierra en medio de la naturaleza; a\u00f1adiendo otro toque al esp\u00edritu de aventura. Una forma realmente fant\u00e1stica de ver la naturaleza salvaje y obtendr\u00e1s unas vistas impresionantes desde el aire en el camino. \u00bb font_container=\u00bbtag:h2|font_size:18|text_align:center|color:%23333333&#8243; google_fonts=\u00bbfont_family:Roboto%3A100%2C100italic%2C300%2C300italic%2Cregular%2Citalic%2C500%2C500italic%2C700%2C700italic%2C900%2C900italic|font_style:400%20regular%3A400%3Anormal\u00bb][\/vc_column][\/vc_row][vc_row full_width=\u00bbstretch_row\u00bb][vc_column width=\u00bb1\/3&#8243; css=\u00bb.vc_custom_1687781957093{padding: 10px !important;}\u00bb]<div class=\"cq-hovercard cq-rotateY  cq-hovercard-hideicon\" data-contentcolor=\"\" data-iconcolor=\"#890000\" data-bgheight=\"240\" data-captionoffset=\"\" data-videowidth=\"640\" data-linktype=\"customlink\" data-bgtype=\"image\" data-lightboxmargin=\"\"><a href=\"https:\/\/mufasatoursandtravels.com\/kenya-flying-safaris-long-stay\/scenic-kenya-safari\/\" title=\"Scenic Kenya Safari\" target=\"\" class=\"cq-hovercard-customlink\"><img decoding=\"async\" src=\"https:\/\/mufasatoursandtravels.com\/wp-content\/uploads\/2023\/01\/pexels-sanjeed-quazi-7734639-scaled.jpg\" class=\"cq-hovercard-background\" alt=\"\" \/><div class=\"cq-hovercard-textcontainer\"><div class=\"cq-hovercard-title\">Kenia esc\u00e9nica<\/div><div class=\"cq-hovercard-content\">7 Days | 6 Nights<\/div><i class=\"cq-hovercard-icon vc-material vc-material-flight\"><\/i><\/div><\/a><\/div>[\/vc_column][vc_column width=\u00bb1\/3&#8243; css=\u00bb.vc_custom_1687781965534{padding: 10px !important;}\u00bb]<div class=\"cq-hovercard cq-rotateX  cq-hovercard-hideicon\" data-contentcolor=\"\" data-iconcolor=\"#890000\" data-bgheight=\"240\" data-captionoffset=\"\" data-videowidth=\"640\" data-linktype=\"customlink\" data-bgtype=\"image\" data-lightboxmargin=\"\"><a href=\"https:\/\/mufasatoursandtravels.com\/kenya-flying-safaris-long-stay\/treasures-of-kenya-safari\/\" title=\"Treasures of Kenya Safari\" target=\"\" class=\"cq-hovercard-customlink\"><img decoding=\"async\" src=\"https:\/\/mufasatoursandtravels.com\/wp-content\/uploads\/2023\/01\/treasures-of-kenya-scaled.jpg\" class=\"cq-hovercard-background\" alt=\"\" \/><div class=\"cq-hovercard-textcontainer\"><div class=\"cq-hovercard-title\">Tesoros de Kenia<\/div><div class=\"cq-hovercard-content\">7 Days | 6 Nights<\/div><i class=\"cq-hovercard-icon vc-material vc-material-flight\"><\/i><\/div><\/a><\/div>[\/vc_column][vc_column width=\u00bb1\/3&#8243;]<div class=\"cq-hovercard cq-rotateY  cq-hovercard-hideicon\" data-contentcolor=\"\" data-iconcolor=\"#890000\" data-bgheight=\"240\" data-captionoffset=\"\" data-videowidth=\"640\" data-linktype=\"customlink\" data-bgtype=\"image\" data-lightboxmargin=\"\"><a href=\"https:\/\/mufasatoursandtravels.com\/kenya-flying-safaris-long-stay\/samburu-flying-safari\/\" title=\"Samburu Flying Safari\" target=\"\" class=\"cq-hovercard-customlink\"><img decoding=\"async\" src=\"https:\/\/mufasatoursandtravels.com\/wp-content\/uploads\/2023\/06\/Hot-Air-Ballon-Safari-scaled.jpg\" class=\"cq-hovercard-background\" alt=\"\" \/><div class=\"cq-hovercard-textcontainer\"><div class=\"cq-hovercard-title\">Sabor a \u00c1frica<\/div><div class=\"cq-hovercard-content\">7 Days | 6 Nights<\/div><i class=\"cq-hovercard-icon vc-material vc-material-flight\"><\/i><\/div><\/a><\/div>[\/vc_column][\/vc_row][vc_row full_width=\u00bbstretch_row\u00bb][vc_column width=\u00bb1\/3&#8243; css=\u00bb.vc_custom_1687781984415{padding: 10px !important;}\u00bb]<div class=\"cq-hovercard cq-rotateY  cq-hovercard-hideicon\" data-contentcolor=\"\" data-iconcolor=\"#890000\" data-bgheight=\"240\" data-captionoffset=\"\" data-videowidth=\"640\" data-linktype=\"customlink\" data-bgtype=\"image\" data-lightboxmargin=\"\"><a href=\"https:\/\/mufasatoursandtravels.com\/kenya-flying-safaris\/kenya-flying-safaris-long-stay\/kenyan-paradise-safari\/\" title=\"Kenyan Paradise Safari\" target=\"\" class=\"cq-hovercard-customlink\"><img decoding=\"async\" src=\"https:\/\/mufasatoursandtravels.com\/wp-content\/uploads\/2023\/01\/Lion-scaled.jpg\" class=\"cq-hovercard-background\" alt=\"\" \/><div class=\"cq-hovercard-textcontainer\"><div class=\"cq-hovercard-title\">Para\u00edso de Kenia<\/div><div class=\"cq-hovercard-content\">7 Days | 6 Nights<\/div><i class=\"cq-hovercard-icon vc-material vc-material-flight\"><\/i><\/div><\/a><\/div>[\/vc_column][vc_column width=\u00bb1\/3&#8243; css=\u00bb.vc_custom_1687781992390{padding: 10px !important;}\u00bb]<div class=\"cq-hovercard cq-rotateY  cq-hovercard-hideicon\" data-contentcolor=\"\" data-iconcolor=\"#890000\" data-bgheight=\"240\" data-captionoffset=\"\" data-videowidth=\"640\" data-linktype=\"customlink\" data-bgtype=\"image\" data-lightboxmargin=\"\"><a href=\"https:\/\/mufasatoursandtravels.com\/kenya-flying-safaris\/kenya-flying-safaris-long-stay\/bush-beyond-fly-in-safari\/\" title=\"Bush & Beyond Fly In Safari\" target=\"\" class=\"cq-hovercard-customlink\"><img decoding=\"async\" src=\"https:\/\/mufasatoursandtravels.com\/wp-content\/uploads\/2022\/03\/loisaba-tented-camp-infinity-pool-590x390-1.jpg\" class=\"cq-hovercard-background\" alt=\"\" \/><div class=\"cq-hovercard-textcontainer\"><div class=\"cq-hovercard-title\">Bush y m\u00e1s all\u00e1<\/div><div class=\"cq-hovercard-content\">9 Days | 8 Nights<\/div><i class=\"cq-hovercard-icon vc-material vc-material-flight\"><\/i><\/div><\/a><\/div>[\/vc_column][vc_column width=\u00bb1\/3&#8243; css=\u00bb.vc_custom_1687782000765{padding: 10px !important;}\u00bb]<div class=\"cq-hovercard cq-rotateY  cq-hovercard-hideicon\" data-contentcolor=\"\" data-iconcolor=\"#890000\" data-bgheight=\"240\" data-captionoffset=\"\" data-videowidth=\"640\" data-linktype=\"customlink\" data-bgtype=\"image\" data-lightboxmargin=\"\"><a href=\"https:\/\/mufasatoursandtravels.com\/kenya-flying-safaris-long-stay\/ziwa-flying-safari\/\" title=\"Ziwa Flying Safari\" target=\"\" class=\"cq-hovercard-customlink\"><img decoding=\"async\" src=\"https:\/\/mufasatoursandtravels.com\/wp-content\/uploads\/2022\/01\/lake-nakuru-national-park-1.jpg\" class=\"cq-hovercard-background\" alt=\"MUFASA TOURS AND TRAVELS KENYA\" \/><div class=\"cq-hovercard-textcontainer\"><div class=\"cq-hovercard-title\">Safari volador de Ziwa<\/div><div class=\"cq-hovercard-content\">10 Days | 9 Nights<\/div><i class=\"cq-hovercard-icon vc-material vc-material-flight\"><\/i><\/div><\/a><\/div>[\/vc_column][\/vc_row][vc_row full_width=\u00bbstretch_row\u00bb][vc_column][vc_empty_space height=\u00bb16px\u00bb][\/vc_column][\/vc_row]\n","protected":false},"excerpt":{"rendered":"<p>[vc_row full_width=\u00bbstretch_row_content_no_spaces\u00bb content_placement=\u00bbmiddle\u00bb][vc_column parallax=\u00bbcontent-moving\u00bb parallax_image=\u00bb11395&#8243; parallax_speed_bg=\u00bb1.2&#8243; css=\u00bb.vc_custom_1687786288720{padding-top: 100px !important;padding-right: 100px !important;padding-bottom: 100px !important;padding-left: 100px !important;}\u00bb][vc_custom_heading text=\u00bbLARGA ESTANCIA VUELO PRIVADO EN SAFARIS\u00bb font_container=\u00bbtag:h2|font_size:32|text_align:center|color:%2378281f\u00bb google_fonts=\u00bbfont_family:Roboto%3A100%2C100italic%2C300%2C300italic%2Cregular%2Citalic%2C500%2C500italic%2C700%2C700italic%2C900%2C900italic|font_style:400%20regular%3A400%3Anormal\u00bb][vc_separator color=\u00bbcustom\u00bb border_width=\u00bb2&#8243; el_width=\u00bb50&#8243; accent_color=\u00bb#78281f\u00bb][vc_empty_space][\/vc_column][\/vc_row][vc_row full_width=\u00bbstretch_row\u00bb][vc_column css=\u00bb.vc_custom_1687781932407{padding: 10px !important;}\u00bb][vc_headings style=\u00bbtheme3&#8243; linewidth=\u00bb100&#8243; borderclr=\u00bb#890000&#8243; title=\u00bbPAQUETES DE LARGA ESTANCIA\u00bb google_fonts=\u00bbfont_family:Open%20Sans%3A300%2C300italic%2Cregular%2Citalic%2C600%2C600italic%2C700%2C700italic%2C800%2C800italic|font_style:600%20bold%20regular%3A600%3Anormal\u00bb titleclr=\u00bb#890000&#8243;][\/vc_headings][\/vc_column][\/vc_row][vc_row full_width=\u00bbstretch_row\u00bb][vc_column css=\u00bb.vc_custom_1687781941613{padding: 10px !important;}\u00bb][vc_custom_heading text=\u00bbViaje a trav\u00e9s de los hermosos paisajes, dirigi\u00e9ndose al monte por [&hellip;]<\/p>\n","protected":false},"author":4,"featured_media":0,"parent":27917,"menu_order":1,"comment_status":"closed","ping_status":"closed","template":"page-blank.php","meta":{"_themeisle_gutenberg_block_has_review":false,"footnotes":""},"class_list":["post-33443","page","type-page","status-publish","hentry"],"_links":{"self":[{"href":"https:\/\/mufasatoursandtravels.com\/es\/wp-json\/wp\/v2\/pages\/33443","targetHints":{"allow":["GET"]}}],"collection":[{"href":"https:\/\/mufasatoursandtravels.com\/es\/wp-json\/wp\/v2\/pages"}],"about":[{"href":"https:\/\/mufasatoursandtravels.com\/es\/wp-json\/wp\/v2\/types\/page"}],"author":[{"embeddable":true,"href":"https:\/\/mufasatoursandtravels.com\/es\/wp-json\/wp\/v2\/users\/4"}],"replies":[{"embeddable":true,"href":"https:\/\/mufasatoursandtravels.com\/es\/wp-json\/wp\/v2\/comments?post=33443"}],"version-history":[{"count":10,"href":"https:\/\/mufasatoursandtravels.com\/es\/wp-json\/wp\/v2\/pages\/33443\/revisions"}],"predecessor-version":[{"id":33480,"href":"https:\/\/mufasatoursandtravels.com\/es\/wp-json\/wp\/v2\/pages\/33443\/revisions\/33480"}],"up":[{"embeddable":true,"href":"https:\/\/mufasatoursandtravels.com\/es\/wp-json\/wp\/v2\/pages\/27917"}],"wp:attachment":[{"href":"https:\/\/mufasatoursandtravels.com\/es\/wp-json\/wp\/v2\/media?parent=33443"}],"curies":[{"name":"wp","href":"https:\/\/api.w.org\/{rel}","templated":true}]}}