{"id":33451,"date":"2022-03-08T10:19:59","date_gmt":"2022-03-08T07:19:59","guid":{"rendered":"https:\/\/mufasatoursandtravels.com\/safaris-en-kenia-tanzania-y-zanzibar\/safaris-privados-silver-connect\/impresionante-safari-por-africa\/"},"modified":"2025-04-10T16:45:12","modified_gmt":"2025-04-10T13:45:12","slug":"impresionante-safari-por-africa","status":"publish","type":"page","link":"https:\/\/mufasatoursandtravels.com\/es\/safaris-en-kenia-tanzania-y-zanzibar\/impresionante-safari-por-africa\/","title":{"rendered":"Impresionante safari por \u00c1frica"},"content":{"rendered":"[vc_row full_width=\u00bbstretch_row\u00bb gap=\u00bb1&#8243;][vc_column parallax=\u00bbcontent-moving\u00bb parallax_image=\u00bb11107&#8243; parallax_speed_bg=\u00bb1.7&#8243; css=\u00bb.vc_custom_1691132642508{padding-top: 80px !important;padding-right: 80px !important;padding-bottom: 80px !important;padding-left: 80px !important;}\u00bb][vc_custom_heading text=\u00bbIMPRESIONANTE SAFARI POR \u00c1FRICA\u00bb font_container=\u00bbtag:h1|font_size:32|text_align:center|color:%23ffffff\u00bb google_fonts=\u00bbfont_family:Roboto%3A100%2C100italic%2C300%2C300italic%2Cregular%2Citalic%2C500%2C500italic%2C700%2C700italic%2C900%2C900italic|font_style:400%20regular%3A400%3Anormal\u00bb][vc_separator color=\u00bbcustom\u00bb border_width=\u00bb2&#8243; el_width=\u00bb80&#8243; accent_color=\u00bb#f8f8f8&#8243;][vc_custom_heading text=\u00bbL.Nakuru \u21fe Masai Mara \u21fe Serengeti \u21fe Ngorongoro \u21fe L.Manyara \u21fe Amboseli \u21fe Playa de Diani\u00bb font_container=\u00bbtag:h2|font_size:18|text_align:center|color:%23ffffff\u00bb google_fonts=\u00bbfont_family:Roboto%3A100%2C100italic%2C300%2C300italic%2Cregular%2Citalic%2C500%2C500italic%2C700%2C700italic%2C900%2C900italic|font_style:400%20regular%3A400%3Anormal\u00bb][\/vc_column][\/vc_row][vc_row][vc_column css=\u00bb.vc_custom_1678181996556{border-top-width: 10px !important;border-right-width: 10px !important;border-bottom-width: 10px !important;border-left-width: 10px !important;}\u00bb][vc_tta_tabs shape=\u00bbsquare\u00bb color=\u00bbjuicy-pink\u00bb alignment=\u00bbcenter\u00bb active_section=\u00bb1&#8243; no_fill_content_area=\u00bbtrue\u00bb][vc_tta_section title=\u00bbPrograma\u00bb tab_id=\u00bb1633454673222-3d94f956-010c\u00bb][info_list_father listwidth=\u00bb0.5&#8243; listclr=\u00bb#f8f8f8&#8243;][info_list_son style=\u00bbicon\u00bb size=\u00bb20&#8243; width=\u00bb20&#8243; height=\u00bb20&#8243; titleclr=\u00bb#811a18&#8243; title=\u00bbD\u00cdA 1: DE NAIROBI AL LAGO NAKURU\u00bb icon=\u00bbfas fa-hiking\u00bb iconclr=\u00bb#811a18&#8243; lineheight=\u00bb2&#8243; iconbg=\u00bb#f8f8f8&#8243; borderclr=\u00bb#f8f8f8&#8243;]\n<ul>\n<li>Te recoger\u00e1n en tu hotel o aeropuerto de Nairobi a las 7:00 horas.<\/li>\n<li>Conduzca a trav\u00e9s del <a href=\"https:\/\/en.wikipedia.org\/wiki\/Great_Rift_Valley\" rel=\"nofollow noopener\" target=\"_blank\">Gran Valle del Rift<\/a>, det\u00e9ngase durante unos 15 minutos y tome fotos mientras avanzamos hacia el lago Nakuru.<\/li>\n<li>Llegada al campamento o albergue para almorzar y registrarse.<\/li>\n<li>Despu\u00e9s del almuerzo y la relajaci\u00f3n, dir\u00edjase a una tarde de safaris en el <a href=\"http:\/\/www.kws.go.ke\/lake-nakuru-national-park\" rel=\"nofollow noopener\" target=\"_blank\">Parque Nacional del Lago Nakuru<\/a><\/li>\n<li>tambi\u00e9n es conocido por sus famosas especies como rinocerontes negros, leones, jirafas Rothschild y otros animales salvajes que se encuentran en el parque hasta el atardecer.<\/li>\n<li>Regreso al albergue para cenar y pasar la noche.<\/li>\n<\/ul>\n[\/info_list_son][info_list_son style=\u00bbicon\u00bb size=\u00bb20&#8243; width=\u00bb20&#8243; height=\u00bb20&#8243; titleclr=\u00bb#811a18&#8243; icon=\u00bbfas fa-hiking\u00bb iconclr=\u00bb#811a18&#8243; title=\u00bbD\u00cdA 2: DEL LAGO NAKURU A MASAI MARA\u00bb lineheight=\u00bb2&#8243;]\n<ul>\n<li>Desayuno temprano en el campamento o albergue.<\/li>\n<li>Salida del albergue y traslado a Masai Mara, que est\u00e1 a 5-6 horas en coche.<\/li>\n<li>Llegada al campamento o albergue para almorzar y registrarse.<\/li>\n<li>Despu\u00e9s del almuerzo y la relajaci\u00f3n, dir\u00edjase a una tarde de safaris en la <a href=\"https:\/\/www.safaribookings.com\/masai-mara\" rel=\"nofollow noopener\" target=\"_blank\">Reserva Nacional de Masai Mara<\/a> hasta tarde en la puesta del sol, donde podr\u00e1 ver varias llanuras de hierba abiertas y arbustos de acacia dispersos que albergan una amplia variedad de vida silvestre de los CINCO GRANDES, como leones, leopardos, guepardos, hienas, b\u00fafalos, jirafas,  elefantes, el rinoceronte negro en peligro de extinci\u00f3n y \u00f1us con el techo abierto de par en par.<\/li>\n<li>Regreso al albergue \/ campamento para cenar y pasar la noche.<\/li>\n<\/ul>\n[\/info_list_son][info_list_son style=\u00bbicon\u00bb size=\u00bb20&#8243; width=\u00bb20&#8243; height=\u00bb20&#8243; titleclr=\u00bb#811a18&#8243; icon=\u00bbfas fa-hiking\u00bb iconclr=\u00bb#811a18&#8243; title=\u00bbD\u00cdA 3: SAFARIS DE MASAI MARA\u00bb lineheight=\u00bb2&#8243; iconbg=\u00bb#f8f8f8&#8243; borderclr=\u00bb#f8f8f8&#8243;]\n<ul>\n<li data-shorten=\"300\">Desayuno temprano en el campamento o albergue.<\/li>\n<li data-shorten=\"300\">Despu\u00e9s del desayuno, los hu\u00e9spedes temprano en la ma\u00f1ana partir\u00e1n para un d\u00eda completo en la <a href=\"https:\/\/www.safaribookings.com\/masai-mara\" rel=\"nofollow noopener\" target=\"_blank\">Reserva Nacional de Masai Mara<\/a> en busca <a href=\"https:\/\/www.nationalgeographic.com\/animals\/article\/africa-big-five-safaris-lions\" rel=\"nofollow noopener\" target=\"_blank\">de los cinco grandes de \u00c1frica<\/a> bajo el techo abierto de un veh\u00edculo tur\u00edstico con almuerzo para llevar que se servir\u00e1 como almuerzo de picnic en la sabana salvaje. Los <a href=\"https:\/\/www.nationalgeographic.com\/animals\/article\/africa-big-five-safaris-lions\" rel=\"nofollow noopener\" target=\"_blank\">Cinco Grandes de \u00c1frica<\/a> son el elefante africano, el le\u00f3n, el rinoceronte, el b\u00fafalo y el leopardo y una variedad de especies de aves de m\u00e1s de 200 especies y herb\u00edvoros como cebras, \u00f1us en grandes cantidades en ruta hacia el <a href=\"https:\/\/en.wikipedia.org\/wiki\/Mara_River\" rel=\"nofollow noopener\" target=\"_blank\">Gran R\u00edo Mara<\/a> , donde la octava maravilla del mundo ocurre cada a\u00f1o de julio a agosto llamada <a href=\"https:\/\/www.masaimara.com\/great-migration-kenya.php#:~:text=Each%20year%2C%20over%20two%20million,an%20iconic%20safari%20must%2Dsee.\" rel=\"nofollow noopener\" target=\"_blank\">La Gran Migraci\u00f3n de \u00f1us<\/a>. Ver\u00e1 esta incre\u00edble vida silvestre durante el d\u00eda completo de safari desde el techo abierto del veh\u00edculo para disfrutar de excelentes vistas y fotograf\u00edas hasta \u00faltima hora de la tarde.  <\/li>\n<li data-shorten=\"300\">Regreso al albergue para cenar y pasar la noche en el campamento o albergue.<\/li>\n<\/ul>\n[\/info_list_son][info_list_son style=\u00bbicon\u00bb size=\u00bb20&#8243; width=\u00bb20&#8243; height=\u00bb20&#8243; titleclr=\u00bb#811a18&#8243; icon=\u00bbfas fa-hiking\u00bb iconclr=\u00bb#811a18&#8243; title=\u00bbD\u00cdA 4: DE MASAI MARA AL PARQUE NACIONAL DEL SERENGETI\u00bb lineheight=\u00bb2&#8243; iconbg=\u00bb#f8f8f8&#8243; borderclr=\u00bb#f8f8f8&#8243;]\n<ul>\n<li>Desayuno temprano en el campamento o albergue.<\/li>\n<li>Salida con equipaje con almuerzos para llevar y conduzca hacia la frontera de Kenia y Tanzania, que es un viaje de 4 horas.<\/li>\n<li>Llegada a la frontera de Isebania a las 11.00 a.m. y check-in en inmigraci\u00f3n y renuncia a todos los tr\u00e1mites para cruzar a Tanzania.<\/li>\n<li>Nuestro gu\u00eda conductor tanzano lo recoger\u00e1 y se dirigir\u00e1 al Parque Nacional Serengeti, que limita con la Reserva Nacional Masai Mara, con safaris en ruta hacia el campamento, registrarse para la cena y pasar la noche en el campamento<\/li>\n<\/ul>\n[\/info_list_son][info_list_son style=\u00bbicon\u00bb size=\u00bb20&#8243; width=\u00bb20&#8243; height=\u00bb20&#8243; titleclr=\u00bb#811a18&#8243; icon=\u00bbfas fa-hiking\u00bb iconclr=\u00bb#811a18&#8243; title=\u00bbD\u00cdA 5-6: SAFARIS POR EL SERENGETI\u00bb lineheight=\u00bb2&#8243; iconbg=\u00bb#f8f8f8&#8243; borderclr=\u00bb#f8f8f8&#8243;]\n<ul>\n<li>Un d\u00eda completo de observaci\u00f3n de animales conduce mientras exploramos esta vasta reserva de vida silvestre dotada de naturaleza.<\/li>\n<li>Las opciones de sesiones de observaci\u00f3n de juegos por la ma\u00f1ana y por la tarde o durante todo el d\u00eda est\u00e1n disponibles para usted.<\/li>\n<li>La migraci\u00f3n anual de \u00f1us es la atracci\u00f3n m\u00e1s famosa del Serengeti.<\/li>\n<li>Tambi\u00e9n es el hogar de una manada de leones a los que se les han equipado collares transmisores de radio para que se puedan rastrear sus movimientos.<\/li>\n<li>Otros animales salvajes que puede ver incluyen guepardo, cebra, jirafa, gacela de Thompson y Grant, Eland, Impala, Klipspringer, hipop\u00f3tamo y jabal\u00ed.<\/li>\n<\/ul>\n[\/info_list_son][info_list_son style=\u00bbicon\u00bb size=\u00bb20&#8243; width=\u00bb20&#8243; height=\u00bb20&#8243; titleclr=\u00bb#811a18&#8243; icon=\u00bbfas fa-hiking\u00bb iconclr=\u00bb#811a18&#8243; title=\u00bbD\u00cdA 7: DEL SERENGETI AL CR\u00c1TER DEL NGORONGORO\u00bb lineheight=\u00bb2&#8243; iconbg=\u00bb#f8f8f8&#8243; borderclr=\u00bb#f8f8f8&#8243;]\n<ul>\n<li>Sal del Serengeti con un safari en ruta.<\/li>\n<li>Desciende al suelo del cr\u00e1ter del Ngorongoro para observar animales en este parque de calderas \u00fanico.<\/li>\n<li>Estaremos atentos a rinocerontes, leones, elefantes, leopardos, guepardos, b\u00fafalos e hipop\u00f3tamos.<\/li>\n<li>M\u00e1s tarde ascendemos hasta el borde del cr\u00e1ter<\/li>\n<li>\u00a1Echa un vistazo a las vistas m\u00e1s magn\u00edficas del atardecer en \u00c1frica desde el borde del cr\u00e1ter!<\/li>\n<\/ul>\n[\/info_list_son][info_list_son style=\u00bbicon\u00bb size=\u00bb20&#8243; width=\u00bb20&#8243; height=\u00bb20&#8243; titleclr=\u00bb#811a18&#8243; icon=\u00bbfas fa-hiking\u00bb iconclr=\u00bb#811a18&#8243; title=\u00bbD\u00cdA 8: DE NGORONGORO AL LAGO MANYARA\u00bb lineheight=\u00bb2&#8243; iconbg=\u00bb#f8f8f8&#8243; borderclr=\u00bb#f8f8f8&#8243;]\n<ul>\n<li>Pre-desayuno temprano en el campamento y relajaci\u00f3n en las ma\u00f1anas del campamento.<\/li>\n<li>Dir\u00edjase al lago Manyara para observar animales en busca de los famosos leones trepadores de \u00e1rboles y grandes bandadas de flamencos.<\/li>\n<li>El parque nacional del lago Manyara es peque\u00f1o y pintoresco<\/li>\n<\/ul>\n[\/info_list_son][info_list_son style=\u00bbicon\u00bb size=\u00bb20&#8243; width=\u00bb20&#8243; height=\u00bb20&#8243; titleclr=\u00bb#811a18&#8243; icon=\u00bbfas fa-hiking\u00bb iconclr=\u00bb#811a18&#8243; title=\u00bbD\u00cdA 9: DEL LAGO MANYARA A AMBOSELI\u00bb lineheight=\u00bb2&#8243; iconbg=\u00bb#f8f8f8&#8243; borderclr=\u00bb#f8f8f8&#8243;]\n<ul>\n<li>Despu\u00e9s del desayuno, salida hacia Arusha<\/li>\n<li>Contin\u00fae hasta la frontera de Namanga con almuerzos para llevar.<\/li>\n<li>Llegue a Namanga y proceda con los tr\u00e1mites de inmigraci\u00f3n y nuestro gu\u00eda conductor de Kenia lo estar\u00e1 esperando para continuar con Amboseli.<\/li>\n<li>Contin\u00fae con un safari por la tarde desde las 3.30 pm hasta el atardecer. Coronado por el <a href=\"https:\/\/en.wikipedia.org\/wiki\/Mount_Kilimanjaro\" rel=\"nofollow noopener\" target=\"_blank\">monte Kilimanjaro<\/a>, la monta\u00f1a m\u00e1s alta de \u00c1frica. El <a href=\"http:\/\/www.kws.go.ke\/amboseli-national-park\" rel=\"nofollow noopener\" target=\"_blank\">Parque Nacional de Amboseli<\/a> es uno de los parques m\u00e1s populares de Kenia. El nombre \u00abAmboseli\u00bb proviene de una palabra mas\u00e1i que significa \u00abpolvo salado\u00bb, y es uno de los mejores lugares de \u00c1frica para ver de cerca grandes manadas de elefantes.   <\/li>\n<li>Regreso al albergue para cenar y pasar la noche.<\/li>\n<\/ul>\n[\/info_list_son][info_list_son style=\u00bbicon\u00bb size=\u00bb20&#8243; width=\u00bb20&#8243; height=\u00bb20&#8243; titleclr=\u00bb#811a18&#8243; icon=\u00bbfas fa-hiking\u00bb iconclr=\u00bb#811a18&#8243; title=\u00bbD\u00cdA 10: DE AMBOSELI A LA PLAYA DE DIANI\u00bb lineheight=\u00bb2&#8243; iconbg=\u00bb#f8f8f8&#8243; borderclr=\u00bb#f8f8f8&#8243;]\n<ul>\n<li>Despu\u00e9s del desayuno, salida hacia Arusha<\/li>\n<li>Contin\u00fae hasta la estaci\u00f3n de tren de Emali.<\/li>\n<li>Sube a bordo del tren a Mombasa que tarda 5 horas y llega a Mombasa Terminus a las 14:00 horas.<\/li>\n<li>El representante de nuestra empresa lo recoger\u00e1 y lo trasladar\u00e1 a su resort de playa a lo largo de la playa de Diani.<\/li>\n<li>Cena y alojamiento en el resort.<\/li>\n<\/ul>\n[\/info_list_son][info_list_son style=\u00bbicon\u00bb size=\u00bb20&#8243; width=\u00bb20&#8243; height=\u00bb20&#8243; titleclr=\u00bb#811a18&#8243; icon=\u00bbfas fa-hiking\u00bb iconclr=\u00bb#811a18&#8243; title=\u00bbD\u00cdA 11-13: RELAJACI\u00d3N EN LA PLAYA DE DIANI\u00bb lineheight=\u00bb2&#8243; iconbg=\u00bb#f8f8f8&#8243; borderclr=\u00bb#f8f8f8&#8243;]\n<ul>\n<li>Despu\u00e9s del desayuno, los hu\u00e9spedes tienen la opci\u00f3n de hacer un recorrido por las playas de arena en los bordes del hotel o hacer un recorrido por el centro de la ciudad de Mombasa, donde pueden visitar Fort Jesus, Haller Park, la ciudad vieja de Mombasa y muchos otros paisajes excelentes de la ciudad.<\/li>\n<li>Si tambi\u00e9n lo desea puede relajarse y disfrutar de las comodidades del hotel, como la nataci\u00f3n en el hotel y las actividades que se ofrecen en el hotel a su propio costo si se cobra.<\/li>\n<\/ul>\n[\/info_list_son][info_list_son style=\u00bbicon\u00bb size=\u00bb20&#8243; width=\u00bb20&#8243; height=\u00bb20&#8243; titleclr=\u00bb#811a18&#8243; icon=\u00bbfas fa-hiking\u00bb iconclr=\u00bb#811a18&#8243; title=\u00bbD\u00cdA 14: PLAYA DE DIANI VUELO DE REGRESO A NAIROBI\u00bb lineheight=\u00bb2&#8243; iconbg=\u00bb#f8f8f8&#8243; borderclr=\u00bb#f8f8f8&#8243;]\n<ul>\n<li>Despu\u00e9s del desayuno, har\u00e1 el check-out y esperar\u00e1 a que nuestro coche de empresa le recoja y se traslade al aeropuerto para embarcar en un vuelo o tren a Nairobi.<\/li>\n<li>A su llegada a la estaci\u00f3n de tren o al aeropuerto de Nairobi ser\u00e1 recogido y trasladado al aeropuerto para un vuelo programado de regreso a casa.<\/li>\n<\/ul>\n[\/info_list_son][\/info_list_father][\/vc_tta_section][vc_tta_section title=\u00bbInclusivo\/Exclusivo\u00bb tab_id=\u00bb1633455601016-f93699bc-5d92&#8243;][vc_row_inner][vc_column_inner width=\u00bb1\/2&#8243;][info_list_father][info_list_son style=\u00bbicon\u00bb size=\u00bb10&#8243; width=\u00bb20&#8243; height=\u00bb20&#8243; titleclr=\u00bb#890000&#8243; icon=\u00bbfas fa-plus-circle\u00bb iconclr=\u00bb#890000&#8243; title=\u00bbINCLUIDO\u00bb lineheight=\u00bb2&#8243; iconbg=\u00bb#f8f8f8&#8243; borderclr=\u00bb#f8f8f8&#8243;]\n<ul>\n<li>Tarifas del parque para el parque declaradas.<\/li>\n<li>Transporte en un Landcruiser de techo abierto.<\/li>\n<li>Servicio de un gu\u00eda conductor profesional.<\/li>\n<li>Comidas en pensi\u00f3n completa en el albergue \/ campamento.<\/li>\n<li>13 noches de alojamiento en el respectivo hotel indicado.<\/li>\n<li>Agua ilimitada en el veh\u00edculo.<\/li>\n<li>Billetes de tren a Mombasa.<\/li>\n<li>Vuelos de regreso a Nairobi desde Diani.<\/li>\n<\/ul>\n[\/info_list_son][\/info_list_father][\/vc_column_inner][vc_column_inner width=\u00bb1\/2&#8243;][info_list_father][info_list_son style=\u00bbicon\u00bb size=\u00bb10&#8243; width=\u00bb20&#8243; height=\u00bb20&#8243; titleclr=\u00bb#890000&#8243; icon=\u00bbfas fa-minus-circle\u00bb iconclr=\u00bb#890000&#8243; title=\u00bbEXCLUIDOS\u00bb lineheight=\u00bb2&#8243; iconbg=\u00bb#f8f8f8&#8243; borderclr=\u00bb#f8f8f8&#8243;]\n<ul>\n<li>Visita cultural a la aldea Masai @ $ 20 por persona.<\/li>\n<li>Propinas para gu\u00eda del conductor (<strong>Muy recomendable<\/strong>).<\/li>\n<li>Art\u00edculos personales (Souvenirs, seguro de viaje, tasas de visado, etc.).<\/li>\n<li>Alojamiento adicional antes y al final del tour.<\/li>\n<li>El gobierno impuso un aumento en los impuestos y\/o tarifas del parque.<\/li>\n<li>Paseos en globo aerost\u00e1tico @ $ 450 por adulto \/ $ 350 por ni\u00f1o (<strong>menores de 18 a\u00f1os<\/strong>).<\/li>\n<li>Tasas de visado de Kenia a Tanzania de 100 d\u00f3lares por persona.<\/li>\n<li>Vuelos Internacionales<\/li>\n<li>La franquicia de equipaje est\u00e1 <strong>ESTRICTAMENTE<\/strong> limitada a 15 kg por persona.<\/li>\n<li>Los beb\u00e9s que no paguen por un asiento no tienen derecho a la franquicia de equipaje.<\/li>\n<\/ul>\n[\/info_list_son][\/info_list_father][\/vc_column_inner][\/vc_row_inner][\/vc_tta_section][vc_tta_section title=\u00bbLista de verificaci\u00f3n de viaje\u00bb tab_id=\u00bb1633892890537-5637ec0b-4c69&#8243;][vc_row_inner][vc_column_inner width=\u00bb1\/2&#8243;][vc_custom_heading text=\u00bbAntes de viajar\u00bb font_container=\u00bbtag:h2|text_align:left|color:%23890000&#8243; google_fonts=\u00bbfont_family:Open%20Sans%3A300%2C300italic%2Cregular%2Citalic%2C600%2C600italic%2C700%2C700italic%2C800%2C800italic\u00bb][vc_separator color=\u00bbcustom\u00bb align=\u00bbalign_left\u00bb border_width=\u00bb2&#8243; el_width=\u00bb20&#8243; accent_color=\u00bb#890000&#8243;][vc_column_text]Antes de emprender tu viaje, aseg\u00farate de leer nuestros completos consejos de viaje para una experiencia perfecta.[\/vc_column_text][vc_btn title=\u00bbAprende m\u00e1s\u00bb style=\u00bboutline-custom\u00bb outline_custom_color=\u00bb#890000&#8243; outline_custom_hover_background=\u00bb#890000&#8243; outline_custom_hover_text=\u00bb#ffffff\u00bb size=\u00bbsm\u00bb i_align=\u00bbright\u00bb i_icon_fontawesome=\u00bbfas fa-angle-right\u00bb add_icon=\u00bbtrue\u00bb link=\u00bburl:https%3A%2F%2Fmufasatoursandtravels.com%2Fes%2Fpreparandose-para-viajar%2F|title:Prepar%C3%A1ndose%20para%20viajar|\u00bb][\/vc_column_inner][vc_column_inner width=\u00bb1\/2&#8243;][vc_custom_heading text=\u00bbEn la reserva\u00bb font_container=\u00bbtag:h2|text_align:left|color:%23890000&#8243; google_fonts=\u00bbfont_family:Open%20Sans%3A300%2C300italic%2Cregular%2Citalic%2C600%2C600italic%2C700%2C700italic%2C800%2C800italic\u00bb][vc_separator color=\u00bbcustom\u00bb align=\u00bbalign_left\u00bb border_width=\u00bb2&#8243; el_width=\u00bb20&#8243; accent_color=\u00bb#890000&#8243;][vc_column_text]Mejore su planificaci\u00f3n de viaje descargando informaci\u00f3n valiosa sobre el destino, como los requisitos de pasaporte y visado, las vacunas recomendadas, las restricciones de equipaje, la lista de equipaje y las directrices sobre las propinas.[\/vc_column_text][vc_btn title=\u00bbAprende m\u00e1s\u00bb style=\u00bboutline-custom\u00bb outline_custom_color=\u00bb#890000&#8243; outline_custom_hover_background=\u00bb#890000&#8243; outline_custom_hover_text=\u00bb#ffffff\u00bb size=\u00bbsm\u00bb i_align=\u00bbright\u00bb i_icon_fontawesome=\u00bbfas fa-angle-right\u00bb add_icon=\u00bbtrue\u00bb link=\u00bburl:https%3A%2F%2Fmufasatoursandtravels.com%2Fes%2Flo-que-hay-que-saber-antes-de-llegar-a-africa-oriental%2F|title:LO%20QUE%20HAY%20QUE%20SABER%20ANTES%20DE%20LLEGAR%20A%20%C3%81FRICA%20ORIENTAL|\u00bb][\/vc_column_inner][\/vc_row_inner][vc_row_inner][vc_column_inner width=\u00bb1\/2&#8243;][vc_custom_heading text=\u00bbDurante el recorrido\u00bb font_container=\u00bbtag:h2|text_align:left|color:%23890000&#8243; google_fonts=\u00bbfont_family:Open%20Sans%3A300%2C300italic%2Cregular%2Citalic%2C600%2C600italic%2C700%2C700italic%2C800%2C800italic\u00bb][vc_separator color=\u00bbcustom\u00bb align=\u00bbalign_left\u00bb border_width=\u00bb2&#8243; el_width=\u00bb20&#8243; accent_color=\u00bb#890000&#8243;][vc_column_text]Maximice el \u00e9xito de su viaje descargando informaci\u00f3n esencial sobre su(s) destino(s), incluidos los requisitos de pasaporte y visa, las pautas de vacunaci\u00f3n, las restricciones de equipaje, la lista de empaque y los consejos de propinas.[\/vc_column_text][vc_btn title=\u00bbAprende m\u00e1s\u00bb style=\u00bboutline-custom\u00bb outline_custom_color=\u00bb#890000&#8243; outline_custom_hover_background=\u00bb#890000&#8243; outline_custom_hover_text=\u00bb#ffffff\u00bb size=\u00bbsm\u00bb i_align=\u00bbright\u00bb i_icon_fontawesome=\u00bbfas fa-angle-right\u00bb add_icon=\u00bbtrue\u00bb link=\u00bburl:https%3A%2F%2Fmufasatoursandtravels.com%2Fes%2Fpasaportes-y-visados%2F|title:Pasaportes%20y%20Visados|\u00bb][\/vc_column_inner][vc_column_inner width=\u00bb1\/2&#8243;][vc_custom_heading text=\u00bbDespu\u00e9s del Tour\u00bb font_container=\u00bbtag:h2|text_align:left|color:%23890000&#8243; google_fonts=\u00bbfont_family:Open%20Sans%3A300%2C300italic%2Cregular%2Citalic%2C600%2C600italic%2C700%2C700italic%2C800%2C800italic\u00bb][vc_separator color=\u00bbcustom\u00bb align=\u00bbalign_left\u00bb border_width=\u00bb2&#8243; el_width=\u00bb20&#8243; accent_color=\u00bb#890000&#8243;][vc_column_text]Mientras disfruta del resplandor de su aventura, estamos aqu\u00ed para ayudarlo con consejos esenciales despu\u00e9s del viaje, asegur\u00e1ndonos de que su regreso a casa sea tan fluido y c\u00f3modo como su viaje en s\u00ed.[\/vc_column_text][\/vc_column_inner][\/vc_row_inner][\/vc_tta_section][\/vc_tta_tabs][wdo_ult_icon_seperator wdo_seperator_icon=\u00bbfas fa-paw\u00bb wdo_seperator_color=\u00bb#890000&#8243; wdo_seperator_opacity=\u00bb.2&#8243;][vc_btn title=\u00bbObtener una cotizaci\u00f3n\u00bb style=\u00bboutline-custom\u00bb outline_custom_color=\u00bb#890000&#8243; outline_custom_hover_background=\u00bb#890000&#8243; outline_custom_hover_text=\u00bb#ffffff\u00bb size=\u00bbsm\u00bb align=\u00bbcenter\u00bb i_align=\u00bbright\u00bb i_icon_fontawesome=\u00bbfas fa-angle-right\u00bb add_icon=\u00bbtrue\u00bb link=\u00bburl:https%3A%2F%2Fmufasatoursandtravels.com%2Fes%2Fsolicite-un-presupuesto%2F|title:Solicite%20un%20presupuesto|\u00bb css=\u00bb.vc_custom_1724250540747{padding-top: 10px !important;padding-right: 10px !important;padding-bottom: 10px !important;padding-left: 10px !important;}\u00bb][vc_column_text]\n<p style=\"text-align: left;\"><strong>RENUNCIA.<\/strong><\/p>\n<ul>\n<li>Este tour es ofrecido por <a href=\"https:\/\/mufasatoursandtravels.com\/es\/\">Mufasa Tours and Travels<\/a>.<\/li>\n<li>Todos nuestros safaris son privados.<\/li>\n<li>Los ni\u00f1os de 0 a 2 a\u00f1os entran gratis.<\/li>\n<li>Los ni\u00f1os de 3 a 12 a\u00f1os pagan el 50% de la tarifa de adulto si comparten la misma habitaci\u00f3n con adultos.<\/li>\n<li>Los ni\u00f1os de 3 a 12 a\u00f1os pagan el 75% de la tarifa de adulto si se alojan en su propia habitaci\u00f3n separada de los adultos.<\/li>\n<li>Los ni\u00f1os mayores de 12 a\u00f1os son reconocidos como adultos en campamentos y albergues.<\/li>\n<li>Nos reservamos el derecho de cambiar el programa tal como se anuncia.<\/li>\n<li>Si un alojamiento est\u00e1 completo, sugeriremos opciones alternativas comparables.<\/li>\n<li>El pedido exacto, el contenido y las tarifas de este tour est\u00e1n sujetos a disponibilidad.<\/li>\n<li>Este tour est\u00e1 sujeto a los <a href=\"https:\/\/mufasatoursandtravels.com\/es\/terminos-y-condiciones\/\">t\u00e9rminos y condiciones<\/a> de <a href=\"https:\/\/mufasatoursandtravels.com\/es\/\">Mufasa Tours and Travels.<\/a><\/li>\n<\/ul>\n[\/vc_column_text][\/vc_column][\/vc_row]\n","protected":false},"excerpt":{"rendered":"<p>[vc_row full_width=\u00bbstretch_row\u00bb gap=\u00bb1&#8243;][vc_column parallax=\u00bbcontent-moving\u00bb parallax_image=\u00bb11107&#8243; parallax_speed_bg=\u00bb1.7&#8243; css=\u00bb.vc_custom_1691132642508{padding-top: 80px !important;padding-right: 80px !important;padding-bottom: 80px !important;padding-left: 80px !important;}\u00bb][vc_custom_heading text=\u00bbIMPRESIONANTE SAFARI POR \u00c1FRICA\u00bb font_container=\u00bbtag:h1|font_size:32|text_align:center|color:%23ffffff\u00bb google_fonts=\u00bbfont_family:Roboto%3A100%2C100italic%2C300%2C300italic%2Cregular%2Citalic%2C500%2C500italic%2C700%2C700italic%2C900%2C900italic|font_style:400%20regular%3A400%3Anormal\u00bb][vc_separator color=\u00bbcustom\u00bb border_width=\u00bb2&#8243; el_width=\u00bb80&#8243; accent_color=\u00bb#f8f8f8&#8243;][vc_custom_heading text=\u00bbL.Nakuru \u21fe Masai Mara \u21fe Serengeti \u21fe Ngorongoro \u21fe L.Manyara \u21fe Amboseli \u21fe Playa de Diani\u00bb font_container=\u00bbtag:h2|font_size:18|text_align:center|color:%23ffffff\u00bb google_fonts=\u00bbfont_family:Roboto%3A100%2C100italic%2C300%2C300italic%2Cregular%2Citalic%2C500%2C500italic%2C700%2C700italic%2C900%2C900italic|font_style:400%20regular%3A400%3Anormal\u00bb][\/vc_column][\/vc_row][vc_row][vc_column css=\u00bb.vc_custom_1678181996556{border-top-width: 10px !important;border-right-width: 10px !important;border-bottom-width: 10px !important;border-left-width: 10px !important;}\u00bb][vc_tta_tabs shape=\u00bbsquare\u00bb color=\u00bbjuicy-pink\u00bb alignment=\u00bbcenter\u00bb [&hellip;]<\/p>\n","protected":false},"author":4,"featured_media":0,"parent":27970,"menu_order":5,"comment_status":"closed","ping_status":"closed","template":"","meta":{"_themeisle_gutenberg_block_has_review":false,"footnotes":""},"class_list":["post-33451","page","type-page","status-publish","hentry"],"_links":{"self":[{"href":"https:\/\/mufasatoursandtravels.com\/es\/wp-json\/wp\/v2\/pages\/33451","targetHints":{"allow":["GET"]}}],"collection":[{"href":"https:\/\/mufasatoursandtravels.com\/es\/wp-json\/wp\/v2\/pages"}],"about":[{"href":"https:\/\/mufasatoursandtravels.com\/es\/wp-json\/wp\/v2\/types\/page"}],"author":[{"embeddable":true,"href":"https:\/\/mufasatoursandtravels.com\/es\/wp-json\/wp\/v2\/users\/4"}],"replies":[{"embeddable":true,"href":"https:\/\/mufasatoursandtravels.com\/es\/wp-json\/wp\/v2\/comments?post=33451"}],"version-history":[{"count":1,"href":"https:\/\/mufasatoursandtravels.com\/es\/wp-json\/wp\/v2\/pages\/33451\/revisions"}],"predecessor-version":[{"id":33465,"href":"https:\/\/mufasatoursandtravels.com\/es\/wp-json\/wp\/v2\/pages\/33451\/revisions\/33465"}],"up":[{"embeddable":true,"href":"https:\/\/mufasatoursandtravels.com\/es\/wp-json\/wp\/v2\/pages\/27970"}],"wp:attachment":[{"href":"https:\/\/mufasatoursandtravels.com\/es\/wp-json\/wp\/v2\/media?parent=33451"}],"curies":[{"name":"wp","href":"https:\/\/api.w.org\/{rel}","templated":true}]}}