{"id":33517,"date":"2022-01-08T09:41:19","date_gmt":"2022-01-08T06:41:19","guid":{"rendered":"https:\/\/mufasatoursandtravels.com\/safari-por-carretera-en-kenia\/safaris-de-larga-estancia\/paquete-de-safari-privado-lo-mejor-de-kenia\/"},"modified":"2025-04-10T16:45:47","modified_gmt":"2025-04-10T13:45:47","slug":"paquete-de-safari-privado-lo-mejor-de-kenia","status":"publish","type":"page","link":"https:\/\/mufasatoursandtravels.com\/es\/safari-por-carretera-en-kenia\/safaris-de-larga-estancia\/paquete-de-safari-privado-lo-mejor-de-kenia\/","title":{"rendered":"Paquete de safari privado lo mejor de Kenia"},"content":{"rendered":"[vc_row full_width=\u00bbstretch_row\u00bb gap=\u00bb1&#8243;][vc_column parallax=\u00bbcontent-moving\u00bb parallax_image=\u00bb8358&#8243; parallax_speed_bg=\u00bb1.3&#8243; css=\u00bb.vc_custom_1687417587635{padding-top: 80px !important;padding-right: 80px !important;padding-bottom: 80px !important;padding-left: 80px !important;}\u00bb][vc_custom_heading text=\u00bbLO MEJOR DE KENIA SAFARI\u00bb font_container=\u00bbtag:h1|font_size:32|text_align:center|color:%23ffffff\u00bb google_fonts=\u00bbfont_family:Roboto%3A100%2C100italic%2C300%2C300italic%2Cregular%2Citalic%2C500%2C500italic%2C700%2C700italic%2C900%2C900italic|font_style:400%20regular%3A400%3Anormal\u00bb][vc_separator color=\u00bbcustom\u00bb border_width=\u00bb2&#8243; el_width=\u00bb50&#8243; accent_color=\u00bb#f8f8f8&#8243;][vc_custom_heading text=\u00bbSamburu \u21fe Aberdare \u21fe L.Nakuru \u21fe Masai Mara \u21fe L.Naivasha \u21fe Amboseli\u00bb font_container=\u00bbtag:h2|font_size:18|text_align:center|color:%23ffffff\u00bb google_fonts=\u00bbfont_family:Roboto%3A100%2C100italic%2C300%2C300italic%2Cregular%2Citalic%2C500%2C500italic%2C700%2C700italic%2C900%2C900italic|font_style:400%20regular%3A400%3Anormal\u00bb][\/vc_column][\/vc_row][vc_row][vc_column css=\u00bb.vc_custom_1673438873315{border-top-width: 10px !important;border-right-width: 10px !important;border-bottom-width: 10px !important;border-left-width: 10px !important;}\u00bb][vc_tta_tabs shape=\u00bbsquare\u00bb color=\u00bbjuicy-pink\u00bb alignment=\u00bbcenter\u00bb active_section=\u00bb1&#8243; no_fill_content_area=\u00bbtrue\u00bb][vc_tta_section title=\u00bbPrograma\u00bb tab_id=\u00bb1633454673222-3d94f956-010c\u00bb][info_list_father listclr=\u00bb#f8f8f8&#8243;][info_list_son style=\u00bbicon\u00bb size=\u00bb10&#8243; width=\u00bb20&#8243; height=\u00bb20&#8243; titleclr=\u00bb#811a18&#8243; title=\u00bbDAY 1: NAIROBI TO SAMBURU NATIONAL RESERVE\u00bb icon=\u00bbfas fa-dot-circle\u00bb iconclr=\u00bb#811a18&#8243; lineheight=\u00bb2&#8243;]\n<ul>\n<li><span style=\"font-weight: 400;\">Depart from Nairobi at 6.30am to Samburu National Reserve (approximately 5-6 hrs drive). <\/span><\/li>\n<li><span style=\"font-weight: 400;\">Arrive in time for a refreshing hot lunch at the lodge. Proceed for an afternoon game drive till sunset and sight-see the Samburu Special (Big 5 and Small 5 that include rare species such as the Grevy\u2019s Zebra, Reticulated Giraffe, Somali Ostrich, Gerenuk and the Beisa Oryx). <\/span><\/li>\n<li><span style=\"font-weight: 400;\">Return for dinner and overnight.<\/span><\/li>\n<\/ul>\n[\/info_list_son][info_list_son style=\u00bbicon\u00bb size=\u00bb10&#8243; width=\u00bb20&#8243; height=\u00bb20&#8243; titleclr=\u00bb#811a18&#8243; icon=\u00bbfas fa-dot-circle\u00bb iconclr=\u00bb#811a18&#8243; title=\u00bbDAY 2: SAMBURU NATIONAL RESERVE\u00bb lineheight=\u00bb2&#8243;]\n<ul>\n<li><span style=\"font-weight: 400;\">Have an early breakfast at the camp\/lodge and set off for a morning game drive. <\/span><\/li>\n<li><span style=\"font-weight: 400;\">The sunrise game drive will enchant you with sightings of carnivals in action. <\/span><\/li>\n<li><span style=\"font-weight: 400;\">Return for lunch and thereafter relax in the <\/span><span style=\"font-weight: 400;\">tranquillity of the hotel amenities (such as swimming). Head out for an evening safari in the African sunset. <\/span><\/li>\n<li><span style=\"font-weight: 400;\">Return to camp\/lodge for dinner and overnight.<\/span><\/li>\n<\/ul>\n[\/info_list_son][info_list_son style=\u00bbicon\u00bb size=\u00bb10&#8243; width=\u00bb20&#8243; height=\u00bb20&#8243; titleclr=\u00bb#811a18&#8243; icon=\u00bbfas fa-dot-circle\u00bb iconclr=\u00bb#811a18&#8243; title=\u00bbDAY 3:SAMBURU NATIONAL RESERVE TO ABERDARE\u00bb lineheight=\u00bb2&#8243;]\n<ul>\n<li><span style=\"font-weight: 400;\">Have a lovely breakfast and check out.<\/span><\/li>\n<li><span style=\"font-weight: 400;\">Depart for Aberdare National Park (approximately 3 hrs). Cruise through meandrous scenery, arriving in time for a stimulating buffet lunch at Aberdare Country Club. <\/span><\/li>\n<li><span style=\"font-weight: 400;\">Proceed to the Ark lodge and check in. Watch stunning views of elephants and splendid bird species from your balcony and dining area. <\/span><\/li>\n<li><span style=\"font-weight: 400;\">Enjoy dinner and overnight stay at the lodge.<\/span><\/li>\n<\/ul>\n[\/info_list_son][info_list_son style=\u00bbicon\u00bb size=\u00bb10&#8243; width=\u00bb20&#8243; height=\u00bb20&#8243; titleclr=\u00bb#811a18&#8243; icon=\u00bbfas fa-dot-circle\u00bb iconclr=\u00bb#811a18&#8243; title=\u00bbDAY 4: ABERDARE TO LAKE NAKURU NATIONAL PARK\u00bb lineheight=\u00bb2&#8243;]\n<ul>\n<li><span style=\"font-weight: 400;\">Enjoy a fortifying early breakfast at the lodge and check out. <\/span><\/li>\n<li><span style=\"font-weight: 400;\">Tootle through the highlands to Lake Nakuru National Park (approximately 5 hrs). <\/span><\/li>\n<li><span style=\"font-weight: 400;\">Arrive at the lodge for lunch and check in. Proceed to an afternoon game drive until sunset. Get a flattering feel from an interaction with acclaimed species such a Black Rhinos, Lions and Rothschild Giraffes. <\/span><\/li>\n<li><span style=\"font-weight: 400;\">Return for dinner and overnight.<\/span><\/li>\n<\/ul>\n[\/info_list_son][info_list_son style=\u00bbicon\u00bb size=\u00bb10&#8243; width=\u00bb20&#8243; height=\u00bb20&#8243; titleclr=\u00bb#811a18&#8243; icon=\u00bbfas fa-dot-circle\u00bb iconclr=\u00bb#811a18&#8243; title=\u00bbDAY 5: LAKE NAKURU TO MASAI MARA\u00bb lineheight=\u00bb2&#8243;]\n<ul>\n<li>Delight in an early breakfast and check out.<\/li>\n<li>Proceed to Maasai Mara National Reserve (approximately 2-3 hrs drive from Lake Nakuru).<\/li>\n<li>Arrive in time for an enlivening lunch and check in at the camp\/lodge in Masai mara. Head out for an afternoon game drive in the phenomenal grass plain, host to diverse wildlife.<\/li>\n<li>Return for dinner and overnight.<\/li>\n<\/ul>\n[\/info_list_son][info_list_son style=\u00bbicon\u00bb size=\u00bb10&#8243; width=\u00bb20&#8243; height=\u00bb20&#8243; titleclr=\u00bb#811a18&#8243; icon=\u00bbfas fa-dot-circle\u00bb iconclr=\u00bb#811a18&#8243; title=\u00bbDAY 6: MASAI MARA GAME DRIVES\u00bb lineheight=\u00bb2&#8243;]\n<ul>\n<li><span style=\"font-weight: 400;\">Have an early breakfast treat at the camp\/lodge. <\/span><\/li>\n<li><span style=\"font-weight: 400;\">Proceed for an exciting full day in the Maasai Mara National Reserve. Thrill in the expedition of the African Big Five under the open roof of our tour vehicle and enjoy a picnic lunch in the wild savannah. Stop by the Mara River where the 8th Wonder of the World happens annually from July-August. <\/span><\/li>\n<li><span style=\"font-weight: 400;\">Return for dinner and overnight.<\/span><\/li>\n<\/ul>\n[\/info_list_son][info_list_son style=\u00bbicon\u00bb size=\u00bb10&#8243; width=\u00bb20&#8243; height=\u00bb20&#8243; titleclr=\u00bb#811a18&#8243; icon=\u00bbfas fa-dot-circle\u00bb iconclr=\u00bb#811a18&#8243; title=\u00bbDAY 7: MASAI MARA TO LAKE NAIVASHA\u00bb lineheight=\u00bb2&#8243;]\n<ul>\n<li><span style=\"font-weight: 400;\">Enjoy an early breakfast at the camp\/lodge and check out. <\/span><\/li>\n<li><span style=\"font-weight: 400;\">Proceed to Lake Naivasha (approximately 5 hrs drive from Maasai Mara).<\/span><\/li>\n<li><span style=\"font-weight: 400;\">Arrive at the lodge in Lake Naivasha for a sumptuous lunch . <\/span><\/li>\n<li><span style=\"font-weight: 400;\">Head out for an adventurous walking safari at the Crescent Island and engage in exciting boat safaris at the shores of Lake Naivasha.\u00a0 <\/span><\/li>\n<li><span style=\"font-weight: 400;\">Return for dinner and overnight.<\/span><\/li>\n<\/ul>\n[\/info_list_son][info_list_son style=\u00bbicon\u00bb size=\u00bb10&#8243; width=\u00bb20&#8243; height=\u00bb20&#8243; titleclr=\u00bb#811a18&#8243; icon=\u00bbfas fa-dot-circle\u00bb iconclr=\u00bb#811a18&#8243; title=\u00bbDAY 8: LAKE NAIVASHA TO AMBOSELI NATIONAL PARK\u00bb lineheight=\u00bb2&#8243;]\n<ul>\n<li><span style=\"font-weight: 400;\">Enjoy early breakfast at the camp\/lodge and checkout. <\/span><\/li>\n<li><span style=\"font-weight: 400;\">Proceed to Amboseli National Park (approximately 5-6 hrs drive from Lake Naivasha). <\/span><\/li>\n<li><span style=\"font-weight: 400;\">Arrive in time for a gourmet lunch. <\/span><\/li>\n<li><span style=\"font-weight: 400;\">Head out for an afternoon game drive from 3.30 pm till sunset for a \u201cgame treat\u201d of sights of large-tusked herds of elephants and snow capped Mt. Kilimanjaro. <\/span><\/li>\n<li><span style=\"font-weight: 400;\">Return for dinner and overnight. <\/span><\/li>\n<\/ul>\n[\/info_list_son][info_list_son style=\u00bbicon\u00bb size=\u00bb10&#8243; width=\u00bb20&#8243; height=\u00bb20&#8243; titleclr=\u00bb#811a18&#8243; icon=\u00bbfas fa-dot-circle\u00bb iconclr=\u00bb#811a18&#8243; title=\u00bbDAY 9:AMBOSELI GAME DRIVES\u00bb lineheight=\u00bb2&#8243;]\n<ul>\n<li><span style=\"font-weight: 400;\">Excite your taste buds with an early breakfast at the camp\/lodge, priming for an exciting full day in Amboseli. <\/span><\/li>\n<li><span style=\"font-weight: 400;\">Proceed to a game drive complete with a hearty packed lunch to be savoured in a savannah style. Enjoy alluring views of bird and wildlife species hosted in the vast grass plains and dispersed acacia bushes. Take photos from our open roofed tour vehicle with Mt. Kilimanjaro as your backdrop. <\/span><\/li>\n<li><span style=\"font-weight: 400;\">Return and overnight.<\/span><\/li>\n<\/ul>\n[\/info_list_son][info_list_son style=\u00bbicon\u00bb size=\u00bb10&#8243; width=\u00bb20&#8243; height=\u00bb20&#8243; titleclr=\u00bb#811a18&#8243; icon=\u00bbfas fa-dot-circle\u00bb iconclr=\u00bb#811a18&#8243; title=\u00bbDAY 10:AMBOSELI NATIONAL PARK TO NAIROBI\u00bb lineheight=\u00bb2&#8243;]\n<ul>\n<li data-shorten=\"300\"><span style=\"font-weight: 400;\">Have breakfast and check out. Return to Nairobi (arriving late in the afternoon).<\/span><\/li>\n<\/ul>\n[\/info_list_son][\/info_list_father][vc_btn title=\u00bbObtener una cotizaci\u00f3n\u00bb style=\u00bboutline-custom\u00bb outline_custom_color=\u00bb#890000&#8243; outline_custom_hover_background=\u00bb#890000&#8243; outline_custom_hover_text=\u00bb#ffffff\u00bb shape=\u00bbsquare\u00bb size=\u00bbsm\u00bb align=\u00bbcenter\u00bb i_align=\u00bbright\u00bb i_icon_fontawesome=\u00bbfas fa-angle-right\u00bb add_icon=\u00bbtrue\u00bb link=\u00bburl:https%3A%2F%2Fmufasatoursandtravels.com%2Fes%2Fsolicite-un-presupuesto%2F|title:Solicite%20un%20presupuesto|\u00bb][\/vc_tta_section][vc_tta_section title=\u00bbInclusivo\/Exclusivo\u00bb tab_id=\u00bb1633455601016-f93699bc-5d92&#8243;][vc_row_inner][vc_column_inner width=\u00bb1\/2&#8243;][info_list_father listclr=\u00bb#f8f8f8&#8243;][info_list_son style=\u00bbicon\u00bb size=\u00bb15&#8243; width=\u00bb20&#8243; height=\u00bb20&#8243; titleclr=\u00bb#890000&#8243; icon=\u00bbfas fa-plus-circle\u00bb iconclr=\u00bb#890000&#8243; title=\u00bbINCLUIDO\u00bb lineheight=\u00bb2&#8243; iconbg=\u00bb#f8f8f8&#8243;]\n<ul>\n<li>Tarifas del parque para el parque declaradas.<\/li>\n<li>Transporte en furgoneta de techo abierto.<\/li>\n<li>Servicio de un gu\u00eda conductor profesional.<\/li>\n<li>Comidas en pensi\u00f3n completa en el albergue \/ campamento.<\/li>\n<li>9 noches de alojamiento en el respectivo hotel indicado.<\/li>\n<li>Agua ilimitada en el veh\u00edculo.<\/li>\n<\/ul>\n<p>&nbsp;[\/info_list_son][\/info_list_father][\/vc_column_inner][vc_column_inner width=\u00bb1\/2&#8243;][info_list_father listclr=\u00bb#f8f8f8&#8243;][info_list_son style=\u00bbicon\u00bb size=\u00bb15&#8243; width=\u00bb20&#8243; height=\u00bb20&#8243; titleclr=\u00bb#890000&#8243; icon=\u00bbfas fa-minus-circle\u00bb iconclr=\u00bb#811a18&#8243; title=\u00bbEXCLUIDOS\u00bb lineheight=\u00bb2&#8243; iconbg=\u00bb#f8f8f8&#8243;]\n<ul>\n<li>Visita cultural a la aldea Masai @ $ 20 por persona.<\/li>\n<li>Propinas para gu\u00eda del conductor (<strong>Muy recomendable<\/strong>).<\/li>\n<li>Art\u00edculos personales (Souvenirs, seguro de viaje, tasas de visado, etc.).<\/li>\n<li>Alojamiento adicional antes y al final del tour.<\/li>\n<li>El gobierno impuso un aumento en los impuestos y\/o tarifas del parque.<\/li>\n<li>Paseos en globo aerost\u00e1tico @ $505 por adulto \/ $380 por ni\u00f1o (<strong>menores de 18 a\u00f1os<\/strong>).<\/li>\n<\/ul>\n<p>&nbsp;[\/info_list_son][\/info_list_father][\/vc_column_inner][\/vc_row_inner][\/vc_tta_section][\/vc_tta_tabs][\/vc_column][\/vc_row][vc_row][vc_column el_id=\u00bbdisclaimer\u00bb][vc_column_text]\n<p style=\"text-align: left;\"><strong>RENUNCIA.<\/strong><\/p>\n<ul>\n<li>Este tour es ofrecido por <a href=\"https:\/\/mufasatoursandtravels.com\/es\/\">Mufasa Tours and Travels<\/a>.<\/li>\n<li>Todos nuestros safaris son privados.<\/li>\n<li>Los ni\u00f1os de 0 a 2 a\u00f1os entran gratis.<\/li>\n<li>Los ni\u00f1os de 3 a 12 a\u00f1os pagan el 50% de la tarifa de adulto si comparten la misma habitaci\u00f3n con adultos.<\/li>\n<li>Los ni\u00f1os de 3 a 12 a\u00f1os pagan el 75% de la tarifa de adulto si se alojan en su propia habitaci\u00f3n separada de los adultos.<\/li>\n<li>Los ni\u00f1os mayores de 12 a\u00f1os son reconocidos como adultos en campamentos y albergues.<\/li>\n<li>Nos reservamos el derecho de cambiar el programa tal como se anuncia.<\/li>\n<li>Si un alojamiento est\u00e1 completo, sugeriremos opciones alternativas comparables.<\/li>\n<li>El pedido exacto, el contenido y las tarifas de este tour est\u00e1n sujetos a disponibilidad.<\/li>\n<li>Este tour est\u00e1 sujeto a los <a href=\"https:\/\/mufasatoursandtravels.com\/es\/terminos-y-condiciones\/\">t\u00e9rminos y condiciones<\/a> de <a href=\"https:\/\/mufasatoursandtravels.com\/es\/\">Mufasa Tours and Travels.<\/a><\/li>\n<\/ul>\n[\/vc_column_text][\/vc_column][\/vc_row]\n","protected":false},"excerpt":{"rendered":"<p>[vc_row full_width=\u00bbstretch_row\u00bb gap=\u00bb1&#8243;][vc_column parallax=\u00bbcontent-moving\u00bb parallax_image=\u00bb8358&#8243; parallax_speed_bg=\u00bb1.3&#8243; css=\u00bb.vc_custom_1687417587635{padding-top: 80px !important;padding-right: 80px !important;padding-bottom: 80px !important;padding-left: 80px !important;}\u00bb][vc_custom_heading text=\u00bbLO MEJOR DE KENIA SAFARI\u00bb font_container=\u00bbtag:h1|font_size:32|text_align:center|color:%23ffffff\u00bb google_fonts=\u00bbfont_family:Roboto%3A100%2C100italic%2C300%2C300italic%2Cregular%2Citalic%2C500%2C500italic%2C700%2C700italic%2C900%2C900italic|font_style:400%20regular%3A400%3Anormal\u00bb][vc_separator color=\u00bbcustom\u00bb border_width=\u00bb2&#8243; el_width=\u00bb50&#8243; accent_color=\u00bb#f8f8f8&#8243;][vc_custom_heading text=\u00bbSamburu \u21fe Aberdare \u21fe L.Nakuru \u21fe Masai Mara \u21fe L.Naivasha \u21fe Amboseli\u00bb font_container=\u00bbtag:h2|font_size:18|text_align:center|color:%23ffffff\u00bb google_fonts=\u00bbfont_family:Roboto%3A100%2C100italic%2C300%2C300italic%2Cregular%2Citalic%2C500%2C500italic%2C700%2C700italic%2C900%2C900italic|font_style:400%20regular%3A400%3Anormal\u00bb][\/vc_column][\/vc_row][vc_row][vc_column css=\u00bb.vc_custom_1673438873315{border-top-width: 10px !important;border-right-width: 10px !important;border-bottom-width: 10px !important;border-left-width: 10px !important;}\u00bb][vc_tta_tabs shape=\u00bbsquare\u00bb color=\u00bbjuicy-pink\u00bb alignment=\u00bbcenter\u00bb active_section=\u00bb1&#8243; no_fill_content_area=\u00bbtrue\u00bb][vc_tta_section title=\u00bbPrograma\u00bb [&hellip;]<\/p>\n","protected":false},"author":4,"featured_media":0,"parent":27935,"menu_order":3,"comment_status":"closed","ping_status":"closed","template":"","meta":{"_themeisle_gutenberg_block_has_review":false,"footnotes":""},"class_list":["post-33517","page","type-page","status-publish","hentry"],"_links":{"self":[{"href":"https:\/\/mufasatoursandtravels.com\/es\/wp-json\/wp\/v2\/pages\/33517","targetHints":{"allow":["GET"]}}],"collection":[{"href":"https:\/\/mufasatoursandtravels.com\/es\/wp-json\/wp\/v2\/pages"}],"about":[{"href":"https:\/\/mufasatoursandtravels.com\/es\/wp-json\/wp\/v2\/types\/page"}],"author":[{"embeddable":true,"href":"https:\/\/mufasatoursandtravels.com\/es\/wp-json\/wp\/v2\/users\/4"}],"replies":[{"embeddable":true,"href":"https:\/\/mufasatoursandtravels.com\/es\/wp-json\/wp\/v2\/comments?post=33517"}],"version-history":[{"count":1,"href":"https:\/\/mufasatoursandtravels.com\/es\/wp-json\/wp\/v2\/pages\/33517\/revisions"}],"predecessor-version":[{"id":33521,"href":"https:\/\/mufasatoursandtravels.com\/es\/wp-json\/wp\/v2\/pages\/33517\/revisions\/33521"}],"up":[{"embeddable":true,"href":"https:\/\/mufasatoursandtravels.com\/es\/wp-json\/wp\/v2\/pages\/27935"}],"wp:attachment":[{"href":"https:\/\/mufasatoursandtravels.com\/es\/wp-json\/wp\/v2\/media?parent=33517"}],"curies":[{"name":"wp","href":"https:\/\/api.w.org\/{rel}","templated":true}]}}