{"id":33569,"date":"2022-01-08T09:37:19","date_gmt":"2022-01-08T06:37:19","guid":{"rendered":"https:\/\/mufasatoursandtravels.com\/safari-por-carretera-en-kenia\/safaris-de-larga-estancia\/paquete-de-safari-privado-por-el-sabana-del-sur-en-kenia\/"},"modified":"2025-04-10T16:46:35","modified_gmt":"2025-04-10T13:46:35","slug":"paquete-de-safari-privado-por-el-sabana-del-sur-en-kenia","status":"publish","type":"page","link":"https:\/\/mufasatoursandtravels.com\/es\/safari-por-carretera-en-kenia\/safaris-de-larga-estancia\/paquete-de-safari-privado-por-el-sabana-del-sur-en-kenia\/","title":{"rendered":"Paquete de safari privado por el sabana del sur en Kenia"},"content":{"rendered":"[vc_row full_width=\u00bbstretch_row\u00bb gap=\u00bb1&#8243;][vc_column parallax=\u00bbcontent-moving\u00bb parallax_image=\u00bb8344&#8243; parallax_speed_bg=\u00bb1.9&#8243; css=\u00bb.vc_custom_1687416946177{padding-top: 80px !important;padding-right: 80px !important;padding-bottom: 80px !important;padding-left: 80px !important;}\u00bb][vc_custom_heading text=\u00bbSAFARI POR EL SUR DEL S\u00c1HARA\u00bb font_container=\u00bbtag:h1|font_size:32|text_align:center|color:%23ffffff\u00bb google_fonts=\u00bbfont_family:Roboto%3A100%2C100italic%2C300%2C300italic%2Cregular%2Citalic%2C500%2C500italic%2C700%2C700italic%2C900%2C900italic|font_style:400%20regular%3A400%3Anormal\u00bb][vc_separator color=\u00bbcustom\u00bb border_width=\u00bb2&#8243; el_width=\u00bb50&#8243; accent_color=\u00bb#f8f8f8&#8243;][vc_custom_heading text=\u00bbTsavo Oeste \u21fe Amboseli \u21fe L.Naivasha \u21fe L.Nakuru \u21fe Masai Mara\u00bb font_container=\u00bbtag:h2|font_size:18|text_align:center|color:%23ffffff\u00bb google_fonts=\u00bbfont_family:Roboto%3A100%2C100italic%2C300%2C300italic%2Cregular%2Citalic%2C500%2C500italic%2C700%2C700italic%2C900%2C900italic|font_style:400%20regular%3A400%3Anormal\u00bb][\/vc_column][\/vc_row][vc_row][vc_column css=\u00bb.vc_custom_1673437910914{border-top-width: 10px !important;border-right-width: 10px !important;border-bottom-width: 10px !important;border-left-width: 10px !important;}\u00bb][vc_tta_tabs shape=\u00bbsquare\u00bb color=\u00bbjuicy-pink\u00bb alignment=\u00bbcenter\u00bb active_section=\u00bb1&#8243; no_fill_content_area=\u00bbtrue\u00bb][vc_tta_section title=\u00bbPrograma\u00bb tab_id=\u00bb1633454673222-3d94f956-010c\u00bb][info_list_father listclr=\u00bb#f8f8f8&#8243;][info_list_son style=\u00bbicon\u00bb size=\u00bb10&#8243; width=\u00bb20&#8243; height=\u00bb20&#8243; titleclr=\u00bb#811a18&#8243; title=\u00bbDAY 1: NAIROBI TO TSAVO WEST NATIONAL PARK\u00bb icon=\u00bbfas fa-dot-circle\u00bb iconclr=\u00bb#811a18&#8243; lineheight=\u00bb2&#8243;]\n<ul>\n<li>Depart from Nairobi at 6.30 am to Tsavo West National Park (approximately 5-6 hours).<\/li>\n<li>Drive through sights and scenes of vegetation and plateaus, arriving in time for hot lunch at the lodge. Proceed for an afternoon game drive in the wild Tsavo West till sunset. Enjoy the interaction of elephants frolicking in the waters of Tsavo River.<\/li>\n<li>Return for dinner and overnight.<\/li>\n<\/ul>\n[\/info_list_son][info_list_son style=\u00bbicon\u00bb size=\u00bb10&#8243; width=\u00bb20&#8243; height=\u00bb20&#8243; titleclr=\u00bb#811a18&#8243; icon=\u00bbfas fa-dot-circle\u00bb iconclr=\u00bb#811a18&#8243; title=\u00bbDAY 2: TSAVO WEST TO AMBOSELI NATIONAL PARK\u00bb lineheight=\u00bb2&#8243;]\n<ul>\n<li>Enjoy an early breakfast and check out.<\/li>\n<li>Proceed to Amboseli National Park (approximately 5-6 hrs drive from Tsavo West).<\/li>\n<li>Arrive in time for lunch and check in at the camp\/lodge. Head out for an afternoon game drive (at 3.30pm till sunset) and get a feel of Amboseli National Park . Set in the backdrop of Mt. Kilimanjaro, the park will quench your thirst for nature as you journey through the wilderness.<\/li>\n<li>Revel at amazing sights of wildlife then return for dinner\/overnight.<\/li>\n<\/ul>\n[\/info_list_son][info_list_son style=\u00bbicon\u00bb size=\u00bb10&#8243; width=\u00bb20&#8243; height=\u00bb20&#8243; titleclr=\u00bb#811a18&#8243; icon=\u00bbfas fa-dot-circle\u00bb iconclr=\u00bb#811a18&#8243; title=\u00bbDAY 3: AMBOSELI NATIONAL PARK\u00bb lineheight=\u00bb2&#8243;]\n<ul>\n<li>Chirping of birds and the crisp African morning air will be the ambience of your early breakfast.<\/li>\n<li>Proceed for an\u00a0 exciting full day of vibrant encounters at Amboseli National Park with picnic lunch to be enjoyed in the wild. Share the habitat for the day with a\u00a0 myriad of wild animals as you slowly glide through in our open-roofed tour vehicle.<\/li>\n<li>Return for dinner and overnight.<\/li>\n<\/ul>\n[\/info_list_son][info_list_son style=\u00bbicon\u00bb size=\u00bb10&#8243; width=\u00bb20&#8243; height=\u00bb20&#8243; titleclr=\u00bb#811a18&#8243; icon=\u00bbfas fa-dot-circle\u00bb iconclr=\u00bb#811a18&#8243; title=\u00bbDAY 4: AMBOSELI NATIONAL PARK TO LAKE NAIVASHA\u00bb lineheight=\u00bb2&#8243;]\n<ul>\n<li>Begin your day with an early breakfast engulfed in the aura of an Amboseli morning.<\/li>\n<li>Check out and proceed to Lake Naivasha through the vast Great Rift Valley (approximately 5 hrs from Amboseli). Stop at the View Point, a place of utter scenic beauty. Arrive for a delicious hot lunch. Head out for a boat ride along the lovely shores of Lake Naivasha.<\/li>\n<li>Stroll on a walking safari in the Crescent Island (approximately 2-3 hrs of activities). Return for dinner and overnight.<\/li>\n<\/ul>\n[\/info_list_son][info_list_son style=\u00bbicon\u00bb size=\u00bb10&#8243; width=\u00bb20&#8243; height=\u00bb20&#8243; titleclr=\u00bb#811a18&#8243; icon=\u00bbfas fa-dot-circle\u00bb iconclr=\u00bb#811a18&#8243; title=\u00bbDAY 5: LAKE NAIVASHA TO LAKE NAKURU NATIONAL PARK\u00bb lineheight=\u00bb2&#8243;]\n<ul>\n<li>Nothing like the choice of an African breakfast to kick start your day.<\/li>\n<li>Embrace the tranquillity of Lake Naivasha\u2019s air as you exit and head out to Lake Nakuru (approximately 2 hours drive from Lake Naivasha), a pleasant journey with views of sparse wildlife. Arrive at the lodge for hot lunch and relaxation.<\/li>\n<li>Proceed to Lake Nakuru National Park (famed for Black Rhinos, Lions and Rothschild Giraffes) and mesmerise at the thrilling wildlife till sunset.<\/li>\n<li>Return for dinner and overnight.<\/li>\n<\/ul>\n[\/info_list_son][info_list_son style=\u00bbicon\u00bb size=\u00bb10&#8243; width=\u00bb20&#8243; height=\u00bb20&#8243; titleclr=\u00bb#811a18&#8243; icon=\u00bbfas fa-dot-circle\u00bb iconclr=\u00bb#811a18&#8243; title=\u00bbDAY 6: LAKE NAKURU TO MASAI MARA\u00bb lineheight=\u00bb2&#8243;]\n<ul>\n<li>Arise to a pleasurable morning with a fortifying early breakfast.<\/li>\n<li>Check out and proceed to Maasai Mara National Reserve (approximately 5-6 hrs drive from Lake Nakuru). Arrive at the lodge for lunch and check in. Head out for an afternoon game drive in the seemingly never-ending grass plain, host to a variety of wildlife such as the BIG FIVE.<\/li>\n<li>Return for dinner and overnight.<\/li>\n<\/ul>\n[\/info_list_son][info_list_son style=\u00bbicon\u00bb size=\u00bb10&#8243; width=\u00bb20&#8243; height=\u00bb20&#8243; titleclr=\u00bb#811a18&#8243; icon=\u00bbfas fa-dot-circle\u00bb iconclr=\u00bb#811a18&#8243; title=\u00bbDAY 7: MASAI MARA GAME DRIVES\u00bb lineheight=\u00bb2&#8243;]\n<ul>\n<li>A perfect blend of an early breakfast and the Mara\u2019s dawning sounds will revitalize you for the full day ahead.<\/li>\n<li>A pleasurable game drive in our open roof tour vehicle at the Maasai Mara National Reserve will follow. Get the feel of wildlife in their habitat and marvel at the Great Mara River (the setting of the 8th wonder of the world-The Wildebeest Migration). Enjoy a full\u00a0 picnic lunch in the wild.<\/li>\n<li>Return for dinner and overnight.<\/li>\n<\/ul>\n[\/info_list_son][info_list_son style=\u00bbicon\u00bb size=\u00bb10&#8243; width=\u00bb20&#8243; height=\u00bb20&#8243; titleclr=\u00bb#811a18&#8243; icon=\u00bbfas fa-dot-circle\u00bb iconclr=\u00bb#811a18&#8243; title=\u00bbDAY 8: MASAI MARA BACK TO NAIROBI\u00bb lineheight=\u00bb2&#8243;]\n<ul>\n<li>Have an early breakfast and proceed for morning game-drive as you exit the park.<\/li>\n<li>View wildlife set against the backdrop of an African sunrise.<\/li>\n<li>Return to Nairobi (Available alternative option to visit the Maasai Cultural Village at $20 per person). Stop over for lunch and arrive late in the evening.<\/li>\n<\/ul>\n[\/info_list_son][\/info_list_father][vc_btn title=\u00bbObtener una cotizaci\u00f3n\u00bb style=\u00bboutline-custom\u00bb outline_custom_color=\u00bb#890000&#8243; outline_custom_hover_background=\u00bb#890000&#8243; outline_custom_hover_text=\u00bb#ffffff\u00bb shape=\u00bbsquare\u00bb size=\u00bbsm\u00bb align=\u00bbcenter\u00bb i_align=\u00bbright\u00bb i_icon_fontawesome=\u00bbfas fa-angle-right\u00bb add_icon=\u00bbtrue\u00bb link=\u00bburl:https%3A%2F%2Fmufasatoursandtravels.com%2Fes%2Fsolicite-un-presupuesto%2F|title:Solicite%20un%20presupuesto|\u00bb][\/vc_tta_section][vc_tta_section title=\u00bbInclusivo\/Exclusivo\u00bb tab_id=\u00bb1633455601016-f93699bc-5d92&#8243;][vc_row_inner][vc_column_inner width=\u00bb1\/2&#8243;][info_list_father listclr=\u00bb#f8f8f8&#8243;][info_list_son style=\u00bbicon\u00bb size=\u00bb15&#8243; width=\u00bb20&#8243; height=\u00bb20&#8243; titleclr=\u00bb#890000&#8243; icon=\u00bbfas fa-plus-circle\u00bb iconclr=\u00bb#890000&#8243; title=\u00bbINCLUIDO\u00bb lineheight=\u00bb2&#8243; borderclr=\u00bb#f8f8f8&#8243;]\n<ul>\n<li>Tarifas del parque para el parque declaradas.<\/li>\n<li>Transporte en furgoneta de techo abierto.<\/li>\n<li>Servicio de un gu\u00eda conductor profesional.<\/li>\n<li>Comidas en pensi\u00f3n completa en el albergue \/ campamento.<\/li>\n<li>7 noches de alojamiento en el respectivo hotel indicado.<\/li>\n<li>Agua ilimitada en el veh\u00edculo.<\/li>\n<\/ul>\n<p>&nbsp;[\/info_list_son][\/info_list_father][\/vc_column_inner][vc_column_inner width=\u00bb1\/2&#8243;][info_list_father listclr=\u00bb#f8f8f8&#8243;][info_list_son style=\u00bbicon\u00bb size=\u00bb15&#8243; width=\u00bb20&#8243; height=\u00bb20&#8243; titleclr=\u00bb#890000&#8243; icon=\u00bbfas fa-minus-circle\u00bb iconclr=\u00bb#890000&#8243; title=\u00bbEXCLUIDOS\u00bb lineheight=\u00bb2&#8243; iconbg=\u00bb#f8f8f8&#8243;]\n<ul>\n<li>Visita cultural a la aldea Masai @ $ 20 por persona.<\/li>\n<li>Propinas para gu\u00eda del conductor (<strong>Muy recomendable<\/strong>).<\/li>\n<li>Art\u00edculos personales (Souvenirs, seguro de viaje, tasas de visado, etc.).<\/li>\n<li>Alojamiento adicional antes y al final del tour.<\/li>\n<li>El gobierno impuso un aumento en los impuestos y\/o tarifas del parque.<\/li>\n<li>Paseos en globo aerost\u00e1tico @ $505 por adulto \/ $380 por ni\u00f1o (<strong>menores de 18 a\u00f1os<\/strong>).<\/li>\n<\/ul>\n<p>&nbsp;[\/info_list_son][\/info_list_father][\/vc_column_inner][\/vc_row_inner][\/vc_tta_section][\/vc_tta_tabs][\/vc_column][\/vc_row][vc_row][vc_column el_id=\u00bbdisclaimer\u00bb][vc_column_text]\n<p style=\"text-align: left;\"><strong>RENUNCIA.<\/strong><\/p>\n<ul>\n<li>Este tour es ofrecido por <a href=\"https:\/\/mufasatoursandtravels.com\/es\/\">Mufasa Tours and Travels<\/a>.<\/li>\n<li>Todos nuestros safaris son privados.<\/li>\n<li>Los ni\u00f1os de 0 a 2 a\u00f1os entran gratis.<\/li>\n<li>Los ni\u00f1os de 3 a 12 a\u00f1os pagan el 50% de la tarifa de adulto si comparten la misma habitaci\u00f3n con adultos.<\/li>\n<li>Los ni\u00f1os de 3 a 12 a\u00f1os pagan el 75% de la tarifa de adulto si se alojan en su propia habitaci\u00f3n separada de los adultos.<\/li>\n<li>Los ni\u00f1os mayores de 12 a\u00f1os son reconocidos como adultos en campamentos y albergues.<\/li>\n<li>Nos reservamos el derecho de cambiar el programa tal como se anuncia.<\/li>\n<li>Si un alojamiento est\u00e1 completo, sugeriremos opciones alternativas comparables.<\/li>\n<li>El pedido exacto, el contenido y las tarifas de este tour est\u00e1n sujetos a disponibilidad.<\/li>\n<li>Este tour est\u00e1 sujeto a los <a href=\"https:\/\/mufasatoursandtravels.com\/es\/terminos-y-condiciones\/\">t\u00e9rminos y condiciones<\/a> de <a href=\"https:\/\/mufasatoursandtravels.com\/es\/\">Mufasa Tours and Travels.<\/a><\/li>\n<\/ul>\n[\/vc_column_text][\/vc_column][\/vc_row]\n","protected":false},"excerpt":{"rendered":"<p>[vc_row full_width=\u00bbstretch_row\u00bb gap=\u00bb1&#8243;][vc_column parallax=\u00bbcontent-moving\u00bb parallax_image=\u00bb8344&#8243; parallax_speed_bg=\u00bb1.9&#8243; css=\u00bb.vc_custom_1687416946177{padding-top: 80px !important;padding-right: 80px !important;padding-bottom: 80px !important;padding-left: 80px !important;}\u00bb][vc_custom_heading text=\u00bbSAFARI POR EL SUR DEL S\u00c1HARA\u00bb font_container=\u00bbtag:h1|font_size:32|text_align:center|color:%23ffffff\u00bb google_fonts=\u00bbfont_family:Roboto%3A100%2C100italic%2C300%2C300italic%2Cregular%2Citalic%2C500%2C500italic%2C700%2C700italic%2C900%2C900italic|font_style:400%20regular%3A400%3Anormal\u00bb][vc_separator color=\u00bbcustom\u00bb border_width=\u00bb2&#8243; el_width=\u00bb50&#8243; accent_color=\u00bb#f8f8f8&#8243;][vc_custom_heading text=\u00bbTsavo Oeste \u21fe Amboseli \u21fe L.Naivasha \u21fe L.Nakuru \u21fe Masai Mara\u00bb font_container=\u00bbtag:h2|font_size:18|text_align:center|color:%23ffffff\u00bb google_fonts=\u00bbfont_family:Roboto%3A100%2C100italic%2C300%2C300italic%2Cregular%2Citalic%2C500%2C500italic%2C700%2C700italic%2C900%2C900italic|font_style:400%20regular%3A400%3Anormal\u00bb][\/vc_column][\/vc_row][vc_row][vc_column css=\u00bb.vc_custom_1673437910914{border-top-width: 10px !important;border-right-width: 10px !important;border-bottom-width: 10px !important;border-left-width: 10px !important;}\u00bb][vc_tta_tabs shape=\u00bbsquare\u00bb color=\u00bbjuicy-pink\u00bb alignment=\u00bbcenter\u00bb active_section=\u00bb1&#8243; no_fill_content_area=\u00bbtrue\u00bb][vc_tta_section title=\u00bbPrograma\u00bb [&hellip;]<\/p>\n","protected":false},"author":4,"featured_media":0,"parent":27935,"menu_order":1,"comment_status":"closed","ping_status":"closed","template":"","meta":{"_themeisle_gutenberg_block_has_review":false,"footnotes":""},"class_list":["post-33569","page","type-page","status-publish","hentry"],"_links":{"self":[{"href":"https:\/\/mufasatoursandtravels.com\/es\/wp-json\/wp\/v2\/pages\/33569","targetHints":{"allow":["GET"]}}],"collection":[{"href":"https:\/\/mufasatoursandtravels.com\/es\/wp-json\/wp\/v2\/pages"}],"about":[{"href":"https:\/\/mufasatoursandtravels.com\/es\/wp-json\/wp\/v2\/types\/page"}],"author":[{"embeddable":true,"href":"https:\/\/mufasatoursandtravels.com\/es\/wp-json\/wp\/v2\/users\/4"}],"replies":[{"embeddable":true,"href":"https:\/\/mufasatoursandtravels.com\/es\/wp-json\/wp\/v2\/comments?post=33569"}],"version-history":[{"count":1,"href":"https:\/\/mufasatoursandtravels.com\/es\/wp-json\/wp\/v2\/pages\/33569\/revisions"}],"predecessor-version":[{"id":33572,"href":"https:\/\/mufasatoursandtravels.com\/es\/wp-json\/wp\/v2\/pages\/33569\/revisions\/33572"}],"up":[{"embeddable":true,"href":"https:\/\/mufasatoursandtravels.com\/es\/wp-json\/wp\/v2\/pages\/27935"}],"wp:attachment":[{"href":"https:\/\/mufasatoursandtravels.com\/es\/wp-json\/wp\/v2\/media?parent=33569"}],"curies":[{"name":"wp","href":"https:\/\/api.w.org\/{rel}","templated":true}]}}