{"id":33702,"date":"2022-01-08T09:20:37","date_gmt":"2022-01-08T06:20:37","guid":{"rendered":"https:\/\/mufasatoursandtravels.com\/safari-por-carretera-en-kenia\/safaris-de-media-estancia\/paquete-clasico-de-safari-privado-ziwa-en-kenia\/"},"modified":"2025-04-10T16:48:19","modified_gmt":"2025-04-10T13:48:19","slug":"paquete-clasico-de-safari-privado-ziwa-en-kenia","status":"publish","type":"page","link":"https:\/\/mufasatoursandtravels.com\/es\/safari-por-carretera-en-kenia\/safaris-de-media-estancia\/paquete-clasico-de-safari-privado-ziwa-en-kenia\/","title":{"rendered":"Paquete cl\u00e1sico de safari privado Ziwa en Kenia"},"content":{"rendered":"[vc_row full_width=\u00bbstretch_row\u00bb gap=\u00bb1&#8243;][vc_column parallax=\u00bbcontent-moving\u00bb parallax_image=\u00bb8196&#8243; css=\u00bb.vc_custom_1687514875529{padding-top: 80px !important;padding-right: 80px !important;padding-bottom: 80px !important;padding-left: 80px !important;}\u00bb][vc_custom_heading text=\u00bbSAFARI CL\u00c1SICO DE ZIWA\u00bb font_container=\u00bbtag:h1|font_size:32|text_align:center|color:%23ffffff\u00bb google_fonts=\u00bbfont_family:Roboto%3A100%2C100italic%2C300%2C300italic%2Cregular%2Citalic%2C500%2C500italic%2C700%2C700italic%2C900%2C900italic|font_style:400%20regular%3A400%3Anormal\u00bb][vc_separator color=\u00bbcustom\u00bb border_width=\u00bb2&#8243; el_width=\u00bb50&#8243; accent_color=\u00bb#f8f8f8&#8243;][vc_custom_heading text=\u00bbL.Naivasha \u21fe L.Nakuru \u21fe Masai Mara\u00bb font_container=\u00bbtag:h2|font_size:18|text_align:center|color:%23ffffff\u00bb google_fonts=\u00bbfont_family:Roboto%3A100%2C100italic%2C300%2C300italic%2Cregular%2Citalic%2C500%2C500italic%2C700%2C700italic%2C900%2C900italic|font_style:400%20regular%3A400%3Anormal\u00bb][\/vc_column][\/vc_row][vc_row][vc_column css=\u00bb.vc_custom_1673876110098{border-top-width: 10px !important;border-right-width: 10px !important;border-bottom-width: 10px !important;border-left-width: 10px !important;}\u00bb][vc_tta_tabs shape=\u00bbsquare\u00bb color=\u00bbjuicy-pink\u00bb alignment=\u00bbcenter\u00bb active_section=\u00bb1&#8243; no_fill_content_area=\u00bbtrue\u00bb][vc_tta_section title=\u00bbPrograma\u00bb tab_id=\u00bb1633454673222-3d94f956-010c\u00bb][info_list_father listclr=\u00bb#f4f4f4&#8243; css=\u00bb.vc_custom_1699954735428{padding-top: 10px !important;}\u00bb][info_list_son style=\u00bbicon\u00bb size=\u00bb15&#8243; width=\u00bb20&#8243; height=\u00bb20&#8243; titleclr=\u00bb#811a18&#8243; title=\u00bbDAY 1: NAIROBI TO LAKE NAIVASHA\u00bb icon=\u00bbfas fa-calendar-check\u00bb iconclr=\u00bb#811a18&#8243; lineheight=\u00bb2&#8243; iconbg=\u00bb#f4f4f4&#8243; borderclr=\u00bb#f4f4f4&#8243;]\n<ul>\n<li>Depart from Nairobi at 8.30 am to Lake Naivasha (approximately 2 hrs.).<\/li>\n<li>Drive through the splendid Great Rift Valley and stop over for 15 minutes at the view point as you take photos.<\/li>\n<li>Arrive in time for a delicious hot lunch at the lodge.<\/li>\n<li>Thereafter, proceed for idyllic boat rides in Lake Naivasha and leisurely indulge in the walking safaris at Crescent Island (activities take approximately 2-3 hrs).<\/li>\n<li>Return for dinner and overnight.<\/li>\n<\/ul>\n[\/info_list_son][info_list_son style=\u00bbicon\u00bb size=\u00bb15&#8243; width=\u00bb20&#8243; height=\u00bb20&#8243; titleclr=\u00bb#811a18&#8243; icon=\u00bbfas fa-calendar-check\u00bb iconclr=\u00bb#811a18&#8243; title=\u00bbDAY 2: LAKE NAIVASHA TO LAKE NAKURU NATIONAL PARK\u00bb lineheight=\u00bb2&#8243; iconbg=\u00bb#f4f4f4&#8243; borderclr=\u00bb#f4f4f4&#8243;]\n<ul>\n<li>Enjoy a relaxed breakfast and check out from camp\/lodge.<\/li>\n<li>Proceed to Lake Nakuru National Park (approximately 2-3 hrs drive from Lake Naivasha).<\/li>\n<li>Arrive for a sumptuous lunch at the lodge in Lake Nakuru. Head out for an afternoon game drive (in our open roofed tour vehicles) in Lake Nakuru National park and awe at the blend of animal species (Such as Rotshild Giraffe, Black Rhinos and Lions).<\/li>\n<li>Return to camp\/lodge for dinner and overnight.<\/li>\n<\/ul>\n[\/info_list_son][info_list_son style=\u00bbicon\u00bb size=\u00bb15&#8243; width=\u00bb20&#8243; height=\u00bb20&#8243; titleclr=\u00bb#811a18&#8243; icon=\u00bbfas fa-calendar-check\u00bb iconclr=\u00bb#811a18&#8243; title=\u00bbDAY 3: LAKE NAKURU NATIONAL PARK TO MASAI MARA\u00bb lineheight=\u00bb2&#8243; iconbg=\u00bb#f4f4f4&#8243; borderclr=\u00bb#f4f4f4&#8243;]\n<ul>\n<li>Energise over an early breakfast and check out.<\/li>\n<li>Set off to Maasai Mara National Reserve (approximately 5-6 hrs drive from Lake Nakuru National Park).<\/li>\n<li>Arrive at the lodge in Masai Mara in time for a gourmet lunch. Thereafter, proceed for an afternoon game drive at the vast reserve in search for the big 5 of Africa: A most evocative experience basking in the golden African sunset.<\/li>\n<li>Return for dinner and overnight.<\/li>\n<\/ul>\n[\/info_list_son][info_list_son style=\u00bbicon\u00bb size=\u00bb15&#8243; width=\u00bb20&#8243; height=\u00bb20&#8243; titleclr=\u00bb#811a18&#8243; icon=\u00bbfas fa-calendar-check\u00bb iconclr=\u00bb#811a18&#8243; title=\u00bbDAY 4: MASAI MARA GAME DRIVES\u00bb lineheight=\u00bb2&#8243; iconbg=\u00bb#f4f4f4&#8243; borderclr=\u00bb#f4f4f4&#8243;]\n<ul>\n<li>Wake up to the vitality of an early breakfast preparing you for the exciting day ahead.<\/li>\n<li>Set off for a full day game drive at the Masai Mara Reserve complete with packed picnic lunch (enjoyed at a perfect spot in the wild). An awesome expedition awaits in the wildlife habitat of a myriad species. Stop by the Mara River which is the centre stage of the 8th Wonder of the World (the annual Great Wildebeest Migration that happens from July-August). Capture the amazing moments from our open roofed tour vehicle.<\/li>\n<li>Return to camp\/lodge for dinner and overnight.<\/li>\n<\/ul>\n[\/info_list_son][info_list_son style=\u00bbicon\u00bb size=\u00bb15&#8243; width=\u00bb20&#8243; height=\u00bb20&#8243; titleclr=\u00bb#811a18&#8243; icon=\u00bbfas fa-calendar-check\u00bb iconclr=\u00bb#811a18&#8243; title=\u00bbDAY 5: MASAI MARA TO NAIROBI\u00bb lineheight=\u00bb2&#8243; iconbg=\u00bb#f4f4f4&#8243; borderclr=\u00bb#f4f4f4&#8243;]\n<ul>\n<li>Have an early breakfast and check out of the hotel \/ lodge.<\/li>\n<li>Available alternative option of visiting the Masai Cultural Centre at $20 per person.<\/li>\n<li>Return to Nairobi .<\/li>\n<\/ul>\n[\/info_list_son][\/info_list_father][vc_btn title=\u00bbConsigue un Qoute\u00bb style=\u00bboutline-custom\u00bb outline_custom_color=\u00bb#890000&#8243; outline_custom_hover_background=\u00bb#890000&#8243; outline_custom_hover_text=\u00bb#ffffff\u00bb shape=\u00bbsquare\u00bb size=\u00bbsm\u00bb align=\u00bbcenter\u00bb i_align=\u00bbright\u00bb i_icon_fontawesome=\u00bbfas fa-angle-right\u00bb add_icon=\u00bbtrue\u00bb link=\u00bburl:https%3A%2F%2Fmufasatoursandtravels.com%2Fes%2Fsolicite-un-presupuesto%2F|title:Solicite%20un%20presupuesto|\u00bb][\/vc_tta_section][vc_tta_section title=\u00bbInclusivo\/Exclusivo\u00bb tab_id=\u00bb1633455601016-f93699bc-5d92&#8243;][vc_row_inner][vc_column_inner width=\u00bb1\/2&#8243;][info_list_father listclr=\u00bb#f4f4f4&#8243; css=\u00bb.vc_custom_1699954769515{padding-top: 10px !important;}\u00bb][info_list_son style=\u00bbicon\u00bb size=\u00bb15&#8243; width=\u00bb20&#8243; height=\u00bb20&#8243; titleclr=\u00bb#890000&#8243; icon=\u00bbfas fa-user-plus\u00bb iconclr=\u00bb#890000&#8243; title=\u00bbINCLUIDO\u00bb lineheight=\u00bb2&#8243; borderclr=\u00bb#f4f4f4&#8243;]\n<ul>\n<li>Tarifas del parque para el parque declaradas.<\/li>\n<li>Transporte en furgoneta de techo abierto.<\/li>\n<li>Servicio de un gu\u00eda conductor profesional.<\/li>\n<li>Comidas en pensi\u00f3n completa en el albergue \/ campamento.<\/li>\n<li>4 noches de alojamiento en el respectivo hotel indicado.<\/li>\n<li>Agua ilimitada en el veh\u00edculo.<\/li>\n<\/ul>\n[\/info_list_son][\/info_list_father][\/vc_column_inner][vc_column_inner width=\u00bb1\/2&#8243;][info_list_father listclr=\u00bb#f4f4f4&#8243; css=\u00bb.vc_custom_1699954762299{padding-top: 10px !important;}\u00bb][info_list_son style=\u00bbicon\u00bb size=\u00bb15&#8243; width=\u00bb20&#8243; height=\u00bb20&#8243; titleclr=\u00bb#890000&#8243; icon=\u00bbfas fa-user-minus\u00bb iconclr=\u00bb#890000&#8243; title=\u00bbEXCLUIDOS\u00bb lineheight=\u00bb2&#8243; borderclr=\u00bb#f4f4f4&#8243;]\n<ul>\n<li>Visita cultural a la aldea Masai @ $ 20 por persona.<\/li>\n<li>Propinas para gu\u00eda del conductor (<strong>Muy recomendable<\/strong>).<\/li>\n<li>Art\u00edculos personales (Souvenirs, seguro de viaje, tasas de visado, etc.).<\/li>\n<li>Alojamiento adicional antes y al final del tour.<\/li>\n<li>El gobierno impuso un aumento en los impuestos y\/o tarifas del parque.<\/li>\n<li>Paseos en globo aerost\u00e1tico @ $505 por adulto \/ $380 por ni\u00f1o (<strong>menores de 18 a\u00f1os<\/strong>).<\/li>\n<\/ul>\n<p>&nbsp;[\/info_list_son][\/info_list_father][\/vc_column_inner][\/vc_row_inner][\/vc_tta_section][vc_tta_section title=\u00bbLista de verificaci\u00f3n de viaje\u00bb tab_id=\u00bb1633892890537-5637ec0b-4c69&#8243;][vc_row_inner][vc_column_inner width=\u00bb1\/2&#8243;][vc_custom_heading text=\u00bbAntes de viajar\u00bb font_container=\u00bbtag:h2|text_align:left|color:%23890000&#8243; google_fonts=\u00bbfont_family:Open%20Sans%3A300%2C300italic%2Cregular%2Citalic%2C600%2C600italic%2C700%2C700italic%2C800%2C800italic|font_style:400%20regular%3A400%3Anormal\u00bb][vc_separator color=\u00bbcustom\u00bb align=\u00bbalign_left\u00bb border_width=\u00bb2&#8243; el_width=\u00bb20&#8243; accent_color=\u00bb#890000&#8243;][vc_column_text]Antes de emprender tu viaje, aseg\u00farate de leer nuestros completos consejos de viaje para una experiencia perfecta.[\/vc_column_text][vc_empty_space height=\u00bb47px\u00bb][vc_btn title=\u00bbAprende m\u00e1s\u00bb style=\u00bboutline-custom\u00bb outline_custom_color=\u00bb#890000&#8243; outline_custom_hover_background=\u00bb#890000&#8243; outline_custom_hover_text=\u00bb#ffffff\u00bb shape=\u00bbsquare\u00bb i_align=\u00bbright\u00bb i_icon_fontawesome=\u00bbfas fa-chevron-right\u00bb add_icon=\u00bbtrue\u00bb link=\u00bburl:https%3A%2F%2Fmufasatoursandtravels.com%2Fes%2Fpreparandose-para-viajar%2F|title:Prepar%C3%A1ndose%20para%20viajar|\u00bb][\/vc_column_inner][vc_column_inner width=\u00bb1\/2&#8243;][vc_custom_heading text=\u00bbDurante la reserva\u00bb font_container=\u00bbtag:h2|text_align:left|color:%23890000&#8243; google_fonts=\u00bbfont_family:Open%20Sans%3A300%2C300italic%2Cregular%2Citalic%2C600%2C600italic%2C700%2C700italic%2C800%2C800italic|font_style:400%20regular%3A400%3Anormal\u00bb][vc_separator color=\u00bbcustom\u00bb align=\u00bbalign_left\u00bb border_width=\u00bb2&#8243; el_width=\u00bb20&#8243; accent_color=\u00bb#890000&#8243;][vc_column_text]Mejore su planificaci\u00f3n de viaje descargando informaci\u00f3n valiosa sobre el destino, como los requisitos de pasaporte y visado, las vacunas recomendadas, las restricciones de equipaje, la lista de equipaje y las directrices sobre las propinas.[\/vc_column_text][vc_btn title=\u00bbAprende m\u00e1s\u00bb style=\u00bboutline-custom\u00bb outline_custom_color=\u00bb#890000&#8243; outline_custom_hover_background=\u00bb#890000&#8243; outline_custom_hover_text=\u00bb#ffffff\u00bb shape=\u00bbsquare\u00bb i_align=\u00bbright\u00bb i_icon_fontawesome=\u00bbfas fa-chevron-right\u00bb add_icon=\u00bbtrue\u00bb link=\u00bburl:https%3A%2F%2Fmufasatoursandtravels.com%2Fes%2Flo-que-hay-que-saber-antes-de-llegar-a-africa-oriental%2F|title:LO%20QUE%20HAY%20QUE%20SABER%20ANTES%20DE%20LLEGAR%20A%20%C3%81FRICA%20ORIENTAL|\u00bb][\/vc_column_inner][\/vc_row_inner][vc_row_inner][vc_column_inner width=\u00bb1\/2&#8243;][vc_custom_heading text=\u00bbDurante el recorrido\u00bb font_container=\u00bbtag:h2|text_align:left|color:%23890000&#8243; google_fonts=\u00bbfont_family:Open%20Sans%3A300%2C300italic%2Cregular%2Citalic%2C600%2C600italic%2C700%2C700italic%2C800%2C800italic|font_style:400%20regular%3A400%3Anormal\u00bb][vc_separator color=\u00bbcustom\u00bb align=\u00bbalign_left\u00bb border_width=\u00bb2&#8243; el_width=\u00bb20&#8243; accent_color=\u00bb#890000&#8243;][vc_column_text]Maximice el \u00e9xito de su viaje descargando informaci\u00f3n esencial sobre su(s) destino(s), incluidos los requisitos de pasaporte y visa, las pautas de vacunaci\u00f3n, las restricciones de equipaje, la lista de empaque y los consejos de propinas.[\/vc_column_text][vc_btn title=\u00bbAprende m\u00e1s\u00bb style=\u00bboutline-custom\u00bb outline_custom_color=\u00bb#890000&#8243; outline_custom_hover_background=\u00bb#890000&#8243; outline_custom_hover_text=\u00bb#ffffff\u00bb shape=\u00bbsquare\u00bb i_align=\u00bbright\u00bb i_icon_fontawesome=\u00bbfas fa-chevron-right\u00bb add_icon=\u00bbtrue\u00bb link=\u00bburl:https%3A%2F%2Fmufasatoursandtravels.com%2Fes%2Fpasaportes-y-visados%2F|title:Pasaportes%20y%20Visados|\u00bb][\/vc_column_inner][vc_column_inner width=\u00bb1\/2&#8243;][vc_custom_heading text=\u00bbDespu\u00e9s del Tour\u00bb font_container=\u00bbtag:h2|text_align:left|color:%23890000&#8243; google_fonts=\u00bbfont_family:Open%20Sans%3A300%2C300italic%2Cregular%2Citalic%2C600%2C600italic%2C700%2C700italic%2C800%2C800italic|font_style:400%20regular%3A400%3Anormal\u00bb][vc_separator color=\u00bbcustom\u00bb align=\u00bbalign_left\u00bb border_width=\u00bb2&#8243; el_width=\u00bb20&#8243; accent_color=\u00bb#890000&#8243;][vc_column_text]Mientras disfruta del resplandor de su aventura, estamos aqu\u00ed para ayudarlo con consejos esenciales despu\u00e9s del viaje, asegur\u00e1ndonos de que su regreso a casa sea tan fluido y c\u00f3modo como su viaje en s\u00ed.[\/vc_column_text][\/vc_column_inner][\/vc_row_inner][\/vc_tta_section][\/vc_tta_tabs][\/vc_column][\/vc_row][vc_row][vc_column][vc_column_text]\n<p style=\"text-align: left;\"><strong>RENUNCIA.<\/strong><\/p>\n<ul>\n<li>Este tour es ofrecido por <a href=\"https:\/\/mufasatoursandtravels.com\/es\/\">Mufasa Tours and Travels<\/a>.<\/li>\n<li>Todos nuestros safaris son privados.<\/li>\n<li>Los ni\u00f1os de 0 a 2 a\u00f1os entran gratis.<\/li>\n<li>Los ni\u00f1os de 3 a 12 a\u00f1os pagan el 50% de la tarifa de adulto si comparten la misma habitaci\u00f3n con adultos.<\/li>\n<li>Los ni\u00f1os de 3 a 12 a\u00f1os pagan el 75% de la tarifa de adulto si se alojan en su propia habitaci\u00f3n separada de los adultos.<\/li>\n<li>Los ni\u00f1os mayores de 12 a\u00f1os son reconocidos como adultos en campamentos y albergues.<\/li>\n<li>Nos reservamos el derecho de cambiar el programa tal como se anuncia.<\/li>\n<li>Si un alojamiento est\u00e1 completo, sugeriremos opciones alternativas comparables.<\/li>\n<li>El pedido exacto, el contenido y las tarifas de este tour est\u00e1n sujetos a disponibilidad.<\/li>\n<li>Este tour est\u00e1 sujeto a los <a href=\"https:\/\/mufasatoursandtravels.com\/es\/terminos-y-condiciones\/\">t\u00e9rminos y condiciones<\/a> de <a href=\"https:\/\/mufasatoursandtravels.com\/es\/\">Mufasa Tours and Travels.<\/a><\/li>\n<\/ul>\n[\/vc_column_text][\/vc_column][\/vc_row]\n","protected":false},"excerpt":{"rendered":"<p>[vc_row full_width=\u00bbstretch_row\u00bb gap=\u00bb1&#8243;][vc_column parallax=\u00bbcontent-moving\u00bb parallax_image=\u00bb8196&#8243; css=\u00bb.vc_custom_1687514875529{padding-top: 80px !important;padding-right: 80px !important;padding-bottom: 80px !important;padding-left: 80px !important;}\u00bb][vc_custom_heading text=\u00bbSAFARI CL\u00c1SICO DE ZIWA\u00bb font_container=\u00bbtag:h1|font_size:32|text_align:center|color:%23ffffff\u00bb google_fonts=\u00bbfont_family:Roboto%3A100%2C100italic%2C300%2C300italic%2Cregular%2Citalic%2C500%2C500italic%2C700%2C700italic%2C900%2C900italic|font_style:400%20regular%3A400%3Anormal\u00bb][vc_separator color=\u00bbcustom\u00bb border_width=\u00bb2&#8243; el_width=\u00bb50&#8243; accent_color=\u00bb#f8f8f8&#8243;][vc_custom_heading text=\u00bbL.Naivasha \u21fe L.Nakuru \u21fe Masai Mara\u00bb font_container=\u00bbtag:h2|font_size:18|text_align:center|color:%23ffffff\u00bb google_fonts=\u00bbfont_family:Roboto%3A100%2C100italic%2C300%2C300italic%2Cregular%2Citalic%2C500%2C500italic%2C700%2C700italic%2C900%2C900italic|font_style:400%20regular%3A400%3Anormal\u00bb][\/vc_column][\/vc_row][vc_row][vc_column css=\u00bb.vc_custom_1673876110098{border-top-width: 10px !important;border-right-width: 10px !important;border-bottom-width: 10px !important;border-left-width: 10px !important;}\u00bb][vc_tta_tabs shape=\u00bbsquare\u00bb color=\u00bbjuicy-pink\u00bb alignment=\u00bbcenter\u00bb active_section=\u00bb1&#8243; no_fill_content_area=\u00bbtrue\u00bb][vc_tta_section title=\u00bbPrograma\u00bb tab_id=\u00bb1633454673222-3d94f956-010c\u00bb][info_list_father listclr=\u00bb#f4f4f4&#8243; css=\u00bb.vc_custom_1699954735428{padding-top: 10px !important;}\u00bb][info_list_son style=\u00bbicon\u00bb size=\u00bb15&#8243; width=\u00bb20&#8243; [&hellip;]<\/p>\n","protected":false},"author":4,"featured_media":0,"parent":27936,"menu_order":5,"comment_status":"closed","ping_status":"closed","template":"","meta":{"_themeisle_gutenberg_block_has_review":false,"footnotes":""},"class_list":["post-33702","page","type-page","status-publish","hentry"],"_links":{"self":[{"href":"https:\/\/mufasatoursandtravels.com\/es\/wp-json\/wp\/v2\/pages\/33702","targetHints":{"allow":["GET"]}}],"collection":[{"href":"https:\/\/mufasatoursandtravels.com\/es\/wp-json\/wp\/v2\/pages"}],"about":[{"href":"https:\/\/mufasatoursandtravels.com\/es\/wp-json\/wp\/v2\/types\/page"}],"author":[{"embeddable":true,"href":"https:\/\/mufasatoursandtravels.com\/es\/wp-json\/wp\/v2\/users\/4"}],"replies":[{"embeddable":true,"href":"https:\/\/mufasatoursandtravels.com\/es\/wp-json\/wp\/v2\/comments?post=33702"}],"version-history":[{"count":1,"href":"https:\/\/mufasatoursandtravels.com\/es\/wp-json\/wp\/v2\/pages\/33702\/revisions"}],"predecessor-version":[{"id":33704,"href":"https:\/\/mufasatoursandtravels.com\/es\/wp-json\/wp\/v2\/pages\/33702\/revisions\/33704"}],"up":[{"embeddable":true,"href":"https:\/\/mufasatoursandtravels.com\/es\/wp-json\/wp\/v2\/pages\/27936"}],"wp:attachment":[{"href":"https:\/\/mufasatoursandtravels.com\/es\/wp-json\/wp\/v2\/media?parent=33702"}],"curies":[{"name":"wp","href":"https:\/\/api.w.org\/{rel}","templated":true}]}}