{"id":33781,"date":"2022-01-08T09:16:19","date_gmt":"2022-01-08T06:16:19","guid":{"rendered":"https:\/\/mufasatoursandtravels.com\/extension-de-diani-beach-safari\/"},"modified":"2025-04-10T16:55:59","modified_gmt":"2025-04-10T13:55:59","slug":"extension-de-diani-beach-safari","status":"publish","type":"page","link":"https:\/\/mufasatoursandtravels.com\/es\/safari-por-carretera-en-kenia\/safaris-de-extension-de-playa\/extension-de-diani-beach-safari\/","title":{"rendered":"Extensi\u00f3n de Diani Beach Safari"},"content":{"rendered":"[vc_row gap=\u00bb1&#8243; css=\u00bb.vc_custom_1687884114134{background-image: url(https:\/\/mufasatoursandtravels.com\/wp-content\/uploads\/2023\/05\/diani-beach.jpg?id=10929) !important;background-position: center !important;background-repeat: no-repeat !important;background-size: cover !important;}\u00bb][vc_column parallax=\u00bbcontent-moving\u00bb parallax_speed_bg=\u00bb1.6&#8243; css=\u00bb.vc_custom_1687884010897{padding-top: 80px !important;padding-bottom: 80px !important;background-color: rgba(0,0,0,0.49) !important;*background-color: rgb(0,0,0) !important;}\u00bb][vc_custom_heading text=\u00bbPLAYA DIANI MOMBASA\u00bb font_container=\u00bbtag:h1|font_size:30|text_align:center|color:%23ffffff\u00bb use_theme_fonts=\u00bbyes\u00bb][vc_separator color=\u00bbcustom\u00bb border_width=\u00bb2&#8243; el_width=\u00bb50&#8243; accent_color=\u00bb#f8f8f8&#8243;][vc_empty_space][\/vc_column][\/vc_row][vc_row][vc_column][vc_headings style=\u00bbtheme3&#8243; borderclr=\u00bb#890000&#8243; title=\u00bbDiani Beach Mombasa, Resort, Hotels, Snorkeling, Weather\u00bb use_theme_fonts=\u00bbyes\u00bb titleclr=\u00bb#890000&#8243;][\/vc_headings][vc_empty_space][vc_tta_tabs shape=\u00bbsquare\u00bb color=\u00bbjuicy-pink\u00bb alignment=\u00bbcenter\u00bb active_section=\u00bb1&#8243; no_fill_content_area=\u00bbtrue\u00bb][vc_tta_section title=\u00bbAcerca de\u00bb tab_id=\u00bb1633454673222-3d94f956-010c\u00bb][info_list_father connector_h=\u00bb20&#8243; liststyle=\u00bbinset\u00bb listclr=\u00bb#890000&#8243;][info_list_son style=\u00bbicon\u00bb size=\u00bb15&#8243; width=\u00bb20&#8243; height=\u00bb20&#8243; titleclr=\u00bb#811a18&#8243; title=\u00bbPlaya de Diani\u00bb icon=\u00bbfas fa-umbrella-beach\u00bb iconclr=\u00bb#811a18&#8243; lineheight=\u00bb2&#8243; iconbg=\u00bb#f8f8f8&#8243; borderclr=\u00bb#890000&#8243;]La playa de Diani en <a href=\"https:\/\/mufasatoursandtravels.com\/es\/destinos\/mombasa-malindi-y-diani\/\">Mombasa<\/a>, Kenia, es un para\u00edso tropical que atrae con sus pr\u00edstinas arenas blancas, aguas turquesas y el id\u00edlico encanto costero. La playa es un tramo perfecto de costa a lo largo del Oc\u00e9ano \u00cdndico, conocido por su arena suave y sus aguas cristalinas. Toma el sol, date refrescantes chapuzones en el oc\u00e9ano y deja que la suave brisa marina se lleve tus preocupaciones. <a href=\"https:\/\/mufasatoursandtravels.com\/es\/destinos\/\">Es el destino de safari<\/a> ideal para la relajaci\u00f3n y el rejuvenecimiento.   <\/p>\n<p>&nbsp;[\/info_list_son][info_list_son style=\u00bbicon\u00bb size=\u00bb15&#8243; width=\u00bb20&#8243; height=\u00bb20&#8243; titleclr=\u00bb#811a18&#8243; title=\u00bbDiani Beach Resort\u00bb icon=\u00bbfas fa-hotel\u00bb iconclr=\u00bb#811a18&#8243; lineheight=\u00bb2&#8243; caption_url=\u00bb\u00bb borderclr=\u00bb#890000&#8243;]<figure id=\"attachment_10929\" aria-describedby=\"caption-attachment-10929\" style=\"width: 400px\" class=\"wp-caption alignright\"><img loading=\"lazy\" decoding=\"async\" class=\"wp-image-10929 size-thumbnail\" src=\"https:\/\/mufasatoursandtravels.com\/wp-content\/uploads\/2023\/05\/diani-beach-400x300.jpg\" alt=\"Palmeras en una playa\" width=\"400\" height=\"300\" srcset=\"https:\/\/mufasatoursandtravels.com\/wp-content\/uploads\/2023\/05\/diani-beach-400x300.jpg 400w, https:\/\/mufasatoursandtravels.com\/wp-content\/uploads\/2023\/05\/diani-beach-800x600.jpg 800w\" sizes=\"auto, (max-width: 400px) 100vw, 400px\" \/><figcaption id=\"caption-attachment-10929\" class=\"wp-caption-text\">Playa de Diani<\/figcaption><\/figure>\n<p>Disfrute del lujo y la tranquilidad en uno de los exquisitos resorts que salpican la playa de Diani. Estos resorts ofrecen comodidades de clase mundial, impresionantes vistas frente al mar y una hospitalidad excepcional. Experimente el ep\u00edtome de la relajaci\u00f3n mientras se relaja en medio de exuberantes jardines, saborea la deliciosa cocina y se mima con tratamientos de spa rejuvenecedores.  <\/p>\n<p>&nbsp;<\/p>\n<p>&nbsp;[\/info_list_son][info_list_son style=\u00bbicon\u00bb size=\u00bb15&#8243; width=\u00bb20&#8243; height=\u00bb20&#8243; titleclr=\u00bb#811a18&#8243; title=\u00bbHoteles en Diani Beach\u00bb icon=\u00bbfas fa-utensils\u00bb iconclr=\u00bb#811a18&#8243; lineheight=\u00bb2&#8243; borderclr=\u00bb#890000&#8243;]Elija entre una variedad de hoteles excepcionales a lo largo de la playa de Diani, cada uno de los cuales ofrece una experiencia \u00fanica. Ya sea que busque un lujoso refugio frente a la playa, un resort familiar o un acogedor hotel boutique, <a href=\"https:\/\/mufasatoursandtravels.com\/es\/safari-por-carretera-en-kenia\/safaris-de-extension-de-playa\/extension-de-diani-beach-safari\/\">Diani Beach<\/a> tiene alojamientos que se adaptan a todas las preferencias y presupuestos. <\/p>\n<p>&nbsp;[\/info_list_son][info_list_son style=\u00bbicon\u00bb size=\u00bb15&#8243; width=\u00bb20&#8243; height=\u00bb20&#8243; titleclr=\u00bb#811a18&#8243; title=\u00bbEsn\u00f3rquel en la playa de Diani\u00bb icon=\u00bbfas fa-water\u00bb iconclr=\u00bb#811a18&#8243; lineheight=\u00bb2&#8243; borderclr=\u00bb#890000&#8243;]La playa de Diani es una puerta de entrada a las maravillas submarinas, que te invita a explorar los vibrantes arrecifes de coral y la diversa vida marina. Emb\u00e1rcate en una aventura de esn\u00f3rquel y sum\u00e9rgete en el colorido mundo bajo las olas. Descubra la belleza del Oc\u00e9ano \u00cdndico y cree recuerdos inolvidables con los tours de esn\u00f3rquel guiados por expertos de <a href=\"https:\/\/mufasatoursandtravels.com\/es\/\">Mufasa Tours and Travel<\/a> .  <\/p>\n<p>&nbsp;[\/info_list_son][info_list_son style=\u00bbicon\u00bb size=\u00bb15&#8243; width=\u00bb20&#8243; height=\u00bb20&#8243; titleclr=\u00bb#811a18&#8243; title=\u00bbDiani Beach Reef Resort\u00bb icon=\u00bbfas fa-hotel\u00bb iconclr=\u00bb#811a18&#8243; lineheight=\u00bb2&#8243; borderclr=\u00bb#890000&#8243;]<figure id=\"attachment_10927\" aria-describedby=\"caption-attachment-10927\" style=\"width: 400px\" class=\"wp-caption alignleft\"><img loading=\"lazy\" decoding=\"async\" class=\"wp-image-10927 size-thumbnail\" src=\"https:\/\/mufasatoursandtravels.com\/wp-content\/uploads\/2023\/05\/diani-beach-resort-400x300.jpg\" alt=\"Diani Beach Resort\" width=\"400\" height=\"300\" srcset=\"https:\/\/mufasatoursandtravels.com\/wp-content\/uploads\/2023\/05\/diani-beach-resort-400x300.jpg 400w, https:\/\/mufasatoursandtravels.com\/wp-content\/uploads\/2023\/05\/diani-beach-resort-800x600.jpg 800w\" sizes=\"auto, (max-width: 400px) 100vw, 400px\" \/><figcaption id=\"caption-attachment-10927\" class=\"wp-caption-text\">Playa de Diani<\/figcaption><\/figure>\n<p>Descubra el encantador <a href=\"https:\/\/dianireef.com\/\" target=\"_blank\" rel=\"dofollow noopener\">Diani Beach Reef Resort<\/a>, un oasis costero a lo largo de la pr\u00edstina playa Diani de Kenia. Con exquisitos alojamientos, una ubicaci\u00f3n frente al mar, comodidades inigualables y la asistencia de Mufasa Tours and Travel, su viaje a esta joya costera est\u00e1 garantizado para ser inolvidable. Experimente el lujo, la aventura y la relajaci\u00f3n en un destino cautivador  [\/info_list_son][info_list_son style=\u00bbicon\u00bb size=\u00bb15&#8243; width=\u00bb20&#8243; height=\u00bb20&#8243; titleclr=\u00bb#811a18&#8243; title=\u00bbEl tiempo en Diani Beach\u00bb icon=\u00bbfas fa-cloud-sun\u00bb iconclr=\u00bb#811a18&#8243; lineheight=\u00bb2&#8243; borderclr=\u00bb#890000&#8243;]Disfrute del sol tropical y de temperaturas agradables durante todo el a\u00f1o en Diani Beach. Con su clima ecuatorial, la playa ofrece un clima c\u00e1lido y acogedor que es perfecto para tomar el sol, practicar deportes acu\u00e1ticos y actividades al aire libre. Experimenta interminables d\u00edas de verano en este para\u00edso costero.  <\/p>\n<p>&nbsp;[\/info_list_son][info_list_son style=\u00bbicon\u00bb size=\u00bb15&#8243; width=\u00bb20&#8243; height=\u00bb20&#8243; titleclr=\u00bb#811a18&#8243; title=\u00bbAeropuerto de Diani Beach\u00bb icon=\u00bbfas fa-plane-departure\u00bb iconclr=\u00bb#811a18&#8243; lineheight=\u00bb2&#8243; caption_url=\u00bb\u00bb]<figure id=\"attachment_10928\" aria-describedby=\"caption-attachment-10928\" style=\"width: 400px\" class=\"wp-caption alignright\"><img loading=\"lazy\" decoding=\"async\" class=\"wp-image-10928 size-thumbnail\" src=\"https:\/\/mufasatoursandtravels.com\/wp-content\/uploads\/2023\/05\/diani-beach-mombasa-400x300.jpg\" alt=\"El tiempo en la playa de Diani\" width=\"400\" height=\"300\" srcset=\"https:\/\/mufasatoursandtravels.com\/wp-content\/uploads\/2023\/05\/diani-beach-mombasa-400x300.jpg 400w, https:\/\/mufasatoursandtravels.com\/wp-content\/uploads\/2023\/05\/diani-beach-mombasa-800x600.jpg 800w\" sizes=\"auto, (max-width: 400px) 100vw, 400px\" \/><figcaption id=\"caption-attachment-10928\" class=\"wp-caption-text\">Playa de Diani<\/figcaption><\/figure>\n<p>Llegar a Diani Beach es f\u00e1cil gracias a su proximidad a la pista de aterrizaje de Ukunda, tambi\u00e9n conocida como Aeropuerto de Diani Beach. Este aeropuerto conecta la playa con varios destinos nacionales e internacionales, lo que garantiza un viaje sin complicaciones a su para\u00edso tropical. <\/p>\n<p>Si est\u00e1 listo para experimentar la <a href=\"https:\/\/en.wikipedia.org\/wiki\/Diani_Beach\" target=\"_blank\" rel=\"noopener nofollow\">playa de Diani<\/a>, deje que Mufasa Tours and Travels sea su gu\u00eda de confianza, asegurando una experiencia de viaje perfecta e inolvidable. Reserve su escapada a Diani Beach hoy y cree recuerdos que durar\u00e1n toda la vida. <\/p>\n<p>&nbsp;[\/info_list_son][\/info_list_father][\/vc_tta_section][vc_tta_section title=\u00bbTarifas\u00bb tab_id=\u00bb1633454673248-4ec9e207-8783&#8243;][vc_column_text]\n<div>\n<h3>Importante saber:<\/h3>\n<ul>\n<li>Todos los alojamientos que se ofrecen a continuaci\u00f3n son por persona por noche en r\u00e9gimen de compartici\u00f3n.<\/li>\n<li>Los ni\u00f1os de 0 a 2 a\u00f1os entran gratis.<\/li>\n<li>Los ni\u00f1os de 3 a 12 a\u00f1os pagan el 50% de la tarifa de adulto si comparten la misma habitaci\u00f3n con adultos.<\/li>\n<li>Los ni\u00f1os de 3 a 12 a\u00f1os pagan el 75% de la tarifa de adulto si se alojan en su propia habitaci\u00f3n separada de los adultos.<\/li>\n<li>Los ni\u00f1os mayores de 12 a\u00f1os son reconocidos como adultos en campamentos y albergues.<\/li>\n<li>Las actividades adicionales como snorkel, cruceros en barco y kitesurf se pueden comprar directamente en la recepci\u00f3n.<\/li>\n<li>Si los hu\u00e9spedes desean transporte a las propiedades respectivas a continuaci\u00f3n, comun\u00edquese directamente con nuestra oficina para reservar vuelos o boletos de tren con un costo adicional.<\/li>\n<li>Suplemento individual a ser asesorado por su asesor tur\u00edstico en nuestra oficina.<\/li>\n<\/ul>\n<\/div>\n<h3>Tarifas por persona por noche<\/h3>\n<p style=\"text-align: center;\">Nota: <strong>Tenga en cuenta que las tarifas se est\u00e1n actualizando<\/strong>. P\u00f3ngase en contacto con nosotros para safaris a medida, tarifas y consultas generales. <\/p>\n\u00a1No se encontr\u00f3 wpDataTable con el ID proporcionado!<strong><span style=\"text-align: center;\">Renuncia:<\/span><\/strong><\/p>\n<div>\n<ul>\n<li>Este tour es ofrecido por <a href=\"https:\/\/mufasatoursandtravels.com\/es\/\">Mufasa Tours and Travels<\/a>.<\/li>\n<li>Este operador se reserva el derecho de cambiar las tarifas anunciadas.<\/li>\n<li>Si solicita cambios en este tour, es probable que las tarifas anunciadas cambien.<\/li>\n<li>Si un alojamiento est\u00e1 completo, el operador sugerir\u00e1 opciones alternativas comparables.<\/li>\n<li>El pedido exacto, el contenido y las tarifas de este tour est\u00e1n sujetos a disponibilidad.<\/li>\n<li>Este tour est\u00e1 sujeto a los <a href=\"https:\/\/mufasatoursandtravels.com\/es\/terminos-y-condiciones\/\">t\u00e9rminos y condiciones<\/a> de <a href=\"https:\/\/mufasatoursandtravels.com\/es\/\">Mufasa Tours and Travels.<\/a><\/li>\n<\/ul>\n<\/div>\n[\/vc_column_text][\/vc_tta_section][vc_tta_section title=\u00bbInclusivo\/Exclusivo\u00bb tab_id=\u00bb1633455601016-f93699bc-5d92&#8243;][vc_row_inner][vc_column_inner width=\u00bb1\/2&#8243;][info_list_father listclr=\u00bb#f8f8f8&#8243;][info_list_son style=\u00bbicon\u00bb size=\u00bb10&#8243; width=\u00bb20&#8243; height=\u00bb20&#8243; titleclr=\u00bb#890000&#8243; icon=\u00bbfas fa-plus-circle\u00bb iconclr=\u00bb#333333&#8243; title=\u00bbINCLUIDO\u00bb lineheight=\u00bb2&#8243;]\n<ul>\n<li>Comidas seg\u00fan las indicaciones.<\/li>\n<li>Alojamiento en categor\u00eda de habitaci\u00f3n est\u00e1ndar.<\/li>\n<li>Servicios del hotel como WIFI, nataci\u00f3n, gimnasio, etc.<\/li>\n<\/ul>\n[\/info_list_son][\/info_list_father][\/vc_column_inner][vc_column_inner width=\u00bb1\/2&#8243;][info_list_father listclr=\u00bb#f8f8f8&#8243;][info_list_son style=\u00bbicon\u00bb size=\u00bb10&#8243; width=\u00bb20&#8243; height=\u00bb20&#8243; titleclr=\u00bb#890000&#8243; icon=\u00bbfas fa-minus-circle\u00bb iconclr=\u00bb#333333&#8243; title=\u00bbEXCLUIDOS\u00bb lineheight=\u00bb2&#8243;]\n<ul>\n<li>Actividades extras como snorkel, kitesurf, etc.<\/li>\n<li>Consejos.<\/li>\n<li>Art\u00edculos personales (Souvenirs, seguro de viaje, tasas de visado, etc.).<\/li>\n<li>Transporte a las propiedades como vuelos, boletos de tren, etc.<\/li>\n<li>El gobierno impuso un aumento en los impuestos y\/o tarifas del parque.<\/li>\n<\/ul>\n[\/info_list_son][\/info_list_father][\/vc_column_inner][\/vc_row_inner][\/vc_tta_section][vc_tta_section title=\u00bbMapa\u00bb tab_id=\u00bb1633892890537-5637ec0b-4c69&#8243;][vc_gmaps link=\u00bb#E-8_JTNDaWZyYW1lJTIwc3JjJTNEJTIyaHR0cHMlM0ElMkYlMkZ3d3cuZ29vZ2xlLmNvbSUyRm1hcHMlMkZlbWJlZCUzRnBiJTNEJTIxMW0xOCUyMTFtMTIlMjExbTMlMjExZDYzMDQuODI5OTg2MTMxMjcxJTIxMmQtMTIyLjQ3NDY5NjgwMzMwOTIlMjEzZDM3LjgwMzc0NzUyMTYwNDQzJTIxMm0zJTIxMWYwJTIxMmYwJTIxM2YwJTIxM20yJTIxMWkxMDI0JTIxMmk3NjglMjE0ZjEzLjElMjEzbTMlMjExbTIlMjExczB4ODA4NTg2ZTYzMDI2MTVhMSUyNTNBMHg4NmJkMTMwMjUxNzU3YzAwJTIxMnNTdG9yZXklMkJBdmUlMjUyQyUyQlNhbiUyQkZyYW5jaXNjbyUyNTJDJTJCQ0ElMkI5NDEyOSUyMTVlMCUyMTNtMiUyMTFzZW4lMjEyc3VzJTIxNHYxNDM1ODI2NDMyMDUxJTIyJTIwd2lkdGglM0QlMjI2MDAlMjIlMjBoZWlnaHQlM0QlMjI0NTAlMjIlMjBmcmFtZWJvcmRlciUzRCUyMjAlMjIlMjBzdHlsZSUzRCUyMmJvcmRlciUzQTAlMjIlMjBhbGxvd2Z1bGxzY3JlZW4lM0QlMjIlMjIlM0UlM0MlMkZpZnJhbWUlM0U=\u00bb][\/vc_tta_section][\/vc_tta_tabs][\/vc_column][\/vc_row][vc_row][vc_column][vc_btn title=\u00bbViaja con nosotros\u00bb style=\u00bbcustom\u00bb custom_background=\u00bb#890000&#8243; custom_text=\u00bb#ffffff\u00bb shape=\u00bbsquare\u00bb align=\u00bbcenter\u00bb i_icon_fontawesome=\u00bbfas fa-chevron-right\u00bb add_icon=\u00bbtrue\u00bb link=\u00bburl:https%3A%2F%2Fmufasatoursandtravels.com%2Fes%2Fsolicite-un-presupuesto%2F|title:Solicite%20un%20presupuesto|\u00bb][\/vc_column][\/vc_row][vc_row][vc_column][vc_headings style=\u00bbtheme3&#8243; borderclr=\u00bb#890000&#8243; title=\u00bbPreguntas frecuentes sobre Diani Beach\u00bb use_theme_fonts=\u00bbyes\u00bb titleclr=\u00bb#890000&#8243;][\/vc_headings][vc_empty_space][\/vc_column][\/vc_row][vc_row][vc_column][vc_toggle title=\u00bb\u00bfQu\u00e9 actividades puedo disfrutar en Diani Beach?\u00bb style=\u00bbsquare\u00bb]<span data-contrast=\"auto\">La playa de Diani ofrece una gran cantidad de actividades emocionantes como esn\u00f3rquel, tomar el sol, practicar deportes acu\u00e1ticos y explorar vibrantes arrecifes de coral. Tambi\u00e9n puede disfrutar de la relajaci\u00f3n y el rejuvenecimiento en los resorts frente a la playa. <\/span><span data-ccp-props=\"{\"201341983\":0,\"335559739\":160,\"335559740\":259}\"> <\/span>[\/vc_toggle][vc_toggle title=\u00bb\u00bfC\u00f3mo se compara la playa de Diani con Zanz\u00edbar?\u00bb style=\u00bbsquare\u00bb]<span data-contrast=\"auto\">Si bien tanto la playa de Diani como Zanz\u00edbar ofrecen impresionantes experiencias de playa, la playa de Diani se destaca por su belleza natural intacta y su ambiente sereno. Descubra por qu\u00e9 muchos viajeros eligen Diani Beach para un retiro tranquilo lejos de las multitudes. <\/span><span data-ccp-props=\"{\"201341983\":0,\"335559739\":160,\"335559740\":259}\"> <\/span>[\/vc_toggle][vc_toggle title=\u00bb\u00bfC\u00f3mo es el tiempo en Diani Beach?\u00bb style=\u00bbsquare\u00bb]La playa Diani goza de un clima tropical con temperaturas agradables durante todo el a\u00f1o, lo que la convierte en un destino ideal para tomar el sol, practicar deportes acu\u00e1ticos y actividades al aire libre.[\/vc_toggle][vc_toggle title=\u00bb\u00bfC\u00f3mo puedo reservar un tour de snorkel en Diani Beach?\u00bb style=\u00bbsquare\u00bb]<span data-contrast=\"auto\">Mufasa Tours and Travel ofrece excursiones de esn\u00f3rquel guiadas por expertos, que le permiten explorar los vibrantes arrecifes de coral y la diversa vida marina. Contacta con ellos para reservar tu aventura de snorkel. <\/span><span data-ccp-props=\"{\"201341983\":0,\"335559739\":160,\"335559740\":259}\"> <\/span>[\/vc_toggle][vc_toggle title=\u00bb\u00bfC\u00f3mo puedo reservar unas vacaciones con Mufasa Tours and Travel?\u00bb style=\u00bbsquare\u00bb]<span data-contrast=\"auto\">Reservar unas vacaciones con Mufasa Tours and Travel es accesible. Cont\u00e1ctenos a trav\u00e9s de su sitio web o llame a nuestro servicio de atenci\u00f3n al cliente para discutir sus preferencias y crear un itinerario personalizado para sus vacaciones de playa de ensue\u00f1o en Diani Beach, Mombasa. <\/span><span data-ccp-props=\"{\"201341983\":0,\"335559739\":160,\"335559740\":259}\"> <\/span>[\/vc_toggle][\/vc_column][\/vc_row]\n","protected":false},"excerpt":{"rendered":"<p>[vc_row gap=\u00bb1&#8243; css=\u00bb.vc_custom_1687884114134{background-image: url(https:\/\/mufasatoursandtravels.com\/wp-content\/uploads\/2023\/05\/diani-beach.jpg?id=10929) !important;background-position: center !important;background-repeat: no-repeat !important;background-size: cover !important;}\u00bb][vc_column parallax=\u00bbcontent-moving\u00bb parallax_speed_bg=\u00bb1.6&#8243; css=\u00bb.vc_custom_1687884010897{padding-top: 80px !important;padding-bottom: 80px !important;background-color: rgba(0,0,0,0.49) !important;*background-color: rgb(0,0,0) !important;}\u00bb][vc_custom_heading text=\u00bbPLAYA DIANI MOMBASA\u00bb font_container=\u00bbtag:h1|font_size:30|text_align:center|color:%23ffffff\u00bb use_theme_fonts=\u00bbyes\u00bb][vc_separator color=\u00bbcustom\u00bb border_width=\u00bb2&#8243; el_width=\u00bb50&#8243; accent_color=\u00bb#f8f8f8&#8243;][vc_empty_space][\/vc_column][\/vc_row][vc_row][vc_column][vc_headings style=\u00bbtheme3&#8243; borderclr=\u00bb#890000&#8243; title=\u00bbDiani Beach Mombasa, Resort, Hotels, Snorkeling, Weather\u00bb use_theme_fonts=\u00bbyes\u00bb titleclr=\u00bb#890000&#8243;][\/vc_headings][vc_empty_space][vc_tta_tabs shape=\u00bbsquare\u00bb color=\u00bbjuicy-pink\u00bb alignment=\u00bbcenter\u00bb active_section=\u00bb1&#8243; no_fill_content_area=\u00bbtrue\u00bb][vc_tta_section title=\u00bbAcerca de\u00bb tab_id=\u00bb1633454673222-3d94f956-010c\u00bb][info_list_father connector_h=\u00bb20&#8243; liststyle=\u00bbinset\u00bb listclr=\u00bb#890000&#8243;][info_list_son style=\u00bbicon\u00bb size=\u00bb15&#8243; [&hellip;]<\/p>\n","protected":false},"author":4,"featured_media":0,"parent":33936,"menu_order":0,"comment_status":"closed","ping_status":"closed","template":"","meta":{"_themeisle_gutenberg_block_has_review":false,"footnotes":""},"class_list":["post-33781","page","type-page","status-publish","hentry"],"_links":{"self":[{"href":"https:\/\/mufasatoursandtravels.com\/es\/wp-json\/wp\/v2\/pages\/33781","targetHints":{"allow":["GET"]}}],"collection":[{"href":"https:\/\/mufasatoursandtravels.com\/es\/wp-json\/wp\/v2\/pages"}],"about":[{"href":"https:\/\/mufasatoursandtravels.com\/es\/wp-json\/wp\/v2\/types\/page"}],"author":[{"embeddable":true,"href":"https:\/\/mufasatoursandtravels.com\/es\/wp-json\/wp\/v2\/users\/4"}],"replies":[{"embeddable":true,"href":"https:\/\/mufasatoursandtravels.com\/es\/wp-json\/wp\/v2\/comments?post=33781"}],"version-history":[{"count":4,"href":"https:\/\/mufasatoursandtravels.com\/es\/wp-json\/wp\/v2\/pages\/33781\/revisions"}],"predecessor-version":[{"id":33807,"href":"https:\/\/mufasatoursandtravels.com\/es\/wp-json\/wp\/v2\/pages\/33781\/revisions\/33807"}],"up":[{"embeddable":true,"href":"https:\/\/mufasatoursandtravels.com\/es\/wp-json\/wp\/v2\/pages\/33936"}],"wp:attachment":[{"href":"https:\/\/mufasatoursandtravels.com\/es\/wp-json\/wp\/v2\/media?parent=33781"}],"curies":[{"name":"wp","href":"https:\/\/api.w.org\/{rel}","templated":true}]}}