{"id":33955,"date":"2021-11-27T08:50:49","date_gmt":"2021-11-27T05:50:49","guid":{"rendered":"https:\/\/mufasatoursandtravels.com\/destinos\/parque-nacional-de-amboseli\/"},"modified":"2025-04-30T15:59:37","modified_gmt":"2025-04-30T12:59:37","slug":"parque-nacional-de-amboseli","status":"publish","type":"page","link":"https:\/\/mufasatoursandtravels.com\/es\/destinos\/parque-nacional-de-amboseli\/","title":{"rendered":"Parque Nacional de Amboseli"},"content":{"rendered":"[vc_row css=\u00bb.vc_custom_1687877079683{background: rgba(0,0,0,0.47) url(https:\/\/mufasatoursandtravels.com\/wp-content\/uploads\/2022\/02\/destinations-amboseli1-boost.jpg?id=3983) !important;background-position: center !important;background-repeat: no-repeat !important;background-size: cover !important;*background-color: rgb(0,0,0) !important;}\u00bb][vc_column css=\u00bb.vc_custom_1687869367906{padding-top: 30px !important;padding-right: 50px !important;padding-bottom: 30px !important;padding-left: 50px !important;background-color: rgba(0,0,0,0.57) !important;*background-color: rgb(0,0,0) !important;}\u00bb][vc_custom_heading text=\u00bbParque Nacional de Amboseli\u00bb font_container=\u00bbtag:h1|font_size:28|text_align:center|color:%23ffffff\u00bb use_theme_fonts=\u00bbyes\u00bb el_class=\u00bbcustom-opacity-text\u00bb css=\u00bb.vc_custom_1687876617607{margin-top: 30px !important;}\u00bb][vc_empty_space][vc_btn title=\u00bbExplora con nosotros\u00bb style=\u00bboutline\u00bb shape=\u00bbround\u00bb align=\u00bbcenter\u00bb link=\u00bburl:https%3A%2F%2Fmufasatoursandtravels.com%2Fes%2Fsolicite-un-presupuesto%2F|\u00bb][\/vc_column][\/vc_row][vc_row][vc_column css=\u00bb.vc_custom_1675673043250{border-top-width: 10px !important;border-right-width: 10px !important;border-bottom-width: 10px !important;border-left-width: 10px !important;}\u00bb][vc_tta_tabs shape=\u00bbsquare\u00bb color=\u00bbjuicy-pink\u00bb alignment=\u00bbcenter\u00bb active_section=\u00bb1&#8243; no_fill_content_area=\u00bbtrue\u00bb][vc_tta_section title=\u00bbAcerca de\u00bb tab_id=\u00bb1636302233132-39a30584-a642&#8243;][info_list_father listclr=\u00bb#f8f8f8&#8243;][info_list_son style=\u00bbicon\u00bb size=\u00bb20&#8243; width=\u00bb25&#8243; height=\u00bb25&#8243; titleclr=\u00bb#800000&#8243; icon=\u00bbfas fa-question-circle\u00bb title=\u00bbParque Nacional de Amboseli\u00bb]\n<div>\n<div>El parque nacional de Amboseli es uno de los destinos m\u00e1s populares de <a href=\"https:\/\/mufasatoursandtravels.com\/kenya-flying-safaris-2\/kenya-flying-safaris-long-stay\/\">Kenia<\/a>, conocido por sus impresionantes paisajes, su abundante vida silvestre y sus experiencias culturales \u00fanicas. Situado a la sombra del monte Kilimanjaro, Amboseli ofrece a los visitantes la oportunidad de ver elefantes de cerca, junto con otros animales africanos ic\u00f3nicos como leones, jirafas, cebras y m\u00e1s. El parque tambi\u00e9n cuenta con una variedad de actividades, que incluyen safaris, caminatas guiadas por la naturaleza, observaci\u00f3n de aves y visitas culturales a las aldeas mas\u00e1i locales. Con c\u00f3modas opciones de alojamiento y una amplia gama de operadores tur\u00edsticos disponibles, Amboseli es el destino perfecto para una aventura inolvidable de safari africano.   <\/div>\n<\/div>\n[\/info_list_son][info_list_son style=\u00bbicon\u00bb size=\u00bb20&#8243; width=\u00bb25&#8243; height=\u00bb25&#8243; titleclr=\u00bb#800000&#8243; icon=\u00bbfas fa-binoculars\u00bb title=\u00bbUbicaci\u00f3n y geograf\u00eda del Parque Nacional de Amboseli\u00bb]El parque es famoso por ser el mejor lugar del mundo para acercarse a los elefantes en libertad. Otras atracciones del parque incluyen oportunidades para conocer a los masai y visitar una aldea masai. El parque tambi\u00e9n tiene vistas al monte Kilimanjaro, la monta\u00f1a independiente m\u00e1s alta del mundo.  <\/p>\n<p>Tambi\u00e9n ofrece algunas de las mejores oportunidades para ver la vida silvestre africana porque la vegetaci\u00f3n es escasa debido a los meses largos y secos. El \u00e1rea protegida es el hogar de elefantes africanos, b\u00fafalos del Cabo, impalas, leones, guepardos, hienas manchadas, jirafas masai, cebras de Grant y \u00f1us azules. Tambi\u00e9n hay una gran cantidad de aves grandes y peque\u00f1as. El parque tiene varias reglas para proteger la vida silvestre: Nunca abandone el veh\u00edculo, excepto en los lugares designados; no acosar a los animales de ninguna manera; mantente siempre en las v\u00edas; no conducir fuera de la carretera; y siempre dar a los animales el derecho de paso.  [\/info_list_son][info_list_son style=\u00bbicon\u00bb size=\u00bb20&#8243; width=\u00bb25&#8243; height=\u00bb25&#8243; titleclr=\u00bb#800000&#8243; icon=\u00bbfas fa-blind\u00bb title=\u00bbActividades y atracciones en el Parque Nacional de Amboseli\u00bb]\n<ul>\n<li class=\"code-line\" dir=\"auto\" data-line=\"27\"><strong>Avistamiento de Vida Silvestre:<\/strong> Amboseli es el hogar de una gran variedad de vida silvestre, pero es particularmente famoso por sus grandes manadas de elefantes. Los visitantes pueden realizar safaris o caminatas guiadas para ver elefantes, leones, guepardos, cebras, jirafas y m\u00e1s en su h\u00e1bitat natural. <\/li>\n<li class=\"code-line\" dir=\"auto\" data-line=\"28\"><strong>Avistamiento de aves:<\/strong> Se han registrado m\u00e1s de 400 especies de aves en Amboseli, lo que lo convierte en un excelente destino para los observadores de aves. Las especies comunes incluyen el \u00e1guila pescadora africana, la garra larga de garganta amarilla y el azor cantor oriental. <\/li>\n<li class=\"code-line\" dir=\"auto\" data-line=\"29\"><strong>Recorridos y Visitas Culturales:<\/strong> Los visitantes pueden aprender sobre la cultura y las tradiciones mas\u00e1i a trav\u00e9s de recorridos por las aldeas cercanas, visitas a proyectos comunitarios y esfuerzos de conservaci\u00f3n en el \u00e1rea. Estos recorridos brindan informaci\u00f3n sobre el estilo de vida local y los desaf\u00edos que enfrentan las comunidades que viven cerca de las reservas de vida silvestre. <\/li>\n<li class=\"code-line\" dir=\"auto\" data-line=\"30\"><strong>Trekking y Senderismo:<\/strong> Amboseli est\u00e1 situada a los pies del monte Kilimanjaro. Los visitantes pueden caminar hasta varios miradores para disfrutar de las impresionantes vistas de la monta\u00f1a y las llanuras circundantes. Tambi\u00e9n se pueden realizar caminatas guiadas dentro del propio parque.  <\/li>\n<li class=\"code-line\" dir=\"auto\" data-line=\"31\"><strong>Fotograf\u00eda:<\/strong> Los espectaculares paisajes y la abundante vida silvestre de Amboseli lo convierten en un excelente destino para los entusiastas de la fotograf\u00eda. Los visitantes pueden capturar impresionantes im\u00e1genes de elefantes con el tel\u00f3n de fondo del monte Kilimanjaro o tomar primeros planos de aves y otros animales salvajes. <\/li>\n<\/ul>\n<p>Los visitantes de Amboseli tambi\u00e9n pueden disfrutar de puestas de sol y cenas en el monte, safaris nocturnos y safaris en globo aerost\u00e1tico, entre otras actividades. Estos brindan oportunidades \u00fanicas para experimentar el parque de manera diferente y ver la vida silvestre desde diferentes perspectivas. [\/info_list_son][info_list_son style=\u00bbicon\u00bb size=\u00bb20&#8243; width=\u00bb25&#8243; height=\u00bb25&#8243; titleclr=\u00bb#800000&#8243; icon=\u00bbfas fa-paw\u00bb title=\u00bbVida silvestre Parque Nacional de Amboseli\u00bb]El parque es famoso por su rica diversidad de vida silvestre, que incluye grandes manadas de elefantes, leones, jirafas, cebras y otros animales. El parque es particularmente famoso por sus majestuosos elefantes, algunos de los m\u00e1s grandes de \u00c1frica. Amboseli es uno de los pocos lugares del mundo donde se puede conocer de cerca a estos gentiles gigantes en su h\u00e1bitat natural. Adem\u00e1s de los elefantes, Amboseli tambi\u00e9n es el hogar de una amplia variedad de otros animales, como leones, leopardos, guepardos, hienas, gacelas, \u00f1us, b\u00fafalos y muchos m\u00e1s. El parque es un para\u00edso para los entusiastas de la vida silvestre y los fot\u00f3grafos, con muchas oportunidades para detectar y capturar momentos inolvidables de la vida silvestre. Adem\u00e1s de ser un refugio de vida silvestre, Amboseli es tambi\u00e9n un \u00e1rea cr\u00edtica de conservaci\u00f3n de elefantes, con esfuerzos continuos para proteger y conservar a estos magn\u00edficos animales. El parque forma parte del ecosistema de Amboseli-Tsavo, uno de los h\u00e1bitats de elefantes m\u00e1s importantes del mundo. Los visitantes de Amboseli pueden aprender m\u00e1s sobre la conservaci\u00f3n de los elefantes y los esfuerzos del parque para proteger a estos magn\u00edficos animales.       [\/info_list_son][info_list_son style=\u00bbicon\u00bb size=\u00bb20&#8243; width=\u00bb25&#8243; height=\u00bb25&#8243; titleclr=\u00bb#800000&#8243; icon=\u00bbfas fa-cloud-moon-rain\u00bb title=\u00bbLa mejor \u00e9poca para visitar el Parque Nacional de Amboseli\u00bb]El Parque Nacional de Amboseli tiene un clima semi\u00e1rido, lo que significa que las temperaturas son generalmente c\u00e1lidas y secas durante todo el a\u00f1o. Sin embargo, hay dos estaciones distintas: la estaci\u00f3n seca y la estaci\u00f3n h\u00fameda. La estaci\u00f3n seca va de junio a octubre, siendo de julio a septiembre los meses de mayor actividad. Durante este tiempo, las precipitaciones son m\u00ednimas y las temperaturas son c\u00e1lidas, con noches frescas. Estas condiciones lo convierten en el mejor momento para observar la vida silvestre, ya que los animales se congregan alrededor de las pocas fuentes de agua que quedan en el parque. La estaci\u00f3n seca tambi\u00e9n proporciona la mejor visibilidad para las vistas del Monte Kilimanjaro, a menudo envuelto en nubes durante la temporada de lluvias.     <\/p>\n<p>&nbsp;<\/p>\n<p>La temporada de lluvias va de noviembre a mayo, siendo abril y mayo los meses de mayor actividad. Durante este tiempo, m\u00e1s lluvias y temperaturas pueden ser calurosas y h\u00famedas. Esto puede hacer que la observaci\u00f3n de la vida silvestre sea m\u00e1s desafiante a medida que los animales se dispersan en busca de agua por todo el parque. Sin embargo, la temporada de lluvias trae exuberante vegetaci\u00f3n y flores silvestres, creando paisajes impresionantes y oportunidades fotogr\u00e1ficas \u00fanicas. El mejor momento para visitar el Parque Nacional de Amboseli depende de tus prioridades. La estaci\u00f3n seca es su mejor opci\u00f3n si su objetivo principal es ver vida silvestre. Sin embargo, si est\u00e1s m\u00e1s interesado en el paisaje y no te importa la lluvia ocasional, la temporada de lluvias tambi\u00e9n puede ser un buen momento para visitar.      [\/info_list_son][\/info_list_father][\/vc_tta_section][vc_tta_section title=\u00bbC\u00f3mo llegar\u00bb tab_id=\u00bb1633455601016-f93699bc-5d92&#8243;][vc_gmaps link=\u00bb#E-8_JTNDaWZyYW1lJTIwc3JjJTNEJTIyaHR0cHMlM0ElMkYlMkZtYXBzLmdvb2dsZS5jb20lMkZtYXBzJTNGcSUzRGFtYm9zZWxpJTI1MjBuYXRpb25hbCUyNTIwcGFyayUyNmFtcCUzQnQlM0RrJTI2YW1wJTNCeiUzRDExJTI2YW1wJTNCaWUlM0RVVEY4JTI2YW1wJTNCaXdsb2MlM0QlMjZhbXAlM0JvdXRwdXQlM0RlbWJlZCUyMiUyMGZyYW1lYm9yZGVyJTNEJTIyMCUyMiUyMHNjcm9sbGluZyUzRCUyMm5vJTIyJTIwd2lkdGglM0QlMjI2MDAlMjIlMjBoZWlnaHQlM0QlMjI0NTAlMjIlMjBzdHlsZSUzRCUyMmJvcmRlciUzQTAlMjIlMjBhbGxvd2Z1bGxzY3JlZW4lM0QlMjIlMjIlM0UlM0MlMkZpZnJhbWUlM0U=\u00bb][\/vc_tta_section][vc_tta_section title=\u00bbAlojamiento\u00bb tab_id=\u00bb1741858764748-3414be80-043c\u00bb][vc_row_inner][vc_column_inner width=\u00bb1\/2&#8243;][vc_images_carousel images=\u00bb35088&#8243; onclick=\u00bbcustom_link\u00bb custom_links_target=\u00bb_blank\u00bb custom_links=\u00bb#E-8_aHR0cHMlM0ElMkYlMkZvbHR1a2FpbG9kZ2UuY29tJTJG\u00bb][\/vc_column_inner][vc_column_inner width=\u00bb1\/2&#8243;][vc_headings style=\u00bbtheme3&#8243; linewidth=\u00bb100&#8243; borderclr=\u00bb#890000&#8243; title=\u00bbAngama Amboseli\u00bb align=\u00bbleft\u00bb google_fonts=\u00bbfont_family:Roboto%3A100%2C100italic%2C300%2C300italic%2Cregular%2Citalic%2C500%2C500italic%2C700%2C700italic%2C900%2C900italic\u00bb titleclr=\u00bb#000000&#8243;][\/vc_headings][vc_column_text el_class=\u00bbcard\u00bb]Famoso por su exuberante paisaje y su notable densidad de vida silvestre, junto con su famoso tel\u00f3n de fondo, el Monte Kilimanjaro, el pico m\u00e1s alto de \u00c1frica. Ubicado dentro de un bosque de \u00e1rboles febriles donde deambulan algunos de los \u00faltimos Super Tuskers de \u00c1frica, elefantes con colmillos tan grandes que se arrastran por el suelo mientras caminan, <a href=\"https:\/\/angama.com\/\" rel=\"nofollow noopener\" target=\"_blank\">Angama Amboseli<\/a> es un comienzo o final suave para cualquier safari de \u00c1frica Oriental.[\/vc_column_text][\/vc_column_inner][\/vc_row_inner][vc_row_inner][vc_column_inner width=\u00bb1\/2&#8243;][vc_images_carousel images=\u00bb29444,29450,29456&#8243; onclick=\u00bbcustom_link\u00bb custom_links_target=\u00bb_blank\u00bb custom_links=\u00bb#E-8_aHR0cHMlM0ElMkYlMkZ3d3cuZWxld2FuYWNvbGxlY3Rpb24uY29tJTJGdG9ydGlsaXMtY2FtcC1hbWJvc2VsaSUyRmF0LWEtZ2xhbmNl\u00bb][\/vc_column_inner][vc_column_inner width=\u00bb1\/2&#8243;][vc_headings style=\u00bbtheme3&#8243; linewidth=\u00bb100&#8243; borderclr=\u00bb#890000&#8243; title=\u00bbElewana Tortilis Camp\u00bb align=\u00bbleft\u00bb google_fonts=\u00bbfont_family:Roboto%3A100%2C100italic%2C300%2C300italic%2Cregular%2Citalic%2C500%2C500italic%2C700%2C700italic%2C900%2C900italic\u00bb titleclr=\u00bb#000000&#8243;][\/vc_headings][vc_column_text el_class=\u00bbcard\u00bb]<a href=\"https:\/\/www.elewanacollection.com\/tortilis-camp-amboseli\/at-a-glance\" rel=\"nofollow noopener\" target=\"_blank\">Campamento Tortilis<\/a> Ubicado en una reserva privada que bordea el parque nacional, se realizan safaris, caminatas, puestas de sol y comidas en el monte tanto dentro del parque nacional como en la reserva, donde los hu\u00e9spedes disfrutan de exclusividad. Las tiendas son espaciosas, con cama king o dos camas individuales y elegantes cuartos de ba\u00f1o. Hay un sal\u00f3n principal, un bar y un comedor, todos exquisitamente construidos con materiales naturales y techos de paja. La casa privada y la tienda familiar est\u00e1n ubicadas ligeramente separadas del campamento principal, en la colina donde comparten una piscina.[\/vc_column_text][\/vc_column_inner][\/vc_row_inner][vc_row_inner][vc_column_inner width=\u00bb1\/2&#8243;][vc_images_carousel images=\u00bb29364,29370,29376&#8243; onclick=\u00bbcustom_link\u00bb custom_links_target=\u00bb_blank\u00bb custom_links=\u00bb#E-8_aHR0cHMlM0ElMkYlMkZraWJvc2FmYXJpY2FtcC5jb20lMkY=\u00bb][\/vc_column_inner][vc_column_inner width=\u00bb1\/2&#8243;][vc_headings style=\u00bbtheme3&#8243; linewidth=\u00bb100&#8243; borderclr=\u00bb#890000&#8243; title=\u00bbKibo Safari Camp\u00bb align=\u00bbleft\u00bb google_fonts=\u00bbfont_family:Roboto%3A100%2C100italic%2C300%2C300italic%2Cregular%2Citalic%2C500%2C500italic%2C700%2C700italic%2C900%2C900italic\u00bb titleclr=\u00bb#000000&#8243;][\/vc_headings][vc_column_text el_class=\u00bbcard\u00bb]<a href=\"https:\/\/kibosafaricamp.com\/\" rel=\"nofollow noopener\" target=\"_blank\">Kibo Safari Camp<\/a> cuenta con 73 tiendas independientes para alojamiento individual, doble, triple y familiar. Las camas han sido dise\u00f1adas a medida y fabricadas localmente con troncos de arbusto y asegurar\u00e1n una buena noche de sue\u00f1o. Todas las tiendas tienen inodoros, duchas y lavabos. Puedes disfrutar de tu ducha como m\u00e1s te guste: burbujeante caliente o refrescante fr\u00eda. Durante su estancia en la selva africana, <a href=\"https:\/\/kibosafaricamp.com\/\" rel=\"nofollow noopener\" target=\"_blank\">Kibo Safari Camp<\/a> ser\u00e1 su hogar lejos de casa.[\/vc_column_text][\/vc_column_inner][\/vc_row_inner][vc_row_inner][vc_column_inner width=\u00bb1\/2&#8243;][vc_images_carousel images=\u00bb35100&#8243; onclick=\u00bbcustom_link\u00bb custom_links_target=\u00bb_blank\u00bb custom_links=\u00bb#E-8_aHR0cHMlM0ElMkYlMkZ3d3cuc2VyZW5haG90ZWxzLmNvbSUyRmFtYm9zZWxpJTNGc3JzbHRpZCUzREFmbUJPb3FPU2VEVVY1bDVaWWxWNmxha293cTlIQnR0djAwOEtqQmdlZlg0TDltUzZBV1ltaDFo\u00bb][\/vc_column_inner][vc_column_inner width=\u00bb1\/2&#8243;][vc_headings style=\u00bbtheme3&#8243; linewidth=\u00bb100&#8243; borderclr=\u00bb#890000&#8243; title=\u00bbAmboseli Sopa Lodge\u00bb align=\u00bbleft\u00bb google_fonts=\u00bbfont_family:Roboto%3A100%2C100italic%2C300%2C300italic%2Cregular%2Citalic%2C500%2C500italic%2C700%2C700italic%2C900%2C900italic\u00bb titleclr=\u00bb#000000&#8243; caption_url=\u00bb\u00bb caption_urls=\u00bb\u00bb caption_urlss=\u00bb\u00bb caption_urldesc=\u00bb\u00bb][\/vc_headings][vc_column_text el_class=\u00bbcard\u00bb]<a href=\"https:\/\/www.sopalodges.com\/amboseli-sopa-lodge\/the-lodge\" rel=\"nofollow noopener\" target=\"_blank\">El lodge Amboseli Sopa<\/a> se encuentra en las estribaciones del monte Kilimanjaro. Fue esta regi\u00f3n de Kenia la que, en la d\u00e9cada de 1930, inspir\u00f3 los inolvidables cuentos de Ernest Hemingway &#8216;Las nieves del Kilimanjaro&#8217; y &#8216;La corta y feliz vida de Francis Macomber&#8217;, que se convirtieron en largometrajes m\u00e1s que exitosos a finales de la d\u00e9cada de 1940 debido a sus renombrados actores[\/vc_column_text][\/vc_column_inner][\/vc_row_inner][vc_row_inner][vc_column_inner width=\u00bb1\/2&#8243;][vc_images_carousel images=\u00bb29405,29411,29417&#8243; onclick=\u00bbcustom_link\u00bb custom_links_target=\u00bb_blank\u00bb custom_links=\u00bb#E-8_aHR0cHMlM0ElMkYlMkZ3d3cuYW1ib3NlbGkuY29tJTJGYWNjb21tb2RhdGlvbiUyRnNlbnRyaW0tYW1ib3NlbGk=\u00bb][\/vc_column_inner][vc_column_inner width=\u00bb1\/2&#8243;][vc_headings style=\u00bbtheme3&#8243; linewidth=\u00bb100&#8243; borderclr=\u00bb#890000&#8243; title=\u00bbSentrim Amboseli Lodge\u00bb align=\u00bbleft\u00bb google_fonts=\u00bbfont_family:Roboto%3A100%2C100italic%2C300%2C300italic%2Cregular%2Citalic%2C500%2C500italic%2C700%2C700italic%2C900%2C900italic\u00bb titleclr=\u00bb#000000&#8243;][\/vc_headings][vc_column_text el_class=\u00bbcard\u00bb]Amboseli Sentrim Lodge es un lujoso albergue con 60 tiendas modernas con una vista privada del monte Kilimanjaro con lo \u00faltimo en camping de lujo con camas suaves, un ba\u00f1o privado con ducha de agua caliente, un lavabo y ba\u00f1os con cisterna. Dentro de la tienda, el lodge ofrece una cafetera y tetera, nevera, ventilador, secador de pelo y cajas de seguridad electr\u00f3nicas.[\/vc_column_text][\/vc_column_inner][\/vc_row_inner][\/vc_tta_section][\/vc_tta_tabs][\/vc_column][\/vc_row]\n","protected":false},"excerpt":{"rendered":"<p>[vc_row css=\u00bb.vc_custom_1687877079683{background: rgba(0,0,0,0.47) url(https:\/\/mufasatoursandtravels.com\/wp-content\/uploads\/2022\/02\/destinations-amboseli1-boost.jpg?id=3983) !important;background-position: center !important;background-repeat: no-repeat !important;background-size: cover !important;*background-color: rgb(0,0,0) !important;}\u00bb][vc_column css=\u00bb.vc_custom_1687869367906{padding-top: 30px !important;padding-right: 50px !important;padding-bottom: 30px !important;padding-left: 50px !important;background-color: rgba(0,0,0,0.57) !important;*background-color: rgb(0,0,0) !important;}\u00bb][vc_custom_heading text=\u00bbParque Nacional de Amboseli\u00bb font_container=\u00bbtag:h1|font_size:28|text_align:center|color:%23ffffff\u00bb use_theme_fonts=\u00bbyes\u00bb el_class=\u00bbcustom-opacity-text\u00bb css=\u00bb.vc_custom_1687876617607{margin-top: 30px !important;}\u00bb][vc_empty_space][vc_btn title=\u00bbExplora con nosotros\u00bb style=\u00bboutline\u00bb shape=\u00bbround\u00bb align=\u00bbcenter\u00bb link=\u00bburl:https%3A%2F%2Fmufasatoursandtravels.com%2Fes%2Fsolicite-un-presupuesto%2F|\u00bb][\/vc_column][\/vc_row][vc_row][vc_column css=\u00bb.vc_custom_1675673043250{border-top-width: 10px !important;border-right-width: 10px !important;border-bottom-width: 10px !important;border-left-width: 10px !important;}\u00bb][vc_tta_tabs shape=\u00bbsquare\u00bb color=\u00bbjuicy-pink\u00bb alignment=\u00bbcenter\u00bb [&hellip;]<\/p>\n","protected":false},"author":3,"featured_media":0,"parent":28078,"menu_order":2,"comment_status":"closed","ping_status":"closed","template":"","meta":{"_themeisle_gutenberg_block_has_review":false,"footnotes":""},"class_list":["post-33955","page","type-page","status-publish","hentry"],"_links":{"self":[{"href":"https:\/\/mufasatoursandtravels.com\/es\/wp-json\/wp\/v2\/pages\/33955","targetHints":{"allow":["GET"]}}],"collection":[{"href":"https:\/\/mufasatoursandtravels.com\/es\/wp-json\/wp\/v2\/pages"}],"about":[{"href":"https:\/\/mufasatoursandtravels.com\/es\/wp-json\/wp\/v2\/types\/page"}],"author":[{"embeddable":true,"href":"https:\/\/mufasatoursandtravels.com\/es\/wp-json\/wp\/v2\/users\/3"}],"replies":[{"embeddable":true,"href":"https:\/\/mufasatoursandtravels.com\/es\/wp-json\/wp\/v2\/comments?post=33955"}],"version-history":[{"count":3,"href":"https:\/\/mufasatoursandtravels.com\/es\/wp-json\/wp\/v2\/pages\/33955\/revisions"}],"predecessor-version":[{"id":35844,"href":"https:\/\/mufasatoursandtravels.com\/es\/wp-json\/wp\/v2\/pages\/33955\/revisions\/35844"}],"up":[{"embeddable":true,"href":"https:\/\/mufasatoursandtravels.com\/es\/wp-json\/wp\/v2\/pages\/28078"}],"wp:attachment":[{"href":"https:\/\/mufasatoursandtravels.com\/es\/wp-json\/wp\/v2\/media?parent=33955"}],"curies":[{"name":"wp","href":"https:\/\/api.w.org\/{rel}","templated":true}]}}