{"id":33989,"date":"2021-11-07T15:42:58","date_gmt":"2021-11-07T12:42:58","guid":{"rendered":"https:\/\/mufasatoursandtravels.com\/destinos\/parque-nacional-de-nairobi\/"},"modified":"2025-04-10T16:57:48","modified_gmt":"2025-04-10T13:57:48","slug":"parque-nacional-de-nairobi","status":"publish","type":"page","link":"https:\/\/mufasatoursandtravels.com\/es\/destinos\/parque-nacional-de-nairobi\/","title":{"rendered":"Parque Nacional de Nairobi"},"content":{"rendered":"[vc_row css=\u00bb.vc_custom_1687880254044{background: rgba(0,0,0,0.47) url(https:\/\/mufasatoursandtravels.com\/wp-content\/uploads\/2022\/01\/Nairobi-National-Park-700&#215;450-1.jpg?id=3076) !important;background-position: center !important;background-repeat: no-repeat !important;background-size: cover !important;*background-color: rgb(0,0,0) !important;}\u00bb][vc_column css=\u00bb.vc_custom_1687869367906{padding-top: 30px !important;padding-right: 50px !important;padding-bottom: 30px !important;padding-left: 50px !important;background-color: rgba(0,0,0,0.57) !important;*background-color: rgb(0,0,0) !important;}\u00bb][vc_custom_heading text=\u00bbParque Nacional de Nairobi\u00bb font_container=\u00bbtag:h1|font_size:28|text_align:center|color:%23ffffff\u00bb use_theme_fonts=\u00bbyes\u00bb el_class=\u00bbcustom-opacity-text\u00bb css=\u00bb.vc_custom_1687880065474{margin-top: 30px !important;}\u00bb][vc_empty_space][vc_btn title=\u00bbExplora con nosotros\u00bb style=\u00bboutline\u00bb shape=\u00bbround\u00bb align=\u00bbcenter\u00bb link=\u00bburl:https%3A%2F%2Fmufasatoursandtravels.com%2Fes%2Fsolicite-un-presupuesto%2F|\u00bb][\/vc_column][\/vc_row][vc_row][vc_column css=\u00bb.vc_custom_1679042664462{border-top-width: 10px !important;}\u00bb][vc_tta_tabs shape=\u00bbsquare\u00bb color=\u00bbjuicy-pink\u00bb alignment=\u00bbcenter\u00bb active_section=\u00bb1&#8243; no_fill_content_area=\u00bbtrue\u00bb][vc_tta_section title=\u00bbAcerca de\u00bb tab_id=\u00bb1636302233132-39a30584-a642&#8243;][info_list_father][info_list_son style=\u00bbicon\u00bb size=\u00bb20&#8243; width=\u00bb25&#8243; height=\u00bb25&#8243; titleclr=\u00bb#800000&#8243; icon=\u00bbfas fa-question-circle\u00bb title=\u00bbParque Nacional de Nairobi, Safari walk, Paquetes, Game Drive, Ubicaci\u00f3n, Hoteles\u00bb][\/info_list_son][info_list_son style=\u00bbicon\u00bb size=\u00bb20&#8243; width=\u00bb25&#8243; height=\u00bb25&#8243; titleclr=\u00bb#800000&#8243; icon=\u00bbfas fa-question-circle\u00bb title=\u00bbParque Nacional de Nairobi\u00bb]<span class=\"TextRun SCXW41475783 BCX9\" data-contrast=\"auto\" lang=\"EN-US\" xml:lang=\"EN-US\"><span class=\"NormalTextRun SCXW41475783 BCX9\">El Parque Nacional de Nairobi es una joya escondida que brinda una incre\u00edble experiencia de vida silvestre a poca distancia de la civilizaci\u00f3n moderna. Est\u00e1 escondido en las afueras de la pr\u00f3spera capital de Kenia. Este magn\u00edfico parque nacional, que ofrece un santuario para muchas especies animales y sirve como refugio para los amantes de la naturaleza y la vida silvestre por igual, cuenta con una notable diversidad de flora y fauna. Descubra las delicias que le esperan mientras se embarca en un emocionante viaje con Mufasa Tours y viaje a trav\u00e9s de la naturaleza ind\u00f3mita del <a href=\"https:\/\/en.wikipedia.org\/wiki\/Nairobi_National_Park\" target=\"_blank\" rel=\"noopener nofollow\">Parque Nacional de Nairobi<\/a>.   <\/span><\/span><span class=\"EOP SCXW41475783 BCX9\" data-ccp-props=\"{\"201341983\":0,\"335559739\":160,\"335559740\":259}\">&nbsp;<\/span><\/p>\n<p>&nbsp;[\/info_list_son][info_list_son style=\u00bbicon\u00bb size=\u00bb20&#8243; width=\u00bb25&#8243; height=\u00bb25&#8243; titleclr=\u00bb#800000&#8243; icon=\u00bbfas fa-location-arrow\u00bb title=\u00bbUbicaci\u00f3n del Parque Nacional de Nairobi\u00bb]<span class=\"TextRun SCXW221153073 BCX9\" xml:lang=\"EN-US\" data-contrast=\"none\" lang=\"EN-US\"><span class=\"NormalTextRun SCXW221153073 BCX9\" data-ccp-parastyle=\"heading 2\"><span class=\"TextRun SCXW91673634 BCX9\" xml:lang=\"EN-US\" data-contrast=\"auto\" lang=\"EN-US\"><span class=\"NormalTextRun SCXW91673634 BCX9\">Situado a solo 7 kil\u00f3metros al sur del centro de la ciudad de Nairobi, el Parque Nacional de Nairobi es un testimonio de la coexistencia armoniosa de los paisajes urbanos y naturales. Cubriendo un \u00e1rea expansiva de aproximadamente   <\/span><span class=\"NormalTextRun AdvancedProofingIssueV2Themed SCXW91673634 BCX9\">117 kil\u00f3metros cuadrados<\/span><span class=\"NormalTextRun SCXW91673634 BCX9\">, el parque alberga una cautivadora variedad de vida silvestre, que incluye leones, guepardos, leopardos, jirafas, cebras y una gran variedad de especies de aves. Esta excepcional proximidad de la vida silvestre al paisaje urbano hace que el Parque Nacional de Nairobi sea un destino \u00fanico y de visita obligada para los viajeros que buscan una experiencia de safari extraordinaria sin aventurarse demasiado lejos. <\/span><\/span><span class=\"EOP SCXW91673634 BCX9\" data-ccp-props=\"{\"201341983\":0,\"335559739\":160,\"335559740\":259}\">&nbsp;<\/span><\/span><\/span><\/p>\n<p>&nbsp;[\/info_list_son][info_list_son style=\u00bbicon\u00bb size=\u00bb20&#8243; width=\u00bb25&#8243; height=\u00bb25&#8243; titleclr=\u00bb#800000&#8243; icon=\u00bbfas fa-car\u00bb title=\u00bbSafari Walk por el Parque Nacional de Nairobi\u00bb]<span data-contrast=\"auto\">Para aquellos que buscan una experiencia m\u00e1s \u00edntima con la naturaleza, el Parque Nacional de Nairobi tambi\u00e9n ofrece un <a href=\"https:\/\/mufasatoursandtravels.com\/es\/safari-por-carretera-en-kenia\/safaris-de-corta-estancia\/paquete-turistico-por-la-ciudad-de-nairobi\/\">safari a pie<\/a>. Dirigido por gu\u00edas experimentados, este recorrido a pie le permite explorar el parque a pie, sumergi\u00e9ndose en las vistas, los sonidos y los aromas de la naturaleza. La caminata <a href=\"https:\/\/mufasatoursandtravels.com\/safari-tours\/\">safari<\/a> brinda una oportunidad \u00fanica para aprender de cerca sobre el ecosistema, la flora y la fauna del parque mientras disfruta del aire fresco y la tranquilidad del entorno.  <\/span><span data-ccp-props=\"{\"201341983\":0,\"335559739\":160,\"335559740\":259}\">&nbsp;<\/span><\/p>\n<p>&nbsp;<\/p>\n<p><img loading=\"lazy\" decoding=\"async\" class=\"alignnone wp-image-7042 size-large\" src=\"https:\/\/mufasatoursandtravels.com\/wp-content\/uploads\/2022\/03\/nairobi-national-park-pre-image-1024x472.jpg\" alt=\"Parque Nacional de Nairobi\" width=\"1024\" height=\"472\" srcset=\"https:\/\/mufasatoursandtravels.com\/wp-content\/uploads\/2022\/03\/nairobi-national-park-pre-image-1024x472.jpg 1024w, https:\/\/mufasatoursandtravels.com\/wp-content\/uploads\/2022\/03\/nairobi-national-park-pre-image-300x138.jpg 300w, https:\/\/mufasatoursandtravels.com\/wp-content\/uploads\/2022\/03\/nairobi-national-park-pre-image-768x354.jpg 768w, https:\/\/mufasatoursandtravels.com\/wp-content\/uploads\/2022\/03\/nairobi-national-park-pre-image-18x8.jpg 18w, https:\/\/mufasatoursandtravels.com\/wp-content\/uploads\/2022\/03\/nairobi-national-park-pre-image-24x11.jpg 24w, https:\/\/mufasatoursandtravels.com\/wp-content\/uploads\/2022\/03\/nairobi-national-park-pre-image-36x17.jpg 36w, https:\/\/mufasatoursandtravels.com\/wp-content\/uploads\/2022\/03\/nairobi-national-park-pre-image-48x22.jpg 48w, https:\/\/mufasatoursandtravels.com\/wp-content\/uploads\/2022\/03\/nairobi-national-park-pre-image-600x277.jpg 600w, https:\/\/mufasatoursandtravels.com\/wp-content\/uploads\/2022\/03\/nairobi-national-park-pre-image.jpg 1492w\" sizes=\"auto, (max-width: 1024px) 100vw, 1024px\" \/><\/p>\n<p>&nbsp;<\/p>\n<p>&nbsp;<\/p>\n<p>&nbsp;[\/info_list_son][info_list_son style=\u00bbicon\u00bb size=\u00bb20&#8243; width=\u00bb25&#8243; height=\u00bb25&#8243; titleclr=\u00bb#800000&#8243; icon=\u00bbfas fa-dollar-sign\u00bb title=\u00bbCargos del Parque Nacional de Nairobi\u00bb]<span data-contrast=\"auto\">Las tarifas del Parque Nacional de Nairobi est\u00e1n dise\u00f1adas para ser asequibles y accesibles tanto para los visitantes locales como para los internacionales. El parque ofrece varias opciones de recorridos para adaptarse a diferentes preferencias y presupuestos, lo que garantiza una experiencia memorable para todos. Ya sea que prefiera una excursi\u00f3n de medio d\u00eda o una exploraci\u00f3n de d\u00eda completo, <a href=\"https:\/\/mufasatoursandtravels.com\/es\/\">Mufasa Tours and Travels<\/a> ofrece paquetes completos que se adaptan a sus necesidades.  <\/span><span data-ccp-props=\"{\"201341983\":0,\"335559739\":160,\"335559740\":259}\">&nbsp;<\/span><\/p>\n<p><span data-contrast=\"auto\">Para aquellos con tiempo limitado, la excursi\u00f3n de medio d\u00eda al Parque Nacional de Nairobi ofrece una experiencia completa que muestra los aspectos m\u00e1s destacados del parque. Presenciar el amanecer o el atardecer con las vistas panor\u00e1micas del parque como tel\u00f3n de fondo es una vista impresionante que te acompa\u00f1ar\u00e1 mucho despu\u00e9s de tu visita. <\/span><span data-ccp-props=\"{\"201341983\":0,\"335559739\":160,\"335559740\":259}\">&nbsp;<\/span><\/p>\n<p>&nbsp;[\/info_list_son][info_list_son style=\u00bbicon\u00bb size=\u00bb20&#8243; width=\u00bb25&#8243; height=\u00bb25&#8243; titleclr=\u00bb#800000&#8243; icon=\u00bbfas fa-shuttle-van\u00bb title=\u00bbTarifas de la excursi\u00f3n en furgoneta por el Parque Nacional de Nairobi\u00bb]<span data-contrast=\"auto\">Los precios de la furgoneta tur\u00edstica del Parque Nacional de Nairobi son razonables, lo que te permite explorar el parque con comodidad mientras capturas impresionantes fotograf\u00edas y te sumerges en el cautivador paisaje. Mufasa Tours and Travel garantiza una experiencia de safari c\u00f3moda y sin interrupciones con furgonetas tur\u00edsticas bien equipadas. Estos espaciosos veh\u00edculos est\u00e1n dise\u00f1ados para proporcionar una excelente visibilidad, lo que le permite observar la vida silvestre desde diferentes \u00e1ngulos al tiempo que garantiza su seguridad y comodidad durante todo el viaje. Las tarifas de la furgoneta tur\u00edstica del Parque Nacional de Nairobi ofrecidas por Mufasa Tours and Travel son competitivas y ofrecen una excelente relaci\u00f3n calidad-precio, lo que le permite embarcarse en una aventura de safari inolvidable sin arruinarse.   <\/span><span data-ccp-props=\"{\"201341983\":0,\"335559739\":160,\"335559740\":259}\">&nbsp;<\/span>[\/info_list_son][info_list_son style=\u00bbicon\u00bb size=\u00bb20&#8243; width=\u00bb25&#8243; height=\u00bb25&#8243; titleclr=\u00bb#800000&#8243; icon=\u00bbfas fa-dollar-sign\u00bb title=\u00bbCargos de Game Drive en el Parque Nacional de Nairobi\u00bb]<span data-contrast=\"auto\">A la hora de planificar tu visita, es esencial que tengas en cuenta los precios de los safaris del Parque Nacional de Nairobi. Estos cargos contribuyen a los esfuerzos de conservaci\u00f3n del parque y ayudan a mantener la preservaci\u00f3n de sus maravillas naturales. Al pagar estas tasas, contribuyes directamente a la protecci\u00f3n y conservaci\u00f3n del patrimonio de vida silvestre de Kenia.  <\/span><span data-ccp-props=\"{\"201341983\":0,\"335559739\":160,\"335559740\":259}\">&nbsp;<\/span><\/p>\n<figure id=\"attachment_10840\" aria-describedby=\"caption-attachment-10840\" style=\"width: 800px\" class=\"wp-caption alignnone\"><img loading=\"lazy\" decoding=\"async\" class=\"wp-image-10840 size-full\" src=\"https:\/\/mufasatoursandtravels.com\/wp-content\/uploads\/2023\/05\/nairobi-national-park.jpg\" alt=\"Parque Nacional de Nairobi\" width=\"800\" height=\"350\" srcset=\"https:\/\/mufasatoursandtravels.com\/wp-content\/uploads\/2023\/05\/nairobi-national-park.jpg 800w, https:\/\/mufasatoursandtravels.com\/wp-content\/uploads\/2023\/05\/nairobi-national-park-300x131.jpg 300w, https:\/\/mufasatoursandtravels.com\/wp-content\/uploads\/2023\/05\/nairobi-national-park-768x336.jpg 768w, https:\/\/mufasatoursandtravels.com\/wp-content\/uploads\/2023\/05\/nairobi-national-park-24x11.jpg 24w, https:\/\/mufasatoursandtravels.com\/wp-content\/uploads\/2023\/05\/nairobi-national-park-36x16.jpg 36w, https:\/\/mufasatoursandtravels.com\/wp-content\/uploads\/2023\/05\/nairobi-national-park-48x21.jpg 48w\" sizes=\"auto, (max-width: 800px) 100vw, 800px\" \/><figcaption id=\"caption-attachment-10840\" class=\"wp-caption-text\">Parque Nacional de Nairobi<\/figcaption><\/figure>\n<p>&nbsp;<\/p>\n<p>&nbsp;[\/info_list_son][info_list_son style=\u00bbicon\u00bb size=\u00bb20&#8243; width=\u00bb25&#8243; height=\u00bb25&#8243; titleclr=\u00bb#800000&#8243; icon=\u00bbfas fa-hotel\u00bb title=\u00bbHoteles en el Parque Nacional de Nairobi\u00bb]<span data-contrast=\"auto\">Despu\u00e9s de un emocionante d\u00eda explorando las maravillas del Parque Nacional de Nairobi, es reconfortante saber que hay excelentes opciones de alojamiento cerca. Varios hoteles y caba\u00f1as se encuentran en las proximidades del parque, ofreciendo estad\u00edas c\u00f3modas y convenientes para los visitantes. Estos alojamientos se adaptan a diversos presupuestos y preferencias, lo que garantiza una experiencia relajante y agradable despu\u00e9s de un d\u00eda de aventura.  <\/span><span data-ccp-props=\"{\"201341983\":0,\"335559739\":160,\"335559740\":259}\">&nbsp;<\/span><\/p>\n<p><span data-contrast=\"auto\">\u00bfEst\u00e1s listo para sumergirte en las maravillas naturales del Parque Nacional de Nairobi? \u00danete a Mufasa Tours and Travel en un viaje que te dejar\u00e1 recuerdos inolvidables. Con sus excepcionales paquetes tur\u00edsticos, cargos competitivos y el compromiso de brindar un servicio excepcional, Mufasa Tours and Travel es su puerta de entrada a una extraordinaria experiencia de vida silvestre a las afueras de la ciudad. Reserve su aventura en el Parque Nacional de Nairobi hoy mismo y prep\u00e1rese para presenciar la magia de la belleza ind\u00f3mita de \u00c1frica.   <\/span><span data-ccp-props=\"{\"201341983\":0,\"335559739\":160,\"335559740\":259}\">&nbsp;<\/span><\/p>\n<p>&nbsp;[\/info_list_son][info_list_son style=\u00bbicon\u00bb size=\u00bb20&#8243; width=\u00bb25&#8243; height=\u00bb25&#8243; titleclr=\u00bb#800000&#8243; icon=\u00bbfas fa-binoculars\u00bb title=\u00bbVida silvestre\u00bb]Las principales atracciones de vida silvestre son el rinoceronte negro, el le\u00f3n, el leopardo, el guepardo, la hiena, los b\u00fafalos, la jirafa, la cebra, el \u00f1u, el elands y la diversidad de aves con m\u00e1s de 400 especies registradas. Otras atracciones incluyen el Monumento al Sitio de Quema de Marfil, <a href=\"https:\/\/www.kws.go.ke\/content\/nairobi-safari-walk\" target=\"_blank\" rel=\"dofollow noopener\">Nairobi Safari Walk<\/a>, el Orfanato y los senderos para caminar en las piscinas de hipop\u00f3tamos. [\/info_list_son][info_list_son style=\u00bbicon\u00bb size=\u00bb20&#8243; width=\u00bb25&#8243; height=\u00bb25&#8243; titleclr=\u00bb#800000&#8243; icon=\u00bbfas fa-paw\u00bb title=\u00bbActividades\u00bb]\n<ul>\n<li>Unidades de juego.<\/li>\n<li>Paseos por la naturaleza.<\/li>\n<li>Ciclismo<\/li>\n<li>Visitando el Centro de Jirafas<\/li>\n<\/ul>\n<p><a class=\"fasc-button fasc-size-medium fasc-type-flat fasc-ico-before dashicons-arrow-right-alt2\" style=\"background-color: #890000; color: #ffffff;\" href=\"https:\/\/mufasatoursandtravels.com\/es\/solicite-un-presupuesto\/\">Solicite un presupuesto<\/a>[\/info_list_son][\/info_list_father][\/vc_tta_section][vc_tta_section title=\u00bbC\u00f3mo llegar\u00bb tab_id=\u00bb1633455601016-f93699bc-5d92&#8243;][vc_gmaps link=\u00bb#E-8_JTNDaWZyYW1lJTIwc3JjJTNEJTIyaHR0cHMlM0ElMkYlMkZtYXBzLmdvb2dsZS5jb20lMkZtYXBzJTNGcSUzRG5haXJvYmklMjUyMG5hdGlvbmFsJTI1MjBwYXJrJTI2YW1wJTNCdCUzRGslMjZhbXAlM0J6JTNEMTElMjZhbXAlM0JpZSUzRFVURjglMjZhbXAlM0Jpd2xvYyUzRCUyNmFtcCUzQm91dHB1dCUzRGVtYmVkJTIyJTIwd2lkdGglM0QlMjI2MDAlMjIlMjBoZWlnaHQlM0QlMjI0NTAlMjIlMjBmcmFtZWJvcmRlciUzRCUyMjAlMjIlMjBzdHlsZSUzRCUyMmJvcmRlciUzQTAlMjIlMjBhbGxvd2Z1bGxzY3JlZW4lM0QlMjIlMjIlM0UlM0MlMkZpZnJhbWUlM0U=\u00bb][\/vc_tta_section][\/vc_tta_tabs][\/vc_column][\/vc_row][vc_row][vc_column css=\u00bb.vc_custom_1685180531109{margin-bottom: 20px !important;}\u00bb][vc_headings style=\u00bbtheme3&#8243; borderclr=\u00bb#890000&#8243; title=\u00bbPreguntas frecuentes sobre el Parque Nacional de Nairobi\u00bb use_theme_fonts=\u00bbyes\u00bb titleclr=\u00bb#890000&#8243;][\/vc_headings][\/vc_column][\/vc_row][vc_row][vc_column][vc_toggle title=\u00bb\u00bfD\u00f3nde se encuentra el Parque Nacional de Nairobi?\u00bb style=\u00bbsquare\u00bb]<span data-contrast=\"auto\">El Parque Nacional de Nairobi se encuentra a las afueras de la ciudad de Nairobi, Kenia.<\/span><span data-ccp-props=\"{\"201341983\":0,\"335559739\":160,\"335559740\":259}\">&nbsp;<\/span>[\/vc_toggle][vc_toggle title=\u00bb\u00bfQu\u00e9 cargos se cobran para ingresar al Parque Nacional de Nairobi?\u00bb style=\u00bbsquare\u00bb]<span data-contrast=\"auto\">El Parque Nacional de Nairobi cobra una tarifa de entrada, que se utiliza para apoyar los esfuerzos de conservaci\u00f3n y mantener la infraestructura del parque.<\/span><span data-ccp-props=\"{\"201341983\":0,\"335559739\":160,\"335559740\":259}\">&nbsp;<\/span>[\/vc_toggle][vc_toggle title=\u00bb\u00bfCu\u00e1les son las opciones de excursiones disponibles en el Parque Nacional de Nairobi?\u00bb style=\u00bbsquare\u00bb]<span data-contrast=\"auto\">El Parque Nacional de Nairobi ofrece varias opciones de excursiones, como safaris, safaris y visitas guiadas.<\/span><span data-ccp-props=\"{\"201341983\":0,\"335559739\":160,\"335559740\":259}\">&nbsp;<\/span>[\/vc_toggle][vc_toggle title=\u00bb\u00bfQu\u00e9 tipo de vida silvestre puedo esperar ver en el Parque Nacional de Nairobi?\u00bb style=\u00bbsquare\u00bb]<span data-contrast=\"auto\">El Parque Nacional de Nairobi alberga una gran variedad de vida silvestre, incluidos leones, jirafas, cebras, rinocerontes y numerosas especies de aves.<\/span><span data-ccp-props=\"{\"201341983\":0,\"335559739\":160,\"335559740\":259}\">&nbsp;<\/span>[\/vc_toggle][vc_toggle title=\u00bb\u00bfPuedo visitar el Parque Nacional de Nairobi para una excursi\u00f3n de medio d\u00eda?\u00bb style=\u00bbsquare\u00bb]<span data-contrast=\"auto\">S\u00ed, el Parque Nacional de Nairobi ofrece opciones de excursiones de medio d\u00eda, lo que permite a los visitantes explorar la belleza y la vida silvestre del parque en un per\u00edodo de tiempo m\u00e1s corto.<\/span><span data-ccp-props=\"{\"201341983\":0,\"335559739\":160,\"335559740\":259}\">&nbsp;<\/span>[\/vc_toggle][vc_toggle title=\u00bb\u00bfC\u00f3mo puedo reservar un tour con Mufasa Tours and Travel?\u00bb style=\u00bbsquare\u00bb]<span data-contrast=\"auto\">Puedes reservar una excursi\u00f3n al Parque Nacional de Nairobi con Mufasa Tours and Travel visitando su p\u00e1gina web o poni\u00e9ndote en contacto directamente con ellos para obtener m\u00e1s informaci\u00f3n y hacer reservas.<\/span><span data-ccp-props=\"{\"201341983\":0,\"335559739\":160,\"335559740\":259}\">&nbsp;<\/span>[\/vc_toggle][\/vc_column][\/vc_row]\n","protected":false},"excerpt":{"rendered":"<p>[vc_row css=\u00bb.vc_custom_1687880254044{background: rgba(0,0,0,0.47) url(https:\/\/mufasatoursandtravels.com\/wp-content\/uploads\/2022\/01\/Nairobi-National-Park-700&#215;450-1.jpg?id=3076) !important;background-position: center !important;background-repeat: no-repeat !important;background-size: cover !important;*background-color: rgb(0,0,0) !important;}\u00bb][vc_column css=\u00bb.vc_custom_1687869367906{padding-top: 30px !important;padding-right: 50px !important;padding-bottom: 30px !important;padding-left: 50px !important;background-color: rgba(0,0,0,0.57) !important;*background-color: rgb(0,0,0) !important;}\u00bb][vc_custom_heading text=\u00bbParque Nacional de Nairobi\u00bb font_container=\u00bbtag:h1|font_size:28|text_align:center|color:%23ffffff\u00bb use_theme_fonts=\u00bbyes\u00bb el_class=\u00bbcustom-opacity-text\u00bb css=\u00bb.vc_custom_1687880065474{margin-top: 30px !important;}\u00bb][vc_empty_space][vc_btn title=\u00bbExplora con nosotros\u00bb style=\u00bboutline\u00bb shape=\u00bbround\u00bb align=\u00bbcenter\u00bb link=\u00bburl:https%3A%2F%2Fmufasatoursandtravels.com%2Fes%2Fsolicite-un-presupuesto%2F|\u00bb][\/vc_column][\/vc_row][vc_row][vc_column css=\u00bb.vc_custom_1679042664462{border-top-width: 10px !important;}\u00bb][vc_tta_tabs shape=\u00bbsquare\u00bb color=\u00bbjuicy-pink\u00bb alignment=\u00bbcenter\u00bb active_section=\u00bb1&#8243; no_fill_content_area=\u00bbtrue\u00bb][vc_tta_section title=\u00bbAcerca de\u00bb tab_id=\u00bb1636302233132-39a30584-a642&#8243;][info_list_father][info_list_son style=\u00bbicon\u00bb [&hellip;]<\/p>\n","protected":false},"author":3,"featured_media":0,"parent":28078,"menu_order":0,"comment_status":"closed","ping_status":"closed","template":"","meta":{"_themeisle_gutenberg_block_has_review":false,"footnotes":""},"class_list":["post-33989","page","type-page","status-publish","hentry"],"_links":{"self":[{"href":"https:\/\/mufasatoursandtravels.com\/es\/wp-json\/wp\/v2\/pages\/33989","targetHints":{"allow":["GET"]}}],"collection":[{"href":"https:\/\/mufasatoursandtravels.com\/es\/wp-json\/wp\/v2\/pages"}],"about":[{"href":"https:\/\/mufasatoursandtravels.com\/es\/wp-json\/wp\/v2\/types\/page"}],"author":[{"embeddable":true,"href":"https:\/\/mufasatoursandtravels.com\/es\/wp-json\/wp\/v2\/users\/3"}],"replies":[{"embeddable":true,"href":"https:\/\/mufasatoursandtravels.com\/es\/wp-json\/wp\/v2\/comments?post=33989"}],"version-history":[{"count":1,"href":"https:\/\/mufasatoursandtravels.com\/es\/wp-json\/wp\/v2\/pages\/33989\/revisions"}],"predecessor-version":[{"id":33990,"href":"https:\/\/mufasatoursandtravels.com\/es\/wp-json\/wp\/v2\/pages\/33989\/revisions\/33990"}],"up":[{"embeddable":true,"href":"https:\/\/mufasatoursandtravels.com\/es\/wp-json\/wp\/v2\/pages\/28078"}],"wp:attachment":[{"href":"https:\/\/mufasatoursandtravels.com\/es\/wp-json\/wp\/v2\/media?parent=33989"}],"curies":[{"name":"wp","href":"https:\/\/api.w.org\/{rel}","templated":true}]}}