{"id":41692,"date":"2025-12-29T16:52:42","date_gmt":"2025-12-29T13:52:42","guid":{"rendered":"https:\/\/mufasatoursandtravels.com\/circuitos-safaris\/huellas-de-la-sabana\/"},"modified":"2025-12-29T16:58:18","modified_gmt":"2025-12-29T13:58:18","slug":"huellas-de-la-sabana","status":"publish","type":"page","link":"https:\/\/mufasatoursandtravels.com\/es\/circuitos-safaris\/huellas-de-la-sabana\/","title":{"rendered":"Huellas de la sabana"},"content":{"rendered":"[vc_row full_width=\u00bbstretch_row\u00bb gap=\u00bb1&#8243;][vc_column parallax=\u00bbcontent-moving\u00bb parallax_image=\u00bb41637&#8243; parallax_speed_bg=\u00bb1.7&#8243; css=\u00bb.vc_custom_1767010746713{padding-top: 80px !important;padding-right: 80px !important;padding-bottom: 80px !important;padding-left: 80px !important;}\u00bb el_class=\u00bbbanner-image\u00bb][vc_custom_heading text=\u00bbCumbres, Llanuras y Primates\u00bb font_container=\u00bbtag:h2|font_size:32|text_align:left|color:%23ffffff\u00bb google_fonts=\u00bbfont_family:Roboto%3A100%2C100italic%2C300%2C300italic%2Cregular%2Citalic%2C500%2C500italic%2C700%2C700italic%2C900%2C900italic|font_style:300%20light%20regular%3A300%3Anormal\u00bb el_class=\u00bbbanner-txt\u00bb][vc_separator align=\u00bbalign_left\u00bb el_width=\u00bb20&#8243;][vc_custom_heading text=\u00bbKenia, Tanzania y Uganda\u00bb font_container=\u00bbtag:h2|font_size:18|text_align:left|color:%23ffffff\u00bb google_fonts=\u00bbfont_family:Roboto%3A100%2C100italic%2C300%2C300italic%2Cregular%2Citalic%2C500%2C500italic%2C700%2C700italic%2C900%2C900italic|font_style:100%20light%20italic%3A100%3Aitalic\u00bb el_class=\u00bbbanner-txt\u00bb][\/vc_column][\/vc_row][vc_row][vc_column css=\u00bb.vc_custom_1673431070127{border-top-width: 10px !important;border-right-width: 10px !important;border-bottom-width: 10px !important;border-left-width: 10px !important;}\u00bb][vc_tta_tabs shape=\u00bbsquare\u00bb color=\u00bbjuicy-pink\u00bb alignment=\u00bbcenter\u00bb active_section=\u00bb1&#8243; no_fill_content_area=\u00bbtrue\u00bb][vc_tta_section title=\u00bbVisi\u00f3n general\u00bb tab_id=\u00bb1633454673222-3d94f956-010c\u00bb][info_list_father listclr=\u00bb#f8f8f8&#8243;][info_list_son style=\u00bbicon\u00bb size=\u00bb20&#8243; width=\u00bb30&#8243; height=\u00bb30&#8243; titleclr=\u00bb#890000&#8243; icon=\u00bbfas fa-route\u00bb iconclr=\u00bb#890000&#8243; title=\u00bbQu\u00e9 esperar\u00bb iconbg=\u00bb#f8f8f8&#8243;]T<span data-contrast=\"auto\">su safari multipa\u00eds de 12 d\u00edas te lleva por Kenia, Tanzania y Uganda, combinando la cl\u00e1sica observaci\u00f3n de los Cinco Grandes con la Gran Migraci\u00f3n y el inolvidable trekking de gorilas. Explora el Masai Mara, el Serengeti (personalizado por temporada de migraci\u00f3n), el cr\u00e1ter de Ngorongoro y Amboseli bajo el monte Kilimanjaro, antes de terminar en el Bosque Impenetrable de Bwindi para un encuentro \u00fanico con gorilas. <\/span><span data-ccp-props=\"{}\"> <\/span><\/p>\n<p><span data-contrast=\"auto\">Destacados: Gran Migraci\u00f3n &#8211; Cr\u00e1ter Ngorongoro &#8211; Vistas del Monte Kilimanjaro &#8211; Senderismo de gorilas<\/span><span data-ccp-props=\"{\"134233279\":true}\"> <\/span>[\/info_list_son][\/info_list_father][\/vc_tta_section][vc_tta_section title=\u00bbItinerario\u00bb tab_id=\u00bb1633455601016-f93699bc-5d92&#8243;][info_list_father listwidth=\u00bb\u00bb listclr=\u00bb#f8f8f8&#8243;][info_list_son style=\u00bbicon\u00bb size=\u00bb20&#8243; width=\u00bb30&#8243; height=\u00bb30&#8243; titleclr=\u00bb#890000&#8243; icon=\u00bbfar fa-calendar-check\u00bb iconclr=\u00bb#890000&#8243; title=\u00bbD\u00eda 1:\u00bb iconbg=\u00bb#f8f8f8&#8243; borderclr=\u00bb#f8f8f8&#8243;][\/info_list_son][\/info_list_father][\/vc_tta_section][vc_tta_section title=\u00bbLista de verificaci\u00f3n de viajes\u00bb tab_id=\u00bb1633892890537-5637ec0b-4c69&#8243;][vc_row_inner][vc_column_inner width=\u00bb1\/2&#8243;][vc_custom_heading text=\u00bbAntes de viajar\u00bb font_container=\u00bbtag:h2|text_align:left|color:%23890000&#8243; google_fonts=\u00bbfont_family:Open%20Sans%3A300%2C300italic%2Cregular%2Citalic%2C600%2C600italic%2C700%2C700italic%2C800%2C800italic|font_style:400%20regular%3A400%3Anormal\u00bb][vc_separator color=\u00bbcustom\u00bb align=\u00bbalign_left\u00bb border_width=\u00bb2&#8243; el_width=\u00bb20&#8243; accent_color=\u00bb#890000&#8243;][vc_column_text]Antes de emprender tu viaje, aseg\u00farate de leer nuestros completos consejos de viaje para una experiencia fluida.[\/vc_column_text][vc_empty_space height=\u00bb55px\u00bb][vc_btn title=\u00bbAprende m\u00e1s\u00bb style=\u00bboutline-custom\u00bb outline_custom_color=\u00bb#890000&#8243; outline_custom_hover_background=\u00bb#890000&#8243; outline_custom_hover_text=\u00bb#ffffff\u00bb shape=\u00bbsquare\u00bb align=\u00bbleft\u00bb i_align=\u00bbright\u00bb i_icon_fontawesome=\u00bbfas fa-angle-right\u00bb add_icon=\u00bbtrue\u00bb link=\u00bburl:https%3A%2F%2Fmufasatoursandtravels.com%2Fes%2Fpreparandose-para-viajar%2F|title:Prepar%C3%A1ndose%20para%20viajar|\u00bb][\/vc_column_inner][vc_column_inner width=\u00bb1\/2&#8243;][vc_custom_heading text=\u00bbAntes de viajar\u00bb font_container=\u00bbtag:h2|text_align:left|color:%23890000&#8243; google_fonts=\u00bbfont_family:Open%20Sans%3A300%2C300italic%2Cregular%2Citalic%2C600%2C600italic%2C700%2C700italic%2C800%2C800italic|font_style:400%20regular%3A400%3Anormal\u00bb][vc_separator color=\u00bbcustom\u00bb align=\u00bbalign_left\u00bb border_width=\u00bb2&#8243; el_width=\u00bb20&#8243; accent_color=\u00bb#890000&#8243;][vc_column_text]Mejora tu planificaci\u00f3n de viaje descargando informaci\u00f3n valiosa sobre destinos, como requisitos de pasaporte y visado, vacunaciones recomendadas, restricciones de equipaje, lista de equipaje y directrices para las propinas.[\/vc_column_text][vc_btn title=\u00bbAprende m\u00e1s\u00bb style=\u00bboutline-custom\u00bb outline_custom_color=\u00bb#890000&#8243; outline_custom_hover_background=\u00bb#890000&#8243; outline_custom_hover_text=\u00bb#ffffff\u00bb shape=\u00bbsquare\u00bb align=\u00bbleft\u00bb i_align=\u00bbright\u00bb i_icon_fontawesome=\u00bbfas fa-angle-right\u00bb add_icon=\u00bbtrue\u00bb link=\u00bburl:https%3A%2F%2Fmufasatoursandtravels.com%2Fes%2Flo-que-hay-que-saber-antes-de-llegar-a-africa-oriental%2F|title:QU%C3%89%20SABER%20ANTES%20DE%20LLEGAR%20A%20%C3%81FRICA%20ORIENTAL|\u00bb][\/vc_column_inner][\/vc_row_inner][vc_row_inner][vc_column_inner width=\u00bb1\/2&#8243;][vc_custom_heading text=\u00bbAntes de viajar\u00bb font_container=\u00bbtag:h2|text_align:left|color:%23890000&#8243; google_fonts=\u00bbfont_family:Open%20Sans%3A300%2C300italic%2Cregular%2Citalic%2C600%2C600italic%2C700%2C700italic%2C800%2C800italic|font_style:400%20regular%3A400%3Anormal\u00bb][vc_separator color=\u00bbcustom\u00bb align=\u00bbalign_left\u00bb border_width=\u00bb2&#8243; el_width=\u00bb20&#8243; accent_color=\u00bb#890000&#8243;][vc_column_text]Maximiza el \u00e9xito de tu viaje descargando informaci\u00f3n esencial sobre tu(s) destino(s), incluyendo requisitos de pasaporte y visado, directrices de vacunaci\u00f3n, restricciones de equipaje, lista de equipaje y consejos sobre propinas.[\/vc_column_text][vc_btn title=\u00bbAprende m\u00e1s\u00bb style=\u00bboutline-custom\u00bb outline_custom_color=\u00bb#890000&#8243; outline_custom_hover_background=\u00bb#890000&#8243; outline_custom_hover_text=\u00bb#ffffff\u00bb shape=\u00bbsquare\u00bb align=\u00bbleft\u00bb i_align=\u00bbright\u00bb i_icon_fontawesome=\u00bbfas fa-angle-right\u00bb add_icon=\u00bbtrue\u00bb link=\u00bburl:https%3A%2F%2Fmufasatoursandtravels.com%2Fes%2Fpasaportes-y-visados%2F|title:Pasaportes%20y%20visados|\u00bb][\/vc_column_inner][vc_column_inner width=\u00bb1\/2&#8243;][vc_custom_heading text=\u00bbAntes de viajar\u00bb font_container=\u00bbtag:h2|text_align:left|color:%23890000&#8243; google_fonts=\u00bbfont_family:Open%20Sans%3A300%2C300italic%2Cregular%2Citalic%2C600%2C600italic%2C700%2C700italic%2C800%2C800italic|font_style:400%20regular%3A400%3Anormal\u00bb][vc_separator color=\u00bbcustom\u00bb align=\u00bbalign_left\u00bb border_width=\u00bb2&#8243; el_width=\u00bb20&#8243; accent_color=\u00bb#890000&#8243;][vc_column_text]Mientras disfrutas del resplandor posterior a tu aventura, estamos aqu\u00ed para ayudarte con consejos esenciales despu\u00e9s del viaje, asegurando que tu regreso a casa sea tan fluido y c\u00f3modo como tu propio viaje.[\/vc_column_text][\/vc_column_inner][\/vc_row_inner][\/vc_tta_section][vc_tta_section title=\u00bbInclusivo|Exclusivo\u00bb tab_id=\u00bb1767014740555-058063a7-3037&#8243;][vc_row_inner][vc_column_inner width=\u00bb1\/2&#8243;][info_list_father listwidth=\u00bb\u00bb listclr=\u00bb#f8f8f8&#8243;][info_list_son style=\u00bbicon\u00bb size=\u00bb20&#8243; width=\u00bb30&#8243; height=\u00bb30&#8243; titleclr=\u00bb#890000&#8243; icon=\u00bbfar fa-check-circle\u00bb iconclr=\u00bb#890000&#8243; iconbg=\u00bb#f8f8f8&#8243; borderclr=\u00bb#f8f8f8&#8243; title=\u00bbIncluido\u00bb]\n<ol>\n<li>Tarifas de parque para todos los parques visitados.<\/li>\n<li>Transporte<\/li>\n<li>Servicio de un conductor profesional gu\u00eda.<\/li>\n<li>Comidas con pensi\u00f3n completa en los lodges o campamentos elegidos.<\/li>\n<li>Alojamiento de 11 noches en los hoteles, alojamientos o campamentos elegidos.<\/li>\n<li>Agua ilimitada en los veh\u00edculos<\/li>\n<\/ol>\n[\/info_list_son][\/info_list_father][\/vc_column_inner][vc_column_inner width=\u00bb1\/2&#8243;][info_list_father listwidth=\u00bb0&#8243; listclr=\u00bb#f8f8f8&#8243;][info_list_son style=\u00bbicon\u00bb size=\u00bb20&#8243; width=\u00bb30&#8243; height=\u00bb30&#8243; titleclr=\u00bb#890000&#8243; icon=\u00bbfar fa-times-circle\u00bb iconclr=\u00bb#890000&#8243; iconbg=\u00bb#f8f8f8&#8243; caption_url=\u00bb\u00bb borderclr=\u00bb#f8f8f8&#8243; title=\u00bbExcluidos\u00bb]\n<ol>\n<li>Consejos para conductores (gu\u00edas).<\/li>\n<li>Objetos personales (recuerdos, seguro de viaje, tasas de visado, etc.).<\/li>\n<li>Alojamiento adicional antes y despu\u00e9s del safari.<\/li>\n<li>Visita cultural a la aldea masai (20 $ por persona &#8211; sujeto a cambios).<\/li>\n<li>Paseos en globo aerost\u00e1tico (550 $ por adulto y 380 $ por ni\u00f1o menor de 18 a\u00f1os).<\/li>\n<li>Fluctuaciones en los impuestos gubernamentales en los respectivos pa\u00edses visitados.<\/li>\n<li>Cargo adicional por equipaje para vuelos.<\/li>\n<\/ol>\n[\/info_list_son][\/info_list_father][\/vc_column_inner][\/vc_row_inner][\/vc_tta_section][\/vc_tta_tabs][\/vc_column][\/vc_row][vc_row][vc_column][vc_column_text]\n<p style=\"text-align: left;\"><strong>AVISO.<\/strong><\/p>\n<ul>\n<li>Este tour es ofrecido por <a href=\"https:\/\/mufasatoursandtravels.com\/es\/\">Mufasa Tours and Travels<\/a>.<\/li>\n<li>Todos nuestros safaris son de forma privada.<\/li>\n<li>Los ni\u00f1os de entre 0 y 2 a\u00f1os son gratuitos.<\/li>\n<li>Los ni\u00f1os de 3 a 12 a\u00f1os pagan el 50% de la tarifa de adulto cuando comparten habitaci\u00f3n con adultos.<\/li>\n<li>Los ni\u00f1os de 3 a 12 a\u00f1os pagan el 75% de la tarifa de adulto cuando se alojan en su propia habitaci\u00f3n separada de la de los adultos.<\/li>\n<li>Los ni\u00f1os mayores de 12 a\u00f1os son reconocidos como adultos en campamentos y alojamientos.<\/li>\n<li>Nos reservamos el derecho de modificar el programa seg\u00fan lo anunciado.<\/li>\n<li>Si un alojamiento est\u00e1 completamente reservado, sugeriremos opciones alternativas comparables.<\/li>\n<li>El pedido, contenido y tarifas exactas de este tour est\u00e1n sujetos a disponibilidad.<\/li>\n<li>Esta gira est\u00e1 sujeta a los <a href=\"https:\/\/mufasatoursandtravels.com\/es\/terminos-y-condiciones-2\/\">t\u00e9rminos y condiciones<\/a> de <a href=\"https:\/\/mufasatoursandtravels.com\/es\/\">Mufasa Tours and Travels.<\/a><\/li>\n<\/ul>\n[\/vc_column_text][\/vc_column][\/vc_row]\n","protected":false},"excerpt":{"rendered":"<p>[vc_row full_width=\u00bbstretch_row\u00bb gap=\u00bb1&#8243;][vc_column parallax=\u00bbcontent-moving\u00bb parallax_image=\u00bb41637&#8243; parallax_speed_bg=\u00bb1.7&#8243; css=\u00bb.vc_custom_1767010746713{padding-top: 80px !important;padding-right: 80px !important;padding-bottom: 80px !important;padding-left: 80px !important;}\u00bb el_class=\u00bbbanner-image\u00bb][vc_custom_heading text=\u00bbCumbres, Llanuras y Primates\u00bb font_container=\u00bbtag:h2|font_size:32|text_align:left|color:%23ffffff\u00bb google_fonts=\u00bbfont_family:Roboto%3A100%2C100italic%2C300%2C300italic%2Cregular%2Citalic%2C500%2C500italic%2C700%2C700italic%2C900%2C900italic|font_style:300%20light%20regular%3A300%3Anormal\u00bb el_class=\u00bbbanner-txt\u00bb][vc_separator align=\u00bbalign_left\u00bb el_width=\u00bb20&#8243;][vc_custom_heading text=\u00bbKenia, Tanzania y Uganda\u00bb font_container=\u00bbtag:h2|font_size:18|text_align:left|color:%23ffffff\u00bb google_fonts=\u00bbfont_family:Roboto%3A100%2C100italic%2C300%2C300italic%2Cregular%2Citalic%2C500%2C500italic%2C700%2C700italic%2C900%2C900italic|font_style:100%20light%20italic%3A100%3Aitalic\u00bb el_class=\u00bbbanner-txt\u00bb][\/vc_column][\/vc_row][vc_row][vc_column css=\u00bb.vc_custom_1673431070127{border-top-width: 10px !important;border-right-width: 10px !important;border-bottom-width: 10px !important;border-left-width: 10px !important;}\u00bb][vc_tta_tabs shape=\u00bbsquare\u00bb color=\u00bbjuicy-pink\u00bb alignment=\u00bbcenter\u00bb active_section=\u00bb1&#8243; no_fill_content_area=\u00bbtrue\u00bb][vc_tta_section title=\u00bbVisi\u00f3n general\u00bb tab_id=\u00bb1633454673222-3d94f956-010c\u00bb][info_list_father listclr=\u00bb#f8f8f8&#8243;][info_list_son style=\u00bbicon\u00bb size=\u00bb20&#8243; width=\u00bb30&#8243; height=\u00bb30&#8243; titleclr=\u00bb#890000&#8243; [&hellip;]<\/p>\n","protected":false},"author":2,"featured_media":0,"parent":41408,"menu_order":0,"comment_status":"closed","ping_status":"closed","template":"","meta":{"_themeisle_gutenberg_block_has_review":false,"footnotes":""},"class_list":["post-41692","page","type-page","status-publish","hentry"],"_links":{"self":[{"href":"https:\/\/mufasatoursandtravels.com\/es\/wp-json\/wp\/v2\/pages\/41692","targetHints":{"allow":["GET"]}}],"collection":[{"href":"https:\/\/mufasatoursandtravels.com\/es\/wp-json\/wp\/v2\/pages"}],"about":[{"href":"https:\/\/mufasatoursandtravels.com\/es\/wp-json\/wp\/v2\/types\/page"}],"author":[{"embeddable":true,"href":"https:\/\/mufasatoursandtravels.com\/es\/wp-json\/wp\/v2\/users\/2"}],"replies":[{"embeddable":true,"href":"https:\/\/mufasatoursandtravels.com\/es\/wp-json\/wp\/v2\/comments?post=41692"}],"version-history":[{"count":3,"href":"https:\/\/mufasatoursandtravels.com\/es\/wp-json\/wp\/v2\/pages\/41692\/revisions"}],"predecessor-version":[{"id":41698,"href":"https:\/\/mufasatoursandtravels.com\/es\/wp-json\/wp\/v2\/pages\/41692\/revisions\/41698"}],"up":[{"embeddable":true,"href":"https:\/\/mufasatoursandtravels.com\/es\/wp-json\/wp\/v2\/pages\/41408"}],"wp:attachment":[{"href":"https:\/\/mufasatoursandtravels.com\/es\/wp-json\/wp\/v2\/media?parent=41692"}],"curies":[{"name":"wp","href":"https:\/\/api.w.org\/{rel}","templated":true}]}}