{"id":42294,"date":"2026-01-05T12:21:42","date_gmt":"2026-01-05T09:21:42","guid":{"rendered":"https:\/\/mufasatoursandtravels.com\/destinos\/paquete-safari-mama-africa\/"},"modified":"2026-02-19T12:03:56","modified_gmt":"2026-02-19T09:03:56","slug":"paquete-safari-mama-africa","status":"publish","type":"page","link":"https:\/\/mufasatoursandtravels.com\/es\/destinos\/paquete-safari-mama-africa\/","title":{"rendered":"Parque Nacional de Amboseli"},"content":{"rendered":"[vc_row full_width=\u00bbstretch_row\u00bb gap=\u00bb1&#8243;][vc_column parallax=\u00bbcontent-moving\u00bb parallax_image=\u00bb45372&#8243; parallax_speed_bg=\u00bb2.0&#8243; css=\u00bb.vc_custom_1771491474300{padding-top: 80px !important;padding-right: 80px !important;padding-bottom: 80px !important;padding-left: 80px !important;}\u00bb][vc_custom_heading text=\u00bbParque Nacional de Amboseli\u00bb font_container=\u00bbtag:h1|font_size:32|text_align:left|color:%23ffffff\u00bb google_fonts=\u00bbfont_family:Quicksand%3A300%2Cregular%2C700|font_style:400%20regular%3A400%3Anormal\u00bb el_class=\u00bbtxt-desc\u00bb][vc_separator color=\u00bbcustom\u00bb align=\u00bbalign_left\u00bb border_width=\u00bb2&#8243; el_width=\u00bb20&#8243; accent_color=\u00bb#f8f8f8&#8243;][vc_custom_heading text=\u00bbKenia\u00bb font_container=\u00bbtag:h2|font_size:18|text_align:left|color:%23ffffff\u00bb google_fonts=\u00bbfont_family:Roboto%3A100%2C100italic%2C300%2C300italic%2Cregular%2Citalic%2C500%2C500italic%2C700%2C700italic%2C900%2C900italic|font_style:400%20regular%3A400%3Anormal\u00bb el_class=\u00bbtxt-desc\u00bb][\/vc_column][\/vc_row][vc_row][vc_column css=\u00bb.vc_custom_1673438873315{border-top-width: 10px !important;border-right-width: 10px !important;border-bottom-width: 10px !important;border-left-width: 10px !important;}\u00bb][vc_tta_tabs shape=\u00bbsquare\u00bb color=\u00bbjuicy-pink\u00bb alignment=\u00bbcenter\u00bb active_section=\u00bb1&#8243; no_fill_content_area=\u00bbtrue\u00bb][vc_tta_section title=\u00bbVisi\u00f3n general\u00bb tab_id=\u00bb1633454673222-3d94f956-010c\u00bb][info_list_father listclr=\u00bb#f8f8f8&#8243;][info_list_son style=\u00bbicon\u00bb size=\u00bb20&#8243; width=\u00bb30&#8243; height=\u00bb20&#8243; titleclr=\u00bb#890000&#8243; icon=\u00bbfas fa-map-marked\u00bb iconclr=\u00bb#890000&#8243; iconbg=\u00bb#f8f8f8&#8243; borderclr=\u00bb#f8f8f8&#8243; title=\u00bbLa Tierra de los Gigantes\u00bb]\n<p data-path-to-node=\"5\">Famosa por dos cosas: ser el mejor lugar de \u00c1frica para acercarse a elefantes que pasan libremente y ofrecer la vista m\u00e1s ic\u00f3nica de las cumbres nevadas del Kilimanjaro. Situado en la frontera entre Kenia y Tanzania, este parque de 392 kil\u00f3metros cuadrados es un para\u00edso para los fot\u00f3grafos donde el \u00abPolvo Salado\u00bb (<em>el significado mas\u00e1i de Amboseli<\/em>) se encuentra con exuberantes pantanos verde esmeralda. <\/p>\n[\/info_list_son][info_list_son style=\u00bbicon\u00bb size=\u00bb20&#8243; width=\u00bb30&#8243; height=\u00bb20&#8243; titleclr=\u00bb#890000&#8243; icon=\u00bbfas fa-route\u00bb iconclr=\u00bb#890000&#8243; iconbg=\u00bb#f8f8f8&#8243; borderclr=\u00bb#f8f8f8&#8243; title=\u00bbQu\u00e9 esperar\u00bb]\n<p data-path-to-node=\"6,0,0\"><b data-path-to-node=\"6,0,0\" data-index-in-node=\"0\">\u2713 La fauna \u2014<\/b> Hogar de los \u00abCuatro Grandes\u00bb (leones, leopardos, b\u00fafalos y enormes manadas de elefantes africanos). Es especialmente famosa por sus \u00abGrandes Colmillos\u00bb\u2014elefantes antiguos con marfil que llega al suelo. <\/p>\n<p data-path-to-node=\"6,1,0\"><b data-path-to-node=\"6,1,0\" data-index-in-node=\"0\">\u2713 El paisaje \u2014<\/b> Un contraste dram\u00e1tico entre lechos de lagos secos y brillantes y manantiales refrescantes alimentados por el deshielo de las nieves del Kilimanjaro.<\/p>\n[\/info_list_son][info_list_son style=\u00bbicon\u00bb size=\u00bb20&#8243; width=\u00bb30&#8243; height=\u00bb20&#8243; titleclr=\u00bb#890000&#8243; icon=\u00bbfar fa-check-circle\u00bb iconclr=\u00bb#890000&#8243; iconbg=\u00bb#f8f8f8&#8243; borderclr=\u00bb#f8f8f8&#8243; title=\u00bbMejor momento para visitar\u00bb]\n<p data-path-to-node=\"6,2,0\">Durante la estaci\u00f3n <i data-path-to-node=\"6,2,0\" data-index-in-node=\"22\">seca,<\/i> los animales se congregan alrededor de los pantanos; es m\u00e1s f\u00e1cil para la observaci\u00f3n de fauna y en temporada de lluvias es mejor para observadores de aves y para las vistas m\u00e1s n\u00edtidas de la monta\u00f1a.<\/p>\n[\/info_list_son][\/info_list_father][\/vc_tta_section][vc_tta_section title=\u00bbAlojamiento\u00bb tab_id=\u00bb1633455601016-f93699bc-5d92&#8243;][vc_row_inner css=\u00bb.vc_custom_1767603602505{padding: 20px !important;}\u00bb][vc_column_inner el_class=\u00bbcustom-height\u00bb][ucaddon_uc_side_carousel_content image=\u00bb29444&#8243; title=\u00bbCampamento de Tortilis\u00bb btn_text=\u00bbView Accomodation\u00bb link=\u00bbhttps:\/\/www.elewanacollection.com\/tortilis-camp-amboseli\/at-a-glance\u00bb uc_fonts_data=\u00bbJTdCJTdE\u00bb]QW4lMjBhd2FyZC13aW5uaW5nJTIwZWNvLWxvZGdlJTIwbG9jYXRlZCUyMGluJTIwYSUyMHByaXZhdGUlMjBjb25zZXJ2YW5jeSUyMHdpdGglMjB0aGUlMjBhYnNvbHV0ZSUyMGJlc3QlMjB1bm9ic3RydWN0ZWQlMjB2aWV3cyUyMG9mJTIwS2lsaW1hbmphcm8u[\/ucaddon_uc_side_carousel_content][\/vc_column_inner][\/vc_row_inner][vc_row_inner css=\u00bb.vc_custom_1767603579984{padding: 20px !important;}\u00bb][vc_column_inner el_class=\u00bbcustom-height\u00bb][ucaddon_uc_side_carousel_content image=\u00bb29425&#8243; title=\u00bbLogia Amboseli Serena\u00bb btn_text=\u00bbView Accomodation\u00bb link=\u00bbhttps:\/\/www.elewanacollection.com\/tortilis-camp-amboseli\/at-a-glance\u00bb uc_fonts_data=\u00bbJTdCJTdE\u00bb]SW5zcGlyZWQlMjBieSUyMHRyYWRpdGlvbmFsJTIwTWFhc2FpJTIwYXJjaGl0ZWN0dXJlJTJDJTIwbmVzdGxlZCUyMGluJTIwYSUyMGdyb3ZlJTIwb2YlMjBBY2FjaWElMjB0cmVlcyUyMGF0JTIwdGhlJTIwY2VudGVyJTIwb2YlMjB0aGUlMjBwYXJrLg==[\/ucaddon_uc_side_carousel_content][\/vc_column_inner][\/vc_row_inner][vc_row_inner css=\u00bb.vc_custom_1767603579984{padding: 20px !important;}\u00bb][vc_column_inner el_class=\u00bbcustom-height\u00bb][ucaddon_uc_side_carousel_content image=\u00bb42434&#8243; title=\u00bbCampamento Safari Kibo\u00bb btn_text=\u00bbView Accomodation\u00bb link=\u00bbhttps:\/\/kibosafaricamp.com\/\u00bb uc_fonts_data=\u00bbJTdCJTdE\u00bb]QSUyMGx1eHVyeSUyMHRlbnRlZCUyMGNhbXAlMjBleHBlcmllbmNlJTIwdGhhdCUyMG9mZmVycyUyMHRoZSUyMHBlcmZlY3QlMjBibGVuZCUyMG9mJTIwbW9kZXJuJTIwYW1lbml0aWVzJTIwYW5kJTIwdHJhZGl0aW9uYWwlMjAlMjJidXNoJTIyJTIwYXRtb3NwaGVyZS4=[\/ucaddon_uc_side_carousel_content][\/vc_column_inner][\/vc_row_inner][vc_row_inner css=\u00bb.vc_custom_1767603579984{padding: 20px !important;}\u00bb][vc_column_inner el_class=\u00bbcustom-height\u00bb][ucaddon_uc_side_carousel_content image=\u00bb42440&#8243; title=\u00bbLogia Ol Tukai\u00bb btn_text=\u00bbView Accomodation\u00bb link=\u00bbhttp:\/\/www.oltukailodge.com\/\u00bb uc_fonts_data=\u00bbJTdCJTdE\u00bb]QSUyMGx1eHVyeSUyMHRlbnRlZCUyMGNhbXAlMjBleHBlcmllbmNlJTIwdGhhdCUyMG9mZmVycyUyMHRoZSUyMHBlcmZlY3QlMjBibGVuZCUyMG9mJTIwbW9kZXJuJTIwYW1lbml0aWVzJTIwYW5kJTIwdHJhZGl0aW9uYWwlMjAlMjJidXNoJTIyJTIwYXRtb3NwaGVyZS4=[\/ucaddon_uc_side_carousel_content][\/vc_column_inner][\/vc_row_inner][vc_row_inner css=\u00bb.vc_custom_1767603579984{padding: 20px !important;}\u00bb][vc_column_inner el_class=\u00bbcustom-height\u00bb][ucaddon_uc_side_carousel_content image=\u00bb29417&#8243; title=\u00bbSentrim Amboseli\u00bb btn_text=\u00bbView Accomodation\u00bb link=\u00bbhttps:\/\/www.sentrim-hotels.com\/sentrim-amboseli.html\u00bb uc_fonts_data=\u00bbJTdCJTdE\u00bb]QSUyMGNvenklMkMlMjByZWxpYWJsZSUyMGNhbXAlMjBmb3IlMjB0cmF2ZWxlcnMlMjB3aG8lMjB3YW50JTIwdG8lMjBiZSUyMGNsb3NlJTIwdG8lMjB0aGUlMjBwYXJrJTIwYWN0aW9uJTIwd2l0aG91dCUyMHRoZSUyMGx1eHVyeSUyMHByaWNlJTIwdGFnLg==[\/ucaddon_uc_side_carousel_content][\/vc_column_inner][\/vc_row_inner][\/vc_tta_section][vc_tta_section title=\u00bbActividades\u00bb tab_id=\u00bb1767601538075-7b6924d3-776e\u00bb][info_list_father listclr=\u00bb#f8f8f8&#8243;][info_list_son style=\u00bbicon\u00bb size=\u00bb0&#8243; width=\u00bb0&#8243; height=\u00bb0&#8243; titleclr=\u00bb#f8f8f8&#8243; iconclr=\u00bb#f8f8f8&#8243; borderclr=\u00bb#f8f8f8&#8243;]\n<p data-path-to-node=\"15\">Aunque la fauna es la estrella, Amboseli ofrece diversas formas de sumergirse en la naturaleza africana.<\/p>\n<ul>\n<li style=\"list-style-type: none;\">\n<ul data-path-to-node=\"16\">\n<li>\n<p data-path-to-node=\"16,0,0\"><strong>Safaris guiados<\/strong><b data-path-to-node=\"16,0,0\" data-index-in-node=\"0\">:<\/b> Explora el parque en nuestros Land Cruisers personalizados 4&#215;4 con techos elevables. Nuestros gu\u00edas expertos conocen los lugares secretos donde se esconden los leones y donde los elefantes cruzan los pantanos. <\/p>\n<\/li>\n<li>\n<p data-path-to-node=\"16,1,0\"><strong>Observaci\u00f3n:<\/strong><b data-path-to-node=\"16,1,0\" data-index-in-node=\"0\"> Sube a pie el \u00fanico punto m\u00e1s alto del parque. Ofrece una vista panor\u00e1mica de 360 grados de los pantanos, llanuras y la monta\u00f1a. Es el lugar perfecto para un picnic.<\/b>  <\/p>\n<\/li>\n<li>\n<p data-path-to-node=\"16,2,0\"><strong>Safaris en globo aerost\u00e1tico<\/strong><b data-path-to-node=\"16,2,0\" data-index-in-node=\"0\">:<\/b> Flota silenciosamente sobre las manadas al amanecer. No hay experiencia m\u00e1s m\u00e1gica que ver el Kilimanjaro volverse rosa desde el cielo.   <i data-path-to-node=\"16,2,0\" data-index-in-node=\"151\">(Disponible como complemento opcional).<\/i><\/p>\n<\/li>\n<li>\n<p data-path-to-node=\"16,3,0\"><strong>Visitas culturales mas\u00e1i<\/strong><b data-path-to-node=\"16,3,0\" data-index-in-node=\"0\">:<\/b> Visita un <i data-path-to-node=\"16,3,0\" data-index-in-node=\"38\">Manyatta<\/i> local (aldea) para aprender sobre las antiguas tradiciones, el vibrante trabajo con cuentas y las danzas de salto del pueblo mas\u00e1i que ha coexistido con esta fauna durante siglos.<\/p>\n<\/li>\n<li>\n<p data-path-to-node=\"16,4,0\"><strong>Desayunos y Atardeceres en el Bush<\/strong><b data-path-to-node=\"16,4,0\" data-index-in-node=\"0\">:<\/b> Termina el d\u00eda con un \u00abSundowner\u00bb: bebidas fr\u00edas y aperitivos servidos en medio de la sabana mientras el sol se pone tras la monta\u00f1a.<\/p>\n<\/li>\n<\/ul>\n<\/li>\n<\/ul>\n[\/info_list_son][\/info_list_father][\/vc_tta_section][\/vc_tta_tabs][\/vc_column][\/vc_row]\n","protected":false},"excerpt":{"rendered":"<p>[vc_row full_width=\u00bbstretch_row\u00bb gap=\u00bb1&#8243;][vc_column parallax=\u00bbcontent-moving\u00bb parallax_image=\u00bb45372&#8243; parallax_speed_bg=\u00bb2.0&#8243; css=\u00bb.vc_custom_1771491474300{padding-top: 80px !important;padding-right: 80px !important;padding-bottom: 80px !important;padding-left: 80px !important;}\u00bb][vc_custom_heading text=\u00bbParque Nacional de Amboseli\u00bb font_container=\u00bbtag:h1|font_size:32|text_align:left|color:%23ffffff\u00bb google_fonts=\u00bbfont_family:Quicksand%3A300%2Cregular%2C700|font_style:400%20regular%3A400%3Anormal\u00bb el_class=\u00bbtxt-desc\u00bb][vc_separator color=\u00bbcustom\u00bb align=\u00bbalign_left\u00bb border_width=\u00bb2&#8243; el_width=\u00bb20&#8243; accent_color=\u00bb#f8f8f8&#8243;][vc_custom_heading text=\u00bbKenia\u00bb font_container=\u00bbtag:h2|font_size:18|text_align:left|color:%23ffffff\u00bb google_fonts=\u00bbfont_family:Roboto%3A100%2C100italic%2C300%2C300italic%2Cregular%2Citalic%2C500%2C500italic%2C700%2C700italic%2C900%2C900italic|font_style:400%20regular%3A400%3Anormal\u00bb el_class=\u00bbtxt-desc\u00bb][\/vc_column][\/vc_row][vc_row][vc_column css=\u00bb.vc_custom_1673438873315{border-top-width: 10px !important;border-right-width: 10px !important;border-bottom-width: 10px !important;border-left-width: 10px !important;}\u00bb][vc_tta_tabs shape=\u00bbsquare\u00bb color=\u00bbjuicy-pink\u00bb alignment=\u00bbcenter\u00bb active_section=\u00bb1&#8243; no_fill_content_area=\u00bbtrue\u00bb][vc_tta_section title=\u00bbVisi\u00f3n general\u00bb tab_id=\u00bb1633454673222-3d94f956-010c\u00bb][info_list_father listclr=\u00bb#f8f8f8&#8243;][info_list_son style=\u00bbicon\u00bb size=\u00bb20&#8243; width=\u00bb30&#8243; height=\u00bb20&#8243; titleclr=\u00bb#890000&#8243; icon=\u00bbfas [&hellip;]<\/p>\n","protected":false},"author":2,"featured_media":0,"parent":28078,"menu_order":0,"comment_status":"closed","ping_status":"closed","template":"","meta":{"_themeisle_gutenberg_block_has_review":false,"footnotes":""},"class_list":["post-42294","page","type-page","status-publish","hentry"],"_links":{"self":[{"href":"https:\/\/mufasatoursandtravels.com\/es\/wp-json\/wp\/v2\/pages\/42294","targetHints":{"allow":["GET"]}}],"collection":[{"href":"https:\/\/mufasatoursandtravels.com\/es\/wp-json\/wp\/v2\/pages"}],"about":[{"href":"https:\/\/mufasatoursandtravels.com\/es\/wp-json\/wp\/v2\/types\/page"}],"author":[{"embeddable":true,"href":"https:\/\/mufasatoursandtravels.com\/es\/wp-json\/wp\/v2\/users\/2"}],"replies":[{"embeddable":true,"href":"https:\/\/mufasatoursandtravels.com\/es\/wp-json\/wp\/v2\/comments?post=42294"}],"version-history":[{"count":6,"href":"https:\/\/mufasatoursandtravels.com\/es\/wp-json\/wp\/v2\/pages\/42294\/revisions"}],"predecessor-version":[{"id":45384,"href":"https:\/\/mufasatoursandtravels.com\/es\/wp-json\/wp\/v2\/pages\/42294\/revisions\/45384"}],"up":[{"embeddable":true,"href":"https:\/\/mufasatoursandtravels.com\/es\/wp-json\/wp\/v2\/pages\/28078"}],"wp:attachment":[{"href":"https:\/\/mufasatoursandtravels.com\/es\/wp-json\/wp\/v2\/media?parent=42294"}],"curies":[{"name":"wp","href":"https:\/\/api.w.org\/{rel}","templated":true}]}}