{"id":42347,"date":"2026-01-05T14:13:42","date_gmt":"2026-01-05T11:13:42","guid":{"rendered":"https:\/\/mufasatoursandtravels.com\/destinos\/parque-nacional-de-nairobi-4\/"},"modified":"2026-01-09T11:48:02","modified_gmt":"2026-01-09T08:48:02","slug":"parque-nacional-de-nairobi-4","status":"publish","type":"page","link":"https:\/\/mufasatoursandtravels.com\/es\/destinos\/parque-nacional-de-nairobi-4\/","title":{"rendered":"Parque Nacional de Nairobi"},"content":{"rendered":"[vc_row full_width=\u00bbstretch_row\u00bb gap=\u00bb1&#8243;][vc_column parallax=\u00bbcontent-moving\u00bb parallax_image=\u00bb4859&#8243; parallax_speed_bg=\u00bb1.8&#8243; css=\u00bb.vc_custom_1767606081279{padding-top: 80px !important;padding-right: 80px !important;padding-bottom: 80px !important;padding-left: 80px !important;}\u00bb][vc_custom_heading text=\u00bbParque Nacional de Nairobi\u00bb font_container=\u00bbtag:h1|font_size:32|text_align:left|color:%23ffffff\u00bb google_fonts=\u00bbfont_family:Quicksand%3A300%2Cregular%2C700|font_style:400%20regular%3A400%3Anormal\u00bb][vc_separator color=\u00bbcustom\u00bb align=\u00bbalign_left\u00bb border_width=\u00bb2&#8243; el_width=\u00bb20&#8243; accent_color=\u00bb#f8f8f8&#8243;][vc_custom_heading text=\u00bbKenia\u00bb font_container=\u00bbtag:h2|font_size:18|text_align:left|color:%23ffffff\u00bb google_fonts=\u00bbfont_family:Roboto%3A100%2C100italic%2C300%2C300italic%2Cregular%2Citalic%2C500%2C500italic%2C700%2C700italic%2C900%2C900italic|font_style:400%20regular%3A400%3Anormal\u00bb][\/vc_column][\/vc_row][vc_row][vc_column css=\u00bb.vc_custom_1673438873315{border-top-width: 10px !important;border-right-width: 10px !important;border-bottom-width: 10px !important;border-left-width: 10px !important;}\u00bb][vc_tta_tabs shape=\u00bbsquare\u00bb color=\u00bbjuicy-pink\u00bb alignment=\u00bbcenter\u00bb active_section=\u00bb1&#8243; no_fill_content_area=\u00bbtrue\u00bb][vc_tta_section title=\u00bbVisi\u00f3n general\u00bb tab_id=\u00bb1633454673222-3d94f956-010c\u00bb][info_list_father listclr=\u00bb#f8f8f8&#8243;][info_list_son style=\u00bbicon\u00bb size=\u00bb20&#8243; width=\u00bb30&#8243; height=\u00bb20&#8243; titleclr=\u00bb#890000&#8243; icon=\u00bbfas fa-map-marked\u00bb iconclr=\u00bb#890000&#8243; iconbg=\u00bb#f8f8f8&#8243; borderclr=\u00bb#f8f8f8&#8243; title=\u00bbThe World&#8217;s wildlife Capital\u00bb]\n<p data-path-to-node=\"5\">A world-class anomaly. Established in 1946 as Kenya\u2019s first national park, it is the only protected area in the world where you can photograph a wild lion or a rhino with a backdrop of shimmering city skyscrapers. Just 7km from Nairobi\u2019s bustling Central Business District, this 117-square-kilometer sanctuary offers a \u00abquick safari fix\u00bb for business travelers, families, and those on a layover.<\/p>\n[\/info_list_son][info_list_son style=\u00bbicon\u00bb size=\u00bb20&#8243; width=\u00bb30&#8243; height=\u00bb20&#8243; titleclr=\u00bb#890000&#8243; icon=\u00bbfas fa-route\u00bb iconclr=\u00bb#890000&#8243; iconbg=\u00bb#f8f8f8&#8243; borderclr=\u00bb#f8f8f8&#8243; title=\u00bbWhat to expect\u00bb caption_url=\u00bb\u00bb]\n<ul>\n<li>\n<p data-path-to-node=\"6,0,0\"><strong>The Skyline Safari<\/strong><b data-path-to-node=\"6,0,0\" data-index-in-node=\"0\">:<\/b> Experience the surreal sight of giraffes, lions, and buffaloes grazing against the backdrop of Nairobi\u2019s modern skyscrapers.<\/p>\n<\/li>\n<li>\n<p data-path-to-node=\"6,1,0\"><strong>A Rhino Sanctuary<\/strong><b data-path-to-node=\"6,1,0\" data-index-in-node=\"0\">:<\/b> The park is one of Kenya\u2019s most successful rhinoceros sanctuaries, providing guests with almost guaranteed sightings of the elusive Black Rhino.<\/p>\n<\/li>\n<li>\n<p data-path-to-node=\"6,2,0\"><strong>The \u00abBig Four\u00bb<\/strong><b data-path-to-node=\"6,2,0\" data-index-in-node=\"0\">:<\/b> While there are no elephants (due to the park&#8217;s size and proximity to the city), you can easily find Lion, Leopard, Buffalo, and Rhino.<\/p>\n<\/li>\n<\/ul>\n[\/info_list_son][info_list_son style=\u00bbicon\u00bb size=\u00bb20&#8243; width=\u00bb30&#8243; height=\u00bb20&#8243; titleclr=\u00bb#890000&#8243; icon=\u00bbfar fa-check-circle\u00bb iconclr=\u00bb#890000&#8243; iconbg=\u00bb#f8f8f8&#8243; borderclr=\u00bb#f8f8f8&#8243; caption_url=\u00bb\u00bb title=\u00bbSeasonal Overview\u00bb]\n<p data-path-to-node=\"7\">Nairobi National Park is a year-round destination where the experience shifts with the local weather patterns, offering unique advantages in every window:<\/p>\n<ul data-path-to-node=\"8\">\n<li>\n<p data-path-to-node=\"8,0,0\"><strong>The Emerald &amp; Lush Season<\/strong><b data-path-to-node=\"8,0,0\" data-index-in-node=\"0\">:<\/b> Following the rains, the park transforms into a vibrant green meadow. The dust is settled, the air is crisp, and the wildflowers bloom. This is the prime time for birdwatchers as migratory species arrive, and for photographers who want the \u00abcleanest\u00bb shots of the city skyline.<\/p>\n<\/li>\n<li>\n<p data-path-to-node=\"8,1,0\"><strong>The High-Concentration Season<\/strong><b data-path-to-node=\"8,1,0\" data-index-in-node=\"0\">:<\/b> As the plains turn to gold, wildlife becomes easier to spot as animals congregate around the permanent man-made dams and the Mbagathi River. The shorter grass makes tracking lions and cheetahs much more predictable.<\/p>\n<\/li>\n<li>\n<p data-path-to-node=\"8,2,0\"><strong>The Birthing &amp; Renewal Season<\/strong><b data-path-to-node=\"8,2,0\" data-index-in-node=\"0\">:<\/b> During the transitional periods, the park is filled with young gazelles, zebras, and impalas. This influx of \u00abeasy prey\u00bb leads to high activity among the park&#8217;s resident lion prides, offering a thrilling look at nature\u2019s rawest moments.<\/p>\n<\/li>\n<\/ul>\n[\/info_list_son][\/info_list_father][vc_btn title=\u00bbPide un presupuesto\u00bb style=\u00bboutline-custom\u00bb outline_custom_color=\u00bb#890000&#8243; outline_custom_hover_background=\u00bb#890000&#8243; outline_custom_hover_text=\u00bb#ffffff\u00bb shape=\u00bbsquare\u00bb size=\u00bbsm\u00bb align=\u00bbcenter\u00bb i_align=\u00bbright\u00bb i_icon_fontawesome=\u00bbfas fa-angle-right\u00bb add_icon=\u00bbtrue\u00bb link=\u00bburl:https%3A%2F%2Fmufasatoursandtravels.com%2Fes%2Fsolicite-un-presupuesto%2F|title:Solicite%20un%20presupuesto|\u00bb][\/vc_tta_section][vc_tta_section title=\u00bbAlojamiento\u00bb tab_id=\u00bb1633455601016-f93699bc-5d92&#8243;][vc_row_inner css=\u00bb.vc_custom_1767616160571{padding: 10px !important;}\u00bb][vc_column_inner el_class=\u00bbcustom-height\u00bb offset=\u00bbvc_hidden-md vc_hidden-sm vc_hidden-xs\u00bb][ucaddon_uc_side_carousel_content image=\u00bb9158&#8243; title=\u00bbSomerset West view Hotel\u00bb btn_text=\u00bbView Accomodation\u00bb link=\u00bbhttps:\/\/www.discoverasr.com\/en\/somerset-serviced-residence\/kenya\/somerset-westview-nairobi?utm_source=google&amp;utm_medium=maps&amp;utm_campaign=hq-google-maps-alwayson&#8211;all-en-meati-kenya-somersetwestviewnairobi&#8211;gbp&amp;&#8211;&amp;cid=map::gg::hq:ind:::all:en:meati:kenya:somersetwestviewnairobi:0:gbp:0:::\u00bb uc_init_settings=\u00bb\u00bb uc_fonts_data=\u00bbJTdCJTdE\u00bb]U29tZXJzZXQlMjBXZXN0dmlldyUyME5haXJvYmklMjBvZmZlcnMlMjB2aXNpdG9ycyUyMHRoZSUyMHBlcmZlY3QlMjBleHBlcmllbmNlJTIwb2YlMjBob21lbHklMjBob3NwaXRhbGl0eSUyMGFuZCUyMGElMjByaXNpbmclMjBidXNpbmVzcyUyMGVjb25vbXkuJTIwSG9tZSUyMHRvJTIwdGhlJTIwY2l0eSUyN3MlMjBtb3N0JTIwcHJpdmlsZWdlZCUyMHNvY2lldGllcyUyQyUyMHRoZSUyMG5laWdoYm91cmhvb2QlMjBob3VzZXMlMjBlbWJhc3NpZXMlMkMlMjBkaXBsb21hdGljJTIwaGFsbHMlMjBhbmQlMjB0aGUlMjBvZmZpY2lhbCUyMHByZXNpZGVudGlhbCUyMHJlc2lkZW5jZS4lMjA=[\/ucaddon_uc_side_carousel_content][\/vc_column_inner][\/vc_row_inner][vc_row_inner css=\u00bb.vc_custom_1767616179652{padding: 10px !important;}\u00bb][vc_column_inner el_class=\u00bbcustom-height\u00bb offset=\u00bbvc_hidden-md vc_hidden-sm vc_hidden-xs\u00bb][ucaddon_uc_side_carousel_content image=\u00bb40363&#8243; title=\u00bbEl retiro del Jard\u00edn del Ed\u00e9n\u00bb btn_text=\u00bbView Accomodation\u00bb link=\u00bbhttps:\/\/gardenofedenretreat.com\/\u00bb uc_init_settings=\u00bb\u00bb uc_fonts_data=\u00bbJTdCJTdE\u00bb]U3RlcCUyMGludG8lMjBhJTIwaGlkZGVuJTIwc2FuY3R1YXJ5JTIwd2hlcmUlMjB0aGUlMjB2aWJyYW50JTIwZW5lcmd5JTIwb2YlMjBOYWlyb2JpJTIwc29mdGVucyUyMGludG8lMjB0aGUlMjB0cmFucXVpbCUyMHdoaXNwZXJzJTIwb2YlMjBhJTIwbHVzaCUyMGdhcmRlbi4lMjBIZXJlJTIweW91JUMyJUEwJTIwdHJhZGUlMjB0aGUlMjBjaXR5JUUyJTgwJTk5cyUyMGJ1c3RsZSUyMGZvciUyMGElMjBzY2VuaWMlMjByb29mdG9wJTIwbG91bmdlJTJDJTIwYnJlYXRodGFraW5nJTIwc2t5bGluZSUyMHZpZXdzJTJDJTIwYW5kJTIwdGhlJTIwc291bC1zb290aGluZyUyMGNhbG0lMjBvZiUyMG91ciUyMCUyMmZhcm0tdG8tZm9yayUyMiUyMG9hc2lzLiUyMEl0JUUyJTgwJTk5cyUyMG1vcmUlMjB0aGFuJTIwanVzdCUyMGElMjBzdGF5JTNCJTIwaXQlRTIlODAlOTlzJTIwYW4lMjBpbnZpdGF0aW9uJTIwdG8lMjB1bndpbmQlMjBpbiUyMHRvdGFsJTIwc2VyZW5pdHklMjBhbmQlMjByZWRpc2NvdmVyJTIweW91ciUyMHBlYWNlLg==[\/ucaddon_uc_side_carousel_content][\/vc_column_inner][\/vc_row_inner][vc_row_inner css=\u00bb.vc_custom_1767616179652{padding: 10px !important;}\u00bb][vc_column_inner el_class=\u00bbcustom-height\u00bb offset=\u00bbvc_hidden-md vc_hidden-sm vc_hidden-xs\u00bb][ucaddon_uc_side_carousel_content image=\u00bb42452&#8243; title=\u00bbCrowne Plaza\u00bb btn_text=\u00bbView Accomodation\u00bb link=\u00bbhttps:\/\/www.ihg.com\/crowneplaza\/hotels\/gb\/en\/nairobi\/nboir\/hoteldetail?cm_mmc=GoogleMaps-_-CP-_-KE-_-NBOIR\u00bb uc_fonts_data=\u00bbJTdCJTdE\u00bb]YW4lMjB1cHNjYWxlJTIwNS1zdGFyJTIwaG90ZWwlMjBsb2NhdGVkJTIwd2l0aGluJTIwdGhlJTIwc2VjdXJlJTIwcGVyaW1ldGVyJTIwb2YlMjBKb21vJTIwS2VueWF0dGElMjBJbnRlcm5hdGlvbmFsJTIwQWlycG9ydCUyMCUyOEpLSUElMjkuJTIwQXMlMjBwYXJ0JTIwb2YlMjB0aGUlMjBJSEclMjAlMjhJbnRlckNvbnRpbmVudGFsJTIwSG90ZWxzJTIwR3JvdXAlMjklMkMlMjBpdCUyMGlzJTIwc3BlY2lmaWNhbGx5JTIwZGVzaWduZWQlMjB0byUyMHByb3ZpZGUlMjBhJTIwc2VhbWxlc3MlMkMlMjBoaWdoLWVuZCUyMGV4cGVyaWVuY2UlMjBmb3IlMjB0cmFuc2l0JTIwcGFzc2VuZ2VycyUyQyUyMGJ1c2luZXNzJTIwdHJhdmVsZXJzJTJDJTIwYW5kJTIwc2FmYXJpLWJvdW5kJTIwZ3Vlc3RzJTIwd2hvJTIwd2FudCUyMHRvJTIwYXZvaWQlMjBOYWlyb2JpJTI3cyUyMGluZmFtb3VzJTIwdHJhZmZpYy4=[\/ucaddon_uc_side_carousel_content][\/vc_column_inner][\/vc_row_inner][vc_row_inner css=\u00bb.vc_custom_1767616179652{padding: 10px !important;}\u00bb][vc_column_inner el_class=\u00bbcustom-height\u00bb offset=\u00bbvc_hidden-md vc_hidden-sm vc_hidden-xs\u00bb][ucaddon_uc_side_carousel_content image=\u00bb42458&#8243; title=\u00bbEmara Ole-Sereni\u00bb btn_text=\u00bbView Accomodation\u00bb link=\u00bbhttps:\/\/emara.ole-sereni.com\/\u00bb uc_init_settings=\u00bb\u00bb uc_fonts_data=\u00bbJTdCJTdE\u00bb]VGhlJTIwYmVzdCUyMGZpdmUtc3RhciUyMGhvdGVsJTIwaW4lMjBOYWlyb2JpJTJDJTIwS2VueWEuJTIwUmVpbWFnaW5lZCUyMHdpdGglMjBtb2Rlcm4lMjBncmFuZGV1ciUyQyUyMHVubWF0Y2hlZCUyMHNlcnZpY2VzJTJDJTIwYW5kJTIwcGljdHVyZXNxdWUlMjB2aWV3cyUyMG9mJTIwdGhlJTIwTmFpcm9iaSUyME5hdGlvbmFsJTIwUGFyayUyMGFuZCUyMHRoZSUyMGNpdHkuJTIwT2ZmZXJpbmclMjBlbmhhbmNlZCUyMGNvbWZvcnQlMjBhbmQlMjBzcGxlbmRvciUyMGZvciUyMHRoZSUyMGRpc2Nlcm5pbmclMjBidXNpbmVzcyUyMGFuZCUyMGxlaXN1cmUlMjB0cmF2ZWxlcnMu[\/ucaddon_uc_side_carousel_content][\/vc_column_inner][\/vc_row_inner][vc_row_inner css=\u00bb.vc_custom_1767616179652{padding: 10px !important;}\u00bb][vc_column_inner el_class=\u00bbcustom-height\u00bb offset=\u00bbvc_hidden-md vc_hidden-sm vc_hidden-xs\u00bb][ucaddon_uc_side_carousel_content image=\u00bb42464&#8243; title=\u00bbArgyle Grand Hotel\u00bb btn_text=\u00bbView Accomodation\u00bb link=\u00bbhttps:\/\/emara.ole-sereni.com\/\u00bb uc_init_settings=\u00bb\u00bb uc_fonts_data=\u00bbJTdCJTdE\u00bb]QSUyMHByZW1pZXIlMjA1LXN0YXIlMjBsdXh1cnklMjBob3RlbCUyMGRlc2lnbmVkJTIwZm9yJTIwYm90aCUyMGJ1c2luZXNzJTIwYW5kJTIwbGVpc3VyZSUyMHRyYXZlbGVycy4lMjBMb2NhdGVkJTIwb24lMjBNb21iYXNhJTIwUm9hZCUyQyUyMGl0JTIwb2ZmZXJzJTIwYSUyMHN0cmF0ZWdpYyUyMCUyMm9hc2lzJTIyJTIwbmVhciUyMHRoZSUyMGNpdHklMjdzJTIwa2V5JTIwdHJhbnNwb3J0JTIwaHVicyUyQyUyMHNpdHRpbmclMjBqdXN0JTIwNCUyMGtpbG9tZXRlcnMlMjBmcm9tJTIwSm9tbyUyMEtlbnlhdHRhJTIwSW50ZXJuYXRpb25hbCUyMEFpcnBvcnQlMjAlMjhKS0lBJTI5JTIwYW5kJTIwbGVzcyUyMHRoYW4lMjAxJTIwa2lsb21ldGVyJTIwZnJvbSUyMHRoZSUyME5haXJvYmklMjBTR1IlMjBUZXJtaW51cy4=[\/ucaddon_uc_side_carousel_content][\/vc_column_inner][\/vc_row_inner][vc_row_inner][vc_column_inner offset=\u00bbvc_hidden-lg\u00bb][vc_headings style=\u00bbtheme2&#8243; borderclr=\u00bb#890000&#8243; title=\u00bbSomerset Westview Hotel\u00bb align=\u00bbleft\u00bb google_fonts=\u00bbfont_family:Quicksand%3A300%2Cregular%2C700|font_style:400%20regular%3A400%3Anormal\u00bb titleclr=\u00bb#000000&#8243;]Somerset Westview Nairobi offers visitors the perfect experience of homely hospitality and a rising business economy. Home to the city&#8217;s most privileged societies, the neighbourhood houses embassies, diplomatic halls and the official presidential residence.[\/vc_headings][vc_btn title=\u00bbVer alojamiento\u00bb shape=\u00bbsquare\u00bb color=\u00bbpink\u00bb size=\u00bbsm\u00bb i_align=\u00bbright\u00bb i_icon_fontawesome=\u00bbfas fa-angle-right\u00bb add_icon=\u00bbtrue\u00bb link=\u00bburl:https%3A%2F%2Fwww.discoverasr.com%2Fen%2Fsomerset-serviced-residence%2Fkenya%2Fsomerset-westview-nairobi%3Futm_source%3Dgoogle%26utm_medium%3Dmaps%26utm_campaign%3Dhq-google-maps-alwayson&#8211;all-en-meati-kenya-somersetwestviewnairobi&#8211;gbp%26&#8211;%26cid%3Dmap%3A%3Agg%3A%3Ahq%3Aind%3A%3A%3Aall%3Aen%3Ameati%3Akenya%3Asomersetwestviewnairobi%3A0%3Agbp%3A0%3A%3A%3A|\u00bb css=\u00bb.vc_custom_1767616526871{padding-top: 10px !important;padding-right: 10px !important;padding-bottom: 10px !important;}\u00bb][\/vc_column_inner][\/vc_row_inner][vc_row_inner][vc_column_inner offset=\u00bbvc_hidden-lg\u00bb][vc_headings style=\u00bbtheme2&#8243; borderclr=\u00bb#890000&#8243; title=\u00bbThe Garden of Eden Retreat\u00bb align=\u00bbleft\u00bb google_fonts=\u00bbfont_family:Quicksand%3A300%2Cregular%2C700|font_style:400%20regular%3A400%3Anormal\u00bb titleclr=\u00bb#000000&#8243; caption_url=\u00bb\u00bb caption_urls=\u00bb\u00bb caption_urlss=\u00bb\u00bb caption_urldesc=\u00bb\u00bb]Step into a hidden sanctuary where the vibrant energy of Nairobi softens into the tranquil whispers of a lush garden. Here you\u00a0 trade the city\u2019s bustle for a scenic rooftop lounge, breathtaking skyline views, and the soul-soothing calm of our \u00abfarm-to-fork\u00bb oasis. It\u2019s more than just a stay; it\u2019s an invitation to unwind in total serenity and rediscover your peace.[\/vc_headings][vc_btn title=\u00bbVer alojamiento\u00bb shape=\u00bbsquare\u00bb color=\u00bbpink\u00bb size=\u00bbsm\u00bb i_align=\u00bbright\u00bb i_icon_fontawesome=\u00bbfas fa-angle-right\u00bb add_icon=\u00bbtrue\u00bb link=\u00bburl:https%3A%2F%2Fgardenofedenretreat.com%2F|\u00bb css=\u00bb.vc_custom_1767943746290{padding-top: 10px !important;padding-right: 10px !important;padding-bottom: 10px !important;}\u00bb][\/vc_column_inner][\/vc_row_inner][vc_row_inner][vc_column_inner offset=\u00bbvc_hidden-lg\u00bb][vc_headings style=\u00bbtheme2&#8243; borderclr=\u00bb#890000&#8243; title=\u00bbCrowne Plaza\u00bb align=\u00bbleft\u00bb google_fonts=\u00bbfont_family:Quicksand%3A300%2Cregular%2C700|font_style:400%20regular%3A400%3Anormal\u00bb titleclr=\u00bb#000000&#8243;]An upscale 5-star hotel located within the secure perimeter of <b data-path-to-node=\"0\" data-index-in-node=\"99\">Jomo Kenyatta International Airport (JKIA)<\/b>. As part of the InterContinental Hotels Group, it is specifically designed to provide a seamless, high-end experience for transit passengers, business travelers, and safari-bound guests who want to avoid Nairobi&#8217;s infamous traffic.[\/vc_headings][vc_btn title=\u00bbVer alojamiento\u00bb shape=\u00bbsquare\u00bb color=\u00bbpink\u00bb size=\u00bbsm\u00bb i_align=\u00bbright\u00bb i_icon_fontawesome=\u00bbfas fa-angle-right\u00bb add_icon=\u00bbtrue\u00bb link=\u00bburl:https%3A%2F%2Fwww.ihg.com%2Fcrowneplaza%2Fhotels%2Fus%2Fen%2Fnairobi%2Fnboir%2Fhoteldetail|\u00bb css=\u00bb.vc_custom_1767617799612{padding-top: 10px !important;padding-right: 10px !important;padding-bottom: 10px !important;}\u00bb][\/vc_column_inner][\/vc_row_inner][vc_row_inner][vc_column_inner offset=\u00bbvc_hidden-lg\u00bb][vc_headings style=\u00bbtheme2&#8243; borderclr=\u00bb#890000&#8243; title=\u00bbEmara Ole-Sereni\u00bb align=\u00bbleft\u00bb google_fonts=\u00bbfont_family:Quicksand%3A300%2Cregular%2C700|font_style:400%20regular%3A400%3Anormal\u00bb titleclr=\u00bb#000000&#8243;]Experience Emara Ole Sereni, the best five-star hotel in Nairobi, Kenya. Reimagined with modern grandeur, unmatched services, and picturesque views of the Nairobi National Park and the city. We offer enhanced comfort and splendor for the discerning business and leisure travelers.[\/vc_headings][vc_btn title=\u00bbVer alojamiento\u00bb shape=\u00bbsquare\u00bb color=\u00bbpink\u00bb size=\u00bbsm\u00bb i_align=\u00bbright\u00bb i_icon_fontawesome=\u00bbfas fa-angle-right\u00bb add_icon=\u00bbtrue\u00bb link=\u00bburl:https%3A%2F%2Fmgallery.accor.com%2Fen%2Fhotels%2FB5W9.html%3Fmerchantid%3Dppc-mga-nom-goo-ww-en-sear-mob%26sourceid%3Dbp-cenbp-cen%26utm_source%3Dgoogle%26utm_medium%3Dcpc%26utm_campaign%3Dppc-mga-nom-goo-ww-en-ww-mix-sear-bp%26utm_term%3Dnom%26utm_content%3Dww-en-KE-V4839%26wiz_campaign%3D20874332106%26gad_source%3D1%26gad_campaignid%3D20874332106%26gbraid%3D0AAAAADo0MF_x2tstTbQPTXMT4ljapSWiU%26gclid%3DCjwKCAiA3-3KBhBiEiwA2x7FdBH6wXloMm-Q1t95TVuDDYtSkzKbPzAOH4RTHtOd49CZ44Wmig6-9RoCc3sQAvD_BwE|\u00bb css=\u00bb.vc_custom_1767616653655{padding-top: 10px !important;padding-right: 10px !important;padding-bottom: 10px !important;}\u00bb][\/vc_column_inner][\/vc_row_inner][vc_row_inner][vc_column_inner offset=\u00bbvc_hidden-lg\u00bb][vc_headings style=\u00bbtheme2&#8243; borderclr=\u00bb#890000&#8243; title=\u00bbArgyle Grand Hotel\u00bb align=\u00bbleft\u00bb google_fonts=\u00bbfont_family:Quicksand%3A300%2Cregular%2C700|font_style:400%20regular%3A400%3Anormal\u00bb titleclr=\u00bb#000000&#8243;]<span class=\"citation-71\">The\u00a0 <\/span><b data-path-to-node=\"0\" data-index-in-node=\"4\"><span class=\"citation-71\">Argyle Grand Hotel Nairobi Airport<\/span><\/b><span class=\"citation-71 citation-end-71\"> is a premier 5-star luxury hotel designed for both business and leisure travelers.<\/span> <span class=\"citation-70\">Located on Mombasa Road, it offers a strategic \u00aboasis\u00bb near the city&#8217;s key transport hubs, sitting just 4 kilometers from <\/span><b data-path-to-node=\"0\" data-index-in-node=\"244\"><span class=\"citation-70\">Jomo Kenyatta International Airport (JKIA)<\/span><\/b><span class=\"citation-70\"> and less than 1 kilometer from the <\/span><b data-path-to-node=\"0\" data-index-in-node=\"322\"><span class=\"citation-70\">Nairobi SGR Terminus<\/span><\/b><span class=\"citation-70 citation-end-70\">.<\/span>[\/vc_headings][vc_btn title=\u00bbVer alojamiento\u00bb shape=\u00bbsquare\u00bb color=\u00bbpink\u00bb size=\u00bbsm\u00bb i_align=\u00bbright\u00bb i_icon_fontawesome=\u00bbfas fa-angle-right\u00bb add_icon=\u00bbtrue\u00bb link=\u00bburl:https%3A%2F%2Fargylehotelkenya.ke%2F|\u00bb css=\u00bb.vc_custom_1767617705494{padding-top: 10px !important;padding-right: 10px !important;padding-bottom: 10px !important;}\u00bb][\/vc_column_inner][\/vc_row_inner][\/vc_tta_section][vc_tta_section title=\u00bbActividades\u00bb tab_id=\u00bb1767601538075-7b6924d3-776e\u00bb][info_list_father listclr=\u00bb#f8f8f8&#8243;][info_list_son style=\u00bbicon\u00bb size=\u00bb0&#8243; width=\u00bb0&#8243; height=\u00bb0&#8243; titleclr=\u00bb#f8f8f8&#8243; iconclr=\u00bb#f8f8f8&#8243; borderclr=\u00bb#f8f8f8&#8243;]\n<p data-path-to-node=\"15\">Ya sea que dispongas de tres horas o de un d\u00eda completo, el Parque Nacional de Nairobi ofrece diversas formas de conectar con la naturaleza.<\/p>\n<ul>\n<li style=\"list-style-type: none;\">\n<ul data-path-to-node=\"16\">\n<li>\n<p data-path-to-node=\"16,0,0\"><strong>Safaris guiados:<\/strong> Nuestros expertos gu\u00edas de Mufasa te llevan por los senderos ocultos del parque para encontrar a los \u00abGrandes Felinos\u00bb.<\/p>\n<\/li>\n<li>\n<p data-path-to-node=\"16,1,0\"><strong>Plantaciones de t\u00e9:<\/strong> A solo unos minutos de la bulliciosa ciudad, visita el campo y disfruta de los paisajes tranquilos y la brisa, adem\u00e1s de disfrutar de la preparaci\u00f3n y degustaci\u00f3n de caf\u00e9.<\/p>\n<\/li>\n<li>\n<p data-path-to-node=\"16,2,0\"><strong>Sendero Natural de las Piscinas de los Hipop\u00f3tamos:<\/strong> Haz un paseo guiado por el r\u00edo Athi. Acompa\u00f1ado por un guardabosques armado de KWS, puedes ver hipop\u00f3tamos tomando el sol en el agua y cocodrilos en las orillas. <\/p>\n<\/li>\n<li>\n<p data-path-to-node=\"16,3,0\"><strong>Paseo Safari por Nairobi:<\/strong> Situado en la puerta principal, este paseo elevado de madera permite ver a pie a los raros animales del parque (incluidos el bongo y la cebra albino) en un h\u00e1bitat natural simulado.<\/p>\n<\/li>\n<li>\n<p data-path-to-node=\"16,4,0\"><strong>Picnics y atardeceres:<\/strong> Disfruta de un \u00abDesayuno en el Bush\u00bb o de unas copas \u00abSundowner\u00bb en el <b data-path-to-node=\"16,4,0\" data-index-in-node=\"78\">Punto de Observaci\u00f3n Impala<\/b> o <b data-path-to-node=\"16,4,0\" data-index-in-node=\"106\">en el \u00c1rea de Picnic del Mart\u00edn Pescador<\/b>, que ofrecen vistas panor\u00e1micas de las llanuras.<\/p>\n<\/li>\n<li>\n<p data-path-to-node=\"16,5,0\"><strong>El Orfanato de Elefantes:<\/strong> A menudo acompa\u00f1ado de una visita al parque, el <b data-path-to-node=\"16,5,0\" data-index-in-node=\"69\">David Sheldrick Wildlife Trust<\/b> se encuentra justo fuera de las puertas del parque, donde puedes ver c\u00f3mo se alimentan a los elefantes hu\u00e9rfanos (requiere reserva previa).<\/p>\n<\/li>\n<\/ul>\n<\/li>\n<\/ul>\n[\/info_list_son][\/info_list_father][\/vc_tta_section][\/vc_tta_tabs][\/vc_column][\/vc_row]\n","protected":false},"excerpt":{"rendered":"<p>[vc_row full_width=\u00bbstretch_row\u00bb gap=\u00bb1&#8243;][vc_column parallax=\u00bbcontent-moving\u00bb parallax_image=\u00bb4859&#8243; parallax_speed_bg=\u00bb1.8&#8243; css=\u00bb.vc_custom_1767606081279{padding-top: 80px !important;padding-right: 80px !important;padding-bottom: 80px !important;padding-left: 80px !important;}\u00bb][vc_custom_heading text=\u00bbParque Nacional de Nairobi\u00bb font_container=\u00bbtag:h1|font_size:32|text_align:left|color:%23ffffff\u00bb google_fonts=\u00bbfont_family:Quicksand%3A300%2Cregular%2C700|font_style:400%20regular%3A400%3Anormal\u00bb][vc_separator color=\u00bbcustom\u00bb align=\u00bbalign_left\u00bb border_width=\u00bb2&#8243; el_width=\u00bb20&#8243; accent_color=\u00bb#f8f8f8&#8243;][vc_custom_heading text=\u00bbKenia\u00bb font_container=\u00bbtag:h2|font_size:18|text_align:left|color:%23ffffff\u00bb google_fonts=\u00bbfont_family:Roboto%3A100%2C100italic%2C300%2C300italic%2Cregular%2Citalic%2C500%2C500italic%2C700%2C700italic%2C900%2C900italic|font_style:400%20regular%3A400%3Anormal\u00bb][\/vc_column][\/vc_row][vc_row][vc_column css=\u00bb.vc_custom_1673438873315{border-top-width: 10px !important;border-right-width: 10px !important;border-bottom-width: 10px !important;border-left-width: 10px !important;}\u00bb][vc_tta_tabs shape=\u00bbsquare\u00bb color=\u00bbjuicy-pink\u00bb alignment=\u00bbcenter\u00bb active_section=\u00bb1&#8243; no_fill_content_area=\u00bbtrue\u00bb][vc_tta_section title=\u00bbVisi\u00f3n general\u00bb tab_id=\u00bb1633454673222-3d94f956-010c\u00bb][info_list_father listclr=\u00bb#f8f8f8&#8243;][info_list_son style=\u00bbicon\u00bb size=\u00bb20&#8243; width=\u00bb30&#8243; height=\u00bb20&#8243; titleclr=\u00bb#890000&#8243; icon=\u00bbfas fa-map-marked\u00bb iconclr=\u00bb#890000&#8243; [&hellip;]<\/p>\n","protected":false},"author":2,"featured_media":0,"parent":28078,"menu_order":1,"comment_status":"closed","ping_status":"closed","template":"","meta":{"_themeisle_gutenberg_block_has_review":false,"footnotes":""},"class_list":["post-42347","page","type-page","status-publish","hentry"],"_links":{"self":[{"href":"https:\/\/mufasatoursandtravels.com\/es\/wp-json\/wp\/v2\/pages\/42347","targetHints":{"allow":["GET"]}}],"collection":[{"href":"https:\/\/mufasatoursandtravels.com\/es\/wp-json\/wp\/v2\/pages"}],"about":[{"href":"https:\/\/mufasatoursandtravels.com\/es\/wp-json\/wp\/v2\/types\/page"}],"author":[{"embeddable":true,"href":"https:\/\/mufasatoursandtravels.com\/es\/wp-json\/wp\/v2\/users\/2"}],"replies":[{"embeddable":true,"href":"https:\/\/mufasatoursandtravels.com\/es\/wp-json\/wp\/v2\/comments?post=42347"}],"version-history":[{"count":4,"href":"https:\/\/mufasatoursandtravels.com\/es\/wp-json\/wp\/v2\/pages\/42347\/revisions"}],"predecessor-version":[{"id":43216,"href":"https:\/\/mufasatoursandtravels.com\/es\/wp-json\/wp\/v2\/pages\/42347\/revisions\/43216"}],"up":[{"embeddable":true,"href":"https:\/\/mufasatoursandtravels.com\/es\/wp-json\/wp\/v2\/pages\/28078"}],"wp:attachment":[{"href":"https:\/\/mufasatoursandtravels.com\/es\/wp-json\/wp\/v2\/media?parent=42347"}],"curies":[{"name":"wp","href":"https:\/\/api.w.org\/{rel}","templated":true}]}}