{"id":42389,"date":"2026-01-05T14:41:16","date_gmt":"2026-01-05T11:41:16","guid":{"rendered":"https:\/\/mufasatoursandtravels.com\/destinos\/reserva-nacional-masai-mara-2\/"},"modified":"2026-01-05T16:57:27","modified_gmt":"2026-01-05T13:57:27","slug":"reserva-nacional-masai-mara-2","status":"publish","type":"page","link":"https:\/\/mufasatoursandtravels.com\/es\/destinos\/reserva-nacional-masai-mara-2\/","title":{"rendered":"Reserva Nacional Masai Mara"},"content":{"rendered":"[vc_row full_width=\u00bbstretch_row\u00bb gap=\u00bb1&#8243;][vc_column parallax=\u00bbcontent-moving\u00bb parallax_image=\u00bb3165&#8243; css=\u00bb.vc_custom_1767612012495{padding-top: 80px !important;padding-right: 80px !important;padding-bottom: 80px !important;padding-left: 80px !important;}\u00bb][vc_custom_heading text=\u00bbReserva Nacional Masai Mara\u00bb font_container=\u00bbtag:h1|font_size:32|text_align:left|color:%23ffffff\u00bb google_fonts=\u00bbfont_family:Quicksand%3A300%2Cregular%2C700|font_style:400%20regular%3A400%3Anormal\u00bb][vc_separator color=\u00bbcustom\u00bb align=\u00bbalign_left\u00bb border_width=\u00bb2&#8243; el_width=\u00bb20&#8243; accent_color=\u00bb#f8f8f8&#8243;][vc_custom_heading text=\u00bbKenia\u00bb font_container=\u00bbtag:h2|font_size:18|text_align:left|color:%23ffffff\u00bb google_fonts=\u00bbfont_family:Roboto%3A100%2C100italic%2C300%2C300italic%2Cregular%2Citalic%2C500%2C500italic%2C700%2C700italic%2C900%2C900italic|font_style:400%20regular%3A400%3Anormal\u00bb][\/vc_column][\/vc_row][vc_row][vc_column css=\u00bb.vc_custom_1673438873315{border-top-width: 10px !important;border-right-width: 10px !important;border-bottom-width: 10px !important;border-left-width: 10px !important;}\u00bb][vc_tta_tabs shape=\u00bbsquare\u00bb color=\u00bbjuicy-pink\u00bb alignment=\u00bbcenter\u00bb active_section=\u00bb1&#8243; no_fill_content_area=\u00bbtrue\u00bb][vc_tta_section title=\u00bbVisi\u00f3n general\u00bb tab_id=\u00bb1633454673222-3d94f956-010c\u00bb][info_list_father listclr=\u00bb#f8f8f8&#8243;][info_list_son style=\u00bbicon\u00bb size=\u00bb20&#8243; width=\u00bb30&#8243; height=\u00bb20&#8243; titleclr=\u00bb#890000&#8243; icon=\u00bbfas fa-map-marked\u00bb iconclr=\u00bb#890000&#8243; iconbg=\u00bb#f8f8f8&#8243; borderclr=\u00bb#f8f8f8&#8243; title=\u00bbThe big cat capital\u00bb]\n<p data-path-to-node=\"5\">Spanning over 1,500 square kilometers of rolling savannah, it is the northern-most section of the Serengeti-Mara ecosystem. Whether you are seeking the \u00abBig Five\u00bb or the thundering hooves of the Great Migration, the Mara offers a density of wildlife that is arguably unmatched anywhere else on earth.<\/p>\n[\/info_list_son][info_list_son style=\u00bbicon\u00bb size=\u00bb20&#8243; width=\u00bb30&#8243; height=\u00bb20&#8243; titleclr=\u00bb#890000&#8243; icon=\u00bbfas fa-route\u00bb iconclr=\u00bb#890000&#8243; iconbg=\u00bb#f8f8f8&#8243; borderclr=\u00bb#f8f8f8&#8243; title=\u00bbWhat to expect\u00bb]\n<p data-path-to-node=\"6,0,0\">Witness over 1.5 million wildebeest, zebras, and antelopes brave the crocodile-infested waters of the Mara River in a life-or-death struggle for fresh grazing.<\/p>\n<p data-path-to-node=\"6,1,0\">The Mara is world-famous for its high concentration of lions (the stars of <i data-path-to-node=\"6,1,0\" data-index-in-node=\"96\">Big Cat Diary<\/i>), leopards, and cheetahs.<\/p>\n[\/info_list_son][info_list_son style=\u00bbicon\u00bb size=\u00bb20&#8243; width=\u00bb30&#8243; height=\u00bb20&#8243; titleclr=\u00bb#890000&#8243; icon=\u00bbfar fa-check-circle\u00bb iconclr=\u00bb#890000&#8243; iconbg=\u00bb#f8f8f8&#8243; borderclr=\u00bb#f8f8f8&#8243; title=\u00bbBest time to visit\u00bb]\n<p data-path-to-node=\"6,2,0\">During the dry Season<i data-path-to-node=\"6,2,0\" data-index-in-node=\"22\">,<\/i> animals congregate around the swamps; easiest for wildlife spotting and on the rainy season its best for birdwatchers and the clearest views of the mountain.<\/p>\n[\/info_list_son][\/info_list_father][vc_btn title=\u00bbPide un presupuesto\u00bb style=\u00bboutline-custom\u00bb outline_custom_color=\u00bb#890000&#8243; outline_custom_hover_background=\u00bb#890000&#8243; outline_custom_hover_text=\u00bb#ffffff\u00bb shape=\u00bbsquare\u00bb size=\u00bbsm\u00bb align=\u00bbcenter\u00bb i_align=\u00bbright\u00bb i_icon_fontawesome=\u00bbfas fa-angle-right\u00bb add_icon=\u00bbtrue\u00bb link=\u00bburl:https%3A%2F%2Fmufasatoursandtravels.com%2Fes%2Fsolicite-un-presupuesto%2F|title:Solicite%20un%20presupuesto|\u00bb][\/vc_tta_section][vc_tta_section title=\u00bbAlojamiento\u00bb tab_id=\u00bb1633455601016-f93699bc-5d92&#8243;][vc_row_inner css=\u00bb.vc_custom_1767619716728{padding: 10px !important;}\u00bb][vc_column_inner el_class=\u00bbcustom-height\u00bb][ucaddon_uc_side_carousel_content image=\u00bb5373&#8243; title=\u00bbAngama Mara\u00bb btn_text=\u00bbView Accomodation\u00bb link=\u00bbhttps:\/\/angama.com\/stay\/angama-mara\/\u00bb uc_fonts_data=\u00bbJTdCJTdE\u00bb]UGVyY2hlZCUyMGhpZ2glMjBvbiUyMHRoZSUyME9sb29sb2xvJTIwRXNjYXJwbWVudCUyMHdpdGglMjBicmVhdGh0YWtpbmclMjB2aWV3cyUyMG92ZXIlMjB0aGUlMjBlbnRpcmUlMjByZXNlcnZlLg==[\/ucaddon_uc_side_carousel_content][\/vc_column_inner][\/vc_row_inner][vc_row_inner css=\u00bb.vc_custom_1767619694248{padding: 10px !important;}\u00bb][vc_column_inner el_class=\u00bbcustom-height\u00bb][ucaddon_uc_side_carousel_content image=\u00bb42363&#8243; title=\u00bbLogia Mara Serena\u00bb btn_text=\u00bbView Accomodation\u00bb link=\u00bbhttps:\/\/www.serenahotels.com\/mara?srsltid=AfmBOoox6HNAbsNvzF7_3i7atTZqazXizXlI9zyfitcgcL4mcq08Ws3s\u00bb uc_fonts_data=\u00bbJTdCJTdE\u00bb]Q2VudHJhbGx5JTIwbG9jYXRlZCUyMG5lYXIlMjB0aGUlMjBtYWluJTIwbWlncmF0aW9uJTIwY3Jvc3NpbmclMjBwb2ludHMlMkMlMjBmZWF0dXJpbmclMjB1bmlxdWUlMjAlMjJkb21lJTIyJTIwYXJjaGl0ZWN0dXJlLg==[\/ucaddon_uc_side_carousel_content][\/vc_column_inner][\/vc_row_inner][vc_row_inner css=\u00bb.vc_custom_1767619673369{padding: 10px !important;}\u00bb][vc_column_inner el_class=\u00bbcustom-height\u00bb][ucaddon_uc_side_carousel_content image=\u00bb42376&#8243; title=\u00bbCampamento Ashnil Mara\u00bb btn_text=\u00bbView Accomodation\u00bb link=\u00bbhttps:\/\/ashnilhotels.com\/mara_camp\/\u00bb uc_fonts_data=\u00bbJTdCJTdE\u00bb]TmVzdGxlZCUyMHJpZ2h0JTIwb24lMjB0aGUlMjBiYW5rcyUyMG9mJTIwdGhlJTIwTWFyYSUyMFJpdmVyJUUyJTgwJTk0cGVyZmVjdCUyMGZvciUyMGhlYXJpbmclMjBoaXBwb3MlMjBmcm9tJTIweW91ciUyMHRlbnQu[\/ucaddon_uc_side_carousel_content][\/vc_column_inner][\/vc_row_inner][vc_row_inner css=\u00bb.vc_custom_1767619653177{padding: 10px !important;}\u00bb][vc_column_inner el_class=\u00bbcustom-height\u00bb][ucaddon_uc_side_carousel_content image=\u00bb42476&#8243; title=\u00bbCampamento Mara de las Llanuras de Zebra\u00bb btn_text=\u00bbView Accomodation\u00bb link=\u00bbhttps:\/\/zebraplainscollection.com\/zebra-plains-mara-camp\/\u00bb uc_init_settings=\u00bb\u00bb uc_fonts_data=\u00bbJTdCJTdE\u00bb]SGlnaGx5JTIwcmF0ZWQlMjBmb3IlMjBpdHMlMjBwZXJzb25hbGl6ZWQlMjBzZXJ2aWNlJTIwYW5kJTIwcHJpbWUlMjBsb2NhdGlvbiUyMGZvciUyMGJpZyUyMGNhdCUyMHNpZ2h0aW5ncy4=[\/ucaddon_uc_side_carousel_content][\/vc_column_inner][\/vc_row_inner][vc_row_inner css=\u00bb.vc_custom_1767619637159{padding: 10px !important;}\u00bb][vc_column_inner el_class=\u00bbcustom-height\u00bb][ucaddon_uc_side_carousel_content image=\u00bb42382&#8243; title=\u00bbCampamento Enkorok Mara\u00bb btn_text=\u00bbView Accomodation\u00bb link=\u00bbhttps:\/\/www.enkorokmaracamp.com\/\u00bb uc_fonts_data=\u00bbJTdCJTdE\u00bb]U2l0dWF0ZWQlMjBpbiUyMHRoZSUyMFNpYW5hJTIwQ29uc2VydmFuY3klMkMlMjBvZmZlcmluZyUyMGdyZWF0JTIwdmFsdWUlMjBqdXN0JTIwMi41a20lMjBmcm9tJTIwdGhlJTIwT2xvbGFpbXV0aWElMjBHYXRlLg==[\/ucaddon_uc_side_carousel_content][\/vc_column_inner][\/vc_row_inner][vc_row_inner css=\u00bb.vc_custom_1767619071073{padding: 10px !important;}\u00bb][vc_column_inner el_class=\u00bbcustom-height\u00bb offset=\u00bbvc_hidden-lg\u00bb][vc_headings style=\u00bbtheme2&#8243; borderclr=\u00bb#890000&#8243; title=\u00bbAngama Mara\u00bb align=\u00bbleft\u00bb google_fonts=\u00bbfont_family:Quicksand%3A300%2Cregular%2C700|font_style:400%20regular%3A400%3Anormal\u00bb titleclr=\u00bb#000000&#8243; caption_url=\u00bb\u00bb caption_urls=\u00bb\u00bb caption_urlss=\u00bb\u00bb caption_urldesc=\u00bb\u00bb]Perched high on the Oloololo Escarpment with breathtaking views over the entire reserve.[\/vc_headings][vc_btn shape=\u00bbsquare\u00bb color=\u00bbpink\u00bb size=\u00bbsm\u00bb i_align=\u00bbright\u00bb i_icon_fontawesome=\u00bbfas fa-angle-right\u00bb add_icon=\u00bbtrue\u00bb css=\u00bb.vc_custom_1767619428501{padding-top: 10px !important;padding-right: 10px !important;padding-bottom: 10px !important;}\u00bb link=\u00bburl:https%3A%2F%2Fangama.com%2Fstay%2Fangama-mara%2F|\u00bb][\/vc_column_inner][\/vc_row_inner][vc_row_inner css=\u00bb.vc_custom_1767619071073{padding: 10px !important;}\u00bb][vc_column_inner el_class=\u00bbcustom-height\u00bb offset=\u00bbvc_hidden-lg\u00bb][vc_headings style=\u00bbtheme2&#8243; borderclr=\u00bb#890000&#8243; title=\u00bbMara Serena Lodge\u00bb align=\u00bbleft\u00bb google_fonts=\u00bbfont_family:Quicksand%3A300%2Cregular%2C700|font_style:400%20regular%3A400%3Anormal\u00bb titleclr=\u00bb#000000&#8243; caption_url=\u00bb\u00bb caption_urls=\u00bb\u00bb caption_urlss=\u00bb\u00bb caption_urldesc=\u00bb\u00bb]Centrally located near the main migration crossing points, featuring unique \u00abdome\u00bb architecture.[\/vc_headings][vc_btn title=\u00bbVer alojamiento\u00bb shape=\u00bbsquare\u00bb color=\u00bbpink\u00bb size=\u00bbsm\u00bb i_align=\u00bbright\u00bb i_icon_fontawesome=\u00bbfas fa-angle-right\u00bb add_icon=\u00bbtrue\u00bb css=\u00bb.vc_custom_1767619612348{padding-top: 10px !important;padding-right: 10px !important;padding-bottom: 10px !important;}\u00bb link=\u00bburl:https%3A%2F%2Fwww.serenahotels.com%2Fmara%2F|\u00bb][\/vc_column_inner][\/vc_row_inner][vc_row_inner css=\u00bb.vc_custom_1767619071073{padding: 10px !important;}\u00bb][vc_column_inner el_class=\u00bbcustom-height\u00bb offset=\u00bbvc_hidden-lg\u00bb][vc_headings style=\u00bbtheme2&#8243; borderclr=\u00bb#890000&#8243; title=\u00bbAshnil Mara Camp\u00bb align=\u00bbleft\u00bb google_fonts=\u00bbfont_family:Quicksand%3A300%2Cregular%2C700|font_style:400%20regular%3A400%3Anormal\u00bb titleclr=\u00bb#000000&#8243; caption_url=\u00bb\u00bb caption_urls=\u00bb\u00bb caption_urlss=\u00bb\u00bb caption_urldesc=\u00bb\u00bb]Nestled right on the banks of the Mara River\u2014perfect for hearing hippos from your tent.[\/vc_headings][vc_btn title=\u00bbVer alojamiento\u00bb shape=\u00bbsquare\u00bb color=\u00bbpink\u00bb size=\u00bbsm\u00bb i_align=\u00bbright\u00bb i_icon_fontawesome=\u00bbfas fa-angle-right\u00bb add_icon=\u00bbtrue\u00bb css=\u00bb.vc_custom_1767620026435{padding-top: 10px !important;padding-right: 10px !important;padding-bottom: 10px !important;}\u00bb link=\u00bburl:https%3A%2F%2Fashnilhotels.com%2Fmara_camp%2F|\u00bb][\/vc_column_inner][\/vc_row_inner][vc_row_inner css=\u00bb.vc_custom_1767619071073{padding: 10px !important;}\u00bb][vc_column_inner el_class=\u00bbcustom-height\u00bb offset=\u00bbvc_hidden-lg\u00bb][vc_headings style=\u00bbtheme2&#8243; borderclr=\u00bb#890000&#8243; title=\u00bbZebra Plains Mara Camp\u00bb align=\u00bbleft\u00bb google_fonts=\u00bbfont_family:Quicksand%3A300%2Cregular%2C700|font_style:400%20regular%3A400%3Anormal\u00bb titleclr=\u00bb#000000&#8243; caption_url=\u00bb\u00bb caption_urls=\u00bb\u00bb caption_urlss=\u00bb\u00bb caption_urldesc=\u00bb\u00bb]Highly rated for its personalized service and prime location for big cat sightings.[\/vc_headings][vc_btn title=\u00bbVer alojamiento\u00bb shape=\u00bbsquare\u00bb color=\u00bbpink\u00bb size=\u00bbsm\u00bb i_align=\u00bbright\u00bb i_icon_fontawesome=\u00bbfas fa-angle-right\u00bb add_icon=\u00bbtrue\u00bb css=\u00bb.vc_custom_1767620098023{padding-top: 10px !important;padding-right: 10px !important;padding-bottom: 10px !important;}\u00bb link=\u00bburl:https%3A%2F%2Fzebraplainscollection.com%2Fzebra-plains-mara-camp%2F|\u00bb][\/vc_column_inner][\/vc_row_inner][vc_row_inner css=\u00bb.vc_custom_1767619071073{padding: 10px !important;}\u00bb][vc_column_inner el_class=\u00bbcustom-height\u00bb offset=\u00bbvc_hidden-lg\u00bb][vc_headings style=\u00bbtheme2&#8243; borderclr=\u00bb#890000&#8243; title=\u00bbEnkorok Mara Camp\u00bb align=\u00bbleft\u00bb google_fonts=\u00bbfont_family:Quicksand%3A300%2Cregular%2C700|font_style:400%20regular%3A400%3Anormal\u00bb titleclr=\u00bb#000000&#8243; caption_url=\u00bb\u00bb caption_urls=\u00bb\u00bb caption_urlss=\u00bb\u00bb caption_urldesc=\u00bb\u00bb]Situated in the Siana Conservancy, offering great value just 2.5km from the Ololaimutia Gate.[\/vc_headings][vc_btn title=\u00bbVer alojamiento\u00bb shape=\u00bbsquare\u00bb color=\u00bbpink\u00bb size=\u00bbsm\u00bb i_align=\u00bbright\u00bb i_icon_fontawesome=\u00bbfas fa-angle-right\u00bb add_icon=\u00bbtrue\u00bb css=\u00bb.vc_custom_1767620273765{padding-top: 10px !important;padding-right: 10px !important;padding-bottom: 10px !important;}\u00bb link=\u00bburl:https%3A%2F%2Fwww.enkorokmaracamp.com%2F|\u00bb][\/vc_column_inner][\/vc_row_inner][\/vc_tta_section][vc_tta_section title=\u00bbActividades\u00bb tab_id=\u00bb1767601538075-7b6924d3-776e\u00bb][info_list_father listclr=\u00bb#f8f8f8&#8243;][info_list_son style=\u00bbicon\u00bb size=\u00bb0&#8243; width=\u00bb0&#8243; height=\u00bb0&#8243; titleclr=\u00bb#f8f8f8&#8243; iconclr=\u00bb#f8f8f8&#8243; borderclr=\u00bb#f8f8f8&#8243;]\n<ul>\n<li style=\"list-style-type: none;\">\n<ul>\n<li>\n<p data-path-to-node=\"16,0,0\"><b data-path-to-node=\"16,0,0\" data-index-in-node=\"0\">Juegos de salida al amanecer y al anochecer:<\/b> Nuestros gu\u00edas expertos utilizan veh\u00edculos 4&#215;4 personalizados para rastrear a los \u00abBig Five\u00bb. Nos centramos en las primeras horas de la ma\u00f1ana, cuando los depredadores est\u00e1n m\u00e1s activos. <\/p>\n<\/li>\n<li>\n<p data-path-to-node=\"16,1,0\"><b data-path-to-node=\"16,1,0\" data-index-in-node=\"0\">Safaris en globo aerost\u00e1tico:<\/b> Flotar silenciosamente sobre las llanuras al amanecer. Observa la magnitud de la migraci\u00f3n desde arriba y termina con un mundialmente famoso \u00abDesayuno de Champagne Bush\u00bb al aterrizar. <\/p>\n<\/li>\n<li>\n<p data-path-to-node=\"16,2,0\"><b data-path-to-node=\"16,2,0\" data-index-in-node=\"0\">Visitas a las aldeas culturales mas\u00e1i:<\/b> Conoce a los \u00abGuardianes de la Naturaleza\u00bb. Aprende sobre la vida tradicional, las danzas de salto de los guerreros y el intrincado trabajo de cuentas del pueblo mas\u00e1i. <\/p>\n<\/li>\n<li>\n<p data-path-to-node=\"16,3,0\"><b data-path-to-node=\"16,3,0\" data-index-in-node=\"0\">Paseos guiados por la naturaleza:<\/b> En las conservaciones privadas que bordean la reserva, ve a pie con un guerrero mas\u00e1i para aprender sobre rastreo de animales, plantas medicinales y los \u00abCinco Peque\u00f1os\u00bb.<\/p>\n<\/li>\n<li>\n<p data-path-to-node=\"16,4,0\"><b data-path-to-node=\"16,4,0\" data-index-in-node=\"0\">Comidas en el monte y atardeceres:<\/b> No hay nada como una bebida fr\u00eda al atardecer sobre el Mara, o una cena privada bajo un dosel de estrellas en medio del bosque africano.<\/p>\n<\/li>\n<li>\n<p data-path-to-node=\"16,5,0\"><b data-path-to-node=\"16,5,0\" data-index-in-node=\"0\">Safarios nocturnos:<\/b> (Exclusivamente en reservas privadas) Descubre el mundo nocturno, desde la caza de leones hasta el esquivo oso hormiguero y el bushbaby. <\/p>\n<\/li>\n<\/ul>\n<\/li>\n<\/ul>\n[\/info_list_son][\/info_list_father][\/vc_tta_section][\/vc_tta_tabs][\/vc_column][\/vc_row]\n","protected":false},"excerpt":{"rendered":"<p>[vc_row full_width=\u00bbstretch_row\u00bb gap=\u00bb1&#8243;][vc_column parallax=\u00bbcontent-moving\u00bb parallax_image=\u00bb3165&#8243; css=\u00bb.vc_custom_1767612012495{padding-top: 80px !important;padding-right: 80px !important;padding-bottom: 80px !important;padding-left: 80px !important;}\u00bb][vc_custom_heading text=\u00bbReserva Nacional Masai Mara\u00bb font_container=\u00bbtag:h1|font_size:32|text_align:left|color:%23ffffff\u00bb google_fonts=\u00bbfont_family:Quicksand%3A300%2Cregular%2C700|font_style:400%20regular%3A400%3Anormal\u00bb][vc_separator color=\u00bbcustom\u00bb align=\u00bbalign_left\u00bb border_width=\u00bb2&#8243; el_width=\u00bb20&#8243; accent_color=\u00bb#f8f8f8&#8243;][vc_custom_heading text=\u00bbKenia\u00bb font_container=\u00bbtag:h2|font_size:18|text_align:left|color:%23ffffff\u00bb google_fonts=\u00bbfont_family:Roboto%3A100%2C100italic%2C300%2C300italic%2Cregular%2Citalic%2C500%2C500italic%2C700%2C700italic%2C900%2C900italic|font_style:400%20regular%3A400%3Anormal\u00bb][\/vc_column][\/vc_row][vc_row][vc_column css=\u00bb.vc_custom_1673438873315{border-top-width: 10px !important;border-right-width: 10px !important;border-bottom-width: 10px !important;border-left-width: 10px !important;}\u00bb][vc_tta_tabs shape=\u00bbsquare\u00bb color=\u00bbjuicy-pink\u00bb alignment=\u00bbcenter\u00bb active_section=\u00bb1&#8243; no_fill_content_area=\u00bbtrue\u00bb][vc_tta_section title=\u00bbVisi\u00f3n general\u00bb tab_id=\u00bb1633454673222-3d94f956-010c\u00bb][info_list_father listclr=\u00bb#f8f8f8&#8243;][info_list_son style=\u00bbicon\u00bb size=\u00bb20&#8243; width=\u00bb30&#8243; height=\u00bb20&#8243; titleclr=\u00bb#890000&#8243; icon=\u00bbfas fa-map-marked\u00bb iconclr=\u00bb#890000&#8243; iconbg=\u00bb#f8f8f8&#8243; [&hellip;]<\/p>\n","protected":false},"author":2,"featured_media":0,"parent":28078,"menu_order":2,"comment_status":"closed","ping_status":"closed","template":"","meta":{"_themeisle_gutenberg_block_has_review":false,"footnotes":""},"class_list":["post-42389","page","type-page","status-publish","hentry"],"_links":{"self":[{"href":"https:\/\/mufasatoursandtravels.com\/es\/wp-json\/wp\/v2\/pages\/42389","targetHints":{"allow":["GET"]}}],"collection":[{"href":"https:\/\/mufasatoursandtravels.com\/es\/wp-json\/wp\/v2\/pages"}],"about":[{"href":"https:\/\/mufasatoursandtravels.com\/es\/wp-json\/wp\/v2\/types\/page"}],"author":[{"embeddable":true,"href":"https:\/\/mufasatoursandtravels.com\/es\/wp-json\/wp\/v2\/users\/2"}],"replies":[{"embeddable":true,"href":"https:\/\/mufasatoursandtravels.com\/es\/wp-json\/wp\/v2\/comments?post=42389"}],"version-history":[{"count":2,"href":"https:\/\/mufasatoursandtravels.com\/es\/wp-json\/wp\/v2\/pages\/42389\/revisions"}],"predecessor-version":[{"id":42487,"href":"https:\/\/mufasatoursandtravels.com\/es\/wp-json\/wp\/v2\/pages\/42389\/revisions\/42487"}],"up":[{"embeddable":true,"href":"https:\/\/mufasatoursandtravels.com\/es\/wp-json\/wp\/v2\/pages\/28078"}],"wp:attachment":[{"href":"https:\/\/mufasatoursandtravels.com\/es\/wp-json\/wp\/v2\/media?parent=42389"}],"curies":[{"name":"wp","href":"https:\/\/api.w.org\/{rel}","templated":true}]}}