{"id":42400,"date":"2026-01-05T14:43:25","date_gmt":"2026-01-05T11:43:25","guid":{"rendered":"https:\/\/mufasatoursandtravels.com\/destinos\/conservacion-olpejeta-2\/"},"modified":"2026-01-05T16:50:46","modified_gmt":"2026-01-05T13:50:46","slug":"conservacion-olpejeta-2","status":"publish","type":"page","link":"https:\/\/mufasatoursandtravels.com\/es\/destinos\/conservacion-olpejeta-2\/","title":{"rendered":"Conservaci\u00f3n Olpejeta"},"content":{"rendered":"[vc_row full_width=\u00bbstretch_row\u00bb gap=\u00bb1&#8243;][vc_column parallax=\u00bbcontent-moving\u00bb parallax_image=\u00bb8553&#8243; parallax_speed_bg=\u00bb1.9&#8243; css=\u00bb.vc_custom_1767613736317{padding-top: 80px !important;padding-right: 80px !important;padding-bottom: 80px !important;padding-left: 80px !important;}\u00bb][vc_custom_heading text=\u00bbConservaci\u00f3n Olpejeta\u00bb font_container=\u00bbtag:h1|font_size:32|text_align:left|color:%23ffffff\u00bb google_fonts=\u00bbfont_family:Quicksand%3A300%2Cregular%2C700|font_style:400%20regular%3A400%3Anormal\u00bb][vc_separator color=\u00bbcustom\u00bb align=\u00bbalign_left\u00bb border_width=\u00bb2&#8243; el_width=\u00bb20&#8243; accent_color=\u00bb#f8f8f8&#8243;][vc_custom_heading text=\u00bbKenia\u00bb font_container=\u00bbtag:h2|font_size:18|text_align:left|color:%23ffffff\u00bb google_fonts=\u00bbfont_family:Roboto%3A100%2C100italic%2C300%2C300italic%2Cregular%2Citalic%2C500%2C500italic%2C700%2C700italic%2C900%2C900italic|font_style:400%20regular%3A400%3Anormal\u00bb][\/vc_column][\/vc_row][vc_row][vc_column css=\u00bb.vc_custom_1673438873315{border-top-width: 10px !important;border-right-width: 10px !important;border-bottom-width: 10px !important;border-left-width: 10px !important;}\u00bb][vc_tta_tabs shape=\u00bbsquare\u00bb color=\u00bbjuicy-pink\u00bb alignment=\u00bbcenter\u00bb active_section=\u00bb1&#8243; no_fill_content_area=\u00bbtrue\u00bb][vc_tta_section title=\u00bbVisi\u00f3n general\u00bb tab_id=\u00bb1633454673222-3d94f956-010c\u00bb][info_list_father listclr=\u00bb#f8f8f8&#8243;][info_list_son style=\u00bbicon\u00bb size=\u00bb20&#8243; width=\u00bb30&#8243; height=\u00bb20&#8243; titleclr=\u00bb#890000&#8243; icon=\u00bbfas fa-map-marked\u00bb iconclr=\u00bb#890000&#8243; iconbg=\u00bb#f8f8f8&#8243; borderclr=\u00bb#f8f8f8&#8243; title=\u00bbA sanctuary for Conservation\u00bb]\n<p data-path-to-node=\"5\">Ol Pejeta is a 90,000-acre non-profit wildlife conservancy situated between the foothills of the Aberdares and the magnificent snow-capped Mount Kenya. It is famous for being the largest Black Rhino sanctuary in East Africa and home to the world\u2019s last two remaining Northern White Rhinos. Unlike many other parks, Ol Pejeta offers a rare opportunity to see the \u00abBig Five\u00bb alongside rescued chimpanzees in a single, stunning location.<\/p>\n[\/info_list_son][info_list_son style=\u00bbicon\u00bb size=\u00bb20&#8243; width=\u00bb30&#8243; height=\u00bb20&#8243; titleclr=\u00bb#890000&#8243; icon=\u00bbfas fa-route\u00bb iconclr=\u00bb#890000&#8243; iconbg=\u00bb#f8f8f8&#8243; borderclr=\u00bb#f8f8f8&#8243; title=\u00bbWhat to expect\u00bb]\n<ul>\n<li style=\"list-style-type: none;\">\n<ul>\n<li>\n<p data-path-to-node=\"6,0,0\"><strong>The Rhino Kingdom:<\/strong> A world leader in rhino conservation; this is your best chance in Kenya to see these prehistoric giants in high numbers.<\/p>\n<\/li>\n<li>\n<p data-path-to-node=\"6,1,0\"><strong>The Chimpanzee Sanctuary:<\/strong> The only place in Kenya where you can see chimpanzees. This sanctuary was established to provide a lifelong refuge for orphaned and rescued chimps from West and Central Africa.<\/p>\n<\/li>\n<li>\n<p data-path-to-node=\"6,2,0\"><strong>The \u00abBig Five\u00bb &amp; More:<\/strong> Beyond the predators (lions, leopards, cheetahs) and giants (elephants, buffalo), the conservancy is home to rare Northern species like the Reticulated Giraffe and Grevy\u2019s Zebra.<\/p>\n<\/li>\n<\/ul>\n<\/li>\n<\/ul>\n[\/info_list_son][info_list_son style=\u00bbicon\u00bb size=\u00bb20&#8243; width=\u00bb30&#8243; height=\u00bb20&#8243; titleclr=\u00bb#890000&#8243; icon=\u00bbfar fa-check-circle\u00bb iconclr=\u00bb#890000&#8243; iconbg=\u00bb#f8f8f8&#8243; borderclr=\u00bb#f8f8f8&#8243; title=\u00bbBest time to visit\u00bb]\n<p data-path-to-node=\"6,2,0\">All season visit is recommended with the beautiful lush greenery and perfect for birdwatching, with clear views of mt.Kenya.<\/p>\n[\/info_list_son][\/info_list_father][vc_btn title=\u00bbPide un presupuesto\u00bb style=\u00bboutline-custom\u00bb outline_custom_color=\u00bb#890000&#8243; outline_custom_hover_background=\u00bb#890000&#8243; outline_custom_hover_text=\u00bb#ffffff\u00bb shape=\u00bbsquare\u00bb size=\u00bbsm\u00bb align=\u00bbcenter\u00bb i_align=\u00bbright\u00bb i_icon_fontawesome=\u00bbfas fa-angle-right\u00bb add_icon=\u00bbtrue\u00bb link=\u00bburl:https%3A%2F%2Fmufasatoursandtravels.com%2Fes%2Fsolicite-un-presupuesto%2F|title:Solicite%20un%20presupuesto|\u00bb][\/vc_tta_section][vc_tta_section title=\u00bbAlojamiento\u00bb tab_id=\u00bb1633455601016-f93699bc-5d92&#8243;][vc_row_inner css=\u00bb.vc_custom_1767603602505{padding: 20px !important;}\u00bb][vc_column_inner el_class=\u00bbcustom-height\u00bb][ucaddon_uc_side_carousel_content image=\u00bb42410&#8243; title=\u00bbCampamento Serena Sweetwaters\u00bb btn_text=\u00bbView Accomodation\u00bb link=\u00bbhttps:\/\/www.serenahotels.com\/sweetwaters?srsltid=AfmBOooyN4SyDYGAuu8p5F6V3uhdsUAR0gMXik0rh4c2QpTGt_0dp92n\u00bb uc_fonts_data=\u00bbJTdCJTdE\u00bb]QnVpbHQlMjBhcm91bmQlMjBhJTIwYnVzeSUyMHdhdGVyaG9sZSUyQyUyMHRoaXMlMjB3b3JsZC1jbGFzcyUyMGNhbXAlMjBmZWF0dXJlcyUyMGx1eHVyeSUyMHRlbnRzJTIwYW5kJTIwJTIyVGhlJTIwTW9yYW5pJTIwV2luZyUyQyUyMiUyMG9mZmVyaW5nJTIwdmlld3MlMjBvZiUyMHRoZSUyMHdpbGRsaWZlJTIwcmlnaHQlMjBmcm9tJTIweW91ciUyMHZlcmFuZGEu[\/ucaddon_uc_side_carousel_content][\/vc_column_inner][\/vc_row_inner][vc_row_inner css=\u00bb.vc_custom_1767603579984{padding: 20px !important;}\u00bb][vc_column_inner el_class=\u00bbcustom-height\u00bb][ucaddon_uc_side_carousel_content image=\u00bb42416&#8243; title=\u00bbCampamento Kicheche Laikipia\u00bb btn_text=\u00bbView Accomodation\u00bb link=\u00bbhttps:\/\/kicheche.com\/kicheche-laikipia\/\u00bb uc_fonts_data=\u00bbJTdCJTdE\u00bb]QSUyMHNtYWxsJTJDJTIwaW50aW1hdGUlMjBsdXh1cnklMjBjYW1wJTIwbG9jYXRlZCUyMGluJTIwYSUyMHByaXZhdGUlMjBhcmVhJTIwb2YlMjB0aGUlMjBjb25zZXJ2YW5jeSUyQyUyMHBlcmZlY3QlMjBmb3IlMjB0aG9zZSUyMHNlZWtpbmclMjBwZWFjZSUyMGFuZCUyMGV4Y2x1c2l2aXR5Lg==[\/ucaddon_uc_side_carousel_content][\/vc_column_inner][\/vc_row_inner][vc_row_inner css=\u00bb.vc_custom_1767603579984{padding: 20px !important;}\u00bb][vc_column_inner el_class=\u00bbcustom-height\u00bb][ucaddon_uc_side_carousel_content image=\u00bb42422&#8243; title=\u00bbJardines Dulces Confort\u00bb btn_text=\u00bbView Accomodation\u00bb link=\u00bbhttps:\/\/kicheche.com\/kicheche-laikipia\/\u00bb uc_fonts_data=\u00bbJTdCJTdE\u00bb]TG9jYXRlZCUyMGp1c3QlMjBvdXRzaWRlJTIwdGhlJTIwU2VyYXQlMjBHYXRlJTJDJTIwb2ZmZXJpbmclMjBtb2Rlcm4lMjByb29tcyUyMGFuZCUyMGdyZWF0JTIwdmFsdWUlMjBmb3IlMjB0cmF2ZWxlcnMu[\/ucaddon_uc_side_carousel_content][\/vc_column_inner][\/vc_row_inner][\/vc_tta_section][vc_tta_section title=\u00bbActividades\u00bb tab_id=\u00bb1767601538075-7b6924d3-776e\u00bb][info_list_father listclr=\u00bb#f8f8f8&#8243;][info_list_son style=\u00bbicon\u00bb size=\u00bb0&#8243; width=\u00bb0&#8243; height=\u00bb0&#8243; titleclr=\u00bb#f8f8f8&#8243; iconclr=\u00bb#f8f8f8&#8243; borderclr=\u00bb#f8f8f8&#8243;]\n<p data-path-to-node=\"15\">Ol Pejeta es una de las conservaciones m\u00e1s interactivas de Kenia. Podemos organizar estas actividades especializadas para mejorar tu safari: <\/p>\n<ul>\n<li style=\"list-style-type: none;\">\n<ul data-path-to-node=\"16\">\n<li>\n<p data-path-to-node=\"16,0,0\"><strong>Conoce a los \u00faltimos rinocerontes blancos del norte<\/strong><b data-path-to-node=\"16,0,0\" data-index-in-node=\"0\">:<\/b> Haz una excursi\u00f3n guiada al recinto de especies en peligro de extinci\u00f3n de 700 acres para conocer <b data-path-to-node=\"16,0,0\" data-index-in-node=\"109\">a Najin y Fatu<\/b>, los dos \u00fanicos rinocerontes blancos del norte que quedan en la Tierra.<\/p>\n<\/li>\n<li>\n<p data-path-to-node=\"16,1,0\"><strong>Santuario de Chimpanc\u00e9s Sweetwaters<\/strong><b data-path-to-node=\"16,1,0\" data-index-in-node=\"0\">:<\/b> Visita a los chimpanc\u00e9s rescatados y aprende sobre su rehabilitaci\u00f3n en un bosque natural de r\u00edos.<\/p>\n<\/li>\n<li>\n<p data-path-to-node=\"16,2,0\"><strong>Safarios<\/strong> <b data-path-to-node=\"16,2,0\" data-index-in-node=\"0\">nocturnos:<\/b> Utilizando focos filtrados, nuestros gu\u00edas te llevan despu\u00e9s del anochecer a buscar animales nocturnos como el oso hormiguero, el caracal y los leones cazadores, una actividad no permitida en la mayor\u00eda de los parques nacionales.<\/p>\n<\/li>\n<li>\n<p data-path-to-node=\"16,3,0\"><strong>Rastreo de<\/strong> <b data-path-to-node=\"16,3,0\" data-index-in-node=\"0\">leones:<\/b> Ayuda a los investigadores localizando leones que han sido equipados con collares de radio. Es una excelente manera de aprender sobre din\u00e1micas del orgullo y tecnolog\u00eda de conservaci\u00f3n. <\/p>\n<\/li>\n<li>\n<p data-path-to-node=\"16,4,0\"><strong>Visita a Baraka el rinoceronte negro<\/strong><b data-path-to-node=\"16,4,0\" data-index-in-node=\"0\">:<\/b> Ac\u00e9rcate de cerca a Baraka, un rinoceronte negro ciego que vive en el centro de visitantes y act\u00faa como embajador de su especie. \u00a1Incluso puedes darle de comer desde una plataforma! <\/p>\n<\/li>\n<li>\n<p data-path-to-node=\"16,5,0\"><strong>Rastreo de perros<\/strong><b data-path-to-node=\"16,5,0\" data-index-in-node=\"0\">:<\/b> Visita la unidad especializada K-9 para ver c\u00f3mo se entrenan a los sabuesos para localizar furtivos\u2014una mirada incre\u00edble al trabajo de \u00abbotas sobre el terreno\u00bb en la conservaci\u00f3n.<\/p>\n<\/li>\n<li>\n<p data-path-to-node=\"16,6,0\"><strong>Programa Junior Ranger<\/strong><b data-path-to-node=\"16,6,0\" data-index-in-node=\"0\">:<\/b> Una experiencia interactiva fant\u00e1stica para los ni\u00f1os, donde pueden aprender sobre la naturaleza y obtener una insignia y certificado de \u00abJunior Ranger\u00bb.<\/p>\n<\/li>\n<\/ul>\n<\/li>\n<\/ul>\n[\/info_list_son][\/info_list_father][\/vc_tta_section][\/vc_tta_tabs][\/vc_column][\/vc_row]\n","protected":false},"excerpt":{"rendered":"<p>[vc_row full_width=\u00bbstretch_row\u00bb gap=\u00bb1&#8243;][vc_column parallax=\u00bbcontent-moving\u00bb parallax_image=\u00bb8553&#8243; parallax_speed_bg=\u00bb1.9&#8243; css=\u00bb.vc_custom_1767613736317{padding-top: 80px !important;padding-right: 80px !important;padding-bottom: 80px !important;padding-left: 80px !important;}\u00bb][vc_custom_heading text=\u00bbConservaci\u00f3n Olpejeta\u00bb font_container=\u00bbtag:h1|font_size:32|text_align:left|color:%23ffffff\u00bb google_fonts=\u00bbfont_family:Quicksand%3A300%2Cregular%2C700|font_style:400%20regular%3A400%3Anormal\u00bb][vc_separator color=\u00bbcustom\u00bb align=\u00bbalign_left\u00bb border_width=\u00bb2&#8243; el_width=\u00bb20&#8243; accent_color=\u00bb#f8f8f8&#8243;][vc_custom_heading text=\u00bbKenia\u00bb font_container=\u00bbtag:h2|font_size:18|text_align:left|color:%23ffffff\u00bb google_fonts=\u00bbfont_family:Roboto%3A100%2C100italic%2C300%2C300italic%2Cregular%2Citalic%2C500%2C500italic%2C700%2C700italic%2C900%2C900italic|font_style:400%20regular%3A400%3Anormal\u00bb][\/vc_column][\/vc_row][vc_row][vc_column css=\u00bb.vc_custom_1673438873315{border-top-width: 10px !important;border-right-width: 10px !important;border-bottom-width: 10px !important;border-left-width: 10px !important;}\u00bb][vc_tta_tabs shape=\u00bbsquare\u00bb color=\u00bbjuicy-pink\u00bb alignment=\u00bbcenter\u00bb active_section=\u00bb1&#8243; no_fill_content_area=\u00bbtrue\u00bb][vc_tta_section title=\u00bbVisi\u00f3n general\u00bb tab_id=\u00bb1633454673222-3d94f956-010c\u00bb][info_list_father listclr=\u00bb#f8f8f8&#8243;][info_list_son style=\u00bbicon\u00bb size=\u00bb20&#8243; width=\u00bb30&#8243; height=\u00bb20&#8243; titleclr=\u00bb#890000&#8243; icon=\u00bbfas fa-map-marked\u00bb iconclr=\u00bb#890000&#8243; iconbg=\u00bb#f8f8f8&#8243; borderclr=\u00bb#f8f8f8&#8243; [&hellip;]<\/p>\n","protected":false},"author":2,"featured_media":0,"parent":28078,"menu_order":3,"comment_status":"closed","ping_status":"closed","template":"","meta":{"_themeisle_gutenberg_block_has_review":false,"footnotes":""},"class_list":["post-42400","page","type-page","status-publish","hentry"],"_links":{"self":[{"href":"https:\/\/mufasatoursandtravels.com\/es\/wp-json\/wp\/v2\/pages\/42400","targetHints":{"allow":["GET"]}}],"collection":[{"href":"https:\/\/mufasatoursandtravels.com\/es\/wp-json\/wp\/v2\/pages"}],"about":[{"href":"https:\/\/mufasatoursandtravels.com\/es\/wp-json\/wp\/v2\/types\/page"}],"author":[{"embeddable":true,"href":"https:\/\/mufasatoursandtravels.com\/es\/wp-json\/wp\/v2\/users\/2"}],"replies":[{"embeddable":true,"href":"https:\/\/mufasatoursandtravels.com\/es\/wp-json\/wp\/v2\/comments?post=42400"}],"version-history":[{"count":3,"href":"https:\/\/mufasatoursandtravels.com\/es\/wp-json\/wp\/v2\/pages\/42400\/revisions"}],"predecessor-version":[{"id":42493,"href":"https:\/\/mufasatoursandtravels.com\/es\/wp-json\/wp\/v2\/pages\/42400\/revisions\/42493"}],"up":[{"embeddable":true,"href":"https:\/\/mufasatoursandtravels.com\/es\/wp-json\/wp\/v2\/pages\/28078"}],"wp:attachment":[{"href":"https:\/\/mufasatoursandtravels.com\/es\/wp-json\/wp\/v2\/media?parent=42400"}],"curies":[{"name":"wp","href":"https:\/\/api.w.org\/{rel}","templated":true}]}}