{"id":42521,"date":"2026-01-06T10:32:42","date_gmt":"2026-01-06T07:32:42","guid":{"rendered":"https:\/\/mufasatoursandtravels.com\/destinos\/paek-nacional-de-hells-gate\/"},"modified":"2026-01-07T12:50:13","modified_gmt":"2026-01-07T09:50:13","slug":"paek-nacional-de-hells-gate","status":"publish","type":"page","link":"https:\/\/mufasatoursandtravels.com\/es\/destinos\/paek-nacional-de-hells-gate\/","title":{"rendered":"Parque Nacional Hell&#8217;s Gate"},"content":{"rendered":"[vc_row full_width=\u00bbstretch_row\u00bb gap=\u00bb1&#8243;][vc_column parallax=\u00bbcontent-moving\u00bb parallax_image=\u00bb29562&#8243; parallax_speed_bg=\u00bb2.5&#8243; css=\u00bb.vc_custom_1767687141369{padding-top: 80px !important;padding-right: 80px !important;padding-bottom: 80px !important;padding-left: 80px !important;}\u00bb][vc_custom_heading text=\u00bbParque Nacional Hell&apos;s Gate\u00bb font_container=\u00bbtag:h1|font_size:32|text_align:left|color:%23ffffff\u00bb google_fonts=\u00bbfont_family:Quicksand%3A300%2Cregular%2C700|font_style:400%20regular%3A400%3Anormal\u00bb][vc_separator color=\u00bbcustom\u00bb align=\u00bbalign_left\u00bb border_width=\u00bb2&#8243; el_width=\u00bb20&#8243; accent_color=\u00bb#f8f8f8&#8243;][vc_custom_heading text=\u00bbKenia\u00bb font_container=\u00bbtag:h2|font_size:18|text_align:left|color:%23ffffff\u00bb google_fonts=\u00bbfont_family:Roboto%3A100%2C100italic%2C300%2C300italic%2Cregular%2Citalic%2C500%2C500italic%2C700%2C700italic%2C900%2C900italic|font_style:400%20regular%3A400%3Anormal\u00bb][\/vc_column][\/vc_row][vc_row][vc_column css=\u00bb.vc_custom_1673438873315{border-top-width: 10px !important;border-right-width: 10px !important;border-bottom-width: 10px !important;border-left-width: 10px !important;}\u00bb][vc_tta_tabs shape=\u00bbsquare\u00bb color=\u00bbjuicy-pink\u00bb alignment=\u00bbcenter\u00bb active_section=\u00bb1&#8243; no_fill_content_area=\u00bbtrue\u00bb][vc_tta_section title=\u00bbVisi\u00f3n general\u00bb tab_id=\u00bb1633454673222-3d94f956-010c\u00bb][info_list_father listclr=\u00bb#f8f8f8&#8243;][info_list_son style=\u00bbicon\u00bb size=\u00bb20&#8243; width=\u00bb30&#8243; height=\u00bb20&#8243; titleclr=\u00bb#890000&#8243; icon=\u00bbfas fa-map-marked\u00bb iconclr=\u00bb#890000&#8243; iconbg=\u00bb#f8f8f8&#8243; borderclr=\u00bb#f8f8f8&#8243; title=\u00bbA walk on the wild side\u00bb caption_url=\u00bb\u00bb]\n<p data-path-to-node=\"5\">Hell\u2019s Gate National Park is one of the most atmospheric and unique safari destinations in Kenya. Located in the Great Rift Valley near Lake Naivasha, it is named for the intense geothermal activity within its boundaries. Characterized by towering cliffs, water-gouged gorges, and stark volcanic pillars, this park famously served as the inspiration for the landscapes in Disney\u2019s <i data-path-to-node=\"5\" data-index-in-node=\"415\">The Lion King<\/i> and <i data-path-to-node=\"5\" data-index-in-node=\"433\">Lara Croft: Tomb Raider<\/i>.<\/p>\n[\/info_list_son][info_list_son style=\u00bbicon\u00bb size=\u00bb20&#8243; width=\u00bb30&#8243; height=\u00bb20&#8243; titleclr=\u00bb#890000&#8243; icon=\u00bbfas fa-route\u00bb iconclr=\u00bb#890000&#8243; iconbg=\u00bb#f8f8f8&#8243; borderclr=\u00bb#f8f8f8&#8243; title=\u00bbWhat to expect\u00bb caption_url=\u00bb\u00bb]\n<ul>\n<li style=\"list-style-type: none;\">\n<ul>\n<li data-path-to-node=\"6,0,0\"><strong>The \u00abNo-Vehicle\u00bb Advantage<\/strong><b data-path-to-node=\"6,0,0\" data-index-in-node=\"0\">:<\/b> Hell\u2019s Gate is one of the very few national parks in East Africa where you can hike, cycle, and rock climb freely among wildlife.<\/li>\n<li>\n<p data-path-to-node=\"6,1,0\"><strong>The Wildlife<\/strong><b data-path-to-node=\"6,1,0\" data-index-in-node=\"0\">:<\/b> While there are no large predators (making it safe for walking), you will encounter herds of Plains Zebra, Giraffe, Buffalo, Eland, and Hartebeest. It is also a global hotspot for cliff-nesting raptors, including the rare Lammergeier vulture.<\/p>\n<\/li>\n<li>\n<p data-path-to-node=\"6,2,0\"><strong>Geological Wonders<\/strong><b data-path-to-node=\"6,2,0\" data-index-in-node=\"0\">:<\/b> Explore a landscape shaped by ancient volcanic eruptions, featuring hissing steam vents and the dramatic Ol Njorowa Gorge.<\/p>\n<\/li>\n<\/ul>\n<\/li>\n<\/ul>\n[\/info_list_son][info_list_son style=\u00bbicon\u00bb size=\u00bb20&#8243; width=\u00bb30&#8243; height=\u00bb20&#8243; titleclr=\u00bb#890000&#8243; icon=\u00bbfar fa-check-circle\u00bb iconclr=\u00bb#890000&#8243; iconbg=\u00bb#f8f8f8&#8243; borderclr=\u00bb#f8f8f8&#8243; title=\u00bbBest time to visit\u00bb caption_url=\u00bb\u00bb]\n<p data-path-to-node=\"6,2,0\">Best for day trips or en-routes, you can have a hiking or cycling sessions as the gorge trails are dry and safe.<\/p>\n[\/info_list_son][\/info_list_father][vc_btn title=\u00bbPide un presupuesto\u00bb style=\u00bboutline-custom\u00bb outline_custom_color=\u00bb#890000&#8243; outline_custom_hover_background=\u00bb#890000&#8243; outline_custom_hover_text=\u00bb#ffffff\u00bb shape=\u00bbsquare\u00bb size=\u00bbsm\u00bb align=\u00bbcenter\u00bb i_align=\u00bbright\u00bb i_icon_fontawesome=\u00bbfas fa-angle-right\u00bb add_icon=\u00bbtrue\u00bb link=\u00bburl:https%3A%2F%2Fmufasatoursandtravels.com%2Fes%2Fsolicite-un-presupuesto%2F|title:Solicite%20un%20presupuesto|\u00bb][\/vc_tta_section][vc_tta_section title=\u00bbAlojamiento\u00bb tab_id=\u00bb1633455601016-f93699bc-5d92&#8243;][vc_row_inner css=\u00bb.vc_custom_1767685292219{padding: 10px !important;}\u00bb][vc_column_inner el_class=\u00bbcustom-height\u00bb offset=\u00bbvc_hidden-md vc_hidden-sm vc_hidden-xs\u00bb][ucaddon_uc_side_carousel_content image=\u00bb29574&#8243; title=\u00bbEnashipai Resort &amp; Spa\u00bb btn_text=\u00bbView Accomodation\u00bb link=\u00bbhttp:\/\/www.enashipai.com\/\u00bb uc_init_settings=\u00bb\u00bb uc_fonts_data=\u00bbJTdCJTdE\u00bb]QSUyMHdvcmxkLWNsYXNzJTIwbHV4dXJ5JTIwcmVzb3J0JTIwa25vd24lMjBmb3IlMjBpdHMlMjBhd2FyZC13aW5uaW5nJTIwc3BhJTIwYW5kJTIwbHVzaCUyMGdyb3VuZHMlRTIlODAlOTRwZXJmZWN0JTIwZm9yJTIwcmVsYXhpbmclMjBhZnRlciUyMGElMjBkYXklMjBvZiUyMGhpa2luZy4=[\/ucaddon_uc_side_carousel_content][\/vc_column_inner][\/vc_row_inner][vc_row_inner css=\u00bb.vc_custom_1767685305970{padding: 10px !important;}\u00bb][vc_column_inner el_class=\u00bbcustom-height\u00bb offset=\u00bbvc_hidden-md vc_hidden-sm vc_hidden-xs\u00bb][ucaddon_uc_side_carousel_content image=\u00bb42536&#8243; title=\u00bbLake Naivasha Country Club\u00bb btn_text=\u00bbView Accomodation\u00bb link=\u00bbhttps:\/\/www.muthuhotelsmgm.com\/muthu-lake-naivasha-country-club-kenya-hotel.html\u00bb uc_init_settings=\u00bb\u00bb uc_fonts_data=\u00bbJTdCJTdE\u00bb]T25lJTIwb2YlMjB0aGUlMjBvbGRlc3QlMjBhbmQlMjBtb3N0JTIwY2hhcm1pbmclMjBwcm9wZXJ0aWVzJTIwaW4lMjB0aGUlMjByZWdpb24lMkMlMjBmZWF0dXJpbmclMjBleHBhbnNpdmUlMjBnYXJkZW5zJTIwYW5kJTIwYSUyMGNvbG9uaWFsLWVyYSUyMGF0bW9zcGhlcmUu[\/ucaddon_uc_side_carousel_content][\/vc_column_inner][\/vc_row_inner][vc_row_inner css=\u00bb.vc_custom_1767685305970{padding: 10px !important;}\u00bb][vc_column_inner el_class=\u00bbcustom-height\u00bb offset=\u00bbvc_hidden-md vc_hidden-sm vc_hidden-xs\u00bb][ucaddon_uc_side_carousel_content image=\u00bb29616&#8243; title=\u00bbLogia Naivasha Kongoni.\u00bb btn_text=\u00bbView Accomodation\u00bb link=\u00bbhttps:\/\/naivashakongonilodge.com\/\u00bb uc_init_settings=\u00bb\u00bb uc_fonts_data=\u00bbJTdCJTdE\u00bb]RW5ndWxmJTIweW91cnNlbGYlMjBpbiUyMG5hdHVyZSUyMGFuZCUyMGVuam95JTIwdGhlJTIwbW9zdCUyMHNlcmVuZSUyMGVzY2FwZSUyMHdpdGglMjBicmVhdGh0YWtpbmclMjB2aWV3cyUyMG9mJTIwTGFrZSUyME9sb2lkZW4lMjBhbmQlMjB0aGUlMjBwYXJrJTI3cyUyMHZvbGNhbmljJTIwbGFuZHNjYXBlLg==[\/ucaddon_uc_side_carousel_content][\/vc_column_inner][\/vc_row_inner][vc_row_inner css=\u00bb.vc_custom_1767685305970{padding: 10px !important;}\u00bb][vc_column_inner el_class=\u00bbcustom-height\u00bb offset=\u00bbvc_hidden-lg\u00bb][vc_headings style=\u00bbtheme2&#8243; borderclr=\u00bb#890000&#8243; title=\u00bbEnashipai Resort &#038; Spa\u00bb align=\u00bbleft\u00bb google_fonts=\u00bbfont_family:Quicksand%3A300%2Cregular%2C700|font_style:400%20regular%3A400%3Anormal\u00bb titleclr=\u00bb#000000&#8243; caption_url=\u00bb\u00bb caption_urls=\u00bb\u00bb caption_urlss=\u00bb\u00bb caption_urldesc=\u00bb\u00bb]A world-class luxury resort known for its award-winning spa and lush grounds\u2014perfect for relaxing after a day of hiking.[\/vc_headings][vc_btn title=\u00bbVer alojamiento\u00bb shape=\u00bbsquare\u00bb color=\u00bbpink\u00bb size=\u00bbsm\u00bb align=\u00bbleft\u00bb i_align=\u00bbright\u00bb i_icon_fontawesome=\u00bbfas fa-angle-right\u00bb add_icon=\u00bbtrue\u00bb link=\u00bburl:https%3A%2F%2Fwww.enashipai.com%2F|\u00bb css=\u00bb.vc_custom_1767686798476{padding-top: 10px !important;padding-right: 10px !important;padding-bottom: 10px !important;}\u00bb][\/vc_column_inner][\/vc_row_inner][vc_row_inner css=\u00bb.vc_custom_1767685305970{padding: 10px !important;}\u00bb][vc_column_inner el_class=\u00bbcustom-height\u00bb offset=\u00bbvc_hidden-lg\u00bb][vc_headings style=\u00bbtheme2&#8243; borderclr=\u00bb#890000&#8243; title=\u00bbLake Naivasha Country Club\u00bb align=\u00bbleft\u00bb google_fonts=\u00bbfont_family:Quicksand%3A300%2Cregular%2C700|font_style:400%20regular%3A400%3Anormal\u00bb titleclr=\u00bb#000000&#8243; caption_url=\u00bb\u00bb caption_urls=\u00bb\u00bb caption_urlss=\u00bb\u00bb caption_urldesc=\u00bb\u00bb]One of the oldest and most charming properties in the region, featuring expansive gardens and a colonial-era atmosphere.[\/vc_headings][vc_btn title=\u00bbVer alojamiento\u00bb shape=\u00bbsquare\u00bb color=\u00bbpink\u00bb size=\u00bbsm\u00bb align=\u00bbleft\u00bb i_align=\u00bbright\u00bb i_icon_fontawesome=\u00bbfas fa-angle-right\u00bb add_icon=\u00bbtrue\u00bb link=\u00bburl:https%3A%2F%2Fwww.muthuhotelsmgm.com%2Fmuthu-lake-naivasha-country-club-kenya-hotel.html|\u00bb css=\u00bb.vc_custom_1767686872103{padding-top: 10px !important;padding-right: 10px !important;padding-bottom: 10px !important;}\u00bb][\/vc_column_inner][\/vc_row_inner][vc_row_inner css=\u00bb.vc_custom_1767685305970{padding: 10px !important;}\u00bb][vc_column_inner el_class=\u00bbcustom-height\u00bb offset=\u00bbvc_hidden-lg\u00bb][vc_headings style=\u00bbtheme2&#8243; borderclr=\u00bb#890000&#8243; title=\u00bbNaivasha Kongoni Lodge\u00bb align=\u00bbleft\u00bb google_fonts=\u00bbfont_family:Quicksand%3A300%2Cregular%2C700|font_style:400%20regular%3A400%3Anormal\u00bb titleclr=\u00bb#000000&#8243; caption_url=\u00bb\u00bb caption_urls=\u00bb\u00bb caption_urlss=\u00bb\u00bb caption_urldesc=\u00bb\u00bb]Engulf yourself in nature and enjoy the most serene escape with breathtaking views of Lake Oloiden and the park&#8217;s volcanic landscape.[\/vc_headings][vc_btn title=\u00bbVer alojamiento\u00bb shape=\u00bbsquare\u00bb color=\u00bbpink\u00bb size=\u00bbsm\u00bb align=\u00bbleft\u00bb i_align=\u00bbright\u00bb i_icon_fontawesome=\u00bbfas fa-angle-right\u00bb add_icon=\u00bbtrue\u00bb link=\u00bburl:https%3A%2F%2Fnaivashakongonilodge.com%2F|\u00bb css=\u00bb.vc_custom_1767686928420{padding-top: 10px !important;padding-right: 10px !important;padding-bottom: 10px !important;}\u00bb][\/vc_column_inner][\/vc_row_inner][\/vc_tta_section][vc_tta_section title=\u00bbActividades\u00bb tab_id=\u00bb1767601538075-7b6924d3-776e\u00bb][info_list_father listclr=\u00bb#f8f8f8&#8243;][info_list_son style=\u00bbicon\u00bb size=\u00bb0&#8243; width=\u00bb0&#8243; height=\u00bb0&#8243; titleclr=\u00bb#f8f8f8&#8243; iconclr=\u00bb#f8f8f8&#8243; borderclr=\u00bb#f8f8f8&#8243; caption_url=\u00bb\u00bb]\n<p data-path-to-node=\"15\">La aventura espera en la puerta del infierno, el viaje es tan importante como la fauna. Podemos organizar las siguientes experiencias guiadas: <\/p>\n<ul>\n<li style=\"list-style-type: none;\">\n<ul data-path-to-node=\"16\">\n<li>\n<p data-path-to-node=\"16,0,0\"><strong>Ciclismo entre cebras<\/strong><b data-path-to-node=\"16,0,0\" data-index-in-node=\"0\">:<\/b> Alquila una bicicleta de monta\u00f1a en la Puerta Elsa y recorre la carretera de 8 km hasta la garganta. No hay sensaci\u00f3n como pedalear junto a una torre de jirafas o una manada de gacelas.<\/p>\n<\/li>\n<li>\n<p data-path-to-node=\"16,1,0\"><strong>Senderismo por la garganta de Ol Njorowa<\/strong><b data-path-to-node=\"16,1,0\" data-index-in-node=\"0\">:<\/b> Desciende a los profundos y sinuosos ca\u00f1ones de la garganta inferior. Explorar\u00e1s ca\u00f1ones estrechos en ranura, ver\u00e1s el \u00abDormitorio del Diablo\u00bb y te encontrar\u00e1s con aguas termales y peque\u00f1as cascadas.  <i data-path-to-node=\"16,1,0\" data-index-in-node=\"199\">(Requiere un gu\u00eda local mas\u00e1i para seguridad).<\/i><\/p>\n<\/li>\n<li>\n<p data-path-to-node=\"16,2,0\"><strong>Escalada en la Torre Fischer: Pon<\/strong><b data-path-to-node=\"16,2,0\" data-index-in-node=\"0\"> a prueba tus nervios en este tap\u00f3n volc\u00e1nico de 25 metros.<\/b> Es un lugar popular tanto para principiantes como para escaladores experimentados, ofreciendo vistas panor\u00e1micas del parque desde la cima.<\/p>\n<\/li>\n<li>\n<p data-path-to-node=\"16,3,0\"><strong>Olkaria Geothermal Spa<\/strong><b data-path-to-node=\"16,3,0\" data-index-in-node=\"0\">:<\/b> Tras una larga caminata, emp\u00e1llate en tus m\u00fasculos en las aguas turquesas naturalmente calientes y minerales del Olkaria Spa, el mayor balneario natural de \u00c1frica.<\/p>\n<\/li>\n<li>\n<p data-path-to-node=\"16,4,0\"><strong>Fotograf\u00eda y observaci\u00f3n de aves<\/strong><b data-path-to-node=\"16,4,0\" data-index-in-node=\"0\">:<\/b> Captura los \u00abespect\u00e1culos de la garganta\u00bb y utiliza el escondite de aves en el escondite Mervyn Carnelley para avistar buitres y \u00e1guilas a corta distancia.<\/p>\n<\/li>\n<li>\n<p data-path-to-node=\"16,5,0\"><strong>Visita el Centro Cultural Maasai<\/strong><b data-path-to-node=\"16,5,0\" data-index-in-node=\"0\">:<\/b> Situado cerca de la entrada, aprende sobre las tradiciones, el trabajo con cuentas y la historia de la comunidad maasai local, que ha coexistido con este paisaje durante siglos.<\/p>\n<\/li>\n<\/ul>\n<\/li>\n<\/ul>\n[\/info_list_son][\/info_list_father][\/vc_tta_section][\/vc_tta_tabs][\/vc_column][\/vc_row]\n","protected":false},"excerpt":{"rendered":"<p>[vc_row full_width=\u00bbstretch_row\u00bb gap=\u00bb1&#8243;][vc_column parallax=\u00bbcontent-moving\u00bb parallax_image=\u00bb29562&#8243; parallax_speed_bg=\u00bb2.5&#8243; css=\u00bb.vc_custom_1767687141369{padding-top: 80px !important;padding-right: 80px !important;padding-bottom: 80px !important;padding-left: 80px !important;}\u00bb][vc_custom_heading text=\u00bbParque Nacional Hell&apos;s Gate\u00bb font_container=\u00bbtag:h1|font_size:32|text_align:left|color:%23ffffff\u00bb google_fonts=\u00bbfont_family:Quicksand%3A300%2Cregular%2C700|font_style:400%20regular%3A400%3Anormal\u00bb][vc_separator color=\u00bbcustom\u00bb align=\u00bbalign_left\u00bb border_width=\u00bb2&#8243; el_width=\u00bb20&#8243; accent_color=\u00bb#f8f8f8&#8243;][vc_custom_heading text=\u00bbKenia\u00bb font_container=\u00bbtag:h2|font_size:18|text_align:left|color:%23ffffff\u00bb google_fonts=\u00bbfont_family:Roboto%3A100%2C100italic%2C300%2C300italic%2Cregular%2Citalic%2C500%2C500italic%2C700%2C700italic%2C900%2C900italic|font_style:400%20regular%3A400%3Anormal\u00bb][\/vc_column][\/vc_row][vc_row][vc_column css=\u00bb.vc_custom_1673438873315{border-top-width: 10px !important;border-right-width: 10px !important;border-bottom-width: 10px !important;border-left-width: 10px !important;}\u00bb][vc_tta_tabs shape=\u00bbsquare\u00bb color=\u00bbjuicy-pink\u00bb alignment=\u00bbcenter\u00bb active_section=\u00bb1&#8243; no_fill_content_area=\u00bbtrue\u00bb][vc_tta_section title=\u00bbVisi\u00f3n general\u00bb tab_id=\u00bb1633454673222-3d94f956-010c\u00bb][info_list_father listclr=\u00bb#f8f8f8&#8243;][info_list_son style=\u00bbicon\u00bb size=\u00bb20&#8243; width=\u00bb30&#8243; height=\u00bb20&#8243; titleclr=\u00bb#890000&#8243; icon=\u00bbfas fa-map-marked\u00bb iconclr=\u00bb#890000&#8243; [&hellip;]<\/p>\n","protected":false},"author":2,"featured_media":0,"parent":28078,"menu_order":4,"comment_status":"closed","ping_status":"closed","template":"","meta":{"_themeisle_gutenberg_block_has_review":false,"footnotes":""},"class_list":["post-42521","page","type-page","status-publish","hentry"],"_links":{"self":[{"href":"https:\/\/mufasatoursandtravels.com\/es\/wp-json\/wp\/v2\/pages\/42521","targetHints":{"allow":["GET"]}}],"collection":[{"href":"https:\/\/mufasatoursandtravels.com\/es\/wp-json\/wp\/v2\/pages"}],"about":[{"href":"https:\/\/mufasatoursandtravels.com\/es\/wp-json\/wp\/v2\/types\/page"}],"author":[{"embeddable":true,"href":"https:\/\/mufasatoursandtravels.com\/es\/wp-json\/wp\/v2\/users\/2"}],"replies":[{"embeddable":true,"href":"https:\/\/mufasatoursandtravels.com\/es\/wp-json\/wp\/v2\/comments?post=42521"}],"version-history":[{"count":7,"href":"https:\/\/mufasatoursandtravels.com\/es\/wp-json\/wp\/v2\/pages\/42521\/revisions"}],"predecessor-version":[{"id":42708,"href":"https:\/\/mufasatoursandtravels.com\/es\/wp-json\/wp\/v2\/pages\/42521\/revisions\/42708"}],"up":[{"embeddable":true,"href":"https:\/\/mufasatoursandtravels.com\/es\/wp-json\/wp\/v2\/pages\/28078"}],"wp:attachment":[{"href":"https:\/\/mufasatoursandtravels.com\/es\/wp-json\/wp\/v2\/media?parent=42521"}],"curies":[{"name":"wp","href":"https:\/\/api.w.org\/{rel}","templated":true}]}}