{"id":42556,"date":"2026-01-06T11:11:27","date_gmt":"2026-01-06T08:11:27","guid":{"rendered":"https:\/\/mufasatoursandtravels.com\/destinos\/parque-nacional-tsavo-este-2\/"},"modified":"2026-01-08T09:02:18","modified_gmt":"2026-01-08T06:02:18","slug":"parque-nacional-tsavo-este-2","status":"publish","type":"page","link":"https:\/\/mufasatoursandtravels.com\/es\/destinos\/parque-nacional-tsavo-este-2\/","title":{"rendered":"Parque Nacional Tsavo Este"},"content":{"rendered":"[vc_row full_width=\u00bbstretch_row\u00bb gap=\u00bb1&#8243;][vc_column parallax=\u00bbcontent-moving\u00bb parallax_image=\u00bb3523&#8243; parallax_speed_bg=\u00bb1&#8243; css=\u00bb.vc_custom_1767770159261{padding-top: 80px !important;padding-right: 80px !important;padding-bottom: 80px !important;padding-left: 80px !important;}\u00bb][vc_custom_heading text=\u00bbParque Nacional Tsavo Este\u00bb font_container=\u00bbtag:h1|font_size:32|text_align:left|color:%23ffffff\u00bb google_fonts=\u00bbfont_family:Quicksand%3A300%2Cregular%2C700|font_style:400%20regular%3A400%3Anormal\u00bb el_class=\u00bbbanner-txt\u00bb][vc_separator color=\u00bbcustom\u00bb align=\u00bbalign_left\u00bb border_width=\u00bb2&#8243; el_width=\u00bb20&#8243; accent_color=\u00bb#f8f8f8&#8243;][vc_custom_heading text=\u00bbKenia\u00bb font_container=\u00bbtag:h2|font_size:18|text_align:left|color:%23ffffff\u00bb google_fonts=\u00bbfont_family:Roboto%3A100%2C100italic%2C300%2C300italic%2Cregular%2Citalic%2C500%2C500italic%2C700%2C700italic%2C900%2C900italic|font_style:400%20regular%3A400%3Anormal\u00bb el_class=\u00bbbanner-txt\u00bb][\/vc_column][\/vc_row][vc_row][vc_column css=\u00bb.vc_custom_1673438873315{border-top-width: 10px !important;border-right-width: 10px !important;border-bottom-width: 10px !important;border-left-width: 10px !important;}\u00bb][vc_tta_tabs shape=\u00bbsquare\u00bb color=\u00bbjuicy-pink\u00bb alignment=\u00bbcenter\u00bb active_section=\u00bb1&#8243; no_fill_content_area=\u00bbtrue\u00bb][vc_tta_section title=\u00bbVisi\u00f3n general\u00bb tab_id=\u00bb1633454673222-3d94f956-010c\u00bb][info_list_father listclr=\u00bb#f8f8f8&#8243;][info_list_son style=\u00bbicon\u00bb size=\u00bb20&#8243; width=\u00bb30&#8243; height=\u00bb20&#8243; titleclr=\u00bb#890000&#8243; icon=\u00bbfas fa-map-marked\u00bb iconclr=\u00bb#890000&#8243; iconbg=\u00bb#f8f8f8&#8243; borderclr=\u00bb#f8f8f8&#8243; title=\u00bbThe Theatre of the wild\u00bb]\n<p data-path-to-node=\"5\">Tsavo East is one of the oldest and largest national parks in Kenya, covering a staggering 13,747 square kilometers. Known for its literal \u00ablimitless\u00bb horizons, the park is a land of iron-red dust and ancient baobabs. It offers a raw, off-the-beaten-path safari experience that feels significantly more wild and untamed than the smaller parks of the Rift Valley.<\/p>\n[\/info_list_son][info_list_son style=\u00bbicon\u00bb size=\u00bb20&#8243; width=\u00bb30&#8243; height=\u00bb20&#8243; titleclr=\u00bb#890000&#8243; icon=\u00bbfas fa-route\u00bb iconclr=\u00bb#890000&#8243; iconbg=\u00bb#f8f8f8&#8243; borderclr=\u00bb#f8f8f8&#8243; title=\u00bbWhat to expect\u00bb]\n<ol>\n<li>\n<p data-path-to-node=\"6,0,0\"><strong>The Famous \u00abRed Elephants\u00bb<\/strong><b data-path-to-node=\"6,0,0\" data-index-in-node=\"0\">:<\/b> Tsavo East is home to Kenya\u2019s largest elephant population. They are famous for their distinct reddish color, a result of bathing in the park\u2019s red volcanic soil to protect their skin from the sun.<\/p>\n<\/li>\n<li>\n<p data-path-to-node=\"6,1,0\"><strong>The Legend of the Man-Eaters<\/strong><b data-path-to-node=\"6,1,0\" data-index-in-node=\"0\">:<\/b> The park is steeped in history, most notably the \u00abMan-Eaters of Tsavo\u00bb\u2014a pair of lions that terrorized railway workers in the late 1890s. Today, its lion prides remain a major draw.<\/p>\n<\/li>\n<li>\n<p data-path-to-node=\"6,2,0\"><strong>Unique Geography<\/strong><b data-path-to-node=\"6,2,0\" data-index-in-node=\"0\">:<\/b> Featuring the <b data-path-to-node=\"6,2,0\" data-index-in-node=\"32\">Yatta Plateau<\/b> (the world\u2019s longest lava flow) and the life-giving <b data-path-to-node=\"6,2,0\" data-index-in-node=\"98\">Galana River<\/b>, the landscape is a dramatic backdrop for wildlife photography.<\/p>\n<\/li>\n<\/ol>\n[\/info_list_son][info_list_son style=\u00bbicon\u00bb size=\u00bb20&#8243; width=\u00bb30&#8243; height=\u00bb20&#8243; titleclr=\u00bb#890000&#8243; icon=\u00bbfar fa-check-circle\u00bb iconclr=\u00bb#890000&#8243; iconbg=\u00bb#f8f8f8&#8243; borderclr=\u00bb#f8f8f8&#8243; title=\u00bbSeasonal Overview\u00bb]\n<p data-path-to-node=\"6,2,0\">During the dry Season<i data-path-to-node=\"6,2,0\" data-index-in-node=\"22\">,<\/i> animals stay close to the Galana River and waterholes, making sightings very predictable, and on the green season it favors more for birdwatchers ( over 500 species ) and seeing the vast red dust turn into vibrant green plains.<\/p>\n[\/info_list_son][\/info_list_father][vc_btn title=\u00bbPide un presupuesto\u00bb style=\u00bboutline-custom\u00bb outline_custom_color=\u00bb#890000&#8243; outline_custom_hover_background=\u00bb#890000&#8243; outline_custom_hover_text=\u00bb#ffffff\u00bb shape=\u00bbsquare\u00bb size=\u00bbsm\u00bb align=\u00bbcenter\u00bb i_align=\u00bbright\u00bb i_icon_fontawesome=\u00bbfas fa-angle-right\u00bb add_icon=\u00bbtrue\u00bb link=\u00bburl:https%3A%2F%2Fmufasatoursandtravels.com%2Fes%2Fsolicite-un-presupuesto%2F|title:Solicite%20un%20presupuesto|\u00bb][\/vc_tta_section][vc_tta_section title=\u00bbAlojamiento\u00bb tab_id=\u00bb1633455601016-f93699bc-5d92&#8243;][vc_row_inner css=\u00bb.vc_custom_1767771228872{padding: 10px !important;}\u00bb][vc_column_inner el_class=\u00bbcustom-height\u00bb offset=\u00bbvc_hidden-md vc_hidden-sm vc_hidden-xs\u00bb][ucaddon_uc_side_carousel_content image=\u00bb42585&#8243; title=\u00bbLogia Ashnil Aruba\u00bb btn_text=\u00bbView Accomodation\u00bb link=\u00bbhttps:\/\/ashnilhotels.com\/aruba\/\u00bb uc_fonts_data=\u00bbJTdCJTdE\u00bb]V2l0aCUyMGElMjB2YW50YWdlJTIwbG9jYXRpb24lMjBhbmQlMjAlMjBqdXN0JTIwYSUyMGNvdXBsZSUyMG9mJTIwaG91cnMlMjBmcm9tJTIwdGhlJTIwY29hc3QlMjBvZiUyME1vbWJhc2ElMjBhbmQlMjBhYm91dCUyMDUlMjBob3VycyUyMGRyaXZlJTIwZnJvbSUyME5haXJvYmklMjBpdHMlMjclMjBsb2NhdGVkJTIwb24lMjB0aGUlMjBiYW5rcyUyMG9mJTIwQXJ1YmElMjBEYW0lMjB3aGljaCUyMHdhcyUyMGJ1aWx0JTIwaW4lMjAxOTUyJTIwYXMlMjBhJTIwc3BvcnQlMjBmaXNoaW5nJTIwcmVjcmVhdGlvbmFsJTIwcG9pbnQlMjBpbiUyMHRoZSUyMHBhcmsuJTIwU2V2ZXJhbCUyMHdhdGVyaW5nJTIwaG9sZXMlMjBuZWFyYnklMjBhdHRyYWN0JTIwd2lsZGxpZmUlMjBhbmQlMjBzcG90dGluZyUyMGFuaW1hbHMlMjBpcyUyMGVhc3klMjBiZWNhdXNlJTIwdGhlJTIwcGFyayUyMGxpZXMlMjBmbGF0JTIwd2l0aCUyMHNhdmFubmFoJTIwZ3Jhc3NsYW5kLg==[\/ucaddon_uc_side_carousel_content][\/vc_column_inner][\/vc_row_inner][vc_row_inner css=\u00bb.vc_custom_1767771242720{padding: 10px !important;}\u00bb][vc_column_inner el_class=\u00bbcustom-height\u00bb offset=\u00bbvc_hidden-md vc_hidden-sm vc_hidden-xs\u00bb][ucaddon_uc_side_carousel_content image=\u00bb42598&#8243; title=\u00bbCampamento Satao\u00bb btn_text=\u00bbView Accomodation\u00bb link=\u00bbhttps:\/\/sataocamp.com\/\u00bb uc_fonts_data=\u00bbJTdCJTdE\u00bb]QW4lMjBhdXRoZW50aWMlMjAlMjJvdXQlMjBvZiUyMEFmcmljYSUyMiUyMGV4cGVyaWVuY2UlMjB1bmRlciUyMGxhcmdlJTIwdGFtYXJpbmQlMjB0cmVlcy4lMjBUaGUlMjB0ZW50cyUyMGFyZSUyMGFycmFuZ2VkJTIwaW4lMjBhJTIwc2VtaS1jaXJjbGUlMjBhcm91bmQlMjBhJTIwaGlnaGx5JTIwYWN0aXZlJTIwd2F0ZXJob2xlLg==[\/ucaddon_uc_side_carousel_content][\/vc_column_inner][\/vc_row_inner][vc_row_inner css=\u00bb.vc_custom_1767771242720{padding: 10px !important;}\u00bb][vc_column_inner el_class=\u00bbcustom-height\u00bb offset=\u00bbvc_hidden-md vc_hidden-sm vc_hidden-xs\u00bb][ucaddon_uc_side_carousel_content image=\u00bb29405&#8243; title=\u00bbSentrim Tsavo\u00bb btn_text=\u00bbView Accomodation\u00bb link=\u00bbhttps:\/\/www.sentrim-hotels.com\/sentrim-tsavo.html\u00bb uc_fonts_data=\u00bbJTdCJTdE\u00bb]TG9jYXRlZCUyMG5lYXIlMjB0aGUlMjBWb2klMjBHYXRlJTJDJTIwb2ZmZXJpbmclMjBtb2Rlcm4lMjB0ZW50ZWQlMjByb29tcyUyMHdpdGglMjBlbi1zdWl0ZSUyMGJhdGhyb29tcyUyMGFuZCUyMGElMjByZWxheGVkJTIwYXRtb3NwaGVyZS4=[\/ucaddon_uc_side_carousel_content][\/vc_column_inner][\/vc_row_inner][vc_row_inner css=\u00bb.vc_custom_1767771242720{padding: 10px !important;}\u00bb][vc_column_inner el_class=\u00bbcustom-height\u00bb offset=\u00bbvc_hidden-md vc_hidden-sm vc_hidden-xs\u00bb][ucaddon_uc_side_carousel_content image=\u00bb42604&#8243; title=\u00bbVoi Safari Lodge\u00bb btn_text=\u00bbView Accomodation\u00bb link=\u00bbhttps:\/\/voisafarilodge.com\/\u00bb uc_fonts_data=\u00bbJTdCJTdE\u00bb]U2l0dWF0ZWQlMjByaWdodCUyMGF0JTIwdGhlJTIwZWRnZSUyMG9mJTIwdGhlJTIwcGFyayUyQyUyMGZlYXR1cmluZyUyMGElMjBzcGElMkMlMjBmaW5lJTIwZGluaW5nJTJDJTIwYW5kJTIwdmlld3MlMjBvZiUyMHRoZSUyMGVsZXBoYW50LWZyZXF1ZW50ZWQlMjB3YXRlcmhvbGVzLg==[\/ucaddon_uc_side_carousel_content][\/vc_column_inner][\/vc_row_inner][vc_row_inner css=\u00bb.vc_custom_1767771242720{padding: 10px !important;}\u00bb][vc_column_inner el_class=\u00bbcustom-height\u00bb offset=\u00bbvc_hidden-lg\u00bb][vc_headings style=\u00bbtheme2&#8243; borderclr=\u00bb#890000&#8243; title=\u00bbAshnil Aruba\u00bb align=\u00bbleft\u00bb google_fonts=\u00bbfont_family:Quicksand%3A300%2Cregular%2C700|font_style:400%20regular%3A400%3Anormal\u00bb titleclr=\u00bb#000000&#8243;]With a vantage location and just a couple of hours from the coast of Mombasa and about 5 hours drive from Nairobi its&#8217; located on the banks of Aruba Dam which was built in 1952 as a sport fishing recreational point in the park. Several watering holes nearby attract wildlife and spotting animals is easy because the park lies flat with savannah grassland.[\/vc_headings][vc_btn title=\u00bbVer alojamiento\u00bb style=\u00bboutline-custom\u00bb outline_custom_color=\u00bb#890000&#8243; outline_custom_hover_background=\u00bb#890000&#8243; outline_custom_hover_text=\u00bb#ffffff\u00bb shape=\u00bbsquare\u00bb size=\u00bbsm\u00bb i_align=\u00bbright\u00bb i_icon_fontawesome=\u00bbfas fa-angle-right\u00bb add_icon=\u00bbtrue\u00bb css=\u00bb.vc_custom_1767771454960{padding-top: 10px !important;padding-right: 10px !important;padding-bottom: 10px !important;}\u00bb][\/vc_column_inner][\/vc_row_inner][vc_row_inner css=\u00bb.vc_custom_1767771242720{padding: 10px !important;}\u00bb][vc_column_inner el_class=\u00bbcustom-height\u00bb offset=\u00bbvc_hidden-lg\u00bb][vc_headings style=\u00bbtheme2&#8243; borderclr=\u00bb#890000&#8243; title=\u00bbSatao Camp\u00bb align=\u00bbleft\u00bb google_fonts=\u00bbfont_family:Quicksand%3A300%2Cregular%2C700|font_style:400%20regular%3A400%3Anormal\u00bb titleclr=\u00bb#000000&#8243;]An authentic \u00about of Africa\u00bb experience under large tamarind trees. The tents are arranged in a semi-circle around a highly active waterhole.[\/vc_headings][vc_btn title=\u00bbVer alojamiento\u00bb style=\u00bboutline-custom\u00bb outline_custom_color=\u00bb#890000&#8243; outline_custom_hover_background=\u00bb#890000&#8243; outline_custom_hover_text=\u00bb#ffffff\u00bb shape=\u00bbsquare\u00bb size=\u00bbsm\u00bb i_align=\u00bbright\u00bb i_icon_fontawesome=\u00bbfas fa-angle-right\u00bb add_icon=\u00bbtrue\u00bb css=\u00bb.vc_custom_1767772139092{padding-top: 10px !important;padding-right: 10px !important;padding-bottom: 10px !important;}\u00bb link=\u00bburl:https%3A%2F%2Fsataocamp.com%2F|\u00bb][\/vc_column_inner][\/vc_row_inner][vc_row_inner css=\u00bb.vc_custom_1767771242720{padding: 10px !important;}\u00bb][vc_column_inner el_class=\u00bbcustom-height\u00bb offset=\u00bbvc_hidden-lg\u00bb][vc_headings style=\u00bbtheme2&#8243; borderclr=\u00bb#890000&#8243; title=\u00bbSentrim Tsavo\u00bb align=\u00bbleft\u00bb google_fonts=\u00bbfont_family:Quicksand%3A300%2Cregular%2C700|font_style:400%20regular%3A400%3Anormal\u00bb titleclr=\u00bb#000000&#8243;]Located near the Voi Gate, offering modern tented rooms with en-suite bathrooms and a relaxed atmosphere.[\/vc_headings][vc_btn title=\u00bbVer alojamiento\u00bb style=\u00bboutline-custom\u00bb outline_custom_color=\u00bb#890000&#8243; outline_custom_hover_background=\u00bb#890000&#8243; outline_custom_hover_text=\u00bb#ffffff\u00bb shape=\u00bbsquare\u00bb size=\u00bbsm\u00bb i_align=\u00bbright\u00bb i_icon_fontawesome=\u00bbfas fa-angle-right\u00bb add_icon=\u00bbtrue\u00bb css=\u00bb.vc_custom_1767772225537{padding-top: 10px !important;padding-right: 10px !important;padding-bottom: 10px !important;}\u00bb link=\u00bburl:https%3A%2F%2Fwww.sentrim-hotels.com%2Fsentrim-tsavo.html|\u00bb][\/vc_column_inner][\/vc_row_inner][vc_row_inner css=\u00bb.vc_custom_1767771242720{padding: 10px !important;}\u00bb][vc_column_inner el_class=\u00bbcustom-height\u00bb offset=\u00bbvc_hidden-lg\u00bb][vc_headings style=\u00bbtheme2&#8243; borderclr=\u00bb#890000&#8243; title=\u00bbVoi Safari Lodge\u00bb align=\u00bbleft\u00bb google_fonts=\u00bbfont_family:Quicksand%3A300%2Cregular%2C700|font_style:400%20regular%3A400%3Anormal\u00bb titleclr=\u00bb#000000&#8243;]Situated right at the edge of the park, featuring a spa, fine dining, and views of the elephant-frequented waterholes.[\/vc_headings][vc_btn title=\u00bbVer alojamiento\u00bb style=\u00bboutline-custom\u00bb outline_custom_color=\u00bb#890000&#8243; outline_custom_hover_background=\u00bb#890000&#8243; outline_custom_hover_text=\u00bb#ffffff\u00bb shape=\u00bbsquare\u00bb size=\u00bbsm\u00bb i_align=\u00bbright\u00bb i_icon_fontawesome=\u00bbfas fa-angle-right\u00bb add_icon=\u00bbtrue\u00bb css=\u00bb.vc_custom_1767772282871{padding-top: 10px !important;padding-right: 10px !important;padding-bottom: 10px !important;}\u00bb link=\u00bburl:https%3A%2F%2Fvoisafarilodge.com%2F|\u00bb][\/vc_column_inner][\/vc_row_inner][\/vc_tta_section][vc_tta_section title=\u00bbActividades\u00bb tab_id=\u00bb1767601538075-7b6924d3-776e\u00bb][info_list_father listclr=\u00bb#f8f8f8&#8243;][info_list_son style=\u00bbicon\u00bb size=\u00bb0&#8243; width=\u00bb0&#8243; height=\u00bb0&#8243; titleclr=\u00bb#f8f8f8&#8243; iconclr=\u00bb#f8f8f8&#8243; borderclr=\u00bb#f8f8f8&#8243;]\n<ul>\n<li>\n<p data-path-to-node=\"16,0,0\"><strong>Busca los \u00abBig Five\u00bb<\/strong><b data-path-to-node=\"16,0,0\" data-index-in-node=\"0\">:<\/b> Nuestros gu\u00edas expertos se especializan en rastrear a los \u00abBig Five\u00bb. Busca leones en la maleza, leopardos en los \u00e1rboles ribere\u00f1os y las enormes manadas de b\u00fafalos y elefantes rojos. <\/p>\n<\/li>\n<li>\n<p data-path-to-node=\"16,1,0\"><strong>Visita las Cataratas Lugard<\/strong><b data-path-to-node=\"16,1,0\" data-index-in-node=\"0\">:<\/b> Sigue el r\u00edo Galana hasta estos r\u00e1pidos espectaculares donde el agua ha tallado formas incre\u00edbles en la roca a lo largo de los siglos. Es un lugar ideal para un paseo guiado y para avistar cocodrilos. <\/p>\n<\/li>\n<li>\n<p data-path-to-node=\"16,2,0\"><strong>La Roca Mudanda<\/strong><b data-path-to-node=\"16,2,0\" data-index-in-node=\"0\">:<\/b> Este inselberg de 1,6 km de longitud act\u00faa como una captaci\u00f3n natural de agua. Desde la cima, puedes mirar hacia abajo una enorme presa natural y ver a cientos de elefantes venir a beber simult\u00e1neamente. <\/p>\n<\/li>\n<li>\n<p data-path-to-node=\"16,3,0\"><strong>Observaci\u00f3n de<\/strong> <b data-path-to-node=\"16,3,0\" data-index-in-node=\"0\">aves:<\/b> Con m\u00e1s de 500 especies registradas, incluyendo avestruces, cern\u00edcalos y busardos, Tsavo Este es un para\u00edso para los ornit\u00f3logos, especialmente durante los meses migratorios.<\/p>\n<\/li>\n<li>\n<p data-path-to-node=\"16,4,0\"><strong>La meseta de Yatta: Conduce<\/strong><b data-path-to-node=\"16,4,0\" data-index-in-node=\"0\"> junto al flujo de lava m\u00e1s largo del mundo. Esta cresta de 290 km de longitud es una maravilla geol\u00f3gica y ofrece una silueta impresionante contra el atardecer africano.<\/b> <\/p>\n<\/li>\n<li>\n<p data-path-to-node=\"16,5,0\"><strong>Excursi\u00f3n a la presa de Aruba<\/strong><b data-path-to-node=\"16,5,0\" data-index-in-node=\"0\">:<\/b> Visita esta maravilla artificial que atrae a miles de animales y aves acu\u00e1ticas, ofreciendo una de las observaciones de fauna m\u00e1s constantes del parque.<\/p>\n<\/li>\n<\/ul>\n[\/info_list_son][\/info_list_father][\/vc_tta_section][\/vc_tta_tabs][\/vc_column][\/vc_row]\n","protected":false},"excerpt":{"rendered":"<p>[vc_row full_width=\u00bbstretch_row\u00bb gap=\u00bb1&#8243;][vc_column parallax=\u00bbcontent-moving\u00bb parallax_image=\u00bb3523&#8243; parallax_speed_bg=\u00bb1&#8243; css=\u00bb.vc_custom_1767770159261{padding-top: 80px !important;padding-right: 80px !important;padding-bottom: 80px !important;padding-left: 80px !important;}\u00bb][vc_custom_heading text=\u00bbParque Nacional Tsavo Este\u00bb font_container=\u00bbtag:h1|font_size:32|text_align:left|color:%23ffffff\u00bb google_fonts=\u00bbfont_family:Quicksand%3A300%2Cregular%2C700|font_style:400%20regular%3A400%3Anormal\u00bb el_class=\u00bbbanner-txt\u00bb][vc_separator color=\u00bbcustom\u00bb align=\u00bbalign_left\u00bb border_width=\u00bb2&#8243; el_width=\u00bb20&#8243; accent_color=\u00bb#f8f8f8&#8243;][vc_custom_heading text=\u00bbKenia\u00bb font_container=\u00bbtag:h2|font_size:18|text_align:left|color:%23ffffff\u00bb google_fonts=\u00bbfont_family:Roboto%3A100%2C100italic%2C300%2C300italic%2Cregular%2Citalic%2C500%2C500italic%2C700%2C700italic%2C900%2C900italic|font_style:400%20regular%3A400%3Anormal\u00bb el_class=\u00bbbanner-txt\u00bb][\/vc_column][\/vc_row][vc_row][vc_column css=\u00bb.vc_custom_1673438873315{border-top-width: 10px !important;border-right-width: 10px !important;border-bottom-width: 10px !important;border-left-width: 10px !important;}\u00bb][vc_tta_tabs shape=\u00bbsquare\u00bb color=\u00bbjuicy-pink\u00bb alignment=\u00bbcenter\u00bb active_section=\u00bb1&#8243; no_fill_content_area=\u00bbtrue\u00bb][vc_tta_section title=\u00bbVisi\u00f3n general\u00bb tab_id=\u00bb1633454673222-3d94f956-010c\u00bb][info_list_father listclr=\u00bb#f8f8f8&#8243;][info_list_son style=\u00bbicon\u00bb size=\u00bb20&#8243; width=\u00bb30&#8243; height=\u00bb20&#8243; titleclr=\u00bb#890000&#8243; icon=\u00bbfas [&hellip;]<\/p>\n","protected":false},"author":2,"featured_media":0,"parent":28078,"menu_order":5,"comment_status":"closed","ping_status":"closed","template":"","meta":{"_themeisle_gutenberg_block_has_review":false,"footnotes":""},"class_list":["post-42556","page","type-page","status-publish","hentry"],"_links":{"self":[{"href":"https:\/\/mufasatoursandtravels.com\/es\/wp-json\/wp\/v2\/pages\/42556","targetHints":{"allow":["GET"]}}],"collection":[{"href":"https:\/\/mufasatoursandtravels.com\/es\/wp-json\/wp\/v2\/pages"}],"about":[{"href":"https:\/\/mufasatoursandtravels.com\/es\/wp-json\/wp\/v2\/types\/page"}],"author":[{"embeddable":true,"href":"https:\/\/mufasatoursandtravels.com\/es\/wp-json\/wp\/v2\/users\/2"}],"replies":[{"embeddable":true,"href":"https:\/\/mufasatoursandtravels.com\/es\/wp-json\/wp\/v2\/comments?post=42556"}],"version-history":[{"count":4,"href":"https:\/\/mufasatoursandtravels.com\/es\/wp-json\/wp\/v2\/pages\/42556\/revisions"}],"predecessor-version":[{"id":42775,"href":"https:\/\/mufasatoursandtravels.com\/es\/wp-json\/wp\/v2\/pages\/42556\/revisions\/42775"}],"up":[{"embeddable":true,"href":"https:\/\/mufasatoursandtravels.com\/es\/wp-json\/wp\/v2\/pages\/28078"}],"wp:attachment":[{"href":"https:\/\/mufasatoursandtravels.com\/es\/wp-json\/wp\/v2\/media?parent=42556"}],"curies":[{"name":"wp","href":"https:\/\/api.w.org\/{rel}","templated":true}]}}