{"id":42630,"date":"2026-01-07T10:55:08","date_gmt":"2026-01-07T07:55:08","guid":{"rendered":"https:\/\/mufasatoursandtravels.com\/destinos\/parque-nacional-tsavo-west-2\/"},"modified":"2026-01-08T09:02:19","modified_gmt":"2026-01-08T06:02:19","slug":"parque-nacional-tsavo-west-2","status":"publish","type":"page","link":"https:\/\/mufasatoursandtravels.com\/es\/destinos\/parque-nacional-tsavo-west-2\/","title":{"rendered":"Parque Nacional Tsavo West"},"content":{"rendered":"[vc_row full_width=\u00bbstretch_row\u00bb gap=\u00bb1&#8243;][vc_column parallax=\u00bbcontent-moving\u00bb parallax_image=\u00bb8699&#8243; parallax_speed_bg=\u00bb1.8&#8243; css=\u00bb.vc_custom_1767772928462{padding-top: 80px !important;padding-right: 80px !important;padding-bottom: 80px !important;padding-left: 80px !important;}\u00bb][vc_custom_heading text=\u00bbParque Nacional Tsavo West\u00bb font_container=\u00bbtag:h1|font_size:32|text_align:left|color:%23ffffff\u00bb google_fonts=\u00bbfont_family:Quicksand%3A300%2Cregular%2C700|font_style:400%20regular%3A400%3Anormal\u00bb el_class=\u00bbbanner-txt\u00bb][vc_separator color=\u00bbcustom\u00bb align=\u00bbalign_left\u00bb border_width=\u00bb2&#8243; el_width=\u00bb20&#8243; accent_color=\u00bb#f8f8f8&#8243;][vc_custom_heading text=\u00bbKenia\u00bb font_container=\u00bbtag:h2|font_size:18|text_align:left|color:%23ffffff\u00bb google_fonts=\u00bbfont_family:Roboto%3A100%2C100italic%2C300%2C300italic%2Cregular%2Citalic%2C500%2C500italic%2C700%2C700italic%2C900%2C900italic|font_style:400%20regular%3A400%3Anormal\u00bb el_class=\u00bbbanner-txt\u00bb][\/vc_column][\/vc_row][vc_row][vc_column css=\u00bb.vc_custom_1673438873315{border-top-width: 10px !important;border-right-width: 10px !important;border-bottom-width: 10px !important;border-left-width: 10px !important;}\u00bb][vc_tta_tabs shape=\u00bbsquare\u00bb color=\u00bbjuicy-pink\u00bb alignment=\u00bbcenter\u00bb active_section=\u00bb1&#8243; no_fill_content_area=\u00bbtrue\u00bb][vc_tta_section title=\u00bbVisi\u00f3n general\u00bb tab_id=\u00bb1633454673222-3d94f956-010c\u00bb][info_list_father listclr=\u00bb#f8f8f8&#8243;][info_list_son style=\u00bbicon\u00bb size=\u00bb20&#8243; width=\u00bb30&#8243; height=\u00bb20&#8243; titleclr=\u00bb#890000&#8243; icon=\u00bbfas fa-map-marked\u00bb iconclr=\u00bb#890000&#8243; iconbg=\u00bb#f8f8f8&#8243; borderclr=\u00bb#f8f8f8&#8243; title=\u00bbLava, Springs, and Giants\u00bb]\n<p data-path-to-node=\"5\">A rugged wilderness that offers some of the most diverse landscapes in Kenya. Spanning 9,065 square kilometers, the park is a tapestry of ancient volcanic cones, jagged black lava flows, and lush oases fed by underground springs. It is more mountainous and greener than its eastern counterpart, providing a dramatic backdrop for safari enthusiasts and photographers alike.<\/p>\n[\/info_list_son][info_list_son style=\u00bbicon\u00bb size=\u00bb20&#8243; width=\u00bb30&#8243; height=\u00bb20&#8243; titleclr=\u00bb#890000&#8243; icon=\u00bbfas fa-route\u00bb iconclr=\u00bb#890000&#8243; iconbg=\u00bb#f8f8f8&#8243; borderclr=\u00bb#f8f8f8&#8243; title=\u00bbWhat to expect\u00bb]\n<ol>\n<li>\n<p data-path-to-node=\"6,0,0\"><strong>A Geological Marvel<\/strong><b data-path-to-node=\"6,0,0\" data-index-in-node=\"0\">:<\/b> Explore the \u00abShetani Lava Flows,\u00bb a massive expanse of folded black lava that remains as a reminder of the region&#8217;s fiery volcanic past.<\/p>\n<\/li>\n<li>\n<p data-path-to-node=\"6,1,0\"><strong>The Oasis of Mzima<\/strong><b data-path-to-node=\"6,1,0\" data-index-in-node=\"0\">:<\/b> Discover a crystal-clear paradise where millions of gallons of water gush from beneath the lava rocks, creating a sanctuary for hippos and crocodiles.<\/p>\n<\/li>\n<li>\n<p data-path-to-node=\"6,2,0\"><strong>Rhino Sanctuary<\/strong><b data-path-to-node=\"6,2,0\" data-index-in-node=\"0\">:<\/b> Tsavo West is home to the Ngulia Rhino Sanctuary, a critical stronghold for the endangered Black Rhino, nestled at the base of the Ngulia Hills.<\/p>\n<\/li>\n<\/ol>\n[\/info_list_son][info_list_son style=\u00bbicon\u00bb size=\u00bb20&#8243; width=\u00bb30&#8243; height=\u00bb20&#8243; titleclr=\u00bb#890000&#8243; icon=\u00bbfar fa-check-circle\u00bb iconclr=\u00bb#890000&#8243; iconbg=\u00bb#f8f8f8&#8243; borderclr=\u00bb#f8f8f8&#8243; title=\u00bbSeasonal Overview\u00bb]\n<p data-path-to-node=\"6,2,0\">Perfect for birdwatching and enjoying the park\u2019s dramatic, verdant scenery when Mount Kilimanjaro is often most visible on the horizon.<\/p>\n[\/info_list_son][\/info_list_father][vc_btn title=\u00bbPide un presupuesto\u00bb style=\u00bboutline-custom\u00bb outline_custom_color=\u00bb#890000&#8243; outline_custom_hover_background=\u00bb#890000&#8243; outline_custom_hover_text=\u00bb#ffffff\u00bb shape=\u00bbsquare\u00bb size=\u00bbsm\u00bb align=\u00bbcenter\u00bb i_align=\u00bbright\u00bb i_icon_fontawesome=\u00bbfas fa-angle-right\u00bb add_icon=\u00bbtrue\u00bb link=\u00bburl:https%3A%2F%2Fmufasatoursandtravels.com%2Fes%2Fsolicite-un-presupuesto%2F|title:Solicite%20un%20presupuesto|\u00bb][\/vc_tta_section][vc_tta_section title=\u00bbAlojamiento\u00bb tab_id=\u00bb1633455601016-f93699bc-5d92&#8243;][vc_row_inner css=\u00bb.vc_custom_1767773528001{padding: 10px !important;}\u00bb][vc_column_inner el_class=\u00bbcustom-height\u00bb offset=\u00bbvc_hidden-md vc_hidden-sm vc_hidden-xs\u00bb][ucaddon_uc_side_carousel_content image=\u00bb42636&#8243; title=\u00bbKilanguni Serena Safari Lodge\u00bb btn_text=\u00bbView Accomodation\u00bb link=\u00bbhttps:\/\/www.serenahotels.com\/kilaguni?srsltid=AfmBOor6CuhtlLkiS0hxezJjwzoJfPMLsvrGbiR0SimkyGbagMAE9iko\u00bb uc_fonts_data=\u00bbJTdCJTdE\u00bb]VGhlJTIwZmlyc3QlMjBsb2RnZSUyMGV2ZXIlMjBidWlsdCUyMGluc2lkZSUyMGElMjBLZW55YW4lMjBOYXRpb25hbCUyMFBhcmsuJTIwSXQlMjBzaXRzJTIwZGlyZWN0bHklMjBpbiUyMGZyb250JTIwb2YlMjBhJTIwd2F0ZXJob2xlJTIwZnJlcXVlbnRlZCUyMGJ5JTIwZWxlcGhhbnRzJTIwYW5kJTIwYnVmZmFsbyUyQyUyMHdpdGglMjBzdHVubmluZyUyMHZpZXdzJTIwb2YlMjB0aGUlMjBDaHl1bHUlMjBIaWxscy4=[\/ucaddon_uc_side_carousel_content][\/vc_column_inner][\/vc_row_inner][vc_row_inner css=\u00bb.vc_custom_1767773528001{padding: 10px !important;}\u00bb][vc_column_inner el_class=\u00bbcustom-height\u00bb offset=\u00bbvc_hidden-md vc_hidden-sm vc_hidden-xs\u00bb][ucaddon_uc_side_carousel_content image=\u00bb42642&#8243; title=\u00bbCampamento Safari Severin\u00bb btn_text=\u00bbView Accomodation\u00bb link=\u00bbhttps:\/\/www.severinsafaricamp.com\/\u00bb uc_fonts_data=\u00bbJTdCJTdE\u00bb]QW4lMjBlbGVnYW50JTJDJTIwZWNvLWZyaWVuZGx5JTIwY2FtcCUyMG9mZmVyaW5nJTIwYSUyMCUyMmJhY2slMjB0byUyMG5hdHVyZSUyMiUyMGV4cGVyaWVuY2UlMjB3aXRoJTIwaGlnaC1lbmQlMjB0ZW50cyUyMGFuZCUyMGElMjB1bmlxdWUlMjBzcGElMjBoaWRkZW4lMjBpbiUyMHRoZSUyMHdpbGQu[\/ucaddon_uc_side_carousel_content][\/vc_column_inner][\/vc_row_inner][vc_row_inner css=\u00bb.vc_custom_1767773528001{padding: 10px !important;}\u00bb][vc_column_inner el_class=\u00bbcustom-height\u00bb offset=\u00bbvc_hidden-md vc_hidden-sm vc_hidden-xs\u00bb][ucaddon_uc_side_carousel_content image=\u00bb42660&#8243; title=\u00bbNgulia Safari Lodge\u00bb btn_text=\u00bbView Accomodation\u00bb link=\u00bbhttp:\/\/nguliasafarilodge.com\/\u00bb uc_fonts_data=\u00bbJTdCJTdE\u00bb]UGVyY2hlZCUyMG9uJTIwdGhlJTIwTmRhd2UlMjBFc2NhcnBtZW50JTJDJTIwdGhpcyUyMGxvZGdlJTIwaXMlMjBmYW1vdXMlMjBmb3IlMjBpdHMlMjAlMjJMZW9wYXJkJTIwQmFpdHMlMkMlMjIlMjB3aGVyZSUyMGxlb3BhcmRzJTIwYXJlJTIwZnJlcXVlbnRseSUyMHNlZW4lMjB2aXNpdGluZyUyMHRoZSUyMGxvZGdlJUUyJTgwJTk5cyUyMGZsb29kbGl0JTIwdHJlZXMlMjBhdCUyMG5pZ2h0Lg==[\/ucaddon_uc_side_carousel_content][\/vc_column_inner][\/vc_row_inner][vc_row_inner css=\u00bb.vc_custom_1767773528001{padding: 10px !important;}\u00bb][vc_column_inner el_class=\u00bbcustom-height\u00bb offset=\u00bbvc_hidden-md vc_hidden-sm vc_hidden-xs\u00bb][ucaddon_uc_side_carousel_content image=\u00bb42666&#8243; title=\u00bbEl campamento de lujo de Finch Hatton\u00bb btn_text=\u00bbView Accomodation\u00bb link=\u00bbhttps:\/\/www.virginlimitededition.com\/finch-hattons\/?utm_source=google&amp;utm_medium=organic&amp;utm_campaign=hotel-finch-hattons\u00bb uc_fonts_data=\u00bbJTdCJTdE\u00bb]QW4lMjBhd2FyZC13aW5uaW5nJTIwZWNvLWx1eHVyeSUyMGNhbXAlMjB0aGF0JTIwcmVjcmVhdGVzJTIwdGhlJTIwZ29sZGVuJTIwYWdlJTIwb2YlMjBzYWZhcmkuJTIwSXQlMjBpcyUyMGZhbW91cyUyMGZvciUyMGl0cyUyMGZpbmUlMjBkaW5pbmclMjBhbmQlMjB2aWV3cyUyMG9mJTIwdGhlJTIwaGlwcG8tZmlsbGVkJTIwcG9vbHMu[\/ucaddon_uc_side_carousel_content][\/vc_column_inner][\/vc_row_inner][vc_row_inner css=\u00bb.vc_custom_1767773528001{padding: 10px !important;}\u00bb][vc_column_inner el_class=\u00bbcustom-height\u00bb offset=\u00bbvc_hidden-lg\u00bb][vc_headings style=\u00bbtheme2&#8243; borderclr=\u00bb#890000&#8243; title=\u00bbKilanguni Serena Safari Lodge\u00bb align=\u00bbleft\u00bb google_fonts=\u00bbfont_family:Quicksand%3A300%2Cregular%2C700|font_style:400%20regular%3A400%3Anormal\u00bb titleclr=\u00bb#000000&#8243;]The first lodge ever built inside a Kenyan National Park. It sits directly in front of a waterhole frequented by elephants and buffalo, with stunning views of the Chyulu Hills.[\/vc_headings][vc_btn title=\u00bbVer alojamiento\u00bb style=\u00bboutline-custom\u00bb outline_custom_color=\u00bb#890000&#8243; outline_custom_hover_background=\u00bb#890000&#8243; outline_custom_hover_text=\u00bb#ffffff\u00bb shape=\u00bbsquare\u00bb size=\u00bbsm\u00bb i_align=\u00bbright\u00bb i_icon_fontawesome=\u00bbfas fa-angle-right\u00bb add_icon=\u00bbtrue\u00bb css=\u00bb.vc_custom_1767777134830{padding-top: 10px !important;padding-right: 10px !important;padding-bottom: 10px !important;}\u00bb link=\u00bburl:https%3A%2F%2Fwww.serenahotels.com%2Fkilaguni%3Fsrsltid%3DAfmBOor6CuhtlLkiS0hxezJjwzoJfPMLsvrGbiR0SimkyGbagMAE9iko|\u00bb][\/vc_column_inner][\/vc_row_inner][vc_row_inner css=\u00bb.vc_custom_1767773528001{padding: 10px !important;}\u00bb][vc_column_inner el_class=\u00bbcustom-height\u00bb offset=\u00bbvc_hidden-lg\u00bb][vc_headings style=\u00bbtheme2&#8243; borderclr=\u00bb#890000&#8243; title=\u00bbSeverin Safari Camp\u00bb align=\u00bbleft\u00bb google_fonts=\u00bbfont_family:Quicksand%3A300%2Cregular%2C700|font_style:400%20regular%3A400%3Anormal\u00bb titleclr=\u00bb#000000&#8243;]An elegant, eco-friendly camp offering a \u00abback to nature\u00bb experience with high-end tents and a unique spa hidden in the wild.[\/vc_headings][vc_btn title=\u00bbVer alojamiento\u00bb style=\u00bboutline-custom\u00bb outline_custom_color=\u00bb#890000&#8243; outline_custom_hover_background=\u00bb#890000&#8243; outline_custom_hover_text=\u00bb#ffffff\u00bb shape=\u00bbsquare\u00bb size=\u00bbsm\u00bb i_align=\u00bbright\u00bb i_icon_fontawesome=\u00bbfas fa-angle-right\u00bb add_icon=\u00bbtrue\u00bb css=\u00bb.vc_custom_1767777203000{padding-top: 10px !important;padding-right: 10px !important;padding-bottom: 10px !important;}\u00bb link=\u00bburl:https%3A%2F%2Fwww.severinsafaricamp.com%2F|\u00bb][\/vc_column_inner][\/vc_row_inner][vc_row_inner css=\u00bb.vc_custom_1767773528001{padding: 10px !important;}\u00bb][vc_column_inner el_class=\u00bbcustom-height\u00bb offset=\u00bbvc_hidden-lg\u00bb][vc_headings style=\u00bbtheme2&#8243; borderclr=\u00bb#890000&#8243; title=\u00bbNgulia Safari Lodge\u00bb align=\u00bbleft\u00bb google_fonts=\u00bbfont_family:Quicksand%3A300%2Cregular%2C700|font_style:400%20regular%3A400%3Anormal\u00bb titleclr=\u00bb#000000&#8243;]Perched on the Ndawe Escarpment, this lodge is famous for its \u00abLeopard Baits,\u00bb where leopards are frequently seen visiting the lodge\u2019s floodlit trees at night.[\/vc_headings][vc_btn title=\u00bbVer alojamiento\u00bb style=\u00bboutline-custom\u00bb outline_custom_color=\u00bb#890000&#8243; outline_custom_hover_background=\u00bb#890000&#8243; outline_custom_hover_text=\u00bb#ffffff\u00bb shape=\u00bbsquare\u00bb size=\u00bbsm\u00bb i_align=\u00bbright\u00bb i_icon_fontawesome=\u00bbfas fa-angle-right\u00bb add_icon=\u00bbtrue\u00bb css=\u00bb.vc_custom_1767777271649{padding-top: 10px !important;padding-right: 10px !important;padding-bottom: 10px !important;}\u00bb link=\u00bburl:http%3A%2F%2Fnguliasafarilodge.com%2F|\u00bb][\/vc_column_inner][\/vc_row_inner][vc_row_inner css=\u00bb.vc_custom_1767773528001{padding: 10px !important;}\u00bb][vc_column_inner el_class=\u00bbcustom-height\u00bb offset=\u00bbvc_hidden-lg\u00bb][vc_headings style=\u00bbtheme2&#8243; borderclr=\u00bb#890000&#8243; title=\u00bbFinch Hatton&#8217;s Luxury Camp\u00bb align=\u00bbleft\u00bb google_fonts=\u00bbfont_family:Quicksand%3A300%2Cregular%2C700|font_style:400%20regular%3A400%3Anormal\u00bb titleclr=\u00bb#000000&#8243;]An award-winning eco-luxury camp that recreates the golden age of safari. It is famous for its fine dining and views of the hippo-filled pools.[\/vc_headings][vc_btn title=\u00bbVer alojamiento\u00bb style=\u00bboutline-custom\u00bb outline_custom_color=\u00bb#890000&#8243; outline_custom_hover_background=\u00bb#890000&#8243; outline_custom_hover_text=\u00bb#ffffff\u00bb shape=\u00bbsquare\u00bb size=\u00bbsm\u00bb i_align=\u00bbright\u00bb i_icon_fontawesome=\u00bbfas fa-angle-right\u00bb add_icon=\u00bbtrue\u00bb css=\u00bb.vc_custom_1767777344524{padding-top: 10px !important;padding-right: 10px !important;padding-bottom: 10px !important;}\u00bb link=\u00bburl:https%3A%2F%2Fwww.virginlimitededition.com%2Ffinch-hattons%2F%3Futm_source%3Dgoogle%26utm_medium%3Dorganic%26utm_campaign%3Dhotel-finch-hattons|\u00bb][\/vc_column_inner][\/vc_row_inner][\/vc_tta_section][vc_tta_section title=\u00bbActividades\u00bb tab_id=\u00bb1767601538075-7b6924d3-776e\u00bb][info_list_father listclr=\u00bb#f8f8f8&#8243;][info_list_son style=\u00bbicon\u00bb size=\u00bb0&#8243; width=\u00bb0&#8243; height=\u00bb0&#8243; titleclr=\u00bb#f8f8f8&#8243; iconclr=\u00bb#f8f8f8&#8243; borderclr=\u00bb#f8f8f8&#8243;]\n<ol>\n<li>\n<p data-path-to-node=\"16,0,0\"><strong>Observaci\u00f3n de hipop\u00f3tamos submarinos en los manantiales Mzima<\/strong><b data-path-to-node=\"16,0,0\" data-index-in-node=\"0\">:<\/b> Camina por el frondoso bosque hasta una c\u00e1mara de observaci\u00f3n submarina. Aqu\u00ed puedes ver hipop\u00f3tamos y cocodrilos \u00abbailar\u00bb en el agua cristalina, una vista como ninguna otra en \u00c1frica. <\/p>\n<\/li>\n<li>\n<p data-path-to-node=\"16,1,0\"><strong>Rastreo del rinoceronte negro<\/strong><b data-path-to-node=\"16,1,0\" data-index-in-node=\"0\">:<\/b> Visita el <b data-path-to-node=\"16,1,0\" data-index-in-node=\"36\">Santuario de Rinocerontes Ngulia<\/b> a \u00faltima hora de la tarde. Esta zona vallada de 90 kil\u00f3metros cuadrados ofrece tu mejor oportunidad para avistar al esquivo y majestuoso rinoceronte negro. <\/p>\n<\/li>\n<li>\n<p data-path-to-node=\"16,2,0\"><strong>Explorando los flujos de lava de Shetani<\/strong><b data-path-to-node=\"16,2,0\" data-index-in-node=\"0\">:<\/b> Camina por los flujos de lava del \u00abDiablo\u00bb. Este paisaje escarpado est\u00e1 impregnado de folclore local, e incluso puedes explorar las cercanas cuevas de Shetani (\u00a1lleva una linterna!). <\/p>\n<\/li>\n<li>\n<p data-path-to-node=\"16,3,0\"><strong>Observaci\u00f3n de aves en Ngulia Hills<\/strong><b data-path-to-node=\"16,3,0\" data-index-in-node=\"0\">: <\/b>Presencia una de las grandes migraciones de aves del mundo. Miles de aves de Europa y Asia hacen escala aqu\u00ed, convirti\u00e9ndolo en un punto caliente global para los ornit\u00f3logos. <\/p>\n<\/li>\n<li>\n<p data-path-to-node=\"16,4,0\">Mirador del <strong>Cazador<\/strong><b data-path-to-node=\"16,4,0\" data-index-in-node=\"0\">:<\/b> Conduce hasta este mirador de gran altitud para disfrutar de una panor\u00e1mica de 360 grados del parque. En un d\u00eda despejado, se puede ver a lo lejos la cima nevada del <b data-path-to-node=\"16,4,0\" data-index-in-node=\"148\">monte Kilimanjaro<\/b>. <\/p>\n<\/li>\n<li>\n<p data-path-to-node=\"16,5,0\"><strong>Escalada y senderismo<\/strong><b data-path-to-node=\"16,5,0\" data-index-in-node=\"0\">:<\/b> Para los aventureros, las paredes rocosas de Roaring Rocks y las Ngulia Hills ofrecen escaladas y rutas exigentes con vistas gratificantes de las llanuras africanas que hay abajo.<\/p>\n<\/li>\n<\/ol>\n[\/info_list_son][\/info_list_father][\/vc_tta_section][\/vc_tta_tabs][\/vc_column][\/vc_row]\n","protected":false},"excerpt":{"rendered":"<p>[vc_row full_width=\u00bbstretch_row\u00bb gap=\u00bb1&#8243;][vc_column parallax=\u00bbcontent-moving\u00bb parallax_image=\u00bb8699&#8243; parallax_speed_bg=\u00bb1.8&#8243; css=\u00bb.vc_custom_1767772928462{padding-top: 80px !important;padding-right: 80px !important;padding-bottom: 80px !important;padding-left: 80px !important;}\u00bb][vc_custom_heading text=\u00bbParque Nacional Tsavo West\u00bb font_container=\u00bbtag:h1|font_size:32|text_align:left|color:%23ffffff\u00bb google_fonts=\u00bbfont_family:Quicksand%3A300%2Cregular%2C700|font_style:400%20regular%3A400%3Anormal\u00bb el_class=\u00bbbanner-txt\u00bb][vc_separator color=\u00bbcustom\u00bb align=\u00bbalign_left\u00bb border_width=\u00bb2&#8243; el_width=\u00bb20&#8243; accent_color=\u00bb#f8f8f8&#8243;][vc_custom_heading text=\u00bbKenia\u00bb font_container=\u00bbtag:h2|font_size:18|text_align:left|color:%23ffffff\u00bb google_fonts=\u00bbfont_family:Roboto%3A100%2C100italic%2C300%2C300italic%2Cregular%2Citalic%2C500%2C500italic%2C700%2C700italic%2C900%2C900italic|font_style:400%20regular%3A400%3Anormal\u00bb el_class=\u00bbbanner-txt\u00bb][\/vc_column][\/vc_row][vc_row][vc_column css=\u00bb.vc_custom_1673438873315{border-top-width: 10px !important;border-right-width: 10px !important;border-bottom-width: 10px !important;border-left-width: 10px !important;}\u00bb][vc_tta_tabs shape=\u00bbsquare\u00bb color=\u00bbjuicy-pink\u00bb alignment=\u00bbcenter\u00bb active_section=\u00bb1&#8243; no_fill_content_area=\u00bbtrue\u00bb][vc_tta_section title=\u00bbVisi\u00f3n general\u00bb tab_id=\u00bb1633454673222-3d94f956-010c\u00bb][info_list_father listclr=\u00bb#f8f8f8&#8243;][info_list_son style=\u00bbicon\u00bb size=\u00bb20&#8243; width=\u00bb30&#8243; height=\u00bb20&#8243; titleclr=\u00bb#890000&#8243; icon=\u00bbfas [&hellip;]<\/p>\n","protected":false},"author":2,"featured_media":0,"parent":28078,"menu_order":6,"comment_status":"closed","ping_status":"closed","template":"","meta":{"_themeisle_gutenberg_block_has_review":false,"footnotes":""},"class_list":["post-42630","page","type-page","status-publish","hentry"],"_links":{"self":[{"href":"https:\/\/mufasatoursandtravels.com\/es\/wp-json\/wp\/v2\/pages\/42630","targetHints":{"allow":["GET"]}}],"collection":[{"href":"https:\/\/mufasatoursandtravels.com\/es\/wp-json\/wp\/v2\/pages"}],"about":[{"href":"https:\/\/mufasatoursandtravels.com\/es\/wp-json\/wp\/v2\/types\/page"}],"author":[{"embeddable":true,"href":"https:\/\/mufasatoursandtravels.com\/es\/wp-json\/wp\/v2\/users\/2"}],"replies":[{"embeddable":true,"href":"https:\/\/mufasatoursandtravels.com\/es\/wp-json\/wp\/v2\/comments?post=42630"}],"version-history":[{"count":9,"href":"https:\/\/mufasatoursandtravels.com\/es\/wp-json\/wp\/v2\/pages\/42630\/revisions"}],"predecessor-version":[{"id":42779,"href":"https:\/\/mufasatoursandtravels.com\/es\/wp-json\/wp\/v2\/pages\/42630\/revisions\/42779"}],"up":[{"embeddable":true,"href":"https:\/\/mufasatoursandtravels.com\/es\/wp-json\/wp\/v2\/pages\/28078"}],"wp:attachment":[{"href":"https:\/\/mufasatoursandtravels.com\/es\/wp-json\/wp\/v2\/media?parent=42630"}],"curies":[{"name":"wp","href":"https:\/\/api.w.org\/{rel}","templated":true}]}}