{"id":42689,"date":"2026-01-07T12:16:17","date_gmt":"2026-01-07T09:16:17","guid":{"rendered":"https:\/\/mufasatoursandtravels.com\/destinos\/lago-naivasha-2\/"},"modified":"2026-01-08T09:02:18","modified_gmt":"2026-01-08T06:02:18","slug":"lago-naivasha-2","status":"publish","type":"page","link":"https:\/\/mufasatoursandtravels.com\/es\/destinos\/lago-naivasha-2\/","title":{"rendered":"Lago Naivasha"},"content":{"rendered":"[vc_row full_width=\u00bbstretch_row\u00bb gap=\u00bb1&#8243;][vc_column parallax=\u00bbcontent-moving\u00bb parallax_image=\u00bb29592&#8243; parallax_speed_bg=\u00bb2&#8243; css=\u00bb.vc_custom_1767777819606{padding-top: 80px !important;padding-right: 80px !important;padding-bottom: 80px !important;padding-left: 80px !important;}\u00bb][vc_custom_heading text=\u00bbLago Naivasha\u00bb font_container=\u00bbtag:h1|font_size:32|text_align:left|color:%23ffffff\u00bb google_fonts=\u00bbfont_family:Quicksand%3A300%2Cregular%2C700|font_style:400%20regular%3A400%3Anormal\u00bb el_class=\u00bbbanner-txt\u00bb][vc_separator color=\u00bbcustom\u00bb align=\u00bbalign_left\u00bb border_width=\u00bb2&#8243; el_width=\u00bb20&#8243; accent_color=\u00bb#f8f8f8&#8243;][vc_custom_heading text=\u00bbKenia\u00bb font_container=\u00bbtag:h2|font_size:18|text_align:left|color:%23ffffff\u00bb google_fonts=\u00bbfont_family:Quicksand%3A300%2Cregular%2C700|font_style:400%20regular%3A400%3Anormal\u00bb el_class=\u00bbbanner-txt\u00bb][\/vc_column][\/vc_row][vc_row][vc_column css=\u00bb.vc_custom_1673438873315{border-top-width: 10px !important;border-right-width: 10px !important;border-bottom-width: 10px !important;border-left-width: 10px !important;}\u00bb][vc_tta_tabs shape=\u00bbsquare\u00bb color=\u00bbjuicy-pink\u00bb alignment=\u00bbcenter\u00bb active_section=\u00bb1&#8243; no_fill_content_area=\u00bbtrue\u00bb][vc_tta_section title=\u00bbVisi\u00f3n general\u00bb tab_id=\u00bb1633454673222-3d94f956-010c\u00bb][info_list_father listclr=\u00bb#f8f8f8&#8243;][info_list_son style=\u00bbicon\u00bb size=\u00bb20&#8243; width=\u00bb30&#8243; height=\u00bb20&#8243; titleclr=\u00bb#890000&#8243; icon=\u00bbfas fa-map-marked\u00bb iconclr=\u00bb#890000&#8243; iconbg=\u00bb#f8f8f8&#8243; borderclr=\u00bb#f8f8f8&#8243; title=\u00bbThe Jewel of The Great Rift Valley\u00bb]\n<p data-path-to-node=\"5\">At an elevation of 1,884 meters, Lake Naivasha is the highest of the Rift Valley lakes and one of its few freshwater sanctuaries. Fringed by yellow-barked fever trees and vast papyrus swamps, the lake is a world-class birding destination and home to a massive population of over 1,500 hippos. Its name derives from the Maasai word <i data-path-to-node=\"5\" data-index-in-node=\"376\">Nai&#8217;posha<\/i> (\u00abRough Water\u00bb), referring to the sudden storms that can sweep across its surface.<\/p>\n[\/info_list_son][info_list_son style=\u00bbicon\u00bb size=\u00bb20&#8243; width=\u00bb30&#8243; height=\u00bb20&#8243; titleclr=\u00bb#890000&#8243; icon=\u00bbfas fa-route\u00bb iconclr=\u00bb#890000&#8243; iconbg=\u00bb#f8f8f8&#8243; borderclr=\u00bb#f8f8f8&#8243; title=\u00bbWhat to expect\u00bb]\n<ol>\n<li>\n<p data-path-to-node=\"6,0,0\"><strong>A Birdwatcher\u2019s Paradise<\/strong><b data-path-to-node=\"6,0,0\" data-index-in-node=\"0\">:<\/b> With over 400 species of birds recorded, including the majestic African Fish Eagle, pelicans, and kingfishers, it is a premier destination for ornithologists.<\/p>\n<\/li>\n<li>\n<p data-path-to-node=\"6,1,0\"><strong>The \u00abGarden\u00bb Safari<\/strong><b data-path-to-node=\"6,1,0\" data-index-in-node=\"0\">:<\/b> Unlike the dusty plains of other parks, Naivasha is green and cool, making it the ideal place to unwind, enjoy a \u00abHigh Tea,\u00bb or take a boat safari.<\/p>\n<\/li>\n<li>\n<p data-path-to-node=\"6,2,0\"><strong>Proximity to Adventure<\/strong><b data-path-to-node=\"6,2,0\" data-index-in-node=\"0\">:<\/b> Lake Naivasha serves as the perfect base camp for exploring nearby <a href=\"https:\/\/mufasatoursandtravels.com\/es\/destinos\/paek-nacional-de-hells-gate\/\">Hell\u2019s Gate National Park<\/a> and Mount Longonot.<\/p>\n<\/li>\n<\/ol>\n[\/info_list_son][info_list_son style=\u00bbicon\u00bb size=\u00bb20&#8243; width=\u00bb30&#8243; height=\u00bb20&#8243; titleclr=\u00bb#890000&#8243; icon=\u00bbfar fa-check-circle\u00bb iconclr=\u00bb#890000&#8243; iconbg=\u00bb#f8f8f8&#8243; borderclr=\u00bb#f8f8f8&#8243; title=\u00bbSeasonal Overview\u00bb]\n<p data-path-to-node=\"6,2,0\">Lake Naivasha is beautiful throughout the year.<\/p>\n[\/info_list_son][\/info_list_father][vc_btn title=\u00bbPide un presupuesto\u00bb style=\u00bboutline-custom\u00bb outline_custom_color=\u00bb#890000&#8243; outline_custom_hover_background=\u00bb#890000&#8243; outline_custom_hover_text=\u00bb#ffffff\u00bb shape=\u00bbsquare\u00bb size=\u00bbsm\u00bb align=\u00bbcenter\u00bb i_align=\u00bbright\u00bb i_icon_fontawesome=\u00bbfas fa-angle-right\u00bb add_icon=\u00bbtrue\u00bb link=\u00bburl:https%3A%2F%2Fmufasatoursandtravels.com%2Fes%2Fsolicite-un-presupuesto%2F|title:Solicite%20un%20presupuesto|\u00bb][\/vc_tta_section][vc_tta_section title=\u00bbAlojamiento\u00bb tab_id=\u00bb1633455601016-f93699bc-5d92&#8243;][vc_row_inner css=\u00bb.vc_custom_1767778203514{padding: 10px !important;}\u00bb][vc_column_inner el_class=\u00bbcustom-height\u00bb offset=\u00bbvc_hidden-md vc_hidden-sm vc_hidden-xs\u00bb][ucaddon_uc_side_carousel_content image=\u00bb5289&#8243; title=\u00bbChui Lodge\u00bb btn_text=\u00bbView Accomodation\u00bb link=\u00bbhttps:\/\/www.oseriantwolakes.com\/chui-lodge\u00bb uc_fonts_data=\u00bbJTdCJTdE\u00bb]TG9jYXRlZCUyMHdpdGhpbiUyMHRoZSUyMHByaXZhdGUlMjBPc2VyZW5nb25pJTIwV2lsZGxpZmUlMjBTYW5jdHVhcnklMkMlMjBvZmZlcmluZyUyMGFuJTIwZXhjbHVzaXZlJTJDJTIwaGlnaC1lbmQlMjBidXNoJTIwZXhwZXJpZW5jZSUyMGF3YXklMjBmcm9tJTIwdGhlJTIwbWFpbiUyMGxha2UlMjByb2FkLg==[\/ucaddon_uc_side_carousel_content][\/vc_column_inner][\/vc_row_inner][vc_row_inner css=\u00bb.vc_custom_1767778203514{padding: 10px !important;}\u00bb][vc_column_inner el_class=\u00bbcustom-height\u00bb offset=\u00bbvc_hidden-md vc_hidden-sm vc_hidden-xs\u00bb][ucaddon_uc_side_carousel_content image=\u00bb42700&#8243; title=\u00bbResort Sopa del Lago Naivasha\u00bb btn_text=\u00bbView Accomodation\u00bb link=\u00bbhttps:\/\/www.lakenaivasha-soparesort.com\/\u00bb uc_fonts_data=\u00bbJTdCJTdE\u00bb]RmFtb3VzJTIwZm9yJTIwaXRzJTIwZXhwYW5zaXZlJTIwbGF3bnMlMjB3aGVyZSUyMGhpcHBvcyUyMGNvbWUlMjB0byUyMGdyYXplJTIwZXZlcnklMjBldmVuaW5nJTIwYXQlMjBkdXNrJUUyJTgwJTk0YSUyMG11c3Qtc2VlJTIwZXhwZXJpZW5jZS4=[\/ucaddon_uc_side_carousel_content][\/vc_column_inner][\/vc_row_inner][vc_row_inner css=\u00bb.vc_custom_1767778203514{padding: 10px !important;}\u00bb][vc_column_inner el_class=\u00bbcustom-height\u00bb offset=\u00bbvc_hidden-lg\u00bb][vc_headings style=\u00bbtheme2&#8243; borderclr=\u00bb#890000&#8243; title=\u00bbChu Lodge\u00bb align=\u00bbleft\u00bb google_fonts=\u00bbfont_family:Quicksand%3A300%2Cregular%2C700|font_style:400%20regular%3A400%3Anormal\u00bb titleclr=\u00bb#000000&#8243;]Located within the private Oserengoni Wildlife Sanctuary, offering an exclusive, high-end bush experience away from the main lake road.[\/vc_headings][vc_btn title=\u00bbVer alojamiento\u00bb style=\u00bboutline-custom\u00bb outline_custom_color=\u00bb#890000&#8243; outline_custom_hover_background=\u00bb#890000&#8243; outline_custom_hover_text=\u00bb#ffffff\u00bb shape=\u00bbsquare\u00bb size=\u00bbsm\u00bb i_icon_fontawesome=\u00bbfas fa-angle-right\u00bb add_icon=\u00bbtrue\u00bb css=\u00bb.vc_custom_1767779053166{padding-top: 10px !important;padding-right: 10px !important;padding-bottom: 10px !important;}\u00bb link=\u00bburl:https%3A%2F%2Fwww.oseriantwolakes.com%2Fchui-lodge|\u00bb][\/vc_column_inner][\/vc_row_inner][vc_row_inner css=\u00bb.vc_custom_1767778203514{padding: 10px !important;}\u00bb][vc_column_inner el_class=\u00bbcustom-height\u00bb offset=\u00bbvc_hidden-lg\u00bb][vc_headings style=\u00bbtheme2&#8243; borderclr=\u00bb#890000&#8243; title=\u00bbLake Naivasha Resort\u00bb align=\u00bbleft\u00bb google_fonts=\u00bbfont_family:Quicksand%3A300%2Cregular%2C700|font_style:400%20regular%3A400%3Anormal\u00bb titleclr=\u00bb#000000&#8243;]Famous for its expansive lawns where hippos come to graze every evening at dusk\u2014a must-see experience.[\/vc_headings][vc_btn title=\u00bbVer alojamiento\u00bb style=\u00bboutline-custom\u00bb outline_custom_color=\u00bb#890000&#8243; outline_custom_hover_background=\u00bb#890000&#8243; outline_custom_hover_text=\u00bb#ffffff\u00bb shape=\u00bbsquare\u00bb size=\u00bbsm\u00bb i_icon_fontawesome=\u00bbfas fa-angle-right\u00bb add_icon=\u00bbtrue\u00bb css=\u00bb.vc_custom_1767779435754{padding-top: 10px !important;padding-right: 10px !important;padding-bottom: 10px !important;}\u00bb link=\u00bburl:https%3A%2F%2Fwww.lakenaivasha-soparesort.com%2F|\u00bb][\/vc_column_inner][\/vc_row_inner][\/vc_tta_section][vc_tta_section title=\u00bbActividades\u00bb tab_id=\u00bb1767601538075-7b6924d3-776e\u00bb][info_list_father listclr=\u00bb#f8f8f8&#8243;][info_list_son style=\u00bbicon\u00bb size=\u00bb0&#8243; width=\u00bb0&#8243; height=\u00bb0&#8243; titleclr=\u00bb#f8f8f8&#8243; iconclr=\u00bb#f8f8f8&#8243; borderclr=\u00bb#f8f8f8&#8243;]\n<ol>\n<li>\n<p data-path-to-node=\"16,0,0\"><strong>Safari en barco<\/strong><b data-path-to-node=\"16,0,0\" data-index-in-node=\"0\">:<\/b> Haz un paseo privado en barco para acercarte a pocos metros de enormes grupos de hipop\u00f3tamos y observar al \u00e1guila pescadora africana bucear en busca de sus presas. Es la mejor manera de ver el vibrante ecosistema del lago. <\/p>\n<\/li>\n<li>\n<p data-path-to-node=\"16,1,0\"><strong>Paseo de caza por la Isla Crescent<\/strong><b data-path-to-node=\"16,1,0\" data-index-in-node=\"0\">:<\/b> Visita este santuario privado en la isla (un cr\u00e1ter volc\u00e1nico sumergido). Como no hay depredadores, puedes caminar libremente entre jirafas, cebras y waterbucks\u2014\u00a1ah\u00ed es donde se rodaron escenas de <i data-path-to-node=\"16,1,0\" data-index-in-node=\"208\">Out of<\/i> Africa! <\/p>\n<\/li>\n<li>\n<p data-path-to-node=\"16,2,0\"><strong>Excursiones para observaci\u00f3n de aves<\/strong><b data-path-to-node=\"16,2,0\" data-index-in-node=\"0\">:<\/b> Pasa una ma\u00f1ana con nuestros gu\u00edas especialistas identificando especies raras en los juncos de papiro y los bosques de acacias que rodean el lago.<\/p>\n<\/li>\n<li>\n<p data-path-to-node=\"16,3,0\"><strong>Visita el Centro de Conservaci\u00f3n Elsamere<\/strong><b data-path-to-node=\"16,3,0\" data-index-in-node=\"0\">:<\/b> la antigua casa de Joy y George Adamson (famosos <i data-path-to-node=\"16,3,0\" data-index-in-node=\"82\">por Born Free<\/i> ). Disfruta de un t\u00e9 tradicional ingl\u00e9s en el c\u00e9sped mientras los monos colobo juegan en los \u00e1rboles de arriba. <\/p>\n<\/li>\n<li>\n<p data-path-to-node=\"16,4,0\"><strong>Tours por la granja de flores<\/strong><b data-path-to-node=\"16,4,0\" data-index-in-node=\"0\">:<\/b> Naivasha es el coraz\u00f3n de la floricultura de Kenia. Haz una visita guiada a una granja de rosas de clase mundial para ver c\u00f3mo se cultivan millones de rosas para exportaci\u00f3n. <\/p>\n<\/li>\n<li>\n<p data-path-to-node=\"16,5,0\"><strong>Safaris a caballo<\/strong><b data-path-to-node=\"16,5,0\" data-index-in-node=\"0\">:<\/b> Experimenta la emoci\u00f3n de atravesar los bosques santuario, acerc\u00e1ndote m\u00e1s al juego de las llanuras de lo que podr\u00edas hacerlo en veh\u00edculo.<\/p>\n<\/li>\n<\/ol>\n[\/info_list_son][\/info_list_father][\/vc_tta_section][\/vc_tta_tabs][\/vc_column][\/vc_row]\n","protected":false},"excerpt":{"rendered":"<p>[vc_row full_width=\u00bbstretch_row\u00bb gap=\u00bb1&#8243;][vc_column parallax=\u00bbcontent-moving\u00bb parallax_image=\u00bb29592&#8243; parallax_speed_bg=\u00bb2&#8243; css=\u00bb.vc_custom_1767777819606{padding-top: 80px !important;padding-right: 80px !important;padding-bottom: 80px !important;padding-left: 80px !important;}\u00bb][vc_custom_heading text=\u00bbLago Naivasha\u00bb font_container=\u00bbtag:h1|font_size:32|text_align:left|color:%23ffffff\u00bb google_fonts=\u00bbfont_family:Quicksand%3A300%2Cregular%2C700|font_style:400%20regular%3A400%3Anormal\u00bb el_class=\u00bbbanner-txt\u00bb][vc_separator color=\u00bbcustom\u00bb align=\u00bbalign_left\u00bb border_width=\u00bb2&#8243; el_width=\u00bb20&#8243; accent_color=\u00bb#f8f8f8&#8243;][vc_custom_heading text=\u00bbKenia\u00bb font_container=\u00bbtag:h2|font_size:18|text_align:left|color:%23ffffff\u00bb google_fonts=\u00bbfont_family:Quicksand%3A300%2Cregular%2C700|font_style:400%20regular%3A400%3Anormal\u00bb el_class=\u00bbbanner-txt\u00bb][\/vc_column][\/vc_row][vc_row][vc_column css=\u00bb.vc_custom_1673438873315{border-top-width: 10px !important;border-right-width: 10px !important;border-bottom-width: 10px !important;border-left-width: 10px !important;}\u00bb][vc_tta_tabs shape=\u00bbsquare\u00bb color=\u00bbjuicy-pink\u00bb alignment=\u00bbcenter\u00bb active_section=\u00bb1&#8243; no_fill_content_area=\u00bbtrue\u00bb][vc_tta_section title=\u00bbVisi\u00f3n general\u00bb tab_id=\u00bb1633454673222-3d94f956-010c\u00bb][info_list_father listclr=\u00bb#f8f8f8&#8243;][info_list_son style=\u00bbicon\u00bb size=\u00bb20&#8243; width=\u00bb30&#8243; height=\u00bb20&#8243; titleclr=\u00bb#890000&#8243; icon=\u00bbfas fa-map-marked\u00bb iconclr=\u00bb#890000&#8243; [&hellip;]<\/p>\n","protected":false},"author":2,"featured_media":0,"parent":28078,"menu_order":7,"comment_status":"closed","ping_status":"closed","template":"","meta":{"_themeisle_gutenberg_block_has_review":false,"footnotes":""},"class_list":["post-42689","page","type-page","status-publish","hentry"],"_links":{"self":[{"href":"https:\/\/mufasatoursandtravels.com\/es\/wp-json\/wp\/v2\/pages\/42689","targetHints":{"allow":["GET"]}}],"collection":[{"href":"https:\/\/mufasatoursandtravels.com\/es\/wp-json\/wp\/v2\/pages"}],"about":[{"href":"https:\/\/mufasatoursandtravels.com\/es\/wp-json\/wp\/v2\/types\/page"}],"author":[{"embeddable":true,"href":"https:\/\/mufasatoursandtravels.com\/es\/wp-json\/wp\/v2\/users\/2"}],"replies":[{"embeddable":true,"href":"https:\/\/mufasatoursandtravels.com\/es\/wp-json\/wp\/v2\/comments?post=42689"}],"version-history":[{"count":4,"href":"https:\/\/mufasatoursandtravels.com\/es\/wp-json\/wp\/v2\/pages\/42689\/revisions"}],"predecessor-version":[{"id":42782,"href":"https:\/\/mufasatoursandtravels.com\/es\/wp-json\/wp\/v2\/pages\/42689\/revisions\/42782"}],"up":[{"embeddable":true,"href":"https:\/\/mufasatoursandtravels.com\/es\/wp-json\/wp\/v2\/pages\/28078"}],"wp:attachment":[{"href":"https:\/\/mufasatoursandtravels.com\/es\/wp-json\/wp\/v2\/media?parent=42689"}],"curies":[{"name":"wp","href":"https:\/\/api.w.org\/{rel}","templated":true}]}}