{"id":42727,"date":"2026-01-07T12:50:20","date_gmt":"2026-01-07T09:50:20","guid":{"rendered":"https:\/\/mufasatoursandtravels.com\/destinos\/parque-nacional-del-lago-nakuru-2\/"},"modified":"2026-01-08T09:41:24","modified_gmt":"2026-01-08T06:41:24","slug":"parque-nacional-del-lago-nakuru-2","status":"publish","type":"page","link":"https:\/\/mufasatoursandtravels.com\/es\/destinos\/parque-nacional-del-lago-nakuru-2\/","title":{"rendered":"Parque Nacional del Lago Nakuru"},"content":{"rendered":"[vc_row full_width=\u00bbstretch_row\u00bb gap=\u00bb1&#8243;][vc_column parallax=\u00bbcontent-moving\u00bb parallax_image=\u00bb42799&#8243; parallax_speed_bg=\u00bb1.8&#8243; css=\u00bb.vc_custom_1767854553453{padding-top: 80px !important;padding-right: 80px !important;padding-bottom: 80px !important;padding-left: 80px !important;}\u00bb][vc_custom_heading text=\u00bbParque Nacional del Lago Nakuru\u00bb font_container=\u00bbtag:h1|font_size:32|text_align:left|color:%23ffffff\u00bb google_fonts=\u00bbfont_family:Quicksand%3A300%2Cregular%2C700|font_style:400%20regular%3A400%3Anormal\u00bb el_class=\u00bbbanner-txt\u00bb][vc_separator color=\u00bbcustom\u00bb align=\u00bbalign_left\u00bb border_width=\u00bb2&#8243; el_width=\u00bb20&#8243; accent_color=\u00bb#f8f8f8&#8243;][vc_custom_heading text=\u00bbKenia\u00bb font_container=\u00bbtag:h2|font_size:18|text_align:left|color:%23ffffff\u00bb google_fonts=\u00bbfont_family:Quicksand%3A300%2Cregular%2C700|font_style:400%20regular%3A400%3Anormal\u00bb el_class=\u00bbbanner-txt\u00bb][\/vc_column][\/vc_row][vc_row][vc_column css=\u00bb.vc_custom_1673438873315{border-top-width: 10px !important;border-right-width: 10px !important;border-bottom-width: 10px !important;border-left-width: 10px !important;}\u00bb][vc_tta_tabs shape=\u00bbsquare\u00bb color=\u00bbjuicy-pink\u00bb alignment=\u00bbcenter\u00bb active_section=\u00bb1&#8243; no_fill_content_area=\u00bbtrue\u00bb][vc_tta_section title=\u00bbVisi\u00f3n general\u00bb tab_id=\u00bb1633454673222-3d94f956-010c\u00bb][info_list_father listclr=\u00bb#f8f8f8&#8243;][info_list_son style=\u00bbicon\u00bb size=\u00bb20&#8243; width=\u00bb30&#8243; height=\u00bb20&#8243; titleclr=\u00bb#890000&#8243; icon=\u00bbfas fa-map-marked\u00bb iconclr=\u00bb#890000&#8243; iconbg=\u00bb#f8f8f8&#8243; borderclr=\u00bb#f8f8f8&#8243; title=\u00bbA Kaleidoscope of Color &#038; Conservation\u00bb]\n<p data-path-to-node=\"5\">Lake Nakuru National Park is one of Kenya\u2019s most iconic Rift Valley destinations. Originally famous for the millions of flamingos that turned its shores into a shimmering pink carpet, the park has evolved into a premier sanctuary for endangered species. Encircled by rocky escarpments and pockets of yellow-barked acacia forests, this \u00abPremium Park\u00bb offers a compact yet incredibly dense wildlife experience just a few hours&#8217; drive from Nairobi.<\/p>\n[\/info_list_son][info_list_son style=\u00bbicon\u00bb size=\u00bb20&#8243; width=\u00bb30&#8243; height=\u00bb20&#8243; titleclr=\u00bb#890000&#8243; icon=\u00bbfas fa-route\u00bb iconclr=\u00bb#890000&#8243; iconbg=\u00bb#f8f8f8&#8243; borderclr=\u00bb#f8f8f8&#8243; title=\u00bbWhat to expect\u00bb]\n<ol>\n<li>\n<p data-path-to-node=\"6,0,0\"><strong>The Rhino Stronghold<\/strong><b data-path-to-node=\"6,0,0\" data-index-in-node=\"0\">:<\/b> Nakuru is one of the best places in East Africa to see both <b data-path-to-node=\"6,0,0\" data-index-in-node=\"82\">Black and White Rhinos<\/b> in their natural habitat.<\/p>\n<\/li>\n<li>\n<p data-path-to-node=\"6,1,0\"><strong>Birding Spectacle<\/strong><b data-path-to-node=\"6,1,0\" data-index-in-node=\"0\">:<\/b> While flamingo levels vary with water depths, the lake remains a haven for over 450 bird species, including Great White Pelicans, African Fish Eagles, and Hamerkops.<\/p>\n<\/li>\n<li>\n<p data-path-to-node=\"6,2,0\"><strong>Rare Sightings<\/strong><b data-path-to-node=\"6,2,0\" data-index-in-node=\"0\">:<\/b> It is one of the few places in Kenya to see the endangered <b data-path-to-node=\"6,2,0\" data-index-in-node=\"75\">Rothschild\u2019s Giraffe<\/b> and is famously known for its \u00abtree-climbing\u00bb lions and elusive leopards.<\/p>\n<\/li>\n<li>\n<p data-path-to-node=\"6,3,0\"><strong>The Landscape<\/strong><b data-path-to-node=\"6,3,0\" data-index-in-node=\"0\">:<\/b> From the shimmering alkaline lake to the largest Euphorbia (cactus-like tree) forest in Africa, the scenery is a photographer\u2019s dream.<\/p>\n<\/li>\n<\/ol>\n[\/info_list_son][info_list_son style=\u00bbicon\u00bb size=\u00bb20&#8243; width=\u00bb30&#8243; height=\u00bb20&#8243; titleclr=\u00bb#890000&#8243; icon=\u00bbfar fa-check-circle\u00bb iconclr=\u00bb#890000&#8243; iconbg=\u00bb#f8f8f8&#8243; borderclr=\u00bb#f8f8f8&#8243; title=\u00bbSeason Overview\u00bb]\n<p data-path-to-node=\"6,2,0\">The park is accessible and beautiful in all seasons, best for general wildlife viewing and clearer photography.<\/p>\n[\/info_list_son][\/info_list_father][vc_btn title=\u00bbPide un presupuesto\u00bb style=\u00bboutline-custom\u00bb outline_custom_color=\u00bb#890000&#8243; outline_custom_hover_background=\u00bb#890000&#8243; outline_custom_hover_text=\u00bb#ffffff\u00bb shape=\u00bbsquare\u00bb size=\u00bbsm\u00bb align=\u00bbcenter\u00bb i_align=\u00bbright\u00bb i_icon_fontawesome=\u00bbfas fa-angle-right\u00bb add_icon=\u00bbtrue\u00bb link=\u00bburl:https%3A%2F%2Fmufasatoursandtravels.com%2Fes%2Fsolicite-un-presupuesto%2F|title:Solicite%20un%20presupuesto|\u00bb][\/vc_tta_section][vc_tta_section title=\u00bbAlojamiento\u00bb tab_id=\u00bb1633455601016-f93699bc-5d92&#8243;][vc_row_inner css=\u00bb.vc_custom_1767786578236{padding-top: 10px !important;padding-right: 10px !important;padding-bottom: 10px !important;}\u00bb][vc_column_inner el_class=\u00bbcustom-height\u00bb offset=\u00bbvc_hidden-md vc_hidden-sm vc_hidden-xs\u00bb][ucaddon_uc_side_carousel_content image=\u00bb42736&#8243; title=\u00bbLodge de caza Sarova Lion Hill\u00bb btn_text=\u00bbView Accomodation\u00bb link=\u00bbhttps:\/\/www.sarovahotels.com\/lionhill-nakuru\/\u00bb uc_fonts_data=\u00bbJTdCJTdE\u00bb]U3RyYXRlZ2ljYWxseSUyMGxvY2F0ZWQlMjBvbiUyMGFuJTIwaW5jbGluZSUyMG92ZXJsb29raW5nJTIwdGhlJTIwbGFrZSUyQyUyMHRoaXMlMjBsb2RnZSUyMG9mZmVycyUyMGNsYXNzaWMlMjBsdXh1cnklMjBjaGFsZXQtc3R5bGUlMjByb29tcyUyMGFuZCUyMGJlYXV0aWZ1bGx5JTIwbGFuZHNjYXBlZCUyMGdhcmRlbnMu[\/ucaddon_uc_side_carousel_content][\/vc_column_inner][\/vc_row_inner][vc_row_inner css=\u00bb.vc_custom_1767786578236{padding-top: 10px !important;padding-right: 10px !important;padding-bottom: 10px !important;}\u00bb][vc_column_inner el_class=\u00bbcustom-height\u00bb offset=\u00bbvc_hidden-md vc_hidden-sm vc_hidden-xs\u00bb][ucaddon_uc_side_carousel_content image=\u00bb42742&#8243; title=\u00bbLodge Sopa del Lago Nakuru\u00bb btn_text=\u00bbView Accomodation\u00bb link=\u00bbhttps:\/\/sopalodges.com\/lake-nakuru-sopa-lodge\/the-lodge?ad=semD&amp;an=msn_s&amp;am=exact&amp;q=Lake+Nakuru+Lodge&amp;o=29590&amp;qsrc=999&amp;l=sem&amp;askid=f321e61a-ec5b-4ed5-998a-c6ce0df62f0b-0-ab_mse?ad=semD&amp;an=msn_s&amp;am=exact&amp;q=Lake+Nakuru+Lodge&amp;o=29590&amp;qsrc=999&amp;l=sem&amp;askid=f321e61a-ec5b-4ed5-998a-c6ce0df62f0b-0-ab_mse?attempt=1&amp;page_uuid=51d9ab4c-aa3d-42b0-b0d8-5d2df7f41d0e&amp;time=1534941001&amp;token=1f6889953f05f84866ec00a1cd8dcbdf6c72c1937588d8a05d67ca0ed9249c50?ad=semD&amp;an=msn_s&amp;am=exact&amp;q=Lake+Nakuru+Lodge&amp;o=29590&amp;qsrc=999&amp;l=sem&amp;askid=f321e61a-ec5b-4ed5-998a-c6ce0df62f0b-0-ab_mse?ad=semD&amp;an=msn_s&amp;am=exact&amp;q=Lake+Nakuru+Lodge&amp;o=29590&amp;qsrc=999&amp;l=sem&amp;askid=f321e61a-ec5b-4ed5-998a-c6ce0df62f0b-0-ab_mse?attempt=1&amp;page_uuid=51d9ab4c-aa3d-42b0-b0d8-5d2df7f41d0e&amp;time=1534941001&amp;token=1f6889953f05f84866ec00a1cd8dcbdf6c72c1937588d8a05d67ca0ed9249c50?attempt=1&amp;page_uuid=51d9ab4c-aa3d-42b0-b0d8-5d2df7f41d0e&amp;time=1534941001&amp;token=1f6889953f05f84866ec00a1cd8dcbdf6c72c1937588d8a05d67ca0ed9249c50?attempt=1&amp;page_uuid=51d9ab4c-aa3d-42b0-b0d8-5d2df7f41d0e&amp;time=1534941001&amp;token=1f6889953f05f84866ec00a1cd8dcbdf6c72c1937588d8a05d67ca0ed9249c50&#8243; uc_fonts_data=\u00bbJTdCJTdE\u00bb]UGVyY2hlZCUyMG9uJTIwYSUyMGhpbGwlMjBvbiUyMHRoZSUyMHdlc3Rlcm4lMjBsaW1pdHMlMjBvZiUyMHRoZSUyMHBhcmslMkMlMjBvZmZlcmluZyUyMGFyZ3VhYmx5JTIwdGhlJTIwYmVzdCUyMHBhbm9yYW1pYyUyMHZpZXdzJTIwb2YlMjB0aGUlMjBlbnRpcmUlMjBsYWtlJTIwYW5kJTIwdGhlJTIwc3Vycm91bmRpbmclMjBoaWxscy4=[\/ucaddon_uc_side_carousel_content][\/vc_column_inner][\/vc_row_inner][vc_row_inner css=\u00bb.vc_custom_1767786578236{padding-top: 10px !important;padding-right: 10px !important;padding-bottom: 10px !important;}\u00bb][vc_column_inner el_class=\u00bbcustom-height\u00bb offset=\u00bbvc_hidden-md vc_hidden-sm vc_hidden-xs\u00bb][ucaddon_uc_side_carousel_content image=\u00bb35177&#8243; title=\u00bbEl acantilado\u00bb btn_text=\u00bbView Accomodation\u00bb link=\u00bbhttps:\/\/thecliffkenya.com\/\u00bb uc_fonts_data=\u00bbJTdCJTdE\u00bb]QSUyMGhpZ2gtZW5kJTIwYm91dGlxdWUlMjAlMjJ0ZW50ZWQlMjIlMjBjYW1wJTIwcGVyY2hlZCUyMG9uJTIwdGhlJTIwZWRnZSUyMG9mJTIwYSUyMGNsaWZmJTJDJTIwY29tYmluaW5nJTIwdGhlJTIwbHV4dXJ5JTIwb2YlMjBhJTIwNS1zdGFyJTIwaG90ZWwlMjB3aXRoJTIwdGhlJTIwaW50aW1hY3klMjBvZiUyMGElMjB0ZW50ZWQlMjBzYWZhcmku[\/ucaddon_uc_side_carousel_content][\/vc_column_inner][\/vc_row_inner][vc_row_inner css=\u00bb.vc_custom_1767786578236{padding-top: 10px !important;padding-right: 10px !important;padding-bottom: 10px !important;}\u00bb][vc_column_inner el_class=\u00bbcustom-height\u00bb offset=\u00bbvc_hidden-md vc_hidden-sm vc_hidden-xs\u00bb][ucaddon_uc_side_carousel_content image=\u00bb35228&#8243; title=\u00bbLake Nakuru Lodge\u00bb btn_text=\u00bbView Accomodation\u00bb link=\u00bbhttps:\/\/lakenakurulodge.com\/\u00bb uc_fonts_data=\u00bbJTdCJTdE\u00bb]U2l0dWF0ZWQlMjBpbiUyMHRoZSUyMHNvdXRoLWVhc3QlMjBvZiUyMHRoZSUyMHBhcmslMkMlMjB0aGlzJTIwZWNvLWxvZGdlJTIwb2ZmZXJzJTIwZ3JlYXQlMjB2aWV3cyUyMG9mJTIwdGhlJTIwZmxhbWluZ29zJTIwYW5kJTIwZmVhdHVyZXMlMjBhJTIwcG9wdWxhciUyMHdhdGVyaW5nJTIwaG9sZSUyMHRoYXQlMjBhdHRyYWN0cyUyMHdpbGRsaWZlJTIwYXQlMjBuaWdodC4=[\/ucaddon_uc_side_carousel_content][\/vc_column_inner][\/vc_row_inner][vc_row_inner css=\u00bb.vc_custom_1767786578236{padding-top: 10px !important;padding-right: 10px !important;padding-bottom: 10px !important;}\u00bb][vc_column_inner el_class=\u00bbcustom-height\u00bb offset=\u00bbvc_hidden-md vc_hidden-sm vc_hidden-xs\u00bb][ucaddon_uc_side_carousel_content image=\u00bb42748&#8243; title=\u00bbLogia Ziwa Bush\u00bb btn_text=\u00bbView Accomodation\u00bb link=\u00bbhttps:\/\/www.ziwalodge.com\/\u00bb uc_fonts_data=\u00bbJTdCJTdE\u00bb]TG9jYXRlZCUyMGp1c3QlMjBvdXRzaWRlJTIwdGhlJTIwcGFyayUyQyUyMHRoaXMlMjBsb2RnZSUyMG9mZmVycyUyMGElMjBxdWlldCUyQyUyMGJvdXRpcXVlJTIwZXhwZXJpZW5jZSUyMHdpdGglMjB0cmFkaXRpb25hbCUyMEFmcmljYW4tc3R5bGUlMjBodXRzJTIwYW5kJTIwZXhjZWxsZW50JTIwZGluaW5nLg==[\/ucaddon_uc_side_carousel_content][\/vc_column_inner][\/vc_row_inner][vc_row_inner css=\u00bb.vc_custom_1767786578236{padding-top: 10px !important;padding-right: 10px !important;padding-bottom: 10px !important;}\u00bb][vc_column_inner el_class=\u00bbcustom-height\u00bb offset=\u00bbvc_hidden-lg\u00bb][vc_headings style=\u00bbtheme2&#8243; borderclr=\u00bb#890000&#8243; title=\u00bbSarova Lion Hill Game Lodge\u00bb align=\u00bbleft\u00bb google_fonts=\u00bbfont_family:Quicksand%3A300%2Cregular%2C700|font_style:400%20regular%3A400%3Anormal\u00bb titleclr=\u00bb#000000&#8243;]Strategically located on an incline overlooking the lake, this lodge offers classic luxury chalet-style rooms and beautifully landscaped gardens.[\/vc_headings][vc_btn title=\u00bbVer alojamiento\u00bb style=\u00bboutline-custom\u00bb outline_custom_color=\u00bb#890000&#8243; outline_custom_hover_background=\u00bb#890000&#8243; outline_custom_hover_text=\u00bb#ffffff\u00bb shape=\u00bbsquare\u00bb size=\u00bbsm\u00bb i_icon_fontawesome=\u00bbfas fa-angle-right\u00bb add_icon=\u00bbtrue\u00bb css=\u00bb.vc_custom_1767787490661{padding-top: 10px !important;padding-right: 10px !important;padding-bottom: 10px !important;}\u00bb link=\u00bburl:https%3A%2F%2Fwww.sarovahotels.com%2Flionhill-nakuru%2F|\u00bb][\/vc_column_inner][\/vc_row_inner][vc_row_inner css=\u00bb.vc_custom_1767786578236{padding-top: 10px !important;padding-right: 10px !important;padding-bottom: 10px !important;}\u00bb][vc_column_inner el_class=\u00bbcustom-height\u00bb offset=\u00bbvc_hidden-lg\u00bb][vc_headings style=\u00bbtheme2&#8243; borderclr=\u00bb#890000&#8243; title=\u00bbLake Nakuru Sopa Lodge\u00bb align=\u00bbleft\u00bb google_fonts=\u00bbfont_family:Quicksand%3A300%2Cregular%2C700|font_style:400%20regular%3A400%3Anormal\u00bb titleclr=\u00bb#000000&#8243;]Perched on a hill on the western limits of the park, offering arguably the best panoramic views of the entire lake and the surrounding hills.[\/vc_headings][vc_btn title=\u00bbVer alojamiento\u00bb style=\u00bboutline-custom\u00bb outline_custom_color=\u00bb#890000&#8243; outline_custom_hover_background=\u00bb#890000&#8243; outline_custom_hover_text=\u00bb#ffffff\u00bb shape=\u00bbsquare\u00bb size=\u00bbsm\u00bb i_icon_fontawesome=\u00bbfas fa-angle-right\u00bb add_icon=\u00bbtrue\u00bb css=\u00bb.vc_custom_1767787563386{padding-top: 10px !important;padding-right: 10px !important;padding-bottom: 10px !important;}\u00bb link=\u00bburl:https%3A%2F%2Fsopalodges.com%2Flake-nakuru-sopa-lodge%2Fthe-lodge%3Fad%3DsemD%26an%3Dmsn_s%26am%3Dexact%26q%3DLake%2BNakuru%2BLodge%26o%3D29590%26qsrc%3D999%26l%3Dsem%26askid%3Df321e61a-ec5b-4ed5-998a-c6ce0df62f0b-0-ab_mse%3Fad%3DsemD%26an%3Dmsn_s%26am%3Dexact%26q%3DLake%2BNakuru%2BLodge%26o%3D29590%26qsrc%3D999%26l%3Dsem%26askid%3Df321e61a-ec5b-4ed5-998a-c6ce0df62f0b-0-ab_mse%3Fattempt%3D1%26page_uuid%3D51d9ab4c-aa3d-42b0-b0d8-5d2df7f41d0e%26time%3D1534941001%26token%3D1f6889953f05f84866ec00a1cd8dcbdf6c72c1937588d8a05d67ca0ed9249c50%3Fad%3DsemD%26an%3Dmsn_s%26am%3Dexact%26q%3DLake%2BNakuru%2BLodge%26o%3D29590%26qsrc%3D999%26l%3Dsem%26askid%3Df321e61a-ec5b-4ed5-998a-c6ce0df62f0b-0-ab_mse%3Fad%3DsemD%26an%3Dmsn_s%26am%3Dexact%26q%3DLake%2BNakuru%2BLodge%26o%3D29590%26qsrc%3D999%26l%3Dsem%26askid%3Df321e61a-ec5b-4ed5-998a-c6ce0df62f0b-0-ab_mse%3Fattempt%3D1%26page_uuid%3D51d9ab4c-aa3d-42b0-b0d8-5d2df7f41d0e%26time%3D1534941001%26token%3D1f6889953f05f84866ec00a1cd8dcbdf6c72c1937588d8a05d67ca0ed9249c50%3Fattempt%3D1%26page_uuid%3D51d9ab4c-aa3d-42b0-b0d8-5d2df7f41d0e%26time%3D1534941001%26token%3D1f6889953f05f84866ec00a1cd8dcbdf6c72c1937588d8a05d67ca0ed9249c50%3Fattempt%3D1%26page_uuid%3D51d9ab4c-aa3d-42b0-b0d8-5d2df7f41d0e%26time%3D1534941001%26token%3D1f6889953f05f84866ec00a1cd8dcbdf6c72c1937588d8a05d67ca0ed9249c50|\u00bb][\/vc_column_inner][\/vc_row_inner][vc_row_inner css=\u00bb.vc_custom_1767786578236{padding-top: 10px !important;padding-right: 10px !important;padding-bottom: 10px !important;}\u00bb][vc_column_inner el_class=\u00bbcustom-height\u00bb offset=\u00bbvc_hidden-lg\u00bb][vc_headings style=\u00bbtheme2&#8243; borderclr=\u00bb#890000&#8243; title=\u00bbThe Cliff\u00bb align=\u00bbleft\u00bb google_fonts=\u00bbfont_family:Quicksand%3A300%2Cregular%2C700|font_style:400%20regular%3A400%3Anormal\u00bb titleclr=\u00bb#000000&#8243;]A high-end boutique \u00abtented\u00bb camp perched on the edge of a cliff, combining the luxury of a 5-star hotel with the intimacy of a tented safari.[\/vc_headings][vc_btn title=\u00bbVer alojamiento\u00bb style=\u00bboutline-custom\u00bb outline_custom_color=\u00bb#890000&#8243; outline_custom_hover_background=\u00bb#890000&#8243; outline_custom_hover_text=\u00bb#ffffff\u00bb shape=\u00bbsquare\u00bb size=\u00bbsm\u00bb i_icon_fontawesome=\u00bbfas fa-angle-right\u00bb add_icon=\u00bbtrue\u00bb css=\u00bb.vc_custom_1767787622263{padding-top: 10px !important;padding-right: 10px !important;padding-bottom: 10px !important;}\u00bb link=\u00bburl:https%3A%2F%2Fthecliffkenya.com%2F|\u00bb][\/vc_column_inner][\/vc_row_inner][vc_row_inner css=\u00bb.vc_custom_1767786578236{padding-top: 10px !important;padding-right: 10px !important;padding-bottom: 10px !important;}\u00bb][vc_column_inner el_class=\u00bbcustom-height\u00bb offset=\u00bbvc_hidden-lg\u00bb][vc_headings style=\u00bbtheme2&#8243; borderclr=\u00bb#890000&#8243; title=\u00bbLake Nakuru Lodge\u00bb align=\u00bbleft\u00bb google_fonts=\u00bbfont_family:Quicksand%3A300%2Cregular%2C700|font_style:400%20regular%3A400%3Anormal\u00bb titleclr=\u00bb#000000&#8243;]Situated in the south-east of the park, this eco-lodge offers great views of the flamingos and features a popular watering hole that attracts wildlife at night.[\/vc_headings][vc_btn title=\u00bbVer alojamiento\u00bb style=\u00bboutline-custom\u00bb outline_custom_color=\u00bb#890000&#8243; outline_custom_hover_background=\u00bb#890000&#8243; outline_custom_hover_text=\u00bb#ffffff\u00bb shape=\u00bbsquare\u00bb size=\u00bbsm\u00bb i_icon_fontawesome=\u00bbfas fa-angle-right\u00bb add_icon=\u00bbtrue\u00bb css=\u00bb.vc_custom_1767787695035{padding-top: 10px !important;padding-right: 10px !important;padding-bottom: 10px !important;}\u00bb link=\u00bburl:https%3A%2F%2Flakenakurulodge.com%2F|\u00bb][\/vc_column_inner][\/vc_row_inner][vc_row_inner css=\u00bb.vc_custom_1767786578236{padding-top: 10px !important;padding-right: 10px !important;padding-bottom: 10px !important;}\u00bb][vc_column_inner el_class=\u00bbcustom-height\u00bb offset=\u00bbvc_hidden-lg\u00bb][vc_headings style=\u00bbtheme2&#8243; borderclr=\u00bb#890000&#8243; title=\u00bbZiwa Bush Lodge\u00bb align=\u00bbleft\u00bb google_fonts=\u00bbfont_family:Quicksand%3A300%2Cregular%2C700|font_style:400%20regular%3A400%3Anormal\u00bb titleclr=\u00bb#000000&#8243;]Located just outside the park, this lodge offers a quiet, boutique experience with traditional African-style huts and excellent dining.[\/vc_headings][vc_btn title=\u00bbVer alojamiento\u00bb style=\u00bboutline-custom\u00bb outline_custom_color=\u00bb#890000&#8243; outline_custom_hover_background=\u00bb#890000&#8243; outline_custom_hover_text=\u00bb#ffffff\u00bb shape=\u00bbsquare\u00bb size=\u00bbsm\u00bb i_icon_fontawesome=\u00bbfas fa-angle-right\u00bb add_icon=\u00bbtrue\u00bb css=\u00bb.vc_custom_1767787751931{padding-top: 10px !important;padding-right: 10px !important;padding-bottom: 10px !important;}\u00bb link=\u00bburl:https%3A%2F%2Fwww.ziwalodge.com%2F|\u00bb][\/vc_column_inner][\/vc_row_inner][\/vc_tta_section][vc_tta_section title=\u00bbActividades\u00bb tab_id=\u00bb1767601538075-7b6924d3-776e\u00bb][info_list_father listclr=\u00bb#f8f8f8&#8243;][info_list_son style=\u00bbicon\u00bb size=\u00bb0&#8243; width=\u00bb0&#8243; height=\u00bb0&#8243; titleclr=\u00bb#f8f8f8&#8243; iconclr=\u00bb#f8f8f8&#8243; borderclr=\u00bb#f8f8f8&#8243; caption_url=\u00bb\u00bb]\n<ol>\n<li>\n<p data-path-to-node=\"16,0,0\"><strong>Busca los \u00abCuatro Grandes\u00bb<\/strong><b data-path-to-node=\"16,0,0\" data-index-in-node=\"0\">:<\/b> \u00danete a nuestros gu\u00edas expertos en un safari 4&#215;4 para rastrear leones, leopardos, b\u00fafalos y rinocerontes. (Nota: No hay elefantes en Nakuru debido a su condici\u00f3n de santuario vallado). <\/p>\n<\/li>\n<li>\n<p data-path-to-node=\"16,1,0\"><strong>Visita el Mirador del Babuino del Acantilado<\/strong><b data-path-to-node=\"16,1,0\" data-index-in-node=\"0\">:<\/b> Conduce hasta este mirador de gran altitud para disfrutar de un impresionante panorama de 360 grados de todo el lago y el parque que hay abajo. Es el lugar perfecto para la fotograf\u00eda de paisajes. <\/p>\n<\/li>\n<li>\n<p data-path-to-node=\"16,2,0\"><strong>Caminata hasta las Cataratas Makalia<\/strong><b data-path-to-node=\"16,2,0\" data-index-in-node=\"0\">:<\/b> Visita el extremo sur del parque para ver la cascada Makalia. Es un lugar sereno para un paseo guiado y un picnic, especialmente hermoso despu\u00e9s de las lluvias. <\/p>\n<\/li>\n<li>\n<p data-path-to-node=\"16,3,0\"><strong>Expediciones para la observaci\u00f3n de aves<\/strong><b data-path-to-node=\"16,3,0\" data-index-in-node=\"0\">:<\/b> Pasa tiempo con un ornit\u00f3logo experto identificando la gran variedad de aves acu\u00e1ticas y especies del bosque que habitan el parque.<\/p>\n<\/li>\n<li>\n<p data-path-to-node=\"16,4,0\"><strong>Mirador de Fuera de \u00c1frica<\/strong><b data-path-to-node=\"16,4,0\" data-index-in-node=\"0\">:<\/b> Visita este lugar esc\u00e9nico (famoso por la pel\u00edcula) para ver el lago desde otra perspectiva, a menudo rodeado de manadas de cebras y waterbucks pastando.<\/p>\n<\/li>\n<li>\n<p data-path-to-node=\"16,5,0\"><strong>Picnics en la naturaleza<\/strong><b data-path-to-node=\"16,5,0\" data-index-in-node=\"0\">:<\/b> Podemos organizar un \u00abDesayuno en el Bosque\u00bb o un Almuerzo de Picnic privado en uno de los lugares designados como <b data-path-to-node=\"16,5,0\" data-index-in-node=\"115\">el Pelican Picnic Site<\/b>, permiti\u00e9ndote cenar mientras observas a los hipop\u00f3tamos a lo lejos.<\/p>\n<\/li>\n<\/ol>\n[\/info_list_son][\/info_list_father][\/vc_tta_section][\/vc_tta_tabs][\/vc_column][\/vc_row]\n","protected":false},"excerpt":{"rendered":"<p>[vc_row full_width=\u00bbstretch_row\u00bb gap=\u00bb1&#8243;][vc_column parallax=\u00bbcontent-moving\u00bb parallax_image=\u00bb42799&#8243; parallax_speed_bg=\u00bb1.8&#8243; css=\u00bb.vc_custom_1767854553453{padding-top: 80px !important;padding-right: 80px !important;padding-bottom: 80px !important;padding-left: 80px !important;}\u00bb][vc_custom_heading text=\u00bbParque Nacional del Lago Nakuru\u00bb font_container=\u00bbtag:h1|font_size:32|text_align:left|color:%23ffffff\u00bb google_fonts=\u00bbfont_family:Quicksand%3A300%2Cregular%2C700|font_style:400%20regular%3A400%3Anormal\u00bb el_class=\u00bbbanner-txt\u00bb][vc_separator color=\u00bbcustom\u00bb align=\u00bbalign_left\u00bb border_width=\u00bb2&#8243; el_width=\u00bb20&#8243; accent_color=\u00bb#f8f8f8&#8243;][vc_custom_heading text=\u00bbKenia\u00bb font_container=\u00bbtag:h2|font_size:18|text_align:left|color:%23ffffff\u00bb google_fonts=\u00bbfont_family:Quicksand%3A300%2Cregular%2C700|font_style:400%20regular%3A400%3Anormal\u00bb el_class=\u00bbbanner-txt\u00bb][\/vc_column][\/vc_row][vc_row][vc_column css=\u00bb.vc_custom_1673438873315{border-top-width: 10px !important;border-right-width: 10px !important;border-bottom-width: 10px !important;border-left-width: 10px !important;}\u00bb][vc_tta_tabs shape=\u00bbsquare\u00bb color=\u00bbjuicy-pink\u00bb alignment=\u00bbcenter\u00bb active_section=\u00bb1&#8243; no_fill_content_area=\u00bbtrue\u00bb][vc_tta_section title=\u00bbVisi\u00f3n general\u00bb tab_id=\u00bb1633454673222-3d94f956-010c\u00bb][info_list_father listclr=\u00bb#f8f8f8&#8243;][info_list_son style=\u00bbicon\u00bb size=\u00bb20&#8243; width=\u00bb30&#8243; height=\u00bb20&#8243; titleclr=\u00bb#890000&#8243; [&hellip;]<\/p>\n","protected":false},"author":2,"featured_media":0,"parent":28078,"menu_order":8,"comment_status":"closed","ping_status":"closed","template":"","meta":{"_themeisle_gutenberg_block_has_review":false,"footnotes":""},"class_list":["post-42727","page","type-page","status-publish","hentry"],"_links":{"self":[{"href":"https:\/\/mufasatoursandtravels.com\/es\/wp-json\/wp\/v2\/pages\/42727","targetHints":{"allow":["GET"]}}],"collection":[{"href":"https:\/\/mufasatoursandtravels.com\/es\/wp-json\/wp\/v2\/pages"}],"about":[{"href":"https:\/\/mufasatoursandtravels.com\/es\/wp-json\/wp\/v2\/types\/page"}],"author":[{"embeddable":true,"href":"https:\/\/mufasatoursandtravels.com\/es\/wp-json\/wp\/v2\/users\/2"}],"replies":[{"embeddable":true,"href":"https:\/\/mufasatoursandtravels.com\/es\/wp-json\/wp\/v2\/comments?post=42727"}],"version-history":[{"count":5,"href":"https:\/\/mufasatoursandtravels.com\/es\/wp-json\/wp\/v2\/pages\/42727\/revisions"}],"predecessor-version":[{"id":42814,"href":"https:\/\/mufasatoursandtravels.com\/es\/wp-json\/wp\/v2\/pages\/42727\/revisions\/42814"}],"up":[{"embeddable":true,"href":"https:\/\/mufasatoursandtravels.com\/es\/wp-json\/wp\/v2\/pages\/28078"}],"wp:attachment":[{"href":"https:\/\/mufasatoursandtravels.com\/es\/wp-json\/wp\/v2\/media?parent=42727"}],"curies":[{"name":"wp","href":"https:\/\/api.w.org\/{rel}","templated":true}]}}