{"id":42826,"date":"2026-01-08T09:41:44","date_gmt":"2026-01-08T06:41:44","guid":{"rendered":"https:\/\/mufasatoursandtravels.com\/destinos\/colinas-taita\/"},"modified":"2026-01-08T10:01:59","modified_gmt":"2026-01-08T07:01:59","slug":"colinas-taita","status":"publish","type":"page","link":"https:\/\/mufasatoursandtravels.com\/es\/destinos\/colinas-taita\/","title":{"rendered":"Colinas Taita"},"content":{"rendered":"[vc_row full_width=\u00bbstretch_row\u00bb gap=\u00bb1&#8243;][vc_column parallax=\u00bbcontent-moving\u00bb parallax_image=\u00bb7064&#8243; parallax_speed_bg=\u00bb1&#8243; css=\u00bb.vc_custom_1767854807011{padding-top: 80px !important;padding-right: 80px !important;padding-bottom: 80px !important;padding-left: 80px !important;}\u00bb][vc_custom_heading text=\u00bbSantuario de Vida Silvestre de Taita Hills\u00bb font_container=\u00bbtag:h1|font_size:32|text_align:left|color:%23ffffff\u00bb google_fonts=\u00bbfont_family:Quicksand%3A300%2Cregular%2C700|font_style:400%20regular%3A400%3Anormal\u00bb el_class=\u00bbbanner-txt\u00bb][vc_separator color=\u00bbcustom\u00bb align=\u00bbalign_left\u00bb border_width=\u00bb2&#8243; el_width=\u00bb20&#8243; accent_color=\u00bb#f8f8f8&#8243;][vc_custom_heading text=\u00bbKenia\u00bb font_container=\u00bbtag:h2|font_size:18|text_align:left|color:%23ffffff\u00bb google_fonts=\u00bbfont_family:Quicksand%3A300%2Cregular%2C700|font_style:400%20regular%3A400%3Anormal\u00bb el_class=\u00bbbanner-txt\u00bb][\/vc_column][\/vc_row][vc_row][vc_column css=\u00bb.vc_custom_1673438873315{border-top-width: 10px !important;border-right-width: 10px !important;border-bottom-width: 10px !important;border-left-width: 10px !important;}\u00bb][vc_tta_tabs shape=\u00bbsquare\u00bb color=\u00bbjuicy-pink\u00bb alignment=\u00bbcenter\u00bb active_section=\u00bb1&#8243; no_fill_content_area=\u00bbtrue\u00bb][vc_tta_section title=\u00bbVisi\u00f3n general\u00bb tab_id=\u00bb1633454673222-3d94f956-010c\u00bb][info_list_father listclr=\u00bb#f8f8f8&#8243;][info_list_son style=\u00bbicon\u00bb size=\u00bb20&#8243; width=\u00bb30&#8243; height=\u00bb20&#8243; titleclr=\u00bb#890000&#8243; icon=\u00bbfas fa-map-marked\u00bb iconclr=\u00bb#890000&#8243; iconbg=\u00bb#f8f8f8&#8243; borderclr=\u00bb#f8f8f8&#8243; title=\u00bbEden Between The Tsavos\u00bb caption_url=\u00bb\u00bb]\n<p data-path-to-node=\"5\">Taita Hills Wildlife Sanctuary is a 28,000-acre private conservancy that serves as a vital wildlife corridor between Tsavo East and Tsavo West National Parks. Unlike the vast, rugged plains of the surrounding Tsavo ecosystem, Taita Hills offers a more intimate and verdant landscape characterized by grassy plains, riverine forests, and the dramatic backdrop of the Taita Hills mountains.<\/p>\n[\/info_list_son][info_list_son style=\u00bbicon\u00bb size=\u00bb20&#8243; width=\u00bb30&#8243; height=\u00bb20&#8243; titleclr=\u00bb#890000&#8243; icon=\u00bbfas fa-route\u00bb iconclr=\u00bb#890000&#8243; iconbg=\u00bb#f8f8f8&#8243; borderclr=\u00bb#f8f8f8&#8243; title=\u00bbWhat to expect\u00bb caption_url=\u00bb\u00bb]\n<ol>\n<li>\n<p data-path-to-node=\"6,0,0\"><strong>The Wildlife Corridor<\/strong><b data-path-to-node=\"6,0,0\" data-index-in-node=\"0\">:<\/b> Because it is a private sanctuary, the animal density is high. It is a haven for massive herds of elephants, lions, leopards, cheetahs, and the rare fringe-eared oryx.<\/p>\n<\/li>\n<li>\n<p data-path-to-node=\"6,1,0\"><strong>Birdwatcher\u2019s Haven<\/strong><b data-path-to-node=\"6,1,0\" data-index-in-node=\"0\">:<\/b> With over 300 recorded species, the sanctuary is a vital habitat for both local and migratory birds, including the extremely rare Taita Thrush and Taita White-eye.<\/p>\n<\/li>\n<li>\n<p data-path-to-node=\"6,2,0\"><strong>Exclusive Access<\/strong><b data-path-to-node=\"6,2,0\" data-index-in-node=\"0\">:<\/b> As a private conservancy, Taita Hills offers a more secluded experience with fewer tourist vehicles than the public national parks.<\/p>\n<\/li>\n<\/ol>\n[\/info_list_son][info_list_son style=\u00bbicon\u00bb size=\u00bb20&#8243; width=\u00bb30&#8243; height=\u00bb20&#8243; titleclr=\u00bb#890000&#8243; icon=\u00bbfar fa-check-circle\u00bb iconclr=\u00bb#890000&#8243; iconbg=\u00bb#f8f8f8&#8243; borderclr=\u00bb#f8f8f8&#8243; title=\u00bbSeasonal Overview\u00bb caption_url=\u00bb\u00bb]\n<p data-path-to-node=\"6,2,0\">Animals congregate around the man-made waterholes and salt licks, offering guaranteed sightings.<\/p>\n[\/info_list_son][\/info_list_father][vc_btn title=\u00bbPide un presupuesto\u00bb style=\u00bboutline-custom\u00bb outline_custom_color=\u00bb#890000&#8243; outline_custom_hover_background=\u00bb#890000&#8243; outline_custom_hover_text=\u00bb#ffffff\u00bb shape=\u00bbsquare\u00bb size=\u00bbsm\u00bb align=\u00bbcenter\u00bb i_align=\u00bbright\u00bb i_icon_fontawesome=\u00bbfas fa-angle-right\u00bb add_icon=\u00bbtrue\u00bb link=\u00bburl:https%3A%2F%2Fmufasatoursandtravels.com%2Fes%2Fsolicite-un-presupuesto%2F|title:Solicite%20un%20presupuesto|\u00bb][\/vc_tta_section][vc_tta_section title=\u00bbAlojamiento\u00bb tab_id=\u00bb1633455601016-f93699bc-5d92&#8243;][vc_row_inner css=\u00bb.vc_custom_1767855069474{padding: 10px !important;}\u00bb][vc_column_inner el_class=\u00bbcustom-height\u00bb offset=\u00bbvc_hidden-md vc_hidden-sm vc_hidden-xs\u00bb][ucaddon_uc_side_carousel_content image=\u00bb42828&#8243; title=\u00bbRefugio Safari Saltlick\u00bb btn_text=\u00bbView Accomodation\u00bb link=\u00bbhttps:\/\/saltlicksafarilodge.com\/\u00bb uc_init_settings=\u00bb\u00bb uc_fonts_data=\u00bbJTdCJTdE\u00bb]QXJndWFibHklMjBvbmUlMjBvZiUyMHRoZSUyMG1vc3QlMjBwaG90b2dyYXBoZWQlMjBsb2RnZXMlMjBpbiUyMHRoZSUyMHdvcmxkLiUyMFRoaXMlMjBsdXh1cnklMjBsb2RnZSUyMGNvbnNpc3RzJTIwb2YlMjBjaXJjdWxhciUyMHJvb21zJTIwcGVyY2hlZCUyMG9uJTIwaGlnaCUyMHN0aWx0cyUyMGNvbm5lY3RlZCUyMGJ5JTIwZWxldmF0ZWQlMjB3YWxrd2F5cy4lMjBJdCUyMG92ZXJsb29rcyUyMGElMjBzZXJpZXMlMjBvZiUyMHdhdGVyaG9sZXMlMjBhbmQlMjBzYWx0JTIwbGlja3MlMjB0aGF0JTIwYXR0cmFjdCUyMHdpbGRsaWZlJTIwMjQlMkY3LiUyMFlvdSUyMGNhbiUyMGxpdGVyYWxseSUyMHdhdGNoJTIwZWxlcGhhbnRzJTIwd2FsayUyMGJlbmVhdGglMjB5b3VyJTIwcm9vbSUyMQ==[\/ucaddon_uc_side_carousel_content][\/vc_column_inner][\/vc_row_inner][vc_row_inner css=\u00bb.vc_custom_1767855069474{padding: 10px !important;}\u00bb][vc_column_inner el_class=\u00bbcustom-height\u00bb offset=\u00bbvc_hidden-md vc_hidden-sm vc_hidden-xs\u00bb][ucaddon_uc_side_carousel_content image=\u00bb42834&#8243; title=\u00bbTaita Hills Safari Resort &amp; Spa\u00bb btn_text=\u00bbView Accomodation\u00bb link=\u00bbhttps:\/\/taitahillssafariresort.com\/\u00bb uc_init_settings=\u00bb\u00bb uc_fonts_data=\u00bbJTdCJTdE\u00bb]TG9jYXRlZCUyMGF0JTIwdGhlJTIwbWFpbiUyMGVudHJhbmNlJTIwdG8lMjB0aGUlMjBzYW5jdHVhcnklMkMlMjB0aGlzJTIwc3RvbmUtYnVpbHQlMjByZXNvcnQlMjByZXNlbWJsZXMlMjBhJTIwR2VybWFuJTIwZm9ydHJlc3MuJTIwSXQlMjBvZmZlcnMlMjBleHBhbnNpdmUlMjBnYXJkZW5zJTJDJTIwYSUyMGxhcmdlJTIwc3dpbW1pbmclMjBwb29sJTJDJTIwYW5kJTIwYSUyMG11c2V1bSUyMGRpc3BsYXlpbmclMjBhcnRpZmFjdHMlMjBmcm9tJTIwV29ybGQlMjBXYXIlMjBJ[\/ucaddon_uc_side_carousel_content][\/vc_column_inner][\/vc_row_inner][vc_row_inner css=\u00bb.vc_custom_1767855069474{padding: 10px !important;}\u00bb][vc_column_inner el_class=\u00bbcustom-height\u00bb offset=\u00bbvc_hidden-lg\u00bb][vc_headings style=\u00bbtheme2&#8243; borderclr=\u00bb#890000&#8243; title=\u00bbSaltlick Safari Lodge\u00bb align=\u00bbleft\u00bb google_fonts=\u00bbfont_family:Quicksand%3A300%2Cregular%2C700|font_style:400%20regular%3A400%3Anormal\u00bb titleclr=\u00bb#000000&#8243; caption_url=\u00bb\u00bb caption_urls=\u00bb\u00bb caption_urlss=\u00bb\u00bb caption_urldesc=\u00bb\u00bb]Arguably one of the most photographed lodges in the world. This luxury lodge consists of circular rooms perched on high stilts connected by elevated walkways. It overlooks a series of waterholes and salt licks that attract wildlife 24\/7. You can literally watch elephants walk beneath your room![\/vc_headings][vc_btn title=\u00bbVer alojamiento\u00bb style=\u00bboutline-custom\u00bb outline_custom_color=\u00bb#890000&#8243; outline_custom_hover_background=\u00bb#890000&#8243; outline_custom_hover_text=\u00bb#ffffff\u00bb shape=\u00bbsquare\u00bb size=\u00bbsm\u00bb i_align=\u00bbright\u00bb i_icon_fontawesome=\u00bbfas fa-angle-right\u00bb add_icon=\u00bbtrue\u00bb css=\u00bb.vc_custom_1767855629598{padding-top: 10px !important;padding-right: 10px !important;padding-bottom: 10px !important;}\u00bb link=\u00bburl:https%3A%2F%2Fsaltlicksafarilodge.com%2F|\u00bb][\/vc_column_inner][\/vc_row_inner][vc_row_inner css=\u00bb.vc_custom_1767855069474{padding: 10px !important;}\u00bb][vc_column_inner el_class=\u00bbcustom-height\u00bb offset=\u00bbvc_hidden-lg\u00bb][vc_headings style=\u00bbtheme2&#8243; borderclr=\u00bb#890000&#8243; title=\u00bbTaita Hills Safari Resort &#038; Spa\u00bb align=\u00bbleft\u00bb google_fonts=\u00bbfont_family:Quicksand%3A300%2Cregular%2C700|font_style:400%20regular%3A400%3Anormal\u00bb titleclr=\u00bb#000000&#8243; caption_url=\u00bb\u00bb caption_urls=\u00bb\u00bb caption_urlss=\u00bb\u00bb caption_urldesc=\u00bb\u00bb]Located at the main entrance to the sanctuary, this stone-built resort resembles a German fortress. It offers expansive gardens, a large swimming pool, and a museum displaying artifacts from World War I[\/vc_headings][vc_btn title=\u00bbVer alojamiento\u00bb style=\u00bboutline-custom\u00bb outline_custom_color=\u00bb#890000&#8243; outline_custom_hover_background=\u00bb#890000&#8243; outline_custom_hover_text=\u00bb#ffffff\u00bb shape=\u00bbsquare\u00bb size=\u00bbsm\u00bb i_align=\u00bbright\u00bb i_icon_fontawesome=\u00bbfas fa-angle-right\u00bb add_icon=\u00bbtrue\u00bb css=\u00bb.vc_custom_1767855822290{padding-top: 10px !important;padding-right: 10px !important;padding-bottom: 10px !important;}\u00bb link=\u00bburl:https%3A%2F%2Ftaitahillssafariresort.com%2F|\u00bb][\/vc_column_inner][\/vc_row_inner][\/vc_tta_section][vc_tta_section title=\u00bbActividades\u00bb tab_id=\u00bb1767601538075-7b6924d3-776e\u00bb][info_list_father listclr=\u00bb#f8f8f8&#8243;][info_list_son style=\u00bbicon\u00bb size=\u00bb0&#8243; width=\u00bb0&#8243; height=\u00bb0&#8243; titleclr=\u00bb#f8f8f8&#8243; iconclr=\u00bb#f8f8f8&#8243; borderclr=\u00bb#f8f8f8&#8243; caption_url=\u00bb\u00bb]\n<ol>\n<li>\n<p data-path-to-node=\"16,0,0\"><strong>Safaris<\/strong> <b data-path-to-node=\"16,0,0\" data-index-in-node=\"0\">nocturnos:<\/b> Experimenta la emoci\u00f3n del monte africano despu\u00e9s del anochecer. Utilizando focos filtrados, nuestros gu\u00edas rastrean cazadores nocturnos como leopardos, hienas y el esquivo tej\u00f3n mel\u00edfero. <\/p>\n<\/li>\n<li>\n<p data-path-to-node=\"16,1,0\"><strong>Fotograf\u00eda de vida silvestre \u00abesconderse<\/strong><b data-path-to-node=\"16,1,0\" data-index-in-node=\"0\">\u00ab:<\/b> Pasa tiempo en el t\u00fanel subterr\u00e1neo del Salt Lick Safari Lodge. Este \u00abescondite\u00bb te sit\u00faa a nivel del suelo con los animales, permitiendo fotograf\u00edas de primer plano de clase mundial de la fauna bebiendo en el abrevadero. <\/p>\n<\/li>\n<li>\n<p data-path-to-node=\"16,2,0\"><strong>Tours por el campo de batalla de la Primera Guerra Mundial<\/strong><b data-path-to-node=\"16,2,0\" data-index-in-node=\"0\">:<\/b> Para los aficionados a la historia, el santuario y las colinas circundantes albergan importantes lugares donde las fuerzas brit\u00e1nicas y alemanas se enfrentaron. Podemos organizar visitas guiadas a los fuertes y puestos de francotiradores. <\/p>\n<\/li>\n<li>\n<p data-path-to-node=\"16,3,0\"><strong>Paseos guiados por la naturaleza<\/strong><b data-path-to-node=\"16,3,0\" data-index-in-node=\"0\">:<\/b> Explora a pie los peque\u00f1os detalles del bosque. Acompa\u00f1ado por un guardabosques del santuario, aprender\u00e1s sobre el rastreo de animales, plantas aut\u00f3ctonas y la vibrante avifauna del ecosistema Taita. <\/p>\n<\/li>\n<li>\n<p data-path-to-node=\"16,4,0\"><strong>Desayunos y atardeceres en el campo<\/strong><b data-path-to-node=\"16,4,0\" data-index-in-node=\"0\">:<\/b> Disfruta de una comida privada en pleno coraz\u00f3n de la naturaleza. Colocamos atardeceres en crestas esc\u00e9nicas donde puedes ver c\u00f3mo el sol se oculta tras las colinas de Taita con una copa en la mano. <\/p>\n<\/li>\n<li>\n<p data-path-to-node=\"16,5,0\"><strong>Visita la comunidad de Taita Hills<\/strong><b data-path-to-node=\"16,5,0\" data-index-in-node=\"0\">:<\/b> Relaciona con la gente taita local. Conoce su cultura \u00fanica, la agricultura en las tierras altas y c\u00f3mo se benefician de los esfuerzos de conservaci\u00f3n del santuario. <\/p>\n<\/li>\n<\/ol>\n[\/info_list_son][\/info_list_father][\/vc_tta_section][\/vc_tta_tabs][\/vc_column][\/vc_row]\n","protected":false},"excerpt":{"rendered":"<p>[vc_row full_width=\u00bbstretch_row\u00bb gap=\u00bb1&#8243;][vc_column parallax=\u00bbcontent-moving\u00bb parallax_image=\u00bb7064&#8243; parallax_speed_bg=\u00bb1&#8243; css=\u00bb.vc_custom_1767854807011{padding-top: 80px !important;padding-right: 80px !important;padding-bottom: 80px !important;padding-left: 80px !important;}\u00bb][vc_custom_heading text=\u00bbSantuario de Vida Silvestre de Taita Hills\u00bb font_container=\u00bbtag:h1|font_size:32|text_align:left|color:%23ffffff\u00bb google_fonts=\u00bbfont_family:Quicksand%3A300%2Cregular%2C700|font_style:400%20regular%3A400%3Anormal\u00bb el_class=\u00bbbanner-txt\u00bb][vc_separator color=\u00bbcustom\u00bb align=\u00bbalign_left\u00bb border_width=\u00bb2&#8243; el_width=\u00bb20&#8243; accent_color=\u00bb#f8f8f8&#8243;][vc_custom_heading text=\u00bbKenia\u00bb font_container=\u00bbtag:h2|font_size:18|text_align:left|color:%23ffffff\u00bb google_fonts=\u00bbfont_family:Quicksand%3A300%2Cregular%2C700|font_style:400%20regular%3A400%3Anormal\u00bb el_class=\u00bbbanner-txt\u00bb][\/vc_column][\/vc_row][vc_row][vc_column css=\u00bb.vc_custom_1673438873315{border-top-width: 10px !important;border-right-width: 10px !important;border-bottom-width: 10px !important;border-left-width: 10px !important;}\u00bb][vc_tta_tabs shape=\u00bbsquare\u00bb color=\u00bbjuicy-pink\u00bb alignment=\u00bbcenter\u00bb active_section=\u00bb1&#8243; no_fill_content_area=\u00bbtrue\u00bb][vc_tta_section title=\u00bbVisi\u00f3n general\u00bb tab_id=\u00bb1633454673222-3d94f956-010c\u00bb][info_list_father listclr=\u00bb#f8f8f8&#8243;][info_list_son style=\u00bbicon\u00bb size=\u00bb20&#8243; width=\u00bb30&#8243; [&hellip;]<\/p>\n","protected":false},"author":2,"featured_media":0,"parent":28078,"menu_order":9,"comment_status":"closed","ping_status":"closed","template":"","meta":{"_themeisle_gutenberg_block_has_review":false,"footnotes":""},"class_list":["post-42826","page","type-page","status-publish","hentry"],"_links":{"self":[{"href":"https:\/\/mufasatoursandtravels.com\/es\/wp-json\/wp\/v2\/pages\/42826","targetHints":{"allow":["GET"]}}],"collection":[{"href":"https:\/\/mufasatoursandtravels.com\/es\/wp-json\/wp\/v2\/pages"}],"about":[{"href":"https:\/\/mufasatoursandtravels.com\/es\/wp-json\/wp\/v2\/types\/page"}],"author":[{"embeddable":true,"href":"https:\/\/mufasatoursandtravels.com\/es\/wp-json\/wp\/v2\/users\/2"}],"replies":[{"embeddable":true,"href":"https:\/\/mufasatoursandtravels.com\/es\/wp-json\/wp\/v2\/comments?post=42826"}],"version-history":[{"count":2,"href":"https:\/\/mufasatoursandtravels.com\/es\/wp-json\/wp\/v2\/pages\/42826\/revisions"}],"predecessor-version":[{"id":42847,"href":"https:\/\/mufasatoursandtravels.com\/es\/wp-json\/wp\/v2\/pages\/42826\/revisions\/42847"}],"up":[{"embeddable":true,"href":"https:\/\/mufasatoursandtravels.com\/es\/wp-json\/wp\/v2\/pages\/28078"}],"wp:attachment":[{"href":"https:\/\/mufasatoursandtravels.com\/es\/wp-json\/wp\/v2\/media?parent=42826"}],"curies":[{"name":"wp","href":"https:\/\/api.w.org\/{rel}","templated":true}]}}