{"id":42859,"date":"2026-01-08T10:02:19","date_gmt":"2026-01-08T07:02:19","guid":{"rendered":"https:\/\/mufasatoursandtravels.com\/destinos\/parque-nacional-de-aberdare-2\/"},"modified":"2026-01-08T12:42:43","modified_gmt":"2026-01-08T09:42:43","slug":"parque-nacional-de-aberdare-2","status":"publish","type":"page","link":"https:\/\/mufasatoursandtravels.com\/es\/destinos\/parque-nacional-de-aberdare-2\/","title":{"rendered":"Parque Nacional de Aberdare"},"content":{"rendered":"[vc_row full_width=\u00bbstretch_row\u00bb gap=\u00bb1&#8243;][vc_column parallax=\u00bbcontent-moving\u00bb parallax_image=\u00bb42877&#8243; parallax_speed_bg=\u00bb1.9&#8243; css=\u00bb.vc_custom_1767863783229{padding-top: 80px !important;padding-right: 80px !important;padding-bottom: 80px !important;padding-left: 80px !important;}\u00bb][vc_custom_heading text=\u00bbParque Nacional de Aberdare\u00bb font_container=\u00bbtag:h1|font_size:32|text_align:left|color:%23ffffff\u00bb google_fonts=\u00bbfont_family:Quicksand%3A300%2Cregular%2C700|font_style:400%20regular%3A400%3Anormal\u00bb el_class=\u00bbbanner-txt\u00bb][vc_separator color=\u00bbcustom\u00bb align=\u00bbalign_left\u00bb border_width=\u00bb2&#8243; el_width=\u00bb20&#8243; accent_color=\u00bb#f8f8f8&#8243;][vc_custom_heading text=\u00bbKenia\u00bb font_container=\u00bbtag:h2|font_size:18|text_align:left|color:%23ffffff\u00bb google_fonts=\u00bbfont_family:Quicksand%3A300%2Cregular%2C700|font_style:400%20regular%3A400%3Anormal\u00bb el_class=\u00bbbanner-txt\u00bb][\/vc_column][\/vc_row][vc_row][vc_column css=\u00bb.vc_custom_1673438873315{border-top-width: 10px !important;border-right-width: 10px !important;border-bottom-width: 10px !important;border-left-width: 10px !important;}\u00bb][vc_tta_tabs shape=\u00bbsquare\u00bb color=\u00bbjuicy-pink\u00bb alignment=\u00bbcenter\u00bb active_section=\u00bb1&#8243; no_fill_content_area=\u00bbtrue\u00bb][vc_tta_section title=\u00bbVisi\u00f3n general\u00bb tab_id=\u00bb1633454673222-3d94f956-010c\u00bb][info_list_father listclr=\u00bb#f8f8f8&#8243;][info_list_son style=\u00bbicon\u00bb size=\u00bb20&#8243; width=\u00bb30&#8243; height=\u00bb20&#8243; titleclr=\u00bb#890000&#8243; icon=\u00bbfas fa-map-marked\u00bb iconclr=\u00bb#890000&#8243; iconbg=\u00bb#f8f8f8&#8243; borderclr=\u00bb#f8f8f8&#8243; title=\u00bbThe Mystical Highlands of Kenya\u00bb caption_url=\u00bb\u00bb]\n<p data-path-to-node=\"5\">Aberdare National Park is a dramatic departure from the typical African safari image. Part of the Aberdare Mountain Range, this park is a lush wonderland of misty rain forests, deep ravines, and open moorlands. Sitting at altitudes of up to 4,000 meters, it offers a cool, crisp climate and some of the most spectacular waterfalls in East Africa. It is also famously where Princess Elizabeth ascended to the throne of England while staying at the Treetops Hotel.<\/p>\n[\/info_list_son][info_list_son style=\u00bbicon\u00bb size=\u00bb20&#8243; width=\u00bb30&#8243; height=\u00bb20&#8243; titleclr=\u00bb#890000&#8243; icon=\u00bbfas fa-route\u00bb iconclr=\u00bb#890000&#8243; iconbg=\u00bb#f8f8f8&#8243; borderclr=\u00bb#f8f8f8&#8243; title=\u00bbWhat to expect\u00bb caption_url=\u00bb\u00bb]\n<ol>\n<li>\n<p data-path-to-node=\"6,0,0\"><strong>The Wildlife<\/strong><b data-path-to-node=\"6,0,0\" data-index-in-node=\"0\">:<\/b> Home to the \u00abBig Five,\u00bb though sightings here are a thrilling challenge due to the thick canopy. It is the best place in Kenya to see the elusive <b data-path-to-node=\"6,0,0\" data-index-in-node=\"160\">Bongo Antelope<\/b>, giant forest hogs, and rare <b data-path-to-node=\"6,0,0\" data-index-in-node=\"204\">Black Leopards<\/b>.<\/p>\n<\/li>\n<li>\n<p data-path-to-node=\"6,1,0\"><strong>The Landscape<\/strong><b data-path-to-node=\"6,1,0\" data-index-in-node=\"0\">:<\/b> Explore a terrain that ranges from high-altitude heathery moorlands (reminiscent of the Scottish Highlands) to dense bamboo forests and rainforests.<\/p>\n<\/li>\n<li>\n<p data-path-to-node=\"6,2,0\"><strong>Birding Paradise<\/strong><b data-path-to-node=\"6,2,0\" data-index-in-node=\"0\">:<\/b> With over 250 species of birds, including the endangered Aberdare Cisticola, Jackson&#8217;s Francolin, and various sunbirds and eagles.<\/p>\n<\/li>\n<\/ol>\n[\/info_list_son][info_list_son style=\u00bbicon\u00bb size=\u00bb20&#8243; width=\u00bb30&#8243; height=\u00bb20&#8243; titleclr=\u00bb#890000&#8243; icon=\u00bbfar fa-check-circle\u00bb iconclr=\u00bb#890000&#8243; iconbg=\u00bb#f8f8f8&#8243; borderclr=\u00bb#f8f8f8&#8243; title=\u00bbSeasonal Overview\u00bb caption_url=\u00bb\u00bb]\n<p data-path-to-node=\"6,2,0\">This is a high-rainfall area; even in the dry season, mist and rain are common, which adds to the park&#8217;s ethereal charm.<\/p>\n[\/info_list_son][\/info_list_father][vc_btn title=\u00bbPide un presupuesto\u00bb style=\u00bboutline-custom\u00bb outline_custom_color=\u00bb#890000&#8243; outline_custom_hover_background=\u00bb#890000&#8243; outline_custom_hover_text=\u00bb#ffffff\u00bb shape=\u00bbsquare\u00bb size=\u00bbsm\u00bb align=\u00bbcenter\u00bb i_align=\u00bbright\u00bb i_icon_fontawesome=\u00bbfas fa-angle-right\u00bb add_icon=\u00bbtrue\u00bb link=\u00bburl:https%3A%2F%2Fmufasatoursandtravels.com%2Fes%2Fsolicite-un-presupuesto%2F|title:Solicite%20un%20presupuesto|\u00bb][\/vc_tta_section][vc_tta_section title=\u00bbAlojamiento\u00bb tab_id=\u00bb1633455601016-f93699bc-5d92&#8243;][vc_row_inner css=\u00bb.vc_custom_1767864036208{padding: 10px !important;}\u00bb][vc_column_inner el_class=\u00bbcustom-height\u00bb offset=\u00bbvc_hidden-md vc_hidden-sm vc_hidden-xs\u00bb][ucaddon_uc_side_carousel_content image=\u00bb42883&#8243; title=\u00bbLa Logia del Arca\u00bb btn_text=\u00bbView Accomodation\u00bb link=\u00bbhttps:\/\/thearkkenya.com\/\u00bb uc_init_settings=\u00bb\u00bb uc_fonts_data=\u00bbJTdCJTdE\u00bb]TW9kZWxlZCUyMGFmdGVyJTIwTm9haCVFMiU4MCU5OXMlMjBBcmslMkMlMjB0aGlzJTIwbG9kZ2UlMjBoYXMlMjBmb3VyJTIwdmlld2luZyUyMGRlY2tzLiUyMEElMjBidXp6ZXIlMjBpbiUyMHlvdXIlMjByb29tJTIwd2lsbCUyMGFsZXJ0JTIweW91JTIwYXQlMjBuaWdodCUyMGlmJTIwYSUyMHJhcmUlMjBhbmltYWwlMjAlMjhsaWtlJTIwYSUyMGxlb3BhcmQlMjBvciUyMHJoaW5vJTI5JTIwYXJyaXZlcyUyMGF0JTIwdGhlJTIwd2F0ZXJob2xlLg==[\/ucaddon_uc_side_carousel_content][\/vc_column_inner][\/vc_row_inner][vc_row_inner css=\u00bb.vc_custom_1767864036208{padding: 10px !important;}\u00bb][vc_column_inner el_class=\u00bbcustom-height\u00bb offset=\u00bbvc_hidden-md vc_hidden-sm vc_hidden-xs\u00bb][ucaddon_uc_side_carousel_content image=\u00bb42889&#8243; title=\u00bbAberdare Country Club\u00bb btn_text=\u00bbView Accomodation\u00bb link=\u00bbhttps:\/\/marasa.net\/aberdare-country-club\/\u00bb uc_init_settings=\u00bb\u00bb uc_fonts_data=\u00bbJTdCJTdE\u00bb]VGhlJTIwZ2F0ZXdheSUyMHRvJTIwdGhlJTIwcGFyayUyQyUyMHNldCUyMG9uJTIwYSUyMDElMkM1MDAtYWNyZSUyMHdpbGRsaWZlJTIwc2FuY3R1YXJ5LiUyMEl0JTIwb2ZmZXJzJTIwYSUyMGNvbG9uaWFsLXN0eWxlJTIwY2hhcm0lMjB3aXRoJTIwYSUyMGdvbGYlMjBjb3Vyc2UlMkMlMjBzcGElMkMlMjBhbmQlMjBiZWF1dGlmdWwlMjBnYXJkZW5zLg==[\/ucaddon_uc_side_carousel_content][\/vc_column_inner][\/vc_row_inner][vc_row_inner css=\u00bb.vc_custom_1767864036208{padding: 10px !important;}\u00bb][vc_column_inner el_class=\u00bbcustom-height\u00bb offset=\u00bbvc_hidden-md vc_hidden-sm vc_hidden-xs\u00bb][ucaddon_uc_side_carousel_content image=\u00bb42895&#8243; title=\u00bbLodge de las Copas de los \u00c1rboles\u00bb btn_text=\u00bbView Accomodation\u00bb link=\u00bbhttps:\/\/treetops.ke\/\u00bb uc_init_settings=\u00bb\u00bb uc_fonts_data=\u00bbJTdCJTdE\u00bb]U3RlZXBlZCUyMGluJTIwaGlzdG9yeSUyQyUyMHRoaXMlMjBpcyUyMHdoZXJlJTIwdGhlJTIwQnJpdGlzaCUyMFJveWFsJTIwZmFtaWx5JTIwc3RheWVkJTIwaW4lMjAxOTUyLiUyMEl0JTIwb2ZmZXJzJTIwYSUyMHVuaXF1ZSUyMHZhbnRhZ2UlMjBwb2ludCUyMG92ZXIlMjBhJTIwYnVzdGxpbmclMjB3YXRlcmhvbGUlMjBhbmQlMjBzYWx0JTIwbGljay4=[\/ucaddon_uc_side_carousel_content][\/vc_column_inner][\/vc_row_inner][vc_row_inner css=\u00bb.vc_custom_1767864036208{padding: 10px !important;}\u00bb][vc_column_inner el_class=\u00bbcustom-height\u00bb offset=\u00bbvc_hidden-lg\u00bb][vc_headings style=\u00bbtheme2&#8243; borderclr=\u00bb#890000&#8243; title=\u00bbThe Ark Lodge\u00bb align=\u00bbleft\u00bb google_fonts=\u00bbfont_family:Quicksand%3A300%2Cregular%2C700|font_style:400%20regular%3A400%3Anormal\u00bb titleclr=\u00bb#000000&#8243; caption_url=\u00bb\u00bb caption_urls=\u00bb\u00bb caption_urlss=\u00bb\u00bb caption_urldesc=\u00bb\u00bb]Modeled after Noah\u2019s Ark, this lodge has four viewing decks. A buzzer in your room will alert you at night if a rare animal (like a leopard or rhino) arrives at the waterhole.[\/vc_headings][vc_btn title=\u00bbVer alojamiento\u00bb style=\u00bboutline-custom\u00bb outline_custom_color=\u00bb#890000&#8243; outline_custom_hover_background=\u00bb#890000&#8243; outline_custom_hover_text=\u00bb#ffffff\u00bb shape=\u00bbsquare\u00bb size=\u00bbsm\u00bb i_align=\u00bbright\u00bb i_icon_fontawesome=\u00bbfas fa-angle-right\u00bb add_icon=\u00bbtrue\u00bb css=\u00bb.vc_custom_1767865439019{padding-top: 10px !important;padding-right: 10px !important;padding-bottom: 10px !important;}\u00bb link=\u00bburl:https%3A%2F%2Fthearkkenya.com%2F|\u00bb][\/vc_column_inner][\/vc_row_inner][vc_row_inner css=\u00bb.vc_custom_1767864036208{padding: 10px !important;}\u00bb][vc_column_inner el_class=\u00bbcustom-height\u00bb offset=\u00bbvc_hidden-lg\u00bb][vc_headings style=\u00bbtheme2&#8243; borderclr=\u00bb#890000&#8243; title=\u00bbAberdare Country Club\u00bb align=\u00bbleft\u00bb google_fonts=\u00bbfont_family:Quicksand%3A300%2Cregular%2C700|font_style:400%20regular%3A400%3Anormal\u00bb titleclr=\u00bb#000000&#8243; caption_url=\u00bb\u00bb caption_urls=\u00bb\u00bb caption_urlss=\u00bb\u00bb caption_urldesc=\u00bb\u00bb]The gateway to the park, set on a 1,500-acre wildlife sanctuary. It offers a colonial-style charm with a golf course, spa, and beautiful gardens.[\/vc_headings][vc_btn title=\u00bbVer alojamiento\u00bb style=\u00bboutline-custom\u00bb outline_custom_color=\u00bb#890000&#8243; outline_custom_hover_background=\u00bb#890000&#8243; outline_custom_hover_text=\u00bb#ffffff\u00bb shape=\u00bbsquare\u00bb size=\u00bbsm\u00bb i_align=\u00bbright\u00bb i_icon_fontawesome=\u00bbfas fa-angle-right\u00bb add_icon=\u00bbtrue\u00bb css=\u00bb.vc_custom_1767865425576{padding-top: 10px !important;padding-right: 10px !important;padding-bottom: 10px !important;}\u00bb link=\u00bburl:https%3A%2F%2Fmarasa.net%2Faberdare-country-club%2F|\u00bb][\/vc_column_inner][\/vc_row_inner][vc_row_inner css=\u00bb.vc_custom_1767864036208{padding: 10px !important;}\u00bb][vc_column_inner el_class=\u00bbcustom-height\u00bb offset=\u00bbvc_hidden-lg\u00bb][vc_headings style=\u00bbtheme2&#8243; borderclr=\u00bb#890000&#8243; title=\u00bbTreetops Lodge\u00bb align=\u00bbleft\u00bb google_fonts=\u00bbfont_family:Quicksand%3A300%2Cregular%2C700|font_style:400%20regular%3A400%3Anormal\u00bb titleclr=\u00bb#000000&#8243; caption_url=\u00bb\u00bb caption_urls=\u00bb\u00bb caption_urlss=\u00bb\u00bb caption_urldesc=\u00bb\u00bb]Steeped in history, this is where the British Royal family stayed in 1952. It offers a unique vantage point over a bustling waterhole and salt lick.[\/vc_headings][vc_btn title=\u00bbVer alojamiento\u00bb style=\u00bboutline-custom\u00bb outline_custom_color=\u00bb#890000&#8243; outline_custom_hover_background=\u00bb#890000&#8243; outline_custom_hover_text=\u00bb#ffffff\u00bb shape=\u00bbsquare\u00bb size=\u00bbsm\u00bb i_align=\u00bbright\u00bb i_icon_fontawesome=\u00bbfas fa-angle-right\u00bb add_icon=\u00bbtrue\u00bb css=\u00bb.vc_custom_1767865376951{padding-top: 10px !important;padding-right: 10px !important;padding-bottom: 10px !important;}\u00bb link=\u00bburl:https%3A%2F%2Ftreetops.ke%2F|\u00bb][\/vc_column_inner][\/vc_row_inner][\/vc_tta_section][vc_tta_section title=\u00bbActividades\u00bb tab_id=\u00bb1767601538075-7b6924d3-776e\u00bb][info_list_father listclr=\u00bb#f8f8f8&#8243;][info_list_son style=\u00bbicon\u00bb size=\u00bb0&#8243; width=\u00bb0&#8243; height=\u00bb0&#8243; titleclr=\u00bb#f8f8f8&#8243; iconclr=\u00bb#f8f8f8&#8243; borderclr=\u00bb#f8f8f8&#8243; caption_url=\u00bb\u00bb]\n<ol>\n<li>\n<p data-path-to-node=\"16,0,0\"><strong>B\u00fasqueda de<\/strong> <b data-path-to-node=\"16,0,0\" data-index-in-node=\"0\">cascadas:<\/b> Visita las magn\u00edficas <b data-path-to-node=\"16,0,0\" data-index-in-node=\"41\">cataratas Karuru<\/b>, que se precipitan en tres tramos durante 273 metros, o las <b data-path-to-node=\"16,0,0\" data-index-in-node=\"108\">cataratas de Chania<\/b>. Estos son algunos de los lugares fotogr\u00e1ficos m\u00e1s bonitos de Kenia. <\/p>\n<\/li>\n<li>\n<p data-path-to-node=\"16,1,0\"><strong>Senderismo en los p\u00e1ramos<\/strong><b data-path-to-node=\"16,1,0\" data-index-in-node=\"0\">:<\/b> Realiza una caminata guiada por las mesetas de gran altitud. Las vistas desde las cumbres (como Ol Donyo Lesatima) son impresionantes, ofreciendo vislumbres del monte Kenia a lo lejos. <\/p>\n<\/li>\n<li>\n<p data-path-to-node=\"16,2,0\"><strong>Pesca de trucha<\/strong><b data-path-to-node=\"16,2,0\" data-index-in-node=\"0\">:<\/b> Los frescos p\u00e1ramos monta\u00f1osos del parque albergan arroyos cristalinos y helados. Podemos organizar un d\u00eda de pesca con mosca para truchas marrones y arco\u00edris (se requiere licencia de pesca). <\/p>\n<\/li>\n<li>\n<p data-path-to-node=\"16,3,0\">\u00ab<strong>Observaci\u00f3n\u00bb de fauna 24 horas<\/strong><b data-path-to-node=\"16,3,0\" data-index-in-node=\"0\">:<\/b> En lodges como The Ark, disfruta de \u00absafari de sill\u00f3n\u00bb. Observa elefantes, b\u00fafalos y rinocerontes llegar al salado desde la comodidad de un sal\u00f3n con una bebida caliente en la mano. <\/p>\n<\/li>\n<li>\n<p data-path-to-node=\"16,4,0\"><strong>Paseos para observaci\u00f3n de aves<\/strong><b data-path-to-node=\"16,4,0\" data-index-in-node=\"0\">:<\/b> Explora las zonas de bamb\u00fa y selva tropical con nuestros gu\u00edas expertos para localizar estas especies \u00fanicas de aves montanas.<\/p>\n<\/li>\n<li>\n<p data-path-to-node=\"16,5,0\"><strong>Safari:<\/strong><b data-path-to-node=\"16,5,0\" data-index-in-node=\"0\"> Recorre el \u00abSalient\u00bb (el bosque de menor altitud) para buscar el raro ant\u00edlope bongo y los famosos elefantes del parque, conocidos por ser algo m\u00e1s peque\u00f1os y esquivos que sus primos de la sabana.<\/b><\/p>\n<\/li>\n<\/ol>\n[\/info_list_son][\/info_list_father][\/vc_tta_section][\/vc_tta_tabs][\/vc_column][\/vc_row]\n","protected":false},"excerpt":{"rendered":"<p>[vc_row full_width=\u00bbstretch_row\u00bb gap=\u00bb1&#8243;][vc_column parallax=\u00bbcontent-moving\u00bb parallax_image=\u00bb42877&#8243; parallax_speed_bg=\u00bb1.9&#8243; css=\u00bb.vc_custom_1767863783229{padding-top: 80px !important;padding-right: 80px !important;padding-bottom: 80px !important;padding-left: 80px !important;}\u00bb][vc_custom_heading text=\u00bbParque Nacional de Aberdare\u00bb font_container=\u00bbtag:h1|font_size:32|text_align:left|color:%23ffffff\u00bb google_fonts=\u00bbfont_family:Quicksand%3A300%2Cregular%2C700|font_style:400%20regular%3A400%3Anormal\u00bb el_class=\u00bbbanner-txt\u00bb][vc_separator color=\u00bbcustom\u00bb align=\u00bbalign_left\u00bb border_width=\u00bb2&#8243; el_width=\u00bb20&#8243; accent_color=\u00bb#f8f8f8&#8243;][vc_custom_heading text=\u00bbKenia\u00bb font_container=\u00bbtag:h2|font_size:18|text_align:left|color:%23ffffff\u00bb google_fonts=\u00bbfont_family:Quicksand%3A300%2Cregular%2C700|font_style:400%20regular%3A400%3Anormal\u00bb el_class=\u00bbbanner-txt\u00bb][\/vc_column][\/vc_row][vc_row][vc_column css=\u00bb.vc_custom_1673438873315{border-top-width: 10px !important;border-right-width: 10px !important;border-bottom-width: 10px !important;border-left-width: 10px !important;}\u00bb][vc_tta_tabs shape=\u00bbsquare\u00bb color=\u00bbjuicy-pink\u00bb alignment=\u00bbcenter\u00bb active_section=\u00bb1&#8243; no_fill_content_area=\u00bbtrue\u00bb][vc_tta_section title=\u00bbVisi\u00f3n general\u00bb tab_id=\u00bb1633454673222-3d94f956-010c\u00bb][info_list_father listclr=\u00bb#f8f8f8&#8243;][info_list_son style=\u00bbicon\u00bb size=\u00bb20&#8243; width=\u00bb30&#8243; height=\u00bb20&#8243; titleclr=\u00bb#890000&#8243; icon=\u00bbfas [&hellip;]<\/p>\n","protected":false},"author":2,"featured_media":0,"parent":28078,"menu_order":10,"comment_status":"closed","ping_status":"closed","template":"","meta":{"_themeisle_gutenberg_block_has_review":false,"footnotes":""},"class_list":["post-42859","page","type-page","status-publish","hentry"],"_links":{"self":[{"href":"https:\/\/mufasatoursandtravels.com\/es\/wp-json\/wp\/v2\/pages\/42859","targetHints":{"allow":["GET"]}}],"collection":[{"href":"https:\/\/mufasatoursandtravels.com\/es\/wp-json\/wp\/v2\/pages"}],"about":[{"href":"https:\/\/mufasatoursandtravels.com\/es\/wp-json\/wp\/v2\/types\/page"}],"author":[{"embeddable":true,"href":"https:\/\/mufasatoursandtravels.com\/es\/wp-json\/wp\/v2\/users\/2"}],"replies":[{"embeddable":true,"href":"https:\/\/mufasatoursandtravels.com\/es\/wp-json\/wp\/v2\/comments?post=42859"}],"version-history":[{"count":4,"href":"https:\/\/mufasatoursandtravels.com\/es\/wp-json\/wp\/v2\/pages\/42859\/revisions"}],"predecessor-version":[{"id":42908,"href":"https:\/\/mufasatoursandtravels.com\/es\/wp-json\/wp\/v2\/pages\/42859\/revisions\/42908"}],"up":[{"embeddable":true,"href":"https:\/\/mufasatoursandtravels.com\/es\/wp-json\/wp\/v2\/pages\/28078"}],"wp:attachment":[{"href":"https:\/\/mufasatoursandtravels.com\/es\/wp-json\/wp\/v2\/media?parent=42859"}],"curies":[{"name":"wp","href":"https:\/\/api.w.org\/{rel}","templated":true}]}}