{"id":42968,"date":"2026-01-08T13:21:42","date_gmt":"2026-01-08T10:21:42","guid":{"rendered":"https:\/\/mufasatoursandtravels.com\/destinos\/conservacion-de-naibosho\/"},"modified":"2026-01-09T10:09:23","modified_gmt":"2026-01-09T07:09:23","slug":"conservacion-de-naibosho","status":"publish","type":"page","link":"https:\/\/mufasatoursandtravels.com\/es\/destinos\/conservacion-de-naibosho\/","title":{"rendered":"Conservaci\u00f3n de Naibosho"},"content":{"rendered":"[vc_row full_width=\u00bbstretch_row\u00bb gap=\u00bb1&#8243;][vc_column parallax=\u00bbcontent-moving\u00bb parallax_image=\u00bb6958&#8243; parallax_speed_bg=\u00bb1&#8243; css=\u00bb.vc_custom_1767939706593{padding-top: 80px !important;padding-right: 80px !important;padding-bottom: 80px !important;padding-left: 80px !important;}\u00bb][vc_custom_heading text=\u00bbConservaci\u00f3n de Naibosho\u00bb font_container=\u00bbtag:h1|font_size:32|text_align:left|color:%23ffffff\u00bb google_fonts=\u00bbfont_family:Quicksand%3A300%2Cregular%2C700|font_style:400%20regular%3A400%3Anormal\u00bb el_class=\u00bbbanner-txt\u00bb][vc_separator color=\u00bbcustom\u00bb align=\u00bbalign_left\u00bb border_width=\u00bb2&#8243; el_width=\u00bb20&#8243; accent_color=\u00bb#f8f8f8&#8243;][vc_custom_heading text=\u00bbKenia\u00bb font_container=\u00bbtag:h2|font_size:18|text_align:left|color:%23ffffff\u00bb google_fonts=\u00bbfont_family:Quicksand%3A300%2Cregular%2C700|font_style:400%20regular%3A400%3Anormal\u00bb el_class=\u00bbbanner-txt\u00bb][\/vc_column][\/vc_row][vc_row][vc_column css=\u00bb.vc_custom_1673438873315{border-top-width: 10px !important;border-right-width: 10px !important;border-bottom-width: 10px !important;border-left-width: 10px !important;}\u00bb][vc_tta_tabs shape=\u00bbsquare\u00bb color=\u00bbjuicy-pink\u00bb alignment=\u00bbcenter\u00bb active_section=\u00bb1&#8243; no_fill_content_area=\u00bbtrue\u00bb][vc_tta_section title=\u00bbVisi\u00f3n general\u00bb tab_id=\u00bb1633454673222-3d94f956-010c\u00bb][info_list_father listclr=\u00bb#f8f8f8&#8243;][info_list_son style=\u00bbicon\u00bb size=\u00bb20&#8243; width=\u00bb30&#8243; height=\u00bb20&#8243; titleclr=\u00bb#890000&#8243; icon=\u00bbfas fa-map-marked\u00bb iconclr=\u00bb#890000&#8243; iconbg=\u00bb#f8f8f8&#8243; borderclr=\u00bb#f8f8f8&#8243; title=\u00bbWilderness in the heart of the Mara\u00bb]\n<p data-path-to-node=\"5\">Mara Naboisho Conservancy is a breathtaking 50,000-acre private sanctuary bordering the Masai Mara National Reserve. Created as a partnership between over 500 Maasai landowners and conservationists, \u00abNaboisho\u00bb (meaning <i data-path-to-node=\"5\" data-index-in-node=\"278\">harmony<\/i> in Maa) is a world leader in sustainable tourism. By strictly limiting the number of guests and vehicles, the conservancy offers a silent, intimate safari experience that is often impossible to find in the public reserve.<\/p>\n[\/info_list_son][info_list_son style=\u00bbicon\u00bb size=\u00bb20&#8243; width=\u00bb30&#8243; height=\u00bb20&#8243; titleclr=\u00bb#890000&#8243; icon=\u00bbfas fa-route\u00bb iconclr=\u00bb#890000&#8243; iconbg=\u00bb#f8f8f8&#8243; borderclr=\u00bb#f8f8f8&#8243; title=\u00bbWhat to expect\u00bb]\n<ol>\n<li>\n<p data-path-to-node=\"6,0,0\"><strong>The Lion Capital<\/strong><b data-path-to-node=\"6,0,0\" data-index-in-node=\"0\">:<\/b> Naboisho has one of the highest densities of lions in the world. It is a critical research area for the Mara Lion Project and offers almost guaranteed sightings of massive prides.<\/p>\n<\/li>\n<li>\n<p data-path-to-node=\"6,1,0\"><strong>The Rare &amp; Elusive<\/strong><b data-path-to-node=\"6,1,0\" data-index-in-node=\"0\">:<\/b> Beyond the \u00abBig Five,\u00bb the conservancy is a stronghold for the endangered African Wild Dog and serves as a vital corridor for the \u00abSecret Migration\u00bb of wildebeest between the Loita Plains and the Mara.<\/p>\n<\/li>\n<li>\n<p data-path-to-node=\"6,2,0\"><strong>Conservation in Action<\/strong><b data-path-to-node=\"6,2,0\" data-index-in-node=\"0\">:<\/b> Your visit directly supports the local Maasai community, ensuring that wildlife and livestock can thrive together.<\/p>\n<\/li>\n<\/ol>\n[\/info_list_son][info_list_son style=\u00bbicon\u00bb size=\u00bb20&#8243; width=\u00bb30&#8243; height=\u00bb20&#8243; titleclr=\u00bb#890000&#8243; icon=\u00bbfar fa-check-circle\u00bb iconclr=\u00bb#890000&#8243; iconbg=\u00bb#f8f8f8&#8243; borderclr=\u00bb#f8f8f8&#8243; title=\u00bbSeasonal Overview\u00bb]\n<p data-path-to-node=\"7\">Naboisho is a spectacular year-round destination, with each season offering a unique perspective of the African wilderness:<\/p>\n<ul data-path-to-node=\"8\">\n<li>\n<p data-path-to-node=\"8,0,0\"><strong>The Emerald Season<\/strong><b data-path-to-node=\"8,0,0\" data-index-in-node=\"0\">:<\/b> Following the rains, the conservancy turns a vibrant green. This is the time of \u00abplenty,\u00bb featuring crystal-clear air for photography, lush landscapes, and an abundance of migratory birds.<\/p>\n<\/li>\n<li>\n<p data-path-to-node=\"8,1,0\"><strong>The Predator Season<\/strong><b data-path-to-node=\"8,1,0\" data-index-in-node=\"0\">:<\/b> As the grass thins and the landscape turns to gold, visibility for tracking big cats increases. This season is defined by high-stakes drama as predators congregate around the permanent waterholes.<\/p>\n<\/li>\n<li>\n<p data-path-to-node=\"8,2,0\"><strong>The Birthing Season<\/strong><b data-path-to-node=\"8,2,0\" data-index-in-node=\"0\">:<\/b> A magical window where the plains are filled with new life. Thousands of calves and foals take their first steps, attracting intense activity from the resident lion prides and leopard populations.<\/p>\n<\/li>\n<\/ul>\n[\/info_list_son][\/info_list_father][vc_btn title=\u00bbPide un presupuesto\u00bb style=\u00bboutline-custom\u00bb outline_custom_color=\u00bb#890000&#8243; outline_custom_hover_background=\u00bb#890000&#8243; outline_custom_hover_text=\u00bb#ffffff\u00bb shape=\u00bbsquare\u00bb size=\u00bbsm\u00bb align=\u00bbcenter\u00bb i_align=\u00bbright\u00bb i_icon_fontawesome=\u00bbfas fa-angle-right\u00bb add_icon=\u00bbtrue\u00bb link=\u00bburl:https%3A%2F%2Fmufasatoursandtravels.com%2Fes%2Fsolicite-un-presupuesto%2F|title:Solicite%20un%20presupuesto|\u00bb][\/vc_tta_section][vc_tta_section title=\u00bbAlojamiento\u00bb tab_id=\u00bb1633455601016-f93699bc-5d92&#8243;][vc_row_inner css=\u00bb.vc_custom_1767870250058{padding: 10px !important;}\u00bb][vc_column_inner el_class=\u00bbcustom-height\u00bb offset=\u00bbvc_hidden-md vc_hidden-sm vc_hidden-xs\u00bb][ucaddon_uc_side_carousel_content image=\u00bb42972&#8243; title=\u00bbCampamento Naboisho\u00bb btn_text=\u00bbView Accomodation\u00bb link=\u00bbhttps:\/\/www.asiliaafrica.com\/camps-lodges\/naboisho-camp\/\u00bb uc_fonts_data=\u00bbJTdCJTdE\u00bb]QSUyMGNsYXNzaWMlMkMlMjBoaWdoLWVuZCUyMHRlbnRlZCUyMGNhbXAlMjBrbm93biUyMGZvciUyMGl0cyUyMGV4Y2VwdGlvbmFsJTIwZ3VpZGluZyUyMGFuZCUyMGRlZXAlMjBjb25uZWN0aW9uJTIwdG8lMjB0aGUlMjBsb2NhbCUyME1hYXNhaSUyMGNvbW11bml0eS4=[\/ucaddon_uc_side_carousel_content][\/vc_column_inner][\/vc_row_inner][vc_row_inner css=\u00bb.vc_custom_1767870250058{padding: 10px !important;}\u00bb][vc_column_inner el_class=\u00bbcustom-height\u00bb offset=\u00bbvc_hidden-md vc_hidden-sm vc_hidden-xs\u00bb][ucaddon_uc_side_carousel_content image=\u00bb42978&#8243; title=\u00bbCampamento del Valle de Kicheche\u00bb btn_text=\u00bbView Accomodation\u00bb link=\u00bbhttps:\/\/kicheche.com\/kicheche-valley\/\u00bb uc_fonts_data=\u00bbJTdCJTdE\u00bb]U2V0JTIwaW4lMjBhJTIwYmVhdXRpZnVsJTIwdmFsbGV5JTJDJTIwdGhpcyUyMGNhbXAlMjBpcyUyMGElMjBmYXZvcml0ZSUyMGZvciUyMHBob3RvZ3JhcGhlcnMlMkMlMjBvZmZlcmluZyUyMGludGltYXRlJTIwd2lsZGxpZmUlMjBlbmNvdW50ZXJzJTIwYW5kJTIwd29ybGQtY2xhc3MlMjBzZXJ2aWNlLg==[\/ucaddon_uc_side_carousel_content][\/vc_column_inner][\/vc_row_inner][vc_row_inner css=\u00bb.vc_custom_1767870250058{padding: 10px !important;}\u00bb][vc_column_inner el_class=\u00bbcustom-height\u00bb offset=\u00bbvc_hidden-md vc_hidden-sm vc_hidden-xs\u00bb][ucaddon_uc_side_carousel_content image=\u00bb42990&#8243; title=\u00bbCampamento Encounter Mara\u00bb btn_text=\u00bbView Accomodation\u00bb link=\u00bbhttps:\/\/www.asiliaafrica.com\/camps-lodges\/encounter-mara\/\u00bb uc_fonts_data=\u00bbJTdCJTdE\u00bb]TmVzdGxlZCUyMGluJTIwYSUyMGZvcmVzdCUyMG9mJTIwYWNhY2lhJTIwdHJlZXMlMkMlMjB0aGlzJTIwY2FtcCUyMG9mZmVycyUyMGElMjBxdWlldCUyQyUyMHNlY2x1ZGVkJTIwYXRtb3NwaGVyZSUyMHBlcmZlY3QlMjBmb3IlMjB0aG9zZSUyMGxvb2tpbmclMjB0byUyMHRydWx5JTIwJTIyZGlzY29ubmVjdC4lMjI=[\/ucaddon_uc_side_carousel_content][\/vc_column_inner][\/vc_row_inner][vc_row_inner css=\u00bb.vc_custom_1767870250058{padding: 10px !important;}\u00bb][vc_column_inner el_class=\u00bbcustom-height\u00bb offset=\u00bbvc_hidden-md vc_hidden-sm vc_hidden-xs\u00bb][ucaddon_uc_side_carousel_content image=\u00bb42996&#8243; title=\u00bbVista del \u00c1guila de Saruni\u00bb btn_text=\u00bbView Accomodation\u00bb link=\u00bbhttps:\/\/sarunibasecamp.com\/our-properties\/saruni-eagle-view\/\u00bb uc_fonts_data=\u00bbJTdCJTdE\u00bb]UmV3b3JrZWQlMjB0byUyMG1ha2UlMjB0aGUlMjB2ZXJ5JTIwbW9zdCUyMG9mJTIwaXRzJTIwY29tbWFuZGluZyUyMHBvc2l0aW9uJTIwYXRvcCUyMGFuJTIwZXNjYXJwbWVudCUyMGFib3ZlJTIwdGhlJTIwTWFyYSUyMHBsYWlucyUyQyUyMFNhcnVuaSUyMEVhZ2xlJTIwVmlldyUyMGhhcyUyMGFsd2F5cyUyMG9mZmVyZWQlMjBleHBhbnNpdmUlMjB2aXN0YXMlMjBzdHJldGNoaW5nJTIwdG8lMjB0aGUlMjBwb2ludCUyMHdoZXJlJTIwdGhlJTIwcGxhaW5zJTIwbWVldCUyMHRoZSUyMGNhbnZhcyUyMG9mJTIwdGhlJTIwc2t5LiUyMFRoZSUyMGVsZXZhdGVkJTIwcG9zaXRpb24lMjBvZiUyMHRoaXMlMjBlY28lMjBjYW1wJTIwYWxzbyUyMG9mZmVycyUyMGd1ZXN0cyUyMGZyb250LXJvdyUyMHNlYXRzJTIwZm9yJTIwdGhlJTIwd2lsZGxpZmUlMjBkcmFtYXMlMjB0aGF0JTIwdW5mb2xkJTIwYXJvdW5kJTIwdGhlJTIwbmF0dXJhbCUyMHNhbHQlMjBsaWNrJTIwYW5kJTIwd2F0ZXJpbmclMjBob2xlJTIwYmVsb3clMjB0aGUlMjBtYWluJTIwYXJlYS4=[\/ucaddon_uc_side_carousel_content][\/vc_column_inner][\/vc_row_inner][vc_row_inner css=\u00bb.vc_custom_1767870250058{padding: 10px !important;}\u00bb][vc_column_inner el_class=\u00bbcustom-height\u00bb offset=\u00bbvc_hidden-lg\u00bb][vc_headings style=\u00bbtheme2&#8243; borderclr=\u00bb#890000&#8243; title=\u00bbNaibosho Camp\u00bb align=\u00bbleft\u00bb google_fonts=\u00bbfont_family:Quicksand%3A300%2Cregular%2C700|font_style:400%20regular%3A400%3Anormal\u00bb titleclr=\u00bb#000000&#8243;]A classic, high-end tented camp known for its exceptional guiding and deep connection to the local Maasai community.[\/vc_headings][vc_btn title=\u00bbVer alojamiento\u00bb style=\u00bboutline-custom\u00bb outline_custom_color=\u00bb#890000&#8243; outline_custom_hover_background=\u00bb#890000&#8243; outline_custom_hover_text=\u00bb#ffffff\u00bb shape=\u00bbsquare\u00bb size=\u00bbsm\u00bb css=\u00bb.vc_custom_1767871725520{padding-top: 10px !important;padding-right: 10px !important;padding-bottom: 10px !important;}\u00bb link=\u00bburl:https%3A%2F%2Fwww.asiliaafrica.com%2Fcamps-lodges%2Fnaboisho-camp%2F|\u00bb][\/vc_column_inner][\/vc_row_inner][vc_row_inner css=\u00bb.vc_custom_1767870250058{padding: 10px !important;}\u00bb][vc_column_inner el_class=\u00bbcustom-height\u00bb offset=\u00bbvc_hidden-lg\u00bb][vc_headings style=\u00bbtheme2&#8243; borderclr=\u00bb#890000&#8243; title=\u00bbKicheche Valley Camp\u00bb align=\u00bbleft\u00bb google_fonts=\u00bbfont_family:Quicksand%3A300%2Cregular%2C700|font_style:400%20regular%3A400%3Anormal\u00bb titleclr=\u00bb#000000&#8243;]Set in a beautiful valley, this camp is a favorite for photographers, offering intimate wildlife encounters and world-class service.[\/vc_headings][vc_btn title=\u00bbVer alojamiento\u00bb style=\u00bboutline-custom\u00bb outline_custom_color=\u00bb#890000&#8243; outline_custom_hover_background=\u00bb#890000&#8243; outline_custom_hover_text=\u00bb#ffffff\u00bb shape=\u00bbsquare\u00bb size=\u00bbsm\u00bb css=\u00bb.vc_custom_1767871896369{padding-top: 10px !important;padding-right: 10px !important;padding-bottom: 10px !important;}\u00bb link=\u00bburl:https%3A%2F%2Fkicheche.com%2Fkicheche-valley%2F|\u00bb][\/vc_column_inner][\/vc_row_inner][vc_row_inner css=\u00bb.vc_custom_1767870250058{padding: 10px !important;}\u00bb][vc_column_inner el_class=\u00bbcustom-height\u00bb offset=\u00bbvc_hidden-lg\u00bb][vc_headings style=\u00bbtheme2&#8243; borderclr=\u00bb#890000&#8243; title=\u00bbEncounter Mara Camp\u00bb align=\u00bbleft\u00bb google_fonts=\u00bbfont_family:Quicksand%3A300%2Cregular%2C700|font_style:400%20regular%3A400%3Anormal\u00bb titleclr=\u00bb#000000&#8243;]Nestled in a forest of acacia trees, this camp offers a quiet, secluded atmosphere perfect for those looking to truly \u00abdisconnect.\u00bb[\/vc_headings][vc_btn title=\u00bbVer alojamiento\u00bb style=\u00bboutline-custom\u00bb outline_custom_color=\u00bb#890000&#8243; outline_custom_hover_background=\u00bb#890000&#8243; outline_custom_hover_text=\u00bb#ffffff\u00bb shape=\u00bbsquare\u00bb size=\u00bbsm\u00bb css=\u00bb.vc_custom_1767871962600{padding-top: 10px !important;padding-right: 10px !important;padding-bottom: 10px !important;}\u00bb link=\u00bburl:https%3A%2F%2Fwww.asiliaafrica.com%2Fcamps-lodges%2Fencounter-mara%2F|\u00bb][\/vc_column_inner][\/vc_row_inner][vc_row_inner css=\u00bb.vc_custom_1767870250058{padding: 10px !important;}\u00bb][vc_column_inner el_class=\u00bbcustom-height\u00bb offset=\u00bbvc_hidden-lg\u00bb][vc_headings style=\u00bbtheme2&#8243; borderclr=\u00bb#890000&#8243; title=\u00bbSaruni Eagle View\u00bb align=\u00bbleft\u00bb google_fonts=\u00bbfont_family:Quicksand%3A300%2Cregular%2C700|font_style:400%20regular%3A400%3Anormal\u00bb titleclr=\u00bb#000000&#8243;]Reworked to make the very most of its commanding position atop an escarpment above the Mara plains, Saruni Eagle View has always offered expansive vistas stretching to the point where the plains meet the canvas of the sky. The elevated position of this eco camp also offers guests front-row seats for the wildlife dramas that unfold around the natural salt lick and watering hole below the main area.[\/vc_headings][vc_btn title=\u00bbVer alojamiento\u00bb style=\u00bboutline-custom\u00bb outline_custom_color=\u00bb#890000&#8243; outline_custom_hover_background=\u00bb#890000&#8243; outline_custom_hover_text=\u00bb#ffffff\u00bb shape=\u00bbsquare\u00bb size=\u00bbsm\u00bb css=\u00bb.vc_custom_1767872057658{padding-top: 10px !important;padding-right: 10px !important;padding-bottom: 10px !important;}\u00bb link=\u00bburl:https%3A%2F%2Fsarunibasecamp.com%2Four-properties%2Fsaruni-eagle-view%2F|\u00bb][\/vc_column_inner][\/vc_row_inner][\/vc_tta_section][vc_tta_section title=\u00bbActividades\u00bb tab_id=\u00bb1767601538075-7b6924d3-776e\u00bb][info_list_father listclr=\u00bb#f8f8f8&#8243;][info_list_son style=\u00bbicon\u00bb size=\u00bb0&#8243; width=\u00bb0&#8243; height=\u00bb0&#8243; titleclr=\u00bb#f8f8f8&#8243; iconclr=\u00bb#f8f8f8&#8243; borderclr=\u00bb#f8f8f8&#8243;]\n<p data-path-to-node=\"17\">Como Naboisho es una reserva privada, ofrece actividades exclusivas que no est\u00e1n permitidas en la Reserva Nacional p\u00fablica:<\/p>\n<ol start=\"1\" data-path-to-node=\"18\">\n<li>\n<p data-path-to-node=\"18,0,0\"><strong>Safaris nocturnos:<\/strong> Usando luces rojas filtradas para proteger los ojos de los animales, nuestros gu\u00edas te llevan a salir despu\u00e9s del anochecer para que presencies la emoci\u00f3n de la caza. Observa leopardos acechando y el curioso comportamiento de especies nocturnas como los osos hormigueros y los tejones de miel. <\/p>\n<\/li>\n<li>\n<p data-path-to-node=\"18,1,0\"><strong>Caminatas guiadas por la naturaleza: <\/strong>Sal del veh\u00edculo y recorre la tierra con un guerrero mas\u00e1i. Aprende el antiguo arte de rastrear, identifica plantas medicinales y siente la adrenalina de estar a pie en la naturaleza. <\/p>\n<\/li>\n<li>\n<p data-path-to-node=\"18,2,0\"><strong>Exploraci\u00f3n fuera de carretera<\/strong><b data-path-to-node=\"18,2,0\" data-index-in-node=\"0\">:<\/b> Para asegurar las mejores observaciones posibles (especialmente de gatos raros), a nuestros veh\u00edculos se les permite salir de la pista de forma responsable, una gran ventaja para los fot\u00f3grafos serios.<\/p>\n<\/li>\n<li>\n<p data-path-to-node=\"18,3,0\"><strong>Inmersi\u00f3n cultural mas\u00e1i:<\/strong> Visita pueblos locales que son socios directos de la conservaci\u00f3n. Aprende sobre la vida tradicional, la gesti\u00f3n ganadera y el \u00abModelo Naboisho\u00bb de conservaci\u00f3n. <\/p>\n<\/li>\n<li>\n<p data-path-to-node=\"18,4,0\"><strong>Comidas en el monte y Sundowners<\/strong><b data-path-to-node=\"18,4,0\" data-index-in-node=\"0\">:<\/b> Disfruta de cenas privadas en medio de la sabana. Ya sea un \u00abDesayuno con Champ\u00e1n\u00bb al salir el sol o un gin-tonic cuando el cielo se vuelve morado, estos son los momentos que definen un safari. <\/p>\n<\/li>\n<li>\n<p data-path-to-node=\"18,5,0\"><strong>Visita la Escuela de Gu\u00edas Koiyaki<\/strong><b data-path-to-node=\"18,5,0\" data-index-in-node=\"0\">:<\/b> Descubre d\u00f3nde se forman a la pr\u00f3xima generaci\u00f3n de los mejores gu\u00edas de Kenia. Este proyecto apoyado por Mufasa es el coraz\u00f3n del futuro de la comunidad. <\/p>\n<\/li>\n<\/ol>\n[\/info_list_son][\/info_list_father][\/vc_tta_section][\/vc_tta_tabs][\/vc_column][\/vc_row]\n","protected":false},"excerpt":{"rendered":"<p>[vc_row full_width=\u00bbstretch_row\u00bb gap=\u00bb1&#8243;][vc_column parallax=\u00bbcontent-moving\u00bb parallax_image=\u00bb6958&#8243; parallax_speed_bg=\u00bb1&#8243; css=\u00bb.vc_custom_1767939706593{padding-top: 80px !important;padding-right: 80px !important;padding-bottom: 80px !important;padding-left: 80px !important;}\u00bb][vc_custom_heading text=\u00bbConservaci\u00f3n de Naibosho\u00bb font_container=\u00bbtag:h1|font_size:32|text_align:left|color:%23ffffff\u00bb google_fonts=\u00bbfont_family:Quicksand%3A300%2Cregular%2C700|font_style:400%20regular%3A400%3Anormal\u00bb el_class=\u00bbbanner-txt\u00bb][vc_separator color=\u00bbcustom\u00bb align=\u00bbalign_left\u00bb border_width=\u00bb2&#8243; el_width=\u00bb20&#8243; accent_color=\u00bb#f8f8f8&#8243;][vc_custom_heading text=\u00bbKenia\u00bb font_container=\u00bbtag:h2|font_size:18|text_align:left|color:%23ffffff\u00bb google_fonts=\u00bbfont_family:Quicksand%3A300%2Cregular%2C700|font_style:400%20regular%3A400%3Anormal\u00bb el_class=\u00bbbanner-txt\u00bb][\/vc_column][\/vc_row][vc_row][vc_column css=\u00bb.vc_custom_1673438873315{border-top-width: 10px !important;border-right-width: 10px !important;border-bottom-width: 10px !important;border-left-width: 10px !important;}\u00bb][vc_tta_tabs shape=\u00bbsquare\u00bb color=\u00bbjuicy-pink\u00bb alignment=\u00bbcenter\u00bb active_section=\u00bb1&#8243; no_fill_content_area=\u00bbtrue\u00bb][vc_tta_section title=\u00bbVisi\u00f3n general\u00bb tab_id=\u00bb1633454673222-3d94f956-010c\u00bb][info_list_father listclr=\u00bb#f8f8f8&#8243;][info_list_son style=\u00bbicon\u00bb size=\u00bb20&#8243; width=\u00bb30&#8243; height=\u00bb20&#8243; titleclr=\u00bb#890000&#8243; icon=\u00bbfas fa-map-marked\u00bb [&hellip;]<\/p>\n","protected":false},"author":2,"featured_media":0,"parent":28078,"menu_order":12,"comment_status":"closed","ping_status":"closed","template":"","meta":{"_themeisle_gutenberg_block_has_review":false,"footnotes":""},"class_list":["post-42968","page","type-page","status-publish","hentry"],"_links":{"self":[{"href":"https:\/\/mufasatoursandtravels.com\/es\/wp-json\/wp\/v2\/pages\/42968","targetHints":{"allow":["GET"]}}],"collection":[{"href":"https:\/\/mufasatoursandtravels.com\/es\/wp-json\/wp\/v2\/pages"}],"about":[{"href":"https:\/\/mufasatoursandtravels.com\/es\/wp-json\/wp\/v2\/types\/page"}],"author":[{"embeddable":true,"href":"https:\/\/mufasatoursandtravels.com\/es\/wp-json\/wp\/v2\/users\/2"}],"replies":[{"embeddable":true,"href":"https:\/\/mufasatoursandtravels.com\/es\/wp-json\/wp\/v2\/comments?post=42968"}],"version-history":[{"count":7,"href":"https:\/\/mufasatoursandtravels.com\/es\/wp-json\/wp\/v2\/pages\/42968\/revisions"}],"predecessor-version":[{"id":43208,"href":"https:\/\/mufasatoursandtravels.com\/es\/wp-json\/wp\/v2\/pages\/42968\/revisions\/43208"}],"up":[{"embeddable":true,"href":"https:\/\/mufasatoursandtravels.com\/es\/wp-json\/wp\/v2\/pages\/28078"}],"wp:attachment":[{"href":"https:\/\/mufasatoursandtravels.com\/es\/wp-json\/wp\/v2\/media?parent=42968"}],"curies":[{"name":"wp","href":"https:\/\/api.w.org\/{rel}","templated":true}]}}