{"id":43021,"date":"2026-01-08T14:32:33","date_gmt":"2026-01-08T11:32:33","guid":{"rendered":"https:\/\/mufasatoursandtravels.com\/destinos\/conservacion-de-vida-silvestre-lewa\/"},"modified":"2026-01-08T15:01:03","modified_gmt":"2026-01-08T12:01:03","slug":"conservacion-de-vida-silvestre-lewa","status":"publish","type":"page","link":"https:\/\/mufasatoursandtravels.com\/es\/destinos\/conservacion-de-vida-silvestre-lewa\/","title":{"rendered":"Conservaci\u00f3n de Vida Silvestre Lewa"},"content":{"rendered":"[vc_row full_width=\u00bbstretch_row\u00bb gap=\u00bb1&#8243;][vc_column parallax=\u00bbcontent-moving\u00bb parallax_image=\u00bb4532&#8243; parallax_speed_bg=\u00bb1.9&#8243; css=\u00bb.vc_custom_1767872433575{padding-top: 80px !important;padding-right: 80px !important;padding-bottom: 80px !important;padding-left: 80px !important;}\u00bb][vc_custom_heading text=\u00bbConservaci\u00f3n de Vida Silvestre Lewa\u00bb font_container=\u00bbtag:h1|font_size:32|text_align:left|color:%23ffffff\u00bb google_fonts=\u00bbfont_family:Quicksand%3A300%2Cregular%2C700|font_style:400%20regular%3A400%3Anormal\u00bb el_class=\u00bbbanner-txt\u00bb][vc_separator color=\u00bbcustom\u00bb align=\u00bbalign_left\u00bb border_width=\u00bb2&#8243; el_width=\u00bb20&#8243; accent_color=\u00bb#f8f8f8&#8243;][vc_custom_heading text=\u00bbKenia\u00bb font_container=\u00bbtag:h2|font_size:18|text_align:left|color:%23ffffff\u00bb google_fonts=\u00bbfont_family:Quicksand%3A300%2Cregular%2C700|font_style:400%20regular%3A400%3Anormal\u00bb el_class=\u00bbbanner-txt\u00bb][\/vc_column][\/vc_row][vc_row][vc_column css=\u00bb.vc_custom_1673438873315{border-top-width: 10px !important;border-right-width: 10px !important;border-bottom-width: 10px !important;border-left-width: 10px !important;}\u00bb][vc_tta_tabs shape=\u00bbsquare\u00bb color=\u00bbjuicy-pink\u00bb alignment=\u00bbcenter\u00bb active_section=\u00bb1&#8243; no_fill_content_area=\u00bbtrue\u00bb][vc_tta_section title=\u00bbVisi\u00f3n general\u00bb tab_id=\u00bb1633454673222-3d94f956-010c\u00bb][info_list_father listclr=\u00bb#f8f8f8&#8243;][info_list_son style=\u00bbicon\u00bb size=\u00bb20&#8243; width=\u00bb30&#8243; height=\u00bb20&#8243; titleclr=\u00bb#890000&#8243; icon=\u00bbfas fa-map-marked\u00bb iconclr=\u00bb#890000&#8243; iconbg=\u00bb#f8f8f8&#8243; borderclr=\u00bb#f8f8f8&#8243; title=\u00bbWorld Heritage Sanctuary for the Giants\u00bb caption_url=\u00bb\u00bb]\n<p data-path-to-node=\"5\">Lewa Wildlife Conservancy is more than just a safari destination; it is a global blueprint for community-led conservation. Spanning 62,000 acres of pristine foothills north of Mount Kenya, Lewa is famous for having one of the highest densities of rhinos in the world. Once a private cattle ranch, it has been transformed into a sanctuary where endangered species thrive alongside vibrant local communities.<\/p>\n[\/info_list_son][info_list_son style=\u00bbicon\u00bb size=\u00bb20&#8243; width=\u00bb30&#8243; height=\u00bb20&#8243; titleclr=\u00bb#890000&#8243; icon=\u00bbfas fa-route\u00bb iconclr=\u00bb#890000&#8243; iconbg=\u00bb#f8f8f8&#8243; borderclr=\u00bb#f8f8f8&#8243; title=\u00bbWhat to expect\u00bb caption_url=\u00bb\u00bb]\n<ul>\n<li>\n<p data-path-to-node=\"6,0,0\"><strong>The Rhino Stronghold<\/strong><b data-path-to-node=\"6,0,0\" data-index-in-node=\"0\">:<\/b> Lewa is home to over 10% of Kenya\u2019s black rhino population and a significant population of white rhinos.<\/p>\n<\/li>\n<li>\n<p data-path-to-node=\"6,1,0\"><strong>The \u00abNorthern Five\u00bb<\/strong><b data-path-to-node=\"6,1,0\" data-index-in-node=\"0\">:<\/b> This is one of the few places to see species unique to this region: the Grevy\u2019s Zebra, Reticulated Giraffe, Beisa Oryx, Somali Ostrich, and Gerenuk.<\/p>\n<\/li>\n<li>\n<p data-path-to-node=\"6,2,0\"><strong>A Celebrity Favorite<\/strong><b data-path-to-node=\"6,2,0\" data-index-in-node=\"0\">:<\/b> Known for its exclusivity and privacy, Lewa has hosted world leaders and royalty, offering a high-end, intimate experience away from the crowds.<\/p>\n<\/li>\n<\/ul>\n[\/info_list_son][info_list_son style=\u00bbicon\u00bb size=\u00bb20&#8243; width=\u00bb30&#8243; height=\u00bb20&#8243; titleclr=\u00bb#890000&#8243; icon=\u00bbfar fa-check-circle\u00bb iconclr=\u00bb#890000&#8243; iconbg=\u00bb#f8f8f8&#8243; borderclr=\u00bb#f8f8f8&#8243; title=\u00bbSeasonal Overview\u00bb caption_url=\u00bb\u00bb]\n<p data-path-to-node=\"7\">Lewa\u2019s unique location on the Laikipia plateau ensures that every visit offers a distinct and rewarding experience, regardless of the month:<\/p>\n<ul data-path-to-node=\"8\">\n<li>\n<p data-path-to-node=\"8,0,0\"><strong>The Season of Clarity<\/strong><b data-path-to-node=\"8,0,0\" data-index-in-node=\"0\">:<\/b> Following the refreshing rains, the conservancy is bathed in vibrant greens. The air is dust-free, providing the sharpest views of Mount Kenya\u2019s peaks and incredible lighting for photography.<\/p>\n<\/li>\n<li>\n<p data-path-to-node=\"8,1,0\"><strong>The High-Drama Season<\/strong><b data-path-to-node=\"8,1,0\" data-index-in-node=\"0\">:<\/b> As the landscape transitions to golden savannah, wildlife viewing becomes effortless. Predators and prey alike congregate around the permanent springs and the marshlands, leading to intense wildlife encounters.<\/p>\n<\/li>\n<li>\n<p data-path-to-node=\"8,2,0\"><strong>The Life-Cycle Season<\/strong><b data-path-to-node=\"8,2,0\" data-index-in-node=\"0\">:<\/b> During the periods of transition, the plains are often filled with new life. It is a spectacular time to witness Grevy\u2019s zebra foals and rhino calves, set against the backdrop of the shifting African sky.<\/p>\n<\/li>\n<\/ul>\n[\/info_list_son][\/info_list_father][vc_btn title=\u00bbPide un presupuesto\u00bb style=\u00bboutline-custom\u00bb outline_custom_color=\u00bb#890000&#8243; outline_custom_hover_background=\u00bb#890000&#8243; outline_custom_hover_text=\u00bb#ffffff\u00bb shape=\u00bbsquare\u00bb size=\u00bbsm\u00bb align=\u00bbcenter\u00bb i_align=\u00bbright\u00bb i_icon_fontawesome=\u00bbfas fa-angle-right\u00bb add_icon=\u00bbtrue\u00bb link=\u00bburl:https%3A%2F%2Fmufasatoursandtravels.com%2Fes%2Fsolicite-un-presupuesto%2F|title:Solicite%20un%20presupuesto|\u00bb][\/vc_tta_section][vc_tta_section title=\u00bbAlojamiento\u00bb tab_id=\u00bb1633455601016-f93699bc-5d92&#8243;][vc_row_inner css=\u00bb.vc_custom_1767872722206{padding: 10px !important;}\u00bb][vc_column_inner el_class=\u00bbcustom-height\u00bb offset=\u00bbvc_hidden-md vc_hidden-sm vc_hidden-xs\u00bb][ucaddon_uc_side_carousel_content image=\u00bb42940&#8243; title=\u00bbCampamento Safari Lewa\u00bb btn_text=\u00bbView Accomodation\u00bb link=\u00bbhttps:\/\/www.elewanacollection.com\/lewa-safari-camp\/at-a-glance\u00bb uc_init_settings=\u00bb\u00bb uc_fonts_data=\u00bbJTdCJTdE\u00bb]RmVhdHVyaW5nJTIwbGFyZ2UlMkMlMjBsdXh1cmlvdXMlMjB0ZW50ZWQlMjByb29tcyUyMHdpdGglMjBzcGVjdGFjdWxhciUyMHZpZXdzJTJDJTIwdGhpcyUyMGNhbXAlMjBpcyUyMGElMjBmYXZvcml0ZSUyMG9mJTIwdGhlJTIwQnJpdGlzaCUyMFJveWFsJTIwRmFtaWx5JTIwYW5kJTIwb2ZmZXJzJTIwYSUyMGNsYXNzaWMlMjBzYWZhcmklMjBhdG1vc3BoZXJlLg==[\/ucaddon_uc_side_carousel_content][\/vc_column_inner][\/vc_row_inner][vc_row_inner css=\u00bb.vc_custom_1767872722206{padding: 10px !important;}\u00bb][vc_column_inner el_class=\u00bbcustom-height\u00bb offset=\u00bbvc_hidden-md vc_hidden-sm vc_hidden-xs\u00bb][ucaddon_uc_side_carousel_content image=\u00bb43025&#8243; title=\u00bbCasa Lewa\u00bb btn_text=\u00bbView Accomodation\u00bb link=\u00bbhttps:\/\/lewahouse.com\/explore\/\u00bb uc_init_settings=\u00bb\u00bb uc_fonts_data=\u00bbJTdCJTdE\u00bb]UGVyY2hlZCUyMG9uJTIwYSUyMGhpbGwlMjB3aXRoJTIwdmlld3MlMjBvZiUyMHRoZSUyME1hdGhld3MlMjBSYW5nZSUyQyUyMHRoaXMlMjBsb2RnZSUyMGZlYXR1cmVzJTIwdW5pcXVlJTIwJTIyZWFydGglMjBwb2RzJTIyJTIwYW5kJTIwZmFtaWx5JTIwY290dGFnZXMlMkMlMjBvZmZlcmluZyUyMGElMjBjb3p5JTJDJTIwaG9tZS1hd2F5LWZyb20taG9tZSUyMGZlZWwu[\/ucaddon_uc_side_carousel_content][\/vc_column_inner][\/vc_row_inner][vc_row_inner css=\u00bb.vc_custom_1767872722206{padding: 10px !important;}\u00bb][vc_column_inner el_class=\u00bbcustom-height\u00bb offset=\u00bbvc_hidden-md vc_hidden-sm vc_hidden-xs\u00bb][ucaddon_uc_side_carousel_content image=\u00bb43031&#8243; title=\u00bbCasa Elewana Kifaru\u00bb btn_text=\u00bbView Accomodation\u00bb link=\u00bbhttps:\/\/www.elewanacollection.com\/kifaru-house-lewa\/at-a-glance\u00bb uc_init_settings=\u00bb\u00bb uc_fonts_data=\u00bbJTdCJTdE\u00bb]TG9jYXRlZCUyMG9uJTIwYSUyMGhpZ2glMjByaWRnZSUyQyUyMHRoaXMlMjBsb2RnZSUyMG9mZmVycyUyMGElMjBxdWlldCUyQyUyMGNvbG9uaWFsLXN0eWxlJTIwY2hhcm0lMjB3aXRoJTIwYW4lMjBpbmZpbml0eSUyMHBvb2wlMjB0aGF0JTIwc2VlbXMlMjB0byUyMGRyb3AlMjBvZmYlMjBpbnRvJTIwdGhlJTIwcGxhaW5zJTIwYmVsb3cu[\/ucaddon_uc_side_carousel_content][\/vc_column_inner][\/vc_row_inner][vc_row_inner css=\u00bb.vc_custom_1767872722206{padding: 10px !important;}\u00bb][vc_column_inner el_class=\u00bbcustom-height\u00bb offset=\u00bbvc_hidden-lg\u00bb][vc_headings style=\u00bbtheme2&#8243; borderclr=\u00bb#890000&#8243; title=\u00bbLewa Safari Camp\u00bb align=\u00bbleft\u00bb google_fonts=\u00bbfont_family:Quicksand%3A300%2Cregular%2C700|font_style:400%20regular%3A400%3Anormal\u00bb titleclr=\u00bb#000000&#8243; caption_url=\u00bb\u00bb caption_urls=\u00bb\u00bb caption_urlss=\u00bb\u00bb caption_urldesc=\u00bb\u00bb]Featuring large, luxurious tented rooms with spectacular views, this camp is a favorite of the British Royal Family and offers a classic safari atmosphere.[\/vc_headings][vc_btn title=\u00bbVer alojamiento\u00bb style=\u00bboutline-custom\u00bb outline_custom_color=\u00bb#890000&#8243; outline_custom_hover_background=\u00bb#890000&#8243; outline_custom_hover_text=\u00bb#ffffff\u00bb shape=\u00bbsquare\u00bb size=\u00bbsm\u00bb i_align=\u00bbright\u00bb i_icon_fontawesome=\u00bbfas fa-angle-right\u00bb add_icon=\u00bbtrue\u00bb css=\u00bb.vc_custom_1767873715425{padding-top: 10px !important;padding-right: 10px !important;padding-bottom: 10px !important;}\u00bb link=\u00bburl:https%3A%2F%2Fwww.elewanacollection.com%2Flewa-safari-camp%2Fat-a-glance|\u00bb][\/vc_column_inner][\/vc_row_inner][vc_row_inner css=\u00bb.vc_custom_1767872722206{padding: 10px !important;}\u00bb][vc_column_inner el_class=\u00bbcustom-height\u00bb offset=\u00bbvc_hidden-lg\u00bb][vc_headings style=\u00bbtheme2&#8243; borderclr=\u00bb#890000&#8243; title=\u00bbLewa House\u00bb align=\u00bbleft\u00bb google_fonts=\u00bbfont_family:Quicksand%3A300%2Cregular%2C700|font_style:400%20regular%3A400%3Anormal\u00bb titleclr=\u00bb#000000&#8243; caption_url=\u00bb\u00bb caption_urls=\u00bb\u00bb caption_urlss=\u00bb\u00bb caption_urldesc=\u00bb\u00bb]Perched on a hill with views of the Mathews Range, this lodge features unique \u00abearth pods\u00bb and family cottages, offering a cozy, home-away-from-home feel.[\/vc_headings][vc_btn title=\u00bbVer alojamiento\u00bb style=\u00bboutline-custom\u00bb outline_custom_color=\u00bb#890000&#8243; outline_custom_hover_background=\u00bb#890000&#8243; outline_custom_hover_text=\u00bb#ffffff\u00bb shape=\u00bbsquare\u00bb size=\u00bbsm\u00bb i_align=\u00bbright\u00bb i_icon_fontawesome=\u00bbfas fa-angle-right\u00bb add_icon=\u00bbtrue\u00bb css=\u00bb.vc_custom_1767873686467{padding-top: 10px !important;padding-right: 10px !important;padding-bottom: 10px !important;}\u00bb link=\u00bburl:https%3A%2F%2Flewahouse.com%2Fexplore%2F|\u00bb][\/vc_column_inner][\/vc_row_inner][vc_row_inner css=\u00bb.vc_custom_1767872722206{padding: 10px !important;}\u00bb][vc_column_inner el_class=\u00bbcustom-height\u00bb offset=\u00bbvc_hidden-lg\u00bb][vc_headings style=\u00bbtheme2&#8243; borderclr=\u00bb#890000&#8243; title=\u00bbElewana Kifaru House\u00bb align=\u00bbleft\u00bb google_fonts=\u00bbfont_family:Quicksand%3A300%2Cregular%2C700|font_style:400%20regular%3A400%3Anormal\u00bb titleclr=\u00bb#000000&#8243; caption_url=\u00bb\u00bb caption_urls=\u00bb\u00bb caption_urlss=\u00bb\u00bb caption_urldesc=\u00bb\u00bb]Located on a high ridge, this lodge offers a quiet, colonial-style charm with an infinity pool that seems to drop off into the plains below.[\/vc_headings][vc_btn title=\u00bbVer alojamiento\u00bb style=\u00bboutline-custom\u00bb outline_custom_color=\u00bb#890000&#8243; outline_custom_hover_background=\u00bb#890000&#8243; outline_custom_hover_text=\u00bb#ffffff\u00bb shape=\u00bbsquare\u00bb size=\u00bbsm\u00bb i_align=\u00bbright\u00bb i_icon_fontawesome=\u00bbfas fa-angle-right\u00bb add_icon=\u00bbtrue\u00bb css=\u00bb.vc_custom_1767873663560{padding-top: 10px !important;padding-right: 10px !important;padding-bottom: 10px !important;}\u00bb link=\u00bburl:https%3A%2F%2Fwww.elewanacollection.com%2Fkifaru-house-lewa%2Fat-a-glance|\u00bb][\/vc_column_inner][\/vc_row_inner][\/vc_tta_section][vc_tta_section title=\u00bbActividades\u00bb tab_id=\u00bb1767601538075-7b6924d3-776e\u00bb][info_list_father listclr=\u00bb#f8f8f8&#8243;][info_list_son style=\u00bbicon\u00bb size=\u00bb0&#8243; width=\u00bb0&#8243; height=\u00bb0&#8243; titleclr=\u00bb#f8f8f8&#8243; iconclr=\u00bb#f8f8f8&#8243; borderclr=\u00bb#f8f8f8&#8243; caption_url=\u00bb\u00bb]\n<p data-path-to-node=\"17\">Lewa ofrece algunas de las actividades m\u00e1s diversas de Kenia, permiti\u00e9ndote interactuar con la naturaleza de formas innovadoras.<\/p>\n<ol start=\"1\" data-path-to-node=\"18\">\n<li>\n<p data-path-to-node=\"18,0,0\"><strong>Safarios dirigidos por expertos<\/strong><b data-path-to-node=\"18,0,0\" data-index-in-node=\"0\">:<\/b> Explora la reserva en veh\u00edculos 4&#215;4 abiertos con algunos de los gu\u00edas mejor entrenados de \u00c1frica, especializados en el rastreo de rinocerontes y el comportamiento de depredadores.<\/p>\n<\/li>\n<li>\n<p data-path-to-node=\"18,1,0\"><strong>Caminatas guiadas por el bush<\/strong><b data-path-to-node=\"18,1,0\" data-index-in-node=\"0\">:<\/b> Experimenta la emoci\u00f3n de estar a pie en un santuario de rinocerontes. Acompa\u00f1ado por un guardabosques armado, aprender\u00e1s las particularidades del rastreo de animales y la flora local. <\/p>\n<\/li>\n<li>\n<p data-path-to-node=\"18,2,0\"><strong>Safaris a caballo y en camello<\/strong><b data-path-to-node=\"18,2,0\" data-index-in-node=\"0\">:<\/b> Ac\u00e9rcate sorprendentemente a la cebra de Grevy y a la jirafa reticulada. Los animales ven a los caballos y camellos como \u00abuno de los suyos\u00bb, permitiendo un encuentro silencioso y cercano. <\/p>\n<\/li>\n<li>\n<p data-path-to-node=\"18,3,0\"><strong>Visitas a la Educaci\u00f3n para la Conservaci\u00f3n<\/strong><b data-path-to-node=\"18,3,0\" data-index-in-node=\"0\">:<\/b> Visita la Sala de Operaciones de Lewa\u2014el \u00abcerebro\u00bb de alta tecnolog\u00eda de la conservacional\u2014para ver c\u00f3mo se utilizan collares GPS y drones t\u00e9rmicos para proteger elefantes y rinocerontes.<\/p>\n<\/li>\n<li>\n<p data-path-to-node=\"18,4,0\"><strong>Visita el bosque de Ngare Ndare<\/strong><b data-path-to-node=\"18,4,0\" data-index-in-node=\"0\">:<\/b> Justo al borde de Lewa, cruza un puente de dosel de 200 metros de longitud suspendido a 30 pies sobre el suelo del bosque y nada en cascadas glaciares azul cristalino.<\/p>\n<\/li>\n<li>\n<p data-path-to-node=\"18,5,0\"><strong>Safaris<\/strong> <b data-path-to-node=\"18,5,0\" data-index-in-node=\"0\">nocturnos:<\/b> Descubre el lado nocturno de Laikipia. Busca el esquivo leopardo, el oso hormiguero y la zorilla usando focos especializados. <\/p>\n<\/li>\n<li>\n<p data-path-to-node=\"18,6,0\"><strong>Visitas a la comunidad<\/strong><b data-path-to-node=\"18,6,0\" data-index-in-node=\"0\">:<\/b> Participa con las comunidades locales apoyadas por Lewa. Visita colegios y proyectos de agua para ver c\u00f3mo tus ingresos en turismo est\u00e1n cambiando vidas. <\/p>\n<\/li>\n<\/ol>\n[\/info_list_son][\/info_list_father][\/vc_tta_section][\/vc_tta_tabs][\/vc_column][\/vc_row]\n","protected":false},"excerpt":{"rendered":"<p>[vc_row full_width=\u00bbstretch_row\u00bb gap=\u00bb1&#8243;][vc_column parallax=\u00bbcontent-moving\u00bb parallax_image=\u00bb4532&#8243; parallax_speed_bg=\u00bb1.9&#8243; css=\u00bb.vc_custom_1767872433575{padding-top: 80px !important;padding-right: 80px !important;padding-bottom: 80px !important;padding-left: 80px !important;}\u00bb][vc_custom_heading text=\u00bbConservaci\u00f3n de Vida Silvestre Lewa\u00bb font_container=\u00bbtag:h1|font_size:32|text_align:left|color:%23ffffff\u00bb google_fonts=\u00bbfont_family:Quicksand%3A300%2Cregular%2C700|font_style:400%20regular%3A400%3Anormal\u00bb el_class=\u00bbbanner-txt\u00bb][vc_separator color=\u00bbcustom\u00bb align=\u00bbalign_left\u00bb border_width=\u00bb2&#8243; el_width=\u00bb20&#8243; accent_color=\u00bb#f8f8f8&#8243;][vc_custom_heading text=\u00bbKenia\u00bb font_container=\u00bbtag:h2|font_size:18|text_align:left|color:%23ffffff\u00bb google_fonts=\u00bbfont_family:Quicksand%3A300%2Cregular%2C700|font_style:400%20regular%3A400%3Anormal\u00bb el_class=\u00bbbanner-txt\u00bb][\/vc_column][\/vc_row][vc_row][vc_column css=\u00bb.vc_custom_1673438873315{border-top-width: 10px !important;border-right-width: 10px !important;border-bottom-width: 10px !important;border-left-width: 10px !important;}\u00bb][vc_tta_tabs shape=\u00bbsquare\u00bb color=\u00bbjuicy-pink\u00bb alignment=\u00bbcenter\u00bb active_section=\u00bb1&#8243; no_fill_content_area=\u00bbtrue\u00bb][vc_tta_section title=\u00bbVisi\u00f3n general\u00bb tab_id=\u00bb1633454673222-3d94f956-010c\u00bb][info_list_father listclr=\u00bb#f8f8f8&#8243;][info_list_son style=\u00bbicon\u00bb size=\u00bb20&#8243; width=\u00bb30&#8243; height=\u00bb20&#8243; titleclr=\u00bb#890000&#8243; [&hellip;]<\/p>\n","protected":false},"author":2,"featured_media":0,"parent":28078,"menu_order":13,"comment_status":"closed","ping_status":"closed","template":"","meta":{"_themeisle_gutenberg_block_has_review":false,"footnotes":""},"class_list":["post-43021","page","type-page","status-publish","hentry"],"_links":{"self":[{"href":"https:\/\/mufasatoursandtravels.com\/es\/wp-json\/wp\/v2\/pages\/43021","targetHints":{"allow":["GET"]}}],"collection":[{"href":"https:\/\/mufasatoursandtravels.com\/es\/wp-json\/wp\/v2\/pages"}],"about":[{"href":"https:\/\/mufasatoursandtravels.com\/es\/wp-json\/wp\/v2\/types\/page"}],"author":[{"embeddable":true,"href":"https:\/\/mufasatoursandtravels.com\/es\/wp-json\/wp\/v2\/users\/2"}],"replies":[{"embeddable":true,"href":"https:\/\/mufasatoursandtravels.com\/es\/wp-json\/wp\/v2\/comments?post=43021"}],"version-history":[{"count":3,"href":"https:\/\/mufasatoursandtravels.com\/es\/wp-json\/wp\/v2\/pages\/43021\/revisions"}],"predecessor-version":[{"id":43046,"href":"https:\/\/mufasatoursandtravels.com\/es\/wp-json\/wp\/v2\/pages\/43021\/revisions\/43046"}],"up":[{"embeddable":true,"href":"https:\/\/mufasatoursandtravels.com\/es\/wp-json\/wp\/v2\/pages\/28078"}],"wp:attachment":[{"href":"https:\/\/mufasatoursandtravels.com\/es\/wp-json\/wp\/v2\/media?parent=43021"}],"curies":[{"name":"wp","href":"https:\/\/api.w.org\/{rel}","templated":true}]}}