{"id":43048,"date":"2026-01-08T15:01:33","date_gmt":"2026-01-08T12:01:33","guid":{"rendered":"https:\/\/mufasatoursandtravels.com\/destinos\/parque-nacional-de-meru-2\/"},"modified":"2026-01-08T15:58:38","modified_gmt":"2026-01-08T12:58:38","slug":"parque-nacional-de-meru-2","status":"publish","type":"page","link":"https:\/\/mufasatoursandtravels.com\/es\/destinos\/parque-nacional-de-meru-2\/","title":{"rendered":"Parque Nacional de Meru"},"content":{"rendered":"[vc_row full_width=\u00bbstretch_row\u00bb gap=\u00bb1&#8243;][vc_column parallax=\u00bbcontent-moving\u00bb parallax_image=\u00bb6957&#8243; parallax_speed_bg=\u00bb1.8&#8243; css=\u00bb.vc_custom_1767874786740{padding-top: 80px !important;padding-right: 80px !important;padding-bottom: 80px !important;padding-left: 80px !important;}\u00bb][vc_custom_heading text=\u00bbParque Nacional de Meru\u00bb font_container=\u00bbtag:h1|font_size:32|text_align:left|color:%23ffffff\u00bb google_fonts=\u00bbfont_family:Quicksand%3A300%2Cregular%2C700|font_style:400%20regular%3A400%3Anormal\u00bb el_class=\u00bbbanner-txt\u00bb][vc_separator color=\u00bbcustom\u00bb align=\u00bbalign_left\u00bb border_width=\u00bb2&#8243; el_width=\u00bb20&#8243; accent_color=\u00bb#f8f8f8&#8243;][vc_custom_heading text=\u00bbKenia\u00bb font_container=\u00bbtag:h2|font_size:18|text_align:left|color:%23ffffff\u00bb google_fonts=\u00bbfont_family:Quicksand%3A300%2Cregular%2C700|font_style:400%20regular%3A400%3Anormal\u00bb el_class=\u00bbbanner-txt\u00bb][\/vc_column][\/vc_row][vc_row][vc_column css=\u00bb.vc_custom_1673438873315{border-top-width: 10px !important;border-right-width: 10px !important;border-bottom-width: 10px !important;border-left-width: 10px !important;}\u00bb][vc_tta_tabs shape=\u00bbsquare\u00bb color=\u00bbjuicy-pink\u00bb alignment=\u00bbcenter\u00bb active_section=\u00bb1&#8243; no_fill_content_area=\u00bbtrue\u00bb][vc_tta_section title=\u00bbVisi\u00f3n general\u00bb tab_id=\u00bb1633454673222-3d94f956-010c\u00bb][info_list_father listclr=\u00bb#f8f8f8&#8243;][info_list_son style=\u00bbicon\u00bb size=\u00bb20&#8243; width=\u00bb30&#8243; height=\u00bb20&#8243; titleclr=\u00bb#890000&#8243; icon=\u00bbfas fa-map-marked\u00bb iconclr=\u00bb#890000&#8243; iconbg=\u00bb#f8f8f8&#8243; borderclr=\u00bb#f8f8f8&#8243; title=\u00bbThe Land Of Elsa the Lioness\u00bb caption_url=\u00bb\u00bb]\n<p data-path-to-node=\"5\">Meru National Park is arguably the most unspoiled and geographically diverse park in Kenya. Spanning over 870 square kilometers, it is a landscape defined by 13 permanent rivers that slice through red-earthed plains, doum palm forests, and dense tropical jungles. This park is the spiritual home of African conservation, famously being the place where George and Joy Adamson released <em><b data-path-to-node=\"5\" data-index-in-node=\"443\">Elsa the Lioness<\/b><\/em> back into the wild.<\/p>\n[\/info_list_son][info_list_son style=\u00bbicon\u00bb size=\u00bb20&#8243; width=\u00bb30&#8243; height=\u00bb20&#8243; titleclr=\u00bb#890000&#8243; icon=\u00bbfas fa-route\u00bb iconclr=\u00bb#890000&#8243; iconbg=\u00bb#f8f8f8&#8243; borderclr=\u00bb#f8f8f8&#8243; title=\u00bbWhat to expect\u00bb caption_url=\u00bb\u00bb]\n<ol>\n<li>\n<p data-path-to-node=\"6,0,0\"><strong>The Wildlife<\/strong><b data-path-to-node=\"6,0,0\" data-index-in-node=\"0\">:<\/b> Meru is home to the \u00abBig Five.\u00bb It features a dedicated 44-square-kilometer Rhino Sanctuary, making it one of the best places in Kenya to see both Black and White rhinos.<\/p>\n<\/li>\n<li>\n<p data-path-to-node=\"6,1,0\"><strong>The \u00abNorthern Specials\u00bb<\/strong><b data-path-to-node=\"6,1,0\" data-index-in-node=\"0\">:<\/b> Look for unique species like the Reticulated Giraffe, Grevy\u2019s Zebra, Somali Ostrich, and the Lesser Kudu.<\/p>\n<\/li>\n<li>\n<p data-path-to-node=\"6,2,0\"><strong>A Private Experience<\/strong><b data-path-to-node=\"6,2,0\" data-index-in-node=\"0\">:<\/b> Because Meru is less frequented than the southern parks, you will often enjoy sightings with no other vehicles in sight, offering a true sense of solitude.<\/p>\n<\/li>\n<\/ol>\n[\/info_list_son][info_list_son style=\u00bbicon\u00bb size=\u00bb20&#8243; width=\u00bb30&#8243; height=\u00bb20&#8243; titleclr=\u00bb#890000&#8243; icon=\u00bbfar fa-check-circle\u00bb iconclr=\u00bb#890000&#8243; iconbg=\u00bb#f8f8f8&#8243; borderclr=\u00bb#f8f8f8&#8243; title=\u00bbBest time to visit\u00bb caption_url=\u00bb\u00bb]\n<p data-path-to-node=\"7\">Meru National Park is a dynamic ecosystem that shifts beautifully throughout the year, offering unique rewards regardless of when you visit:<\/p>\n<ul data-path-to-node=\"8\">\n<li>\n<p data-path-to-node=\"8,0,0\"><strong>The Verdant Refresh<\/strong><b data-path-to-node=\"8,0,0\" data-index-in-node=\"0\">:<\/b> Following the rains, the 13 rivers swell and the park transforms into a lush, emerald paradise. This is the prime time for birdwatching as migratory species arrive, and the air is exceptionally clear, offering stunning views of the nearby Nyambene Hills.<\/p>\n<\/li>\n<li>\n<p data-path-to-node=\"8,1,0\"><strong>The Predator Cycle<\/strong><b data-path-to-node=\"8,1,0\" data-index-in-node=\"0\">:<\/b> As the long grass turns to golden straw, the landscape opens up, providing incredible visibility for tracking big cats. Predators often congregate near the riverbanks, where life-and-death dramas unfold as herbivores come to drink.<\/p>\n<\/li>\n<li>\n<p data-path-to-node=\"8,2,0\"><strong>The High-Contrast Season<\/strong><b data-path-to-node=\"8,2,0\" data-index-in-node=\"0\">:<\/b> During the dryer spells, the red volcanic soil contrasts sharply with the deep green of the riverine forests. This is a favorite time for photographers, as the wildlife is concentrated and easy to find along the permanent water sources.<\/p>\n<\/li>\n<\/ul>\n[\/info_list_son][\/info_list_father][vc_btn title=\u00bbPide un presupuesto\u00bb style=\u00bboutline-custom\u00bb outline_custom_color=\u00bb#890000&#8243; outline_custom_hover_background=\u00bb#890000&#8243; outline_custom_hover_text=\u00bb#ffffff\u00bb shape=\u00bbsquare\u00bb size=\u00bbsm\u00bb align=\u00bbcenter\u00bb i_align=\u00bbright\u00bb i_icon_fontawesome=\u00bbfas fa-angle-right\u00bb add_icon=\u00bbtrue\u00bb link=\u00bburl:https%3A%2F%2Fmufasatoursandtravels.com%2Fes%2Fsolicite-un-presupuesto%2F|title:Solicite%20un%20presupuesto|\u00bb][\/vc_tta_section][vc_tta_section title=\u00bbAlojamiento\u00bb tab_id=\u00bb1633455601016-f93699bc-5d92&#8243;][vc_row_inner css=\u00bb.vc_custom_1767874197540{padding: 10px !important;}\u00bb][vc_column_inner el_class=\u00bbcustom-height\u00bb offset=\u00bbvc_hidden-md vc_hidden-sm vc_hidden-xs\u00bb][ucaddon_uc_side_carousel_content image=\u00bb43062&#8243; title=\u00bbEl Kopje de Elsa\u00bb btn_text=\u00bbView Accomodation\u00bb link=\u00bbhttps:\/\/www.elewanacollection.com\/elsa-s-kopje-meru\/at-a-glance\u00bb uc_init_settings=\u00bb\u00bb uc_fonts_data=\u00bbJTdCJTdE\u00bb]QnVpbHQlMjBpbnRvJTIwdGhlJTIwTXVnaHdhbmdvJTIwSGlsbCUyQyUyMHRoaXMlMjBhd2FyZC13aW5uaW5nJTIwbG9kZ2UlMjBpcyUyMHNpdHVhdGVkJTIwb24lMjB0aGUlMjBzaXRlJTIwb2YlMjBHZW9yZ2UlMjBBZGFtc29uJUUyJTgwJTk5cyUyMG9yaWdpbmFsJTIwY2FtcC4lMjBJdCUyMG9mZmVycyUyMDM2MC1kZWdyZWUlMjB2aWV3cyUyMG9mJTIwdGhlJTIwcGxhaW5zJTIwYW5kJTIwaXMlMjB0aGUlMjBoZWlnaHQlMjBvZiUyMCUyMnVucHJldGVudGlvdXMlMjBsdXh1cnkuJTIy[\/ucaddon_uc_side_carousel_content][\/vc_column_inner][\/vc_row_inner][vc_row_inner css=\u00bb.vc_custom_1767874197540{padding: 10px !important;}\u00bb][vc_column_inner el_class=\u00bbcustom-height\u00bb offset=\u00bbvc_hidden-md vc_hidden-sm vc_hidden-xs\u00bb][ucaddon_uc_side_carousel_content image=\u00bb43068&#8243; title=\u00bbCampamento del R\u00edo Rinoceronte\u00bb btn_text=\u00bbView Accomodation\u00bb link=\u00bbhttps:\/\/www.porini.com\/african-safari-holidays\/kenya\/camps-and-lodges\/rhino-river-camp\/\u00bb uc_init_settings=\u00bb\u00bb uc_fonts_data=\u00bbJTdCJTdE\u00bb]TG9jYXRlZCUyMG9uJTIwdGhlJTIwZWRnZSUyMG9mJTIwdGhlJTIwUmhpbm8lMjBTYW5jdHVhcnklMkMlMjB0aGlzJTIwY2FtcCUyMGZlYXR1cmVzJTIwc3R5bGlzaCUyMHRlbnRzJTIwb24lMjB3b29kZW4lMjBkZWNrcyUyMG92ZXJsb29raW5nJTIwdGhlJTIwS2luZGFuaSUyMFJpdmVyLiUyMEl0JTIwb2ZmZXJzJTIwYSUyMHBlYWNlZnVsJTJDJTIwZm9yZXN0LWxpa2UlMjBhdG1vc3BoZXJlLg==[\/ucaddon_uc_side_carousel_content][\/vc_column_inner][\/vc_row_inner][vc_row_inner css=\u00bb.vc_custom_1767874197540{padding: 10px !important;}\u00bb][vc_column_inner el_class=\u00bbcustom-height\u00bb offset=\u00bbvc_hidden-md vc_hidden-sm vc_hidden-xs\u00bb][ucaddon_uc_side_carousel_content image=\u00bb43074&#8243; title=\u00bbCampamento Safari Ikweta\u00bb btn_text=\u00bbView Accomodation\u00bb link=\u00bbhttps:\/\/www.porini.com\/african-safari-holidays\/kenya\/camps-and-lodges\/rhino-river-camp\/\u00bb uc_init_settings=\u00bb\u00bb uc_fonts_data=\u00bbJTdCJTdE\u00bb]S25vd24lMjBmb3IlMjBpdHMlMjBoaWdoLXF1YWxpdHklMjB0ZW50cyUyMGFuZCUyMGdyZWF0JTIwdmFsdWUlMkMlMjB0aGlzJTIwY2FtcCUyMGlzJTIwcGVyZmVjdCUyMGZvciUyMHRob3NlJTIwd2hvJTIwd2FudCUyMGElMjBjb21mb3J0YWJsZSUyMCUyMmJ1c2glMjIlMjBleHBlcmllbmNlLg==[\/ucaddon_uc_side_carousel_content][\/vc_column_inner][\/vc_row_inner][vc_row_inner css=\u00bb.vc_custom_1767874197540{padding: 10px !important;}\u00bb][vc_column_inner el_class=\u00bbcustom-height\u00bb offset=\u00bbvc_hidden-lg\u00bb][vc_headings style=\u00bbtheme2&#8243; borderclr=\u00bb#890000&#8243; title=\u00bbElsa&#8217;s Kopje\u00bb align=\u00bbleft\u00bb google_fonts=\u00bbfont_family:Quicksand%3A300%2Cregular%2C700|font_style:400%20regular%3A400%3Anormal\u00bb titleclr=\u00bb#000000&#8243; caption_url=\u00bb\u00bb caption_urls=\u00bb\u00bb caption_urlss=\u00bb\u00bb caption_urldesc=\u00bb\u00bb]Built into the Mughwango Hill, this award-winning lodge is situated on the site of George Adamson\u2019s original camp. It offers 360-degree views of the plains and is the height of \u00abunpretentious luxury.\u00bb[\/vc_headings][vc_btn title=\u00bbVer alojamiento\u00bb style=\u00bboutline-custom\u00bb outline_custom_color=\u00bb#890000&#8243; outline_custom_hover_background=\u00bb#890000&#8243; outline_custom_hover_text=\u00bb#ffffff\u00bb shape=\u00bbsquare\u00bb size=\u00bbsm\u00bb i_align=\u00bbright\u00bb i_icon_fontawesome=\u00bbfas fa-angle-right\u00bb add_icon=\u00bbtrue\u00bb css=\u00bb.vc_custom_1767877016471{padding-top: 10px !important;padding-right: 10px !important;padding-bottom: 10px !important;}\u00bb link=\u00bburl:https%3A%2F%2Fwww.elewanacollection.com%2Felsa-s-kopje-meru%2Fat-a-glance|\u00bb][\/vc_column_inner][\/vc_row_inner][vc_row_inner css=\u00bb.vc_custom_1767874197540{padding: 10px !important;}\u00bb][vc_column_inner el_class=\u00bbcustom-height\u00bb offset=\u00bbvc_hidden-lg\u00bb][vc_headings style=\u00bbtheme2&#8243; borderclr=\u00bb#890000&#8243; title=\u00bbRhino River Camp\u00bb align=\u00bbleft\u00bb google_fonts=\u00bbfont_family:Quicksand%3A300%2Cregular%2C700|font_style:400%20regular%3A400%3Anormal\u00bb titleclr=\u00bb#000000&#8243; caption_url=\u00bb\u00bb caption_urls=\u00bb\u00bb caption_urlss=\u00bb\u00bb caption_urldesc=\u00bb\u00bb]Located on the edge of the Rhino Sanctuary, this camp features stylish tents on wooden decks overlooking the Kindani River. It offers a peaceful, forest-like atmosphere.[\/vc_headings][vc_btn title=\u00bbVer alojamiento\u00bb style=\u00bboutline-custom\u00bb outline_custom_color=\u00bb#890000&#8243; outline_custom_hover_background=\u00bb#890000&#8243; outline_custom_hover_text=\u00bb#ffffff\u00bb shape=\u00bbsquare\u00bb size=\u00bbsm\u00bb i_align=\u00bbright\u00bb i_icon_fontawesome=\u00bbfas fa-angle-right\u00bb add_icon=\u00bbtrue\u00bb css=\u00bb.vc_custom_1767877073784{padding-top: 10px !important;padding-right: 10px !important;padding-bottom: 10px !important;}\u00bb link=\u00bburl:https%3A%2F%2Fwww.porini.com%2Fafrican-safari-holidays%2Fkenya%2Fcamps-and-lodges%2Frhino-river-camp%2F|\u00bb][\/vc_column_inner][\/vc_row_inner][vc_row_inner css=\u00bb.vc_custom_1767874197540{padding: 10px !important;}\u00bb][vc_column_inner el_class=\u00bbcustom-height\u00bb offset=\u00bbvc_hidden-lg\u00bb][vc_headings style=\u00bbtheme2&#8243; borderclr=\u00bb#890000&#8243; title=\u00bbIkweta Safari Camp\u00bb align=\u00bbleft\u00bb google_fonts=\u00bbfont_family:Quicksand%3A300%2Cregular%2C700|font_style:400%20regular%3A400%3Anormal\u00bb titleclr=\u00bb#000000&#8243; caption_url=\u00bb\u00bb caption_urls=\u00bb\u00bb caption_urlss=\u00bb\u00bb caption_urldesc=\u00bb\u00bb]\n<p data-path-to-node=\"13,2,1,0,0\">Known for its high-quality tents and great value, this camp is perfect for those who want a comfortable \u00abbush\u00bb experience.<\/p>\n[\/vc_headings][vc_btn title=\u00bbVer alojamiento\u00bb style=\u00bboutline-custom\u00bb outline_custom_color=\u00bb#890000&#8243; outline_custom_hover_background=\u00bb#890000&#8243; outline_custom_hover_text=\u00bb#ffffff\u00bb shape=\u00bbsquare\u00bb size=\u00bbsm\u00bb i_align=\u00bbright\u00bb i_icon_fontawesome=\u00bbfas fa-angle-right\u00bb add_icon=\u00bbtrue\u00bb css=\u00bb.vc_custom_1767877172813{padding-top: 10px !important;padding-right: 10px !important;padding-bottom: 10px !important;}\u00bb link=\u00bburl:https%3A%2F%2Fwww.porini.com%2Fafrican-safari-holidays%2Fkenya%2Fcamps-and-lodges%2Frhino-river-camp%2F|\u00bb][\/vc_column_inner][\/vc_row_inner][\/vc_tta_section][vc_tta_section title=\u00bbActividades\u00bb tab_id=\u00bb1767601538075-7b6924d3-776e\u00bb][info_list_father listclr=\u00bb#f8f8f8&#8243;][info_list_son style=\u00bbicon\u00bb size=\u00bb0&#8243; width=\u00bb0&#8243; height=\u00bb0&#8243; titleclr=\u00bb#f8f8f8&#8243; iconclr=\u00bb#f8f8f8&#8243; borderclr=\u00bb#f8f8f8&#8243; caption_url=\u00bb\u00bb]\n<ol>\n<li>\n<p data-path-to-node=\"18,0,0\"><strong>Rastreo del Santuario<\/strong> de <b data-path-to-node=\"18,0,0\" data-index-in-node=\"0\">Rinocerontes:<\/b> Visita el santuario altamente protegido de 44 km\u00b2. Debido al terreno del parque, a menudo se pueden obtener fotos incre\u00edbles y de corta distancia de estos gigantes en peligro de extinci\u00f3n. <\/p>\n<\/li>\n<li>\n<p data-path-to-node=\"18,1,0\"><strong>La peregrinaci\u00f3n \u00abNacidos libres<\/strong><b data-path-to-node=\"18,1,0\" data-index-in-node=\"0\">\u00ab:<\/b> Visita la tumba de Elsa la Leona y el lugar del campamento original de George Adamson para conectar con la historia que cambi\u00f3 para siempre la conservaci\u00f3n global.<\/p>\n<\/li>\n<li>\n<p data-path-to-node=\"18,2,0\">Safari <strong><b data-path-to-node=\"18,2,0\" data-index-in-node=\"0\">fluviales:<\/b> Explora las orillas de los r\u00edos Tana y Rojewero. Observa a los hipop\u00f3tamos revolcarse y a los enormes cocodrilos tomar el sol, y estate atento al esquivo b\u00faho pescador de Pel.<\/strong> <\/p>\n<\/li>\n<li>\n<p data-path-to-node=\"18,3,0\"><strong>Adamson&#8217;s Falls<\/strong><b data-path-to-node=\"18,3,0\" data-index-in-node=\"0\">:<\/b> Haz una excursi\u00f3n guiada a estos r\u00e1pidos espectaculares donde el r\u00edo Tana se ve forzado a atravesar un estrecho canal de roca. Es un lugar muy potente para un picnic y la fotograf\u00eda. <\/p>\n<\/li>\n<li>\n<p data-path-to-node=\"18,4,0\"><strong>Expediciones de observaci\u00f3n de aves<\/strong><b data-path-to-node=\"18,4,0\" data-index-in-node=\"0\">:<\/b> Con m\u00e1s de 400 especies, incluyendo el raro pie de aleta de Peter y varios martines pescadores, Meru es un destino de primer nivel para los amantes de las aves.<\/p>\n<\/li>\n<li>\n<p data-path-to-node=\"18,5,0\"><strong>Atardeceres en los Kopjes<\/strong><b data-path-to-node=\"18,5,0\" data-index-in-node=\"0\">:<\/b> Termina tu d\u00eda en lo alto de uno de los afloramientos rocosos del parque (Kopjes), viendo c\u00f3mo el sol se pone sobre el vasto horizonte con una bebida fr\u00eda en la mano, una experiencia caracter\u00edstica de Mufasa.<\/p>\n<\/li>\n<li>\n<p data-path-to-node=\"18,6,0\"><strong>Safarios nocturnos<\/strong><b data-path-to-node=\"18,6,0\" data-index-in-node=\"0\">:<\/b> (disponibles en alojamientos espec\u00edficos) Descubre a los habitantes nocturnos de Meru, desde leopardos cazadores hasta el curioso caracal. <\/p>\n<\/li>\n<\/ol>\n[\/info_list_son][\/info_list_father][\/vc_tta_section][\/vc_tta_tabs][\/vc_column][\/vc_row]\n","protected":false},"excerpt":{"rendered":"<p>[vc_row full_width=\u00bbstretch_row\u00bb gap=\u00bb1&#8243;][vc_column parallax=\u00bbcontent-moving\u00bb parallax_image=\u00bb6957&#8243; parallax_speed_bg=\u00bb1.8&#8243; css=\u00bb.vc_custom_1767874786740{padding-top: 80px !important;padding-right: 80px !important;padding-bottom: 80px !important;padding-left: 80px !important;}\u00bb][vc_custom_heading text=\u00bbParque Nacional de Meru\u00bb font_container=\u00bbtag:h1|font_size:32|text_align:left|color:%23ffffff\u00bb google_fonts=\u00bbfont_family:Quicksand%3A300%2Cregular%2C700|font_style:400%20regular%3A400%3Anormal\u00bb el_class=\u00bbbanner-txt\u00bb][vc_separator color=\u00bbcustom\u00bb align=\u00bbalign_left\u00bb border_width=\u00bb2&#8243; el_width=\u00bb20&#8243; accent_color=\u00bb#f8f8f8&#8243;][vc_custom_heading text=\u00bbKenia\u00bb font_container=\u00bbtag:h2|font_size:18|text_align:left|color:%23ffffff\u00bb google_fonts=\u00bbfont_family:Quicksand%3A300%2Cregular%2C700|font_style:400%20regular%3A400%3Anormal\u00bb el_class=\u00bbbanner-txt\u00bb][\/vc_column][\/vc_row][vc_row][vc_column css=\u00bb.vc_custom_1673438873315{border-top-width: 10px !important;border-right-width: 10px !important;border-bottom-width: 10px !important;border-left-width: 10px !important;}\u00bb][vc_tta_tabs shape=\u00bbsquare\u00bb color=\u00bbjuicy-pink\u00bb alignment=\u00bbcenter\u00bb active_section=\u00bb1&#8243; no_fill_content_area=\u00bbtrue\u00bb][vc_tta_section title=\u00bbVisi\u00f3n general\u00bb tab_id=\u00bb1633454673222-3d94f956-010c\u00bb][info_list_father listclr=\u00bb#f8f8f8&#8243;][info_list_son style=\u00bbicon\u00bb size=\u00bb20&#8243; width=\u00bb30&#8243; height=\u00bb20&#8243; titleclr=\u00bb#890000&#8243; icon=\u00bbfas [&hellip;]<\/p>\n","protected":false},"author":2,"featured_media":0,"parent":28078,"menu_order":14,"comment_status":"closed","ping_status":"closed","template":"","meta":{"_themeisle_gutenberg_block_has_review":false,"footnotes":""},"class_list":["post-43048","page","type-page","status-publish","hentry"],"_links":{"self":[{"href":"https:\/\/mufasatoursandtravels.com\/es\/wp-json\/wp\/v2\/pages\/43048","targetHints":{"allow":["GET"]}}],"collection":[{"href":"https:\/\/mufasatoursandtravels.com\/es\/wp-json\/wp\/v2\/pages"}],"about":[{"href":"https:\/\/mufasatoursandtravels.com\/es\/wp-json\/wp\/v2\/types\/page"}],"author":[{"embeddable":true,"href":"https:\/\/mufasatoursandtravels.com\/es\/wp-json\/wp\/v2\/users\/2"}],"replies":[{"embeddable":true,"href":"https:\/\/mufasatoursandtravels.com\/es\/wp-json\/wp\/v2\/comments?post=43048"}],"version-history":[{"count":2,"href":"https:\/\/mufasatoursandtravels.com\/es\/wp-json\/wp\/v2\/pages\/43048\/revisions"}],"predecessor-version":[{"id":43084,"href":"https:\/\/mufasatoursandtravels.com\/es\/wp-json\/wp\/v2\/pages\/43048\/revisions\/43084"}],"up":[{"embeddable":true,"href":"https:\/\/mufasatoursandtravels.com\/es\/wp-json\/wp\/v2\/pages\/28078"}],"wp:attachment":[{"href":"https:\/\/mufasatoursandtravels.com\/es\/wp-json\/wp\/v2\/media?parent=43048"}],"curies":[{"name":"wp","href":"https:\/\/api.w.org\/{rel}","templated":true}]}}