{"id":27907,"date":"2023-11-02T17:48:42","date_gmt":"2023-11-02T14:48:42","guid":{"rendered":"https:\/\/mufasatoursandtravels.com\/safaris-en-tanzanie\/"},"modified":"2025-12-15T16:58:34","modified_gmt":"2025-12-15T13:58:34","slug":"safaris-en-tanzanie","status":"publish","type":"page","link":"https:\/\/mufasatoursandtravels.com\/fr\/safaris-en-tanzanie\/","title":{"rendered":"Safaris en Tanzanie"},"content":{"rendered":"[vc_row full_width=\u00a0\u00bbstretch_row_content\u00a0\u00bb parallax=\u00a0\u00bbcontent-moving\u00a0\u00bb parallax_image=\u00a0\u00bb41166&Prime; parallax_speed_bg=\u00a0\u00bb1.9&Prime; el_class=\u00a0\u00bbcustom-banner-image\u00a0\u00bb css=\u00a0\u00bb.vc_custom_1765801373651{margin-top: -90px !important;padding-top: 20vh !important;}\u00a0\u00bb][vc_column][vc_custom_heading text=\u00a0\u00bbSafaris priv\u00e9s en Tanzanie.\u00a0\u00bb font_container=\u00a0\u00bbtag:h1|font_size:50px|text_align:left|color:%23ffffff\u00a0\u00bb google_fonts=\u00a0\u00bbfont_family:Roboto%3A100%2C100italic%2C300%2C300italic%2Cregular%2Citalic%2C500%2C500italic%2C700%2C700italic%2C900%2C900italic|font_style:300%20light%20regular%3A300%3Anormal\u00a0\u00bb el_class=\u00a0\u00bbbanner-txt\u00a0\u00bb][vc_separator align=\u00a0\u00bbalign_left\u00a0\u00bb border_width=\u00a0\u00bb2&Prime; el_width=\u00a0\u00bb20&Prime; el_class=\u00a0\u00bbbanner-txt\u00a0\u00bb][vc_custom_heading text=\u00a0\u00bbSafari par la route\u00a0\u00bb font_container=\u00a0\u00bbtag:h2|text_align:left|color:%23ffffff\u00a0\u00bb google_fonts=\u00a0\u00bbfont_family:Roboto%3A100%2C100italic%2C300%2C300italic%2Cregular%2Citalic%2C500%2C500italic%2C700%2C700italic%2C900%2C900italic|font_style:400%20italic%3A400%3Aitalic\u00a0\u00bb el_class=\u00a0\u00bbbanner-txt\u00a0\u00bb][\/vc_column][\/vc_row][vc_row][vc_column][vc_headings style=\u00a0\u00bbtheme3&Prime; linewidth=\u00a0\u00bb150&Prime; borderclr=\u00a0\u00bb#890000&Prime; title=\u00a0\u00bbSAFARI PAR LA ROUTE\u00a0\u00bb use_theme_fonts=\u00a0\u00bbyes\u00a0\u00bb titleclr=\u00a0\u00bb#890000&Prime;][\/vc_headings][vc_empty_space][\/vc_column][\/vc_row][vc_row][vc_column][vc_column_text]\n<p style=\"font-size: 18px; text-align: left;\">Embarquez pour un voyage au c\u0153ur des parcs et r\u00e9serves sauvages de Tanzanie, o\u00f9 chaque instant est une exploration et chaque d\u00e9couverte est partag\u00e9e avec votre tribu. Lib\u00e9rez l\u2019esprit de camaraderie en traversant des paysages \u00e0 couper le souffle, en rencontrant une faune majestueuse et en cr\u00e9ant des souvenirs qui dureront toute une vie. <\/p>\n[\/vc_column_text][\/vc_column][\/vc_row][vc_row gap=\u00a0\u00bb5&Prime; disable_element=\u00a0\u00bbyes\u00a0\u00bb][vc_column width=\u00a0\u00bb1\/3&Prime; css=\u00a0\u00bb.vc_custom_1712835164755{padding: 10px !important;}\u00a0\u00bb][vc_hoverbox image=\u00a0\u00bb13283&Prime; primary_title=\u00a0\u00bbSAFARIS DE COURTE DUR\u00c9E\u00a0\u00bb primary_title_font_container=\u00a0\u00bbcolor:%23ffffff\u00a0\u00bb primary_title_use_theme_fonts=\u00a0\u00bbyes\u00a0\u00bb hover_title=\u00a0\u00bb\u00a0\u00bb hover_background_color=\u00a0\u00bbcustom\u00a0\u00bb hover_btn_title=\u00a0\u00bb1-3 jours\u00a0\u00bb hover_btn_i_icon_fontawesome=\u00a0\u00bbfas fa-paw\u00a0\u00bb use_custom_fonts_primary_title=\u00a0\u00bbtrue\u00a0\u00bb hover_add_button=\u00a0\u00bbtrue\u00a0\u00bb hover_btn_add_icon=\u00a0\u00bbtrue\u00a0\u00bb hover_custom_background=\u00a0\u00bb#890000&Prime; hover_btn_link=\u00a0\u00bburl:https%3A%2F%2Fmufasatoursandtravels.com%2Ffr%2Fsafaris-en-tanzanie%2Fsafaris-de-courte-duree-en-tanzanie%2F|title:Safaris%20de%20courte%20dur%C3%A9e%20en%20Tanzanie|\u00a0\u00bb primary_title_link=\u00a0\u00bburl:https%3A%2F%2Fmufasatoursandtravels.com%2Ffr%2Fsafaris-en-tanzanie%2Fsafaris-de-courte-duree-en-tanzanie%2F|title:Safaris%20de%20courte%20dur%C3%A9e%20en%20Tanzanie|\u00a0\u00bb][\/vc_hoverbox][\/vc_column][vc_column width=\u00a0\u00bb1\/3&Prime; css=\u00a0\u00bb.vc_custom_1712835046953{padding: 10px !important;}\u00a0\u00bb][vc_hoverbox image=\u00a0\u00bb14561&Prime; primary_title=\u00a0\u00bbSAFARIS DE MOYEN S\u00c9JOUR\u00a0\u00bb primary_title_font_container=\u00a0\u00bbcolor:%23ffffff\u00a0\u00bb primary_title_use_theme_fonts=\u00a0\u00bbyes\u00a0\u00bb hover_title=\u00a0\u00bb\u00a0\u00bb hover_background_color=\u00a0\u00bbcustom\u00a0\u00bb hover_btn_title=\u00a0\u00bb4-6 jours\u00a0\u00bb hover_btn_i_icon_fontawesome=\u00a0\u00bbfas fa-paw\u00a0\u00bb use_custom_fonts_primary_title=\u00a0\u00bbtrue\u00a0\u00bb hover_add_button=\u00a0\u00bbtrue\u00a0\u00bb hover_btn_add_icon=\u00a0\u00bbtrue\u00a0\u00bb hover_custom_background=\u00a0\u00bb#890000&Prime; hover_btn_link=\u00a0\u00bburl:https%3A%2F%2Fmufasatoursandtravels.com%2Ffr%2Fsafaris-en-tanzanie%2Ftanzanie-safaris-de-moyen-sejour%2F|title:Tanzanie%20Safaris%20de%20moyen%20s%C3%A9jour|\u00a0\u00bb primary_title_link=\u00a0\u00bburl:https%3A%2F%2Fmufasatoursandtravels.com%2Ffr%2Fsafaris-en-tanzanie%2Ftanzanie-safaris-de-moyen-sejour%2F|title:Tanzanie%20Safaris%20de%20moyen%20s%C3%A9jour|\u00a0\u00bb][\/vc_hoverbox][\/vc_column][vc_column width=\u00a0\u00bb1\/3&Prime; css=\u00a0\u00bb.vc_custom_1712835131811{padding: 10px !important;}\u00a0\u00bb][vc_hoverbox image=\u00a0\u00bb1716&Prime; primary_title=\u00a0\u00bbSAFARIS LONG S\u00c9JOUR\u00a0\u00bb primary_title_font_container=\u00a0\u00bbcolor:%23ffffff\u00a0\u00bb primary_title_use_theme_fonts=\u00a0\u00bbyes\u00a0\u00bb hover_title=\u00a0\u00bb\u00a0\u00bb hover_background_color=\u00a0\u00bbcustom\u00a0\u00bb hover_btn_title=\u00a0\u00bb7+ jours\u00a0\u00bb hover_btn_i_icon_fontawesome=\u00a0\u00bbfas fa-paw\u00a0\u00bb use_custom_fonts_primary_title=\u00a0\u00bbtrue\u00a0\u00bb hover_add_button=\u00a0\u00bbtrue\u00a0\u00bb hover_btn_add_icon=\u00a0\u00bbtrue\u00a0\u00bb hover_custom_background=\u00a0\u00bb#890000&Prime; primary_title_link=\u00a0\u00bburl:https%3A%2F%2Fmufasatoursandtravels.com%2Ffr%2Fsafaris-en-tanzanie%2Fsafaris-de-long-sejour-en-tanzanie%2F|title:Safaris%20de%20long%20s%C3%A9jour%20en%20Tanzanie|\u00a0\u00bb hover_btn_link=\u00a0\u00bburl:https%3A%2F%2Fmufasatoursandtravels.com%2Ffr%2Fsafaris-en-tanzanie%2Fsafaris-de-long-sejour-en-tanzanie%2F|title:Safaris%20de%20long%20s%C3%A9jour%20en%20Tanzanie|\u00a0\u00bb][\/vc_hoverbox][\/vc_column][\/vc_row][vc_row css=\u00a0\u00bb.vc_custom_1765460591153{padding: 10px !important;}\u00a0\u00bb][vc_column][vc_text_separator title=\u00a0\u00bbSafari de courte dur\u00e9e\u00a0\u00bb title_align=\u00a0\u00bbseparator_align_left\u00a0\u00bb align=\u00a0\u00bbalign_left\u00a0\u00bb color=\u00a0\u00bbcustom\u00a0\u00bb border_width=\u00a0\u00bb2&Prime; accent_color=\u00a0\u00bb#890000&Prime; el_class=\u00a0\u00bblead-description\u00a0\u00bb][\/vc_column][\/vc_row][vc_row css=\u00a0\u00bb.vc_custom_1765460615224{padding-top: 10px !important;padding-right: 10px !important;padding-bottom: 10px !important;padding-left: 10px !important;}\u00a0\u00bb][vc_column width=\u00a0\u00bb1\/3&Prime; css=\u00a0\u00bb.vc_custom_1765794263079{padding: 10px !important;}\u00a0\u00bb]<div class=\"cq-hovercard cq-rotateY cardm cq-hovercard-hideicon\" data-contentcolor=\"\" data-iconcolor=\"\" data-bgheight=\"240\" data-captionoffset=\"\" data-videowidth=\"640\" data-linktype=\"customlink\" data-bgtype=\"image\" data-lightboxmargin=\"\"><a href=\"https:\/\/mufasatoursandtravels.com\/tanzania-safaris\/tanzania-short-stay-safaris\/tarangire-tree-top-adventure\/\" title=\"Tarangire Tree Top Adventure Rates\" target=\"\" class=\"cq-hovercard-customlink\"><img decoding=\"async\" src=\"https:\/\/mufasatoursandtravels.com\/wp-content\/uploads\/2023\/07\/gazelle-scaled.jpg\" class=\"cq-hovercard-background\" alt=\"\" \/><div class=\"cq-hovercard-textcontainer\"><div class=\"cq-hovercard-title\">Cime de l\u2019arbre de Tarangire<\/div><div class=\"cq-hovercard-content\">1 Day | Tarangire National Park<\/div><i class=\"cq-hovercard-icon fas fa-paw\"><\/i><\/div><\/a><\/div>[\/vc_column][vc_column width=\u00a0\u00bb1\/3&Prime; css=\u00a0\u00bb.vc_custom_1765794283422{padding: 10px !important;}\u00a0\u00bb]<div class=\"cq-hovercard cq-rotateY cardm cq-hovercard-hideicon\" data-contentcolor=\"\" data-iconcolor=\"\" data-bgheight=\"240\" data-captionoffset=\"\" data-videowidth=\"640\" data-linktype=\"customlink\" data-bgtype=\"image\" data-lightboxmargin=\"\"><a href=\"https:\/\/mufasatoursandtravels.com\/tanzania-safaris\/tanzania-short-stay-safaris\/savannah-symphony-safari\/\" title=\"Savannah Symphony Safari\" target=\"\" class=\"cq-hovercard-customlink\"><img decoding=\"async\" src=\"https:\/\/mufasatoursandtravels.com\/wp-content\/uploads\/2023\/01\/zebra-savanna-scaled.jpg\" class=\"cq-hovercard-background\" alt=\"\" \/><div class=\"cq-hovercard-textcontainer\"><div class=\"cq-hovercard-title\">Symphonie de la savane<\/div><div class=\"cq-hovercard-content\">1 Day | Ngorongoro National Park<\/div><i class=\"cq-hovercard-icon fas fa-paw\"><\/i><\/div><\/a><\/div>[\/vc_column][vc_column width=\u00a0\u00bb1\/3&Prime; css=\u00a0\u00bb.vc_custom_1765794299020{padding: 10px !important;}\u00a0\u00bb]<div class=\"cq-hovercard cq-rotateY cardm cq-hovercard-hideicon\" data-contentcolor=\"\" data-iconcolor=\"\" data-bgheight=\"240\" data-captionoffset=\"\" data-videowidth=\"640\" data-linktype=\"customlink\" data-bgtype=\"image\" data-lightboxmargin=\"\"><a href=\"https:\/\/mufasatoursandtravels.com\/tanzania-safaris\/tanzania-short-stay-safaris\/tanzania-wild-heart-expedition\/\" title=\"Tanzania Wild Heart Expedition\" target=\"\" class=\"cq-hovercard-customlink\"><img decoding=\"async\" src=\"https:\/\/mufasatoursandtravels.com\/wp-content\/uploads\/2023\/06\/Zebras-MTT-scaled.jpg\" class=\"cq-hovercard-background\" alt=\"\" \/><div class=\"cq-hovercard-textcontainer\"><div class=\"cq-hovercard-title\">Exp\u00e9dition C\u0153ur Sauvage<\/div><div class=\"cq-hovercard-content\">1 Day | Tarangire National Park<\/div><i class=\"cq-hovercard-icon fas fa-paw\"><\/i><\/div><\/a><\/div>[\/vc_column][\/vc_row][vc_row css=\u00a0\u00bb.vc_custom_1765459262484{padding: 10px !important;}\u00a0\u00bb][vc_column width=\u00a0\u00bb1\/3&Prime; css=\u00a0\u00bb.vc_custom_1765794316725{padding: 10px !important;}\u00a0\u00bb]<div class=\"cq-hovercard cq-rotateY cardm cq-hovercard-hideicon\" data-contentcolor=\"\" data-iconcolor=\"\" data-bgheight=\"240\" data-captionoffset=\"\" data-videowidth=\"640\" data-linktype=\"customlink\" data-bgtype=\"image\" data-lightboxmargin=\"\"><a href=\"https:\/\/mufasatoursandtravels.com\/tanzania-safaris\/tanzania-short-stay-safaris\/ngorongoro-crater-expedition\/\" title=\"Ngorongoro Crater Expedition\" target=\"\" class=\"cq-hovercard-customlink\"><img decoding=\"async\" src=\"https:\/\/mufasatoursandtravels.com\/wp-content\/uploads\/2025\/01\/Gazzelles.jpeg\" class=\"cq-hovercard-background\" alt=\"\" \/><div class=\"cq-hovercard-textcontainer\"><div class=\"cq-hovercard-title\">Exp\u00e9dition au crat\u00e8re du Ngorongoro<\/div><div class=\"cq-hovercard-content\">1 Day | Ngorongoro National Park<\/div><i class=\"cq-hovercard-icon fas fa-paw\"><\/i><\/div><\/a><\/div>[\/vc_column][vc_column width=\u00a0\u00bb1\/3&Prime; css=\u00a0\u00bb.vc_custom_1765794333191{padding: 10px !important;}\u00a0\u00bb]<div class=\"cq-hovercard cq-rotateY cardm cq-hovercard-hideicon\" data-contentcolor=\"\" data-iconcolor=\"\" data-bgheight=\"240\" data-captionoffset=\"\" data-videowidth=\"640\" data-linktype=\"\" data-bgtype=\"image\" data-lightboxmargin=\"\"><img decoding=\"async\" src=\"https:\/\/mufasatoursandtravels.com\/wp-content\/uploads\/2023\/01\/Lions-Mara-scaled.jpg\" class=\"cq-hovercard-background\" alt=\"\" \/><div class=\"cq-hovercard-textcontainer\"><div class=\"cq-hovercard-title\">Tarangire Lever du soleil<\/div><div class=\"cq-hovercard-content\">3 Day | Tarangire \u2192 Ngorongoro \u2192 Lk.Manyara<\/div><i class=\"cq-hovercard-icon fas fa-paw\"><\/i><\/div><\/div>[\/vc_column][vc_column width=\u00a0\u00bb1\/3&Prime; css=\u00a0\u00bb.vc_custom_1765794350161{padding: 10px !important;}\u00a0\u00bb]<div class=\"cq-hovercard cq-rotateY cardm cq-hovercard-hideicon\" data-contentcolor=\"\" data-iconcolor=\"\" data-bgheight=\"240\" data-captionoffset=\"\" data-videowidth=\"640\" data-linktype=\"customlink\" data-bgtype=\"image\" data-lightboxmargin=\"\"><a href=\"https:\/\/mufasatoursandtravels.com\/tanzania-safaris\/tanzania-short-stay-safaris\/serengeti-sunsets-savannah-secrets\/\" title=\"Serengeti Sunsets & Savannah Secrets\" target=\"\" class=\"cq-hovercard-customlink\"><img decoding=\"async\" src=\"https:\/\/mufasatoursandtravels.com\/wp-content\/uploads\/2022\/01\/black-and-white-buffalo-portrait-ol-pejeta-conservancy-nanyuki-kenya-pranav-chadha.jpg\" class=\"cq-hovercard-background\" alt=\"MUFASA TOURS AND TRAVELS KENYA\" \/><div class=\"cq-hovercard-textcontainer\"><div class=\"cq-hovercard-title\">Couchers de soleil et secrets du Serengeti<\/div><div class=\"cq-hovercard-content\">3 Day | Serengeti<\/div><i class=\"cq-hovercard-icon fas fa-plane-departure\"><\/i><\/div><\/a><\/div>[\/vc_column][\/vc_row][vc_row css=\u00a0\u00bb.vc_custom_1765460639361{padding: 10px !important;}\u00a0\u00bb][vc_column][vc_text_separator title=\u00a0\u00bbSafari de s\u00e9jour moyen\u00a0\u00bb title_align=\u00a0\u00bbseparator_align_left\u00a0\u00bb align=\u00a0\u00bbalign_left\u00a0\u00bb color=\u00a0\u00bbcustom\u00a0\u00bb border_width=\u00a0\u00bb2&Prime; accent_color=\u00a0\u00bb#890000&Prime; el_class=\u00a0\u00bblead-description\u00a0\u00bb][\/vc_column][\/vc_row][vc_row css=\u00a0\u00bb.vc_custom_1765459262484{padding: 10px !important;}\u00a0\u00bb][vc_column width=\u00a0\u00bb1\/3&Prime; css=\u00a0\u00bb.vc_custom_1765794378378{padding: 10px !important;}\u00a0\u00bb]<div class=\"cq-hovercard cq-rotateY cardm cq-hovercard-hideicon\" data-contentcolor=\"\" data-iconcolor=\"\" data-bgheight=\"240\" data-captionoffset=\"\" data-videowidth=\"640\" data-linktype=\"customlink\" data-bgtype=\"image\" data-lightboxmargin=\"\"><a href=\"https:\/\/mufasatoursandtravels.com\/tanzania-safaris\/tanzania-medium-stay-safaris\/serengeti-ngorongoro-odyssey\/\" title=\"Serengeti-Ngorongoro Odyssey\" target=\"\" class=\"cq-hovercard-customlink\"><img decoding=\"async\" src=\"https:\/\/mufasatoursandtravels.com\/wp-content\/uploads\/2024\/09\/wildebeest_serengeti-scaled.jpg\" class=\"cq-hovercard-background\" alt=\"\" \/><div class=\"cq-hovercard-textcontainer\"><div class=\"cq-hovercard-title\">L\u2019Odyss\u00e9e Serengeti-Ngorongoro<\/div><div class=\"cq-hovercard-content\">4 Day | Serengeti \u2192 Ngorongoro<\/div><i class=\"cq-hovercard-icon fas fa-paw\"><\/i><\/div><\/a><\/div>[\/vc_column][vc_column width=\u00a0\u00bb1\/3&Prime; css=\u00a0\u00bb.vc_custom_1765794393162{padding: 10px !important;}\u00a0\u00bb]<div class=\"cq-hovercard cq-rotateY cardm cq-hovercard-hideicon\" data-contentcolor=\"\" data-iconcolor=\"\" data-bgheight=\"240\" data-captionoffset=\"\" data-videowidth=\"640\" data-linktype=\"customlink\" data-bgtype=\"image\" data-lightboxmargin=\"\"><a href=\"https:\/\/mufasatoursandtravels.com\/tanzania-safaris\/tanzania-medium-stay-safaris\/tanzania-signature-safari\/\" title=\"Tanzania Signature Safari\" target=\"\" class=\"cq-hovercard-customlink\"><img decoding=\"async\" src=\"https:\/\/mufasatoursandtravels.com\/wp-content\/uploads\/2025\/03\/elephant-calf.jpg\" class=\"cq-hovercard-background\" alt=\"\" \/><div class=\"cq-hovercard-textcontainer\"><div class=\"cq-hovercard-title\">Signature de la Tanzanie<\/div><div class=\"cq-hovercard-content\">5 Day | Tarangire \u2192 Serengeti \u2192 Ngorongoro<\/div><i class=\"cq-hovercard-icon fas fa-paw\"><\/i><\/div><\/a><\/div>[\/vc_column][vc_column width=\u00a0\u00bb1\/3&Prime; css=\u00a0\u00bb.vc_custom_1765794409422{padding: 10px !important;}\u00a0\u00bb]<div class=\"cq-hovercard cq-rotateY cardm cq-hovercard-hideicon\" data-contentcolor=\"\" data-iconcolor=\"\" data-bgheight=\"240\" data-captionoffset=\"\" data-videowidth=\"640\" data-linktype=\"\" data-bgtype=\"image\" data-lightboxmargin=\"\"><img decoding=\"async\" src=\"https:\/\/mufasatoursandtravels.com\/wp-content\/uploads\/2022\/03\/serengeti-lion.jpg\" class=\"cq-hovercard-background\" alt=\"\" \/><div class=\"cq-hovercard-textcontainer\"><div class=\"cq-hovercard-title\">Exp\u00e9dition S\u00e9r\u00e9nade<\/div><div class=\"cq-hovercard-content\">6 Day | Tarangire \u2192 Serengeti \u2192 Ngorongoro<\/div><i class=\"cq-hovercard-icon fas fa-paw\"><\/i><\/div><\/div>[\/vc_column][\/vc_row][vc_row css=\u00a0\u00bb.vc_custom_1765460671169{padding: 10px !important;}\u00a0\u00bb][vc_column][vc_text_separator title=\u00a0\u00bbSafari de longue dur\u00e9e\u00a0\u00bb title_align=\u00a0\u00bbseparator_align_left\u00a0\u00bb align=\u00a0\u00bbalign_left\u00a0\u00bb color=\u00a0\u00bbcustom\u00a0\u00bb border_width=\u00a0\u00bb2&Prime; accent_color=\u00a0\u00bb#890000&Prime; el_class=\u00a0\u00bblead-description\u00a0\u00bb][\/vc_column][\/vc_row][vc_row css=\u00a0\u00bb.vc_custom_1765459262484{padding: 10px !important;}\u00a0\u00bb][vc_column width=\u00a0\u00bb1\/3&Prime; css=\u00a0\u00bb.vc_custom_1765794480748{padding: 10px !important;}\u00a0\u00bb]<div class=\"cq-hovercard cq-rotateY cardm cq-hovercard-hideicon\" data-contentcolor=\"\" data-iconcolor=\"\" data-bgheight=\"240\" data-captionoffset=\"\" data-videowidth=\"640\" data-linktype=\"customlink\" data-bgtype=\"image\" data-lightboxmargin=\"\"><a href=\"https:\/\/mufasatoursandtravels.com\/tanzania-safaris\/tanzania-long-stay-safaris\/wild-trail-safari\/\" title=\"Wild Trail Safari\" target=\"\" class=\"cq-hovercard-customlink\"><img decoding=\"async\" src=\"https:\/\/mufasatoursandtravels.com\/wp-content\/uploads\/2025\/03\/wildebeests-scaled.jpg\" class=\"cq-hovercard-background\" alt=\"\" \/><div class=\"cq-hovercard-textcontainer\"><div class=\"cq-hovercard-title\">Safari sur les sentiers sauvages<\/div><div class=\"cq-hovercard-content\">7 Day | Tarangire \u2192 Serengeti \u2192 Ngorongoro \u2192Lk.Manyara<\/div><i class=\"cq-hovercard-icon fas fa-paw\"><\/i><\/div><\/a><\/div>[\/vc_column][vc_column width=\u00a0\u00bb1\/3&Prime; css=\u00a0\u00bb.vc_custom_1765794494220{padding: 10px !important;}\u00a0\u00bb]<div class=\"cq-hovercard cq-rotateY cardm cq-hovercard-hideicon\" data-contentcolor=\"\" data-iconcolor=\"\" data-bgheight=\"240\" data-captionoffset=\"\" data-videowidth=\"640\" data-linktype=\"customlink\" data-bgtype=\"image\" data-lightboxmargin=\"\"><a href=\"https:\/\/mufasatoursandtravels.com\/tanzania-safaris\/tanzania-long-stay-safaris\/tanzania-tranquil-trail-safari\/\" title=\"Tanzania Tranquil Trail Safari\" target=\"\" class=\"cq-hovercard-customlink\"><img decoding=\"async\" src=\"https:\/\/mufasatoursandtravels.com\/wp-content\/uploads\/2022\/02\/pexels-trace-hudson-2793479.jpg\" class=\"cq-hovercard-background\" alt=\"Mufasa tours and travel\" \/><div class=\"cq-hovercard-textcontainer\"><div class=\"cq-hovercard-title\">Sentier Tranquille de Tanzanie<\/div><div class=\"cq-hovercard-content\">8 Day | Lk.Manyara \u2192 Ngorongoro \u2192 Serengeti \u2192 Lk.Natron<\/div><i class=\"cq-hovercard-icon fas fa-paw\"><\/i><\/div><\/a><\/div>[\/vc_column][vc_column width=\u00a0\u00bb1\/3&Prime; css=\u00a0\u00bb.vc_custom_1765794507799{padding: 10px !important;}\u00a0\u00bb]<div class=\"cq-hovercard cq-rotateY cardm cq-hovercard-hideicon\" data-contentcolor=\"\" data-iconcolor=\"\" data-bgheight=\"240\" data-captionoffset=\"\" data-videowidth=\"640\" data-linktype=\"customlink\" data-bgtype=\"image\" data-lightboxmargin=\"\"><a href=\"https:\/\/mufasatoursandtravels.com\/tanzania-safaris\/tanzania-long-stay-safaris\/tanzania-treasures-expedition\/\" title=\"Tanzania Treasures Expedition\" target=\"\" class=\"cq-hovercard-customlink\"><img decoding=\"async\" src=\"https:\/\/mufasatoursandtravels.com\/wp-content\/uploads\/2024\/11\/zebras-18155090-scaled.jpg\" class=\"cq-hovercard-background\" alt=\"\" \/><div class=\"cq-hovercard-textcontainer\"><div class=\"cq-hovercard-title\">Exp\u00e9dition des tr\u00e9sors en Tanzanie<\/div><div class=\"cq-hovercard-content\">8 Day | Lk.Manyara \u2192 Lk.Eyasi \u2192 Serengeti \u2192 Ngorongoro<\/div><i class=\"cq-hovercard-icon fas fa-paw\"><\/i><\/div><\/a><\/div>[\/vc_column][\/vc_row][vc_row disable_element=\u00a0\u00bbyes\u00a0\u00bb][vc_column width=\u00a0\u00bb1\/3&Prime; css=\u00a0\u00bb.vc_custom_1673420114805{border-top-width: 10px !important;border-right-width: 10px !important;border-bottom-width: 10px !important;border-left-width: 10px !important;}\u00a0\u00bb][wdo_ult_banner ult_banner_image=\u00a0\u00bb10298&Prime;]\n<p style=\"text-align: center;\"><span style=\"font-size: 15pt;\"><strong>EXTENSION DE LA PLAGE DE DIANI<\/strong><\/span><\/p>\n[\/wdo_ult_banner][\/vc_column][vc_column width=\u00a0\u00bb1\/3&Prime; css=\u00a0\u00bb.vc_custom_1673420131900{border-top-width: 10px !important;border-right-width: 10px !important;border-bottom-width: 10px !important;border-left-width: 10px !important;}\u00a0\u00bb][wdo_ult_banner ult_banner_image=\u00a0\u00bb12446&Prime;]\n<p style=\"text-align: center;\"><span style=\"font-size: 15pt;\"><strong>EXTENSION DE LA VISITE DE LA VILLE DE NAIROBI<\/strong><\/span><\/p>\n[\/wdo_ult_banner][\/vc_column][vc_column width=\u00a0\u00bb1\/3&Prime; css=\u00a0\u00bb.vc_custom_1673420149251{border-top-width: 10px !important;border-right-width: 10px !important;border-bottom-width: 10px !important;border-left-width: 10px !important;}\u00a0\u00bb][wdo_ult_banner ult_banner_image=\u00a0\u00bb12447&Prime;]\n<p style=\"text-align: center;\"><span style=\"font-size: 15pt;\"><strong>EXTENSION DE LA PLAGE DE ZANZIBAR<\/strong><\/span><\/p>\n[\/wdo_ult_banner][\/vc_column][\/vc_row]\n","protected":false},"excerpt":{"rendered":"<p>[vc_row full_width=\u00a0\u00bbstretch_row_content\u00a0\u00bb parallax=\u00a0\u00bbcontent-moving\u00a0\u00bb parallax_image=\u00a0\u00bb41166&Prime; parallax_speed_bg=\u00a0\u00bb1.9&Prime; el_class=\u00a0\u00bbcustom-banner-image\u00a0\u00bb css=\u00a0\u00bb.vc_custom_1765801373651{margin-top: -90px !important;padding-top: 20vh !important;}\u00a0\u00bb][vc_column][vc_custom_heading text=\u00a0\u00bbSafaris priv\u00e9s en Tanzanie.\u00a0\u00bb font_container=\u00a0\u00bbtag:h1|font_size:50px|text_align:left|color:%23ffffff\u00a0\u00bb google_fonts=\u00a0\u00bbfont_family:Roboto%3A100%2C100italic%2C300%2C300italic%2Cregular%2Citalic%2C500%2C500italic%2C700%2C700italic%2C900%2C900italic|font_style:300%20light%20regular%3A300%3Anormal\u00a0\u00bb el_class=\u00a0\u00bbbanner-txt\u00a0\u00bb][vc_separator align=\u00a0\u00bbalign_left\u00a0\u00bb border_width=\u00a0\u00bb2&Prime; el_width=\u00a0\u00bb20&Prime; el_class=\u00a0\u00bbbanner-txt\u00a0\u00bb][vc_custom_heading text=\u00a0\u00bbSafari par la route\u00a0\u00bb font_container=\u00a0\u00bbtag:h2|text_align:left|color:%23ffffff\u00a0\u00bb google_fonts=\u00a0\u00bbfont_family:Roboto%3A100%2C100italic%2C300%2C300italic%2Cregular%2Citalic%2C500%2C500italic%2C700%2C700italic%2C900%2C900italic|font_style:400%20italic%3A400%3Aitalic\u00a0\u00bb el_class=\u00a0\u00bbbanner-txt\u00a0\u00bb][\/vc_column][\/vc_row][vc_row][vc_column][vc_headings style=\u00a0\u00bbtheme3&Prime; linewidth=\u00a0\u00bb150&Prime; borderclr=\u00a0\u00bb#890000&Prime; title=\u00a0\u00bbSAFARI PAR LA ROUTE\u00a0\u00bb use_theme_fonts=\u00a0\u00bbyes\u00a0\u00bb titleclr=\u00a0\u00bb#890000&Prime;][\/vc_headings][vc_empty_space][\/vc_column][\/vc_row][vc_row][vc_column][vc_column_text] Embarquez pour un voyage au c\u0153ur des parcs et r\u00e9serves sauvages de Tanzanie, o\u00f9 chaque instant est [&hellip;]<\/p>\n","protected":false},"author":2,"featured_media":0,"parent":0,"menu_order":32,"comment_status":"closed","ping_status":"closed","template":"","meta":{"_themeisle_gutenberg_block_has_review":false,"footnotes":""},"class_list":["post-27907","page","type-page","status-publish","hentry"],"_links":{"self":[{"href":"https:\/\/mufasatoursandtravels.com\/fr\/wp-json\/wp\/v2\/pages\/27907","targetHints":{"allow":["GET"]}}],"collection":[{"href":"https:\/\/mufasatoursandtravels.com\/fr\/wp-json\/wp\/v2\/pages"}],"about":[{"href":"https:\/\/mufasatoursandtravels.com\/fr\/wp-json\/wp\/v2\/types\/page"}],"author":[{"embeddable":true,"href":"https:\/\/mufasatoursandtravels.com\/fr\/wp-json\/wp\/v2\/users\/2"}],"replies":[{"embeddable":true,"href":"https:\/\/mufasatoursandtravels.com\/fr\/wp-json\/wp\/v2\/comments?post=27907"}],"version-history":[{"count":28,"href":"https:\/\/mufasatoursandtravels.com\/fr\/wp-json\/wp\/v2\/pages\/27907\/revisions"}],"predecessor-version":[{"id":41199,"href":"https:\/\/mufasatoursandtravels.com\/fr\/wp-json\/wp\/v2\/pages\/27907\/revisions\/41199"}],"wp:attachment":[{"href":"https:\/\/mufasatoursandtravels.com\/fr\/wp-json\/wp\/v2\/media?parent=27907"}],"curies":[{"name":"wp","href":"https:\/\/api.w.org\/{rel}","templated":true}]}}