{"id":28029,"date":"2024-04-11T15:00:07","date_gmt":"2024-04-11T12:00:07","guid":{"rendered":"https:\/\/mufasatoursandtravels.com\/safaris-en-tanzanie\/safaris-de-long-sejour-en-tanzanie\/"},"modified":"2025-02-20T10:01:56","modified_gmt":"2025-02-20T07:01:56","slug":"safaris-de-long-sejour-en-tanzanie","status":"publish","type":"page","link":"https:\/\/mufasatoursandtravels.com\/fr\/safaris-en-tanzanie\/safaris-de-long-sejour-en-tanzanie\/","title":{"rendered":"Safaris de long s\u00e9jour en Tanzanie"},"content":{"rendered":"[vc_row full_width=\u00a0\u00bbstretch_row_content\u00a0\u00bb css=\u00a0\u00bb.vc_custom_1713449838040{margin-top: -50px !important;background: rgba(0,0,0,0.89) url(https:\/\/mufasatoursandtravels.com\/wp-content\/uploads\/2024\/04\/caption.jpg?id=14818) !important;*background-color: rgb(0,0,0) !important;}\u00a0\u00bb][vc_column css=\u00a0\u00bb.vc_custom_1687869367906{padding-top: 30px !important;padding-right: 50px !important;padding-bottom: 30px !important;padding-left: 50px !important;background-color: rgba(0,0,0,0.57) !important;*background-color: rgb(0,0,0) !important;}\u00a0\u00bb][vc_custom_heading text=\u00a0\u00bbTANZANIE\u00a0\u00bb font_container=\u00a0\u00bbtag:h1|font_size:35|text_align:center|color:%23ffffff\u00a0\u00bb google_fonts=\u00a0\u00bbfont_family:Open%20Sans%3A300%2C300italic%2Cregular%2Citalic%2C600%2C600italic%2C700%2C700italic%2C800%2C800italic|font_style:600%20bold%20regular%3A600%3Anormal\u00a0\u00bb el_class=\u00a0\u00bbcustom-opacity-text\u00a0\u00bb css=\u00a0\u00bb.vc_custom_1712829919242{margin-top: 30px !important;}\u00a0\u00bb][vc_headings linewidth=\u00a0\u00bb150&Prime; borderclr=\u00a0\u00bb#ffffff\u00a0\u00bb title=\u00a0\u00bbLong Stay Safaris\u00a0\u00bb use_theme_fonts=\u00a0\u00bbyes\u00a0\u00bb titleclr=\u00a0\u00bb#ffffff\u00a0\u00bb][\/vc_headings][vc_empty_space height=\u00a0\u00bb100px\u00a0\u00bb][\/vc_column][\/vc_row][vc_row][vc_column][vc_column_text]\n<p style=\"font-size: 18px; text-align: center;\">  Vivez une exp\u00e9rience extensive et immersive dans les r\u00e9serves fauniques, les parcs et les zones de conservation diversifi\u00e9s et riches du pays. Participez \u00e0 une opportunit\u00e9 in\u00e9gal\u00e9e de vous immerger profond\u00e9ment dans les merveilles de l\u2019Afrique, en cr\u00e9ant des souvenirs durables et en forgeant un lien profond avec le monde naturel. <\/p>\n[\/vc_column_text][\/vc_column][\/vc_row][vc_row][vc_column][vc_headings style=\u00a0\u00bbtheme3&Prime; linewidth=\u00a0\u00bb150&Prime; borderclr=\u00a0\u00bb#890000&Prime; title=\u00a0\u00bbPaquets\u00a0\u00bb google_fonts=\u00a0\u00bbfont_family:Open%20Sans%3A300%2C300italic%2Cregular%2Citalic%2C600%2C600italic%2C700%2C700italic%2C800%2C800italic|font_style:400%20regular%3A400%3Anormal\u00a0\u00bb titleclr=\u00a0\u00bb#890000&Prime;][\/vc_headings][\/vc_column][\/vc_row][vc_row gap=\u00a0\u00bb5&Prime; css=\u00a0\u00bb.vc_custom_1712828825230{padding-top: 5px !important;padding-right: 5px !important;padding-bottom: 5px !important;padding-left: 5px !important;}\u00a0\u00bb][vc_column width=\u00a0\u00bb1\/3&Prime; css=\u00a0\u00bb.vc_custom_1712818875065{padding: 10px !important;}\u00a0\u00bb]<div class=\"cq-hovercard cq-rotateY hover-card-o cq-hovercard-hideicon\" data-contentcolor=\"#ffffff\" data-iconcolor=\"#890000\" data-bgheight=\"240\" data-captionoffset=\"\" data-videowidth=\"640\" data-linktype=\"customlink\" data-bgtype=\"image\" data-lightboxmargin=\"\"><a href=\"https:\/\/mufasatoursandtravels.com\/tanzania-safaris\/tanzania-long-stay-safaris\/wild-trail-safari\/\" title=\"Wild Trail Safari\" target=\"\" class=\"cq-hovercard-customlink\"><img decoding=\"async\" src=\"https:\/\/mufasatoursandtravels.com\/wp-content\/uploads\/2024\/04\/lion-sleeping.jpg\" class=\"cq-hovercard-background\" alt=\"\" \/><div class=\"cq-hovercard-textcontainer\"><div class=\"cq-hovercard-title\">safari sauvage<\/div><div class=\"cq-hovercard-content\">7 Days | Tarangire\u2192Serengeti\u2192Ngorongoro\u2192Lk.Manyara<\/div><i class=\"cq-hovercard-icon vc-material vc-material-star\"><\/i><\/div><\/a><\/div>[\/vc_column][vc_column width=\u00a0\u00bb1\/3&Prime; css=\u00a0\u00bb.vc_custom_1712818898663{padding: 10px !important;}\u00a0\u00bb]<div class=\"cq-hovercard cq-rotateY  cq-hovercard-hideicon\" data-contentcolor=\"#ffffff\" data-iconcolor=\"#890000\" data-bgheight=\"240\" data-captionoffset=\"\" data-videowidth=\"640\" data-linktype=\"customlink\" data-bgtype=\"image\" data-lightboxmargin=\"\"><a href=\"https:\/\/mufasatoursandtravels.com\/tanzania-safaris\/tanzania-long-stay-safaris\/tanzania-tranquil-trail-safari\/\" title=\"Tanzania Tranquil Trail Safari\" target=\"\" class=\"cq-hovercard-customlink\"><img decoding=\"async\" src=\"https:\/\/mufasatoursandtravels.com\/wp-content\/uploads\/2024\/04\/cheetah-observing.jpg\" class=\"cq-hovercard-background\" alt=\"\" \/><div class=\"cq-hovercard-textcontainer\"><div class=\"cq-hovercard-title\">Tanzanie : safari tranquille<\/div><div class=\"cq-hovercard-content\">8 Days | Tarangire\u2192Lk.Manyara\u2192Ngorongoro\u2192Serengeti\u2192Lk.Natron<\/div><i class=\"cq-hovercard-icon vc-material vc-material-star\"><\/i><\/div><\/a><\/div>[\/vc_column][vc_column width=\u00a0\u00bb1\/3&Prime; css=\u00a0\u00bb.vc_custom_1712818911640{padding: 10px !important;}\u00a0\u00bb]<div class=\"cq-hovercard cq-rotateY  cq-hovercard-hideicon\" data-contentcolor=\"#ffffff\" data-iconcolor=\"#890000\" data-bgheight=\"240\" data-captionoffset=\"\" data-videowidth=\"640\" data-linktype=\"customlink\" data-bgtype=\"image\" data-lightboxmargin=\"\"><a href=\"https:\/\/mufasatoursandtravels.com\/tanzania-safaris\/tanzania-long-stay-safaris\/tanzania-treasures-expedition\/\" title=\"Tanzania Treasures Expedition\" target=\"\" class=\"cq-hovercard-customlink\"><img decoding=\"async\" src=\"https:\/\/mufasatoursandtravels.com\/wp-content\/uploads\/2023\/06\/Zebras-MTT-scaled.jpg\" class=\"cq-hovercard-background\" alt=\"\" \/><div class=\"cq-hovercard-textcontainer\"><div class=\"cq-hovercard-title\">Exp\u00e9dition au tr\u00e9sor en Tanzanie<\/div><div class=\"cq-hovercard-content\">8 Days | Tarangire\u2192Lk.Manyara\u2192Lk.Eyasi\u2192Serengeti\u2192Ngorongoro<\/div><i class=\"cq-hovercard-icon vc-material vc-material-star\"><\/i><\/div><\/a><\/div>[\/vc_column][\/vc_row]\n","protected":false},"excerpt":{"rendered":"<p>[vc_row full_width=\u00a0\u00bbstretch_row_content\u00a0\u00bb css=\u00a0\u00bb.vc_custom_1713449838040{margin-top: -50px !important;background: rgba(0,0,0,0.89) url(https:\/\/mufasatoursandtravels.com\/wp-content\/uploads\/2024\/04\/caption.jpg?id=14818) !important;*background-color: rgb(0,0,0) !important;}\u00a0\u00bb][vc_column css=\u00a0\u00bb.vc_custom_1687869367906{padding-top: 30px !important;padding-right: 50px !important;padding-bottom: 30px !important;padding-left: 50px !important;background-color: rgba(0,0,0,0.57) !important;*background-color: rgb(0,0,0) !important;}\u00a0\u00bb][vc_custom_heading text=\u00a0\u00bbTANZANIE\u00a0\u00bb font_container=\u00a0\u00bbtag:h1|font_size:35|text_align:center|color:%23ffffff\u00a0\u00bb google_fonts=\u00a0\u00bbfont_family:Open%20Sans%3A300%2C300italic%2Cregular%2Citalic%2C600%2C600italic%2C700%2C700italic%2C800%2C800italic|font_style:600%20bold%20regular%3A600%3Anormal\u00a0\u00bb el_class=\u00a0\u00bbcustom-opacity-text\u00a0\u00bb css=\u00a0\u00bb.vc_custom_1712829919242{margin-top: 30px !important;}\u00a0\u00bb][vc_headings linewidth=\u00a0\u00bb150&Prime; borderclr=\u00a0\u00bb#ffffff\u00a0\u00bb title=\u00a0\u00bbLong Stay Safaris\u00a0\u00bb use_theme_fonts=\u00a0\u00bbyes\u00a0\u00bb titleclr=\u00a0\u00bb#ffffff\u00a0\u00bb][\/vc_headings][vc_empty_space height=\u00a0\u00bb100px\u00a0\u00bb][\/vc_column][\/vc_row][vc_row][vc_column][vc_column_text] Vivez une exp\u00e9rience extensive et immersive dans les r\u00e9serves fauniques, les parcs et les zones de conservation [&hellip;]<\/p>\n","protected":false},"author":1,"featured_media":0,"parent":27907,"menu_order":2,"comment_status":"closed","ping_status":"closed","template":"","meta":{"_themeisle_gutenberg_block_has_review":false,"footnotes":""},"class_list":["post-28029","page","type-page","status-publish","hentry"],"_links":{"self":[{"href":"https:\/\/mufasatoursandtravels.com\/fr\/wp-json\/wp\/v2\/pages\/28029","targetHints":{"allow":["GET"]}}],"collection":[{"href":"https:\/\/mufasatoursandtravels.com\/fr\/wp-json\/wp\/v2\/pages"}],"about":[{"href":"https:\/\/mufasatoursandtravels.com\/fr\/wp-json\/wp\/v2\/types\/page"}],"author":[{"embeddable":true,"href":"https:\/\/mufasatoursandtravels.com\/fr\/wp-json\/wp\/v2\/users\/1"}],"replies":[{"embeddable":true,"href":"https:\/\/mufasatoursandtravels.com\/fr\/wp-json\/wp\/v2\/comments?post=28029"}],"version-history":[{"count":0,"href":"https:\/\/mufasatoursandtravels.com\/fr\/wp-json\/wp\/v2\/pages\/28029\/revisions"}],"up":[{"embeddable":true,"href":"https:\/\/mufasatoursandtravels.com\/fr\/wp-json\/wp\/v2\/pages\/27907"}],"wp:attachment":[{"href":"https:\/\/mufasatoursandtravels.com\/fr\/wp-json\/wp\/v2\/media?parent=28029"}],"curies":[{"name":"wp","href":"https:\/\/api.w.org\/{rel}","templated":true}]}}