{"id":28043,"date":"2022-02-15T07:23:45","date_gmt":"2022-02-15T04:23:45","guid":{"rendered":"https:\/\/mufasatoursandtravels.com\/safari-au-rwanda\/"},"modified":"2025-12-15T16:56:53","modified_gmt":"2025-12-15T13:56:53","slug":"safari-au-rwanda","status":"publish","type":"page","link":"https:\/\/mufasatoursandtravels.com\/fr\/safari-au-rwanda\/","title":{"rendered":"Safari au Rwanda"},"content":{"rendered":"[vc_row full_width=\u00a0\u00bbstretch_row_content\u00a0\u00bb parallax=\u00a0\u00bbcontent-moving\u00a0\u00bb parallax_image=\u00a0\u00bb41210&Prime; parallax_speed_bg=\u00a0\u00bb2&Prime; css=\u00a0\u00bb.vc_custom_1765805461968{margin-top: -90px !important;padding-top: 25vh !important;}\u00a0\u00bb el_class=\u00a0\u00bbcustom-banner-image\u00a0\u00bb][vc_column css=\u00a0\u00bb.vc_custom_1690525511605{padding: 80px !important;}\u00a0\u00bb][vc_custom_heading text=\u00a0\u00bbDes safaris priv\u00e9s au Rwanda.\u00a0\u00bb font_container=\u00a0\u00bbtag:h1|font_size:50|text_align:left|color:%23ffffff\u00a0\u00bb google_fonts=\u00a0\u00bbfont_family:Roboto%3A100%2C100italic%2C300%2C300italic%2Cregular%2Citalic%2C500%2C500italic%2C700%2C700italic%2C900%2C900italic|font_style:300%20light%20regular%3A300%3Anormal\u00a0\u00bb el_class=\u00a0\u00bbbanner-txt\u00a0\u00bb css=\u00a0\u00bb.vc_custom_1765803600905{margin-top: 30px !important;}\u00a0\u00bb][vc_separator color=\u00a0\u00bbcustom\u00a0\u00bb align=\u00a0\u00bbalign_left\u00a0\u00bb el_width=\u00a0\u00bb20&Prime; accent_color=\u00a0\u00bb#f8f8f8&Prime; el_class=\u00a0\u00bbbanner-txt\u00a0\u00bb][vc_custom_heading text=\u00a0\u00bbSafari par la route\u00a0\u00bb font_container=\u00a0\u00bbtag:h2|text_align:left|color:%23ffffff\u00a0\u00bb google_fonts=\u00a0\u00bbfont_family:Roboto%3A100%2C100italic%2C300%2C300italic%2Cregular%2Citalic%2C500%2C500italic%2C700%2C700italic%2C900%2C900italic|font_style:300%20light%20italic%3A300%3Aitalic\u00a0\u00bb el_class=\u00a0\u00bbbanner-txt\u00a0\u00bb][\/vc_column][\/vc_row][vc_row css=\u00a0\u00bb.vc_custom_1690525542972{padding-top: 10px !important;}\u00a0\u00bb][vc_column][vc_headings style=\u00a0\u00bbtheme3&Prime; linewidth=\u00a0\u00bb100&Prime; borderwidth=\u00a0\u00bb3&Prime; borderclr=\u00a0\u00bb#890000&Prime; title=\u00a0\u00bbRWANDA SAFARI\u00a0\u00bb google_fonts=\u00a0\u00bbfont_family:Roboto%3A100%2C100italic%2C300%2C300italic%2Cregular%2Citalic%2C500%2C500italic%2C700%2C700italic%2C900%2C900italic|font_style:400%20regular%3A400%3Anormal\u00a0\u00bb titleclr=\u00a0\u00bb#890000&Prime;][\/vc_headings][vc_column_text]\n<div>\n<p>Embarquez pour l\u2019aventure de votre vie avec Rwanda Safari Tours ! D\u00e9couvrez les paysages et la faune \u00e0 couper le souffle qui font du Rwanda une <a href=\"https:\/\/mufasatoursandtravels.com\/fr\/destinations\/\">destination de safari<\/a> de premier ordre. Le trekking des gorilles au Rwanda est une activit\u00e9 incontournable, o\u00f9 vous pouvez vous rapprocher de ces cr\u00e9atures majestueuses dans leur habitat naturel. C\u2019est une exp\u00e9rience dont vous vous souviendrez toujours !   <\/p>\n<p>Le meilleur moment pour visiter le Rwanda pour des safaris est pendant la saison s\u00e8che de juin \u00e0 septembre ou de d\u00e9cembre \u00e0 f\u00e9vrier, lorsque le temps est agr\u00e9able et que la faune est plus visible. Avec une gamme de forfaits touristiques au Rwanda disponibles, vous pouvez choisir l\u2019itin\u00e9raire parfait pour vos vacances de r\u00eave. Des options de luxe aux options \u00e9conomiques, il y en a pour tous les go\u00fbts. L\u2019h\u00e9bergement lors d\u2019une excursion aux gorilles au Rwanda est de premier ordre, avec des lodges et des camps qui offrent un confort et une vue imprenable sur les paysages environnants.   <\/p>\n<p>La planification d\u2019un safari au Rwanda est facile avec des <a href=\"https:\/\/mufasatoursandtravels.com\/fr\/\">voyagistes r\u00e9put\u00e9s<\/a> qui s\u2019occuperont de toute la logistique. Profitez des points forts du safari au Rwanda, notamment le trekking des gorilles dans le <a href=\"https:\/\/mufasatoursandtravels.com\/fr\/safari-au-rwanda\/trek-des-gorilles-de-3-jours\/\">parc national des volcans<\/a>, l\u2019observation de la faune dans le parc national de l\u2019Akagera et les exp\u00e9riences culturelles dans le parc national de la for\u00eat de Nyungwe. R\u00e9servez vos forfaits vacances \u00e0 Rwanda d\u00e8s aujourd\u2019hui et pr\u00e9parez-vous pour une aventure inoubliable !  <\/p>\n<\/div>\n[\/vc_column_text][\/vc_column][\/vc_row][vc_row full_width=\u00a0\u00bbstretch_row_content\u00a0\u00bb css=\u00a0\u00bb.vc_custom_1678452702121{border-top-width: 10px !important;border-right-width: 10px !important;border-bottom-width: 10px !important;border-left-width: 10px !important;}\u00a0\u00bb][vc_column css=\u00a0\u00bb.vc_custom_1644996871715{padding-top: px !important;}\u00a0\u00bb][vc_headings style=\u00a0\u00bbtheme3&Prime; linewidth=\u00a0\u00bb100&Prime; borderwidth=\u00a0\u00bb3&Prime; borderclr=\u00a0\u00bb#890000&Prime; title=\u00a0\u00bbRWANDA : FORMULES DE VACANCES\u00a0\u00bb google_fonts=\u00a0\u00bbfont_family:Roboto%3A100%2C100italic%2C300%2C300italic%2Cregular%2Citalic%2C500%2C500italic%2C700%2C700italic%2C900%2C900italic|font_style:400%20regular%3A400%3Anormal\u00a0\u00bb titleclr=\u00a0\u00bb#890000&Prime;][\/vc_headings][\/vc_column][\/vc_row][vc_row css=\u00a0\u00bb.vc_custom_1765803929772{padding: 10px !important;}\u00a0\u00bb][vc_column width=\u00a0\u00bb1\/2&Prime; css=\u00a0\u00bb.vc_custom_1690550167694{padding: 10px !important;}\u00a0\u00bb]<div class=\"cq-hovercard cq-rotateY cardm cq-hovercard-hideicon\" data-contentcolor=\"\" data-iconcolor=\"\" data-bgheight=\"240\" data-captionoffset=\"\" data-videowidth=\"640\" data-linktype=\"customlink\" data-bgtype=\"image\" data-lightboxmargin=\"\"><a href=\"https:\/\/mufasatoursandtravels.com\/rwanda-safari\/3-day-gorilla-trek\/\" title=\"3 Day Gorilla Trek\" target=\"\" class=\"cq-hovercard-customlink\"><img decoding=\"async\" src=\"https:\/\/mufasatoursandtravels.com\/wp-content\/uploads\/2022\/05\/exDxHdJwZ.jpg\" class=\"cq-hovercard-background\" alt=\"Bwindi Impenetrable National Park Gorilla Trekking\" \/><div class=\"cq-hovercard-textcontainer\"><div class=\"cq-hovercard-title\">Trek des gorilles au Rwanda<\/div><div class=\"cq-hovercard-content\">Kigali \u2192 Volcano National Park \u2192 Kigali<\/div><i class=\"cq-hovercard-icon \"><\/i><\/div><\/a><\/div>[\/vc_column][vc_column width=\u00a0\u00bb1\/2&Prime; css=\u00a0\u00bb.vc_custom_1690550183389{padding: 10px !important;}\u00a0\u00bb][vc_column_text]\n<div>\n<div>\n<p data-sourcepos=\"3:1-3:469\">Embarquez pour un voyage inoubliable de 3 jours au c\u0153ur du parc national des volcans du Rwanda, un royaume brumeux de for\u00eats \u00e9meraude et le dernier refuge du gorille de montagne. Votre aventure commence par un accueil chaleureux au milieu de paysages \u00e0 couper le souffle, pr\u00e9parant le terrain pour une randonn\u00e9e extraordinaire dans les profondeurs du parc. Guid\u00e9 par des experts, vous traverserez la for\u00eat vibrante, o\u00f9 l\u2019air bourdonne d\u2019animaux sauvages, culminant avec une rencontre face \u00e0 face avec une famille de gorilles.   Cette exp\u00e9rience extraordinaire vous permet d\u2019\u00eatre t\u00e9moin de la douce puissance des dos argent\u00e9s et de l\u2019\u00e9nergie ludique des jeunes gorilles, forgeant un lien profond avec ces magnifiques animaux. Au-del\u00e0 de la rencontre avec les gorilles, le safari offre la possibilit\u00e9 d\u2019explorer l\u2019\u00e9cosyst\u00e8me diversifi\u00e9 du parc, avec la possibilit\u00e9 d\u2019observer des singes dor\u00e9s ou de s\u2019immerger dans la culture locale \u00e0 travers des visites de villages. <\/p>\n<\/div>\n<\/div>\n[\/vc_column_text][vc_btn title=\u00a0\u00bbVoir le forfait\u00a0\u00bb style=\u00a0\u00bbcustom\u00a0\u00bb custom_background=\u00a0\u00bb#890000&Prime; custom_text=\u00a0\u00bb#ffffff\u00a0\u00bb i_align=\u00a0\u00bbright\u00a0\u00bb i_icon_fontawesome=\u00a0\u00bbfas fa-angle-double-right\u00a0\u00bb add_icon=\u00a0\u00bbtrue\u00a0\u00bb link=\u00a0\u00bburl:https%3A%2F%2Fmufasatoursandtravels.com%2Ffr%2Fsafari-au-rwanda%2Ftrek-des-gorilles-de-3-jours%2F|title:Trekking%20des%20gorilles%203%20jours|\u00a0\u00bb][\/vc_column][\/vc_row][vc_row css=\u00a0\u00bb.vc_custom_1765803929772{padding: 10px !important;}\u00a0\u00bb][vc_column width=\u00a0\u00bb1\/2&Prime; css=\u00a0\u00bb.vc_custom_1690550167694{padding: 10px !important;}\u00a0\u00bb]<div class=\"cq-hovercard cq-rotateY cardm cq-hovercard-hideicon\" data-contentcolor=\"\" data-iconcolor=\"\" data-bgheight=\"240\" data-captionoffset=\"\" data-videowidth=\"640\" data-linktype=\"customlink\" data-bgtype=\"image\" data-lightboxmargin=\"\"><a href=\"https:\/\/mufasatoursandtravels.com\/rwanda-safari\/rwanda-classic-primate-trek\/\" title=\"Rwanda Classic Primate Trek\" target=\"\" class=\"cq-hovercard-customlink\"><img decoding=\"async\" src=\"https:\/\/mufasatoursandtravels.com\/wp-content\/uploads\/2023\/02\/gorilla-trekking-and-chimpanzee-safaris.jpg\" class=\"cq-hovercard-background\" alt=\"Gorilla Trekking and Chimpanzee Safaris\" \/><div class=\"cq-hovercard-textcontainer\"><div class=\"cq-hovercard-title\">Rwanda : le paradis des primates<\/div><div class=\"cq-hovercard-content\">Kigali \u2192 Volcano National Park \u2192 Gorilla Trekking \u2192 Kigali<\/div><i class=\"cq-hovercard-icon \"><\/i><\/div><\/a><\/div>[\/vc_column][vc_column width=\u00a0\u00bb1\/2&Prime; css=\u00a0\u00bb.vc_custom_1690550183389{padding: 10px !important;}\u00a0\u00bb][vc_column_text]\n<div>\n<div>\n<p data-sourcepos=\"3:1-3:398\">Votre p\u00e9riple rwandais commence au c\u0153ur de paysages \u00e0 couper le souffle, vous menant dans le parc national des volcans. Guid\u00e9s par des pisteurs experts, vous marcherez \u00e0 travers la v\u00e9g\u00e9tation dense, cr\u00e9ant une anticipation pour le moment o\u00f9 vous rencontrerez une famille de gorilles. Assistez \u00e0 leurs interactions naturelles, aux soins maternels et \u00e0 l\u2019\u00e9nergie ludique des jeunes &#8211; une heure impressionnante qui laissera une impression durable.  <\/p>\n<p data-sourcepos=\"5:1-5:261\">Au-del\u00e0 de la rencontre avec les gorilles, ce safari offre la possibilit\u00e9 d\u2019explorer l\u2019\u00e9cosyst\u00e8me diversifi\u00e9 du parc. Vous pourrez apercevoir des singes dor\u00e9s ou faire une randonn\u00e9e jusqu\u2019\u00e0 des points de vue panoramiques, en vous immergeant dans la beaut\u00e9 et la tranquillit\u00e9 de ce coin unique et captivant du monde. <\/p>\n<\/div>\n<\/div>\n[\/vc_column_text][vc_btn title=\u00a0\u00bbVoir le forfait\u00a0\u00bb style=\u00a0\u00bbcustom\u00a0\u00bb custom_background=\u00a0\u00bb#890000&Prime; custom_text=\u00a0\u00bb#ffffff\u00a0\u00bb i_align=\u00a0\u00bbright\u00a0\u00bb i_icon_fontawesome=\u00a0\u00bbfas fa-angle-double-right\u00a0\u00bb add_icon=\u00a0\u00bbtrue\u00a0\u00bb link=\u00a0\u00bburl:https%3A%2F%2Fmufasatoursandtravels.com%2Ffr%2Fsafari-au-rwanda%2Ftrek-classique-des-primates-au-rwanda%2F|title:Trek%20classique%20des%20primates%20au%20Rwanda|\u00a0\u00bb][\/vc_column][\/vc_row][vc_row css=\u00a0\u00bb.vc_custom_1765803929772{padding: 10px !important;}\u00a0\u00bb][vc_column width=\u00a0\u00bb1\/2&Prime; css=\u00a0\u00bb.vc_custom_1690550167694{padding: 10px !important;}\u00a0\u00bb]<div class=\"cq-hovercard cq-rotateY cardm cq-hovercard-hideicon\" data-contentcolor=\"\" data-iconcolor=\"\" data-bgheight=\"240\" data-captionoffset=\"\" data-videowidth=\"640\" data-linktype=\"customlink\" data-bgtype=\"image\" data-lightboxmargin=\"\"><a href=\"https:\/\/mufasatoursandtravels.com\/rwanda-safari\/rwanda-primates-encounter-lake-kivu\/\" title=\"Rwanda Primates Encounter & Lake Kivu\" target=\"\" class=\"cq-hovercard-customlink\"><img decoding=\"async\" src=\"https:\/\/mufasatoursandtravels.com\/wp-content\/uploads\/2023\/05\/rwanda-safari.jpg\" class=\"cq-hovercard-background\" alt=\"rwanda safari\" \/><div class=\"cq-hovercard-textcontainer\"><div class=\"cq-hovercard-title\">Le primat du Rwanda Odessey et le lac Kivu<\/div><div class=\"cq-hovercard-content\">Kigali \u2192 Volcano National Park \u2192 Lake Kivu \u2192 Kigali<\/div><i class=\"cq-hovercard-icon \"><\/i><\/div><\/a><\/div>[\/vc_column][vc_column width=\u00a0\u00bb1\/2&Prime; css=\u00a0\u00bb.vc_custom_1690550183389{padding: 10px !important;}\u00a0\u00bb][vc_column_text]\n<div>\n<div>\n<p data-sourcepos=\"3:1-3:410\">Embarquez pour une aventure palpitante de 5 jours au Rwanda, en commen\u00e7ant par un trek \u00e0 travers le parc national des volcans pour une rencontre inoubliable avec les gorilles de montagne. Observez ces doux g\u00e9ants dans leur habitat naturel, une exp\u00e9rience qui laissera un impact durable. Explorez les magnifiques paysages volcaniques du parc, faites de la randonn\u00e9e jusqu\u2019\u00e0 des points de vue \u00e0 couper le souffle et plongez dans la beaut\u00e9 et la tranquillit\u00e9 de la for\u00eat tropicale.  <\/p>\n<p data-sourcepos=\"5:1-5:389\">Terminez votre voyage par la d\u00e9tente et la s\u00e9r\u00e9nit\u00e9 sur les rives du lac Kivu. D\u00e9tendez-vous sur les plages de sable, profitez du soleil et profitez de l\u2019atmosph\u00e8re paisible. Faites une excursion en bateau, nagez dans les eaux claires ou savourez simplement le paysage \u00e9poustouflant. Ce safari bref mais puissant offre un m\u00e9lange parfait de rencontres passionnantes avec la faune et de beaut\u00e9 naturelle sereine, cr\u00e9ant des souvenirs \u00e0 ch\u00e9rir pour toujours   <\/p>\n<\/div>\n<\/div>\n[\/vc_column_text][vc_btn title=\u00a0\u00bbVoir le forfait\u00a0\u00bb style=\u00a0\u00bbcustom\u00a0\u00bb custom_background=\u00a0\u00bb#890000&Prime; custom_text=\u00a0\u00bb#ffffff\u00a0\u00bb i_align=\u00a0\u00bbright\u00a0\u00bb i_icon_fontawesome=\u00a0\u00bbfas fa-angle-double-right\u00a0\u00bb add_icon=\u00a0\u00bbtrue\u00a0\u00bb link=\u00a0\u00bburl:https%3A%2F%2Fmufasatoursandtravels.com%2Ffr%2Fsafari-au-rwanda%2Frencontre-des-primates-du-rwanda-et-lac-kivu%2F|title:Rencontre%20des%20primates%20du%20Rwanda%20et%20lac%20Kivu|\u00a0\u00bb][\/vc_column][\/vc_row][vc_row][vc_column][vc_headings style=\u00a0\u00bbtheme3&Prime; linewidth=\u00a0\u00bb100&Prime; borderwidth=\u00a0\u00bb3&Prime; borderclr=\u00a0\u00bb#890000&Prime; title=\u00a0\u00bbFAQ sur les safaris au Rwanda\u00a0\u00bb google_fonts=\u00a0\u00bbfont_family:Open%20Sans%3A300%2C300italic%2Cregular%2Citalic%2C600%2C600italic%2C700%2C700italic%2C800%2C800italic|font_style:600%20bold%20regular%3A600%3Anormal\u00a0\u00bb titleclr=\u00a0\u00bb#890000&Prime;][\/vc_headings][vc_empty_space][\/vc_column][\/vc_row][vc_row][vc_column][vc_toggle title=\u00a0\u00bbQuel est le meilleur moment pour visiter le Rwanda en safari ?\u00a0\u00bb style=\u00a0\u00bbsquare\u00a0\u00bb]\n<div>\n<div>Le meilleur moment pour visiter le Rwanda lors d\u2019un safari est pendant les saisons s\u00e8ches, g\u00e9n\u00e9ralement de mi-d\u00e9cembre \u00e0 d\u00e9but mars et de juin \u00e0 septembre. Ces mois offrent d\u2019excellentes possibilit\u00e9s d\u2019observation de la faune et un temps agr\u00e9able pour les activit\u00e9s de plein air. <\/div>\n<\/div>\n[\/vc_toggle][vc_toggle title=\u00a0\u00bbQuels types d\u2019h\u00e9bergement sont disponibles lors d\u2019un safari au Rwanda ?\u00a0\u00bb style=\u00a0\u00bbsquare\u00a0\u00bb]\n<div>\n<div>\n<div>\n<div>Le Rwanda offre une gamme d\u2019options d\u2019h\u00e9bergement pour r\u00e9pondre \u00e0 diff\u00e9rentes pr\u00e9f\u00e9rences et budgets. Il s\u2019agit notamment de lodges de luxe, de camps de tentes, d\u2019h\u00f4tels-boutiques et de centres de vill\u00e9giature \u00e9cologiques. Les h\u00e9bergements sont souvent situ\u00e9s \u00e0 proximit\u00e9 des parcs nationaux, offrant un acc\u00e8s facile aux zones fauniques et offrant des commodit\u00e9s telles que des chambres confortables, une cuisine d\u00e9licieuse et une vue imprenable sur les paysages environnants.  <\/div>\n<\/div>\n<\/div>\n<\/div>\n[\/vc_toggle][vc_toggle title=\u00a0\u00bbQuel est le niveau de forme physique requis pour un trek avec des gorilles au Rwanda ?\u00a0\u00bb style=\u00a0\u00bbsquare\u00a0\u00bb]\n<div>\n<div>\n<div>\n<div>Le trekking des gorilles au Rwanda n\u00e9cessite un niveau de forme physique mod\u00e9r\u00e9. Bien que le terrain puisse \u00eatre difficile, en particulier dans les for\u00eats denses, les gardes forestiers et les guides \u00e9tabliront un rythme confortable et fourniront une assistance en cours de route. Il est conseill\u00e9 de consulter votre voyagiste et de demander un avis m\u00e9dical avant le trek pour vous assurer que vous \u00eates pr\u00eat \u00e0 faire face aux exigences physiques.  <\/div>\n<\/div>\n<\/div>\n<\/div>\n[\/vc_toggle][vc_toggle title=\u00a0\u00bbEst-il s\u00fbr de faire un safari au Rwanda ?\u00a0\u00bb style=\u00a0\u00bbsquare\u00a0\u00bb]\n<div>\n<div>\n<div>\n<div>Le Rwanda est g\u00e9n\u00e9ralement consid\u00e9r\u00e9 comme s\u00fbr pour les touristes, y compris ceux qui font un safari. Le pays a r\u00e9alis\u00e9 des progr\u00e8s significatifs en termes de s\u00e9curit\u00e9 et de stabilit\u00e9. Cependant, il est toujours recommand\u00e9 de suivre les conseils aux voyageurs, de prendre les pr\u00e9cautions n\u00e9cessaires et de voyager avec un voyagiste r\u00e9put\u00e9 qui peut assurer votre s\u00e9curit\u00e9 tout au long de l\u2019exp\u00e9rience du safari.  <\/div>\n<\/div>\n<\/div>\n<\/div>\n[\/vc_toggle][vc_toggle title=\u00a0\u00bbCombien de temps doit durer un safari au Rwanda ?\u00a0\u00bb style=\u00a0\u00bbsquare\u00a0\u00bb]\n<div>\n<div>\n<div>\n<div>La dur\u00e9e d\u2019un safari au Rwanda d\u00e9pend de vos pr\u00e9f\u00e9rences et de vos centres d\u2019int\u00e9r\u00eat. Pour le trekking des gorilles, il est recommand\u00e9 de pr\u00e9voir au moins 2 \u00e0 3 jours pour laisser le temps de s\u2019acclimater et de multiplier les treks. Si vous souhaitez explorer d\u2019autres parcs nationaux et vous adonner \u00e0 diverses activit\u00e9s, telles que des safaris et des promenades dans la nature, un safari de 5 \u00e0 7 jours ou plus serait id\u00e9al.  <\/div>\n<\/div>\n<\/div>\n<\/div>\n[\/vc_toggle][vc_toggle title=\u00a0\u00bbQue puis-je m\u2019attendre \u00e0 voir lors d\u2019un safari au Rwanda ?\u00a0\u00bb style=\u00a0\u00bbsquare\u00a0\u00bb]\n<div>\n<div>\n<div>Les safaris au Rwanda offrent la chance d\u2019observer une faune incroyable, y compris les c\u00e9l\u00e8bres gorilles de montagne du parc national des volcans. Parmi les autres esp\u00e8ces sauvages que vous pouvez rencontrer, citons les singes dor\u00e9s, les chimpanz\u00e9s, les \u00e9l\u00e9phants, les buffles et diverses esp\u00e8ces d\u2019oiseaux. Les parcs nationaux du Rwanda pr\u00e9sentent \u00e9galement des paysages diversifi\u00e9s, tels que des for\u00eats tropicales luxuriantes, des lacs pittoresques et des collines vallonn\u00e9es.  <\/div>\n<\/div>\n<\/div>\n[\/vc_toggle][vc_toggle title=\u00a0\u00bbPuis-je combiner un safari au Rwanda avec d\u2019autres attractions ?\u00a0\u00bb style=\u00a0\u00bbsquare\u00a0\u00bb]\n<div>\n<div>\n<div>\n<div>\n<div>\n<div>Absolument! De nombreux visiteurs combinent leur safari au Rwanda avec d\u2019autres attractions dans le pays ou dans les pays voisins. Vous pouvez explorer la capitale anim\u00e9e du Rwanda, Kigali, visiter des sites culturels, participer \u00e0 des initiatives de tourisme communautaire ou prolonger votre voyage dans des pays voisins comme l\u2019Ouganda ou la Tanzanie pour d\u00e9couvrir d\u2019autres rencontres avec la faune ou des sites embl\u00e9matiques comme le <a href=\"https:\/\/mufasatoursandtravels.com\/fr\/destinations\/parc-national-du-serengeti\/\">Serengeti<\/a> ou le <a href=\"https:\/\/mufasatoursandtravels.com\/fr\/destinations\/cratere-du-ngorongoro\/\">crat\u00e8re du Ngorongoro<\/a>.  <\/div>\n<\/div>\n<\/div>\n<\/div>\n<\/div>\n<\/div>\n[\/vc_toggle][\/vc_column][\/vc_row]\n","protected":false},"excerpt":{"rendered":"<p>[vc_row full_width=\u00a0\u00bbstretch_row_content\u00a0\u00bb parallax=\u00a0\u00bbcontent-moving\u00a0\u00bb parallax_image=\u00a0\u00bb41210&Prime; parallax_speed_bg=\u00a0\u00bb2&Prime; css=\u00a0\u00bb.vc_custom_1765805461968{margin-top: -90px !important;padding-top: 25vh !important;}\u00a0\u00bb el_class=\u00a0\u00bbcustom-banner-image\u00a0\u00bb][vc_column css=\u00a0\u00bb.vc_custom_1690525511605{padding: 80px !important;}\u00a0\u00bb][vc_custom_heading text=\u00a0\u00bbDes safaris priv\u00e9s au Rwanda.\u00a0\u00bb font_container=\u00a0\u00bbtag:h1|font_size:50|text_align:left|color:%23ffffff\u00a0\u00bb google_fonts=\u00a0\u00bbfont_family:Roboto%3A100%2C100italic%2C300%2C300italic%2Cregular%2Citalic%2C500%2C500italic%2C700%2C700italic%2C900%2C900italic|font_style:300%20light%20regular%3A300%3Anormal\u00a0\u00bb el_class=\u00a0\u00bbbanner-txt\u00a0\u00bb css=\u00a0\u00bb.vc_custom_1765803600905{margin-top: 30px !important;}\u00a0\u00bb][vc_separator color=\u00a0\u00bbcustom\u00a0\u00bb align=\u00a0\u00bbalign_left\u00a0\u00bb el_width=\u00a0\u00bb20&Prime; accent_color=\u00a0\u00bb#f8f8f8&Prime; el_class=\u00a0\u00bbbanner-txt\u00a0\u00bb][vc_custom_heading text=\u00a0\u00bbSafari par la route\u00a0\u00bb font_container=\u00a0\u00bbtag:h2|text_align:left|color:%23ffffff\u00a0\u00bb google_fonts=\u00a0\u00bbfont_family:Roboto%3A100%2C100italic%2C300%2C300italic%2Cregular%2Citalic%2C500%2C500italic%2C700%2C700italic%2C900%2C900italic|font_style:300%20light%20italic%3A300%3Aitalic\u00a0\u00bb el_class=\u00a0\u00bbbanner-txt\u00a0\u00bb][\/vc_column][\/vc_row][vc_row css=\u00a0\u00bb.vc_custom_1690525542972{padding-top: 10px !important;}\u00a0\u00bb][vc_column][vc_headings style=\u00a0\u00bbtheme3&Prime; linewidth=\u00a0\u00bb100&Prime; borderwidth=\u00a0\u00bb3&Prime; borderclr=\u00a0\u00bb#890000&Prime; title=\u00a0\u00bbRWANDA SAFARI\u00a0\u00bb google_fonts=\u00a0\u00bbfont_family:Roboto%3A100%2C100italic%2C300%2C300italic%2Cregular%2Citalic%2C500%2C500italic%2C700%2C700italic%2C900%2C900italic|font_style:400%20regular%3A400%3Anormal\u00a0\u00bb titleclr=\u00a0\u00bb#890000&Prime;][\/vc_headings][vc_column_text] Embarquez pour l\u2019aventure de votre vie avec [&hellip;]<\/p>\n","protected":false},"author":4,"featured_media":0,"parent":0,"menu_order":37,"comment_status":"closed","ping_status":"closed","template":"","meta":{"_themeisle_gutenberg_block_has_review":false,"footnotes":""},"class_list":["post-28043","page","type-page","status-publish","hentry"],"_links":{"self":[{"href":"https:\/\/mufasatoursandtravels.com\/fr\/wp-json\/wp\/v2\/pages\/28043","targetHints":{"allow":["GET"]}}],"collection":[{"href":"https:\/\/mufasatoursandtravels.com\/fr\/wp-json\/wp\/v2\/pages"}],"about":[{"href":"https:\/\/mufasatoursandtravels.com\/fr\/wp-json\/wp\/v2\/types\/page"}],"author":[{"embeddable":true,"href":"https:\/\/mufasatoursandtravels.com\/fr\/wp-json\/wp\/v2\/users\/4"}],"replies":[{"embeddable":true,"href":"https:\/\/mufasatoursandtravels.com\/fr\/wp-json\/wp\/v2\/comments?post=28043"}],"version-history":[{"count":2,"href":"https:\/\/mufasatoursandtravels.com\/fr\/wp-json\/wp\/v2\/pages\/28043\/revisions"}],"predecessor-version":[{"id":41226,"href":"https:\/\/mufasatoursandtravels.com\/fr\/wp-json\/wp\/v2\/pages\/28043\/revisions\/41226"}],"wp:attachment":[{"href":"https:\/\/mufasatoursandtravels.com\/fr\/wp-json\/wp\/v2\/media?parent=28043"}],"curies":[{"name":"wp","href":"https:\/\/api.w.org\/{rel}","templated":true}]}}