{"id":28136,"date":"2024-04-11T15:53:39","date_gmt":"2024-04-11T12:53:39","guid":{"rendered":"https:\/\/mufasatoursandtravels.com\/safaris-en-tanzanie\/tanzanie-safaris-de-moyen-sejour\/"},"modified":"2025-02-20T10:11:08","modified_gmt":"2025-02-20T07:11:08","slug":"tanzanie-safaris-de-moyen-sejour","status":"publish","type":"page","link":"https:\/\/mufasatoursandtravels.com\/fr\/safaris-en-tanzanie\/tanzanie-safaris-de-moyen-sejour\/","title":{"rendered":"Tanzanie Safaris de moyen s\u00e9jour"},"content":{"rendered":"[vc_row full_width=\u00a0\u00bbstretch_row_content\u00a0\u00bb parallax=\u00a0\u00bbcontent-moving\u00a0\u00bb css=\u00a0\u00bb.vc_custom_1713163176785{margin-top: -50px !important;background: rgba(0,0,0,0.89) url(https:\/\/mufasatoursandtravels.com\/wp-content\/uploads\/2024\/04\/wildebeest-running.jpg?id=14725);*background-color:gb(0,0,0);}\u00a0\u00bb][vc_column css=\u00a0\u00bb.vc_custom_1687869367906{padding-top: 30px !important;padding-right: 50px !important;padding-bottom: 30px !important;padding-left: 50px !important;background-color: rgba(0,0,0,0.57) !important;*background-color: rgb(0,0,0) !important;}\u00a0\u00bb][vc_custom_heading text=\u00a0\u00bbTANZANIE\u00a0\u00bb font_container=\u00a0\u00bbtag:h1|font_size:35|text_align:center|color:%23ffffff\u00a0\u00bb use_theme_fonts=\u00a0\u00bbyes\u00a0\u00bb el_class=\u00a0\u00bbcustom-opacity-text\u00a0\u00bb css=\u00a0\u00bb.vc_custom_1713361797451{margin-top: 30px !important;}\u00a0\u00bb][vc_headings linewidth=\u00a0\u00bb150&Prime; borderclr=\u00a0\u00bb#ffffff\u00a0\u00bb title=\u00a0\u00bbMedium Stay Safaris\u00a0\u00bb google_fonts=\u00a0\u00bbfont_family:Open%20Sans%3A300%2C300italic%2Cregular%2Citalic%2C600%2C600italic%2C700%2C700italic%2C800%2C800italic|font_style:400%20regular%3A400%3Anormal\u00a0\u00bb titleclr=\u00a0\u00bb#ffffff\u00a0\u00bb][\/vc_headings][vc_empty_space height=\u00a0\u00bb150px\u00a0\u00bb][\/vc_column][\/vc_row][vc_row][vc_column][vc_empty_space][\/vc_column][\/vc_row][vc_row][vc_column][vc_column_text]\n<p style=\"font-size: 18px; text-align: center;\">D\u00e9couvrez la diversit\u00e9 des paysages et des \u00e9cosyst\u00e8mes de l\u2019Afrique, des vastes savanes aux for\u00eats luxuriantes et aux cours d\u2019eau scintillants. Ayez l\u2019occasion de rencontrer la faune, y compris la chance d\u2019assister \u00e0 la Grande Migration, aux cinq grands animaux et \u00e0 une multitude d\u2019esp\u00e8ces d\u2019oiseaux. Immergez-vous dans les cultures locales \u00e0 travers des interactions avec les communaut\u00e9s autochtones, des visites de villages tribaux ou des spectacles culturels. <\/p>\n[\/vc_column_text][\/vc_column][\/vc_row][vc_row][vc_column][vc_headings style=\u00a0\u00bbtheme3&Prime; linewidth=\u00a0\u00bb150&Prime; borderclr=\u00a0\u00bb#890000&Prime; title=\u00a0\u00bbPaquets\u00a0\u00bb use_theme_fonts=\u00a0\u00bbyes\u00a0\u00bb titleclr=\u00a0\u00bb#890000&Prime;][\/vc_headings][vc_empty_space][\/vc_column][\/vc_row][vc_row css=\u00a0\u00bb.vc_custom_1712829798925{padding: 5px !important;}\u00a0\u00bb][vc_column width=\u00a0\u00bb1\/3&Prime; css=\u00a0\u00bb.vc_custom_1712828853854{padding: 10px !important;}\u00a0\u00bb]<div class=\"cq-hovercard cq-rotate  cq-hovercard-hideicon\" data-contentcolor=\"\" data-iconcolor=\"#890000\" data-bgheight=\"240\" data-captionoffset=\"\" data-videowidth=\"640\" data-linktype=\"customlink\" data-bgtype=\"image\" data-lightboxmargin=\"\"><a href=\"https:\/\/mufasatoursandtravels.com\/tanzania-safaris\/tanzania-medium-stay-safaris\/serengeti-ngorongoro-odyssey\/\" title=\"Serengeti-Ngorongoro Odyssey\" target=\"\" class=\"cq-hovercard-customlink\"><img decoding=\"async\" src=\"https:\/\/mufasatoursandtravels.com\/wp-content\/uploads\/2024\/04\/wildebeests.jpg\" class=\"cq-hovercard-background\" alt=\"\" \/><div class=\"cq-hovercard-textcontainer\"><div class=\"cq-hovercard-title\">L\u2019Odyss\u00e9e Serengeti-Ngorongoro<\/div><div class=\"cq-hovercard-content\">4 Days | Serengeti \u2192 Ngorongoro<\/div><i class=\"cq-hovercard-icon fas fa-paw\"><\/i><\/div><\/a><\/div>[\/vc_column][vc_column width=\u00a0\u00bb1\/3&Prime; css=\u00a0\u00bb.vc_custom_1712828875331{padding: 10px !important;}\u00a0\u00bb]<div class=\"cq-hovercard cq-rotate  cq-hovercard-hideicon\" data-contentcolor=\"\" data-iconcolor=\"#890000\" data-bgheight=\"240\" data-captionoffset=\"\" data-videowidth=\"640\" data-linktype=\"customlink\" data-bgtype=\"image\" data-lightboxmargin=\"\"><a href=\"https:\/\/mufasatoursandtravels.com\/tanzania-safaris\/tanzania-medium-stay-safaris\/tanzania-signature-safari\/\" title=\"Tanzania Signature Safari\" target=\"\" class=\"cq-hovercard-customlink\"><img decoding=\"async\" src=\"https:\/\/mufasatoursandtravels.com\/wp-content\/uploads\/2025\/01\/Lioness.jpeg\" class=\"cq-hovercard-background\" alt=\"\" \/><div class=\"cq-hovercard-textcontainer\"><div class=\"cq-hovercard-title\">Safari signature en Tanzanie<\/div><div class=\"cq-hovercard-content\">5 Days | Tarangire \u2192 Serengeti \u2192 Ngorongoro<\/div><i class=\"cq-hovercard-icon fas fa-paw\"><\/i><\/div><\/a><\/div>[\/vc_column][vc_column width=\u00a0\u00bb1\/3&Prime; css=\u00a0\u00bb.vc_custom_1712828886767{padding: 10px !important;}\u00a0\u00bb]<div class=\"cq-hovercard cq-rotate  cq-hovercard-hideicon\" data-contentcolor=\"\" data-iconcolor=\"#890000\" data-bgheight=\"240\" data-captionoffset=\"\" data-videowidth=\"640\" data-linktype=\"customlink\" data-bgtype=\"image\" data-lightboxmargin=\"\"><a href=\"https:\/\/mufasatoursandtravels.com\/tanzania-safaris\/tanzania-medium-stay-safaris\/serenade-expedition\/\" title=\"Serenade Expedition\" target=\"\" class=\"cq-hovercard-customlink\"><img decoding=\"async\" src=\"https:\/\/mufasatoursandtravels.com\/wp-content\/uploads\/2021\/12\/1553677244864_Male-and-Female-Lion-2-Serengeti-NP.jpg\" class=\"cq-hovercard-background\" alt=\"MUFASA TOURS AND TRAVEL\" \/><div class=\"cq-hovercard-textcontainer\"><div class=\"cq-hovercard-title\">Exp\u00e9dition S\u00e9r\u00e9nade<\/div><div class=\"cq-hovercard-content\">6 Days | Tarangire \u2192 Serengeti \u2192 Ngorongoro<\/div><i class=\"cq-hovercard-icon fas fa-paw\"><\/i><\/div><\/a><\/div>[\/vc_column][\/vc_row]\n","protected":false},"excerpt":{"rendered":"<p>[vc_row full_width=\u00a0\u00bbstretch_row_content\u00a0\u00bb parallax=\u00a0\u00bbcontent-moving\u00a0\u00bb css=\u00a0\u00bb.vc_custom_1713163176785{margin-top: -50px !important;background: rgba(0,0,0,0.89) url(https:\/\/mufasatoursandtravels.com\/wp-content\/uploads\/2024\/04\/wildebeest-running.jpg?id=14725);*background-color:gb(0,0,0);}\u00a0\u00bb][vc_column css=\u00a0\u00bb.vc_custom_1687869367906{padding-top: 30px !important;padding-right: 50px !important;padding-bottom: 30px !important;padding-left: 50px !important;background-color: rgba(0,0,0,0.57) !important;*background-color: rgb(0,0,0) !important;}\u00a0\u00bb][vc_custom_heading text=\u00a0\u00bbTANZANIE\u00a0\u00bb font_container=\u00a0\u00bbtag:h1|font_size:35|text_align:center|color:%23ffffff\u00a0\u00bb use_theme_fonts=\u00a0\u00bbyes\u00a0\u00bb el_class=\u00a0\u00bbcustom-opacity-text\u00a0\u00bb css=\u00a0\u00bb.vc_custom_1713361797451{margin-top: 30px !important;}\u00a0\u00bb][vc_headings linewidth=\u00a0\u00bb150&Prime; borderclr=\u00a0\u00bb#ffffff\u00a0\u00bb title=\u00a0\u00bbMedium Stay Safaris\u00a0\u00bb google_fonts=\u00a0\u00bbfont_family:Open%20Sans%3A300%2C300italic%2Cregular%2Citalic%2C600%2C600italic%2C700%2C700italic%2C800%2C800italic|font_style:400%20regular%3A400%3Anormal\u00a0\u00bb titleclr=\u00a0\u00bb#ffffff\u00a0\u00bb][\/vc_headings][vc_empty_space height=\u00a0\u00bb150px\u00a0\u00bb][\/vc_column][\/vc_row][vc_row][vc_column][vc_empty_space][\/vc_column][\/vc_row][vc_row][vc_column][vc_column_text] D\u00e9couvrez la diversit\u00e9 des paysages et des \u00e9cosyst\u00e8mes de l\u2019Afrique, des vastes savanes aux for\u00eats luxuriantes et aux cours [&hellip;]<\/p>\n","protected":false},"author":1,"featured_media":0,"parent":27907,"menu_order":1,"comment_status":"closed","ping_status":"closed","template":"","meta":{"_themeisle_gutenberg_block_has_review":false,"footnotes":""},"class_list":["post-28136","page","type-page","status-publish","hentry"],"_links":{"self":[{"href":"https:\/\/mufasatoursandtravels.com\/fr\/wp-json\/wp\/v2\/pages\/28136","targetHints":{"allow":["GET"]}}],"collection":[{"href":"https:\/\/mufasatoursandtravels.com\/fr\/wp-json\/wp\/v2\/pages"}],"about":[{"href":"https:\/\/mufasatoursandtravels.com\/fr\/wp-json\/wp\/v2\/types\/page"}],"author":[{"embeddable":true,"href":"https:\/\/mufasatoursandtravels.com\/fr\/wp-json\/wp\/v2\/users\/1"}],"replies":[{"embeddable":true,"href":"https:\/\/mufasatoursandtravels.com\/fr\/wp-json\/wp\/v2\/comments?post=28136"}],"version-history":[{"count":0,"href":"https:\/\/mufasatoursandtravels.com\/fr\/wp-json\/wp\/v2\/pages\/28136\/revisions"}],"up":[{"embeddable":true,"href":"https:\/\/mufasatoursandtravels.com\/fr\/wp-json\/wp\/v2\/pages\/27907"}],"wp:attachment":[{"href":"https:\/\/mufasatoursandtravels.com\/fr\/wp-json\/wp\/v2\/media?parent=28136"}],"curies":[{"name":"wp","href":"https:\/\/api.w.org\/{rel}","templated":true}]}}