{"id":28160,"date":"2023-05-16T18:55:42","date_gmt":"2023-05-16T15:55:42","guid":{"rendered":"https:\/\/mufasatoursandtravels.com\/safari-et-visites\/"},"modified":"2026-03-06T18:35:45","modified_gmt":"2026-03-06T15:35:45","slug":"safari-et-visites","status":"publish","type":"page","link":"https:\/\/mufasatoursandtravels.com\/fr\/safari-et-visites\/","title":{"rendered":"Safari et visites"},"content":{"rendered":"[vc_row full_width=\u00a0\u00bbstretch_row_content\u00a0\u00bb css=\u00a0\u00bb.vc_custom_1687869905456{margin-top: -50px !important;background: rgba(0,0,0,0.89) url(https:\/\/mufasatoursandtravels.com\/wp-content\/uploads\/2023\/02\/travel-and-tours.jpg?id=9064) !important;*background-color: rgb(0,0,0) !important;}\u00a0\u00bb][vc_column css=\u00a0\u00bb.vc_custom_1687869367906{padding-top: 30px !important;padding-right: 50px !important;padding-bottom: 30px !important;padding-left: 50px !important;background-color: rgba(0,0,0,0.57) !important;*background-color: rgb(0,0,0) !important;}\u00a0\u00bb][vc_custom_heading text=\u00a0\u00bbSafari en Afrique de l\u2019Est\u00a0\u00bb font_container=\u00a0\u00bbtag:h1|font_size:28|text_align:center|color:%23ffffff\u00a0\u00bb use_theme_fonts=\u00a0\u00bbyes\u00a0\u00bb el_class=\u00a0\u00bbcustom-opacity-text\u00a0\u00bb css=\u00a0\u00bb.vc_custom_1687869412399{margin-top: 30px !important;}\u00a0\u00bb][vc_empty_space][vc_btn title=\u00a0\u00bbExplorez avec nous\u00a0\u00bb style=\u00a0\u00bboutline\u00a0\u00bb shape=\u00a0\u00bbround\u00a0\u00bb align=\u00a0\u00bbcenter\u00a0\u00bb link=\u00a0\u00bburl:https%3A%2F%2Fmufasatoursandtravels.com%2Ffr%2Fdemander-un-devis%2F|\u00a0\u00bb][\/vc_column][\/vc_row][vc_row][vc_column][vc_empty_space][vc_custom_heading text=\u00a0\u00bbMufasa Safari Tours\u00a0\u00bb font_container=\u00a0\u00bbtag:h2|font_size:28|text_align:center|color:%23890000&Prime; use_theme_fonts=\u00a0\u00bbyes\u00a0\u00bb][\/vc_column][\/vc_row][vc_row][vc_column][vc_column_text]Bienvenue chez Mufasa Safari Tours, o\u00f9 nous nous sp\u00e9cialisons dans l\u2019offre des exp\u00e9riences de safari les plus inoubliables \u00e0 travers l\u2019Afrique de l\u2019Est. Notre objectif est de vous faire d\u00e9couvrir la magie de l\u2019Afrique \u00e0 travers nos safaris sur mesure, nos visites culturelles et nos forfaits de luxe. <\/p>\n<p>Si vous \u00eates \u00e0 la recherche d\u2019une exp\u00e9rience de la faune pas comme les autres, nos safaris sont parfaits pour vous. Nos guides exp\u00e9riment\u00e9s vous emm\u00e8neront dans un voyage \u00e0 travers les savanes et les jungles, o\u00f9 vous verrez de magnifiques cr\u00e9atures comme des lions, des \u00e9l\u00e9phants et des girafes dans leur habitat naturel. Nos v\u00e9hicules 4&#215;4 \u00e0 traction int\u00e9grale sont \u00e9quip\u00e9s de jumelles modernes, de syst\u00e8mes de charge et d\u2019appels radio pour vous assurer une exp\u00e9rience de safari exceptionnelle.  <\/p>\n<p>Chez <a href=\"https:\/\/mufasatoursandtravels.com\/destinations\/%20https:\/\/mufasatoursandtravels.com\/rwanda-safari\/%20https:\/\/mufasatoursandtravels.com\/uganda-safari\/%20https:\/\/mufasatoursandtravels.com\/kenya-tanzania-zanzibar-safaris\/%20https:\/\/mufasatoursandtravels.com\/kenya-flying-safaris-2\/%20https:\/\/mufasatoursandtravels.com\/destinations\/serengeti-national-park\/%20https:\/\/mufasatoursandtravels.com\/destinations\/masai-mara-national-reserve\/%20https:\/\/mufasatoursandtravels.com\/destinations\/arusha-national-park\/%20https:\/\/mufasatoursandtravels.com\/destinations\/amboseli-national-park\/%20https:\/\/mufasatoursandtravels.com\/mufasa-fleet\/%20https:\/\/mufasatoursandtravels.com\/destinations\/\">Mufasa Tours and Travels<\/a>, nous croyons qu\u2019il est important d\u2019offrir des itin\u00e9raires de safari flexibles et personnalisables afin que vous puissiez concevoir votre aventure africaine parfaite. Nos guides exp\u00e9riment\u00e9s et comp\u00e9tents s\u2019occuperont de tout, de l\u2019organisation du transport et de l\u2019h\u00e9bergement \u00e0 la fourniture de connaissances d\u2019initi\u00e9s et d\u2019un aper\u00e7u de la culture et de la faune locales.[\/vc_column_text][\/vc_column][\/vc_row][vc_row full_width=\u00a0\u00bbstretch_row_content\u00a0\u00bb][vc_column width=\u00a0\u00bb1\/3&Prime; css=\u00a0\u00bb.vc_custom_1673420114805{border-top-width: 10px !important;border-right-width: 10px !important;border-bottom-width: 10px !important;border-left-width: 10px !important;}\u00a0\u00bb][wdo_ult_banner ult_banner_image=\u00a0\u00bb9029&Prime; ult_banner_link=\u00a0\u00bbhttps:\/\/mufasatoursandtravels.com\/kenya-safari-by-road\/\u00a0\u00bb]\n<p style=\"text-align: center;\"><span style=\"font-size: 24pt;\"><strong>SAFARIS ROUTIERS AU KENYA<\/strong><\/span><\/p>\n<p style=\"text-align: center;\"><span style=\"font-size: 14pt;\">(SAFARIS PRIV\u00c9S)<\/span><\/p>\n[\/wdo_ult_banner][\/vc_column][vc_column width=\u00a0\u00bb1\/3&Prime; css=\u00a0\u00bb.vc_custom_1673420131900{border-top-width: 10px !important;border-right-width: 10px !important;border-bottom-width: 10px !important;border-left-width: 10px !important;}\u00a0\u00bb][wdo_ult_banner ult_banner_image=\u00a0\u00bb9028&Prime; ult_banner_link=\u00a0\u00bbhttps:\/\/mufasatoursandtravels.com\/kenya-flying-safaris-2\/\u00a0\u00bb]\n<p style=\"text-align: center;\"><span style=\"font-size: 24pt;\"><strong>SAFARIS DE LUXE AU KENYA<\/strong><\/span><\/p>\n<p style=\"text-align: center;\"><span style=\"font-size: 14pt;\">(SAFARIS PRIV\u00c9S)<\/span><\/p>\n[\/wdo_ult_banner][\/vc_column][vc_column width=\u00a0\u00bb1\/3&Prime; css=\u00a0\u00bb.vc_custom_1673420149251{border-top-width: 10px !important;border-right-width: 10px !important;border-bottom-width: 10px !important;border-left-width: 10px !important;}\u00a0\u00bb][wdo_ult_banner ult_banner_image=\u00a0\u00bb9030&Prime; ult_banner_link=\u00a0\u00bbhttps:\/\/mufasatoursandtravels.com\/kenya-tanzania-zanzibar-safaris\/\u00a0\u00bb]\n<p style=\"text-align: center;\"><span style=\"font-size: 24pt;\"><strong>KENYA &#8211; TANZANIE SAFARIS<\/strong><\/span><\/p>\n<p style=\"text-align: center;\"><span style=\"font-size: 14pt;\">(SAFARIS PRIV\u00c9S)<\/span><\/p>\n[\/wdo_ult_banner][\/vc_column][\/vc_row][vc_row full_width=\u00a0\u00bbstretch_row_content\u00a0\u00bb css=\u00a0\u00bb.vc_custom_1684255035024{padding-top: 10px !important;}\u00a0\u00bb][vc_column width=\u00a0\u00bb1\/3&Prime; css=\u00a0\u00bb.vc_custom_1673420164085{border-top-width: 10px !important;border-right-width: 10px !important;border-bottom-width: 10px !important;border-left-width: 10px !important;}\u00a0\u00bb][wdo_ult_banner ult_banner_image=\u00a0\u00bb9027&Prime; ult_banner_link=\u00a0\u00bbhttps:\/\/mufasatoursandtravels.com\/rwanda-safari\/\u00a0\u00bb]\n<p style=\"text-align: center;\"><span style=\"font-size: 24pt;\"><strong>MUFASA AU RWANDA<\/strong><\/span><\/p>\n<p style=\"text-align: center;\"><span style=\"font-size: 14pt;\">(Gorilla Trekking Safaris)<\/span><\/p>\n[\/wdo_ult_banner][\/vc_column][vc_column width=\u00a0\u00bb1\/3&Prime; css=\u00a0\u00bb.vc_custom_1673420179350{border-top-width: 10px !important;border-right-width: 10px !important;border-bottom-width: 10px !important;border-left-width: 10px !important;}\u00a0\u00bb][wdo_ult_banner ult_banner_image=\u00a0\u00bb9043&Prime; ult_banner_link=\u00a0\u00bbhttps:\/\/mufasatoursandtravels.com\/uganda-safari\/\u00a0\u00bb]\n<p style=\"text-align: center;\"><span style=\"font-size: 24pt;\"><strong>MUFASA EN OUGANDA<\/strong><\/span><\/p>\n<p style=\"text-align: center;\"><span style=\"font-size: 14pt;\">(Trekking des gorilles et safaris de chimpanz\u00e9s)<\/span><\/p>\n[\/wdo_ult_banner][\/vc_column][vc_column width=\u00a0\u00bb1\/3&Prime; css=\u00a0\u00bb.vc_custom_1673420196009{border-top-width: 10px !important;border-right-width: 10px !important;border-bottom-width: 10px !important;border-left-width: 10px !important;}\u00a0\u00bb][wdo_ult_banner ult_banner_image=\u00a0\u00bb15116&Prime; ult_banner_link=\u00a0\u00bb#\u00a0\u00bb demo=\u00a0\u00bb\u00a0\u00bb]\n<p style=\"text-align: center;\"><span style=\"font-size: 24pt; text-shadow: 1px 1px #333;\"><strong>SAFARIS PHOTOGRAPHIQUES<\/strong><\/span><\/p>\n<p style=\"text-align: center;\"><span style=\"font-size: 12pt;\">( Bient\u00f4t disponible )<\/span><\/p>\n[\/wdo_ult_banner][\/vc_column][\/vc_row][vc_row][vc_column][vc_empty_space][vc_custom_heading text=\u00a0\u00bbSafari Tours au Kenya\u00a0\u00bb font_container=\u00a0\u00bbtag:h2|font_size:28|text_align:center|color:%23890000&Prime; use_theme_fonts=\u00a0\u00bbyes\u00a0\u00bb][vc_column_text]Le Kenya est l\u2019une des <a href=\"https:\/\/mufasatoursandtravels.com\/fr\/destinations\/\">destinations de safari<\/a> les plus populaires au monde, offrant un m\u00e9lange unique de faune, de culture et de beaut\u00e9 naturelle. Les safaris Mufasa au Kenya permettent d\u2019explorer les nombreux parcs nationaux et r\u00e9serves fauniques du pays, qui abritent les <a href=\"https:\/\/a-z-animals.com\/blog\/the-big-five\/\" target=\"_blank\" rel=\"dofollow noopener\">\u00ab&nbsp;Big Five&nbsp;\u00bb<\/a> (lions, l\u00e9opards, \u00e9l\u00e9phants, rhinoc\u00e9ros et buffles) ainsi que de nombreuses autres esp\u00e8ces d\u2019animaux et d\u2019oiseaux. En plus des safaris, les safaris au Kenya peuvent inclure des visites culturelles dans les villages locaux, des promenades dans la brousse, des vols en montgolfi\u00e8re et des interactions avec des guerriers Massa\u00ef. Les safaris de luxe au Kenya offrent un confort et des commodit\u00e9s in\u00e9gal\u00e9s, tandis que les circuits \u00e9conomiques offrent un moyen plus abordable de vivre la magie d\u2019un safari africain. Un safari au Kenya est une aventure inoubliable qui vous laissera une appr\u00e9ciation plus profonde du monde naturel et une vie de souvenirs.[\/vc_column_text][\/vc_column][\/vc_row][vc_row][vc_column][vc_empty_space][vc_custom_heading text=\u00a0\u00bbMufasa Safari Tours &#8211; Visites culturelles au Kenya\u00a0\u00bb font_container=\u00a0\u00bbtag:h2|font_size:28|text_align:center|color:%23890000&Prime; use_theme_fonts=\u00a0\u00bbyes\u00a0\u00bb][\/vc_column][\/vc_row][vc_row content_placement=\u00a0\u00bbmiddle\u00a0\u00bb][vc_column width=\u00a0\u00bb1\/2&Prime;][vc_column_text]<a href=\"https:\/\/mufasatoursandtravels.com\/kenya-flying-safaris-2\/kenya-flying-safaris-long-stay\/\" target=\"_blank\" rel=\"noopener\">Le Kenya<\/a> a des cultures diverses, avec plus de 40 groupes ethniques vivant \u00e0 l\u2019int\u00e9rieur de ses fronti\u00e8res. Nos visites culturelles vous permettent d\u2019explorer les coutumes, les traditions et la vie quotidienne de ces groupes. Nous vous emm\u00e8nerons dans des villages traditionnels o\u00f9 vous rencontrerez les habitants, d\u00e9couvrirez leur mode de vie et d\u00e9gusterez des plats traditionnels. Vous aurez \u00e9galement la chance de participer \u00e0 des \u00e9v\u00e9nements culturels et \u00e0 des c\u00e9r\u00e9monies.   <\/p>\n<p>Si vous \u00eates \u00e0 la recherche d\u2019une exp\u00e9rience de safari luxueuse, nous avons une gamme de forfaits qui r\u00e9pondent \u00e0 vos besoins. Nos lodges, camps et luxueux camps de tentes sont soigneusement s\u00e9lectionn\u00e9s pour vous offrir confort et style. Nous nous occuperons de tous les d\u00e9tails, des transferts et de l\u2019h\u00e9bergement aux repas et aux activit\u00e9s, afin que vous puissiez vous d\u00e9tendre et profiter de votre aventure de safari.[\/vc_column_text][\/vc_column][vc_column width=\u00a0\u00bb1\/2&Prime;][vc_single_image image=\u00a0\u00bb10571&Prime; img_size=\u00a0\u00bbfull\u00a0\u00bb][\/vc_column][\/vc_row][vc_row][vc_column][vc_empty_space][vc_custom_heading text=\u00a0\u00bbSafaris en Afrique de l\u2019Est\u00a0\u00bb font_container=\u00a0\u00bbtag:h2|font_size:28|text_align:center|color:%23890000&Prime; use_theme_fonts=\u00a0\u00bbyes\u00a0\u00bb][vc_column_text]Nos safaris en Afrique de l\u2019Est vous emm\u00e8nent dans un voyage \u00e0 travers certains des paysages les plus \u00e9poustouflants du continent. Vous explorerez les magnifiques parcs nationaux du <a href=\"https:\/\/mufasatoursandtravels.com\/kenya-flying-safaris-2\/kenya-flying-safaris-short-stay\/\">Kenya<\/a>, de la <a href=\"https:\/\/mufasatoursandtravels.com\/kenya-tanzania-zanzibar-safari\/\">Tanzanie<\/a>, de l\u2019Ouganda, de Zanzibar et du <a href=\"https:\/\/mufasatoursandtravels.com\/fr\/safari-au-rwanda\/\">Rwanda<\/a>, o\u00f9 vous verrez une faune abondante, y compris les Big Five : lions, \u00e9l\u00e9phants, buffles, l\u00e9opards et rhinoc\u00e9ros. <a href=\"https:\/\/mufasatoursandtravels.com\/fr\/safari-en-ouganda\/\"><\/a> <\/p>\n<p>En plus de la faune, nos safaris en Afrique de l\u2019Est offrent \u00e9galement la possibilit\u00e9 de d\u00e9couvrir les cultures riches et diversifi\u00e9es de la r\u00e9gion. Vous aurez l\u2019occasion de visiter des villages locaux, de rencontrer des communaut\u00e9s traditionnelles et d\u2019en apprendre davantage sur leur mode de vie. Des Maasa\u00ef du Kenya et de la Tanzanie aux Batwa de l\u2019Ouganda, vous aurez un aper\u00e7u de l\u2019histoire, des traditions et des coutumes quotidiennes des peuples qui habitent l\u2019Afrique de l\u2019Est.  <\/p>\n<p>En parcourant ces paysages \u00e0 couper le souffle, vous serez t\u00e9moin de certaines des merveilles naturelles les plus embl\u00e9matiques du continent. Vous verrez le majestueux mont Kilimandjaro, le <a href=\"https:\/\/mufasatoursandtravels.com\/fr\/ngorongoro-crater-7\/\">crat\u00e8re du Ngorongoro<\/a>, les <a href=\"https:\/\/mufasatoursandtravels.com\/destinations\/serengeti-national-park\/\">plaines du Serengeti<\/a> et la grande migration des gnous &#8211; l\u2019un des spectacles fauniques les plus incroyables de la plan\u00e8te. Vous visiterez \u00e9galement de magnifiques lacs, des collines ondulantes et de vastes savanes, qui abritent divers animaux, oiseaux et plantes.  <\/p>\n<p>Nos safaris en Afrique de l\u2019Est sont con\u00e7us pour offrir une exp\u00e9rience immersive et inoubliable. Vous serez accompagn\u00e9 de guides comp\u00e9tents et exp\u00e9riment\u00e9s qui partageront avec vous leur passion pour la faune, la nature et la culture. Vous s\u00e9journerez dans des lodges et des camps confortables et profiterez d\u2019une cuisine d\u00e9licieuse et d\u2019un service exceptionnel. Avec Mufasa Travels, votre safari en Afrique de l\u2019Est sera l\u2019aventure d\u2019une vie.[\/vc_column_text][\/vc_column][\/vc_row][vc_row full_width=\u00a0\u00bbstretch_row_content\u00a0\u00bb][vc_column width=\u00a0\u00bb1\/4&Prime;][vc_single_image image=\u00a0\u00bb8375&Prime;][\/vc_column][vc_column width=\u00a0\u00bb1\/4&Prime;][vc_single_image image=\u00a0\u00bb10318&Prime;][\/vc_column][vc_column width=\u00a0\u00bb1\/4&Prime;][vc_single_image image=\u00a0\u00bb10201&Prime;][\/vc_column][vc_column width=\u00a0\u00bb1\/4&Prime;][vc_single_image image=\u00a0\u00bb10194&Prime;][\/vc_column][\/vc_row][vc_row][vc_column][vc_empty_space][vc_custom_heading text=\u00a0\u00bbForfaits safari \u00e0 Mufasa\u00a0\u00bb font_container=\u00a0\u00bbtag:h2|font_size:28|text_align:center|color:%23890000&Prime; use_theme_fonts=\u00a0\u00bbyes\u00a0\u00bb][vc_column_text]Nos forfaits touristiques en Afrique de l\u2019Est sont con\u00e7us pour r\u00e9pondre \u00e0 divers int\u00e9r\u00eats et pr\u00e9f\u00e9rences. Que vous soyez un passionn\u00e9 de la faune, un amoureux de la culture ou un aventurier, nous avons un forfait touristique qui vous conviendra. Nos forfaits comprennent l\u2019h\u00e9bergement, le transport, les repas et les activit\u00e9s et peuvent \u00eatre personnalis\u00e9s pour r\u00e9pondre \u00e0 vos besoins.[\/vc_column_text][\/vc_column][\/vc_row][vc_row][vc_column][vc_empty_space][vc_custom_heading text=\u00a0\u00bbCircuits en Afrique\u00a0\u00bb font_container=\u00a0\u00bbtag:h2|font_size:28|text_align:center|color:%23890000&Prime; use_theme_fonts=\u00a0\u00bbyes\u00a0\u00bb][vc_column_text]Nous proposons un large \u00e9ventail de circuits \u00e0 travers l\u2019Afrique, des aventures de trekking des gorilles en Ouganda et au Rwanda aux exp\u00e9ditions d\u2019escalade en Tanzanie. Nos forfaits vacances \u00e0 la plage \u00e0 <a href=\"https:\/\/mufasatoursandtravels.com\/tanzania-and-zanzibar-safari\/tanzania-zanzibar-safari-package\/\">Zanzibar <\/a>et <a href=\"https:\/\/mufasatoursandtravels.com\/fr\/destinations\/mombasa-malindi-et-diani-2\/\">Mombasa<\/a> sont parfaits pour ceux qui recherchent une pause relaxante. <\/p>\n<p>Lorsque vous explorez l\u2019Afrique de l\u2019Est, Mufasa Safari Tours a ce qu\u2019il vous faut. Nos circuits vous emm\u00e8nent dans un voyage \u00e0 travers certains des paysages les plus \u00e9poustouflants du continent, des for\u00eats luxuriantes de l\u2019Ouganda et du Rwanda aux vastes savanes de Tanzanie et du Kenya. Que vous soyez \u00e0 la recherche d\u2019une aventure palpitante de trekking avec des gorilles, d\u2019une exp\u00e9dition d\u2019escalade difficile ou de vacances relaxantes \u00e0 la plage \u00e0 Zanzibar ou \u00e0 Mombasa, nous avons un forfait touristique adapt\u00e9 \u00e0 vos besoins. Nos guides exp\u00e9riment\u00e9s sont des experts de l\u2019histoire, de la culture et de la faune de la r\u00e9gion, ce qui vous permet de tirer le meilleur parti de votre visite.   <\/p>\n<p>Chez Mufasa Safari Tours, nous nous engageons \u00e0 rendre votre aventure africaine inoubliable. Nous sommes l\u00e0 pour vous aider \u00e0 planifier le safari parfait avec des itin\u00e9raires flexibles, un excellent service et des guides exp\u00e9riment\u00e9s. Contactez-nous d\u00e8s aujourd\u2019hui pour commencer \u00e0 planifier votre aventure africaine.[\/vc_column_text][\/vc_column][\/vc_row][vc_row content_placement=\u00a0\u00bbmiddle\u00a0\u00bb][vc_column width=\u00a0\u00bb1\/2&Prime;][vc_single_image image=\u00a0\u00bb10194&Prime; img_size=\u00a0\u00bbfull\u00a0\u00bb][\/vc_column][vc_column width=\u00a0\u00bb1\/2&Prime;][vc_empty_space][vc_column_text]<a href=\"https:\/\/mufasatoursandtravels.com\/fr\/\">Mufasa<\/a> safari tours comprend que la planification d\u2019un safari peut \u00eatre \u00e9crasante, surtout en ce qui concerne la budg\u00e9tisation. C\u2019est pourquoi nous nous effor\u00e7ons d\u2019offrir des frais de visite abordables sans compromettre la qualit\u00e9 de nos services. <\/p>\n<p>Nos prix sont transparents et nous veillons toujours \u00e0 ce que nos clients en aient pour leur argent. Nous travaillons avec diff\u00e9rents budgets et pouvons vous aider \u00e0 planifier un safari dans la mesure de vos moyens. Notre \u00e9quipe d\u2019experts en voyages peut vous guider sur le meilleur moment pour visiter et vous offrir des recommandations sur la r\u00e9duction des co\u00fbts sans sacrifier la qualit\u00e9 de votre exp\u00e9rience. Avec Mufasa Safari Tours, vous pouvez \u00eatre s\u00fbr de vivre la meilleure exp\u00e9rience de safari \u00e0 un prix abordable.[\/vc_column_text][\/vc_column][\/vc_row][vc_row][vc_column][wdo_ult_banner]\n<h2 style=\"text-align: center;\">En-t\u00eate de banni\u00e8re<\/h2>\n<p>R\u00e9organisez de mani\u00e8re convaincante des strat\u00e9gies de croissance \u00e0 l\u2019\u00e9preuve du temps gr\u00e2ce \u00e0 des infom\u00e9diaires granulaires. Procrastiner rapidement, techniquement solide. [\/wdo_ult_banner][\/vc_column][\/vc_row]\n","protected":false},"excerpt":{"rendered":"<p>[vc_row full_width=\u00a0\u00bbstretch_row_content\u00a0\u00bb css=\u00a0\u00bb.vc_custom_1687869905456{margin-top: -50px !important;background: rgba(0,0,0,0.89) url(https:\/\/mufasatoursandtravels.com\/wp-content\/uploads\/2023\/02\/travel-and-tours.jpg?id=9064) !important;*background-color: rgb(0,0,0) !important;}\u00a0\u00bb][vc_column css=\u00a0\u00bb.vc_custom_1687869367906{padding-top: 30px !important;padding-right: 50px !important;padding-bottom: 30px !important;padding-left: 50px !important;background-color: rgba(0,0,0,0.57) !important;*background-color: rgb(0,0,0) !important;}\u00a0\u00bb][vc_custom_heading text=\u00a0\u00bbSafari en Afrique de l\u2019Est\u00a0\u00bb font_container=\u00a0\u00bbtag:h1|font_size:28|text_align:center|color:%23ffffff\u00a0\u00bb use_theme_fonts=\u00a0\u00bbyes\u00a0\u00bb el_class=\u00a0\u00bbcustom-opacity-text\u00a0\u00bb css=\u00a0\u00bb.vc_custom_1687869412399{margin-top: 30px !important;}\u00a0\u00bb][vc_empty_space][vc_btn title=\u00a0\u00bbExplorez avec nous\u00a0\u00bb style=\u00a0\u00bboutline\u00a0\u00bb shape=\u00a0\u00bbround\u00a0\u00bb align=\u00a0\u00bbcenter\u00a0\u00bb link=\u00a0\u00bburl:https%3A%2F%2Fmufasatoursandtravels.com%2Ffr%2Fdemander-un-devis%2F|\u00a0\u00bb][\/vc_column][\/vc_row][vc_row][vc_column][vc_empty_space][vc_custom_heading text=\u00a0\u00bbMufasa Safari Tours\u00a0\u00bb font_container=\u00a0\u00bbtag:h2|font_size:28|text_align:center|color:%23890000&Prime; use_theme_fonts=\u00a0\u00bbyes\u00a0\u00bb][\/vc_column][\/vc_row][vc_row][vc_column][vc_column_text]Bienvenue chez Mufasa Safari Tours, o\u00f9 nous nous sp\u00e9cialisons dans [&hellip;]<\/p>\n","protected":false},"author":7,"featured_media":0,"parent":0,"menu_order":12,"comment_status":"closed","ping_status":"closed","template":"","meta":{"_themeisle_gutenberg_block_has_review":false,"footnotes":""},"class_list":["post-28160","page","type-page","status-publish","hentry"],"_links":{"self":[{"href":"https:\/\/mufasatoursandtravels.com\/fr\/wp-json\/wp\/v2\/pages\/28160","targetHints":{"allow":["GET"]}}],"collection":[{"href":"https:\/\/mufasatoursandtravels.com\/fr\/wp-json\/wp\/v2\/pages"}],"about":[{"href":"https:\/\/mufasatoursandtravels.com\/fr\/wp-json\/wp\/v2\/types\/page"}],"author":[{"embeddable":true,"href":"https:\/\/mufasatoursandtravels.com\/fr\/wp-json\/wp\/v2\/users\/7"}],"replies":[{"embeddable":true,"href":"https:\/\/mufasatoursandtravels.com\/fr\/wp-json\/wp\/v2\/comments?post=28160"}],"version-history":[{"count":10,"href":"https:\/\/mufasatoursandtravels.com\/fr\/wp-json\/wp\/v2\/pages\/28160\/revisions"}],"predecessor-version":[{"id":46593,"href":"https:\/\/mufasatoursandtravels.com\/fr\/wp-json\/wp\/v2\/pages\/28160\/revisions\/46593"}],"wp:attachment":[{"href":"https:\/\/mufasatoursandtravels.com\/fr\/wp-json\/wp\/v2\/media?parent=28160"}],"curies":[{"name":"wp","href":"https:\/\/api.w.org\/{rel}","templated":true}]}}