{"id":28719,"date":"2025-02-28T10:29:42","date_gmt":"2025-02-28T07:29:42","guid":{"rendered":"https:\/\/mufasatoursandtravels.com\/safaris-en-afrique-de-lest\/"},"modified":"2025-03-03T11:20:45","modified_gmt":"2025-03-03T08:20:45","slug":"safaris-en-afrique-de-lest","status":"publish","type":"page","link":"https:\/\/mufasatoursandtravels.com\/fr\/safaris-en-afrique-de-lest\/","title":{"rendered":"Safaris en Afrique de l\u2019Est"},"content":{"rendered":"[vc_row full_width=\u00a0\u00bbstretch_row_content\u00a0\u00bb parallax=\u00a0\u00bbcontent-moving\u00a0\u00bb css=\u00a0\u00bb.vc_custom_1740727887757{margin-top: -50px !important;background: rgba(0,0,0,0.89) url(https:\/\/mufasatoursandtravels.com\/wp-content\/uploads\/2025\/02\/East-africa-safari-banner-scaled.jpg?id=28697);*background-color:gb(0,0,0) !important;}\u00a0\u00bb][vc_column css=\u00a0\u00bb.vc_custom_1687869367906{padding-top: 30px !important;padding-right: 50px !important;padding-bottom: 30px !important;padding-left: 50px !important;background-color: rgba(0,0,0,0.57) !important;*background-color: rgb(0,0,0) !important;}\u00a0\u00bb][vc_empty_space height=\u00a0\u00bb70px\u00a0\u00bb][vc_custom_heading text=\u00a0\u00bbSafaris en Afrique de l\u2019Est\u00a0\u00bb font_container=\u00a0\u00bbtag:h1|font_size:35|text_align:center|color:%23ffffff\u00a0\u00bb use_theme_fonts=\u00a0\u00bbyes\u00a0\u00bb el_class=\u00a0\u00bbcustom-opacity-text\u00a0\u00bb css=\u00a0\u00bb.vc_custom_1740722970676{margin-top: 30px !important;}\u00a0\u00bb][vc_separator el_width=\u00a0\u00bb40&Prime;][vc_empty_space height=\u00a0\u00bb70px\u00a0\u00bb][\/vc_column][\/vc_row][vc_row][vc_column][vc_empty_space][vc_column_text]\n<p style=\"text-align: center;\">Partons \u00e0 l\u2019aventure \u00e0 travers certains des paysages les plus \u00e9poustouflants et des habitats fauniques les plus diversifi\u00e9s du monde. Le Kenya, la Tanzanie, l\u2019Ouganda et le Rwanda offrent un m\u00e9lange unique de cultures, d\u2019histoire et de beaut\u00e9 naturelle, ce qui en fait des destinations id\u00e9ales pour les voyageurs \u00e0 la recherche d\u2019une exp\u00e9rience africaine authentique. <\/p>\n[\/vc_column_text][\/vc_column][\/vc_row][vc_row][vc_column][vc_empty_space][\/vc_column][\/vc_row][vc_row][vc_column width=\u00a0\u00bb1\/3&Prime;]<div class=\"cq-hovercard cq-rotateY card-image cq-hovercard-hideicon\" data-contentcolor=\"\" data-iconcolor=\"\" data-bgheight=\"240\" data-captionoffset=\"\" data-videowidth=\"640\" data-linktype=\"\" data-bgtype=\"image\" data-lightboxmargin=\"\"><img decoding=\"async\" src=\"https:\/\/mufasatoursandtravels.com\/wp-content\/uploads\/2022\/03\/wildebeest-migration-3995945_1920.jpg\" class=\"cq-hovercard-background\" alt=\"\" \/><div class=\"cq-hovercard-textcontainer\"><div class=\"cq-hovercard-title\">Kenya - Tanzanie<\/div><div class=\"cq-hovercard-content\">6+ Days<\/div><i class=\"cq-hovercard-icon fas fa-paw\"><\/i><\/div><\/div>[\/vc_column][vc_column width=\u00a0\u00bb1\/3&Prime;]<div class=\"cq-hovercard cq-rotateY card-image cq-hovercard-hideicon\" data-contentcolor=\"\" data-iconcolor=\"\" data-bgheight=\"240\" data-captionoffset=\"\" data-videowidth=\"640\" data-linktype=\"\" data-bgtype=\"image\" data-lightboxmargin=\"\"><img decoding=\"async\" src=\"https:\/\/mufasatoursandtravels.com\/wp-content\/uploads\/2023\/02\/gorilla-trekking-and-chimpanzee-safaris.jpg\" class=\"cq-hovercard-background\" alt=\"Gorilla Trekking and Chimpanzee Safaris\" \/><div class=\"cq-hovercard-textcontainer\"><div class=\"cq-hovercard-title\">Kenya - Ouganda<\/div><div class=\"cq-hovercard-content\">6+ Days<\/div><i class=\"cq-hovercard-icon fas fa-paw\"><\/i><\/div><\/div>[\/vc_column][vc_column width=\u00a0\u00bb1\/3&Prime;]<div class=\"cq-hovercard cq-rotateY card-image cq-hovercard-hideicon\" data-contentcolor=\"\" data-iconcolor=\"\" data-bgheight=\"240\" data-captionoffset=\"\" data-videowidth=\"640\" data-linktype=\"\" data-bgtype=\"image\" data-lightboxmargin=\"\"><img decoding=\"async\" src=\"https:\/\/mufasatoursandtravels.com\/wp-content\/uploads\/2023\/06\/herd_of_elephants-scaled.jpg\" class=\"cq-hovercard-background\" alt=\"\" \/><div class=\"cq-hovercard-textcontainer\"><div class=\"cq-hovercard-title\">Kenya - Tanzanie - Ouganda<\/div><div class=\"cq-hovercard-content\">6+ Days<\/div><i class=\"cq-hovercard-icon fas fa-paw\"><\/i><\/div><\/div>[\/vc_column][\/vc_row][vc_row][vc_column][vc_empty_space][\/vc_column][\/vc_row][vc_row][vc_column width=\u00a0\u00bb1\/3&Prime;]<div class=\"cq-hovercard cq-rotateY card-image cq-hovercard-hideicon\" data-contentcolor=\"\" data-iconcolor=\"\" data-bgheight=\"240\" data-captionoffset=\"\" data-videowidth=\"640\" data-linktype=\"\" data-bgtype=\"image\" data-lightboxmargin=\"\"><img decoding=\"async\" src=\"https:\/\/mufasatoursandtravels.com\/wp-content\/uploads\/2022\/02\/Etopi-rwanda.jpg\" class=\"cq-hovercard-background\" alt=\"\" \/><div class=\"cq-hovercard-textcontainer\"><div class=\"cq-hovercard-title\">Kenya - Tanzanie - Rwanda<\/div><div class=\"cq-hovercard-content\">6+ Days<\/div><i class=\"cq-hovercard-icon fas fa-paw\"><\/i><\/div><\/div>[\/vc_column][vc_column width=\u00a0\u00bb1\/3&Prime;]<div class=\"cq-hovercard cq-rotateY card-image cq-hovercard-hideicon\" data-contentcolor=\"\" data-iconcolor=\"\" data-bgheight=\"240\" data-captionoffset=\"\" data-videowidth=\"640\" data-linktype=\"\" data-bgtype=\"image\" data-lightboxmargin=\"\"><img decoding=\"async\" src=\"https:\/\/mufasatoursandtravels.com\/wp-content\/uploads\/2025\/02\/giraffe-1-scaled.jpg\" class=\"cq-hovercard-background\" alt=\"\" \/><div class=\"cq-hovercard-textcontainer\"><div class=\"cq-hovercard-title\">Kenya - Tanzanie - Ouganda - Rwanda<\/div><div class=\"cq-hovercard-content\">6+ Days<\/div><i class=\"cq-hovercard-icon fas fa-paw\"><\/i><\/div><\/div>[\/vc_column][vc_column width=\u00a0\u00bb1\/3&Prime;][\/vc_column][\/vc_row]\n","protected":false},"excerpt":{"rendered":"<p>[vc_row full_width=\u00a0\u00bbstretch_row_content\u00a0\u00bb parallax=\u00a0\u00bbcontent-moving\u00a0\u00bb css=\u00a0\u00bb.vc_custom_1740727887757{margin-top: -50px !important;background: rgba(0,0,0,0.89) url(https:\/\/mufasatoursandtravels.com\/wp-content\/uploads\/2025\/02\/East-africa-safari-banner-scaled.jpg?id=28697);*background-color:gb(0,0,0) !important;}\u00a0\u00bb][vc_column css=\u00a0\u00bb.vc_custom_1687869367906{padding-top: 30px !important;padding-right: 50px !important;padding-bottom: 30px !important;padding-left: 50px !important;background-color: rgba(0,0,0,0.57) !important;*background-color: rgb(0,0,0) !important;}\u00a0\u00bb][vc_empty_space height=\u00a0\u00bb70px\u00a0\u00bb][vc_custom_heading text=\u00a0\u00bbSafaris en Afrique de l\u2019Est\u00a0\u00bb font_container=\u00a0\u00bbtag:h1|font_size:35|text_align:center|color:%23ffffff\u00a0\u00bb use_theme_fonts=\u00a0\u00bbyes\u00a0\u00bb el_class=\u00a0\u00bbcustom-opacity-text\u00a0\u00bb css=\u00a0\u00bb.vc_custom_1740722970676{margin-top: 30px !important;}\u00a0\u00bb][vc_separator el_width=\u00a0\u00bb40&Prime;][vc_empty_space height=\u00a0\u00bb70px\u00a0\u00bb][\/vc_column][\/vc_row][vc_row][vc_column][vc_empty_space][vc_column_text] Partons \u00e0 l\u2019aventure \u00e0 travers certains des paysages les plus \u00e9poustouflants et des habitats fauniques les plus diversifi\u00e9s du [&hellip;]<\/p>\n","protected":false},"author":2,"featured_media":0,"parent":0,"menu_order":31,"comment_status":"closed","ping_status":"closed","template":"","meta":{"_themeisle_gutenberg_block_has_review":false,"footnotes":""},"class_list":["post-28719","page","type-page","status-publish","hentry"],"_links":{"self":[{"href":"https:\/\/mufasatoursandtravels.com\/fr\/wp-json\/wp\/v2\/pages\/28719","targetHints":{"allow":["GET"]}}],"collection":[{"href":"https:\/\/mufasatoursandtravels.com\/fr\/wp-json\/wp\/v2\/pages"}],"about":[{"href":"https:\/\/mufasatoursandtravels.com\/fr\/wp-json\/wp\/v2\/types\/page"}],"author":[{"embeddable":true,"href":"https:\/\/mufasatoursandtravels.com\/fr\/wp-json\/wp\/v2\/users\/2"}],"replies":[{"embeddable":true,"href":"https:\/\/mufasatoursandtravels.com\/fr\/wp-json\/wp\/v2\/comments?post=28719"}],"version-history":[{"count":1,"href":"https:\/\/mufasatoursandtravels.com\/fr\/wp-json\/wp\/v2\/pages\/28719\/revisions"}],"predecessor-version":[{"id":28720,"href":"https:\/\/mufasatoursandtravels.com\/fr\/wp-json\/wp\/v2\/pages\/28719\/revisions\/28720"}],"wp:attachment":[{"href":"https:\/\/mufasatoursandtravels.com\/fr\/wp-json\/wp\/v2\/media?parent=28719"}],"curies":[{"name":"wp","href":"https:\/\/api.w.org\/{rel}","templated":true}]}}