{"id":30490,"date":"2021-06-01T12:13:21","date_gmt":"2021-06-01T09:13:21","guid":{"rendered":"https:\/\/mufasatoursandtravels.com\/politique-de-confidentialite\/"},"modified":"2021-06-01T12:13:21","modified_gmt":"2021-06-01T09:13:21","slug":"politique-de-confidentialite","status":"publish","type":"page","link":"https:\/\/mufasatoursandtravels.com\/fr\/politique-de-confidentialite\/","title":{"rendered":"Politique de confidentialit\u00e9"},"content":{"rendered":"<h2 style=\"text-align: center;\"><strong>Politique de confidentialit\u00e9<\/strong><\/h2>\n<h3><strong>Analytique<\/strong><\/h3>\n<p>Ce site Web recueille des donn\u00e9es personnelles pour alimenter l\u2019analyse de notre site, notamment :<\/p>\n<ul>\n<li>Informations sur votre navigateur, votre r\u00e9seau et votre appareil<\/li>\n<li>Pages Web que vous avez visit\u00e9es avant de venir sur ce site Web<\/li>\n<li>Votre adresse IP<\/li>\n<\/ul>\n<p>Ces informations peuvent \u00e9galement inclure des d\u00e9tails sur votre utilisation de ce site Web, notamment :<\/p>\n<ul>\n<li>Clics<\/li>\n<li>Liens internes<\/li>\n<li>Pages visit\u00e9es<\/li>\n<li>D\u00e9filement<\/li>\n<li>Recherches<\/li>\n<li>Timestamps<\/li>\n<\/ul>\n<p><em>Nous partageons ces informations avec notre fournisseur d\u2019analyse de site Web pour en savoir plus sur le trafic et l\u2019activit\u00e9 du site.<\/em><\/p>\n<h3><strong>Cookies  <\/strong><\/h3>\n<p>Ce site Web utilise des cookies et des technologies similaires, qui sont de petits fichiers ou des morceaux de texte qui sont t\u00e9l\u00e9charg\u00e9s sur un appareil lorsqu\u2019un visiteur acc\u00e8de \u00e0 un site Web ou \u00e0 une application.<\/p>\n<ul>\n<li>Ces cookies fonctionnels et obligatoires sont toujours utilis\u00e9s, ce qui permet \u00e0 notre plateforme d\u2019h\u00e9bergement, de vous servir ce site Web en toute s\u00e9curit\u00e9.<\/li>\n<li>Ces cookies d\u2019analyse et de performance ne sont utilis\u00e9s sur ce site Web, comme d\u00e9crit ci-dessous, que lorsque vous acceptez notre banni\u00e8re de cookies. Ce site Web utilise des cookies d\u2019analyse et de performance pour afficher le trafic du site, l\u2019activit\u00e9 et d\u2019autres donn\u00e9es. <\/li>\n<\/ul>\n<h3><strong>Donn\u00e9es des visiteurs<\/strong><\/h3>\n<p>Pour les clients<\/p>\n<p>Lorsque vous achetez quelque chose sur ce site Web, nous recueillons des informations personnelles aupr\u00e8s de vous pour ex\u00e9cuter la commande. Nous pouvons collecter des informations telles que : <\/p>\n<ul>\n<li>Adresse de facturation et de livraison<\/li>\n<li>Les d\u00e9tails relatifs \u00e0 votre achat (par exemple, votre taille de chemise)<\/li>\n<li>Adresse courriel<\/li>\n<li>Nom<\/li>\n<li>Num\u00e9ro de t\u00e9l\u00e9phone<\/li>\n<\/ul>\n<p>Nous partageons ces informations avec notre fournisseur d\u2019h\u00e9bergement de boutique en ligne, afin qu\u2019il puisse nous fournir des services de site Web.<\/p>\n<p>Au fur et \u00e0 mesure que vous passez \u00e0 la caisse, ce site peut compl\u00e9ter automatiquement votre adresse de livraison et de facturation en partageant ce que vous saisissez avec l\u2019API Google Places et en vous renvoyant des suggestions pour am\u00e9liorer votre exp\u00e9rience de paiement.<\/p>\n<h4><strong>Pour les soumissions de blocs de formulaire<\/strong><\/h4>\n<p>Lorsque vous soumettez des informations sur ce site Web via le formulaire Web, nous recueillons les donn\u00e9es demand\u00e9es dans le formulaire Web afin de suivre et de r\u00e9pondre \u00e0 vos soumissions. Nous partageons ces informations avec notre fournisseur d\u2019h\u00e9bergement de boutique en ligne, afin qu\u2019il puisse nous fournir des services de site Web. <\/p>\n<h4><strong>Pour les abonn\u00e9s de l\u2019espace membre<\/strong><\/h4>\n<p>Lorsque vous vous abonnez et achetez une adh\u00e9sion sur ce site Web, nous recueillons des informations personnelles vous concernant pour permettre l\u2019acc\u00e8s \u00e0 vos espaces membres. Nous pouvons collecter des informations telles que : <\/p>\n<ul>\n<li>Adresse de facturation et de livraison<\/li>\n<li>D\u00e9tails relatifs \u00e0 votre abonnement<\/li>\n<li>Adresse courriel<\/li>\n<li>Nom<\/li>\n<li>Num\u00e9ro de t\u00e9l\u00e9phone<\/li>\n<\/ul>\n<p>Nous partageons ces informations avec notre fournisseur d\u2019h\u00e9bergement de site Web afin qu\u2019il puisse nous fournir des services d\u2019h\u00e9bergement exclusifs pour l\u2019espace membre.<\/p>\n<p>Au fur et \u00e0 mesure que vous passez \u00e0 la caisse, ce site peut compl\u00e9ter automatiquement votre adresse de livraison et de facturation en partageant ce que vous saisissez avec l\u2019API Google Places et en vous renvoyant des suggestions pour am\u00e9liorer votre exp\u00e9rience de paiement.<\/p>\n<h3><strong>Pour les visiteurs du site web<\/strong><\/h3>\n<p>Ce site Web recueille des donn\u00e9es personnelles lorsque vous visitez ce site Web, notamment :<\/p>\n<ul>\n<li>Informations sur votre navigateur, votre r\u00e9seau et votre appareil<\/li>\n<li>Pages Web que vous avez visit\u00e9es avant de venir sur ce site Web<\/li>\n<li>Pages Web que vous consultez sur ce site Web<\/li>\n<li>Votre adresse IP<\/li>\n<\/ul>\n<p>WordPress a besoin des donn\u00e9es pour faire fonctionner ce site Web, ainsi que pour prot\u00e9ger et am\u00e9liorer sa plate-forme et ses services. WordPress analyse les donn\u00e9es sous une forme d\u00e9personnalis\u00e9e. <\/p>\n<h3><strong>Comptes clients<\/strong><\/h3>\n<p>Si vous cr\u00e9ez un compte client sur ce site Web, nous recueillons des informations personnelles afin d\u2019am\u00e9liorer notre exp\u00e9rience de paiement et notre service client.<\/p>\n<p>Ces informations peuvent inclure :<\/p>\n<ul>\n<li>Adresse(s) de facturation et d\u2019exp\u00e9dition<\/li>\n<li>D\u00e9tails de vos commandes (par exemple, votre taille de chemise)<\/li>\n<li>Adresse courriel<\/li>\n<li>Nom<\/li>\n<li>Num\u00e9ro de t\u00e9l\u00e9phone<\/li>\n<\/ul>\n<p>Nous partageons ces informations avec notre fournisseur d\u2019h\u00e9bergement de sites Web, afin qu\u2019il puisse nous fournir des services de site Web.<\/p>\n<h3><strong>Courriels<\/strong><\/h3>\n<h4><strong>E-mails de panier abandonn\u00e9<\/strong><\/h4>\n<p>Vous recevrez un e-mail automatique dans les 24 heures suivant l\u2019abandon de votre panier, si toutes les situations suivantes se produisent :<\/p>\n<ol>\n<li>Vous entrez votre adresse e-mail lors du paiement ou \u00eates connect\u00e9 \u00e0 votre compte client.<\/li>\n<li>Vous ajoutez un produit qui est en stock \u00e0 votre panier.<\/li>\n<li>Vous fermez votre navigateur ou quittez ce site Web sans finaliser votre achat.<\/li>\n<\/ol>\n<p>Vous pouvez vous d\u00e9sabonner de ces messages au bas de l\u2019e-mail.<\/p>\n<p>L\u2019e-mail renverra \u00e0 ce site Web, o\u00f9 vous pourrez reprendre l\u00e0 o\u00f9 vous vous \u00e9tiez arr\u00eat\u00e9 et finaliser votre achat.<\/p>\n<h4><strong>E-mails marketing<\/strong><\/h4>\n<p>Nous pouvons vous envoyer des e-mails marketing, dont vous pouvez vous d\u00e9sabonner en cliquant sur le lien au bas de l\u2019e-mail. Nous partageons vos coordonn\u00e9es avec notre fournisseur de marketing par e-mail, afin qu\u2019il puisse envoyer ces e-mails en notre nom. <\/p>\n<h3><strong>Polices<\/strong><\/h3>\n<p>Ce site Web utilise des fichiers de polices de Google Fonts et d\u2019Adobe Fonts. Pour vous pr\u00e9senter correctement ce site, les serveurs sur lesquels les fichiers de polices sont stock\u00e9s peuvent recevoir des informations personnelles vous concernant, notamment : <\/p>\n<ul>\n<li>Informations sur votre navigateur, votre r\u00e9seau ou votre appareil<\/li>\n<li>Votre adresse IP<\/li>\n<\/ul>\n<h3><strong>Planification<\/strong><\/h3>\n<p>Lorsque vous prenez rendez-vous en r\u00e9servant sur ce site Web, nous recueillons des informations personnelles vous concernant pour finaliser la r\u00e9servation. Nous pouvons collecter des informations telles que : <\/p>\n<ul>\n<li>Nom<\/li>\n<li>Adresse courriel<\/li>\n<li>Num\u00e9ro de t\u00e9l\u00e9phone<\/li>\n<li>D\u00e9tails relatifs \u00e0 votre rendez-vous (par exemple, qui vous a recommand\u00e9)<\/li>\n<li>Fichiers que vous avez t\u00e9l\u00e9charg\u00e9s<\/li>\n<\/ul>\n<p>Nous partageons ces informations avec notre fournisseur de services de planification, afin qu\u2019il puisse nous fournir des services de r\u00e9servation en ligne.<\/p>\n<p>&nbsp;<\/p>\n","protected":false},"excerpt":{"rendered":"<p>Politique de confidentialit\u00e9 Analytique Ce site Web recueille des donn\u00e9es personnelles pour alimenter l\u2019analyse de notre site, notamment : Informations sur votre navigateur, votre r\u00e9seau et votre appareil Pages Web que vous avez visit\u00e9es avant de venir sur ce site Web Votre adresse IP Ces informations peuvent \u00e9galement inclure des d\u00e9tails sur votre utilisation de [&hellip;]<\/p>\n","protected":false},"author":1,"featured_media":0,"parent":0,"menu_order":49,"comment_status":"closed","ping_status":"closed","template":"","meta":{"_themeisle_gutenberg_block_has_review":false,"footnotes":""},"class_list":["post-30490","page","type-page","status-publish","hentry"],"_links":{"self":[{"href":"https:\/\/mufasatoursandtravels.com\/fr\/wp-json\/wp\/v2\/pages\/30490","targetHints":{"allow":["GET"]}}],"collection":[{"href":"https:\/\/mufasatoursandtravels.com\/fr\/wp-json\/wp\/v2\/pages"}],"about":[{"href":"https:\/\/mufasatoursandtravels.com\/fr\/wp-json\/wp\/v2\/types\/page"}],"author":[{"embeddable":true,"href":"https:\/\/mufasatoursandtravels.com\/fr\/wp-json\/wp\/v2\/users\/1"}],"replies":[{"embeddable":true,"href":"https:\/\/mufasatoursandtravels.com\/fr\/wp-json\/wp\/v2\/comments?post=30490"}],"version-history":[{"count":0,"href":"https:\/\/mufasatoursandtravels.com\/fr\/wp-json\/wp\/v2\/pages\/30490\/revisions"}],"wp:attachment":[{"href":"https:\/\/mufasatoursandtravels.com\/fr\/wp-json\/wp\/v2\/media?parent=30490"}],"curies":[{"name":"wp","href":"https:\/\/api.w.org\/{rel}","templated":true}]}}