{"id":30767,"date":"2022-03-08T10:13:19","date_gmt":"2022-03-08T07:13:19","guid":{"rendered":"https:\/\/mufasatoursandtravels.com\/au-dela-de-lexperience-safari\/"},"modified":"2025-04-08T12:08:38","modified_gmt":"2025-04-08T09:08:38","slug":"au-dela-de-lexperience-safari","status":"publish","type":"page","link":"https:\/\/mufasatoursandtravels.com\/fr\/safaris-au-kenya-en-tanzanie-et-a-zanzibar\/au-dela-de-lexperience-safari\/","title":{"rendered":"Au-del\u00e0 de l\u2019exp\u00e9rience Safari"},"content":{"rendered":"[vc_row full_width=\u00a0\u00bbstretch_row\u00a0\u00bb gap=\u00a0\u00bb1&Prime;][vc_column parallax=\u00a0\u00bbcontent-moving\u00a0\u00bb parallax_image=\u00a0\u00bb11236&Prime; css=\u00a0\u00bb.vc_custom_1687332266989{padding: 80px !important;}\u00a0\u00bb][vc_custom_heading text=\u00a0\u00bbAU-DEL\u00c0 DU SAFARI\u00a0\u00bb font_container=\u00a0\u00bbtag:h1|font_size:32|text_align:center|color:%23ffffff\u00a0\u00bb google_fonts=\u00a0\u00bbfont_family:Roboto%3A100%2C100italic%2C300%2C300italic%2Cregular%2Citalic%2C500%2C500italic%2C700%2C700italic%2C900%2C900italic|font_style:400%20regular%3A400%3Anormal\u00a0\u00bb][vc_separator color=\u00a0\u00bbcustom\u00a0\u00bb border_width=\u00a0\u00bb2&Prime; el_width=\u00a0\u00bb80&Prime; accent_color=\u00a0\u00bb#f8f8f8&Prime;][vc_custom_heading text=\u00a0\u00bbNairobi \u21fe Amboseli \u21fe Masa\u00ef Mara \u21fe Serengeti \u21fe Ngorongoro \u21fe Arusha\u00a0\u00bb font_container=\u00a0\u00bbtag:h2|font_size:18|text_align:center|color:%23ffffff\u00a0\u00bb google_fonts=\u00a0\u00bbfont_family:Roboto%3A100%2C100italic%2C300%2C300italic%2Cregular%2Citalic%2C500%2C500italic%2C700%2C700italic%2C900%2C900italic|font_style:400%20regular%3A400%3Anormal\u00a0\u00bb][\/vc_column][\/vc_row][vc_row][vc_column css=\u00a0\u00bb.vc_custom_1678178311862{border-top-width: 10px !important;border-right-width: 10px !important;border-bottom-width: 10px !important;border-left-width: 10px !important;}\u00a0\u00bb][vc_tta_tabs shape=\u00a0\u00bbsquare\u00a0\u00bb color=\u00a0\u00bbjuicy-pink\u00a0\u00bb alignment=\u00a0\u00bbcenter\u00a0\u00bb active_section=\u00a0\u00bb1&Prime; no_fill_content_area=\u00a0\u00bbtrue\u00a0\u00bb][vc_tta_section title=\u00a0\u00bbProgramme\u00a0\u00bb tab_id=\u00a0\u00bb1633454673222-3d94f956-010c\u00a0\u00bb][info_list_father listclr=\u00a0\u00bb#f8f8f8&Prime;][info_list_son style=\u00a0\u00bbicon\u00a0\u00bb size=\u00a0\u00bb15&Prime; width=\u00a0\u00bb20&Prime; height=\u00a0\u00bb20&Prime; titleclr=\u00a0\u00bb#811a18&Prime; title=\u00a0\u00bbJOUR 1 : NAIROBI VOL VERS AMBOSELI\u00a0\u00bb icon=\u00a0\u00bbfas fa-hiking\u00a0\u00bb iconclr=\u00a0\u00bb#811a18&Prime; lineheight=\u00a0\u00bb2&Prime; iconbg=\u00a0\u00bb#f8f8f8&Prime; borderclr=\u00a0\u00bb#f8f8f8&Prime;]\n<ul>\n<li>Prise en charge \u00e0 l\u2019h\u00f4tel \u00e0 Nairobi \u00e0 6h00 par notre repr\u00e9sentant de la soci\u00e9t\u00e9 et transfert \u00e0 l\u2019a\u00e9roport Wilson.<\/li>\n<li>Enregistrement et attente de l\u2019embarquement pour le parc national d\u2019Amboseli \u00e0 7h30 pour arriver \u00e0 8h30.<\/li>\n<li>\u00c0 votre arriv\u00e9e \u00e0 Amboseli, vous serez accueilli par notre chauffeur-guide sur la piste d\u2019atterrissage et transf\u00e9r\u00e9 \u00e0 votre camp ou lodge respectif avec des safaris en route dans le parc national d\u2019Amboseli.<\/li>\n<li>Arriv\u00e9e pour le d\u00e9jeuner et l\u2019enregistrement au camp ou au lodge et d\u00e9tente.<\/li>\n<li>Ensuite, dans la soir\u00e9e, partez pour un safari nocturne dans le parc national d\u2019Amboseli jusqu\u2019au coucher du soleil africain.<\/li>\n<li>Retour au lodge pour le d\u00eener et la nuit.<\/li>\n<\/ul>\n[\/info_list_son][info_list_son style=\u00a0\u00bbicon\u00a0\u00bb size=\u00a0\u00bb15&Prime; width=\u00a0\u00bb20&Prime; height=\u00a0\u00bb20&Prime; titleclr=\u00a0\u00bb#811a18&Prime; icon=\u00a0\u00bbfas fa-hiking\u00a0\u00bb iconclr=\u00a0\u00bb#811a18&Prime; title=\u00a0\u00bbJOUR 2 : SAFARIS \u00c0 AMBOSELI\u00a0\u00bb lineheight=\u00a0\u00bb2&Prime; iconbg=\u00a0\u00bb#f8f8f8&Prime; borderclr=\u00a0\u00bb#f8f8f8&Prime;]\n<ul>\n<li data-shorten=\"300\">Petit-d\u00e9jeuner matinal au camp ou au lodge.<\/li>\n<li>Apr\u00e8s le petit-d\u00e9jeuner, partez pour une journ\u00e9e compl\u00e8te de safari dans le parc o\u00f9 les clients partiront avec un pique-et auront l\u2019occasion de voir diverses plaines d\u2019herbe ouvertes avec le c\u00e9l\u00e8bre mont Kilimandjaro en arri\u00e8re-plan, qui est la plus haute montagne d\u2019Afrique avec ses magnifiques sommets enneig\u00e9s et, la brousse d\u2019acacia \u00e9parpill\u00e9e accueille une grande vari\u00e9t\u00e9 d\u2019animaux sauvages, y compris les lions,  L\u00e9opards, gu\u00e9pards, hy\u00e8nes, buffles, girafes et une avifaune diversifi\u00e9e avec plus de 400 esp\u00e8ces avec le toit de la voiture ouvert pour de superbes vues et la photographie.<\/li>\n<li data-shorten=\"300\">Retour au camp ou au lodge pour le d\u00eener et la nuit.<\/li>\n<\/ul>\n[\/info_list_son][info_list_son style=\u00a0\u00bbicon\u00a0\u00bb size=\u00a0\u00bb15&Prime; width=\u00a0\u00bb20&Prime; height=\u00a0\u00bb20&Prime; titleclr=\u00a0\u00bb#811a18&Prime; icon=\u00a0\u00bbfas fa-hiking\u00a0\u00bb iconclr=\u00a0\u00bb#811a18&Prime; title=\u00a0\u00bbJOUR 3 : VOL D\u2019AMBOSELI VERS LE MASAI MARA\u00a0\u00bb lineheight=\u00a0\u00bb2&Prime; iconbg=\u00a0\u00bb#f8f8f8&Prime; borderclr=\u00a0\u00bb#f8f8f8&Prime;]\n<ul>\n<li data-shorten=\"300\">Petit-d\u00e9jeuner matinal au lodge ou au camp.<\/li>\n<li data-shorten=\"300\">Partez et conduisez jusqu\u2019\u00e0 la piste d\u2019atterrissage avec des safaris en route pour prendre le vol de retour \u00e0 Nairobi \u00e0 8h30 arrivant \u00e0 Nairobi \u00e0 9h30.<\/li>\n<li data-shorten=\"300\">\u00c0 l\u2019arriv\u00e9e \u00e0 l\u2019a\u00e9roport Wilson, embarquez sur le prochain vol \u00e0 10h00 pour Masai Mara.<\/li>\n<li>\u00c0 votre arriv\u00e9e au Masai Mara, vous serez accueilli par notre chauffeur-guide sur la piste d\u2019atterrissage et transf\u00e9r\u00e9 \u00e0 votre camp ou lodge respectif avec des safaris en route dans la r\u00e9serve nationale du Masai Mara.<\/li>\n<li>Arriv\u00e9e pour le d\u00e9jeuner et l\u2019enregistrement au camp ou au lodge et d\u00e9tente.<\/li>\n<li>Ensuite, dans la soir\u00e9e, partez pour un safari nocturne dans la r\u00e9serve nationale du Masai Mara jusqu\u2019au coucher du soleil africain.<\/li>\n<li>Retour au lodge pour le d\u00eener et la nuit.<\/li>\n<\/ul>\n[\/info_list_son][info_list_son style=\u00a0\u00bbicon\u00a0\u00bb size=\u00a0\u00bb15&Prime; width=\u00a0\u00bb20&Prime; height=\u00a0\u00bb20&Prime; titleclr=\u00a0\u00bb#811a18&Prime; icon=\u00a0\u00bbfas fa-hiking\u00a0\u00bb iconclr=\u00a0\u00bb#811a18&Prime; title=\u00a0\u00bbJOURS 4 ET 5 : SAFARIS AU MASAI MARA\u00a0\u00bb lineheight=\u00a0\u00bb2&Prime; iconbg=\u00a0\u00bb#f8f8f8&Prime; borderclr=\u00a0\u00bb#f8f8f8&Prime;]\n<ul>\n<li data-shorten=\"300\">Petit-d\u00e9jeuner matinal au camp ou au lodge.<\/li>\n<li data-shorten=\"300\">Apr\u00e8s le petit-d\u00e9jeuner, t\u00f4t le matin, les clients partiront pour une journ\u00e9e compl\u00e8te dans la <a href=\"https:\/\/www.safaribookings.com\/masai-mara\" rel=\"nofollow noopener\" target=\"_blank\">r\u00e9serve nationale du Masai Mara<\/a> \u00e0 la recherche <a href=\"https:\/\/www.nationalgeographic.com\/animals\/article\/africa-big-five-safaris-lions\" rel=\"nofollow noopener\" target=\"_blank\">des cinq grands d\u2019Afrique<\/a> sous le toit ouvert d\u2019un v\u00e9hicule de tourisme avec un panier-repas qui sera servi comme pique-dans la savane sauvage. Les <a href=\"https:\/\/www.nationalgeographic.com\/animals\/article\/africa-big-five-safaris-lions\" rel=\"nofollow noopener\" target=\"_blank\">Big Five d\u2019Afrique sont l\u2019\u00e9l\u00e9phant<\/a> d\u2019Afrique, le lion, le rhinoc\u00e9ros, le buffle et le l\u00e9opard et une vari\u00e9t\u00e9 d\u2019esp\u00e8ces d\u2019oiseaux de plus de 200 esp\u00e8ces et herbivores tels que les z\u00e8bres, les gnous en grand nombre en route vers la <a href=\"https:\/\/en.wikipedia.org\/wiki\/Mara_River\" rel=\"nofollow noopener\" target=\"_blank\">Grande Rivi\u00e8re Mara<\/a> o\u00f9 la 8\u00e8me merveille du monde se produit chaque ann\u00e9e de juillet \u00e0 ao\u00fbt appel\u00e9e <a href=\"https:\/\/www.masaimara.com\/great-migration-kenya.php#:~:text=Each%20year%2C%20over%20two%20million,an%20iconic%20safari%20must%2Dsee.\" rel=\"nofollow noopener\" target=\"_blank\">La Grande Migration des Gnous<\/a>. Vous observerez cette faune \u00e9tonnante lors de la journ\u00e9e compl\u00e8te de safari depuis le toit ouvert du v\u00e9hicule pour de superbes vues et des photos jusqu\u2019\u00e0 tard dans l\u2019apr\u00e8s-midi.  <\/li>\n<li data-shorten=\"300\">Retour au lodge pour le d\u00eener et la nuit au camp ou au lodge.<\/li>\n<\/ul>\n[\/info_list_son][info_list_son style=\u00a0\u00bbicon\u00a0\u00bb size=\u00a0\u00bb15&Prime; width=\u00a0\u00bb20&Prime; height=\u00a0\u00bb20&Prime; titleclr=\u00a0\u00bb#811a18&Prime; icon=\u00a0\u00bbfas fa-hiking\u00a0\u00bb iconclr=\u00a0\u00bb#811a18&Prime; title=\u00a0\u00bbJOUR 6 : VOL DU MASAI MARA VERS LE SERENGETI\u00a0\u00bb lineheight=\u00a0\u00bb2&Prime; iconbg=\u00a0\u00bb#f8f8f8&Prime; borderclr=\u00a0\u00bb#f8f8f8&Prime;]\n<ul>\n<li>Petit-d\u00e9jeuner matinal au camp ou au lodge.<\/li>\n<li>Quittez le lodge et dirigez-vous vers la piste d\u2019atterrissage du Masai Mara avec des safaris en route.<\/li>\n<li>Enregistrez-vous pour votre vol vers Serengeti.<\/li>\n<li>\u00c0 votre arriv\u00e9e \u00e0 la piste d\u2019atterrissage du Serengeti, notre autre guide du parc du Serengeti viendra vous chercher et vous transf\u00e9rera au camp pour le d\u00e9jeuner et la d\u00e9tente.<\/li>\n<li>D\u00e9tente et repos une partie de l\u2019apr\u00e8s-midi.<\/li>\n<li>Safaris en soir\u00e9e jusqu\u2019au coucher du soleil.<\/li>\n<li>D\u00eener et nuit au lodge ou au camp.<\/li>\n<\/ul>\n[\/info_list_son][info_list_son style=\u00a0\u00bbicon\u00a0\u00bb size=\u00a0\u00bb15&Prime; width=\u00a0\u00bb20&Prime; height=\u00a0\u00bb20&Prime; titleclr=\u00a0\u00bb#811a18&Prime; icon=\u00a0\u00bbfas fa-hiking\u00a0\u00bb iconclr=\u00a0\u00bb#811a18&Prime; title=\u00a0\u00bbJOUR 7 : SAFARIS DANS LE SERENGETI\u00a0\u00bb lineheight=\u00a0\u00bb2&Prime; iconbg=\u00a0\u00bb#f8f8f8&Prime; borderclr=\u00a0\u00bb#f8f8f8&Prime;]\n<ul>\n<li>Une journ\u00e9e compl\u00e8te d\u2019observation du gibier pendant que nous explorons cette vaste r\u00e9serve faunique dot\u00e9e de la nature.<\/li>\n<li>Des options de s\u00e9ances d\u2019observation du gibier le matin et l\u2019apr\u00e8s-midi ou d\u2019une journ\u00e9e compl\u00e8te s\u2019offrent \u00e0 vous.<\/li>\n<li>La migration annuelle des gnous est l\u2019attraction la plus c\u00e9l\u00e8bre du Serengeti.<\/li>\n<li>C\u2019est aussi l\u00e0 qu\u2019habitent une troupe de lions qui ont \u00e9t\u00e9 \u00e9quip\u00e9s de colliers \u00e9metteurs radio afin de suivre leurs mouvements.<\/li>\n<li>Parmi les autres animaux sauvages que vous pourrez voir, citons le gu\u00e9pard, le z\u00e8bre, la girafe, la gazelle de Thompson et de Grant, l\u2019\u00e9land, l\u2019impala, le klipspringer, l\u2019hippopotame et le phacoch\u00e8re.<\/li>\n<\/ul>\n[\/info_list_son][info_list_son style=\u00a0\u00bbicon\u00a0\u00bb size=\u00a0\u00bb15&Prime; width=\u00a0\u00bb20&Prime; height=\u00a0\u00bb20&Prime; titleclr=\u00a0\u00bb#811a18&Prime; icon=\u00a0\u00bbfas fa-hiking\u00a0\u00bb iconclr=\u00a0\u00bb#811a18&Prime; title=\u00a0\u00bbJOUR 8 : VOL DU SERENGETI VERS LE CRAT\u00c8RE DU NGORONGORO\u00a0\u00bb lineheight=\u00a0\u00bb2&Prime; iconbg=\u00a0\u00bb#f8f8f8&Prime; borderclr=\u00a0\u00bb#f8f8f8&Prime;]\n<ul>\n<li>Petit-d\u00e9jeuner matinal au camp ou au lodge.<\/li>\n<li>Partez avec des bagages avec des paniers-repas et dirigez-vous vers la piste d\u2019atterrissage de Serengeti pour vous envoler vers notre prochaine et derni\u00e8re magnifique destination, le crat\u00e8re Ngorongoro.<\/li>\n<li>Le vol durera environ 40 minutes et \u00e0 l\u2019arriv\u00e9e, notre guide vous attendra pour vous rencontrer et vous transf\u00e9rer \u00e0 votre camp ou lodge respectif.<\/li>\n<li>D\u00e9jeuner au lodge ou au campement.<\/li>\n<li data-shorten=\"300\">Repos une partie de l\u2019apr\u00e8s-midi \u00e0 loisir et profiter des commodit\u00e9s de l\u2019h\u00f4tel et profiter de la vue imprenable sur le crat\u00e8re depuis le camp ou le lodge.<\/li>\n<li data-shorten=\"300\">D\u00eener et nuit au lodge.<\/li>\n<\/ul>\n[\/info_list_son][info_list_son style=\u00a0\u00bbicon\u00a0\u00bb size=\u00a0\u00bb15&Prime; width=\u00a0\u00bb20&Prime; height=\u00a0\u00bb20&Prime; titleclr=\u00a0\u00bb#811a18&Prime; icon=\u00a0\u00bbfas fa-hiking\u00a0\u00bb iconclr=\u00a0\u00bb#811a18&Prime; title=\u00a0\u00bbJOUR 9 : CRAT\u00c8RE DE NGORONGORO\u00a0\u00bb lineheight=\u00a0\u00bb2&Prime; iconbg=\u00a0\u00bb#f8f8f8&Prime; borderclr=\u00a0\u00bb#f8f8f8&Prime;]\n<ul>\n<li>Petit-d\u00e9jeuner au lodge.<\/li>\n<li>Plus tard, descendez au sol du crat\u00e8re pour observer le gibier dans ce parc de caldeira unique.<\/li>\n<li>Nous chercherons le rhinoc\u00e9ros, le lion, l\u2019\u00e9l\u00e9phant, le l\u00e9opard, le gu\u00e9pard, le buffle et l\u2019hippopotame.<\/li>\n<li>Plus tard, nous montons au bord du crat\u00e8re pour d\u00e9jeuner au campement.<\/li>\n<li>Faites quelques promenades dans la nature autour du crat\u00e8re plus tard et retournez au camp.<\/li>\n<li>Jetez un coup d\u2019\u0153il aux plus magnifiques couchers de soleil d\u2019Afrique depuis le bord du crat\u00e8re !<\/li>\n<li>Retour au lodge ou au camp pour le d\u00eener et la nuit.<\/li>\n<\/ul>\n[\/info_list_son][info_list_son style=\u00a0\u00bbicon\u00a0\u00bb size=\u00a0\u00bb15&Prime; width=\u00a0\u00bb20&Prime; height=\u00a0\u00bb20&Prime; titleclr=\u00a0\u00bb#811a18&Prime; icon=\u00a0\u00bbfas fa-hiking\u00a0\u00bb iconclr=\u00a0\u00bb#811a18&Prime; title=\u00a0\u00bbJOUR 10 : VOL DU NGORONGORO VERS ARUSHA\u00a0\u00bb lineheight=\u00a0\u00bb2&Prime; iconbg=\u00a0\u00bb#f8f8f8&Prime; borderclr=\u00a0\u00bb#f8f8f8&Prime;]\n<ul>\n<li>Vues du lever du soleil depuis le bord du crat\u00e8re.<\/li>\n<li>Profitez de votre petit-d\u00e9jeuner matinal au lodge et plus tard, quittez et dirigez-vous vers la piste d\u2019atterrissage de Manyara pour vous rendre \u00e0 Arusha et \u00eatre transf\u00e9r\u00e9 \u00e0 l\u2019h\u00f4tel de votre choix ou \u00e0 l\u2019a\u00e9roport international pour vous connecter \u00e0 votre autre destination alors que nous vous disons au revoir.<\/li>\n<\/ul>\n[\/info_list_son][\/info_list_father][\/vc_tta_section][vc_tta_section title=\u00a0\u00bbTarifs\u00a0\u00bb tab_id=\u00a0\u00bb1633454673248-4ec9e207-8783&Prime;][vc_column_text]\n<div>\n<h3>Important \u00e0 savoir :<\/h3>\n<ul>\n<li>Tous nos safaris sont priv\u00e9s.<\/li>\n<li>Les enfants \u00e2g\u00e9s de 0 \u00e0 2 ans sont gratuits.<\/li>\n<li>Les enfants \u00e2g\u00e9s de 3 \u00e0 12 ans paient 50&nbsp;% du tarif adulte lorsqu\u2019ils partagent la m\u00eame chambre avec des adultes.<\/li>\n<li>Les enfants \u00e2g\u00e9s de 3 \u00e0 12 ans paient 75 % du tarif adulte lorsqu\u2019ils s\u00e9journent dans leur propre chambre s\u00e9par\u00e9e de celle des adultes.<\/li>\n<li>Les enfants de plus de 12 ans sont reconnus comme des adultes dans les camps et les pavillons.<\/li>\n<\/ul>\n<\/div>\n<h3><\/h3>\n<h3>Tarifs par personne<\/h3>\nwpDataTable avec l\u2019ID fourni introuvable !\n<p style=\"text-align: center;\"><span style=\"color: #6a2e2e;\">LUXE (Tawi Lodge + Agama Mara + Lemala Nanyukie + Lemala Ngorongoro)<\/span><\/p>\n<h3 style=\"text-align: center;\"><span style=\"font-size: 16px; font-weight: 400;\">wpDataTable avec l\u2019ID fourni introuvable !<\/span><\/h3>\n<h3><\/h3>\n<p style=\"text-align: center;\"><span style=\"color: #822659;\">SUPER LUXE (Tawi Lodge + Bateleur Camp + Four Seasons Serengeti + &amp;&amp;Beyond Ngorongoro)<\/span><\/p>\n<p style=\"text-align: center;\">wpDataTable avec l\u2019ID fourni introuvable !\n<h3><span style=\"font-size: 16px;\">D\u00e9menti:<\/span><\/h3>\n<div>\n<ul>\n<li>Cette visite est propos\u00e9e par <a href=\"https:\/\/mufasatoursandtravels.com\/fr\/\">Mufasa Tours and Travels<\/a>.<\/li>\n<li>Cet op\u00e9rateur se r\u00e9serve le droit de modifier les tarifs annonc\u00e9s.<\/li>\n<li>Si vous demandez des modifications \u00e0 cette visite, les tarifs annonc\u00e9s changeront probablement.<\/li>\n<li>Si un logement est complet, l\u2019op\u00e9rateur proposera des options alternatives comparables.<\/li>\n<li>L\u2019ordre exact, le contenu et les tarifs de cette visite sont soumis \u00e0 disponibilit\u00e9.<\/li>\n<li>Cette visite est soumise aux <a href=\"https:\/\/mufasatoursandtravels.com\/terms-and-conditions\/\">termes et conditions<\/a> de <a href=\"https:\/\/mufasatoursandtravels.com\/fr\/\">Mufasa Tours and Travels.<\/a><\/li>\n<\/ul>\n<\/div>\n[\/vc_column_text][\/vc_tta_section][vc_tta_section title=\u00a0\u00bbInclusif\/Exclusif\u00a0\u00bb tab_id=\u00a0\u00bb1633455601016-f93699bc-5d92&Prime;][vc_row_inner][vc_column_inner width=\u00a0\u00bb1\/2&Prime;][info_list_father listclr=\u00a0\u00bb#f8f8f8&Prime;][info_list_son style=\u00a0\u00bbicon\u00a0\u00bb size=\u00a0\u00bb15&Prime; width=\u00a0\u00bb20&Prime; height=\u00a0\u00bb20&Prime; titleclr=\u00a0\u00bb#890000&Prime; icon=\u00a0\u00bbfas fa-plane-departure\u00a0\u00bb iconclr=\u00a0\u00bb#890000&Prime; title=\u00a0\u00bbINCLUS\u00a0\u00bb lineheight=\u00a0\u00bb2&Prime; borderclr=\u00a0\u00bb#f8f8f8&Prime; iconbg=\u00a0\u00bb#f8f8f8&Prime;]\n<ul>\n<li>Frais de parc au parc indiqu\u00e9.<\/li>\n<li>Transport dans un Landcruiser ouvert.<\/li>\n<li>Service d\u2019un chauffeur-guide professionnel.<\/li>\n<li>Repas en pension compl\u00e8te au lodge \/ camp.<\/li>\n<li>9 nuits d\u2019h\u00e9bergement \u00e0 l\u2019h\u00f4tel respectif indiqu\u00e9.<\/li>\n<li>Vols int\u00e9rieurs selon le programme.<\/li>\n<\/ul>\n[\/info_list_son][\/info_list_father][\/vc_column_inner][vc_column_inner width=\u00a0\u00bb1\/2&Prime;][info_list_father listclr=\u00a0\u00bb#f8f8f8&Prime;][info_list_son style=\u00a0\u00bbicon\u00a0\u00bb size=\u00a0\u00bb15&Prime; width=\u00a0\u00bb20&Prime; height=\u00a0\u00bb20&Prime; titleclr=\u00a0\u00bb#890000&Prime; icon=\u00a0\u00bbfas fa-plane-arrival\u00a0\u00bb iconclr=\u00a0\u00bb#890000&Prime; title=\u00a0\u00bbEXCLU\u00a0\u00bb lineheight=\u00a0\u00bb2&Prime; borderclr=\u00a0\u00bb#f8f8f8&Prime; iconbg=\u00a0\u00bb#f8f8f8&Prime;]\n<ul>\n<li>Visite culturelle du village Masa\u00ef.<\/li>\n<li>Pourboires au chauffeur-guide (<strong>fortement recommand\u00e9<\/strong>).<\/li>\n<li>Objets personnels (Souvenirs, assurance voyage, frais de visa, etc.).<\/li>\n<li>H\u00e9bergement suppl\u00e9mentaire avant et \u00e0 la fin de la visite.<\/li>\n<li>Le gouvernement a impos\u00e9 une augmentation des taxes et\/ou des frais de parc.<\/li>\n<li>Vols en montgolfi\u00e8re @ 450 $ par adulte \/ 350 $ par enfant (<strong>moins de 18 ans<\/strong>) au Kenya.<\/li>\n<li>Frais de visa du Kenya vers la Tanzanie de 100 $ par personne.<\/li>\n<li>La franchise de bagages est <strong>STRICTEMENT<\/strong> limit\u00e9e \u00e0 15 Kgs par personne.<\/li>\n<li>Les b\u00e9b\u00e9s qui ne paient pas pour un si\u00e8ge n\u2019ont PAS droit \u00e0 une franchise de bagages.<\/li>\n<\/ul>\n[\/info_list_son][\/info_list_father][\/vc_column_inner][\/vc_row_inner][\/vc_tta_section][vc_tta_section title=\u00a0\u00bbCarte\u00a0\u00bb tab_id=\u00a0\u00bb1633892890537-5637ec0b-4c69&Prime;][vc_gmaps link=\u00a0\u00bb#E-8_JTNDaWZyYW1lJTIwc3JjJTNEJTIyaHR0cHMlM0ElMkYlMkZ3d3cuZ29vZ2xlLmNvbSUyRm1hcHMlMkZlbWJlZCUzRnBiJTNEJTIxMW0xOCUyMTFtMTIlMjExbTMlMjExZDYzMDQuODI5OTg2MTMxMjcxJTIxMmQtMTIyLjQ3NDY5NjgwMzMwOTIlMjEzZDM3LjgwMzc0NzUyMTYwNDQzJTIxMm0zJTIxMWYwJTIxMmYwJTIxM2YwJTIxM20yJTIxMWkxMDI0JTIxMmk3NjglMjE0ZjEzLjElMjEzbTMlMjExbTIlMjExczB4ODA4NTg2ZTYzMDI2MTVhMSUyNTNBMHg4NmJkMTMwMjUxNzU3YzAwJTIxMnNTdG9yZXklMkJBdmUlMjUyQyUyQlNhbiUyQkZyYW5jaXNjbyUyNTJDJTJCQ0ElMkI5NDEyOSUyMTVlMCUyMTNtMiUyMTFzZW4lMjEyc3VzJTIxNHYxNDM1ODI2NDMyMDUxJTIyJTIwd2lkdGglM0QlMjI2MDAlMjIlMjBoZWlnaHQlM0QlMjI0NTAlMjIlMjBmcmFtZWJvcmRlciUzRCUyMjAlMjIlMjBzdHlsZSUzRCUyMmJvcmRlciUzQTAlMjIlMjBhbGxvd2Z1bGxzY3JlZW4lM0QlMjIlMjIlM0UlM0MlMkZpZnJhbWUlM0U=\u00a0\u00bb][\/vc_tta_section][\/vc_tta_tabs][\/vc_column][\/vc_row]\n","protected":false},"excerpt":{"rendered":"<p>[vc_row full_width=\u00a0\u00bbstretch_row\u00a0\u00bb gap=\u00a0\u00bb1&Prime;][vc_column parallax=\u00a0\u00bbcontent-moving\u00a0\u00bb parallax_image=\u00a0\u00bb11236&Prime; css=\u00a0\u00bb.vc_custom_1687332266989{padding: 80px !important;}\u00a0\u00bb][vc_custom_heading text=\u00a0\u00bbAU-DEL\u00c0 DU SAFARI\u00a0\u00bb font_container=\u00a0\u00bbtag:h1|font_size:32|text_align:center|color:%23ffffff\u00a0\u00bb google_fonts=\u00a0\u00bbfont_family:Roboto%3A100%2C100italic%2C300%2C300italic%2Cregular%2Citalic%2C500%2C500italic%2C700%2C700italic%2C900%2C900italic|font_style:400%20regular%3A400%3Anormal\u00a0\u00bb][vc_separator color=\u00a0\u00bbcustom\u00a0\u00bb border_width=\u00a0\u00bb2&Prime; el_width=\u00a0\u00bb80&Prime; accent_color=\u00a0\u00bb#f8f8f8&Prime;][vc_custom_heading text=\u00a0\u00bbNairobi \u21fe Amboseli \u21fe Masa\u00ef Mara \u21fe Serengeti \u21fe Ngorongoro \u21fe Arusha\u00a0\u00bb font_container=\u00a0\u00bbtag:h2|font_size:18|text_align:center|color:%23ffffff\u00a0\u00bb google_fonts=\u00a0\u00bbfont_family:Roboto%3A100%2C100italic%2C300%2C300italic%2Cregular%2Citalic%2C500%2C500italic%2C700%2C700italic%2C900%2C900italic|font_style:400%20regular%3A400%3Anormal\u00a0\u00bb][\/vc_column][\/vc_row][vc_row][vc_column css=\u00a0\u00bb.vc_custom_1678178311862{border-top-width: 10px !important;border-right-width: 10px !important;border-bottom-width: 10px !important;border-left-width: 10px !important;}\u00a0\u00bb][vc_tta_tabs shape=\u00a0\u00bbsquare\u00a0\u00bb color=\u00a0\u00bbjuicy-pink\u00a0\u00bb alignment=\u00a0\u00bbcenter\u00a0\u00bb active_section=\u00a0\u00bb1&Prime; no_fill_content_area=\u00a0\u00bbtrue\u00a0\u00bb][vc_tta_section title=\u00a0\u00bbProgramme\u00a0\u00bb tab_id=\u00a0\u00bb1633454673222-3d94f956-010c\u00a0\u00bb][info_list_father listclr=\u00a0\u00bb#f8f8f8&Prime;][info_list_son style=\u00a0\u00bbicon\u00a0\u00bb size=\u00a0\u00bb15&Prime; width=\u00a0\u00bb20&Prime; height=\u00a0\u00bb20&Prime; titleclr=\u00a0\u00bb#811a18&Prime; title=\u00a0\u00bbJOUR 1 [&hellip;]<\/p>\n","protected":false},"author":4,"featured_media":0,"parent":27972,"menu_order":3,"comment_status":"closed","ping_status":"closed","template":"","meta":{"_themeisle_gutenberg_block_has_review":false,"footnotes":""},"class_list":["post-30767","page","type-page","status-publish","hentry"],"_links":{"self":[{"href":"https:\/\/mufasatoursandtravels.com\/fr\/wp-json\/wp\/v2\/pages\/30767","targetHints":{"allow":["GET"]}}],"collection":[{"href":"https:\/\/mufasatoursandtravels.com\/fr\/wp-json\/wp\/v2\/pages"}],"about":[{"href":"https:\/\/mufasatoursandtravels.com\/fr\/wp-json\/wp\/v2\/types\/page"}],"author":[{"embeddable":true,"href":"https:\/\/mufasatoursandtravels.com\/fr\/wp-json\/wp\/v2\/users\/4"}],"replies":[{"embeddable":true,"href":"https:\/\/mufasatoursandtravels.com\/fr\/wp-json\/wp\/v2\/comments?post=30767"}],"version-history":[{"count":1,"href":"https:\/\/mufasatoursandtravels.com\/fr\/wp-json\/wp\/v2\/pages\/30767\/revisions"}],"predecessor-version":[{"id":30770,"href":"https:\/\/mufasatoursandtravels.com\/fr\/wp-json\/wp\/v2\/pages\/30767\/revisions\/30770"}],"up":[{"embeddable":true,"href":"https:\/\/mufasatoursandtravels.com\/fr\/wp-json\/wp\/v2\/pages\/27972"}],"wp:attachment":[{"href":"https:\/\/mufasatoursandtravels.com\/fr\/wp-json\/wp\/v2\/media?parent=30767"}],"curies":[{"name":"wp","href":"https:\/\/api.w.org\/{rel}","templated":true}]}}