{"id":30769,"date":"2022-03-08T10:18:22","date_gmt":"2022-03-08T07:18:22","guid":{"rendered":"https:\/\/mufasatoursandtravels.com\/kenya-tanzania-grandeur-safari\/"},"modified":"2025-04-08T12:08:38","modified_gmt":"2025-04-08T09:08:38","slug":"kenya-tanzania-grandeur-safari","status":"publish","type":"page","link":"https:\/\/mufasatoursandtravels.com\/fr\/safaris-au-kenya-en-tanzanie-et-a-zanzibar\/kenya-tanzania-grandeur-safari\/","title":{"rendered":"Kenya Tanzania Grandeur Safari"},"content":{"rendered":"[vc_row full_width=\u00a0\u00bbstretch_row\u00a0\u00bb gap=\u00a0\u00bb1&Prime;][vc_column parallax=\u00a0\u00bbcontent-moving\u00a0\u00bb parallax_image=\u00a0\u00bb11238&Prime; parallax_speed_bg=\u00a0\u00bb1.9&Prime; css=\u00a0\u00bb.vc_custom_1687333893434{padding-top: 80px !important;padding-right: 80px !important;padding-bottom: 80px !important;padding-left: 80px !important;}\u00a0\u00bb][vc_custom_heading text=\u00a0\u00bbKENYA TANZANIE GRANDEUR SAFARI\u00a0\u00bb font_container=\u00a0\u00bbtag:h1|font_size:32|text_align:center|color:%23ffffff\u00a0\u00bb google_fonts=\u00a0\u00bbfont_family:Roboto%3A100%2C100italic%2C300%2C300italic%2Cregular%2Citalic%2C500%2C500italic%2C700%2C700italic%2C900%2C900italic|font_style:400%20regular%3A400%3Anormal\u00a0\u00bb][vc_separator color=\u00a0\u00bbcustom\u00a0\u00bb border_width=\u00a0\u00bb2&Prime; el_width=\u00a0\u00bb80&Prime;][vc_custom_heading text=\u00a0\u00bbNairobi \u21fe Masai Mara \u21fe Serengeti \u21fe Ngorongoro \u21fe Zanzibar\u00a0\u00bb font_container=\u00a0\u00bbtag:h2|font_size:18|text_align:center|color:%23ffffff\u00a0\u00bb google_fonts=\u00a0\u00bbfont_family:Roboto%3A100%2C100italic%2C300%2C300italic%2Cregular%2Citalic%2C500%2C500italic%2C700%2C700italic%2C900%2C900italic|font_style:400%20regular%3A400%3Anormal\u00a0\u00bb][\/vc_column][\/vc_row][vc_row][vc_column css=\u00a0\u00bb.vc_custom_1678178999567{border-top-width: 10px !important;border-right-width: 10px !important;border-bottom-width: 10px !important;border-left-width: 10px !important;}\u00a0\u00bb][vc_tta_tabs shape=\u00a0\u00bbsquare\u00a0\u00bb color=\u00a0\u00bbjuicy-pink\u00a0\u00bb alignment=\u00a0\u00bbcenter\u00a0\u00bb active_section=\u00a0\u00bb1&Prime; no_fill_content_area=\u00a0\u00bbtrue\u00a0\u00bb][vc_tta_section title=\u00a0\u00bbProgramme\u00a0\u00bb tab_id=\u00a0\u00bb1633454673222-3d94f956-010c\u00a0\u00bb][info_list_father listclr=\u00a0\u00bb#f8f8f8&Prime;][info_list_son style=\u00a0\u00bbicon\u00a0\u00bb size=\u00a0\u00bb15&Prime; width=\u00a0\u00bb20&Prime; height=\u00a0\u00bb20&Prime; titleclr=\u00a0\u00bb#811a18&Prime; title=\u00a0\u00bbJOUR 1 : VOL DE NAIROBI VERS LE MASAI MARA\u00a0\u00bb icon=\u00a0\u00bbfas fa-hiking\u00a0\u00bb iconclr=\u00a0\u00bb#811a18&Prime; lineheight=\u00a0\u00bb2&Prime; iconbg=\u00a0\u00bb#f8f8f8&Prime; borderclr=\u00a0\u00bb#f8f8f8&Prime;]\n<ul>\n<li>Vous serez pris en charge \u00e0 votre h\u00f4tel\/a\u00e9roport respectif \u00e0 Nairobi \u00e0 8h30.<\/li>\n<li>Soyez d\u00e9pos\u00e9 \u00e0 l\u2019a\u00e9roport Wilson pour vous enregistrer pour votre vol Masai Mara.<\/li>\n<li>Vol vers Masai mara (environ 1 heure)<\/li>\n<li>\u00c0 l\u2019arriv\u00e9e \u00e0 la piste d\u2019atterrissage, votre guide vous accueillera et vous transf\u00e9rerez au camp avec des safaris en route.<\/li>\n<li>D\u00e9jeuner au camp et enregistrement.<\/li>\n<li>D\u00e9tendez-vous une partie de l\u2019apr\u00e8s-midi et profitez des commodit\u00e9s de l\u2019h\u00f4tel telles que la natation, etc.<\/li>\n<li>Faites un safari en soir\u00e9e jusqu\u2019au coucher du soleil.<\/li>\n<li>D\u00eener et nuit au camp ou au lodge.<\/li>\n<\/ul>\n[\/info_list_son][info_list_son style=\u00a0\u00bbicon\u00a0\u00bb size=\u00a0\u00bb15&Prime; width=\u00a0\u00bb20&Prime; height=\u00a0\u00bb20&Prime; titleclr=\u00a0\u00bb#811a18&Prime; icon=\u00a0\u00bbfas fa-hiking\u00a0\u00bb iconclr=\u00a0\u00bb#811a18&Prime; title=\u00a0\u00bbJOURS 2 ET 3 : SAFARIS AU MASAI MARA\u00a0\u00bb lineheight=\u00a0\u00bb2&Prime; iconbg=\u00a0\u00bb#f8f8f8&Prime; borderclr=\u00a0\u00bb#f8f8f8&Prime;]\n<ul>\n<li data-shorten=\"300\">Petit-d\u00e9jeuner matinal au camp ou au lodge.<\/li>\n<li data-shorten=\"300\">Apr\u00e8s le petit-d\u00e9jeuner, t\u00f4t le matin, les clients partiront pour une journ\u00e9e compl\u00e8te dans la <a href=\"https:\/\/www.safaribookings.com\/masai-mara\" rel=\"nofollow noopener\" target=\"_blank\">r\u00e9serve nationale du Masai Mara<\/a> \u00e0 la recherche <a href=\"https:\/\/www.nationalgeographic.com\/animals\/article\/africa-big-five-safaris-lions\" rel=\"nofollow noopener\" target=\"_blank\">des cinq grands d\u2019Afrique<\/a> sous le toit ouvert d\u2019un v\u00e9hicule de tourisme avec un panier-repas qui sera servi comme pique-dans la savane sauvage. Les <a href=\"https:\/\/www.nationalgeographic.com\/animals\/article\/africa-big-five-safaris-lions\" rel=\"nofollow noopener\" target=\"_blank\">Big Five d\u2019Afrique sont l\u2019\u00e9l\u00e9phant<\/a> d\u2019Afrique, le lion, le rhinoc\u00e9ros, le buffle et le l\u00e9opard et une vari\u00e9t\u00e9 d\u2019esp\u00e8ces d\u2019oiseaux de plus de 200 esp\u00e8ces et herbivores tels que les z\u00e8bres, les gnous en grand nombre en route vers la <a href=\"https:\/\/en.wikipedia.org\/wiki\/Mara_River\" rel=\"nofollow noopener\" target=\"_blank\">Grande Rivi\u00e8re Mara<\/a> o\u00f9 la 8\u00e8me merveille du monde se produit chaque ann\u00e9e de juillet \u00e0 ao\u00fbt appel\u00e9e <a href=\"https:\/\/www.masaimara.com\/great-migration-kenya.php#:~:text=Each%20year%2C%20over%20two%20million,an%20iconic%20safari%20must%2Dsee.\" rel=\"nofollow noopener\" target=\"_blank\">La Grande Migration des Gnous<\/a>. Vous observerez cette faune \u00e9tonnante lors de la journ\u00e9e compl\u00e8te de safari depuis le toit ouvert du v\u00e9hicule pour de superbes vues et des photos jusqu\u2019\u00e0 tard dans l\u2019apr\u00e8s-midi.  <\/li>\n<li data-shorten=\"300\">Retour au lodge pour le d\u00eener et la nuit au camp ou au lodge.<\/li>\n<\/ul>\n[\/info_list_son][info_list_son style=\u00a0\u00bbicon\u00a0\u00bb size=\u00a0\u00bb15&Prime; width=\u00a0\u00bb20&Prime; height=\u00a0\u00bb20&Prime; titleclr=\u00a0\u00bb#811a18&Prime; icon=\u00a0\u00bbfas fa-hiking\u00a0\u00bb iconclr=\u00a0\u00bb#811a18&Prime; title=\u00a0\u00bbJOUR 4 : DU MASAI MARA AU SERENGETI\u00a0\u00bb lineheight=\u00a0\u00bb2&Prime; iconbg=\u00a0\u00bb#f8f8f8&Prime; borderclr=\u00a0\u00bb#f8f8f8&Prime;]\n<ul>\n<li>Petit-d\u00e9jeuner matinal au camp ou au lodge.<\/li>\n<li>Quittez le lodge et dirigez-vous vers la piste d\u2019atterrissage du Masai Mara avec des safaris en route.<\/li>\n<li>Enregistrez-vous pour votre vol vers Serengeti.<\/li>\n<li>\u00c0 votre arriv\u00e9e \u00e0 la piste d\u2019atterrissage du Serengeti, notre autre guide du parc du Serengeti viendra vous chercher et vous transf\u00e9rera au camp pour le d\u00e9jeuner et la d\u00e9tente.<\/li>\n<li>D\u00e9tente et repos une partie de l\u2019apr\u00e8s-midi.<\/li>\n<li>Safaris en soir\u00e9e jusqu\u2019au coucher du soleil.<\/li>\n<li>D\u00eener et nuit au lodge ou au camp.<\/li>\n<\/ul>\n[\/info_list_son][info_list_son style=\u00a0\u00bbicon\u00a0\u00bb size=\u00a0\u00bb15&Prime; width=\u00a0\u00bb20&Prime; height=\u00a0\u00bb20&Prime; titleclr=\u00a0\u00bb#811a18&Prime; icon=\u00a0\u00bbfas fa-hiking\u00a0\u00bb iconclr=\u00a0\u00bb#811a18&Prime; title=\u00a0\u00bbJOURS 5 ET 6 : SAFARIS DANS LE SERENGETI\u00a0\u00bb lineheight=\u00a0\u00bb2&Prime; iconbg=\u00a0\u00bb#f8f8f8&Prime; borderclr=\u00a0\u00bb#f8f8f8&Prime;]\n<ul>\n<li>Une journ\u00e9e compl\u00e8te d\u2019observation du gibier pendant que nous explorons cette vaste r\u00e9serve faunique dot\u00e9e de la nature.<\/li>\n<li>Des options de s\u00e9ances d\u2019observation du gibier le matin et l\u2019apr\u00e8s-midi ou d\u2019une journ\u00e9e compl\u00e8te s\u2019offrent \u00e0 vous.<\/li>\n<li>La migration annuelle des gnous est l\u2019attraction la plus c\u00e9l\u00e8bre du Serengeti.<\/li>\n<li>C\u2019est aussi l\u00e0 qu\u2019habitent une troupe de lions qui ont \u00e9t\u00e9 \u00e9quip\u00e9s de colliers \u00e9metteurs radio afin de suivre leurs mouvements.<\/li>\n<li>Parmi les autres animaux sauvages que vous pourrez voir, citons le gu\u00e9pard, le z\u00e8bre, la girafe, la gazelle de Thompson et de Grant, l\u2019\u00e9land, l\u2019impala, le klipspringer, l\u2019hippopotame et le phacoch\u00e8re.<\/li>\n<\/ul>\n[\/info_list_son][info_list_son style=\u00a0\u00bbicon\u00a0\u00bb size=\u00a0\u00bb15&Prime; width=\u00a0\u00bb20&Prime; height=\u00a0\u00bb20&Prime; titleclr=\u00a0\u00bb#811a18&Prime; icon=\u00a0\u00bbfas fa-hiking\u00a0\u00bb iconclr=\u00a0\u00bb#811a18&Prime; title=\u00a0\u00bbJOUR 7 : SERENGETI VOL VERS LE CRAT\u00c8RE DU NGORONGORO\u00a0\u00bb lineheight=\u00a0\u00bb2&Prime; iconbg=\u00a0\u00bb#f8f8f8&Prime; borderclr=\u00a0\u00bb#f8f8f8&Prime;]\n<ul>\n<li>Petit-d\u00e9jeuner matinal au camp ou au lodge.<\/li>\n<li>Partez avec des bagages avec des paniers-repas et dirigez-vous vers la piste d\u2019atterrissage de Serengeti pour vous envoler vers notre prochaine et derni\u00e8re magnifique destination, le crat\u00e8re Ngorongoro.<\/li>\n<li>Le vol durera environ 40 minutes et \u00e0 l\u2019arriv\u00e9e, notre guide vous attendra pour vous rencontrer et vous transf\u00e9rer \u00e0 votre camp ou lodge respectif.<\/li>\n<li>D\u00e9jeuner au lodge ou au campement.<\/li>\n<li data-shorten=\"300\">Repos une partie de l\u2019apr\u00e8s-midi \u00e0 loisir et profiter des commodit\u00e9s de l\u2019h\u00f4tel et profiter de la vue imprenable sur le crat\u00e8re depuis le camp ou le lodge.<\/li>\n<\/ul>\n[\/info_list_son][info_list_son style=\u00a0\u00bbicon\u00a0\u00bb size=\u00a0\u00bb15&Prime; width=\u00a0\u00bb20&Prime; height=\u00a0\u00bb20&Prime; titleclr=\u00a0\u00bb#811a18&Prime; icon=\u00a0\u00bbfas fa-hiking\u00a0\u00bb iconclr=\u00a0\u00bb#811a18&Prime; title=\u00a0\u00bbJOUR 8 : CRAT\u00c8RE DU NGORONGORO\u00a0\u00bb lineheight=\u00a0\u00bb2&Prime; iconbg=\u00a0\u00bb#f8f8f8&Prime; borderclr=\u00a0\u00bb#f8f8f8&Prime;]\n<ul>\n<li>Petit-d\u00e9jeuner au lodge.<\/li>\n<li>Plus tard, descendez au sol du crat\u00e8re pour observer le gibier dans ce parc de caldeira unique.<\/li>\n<li>Nous chercherons le rhinoc\u00e9ros, le lion, l\u2019\u00e9l\u00e9phant, le l\u00e9opard, le gu\u00e9pard, le buffle et l\u2019hippopotame.<\/li>\n<li>Plus tard, nous montons au bord du crat\u00e8re pour d\u00e9jeuner au campement.<\/li>\n<li>Faites quelques promenades dans la nature autour du crat\u00e8re plus tard et retournez au camp.<\/li>\n<li>Jetez un coup d\u2019\u0153il aux plus magnifiques couchers de soleil d\u2019Afrique depuis le bord du crat\u00e8re !<\/li>\n<li>Retour au lodge ou au camp pour le d\u00eener et la nuit.<\/li>\n<\/ul>\n[\/info_list_son][info_list_son style=\u00a0\u00bbicon\u00a0\u00bb size=\u00a0\u00bb15&Prime; width=\u00a0\u00bb20&Prime; height=\u00a0\u00bb20&Prime; titleclr=\u00a0\u00bb#811a18&Prime; icon=\u00a0\u00bbfas fa-hiking\u00a0\u00bb iconclr=\u00a0\u00bb#811a18&Prime; title=\u00a0\u00bbJOUR 9 : VOL DU NGORONGORO VERS ZANZIBAR\u00a0\u00bb lineheight=\u00a0\u00bb2&Prime; iconbg=\u00a0\u00bb#f8f8f8&Prime; borderclr=\u00a0\u00bb#f8f8f8&Prime;]\n<ul>\n<li>Vues du lever du soleil depuis le bord du crat\u00e8re.<\/li>\n<li>Profitez de votre petit-d\u00e9jeuner matinal au lodge et plus tard, partez et dirigez-vous vers la piste d\u2019atterrissage de Manyara pour vous rendre \u00e0 Arusha et prendre le vol Zanzibar.<\/li>\n<li>\u00c0 votre arriv\u00e9e \u00e0 Zanzibar, notre \u00e9quipe vous attendra pour vous accueillir sur cette belle \u00eele de Zanzibar alors qu\u2019elle vous transf\u00e8re \u00e0 votre station baln\u00e9aire le long des plages de sable.<\/li>\n<li>\u00c0 votre arriv\u00e9e \u00e0 l\u2019h\u00f4tel, enregistrez-vous et profitez du repos une partie de l\u2019apr\u00e8s-midi le long de la plage ou \u00e0 loisir de l\u2019h\u00f4tel.<\/li>\n<li>D\u00eener et nuit \u00e0 la station.<\/li>\n<\/ul>\n[\/info_list_son][info_list_son style=\u00a0\u00bbicon\u00a0\u00bb size=\u00a0\u00bb15&Prime; width=\u00a0\u00bb20&Prime; height=\u00a0\u00bb20&Prime; titleclr=\u00a0\u00bb#811a18&Prime; icon=\u00a0\u00bbfas fa-hiking\u00a0\u00bb iconclr=\u00a0\u00bb#811a18&Prime; title=\u00a0\u00bbJOURS 10 &amp; 11 : ZANZIBAR \u00c0 LOISIR\u00a0\u00bb lineheight=\u00a0\u00bb2&Prime; iconbg=\u00a0\u00bb#f8f8f8&Prime; borderclr=\u00a0\u00bb#f8f8f8&Prime;]\n<ul>\n<li>Apr\u00e8s le petit-d\u00e9jeuner, vous aurez le choix de faire un tour le long des plages de sable sur les bords de l\u2019h\u00f4tel.<\/li>\n<li>Si vous le souhaitez, vous pouvez vous d\u00e9tendre et profiter des commodit\u00e9s de l\u2019h\u00f4tel telles que la baignade dans l\u2019h\u00f4tel et les activit\u00e9s propos\u00e9es \u00e0 l\u2019h\u00f4tel \u00e0 vos frais si vous \u00eates factur\u00e9.<\/li>\n<\/ul>\n[\/info_list_son][info_list_son style=\u00a0\u00bbicon\u00a0\u00bb size=\u00a0\u00bb15&Prime; width=\u00a0\u00bb20&Prime; height=\u00a0\u00bb20&Prime; titleclr=\u00a0\u00bb#811a18&Prime; icon=\u00a0\u00bbfas fa-hiking\u00a0\u00bb iconclr=\u00a0\u00bb#811a18&Prime; title=\u00a0\u00bbJOUR 12 : VOL DE RETOUR \u00c0 ZANZIBAR\u00a0\u00bb lineheight=\u00a0\u00bb2&Prime; iconbg=\u00a0\u00bb#f8f8f8&Prime; borderclr=\u00a0\u00bb#f8f8f8&Prime;]\n<ul>\n<li>Petit-d\u00e9jeuner matinal au camp ou au lodge.<\/li>\n<li>Rendez-vous plus tard \u00e0 l\u2019a\u00e9roport pour prendre votre vol international de retour.<\/li>\n<\/ul>\n[\/info_list_son][\/info_list_father][\/vc_tta_section][vc_tta_section title=\u00a0\u00bbTarifs\u00a0\u00bb tab_id=\u00a0\u00bb1633454673248-4ec9e207-8783&Prime;][vc_column_text]\n<div>\n<h3>Important \u00e0 savoir :<\/h3>\n<ul>\n<li>Tous nos safaris sont priv\u00e9s.<\/li>\n<li>Les enfants \u00e2g\u00e9s de 0 \u00e0 2 ans sont gratuits.<\/li>\n<li>Les enfants \u00e2g\u00e9s de 3 \u00e0 12 ans paient 50&nbsp;% du tarif adulte lorsqu\u2019ils partagent la m\u00eame chambre avec des adultes.<\/li>\n<li>Les enfants \u00e2g\u00e9s de 3 \u00e0 12 ans paient 75 % du tarif adulte lorsqu\u2019ils s\u00e9journent dans leur propre chambre s\u00e9par\u00e9e de celle des adultes.<\/li>\n<li>Les enfants de plus de 12 ans sont reconnus comme des adultes dans les camps et les pavillons.<\/li>\n<\/ul>\n<\/div>\n<h3><\/h3>\n<h3>Tarifs par personne<\/h3>\n<h3 style=\"text-align: center;\">wpDataTable avec l\u2019ID fourni introuvable !<\/h3>\n<p style=\"text-align: center;\"><span style=\"color: #6a2e2e;\">LUXE (Angama Mara + Lemala Nanyukie \/ Lemala Ngorongoro + Melia Zanzibar)<\/span><\/p>\n<p style=\"text-align: center;\">wpDataTable avec l\u2019ID fourni introuvable !\n<p>&nbsp;<\/p>\n<h3 style=\"text-align: center;\"><\/h3>\n<p style=\"text-align: center;\"><span style=\"color: #822659;\">SUPER LUXE (Angama Mara + Four Seasons Serengeti + &amp; Beyond Ngorongoro + The Residence Zanzibar)<\/span><\/p>\n<p style=\"text-align: center;\">wpDataTable avec l\u2019ID fourni introuvable !\n<h3><span style=\"font-size: 16px;\">D\u00e9menti:<\/span><\/h3>\n<div>\n<ul>\n<li>Cette visite est propos\u00e9e par <a href=\"https:\/\/mufasatoursandtravels.com\/fr\/\">Mufasa Tours and Travels<\/a>.<\/li>\n<li>Cet op\u00e9rateur se r\u00e9serve le droit de modifier les tarifs annonc\u00e9s.<\/li>\n<li>Si vous demandez des modifications \u00e0 cette visite, les tarifs annonc\u00e9s changeront probablement.<\/li>\n<li>Si un logement est complet, l\u2019op\u00e9rateur proposera des options alternatives comparables.<\/li>\n<li>L\u2019ordre exact, le contenu et les tarifs de cette visite sont soumis \u00e0 disponibilit\u00e9.<\/li>\n<li>Cette visite est soumise aux <a href=\"https:\/\/mufasatoursandtravels.com\/terms-and-conditions\/\">termes et conditions<\/a> de <a href=\"https:\/\/mufasatoursandtravels.com\/fr\/\">Mufasa Tours and Travels.<\/a><\/li>\n<\/ul>\n<\/div>\n[\/vc_column_text][\/vc_tta_section][vc_tta_section title=\u00a0\u00bbInclusif\/Exclusif\u00a0\u00bb tab_id=\u00a0\u00bb1633455601016-f93699bc-5d92&Prime;][vc_row_inner][vc_column_inner width=\u00a0\u00bb1\/2&Prime;][info_list_father listclr=\u00a0\u00bb#f8f8f8&Prime;][info_list_son style=\u00a0\u00bbicon\u00a0\u00bb size=\u00a0\u00bb15&Prime; width=\u00a0\u00bb20&Prime; height=\u00a0\u00bb20&Prime; titleclr=\u00a0\u00bb#890000&Prime; icon=\u00a0\u00bbfas fa-plane-departure\u00a0\u00bb iconclr=\u00a0\u00bb#890000&Prime; title=\u00a0\u00bbINCLUS\u00a0\u00bb lineheight=\u00a0\u00bb2&Prime; borderclr=\u00a0\u00bb#f8f8f8&Prime; iconbg=\u00a0\u00bb#f8f8f8&Prime;]\n<ul>\n<li>Frais de parc au parc indiqu\u00e9.<\/li>\n<li>Transport dans un Landcruiser ouvert.<\/li>\n<li>Safaris comme pr\u00e9vu dans le programme.<\/li>\n<li>Service d\u2019un chauffeur guide professionnel.<\/li>\n<li>Repas en pension compl\u00e8te au lodge \/ camp.<\/li>\n<li>11 nuits d\u2019h\u00e9bergement \u00e0 l\u2019h\u00f4tel respectif indiqu\u00e9.<\/li>\n<li>Vols int\u00e9rieurs tels que pr\u00e9vus dans le programme<\/li>\n<\/ul>\n[\/info_list_son][\/info_list_father][\/vc_column_inner][vc_column_inner width=\u00a0\u00bb1\/2&Prime;][info_list_father listclr=\u00a0\u00bb#f8f8f8&Prime;][info_list_son style=\u00a0\u00bbicon\u00a0\u00bb size=\u00a0\u00bb15&Prime; width=\u00a0\u00bb20&Prime; height=\u00a0\u00bb20&Prime; titleclr=\u00a0\u00bb#890000&Prime; icon=\u00a0\u00bbfas fa-plane-arrival\u00a0\u00bb iconclr=\u00a0\u00bb#890000&Prime; title=\u00a0\u00bbEXCLU\u00a0\u00bb lineheight=\u00a0\u00bb2&Prime; borderclr=\u00a0\u00bb#f8f8f8&Prime; iconbg=\u00a0\u00bb#f8f8f8&Prime;]\n<ul>\n<li>Visite culturelle du village Masa\u00ef.<\/li>\n<li>Pourboires au chauffeur-guide (<strong>fortement recommand\u00e9<\/strong>).<\/li>\n<li>Objets personnels (Souvenirs, assurance voyage, frais de visa, etc.).<\/li>\n<li>H\u00e9bergement suppl\u00e9mentaire avant et \u00e0 la fin de la visite.<\/li>\n<li>Le gouvernement a impos\u00e9 une augmentation des taxes et\/ou des frais de parc.<\/li>\n<li>Vols en montgolfi\u00e8re @ 450 $ par adulte \/ 350 $ par enfant (<strong>moins de 18 ans<\/strong>) au Kenya.<\/li>\n<li>Frais de visa pour le Kenya \u00e0 la Tanzanie de 100 $ par personne<\/li>\n<li>La franchise de bagages est <strong>STRICTEMENT<\/strong> limit\u00e9e \u00e0 15 Kgs par personne.<\/li>\n<li>Les b\u00e9b\u00e9s qui ne paient pas pour un si\u00e8ge n\u2019ont PAS droit \u00e0 une franchise de bagages.<\/li>\n<\/ul>\n[\/info_list_son][\/info_list_father][\/vc_column_inner][\/vc_row_inner][\/vc_tta_section][vc_tta_section title=\u00a0\u00bbCarte\u00a0\u00bb tab_id=\u00a0\u00bb1633892890537-5637ec0b-4c69&Prime;][vc_gmaps link=\u00a0\u00bb#E-8_JTNDaWZyYW1lJTIwc3JjJTNEJTIyaHR0cHMlM0ElMkYlMkZ3d3cuZ29vZ2xlLmNvbSUyRm1hcHMlMkZlbWJlZCUzRnBiJTNEJTIxMW0xOCUyMTFtMTIlMjExbTMlMjExZDYzMDQuODI5OTg2MTMxMjcxJTIxMmQtMTIyLjQ3NDY5NjgwMzMwOTIlMjEzZDM3LjgwMzc0NzUyMTYwNDQzJTIxMm0zJTIxMWYwJTIxMmYwJTIxM2YwJTIxM20yJTIxMWkxMDI0JTIxMmk3NjglMjE0ZjEzLjElMjEzbTMlMjExbTIlMjExczB4ODA4NTg2ZTYzMDI2MTVhMSUyNTNBMHg4NmJkMTMwMjUxNzU3YzAwJTIxMnNTdG9yZXklMkJBdmUlMjUyQyUyQlNhbiUyQkZyYW5jaXNjbyUyNTJDJTJCQ0ElMkI5NDEyOSUyMTVlMCUyMTNtMiUyMTFzZW4lMjEyc3VzJTIxNHYxNDM1ODI2NDMyMDUxJTIyJTIwd2lkdGglM0QlMjI2MDAlMjIlMjBoZWlnaHQlM0QlMjI0NTAlMjIlMjBmcmFtZWJvcmRlciUzRCUyMjAlMjIlMjBzdHlsZSUzRCUyMmJvcmRlciUzQTAlMjIlMjBhbGxvd2Z1bGxzY3JlZW4lM0QlMjIlMjIlM0UlM0MlMkZpZnJhbWUlM0U=\u00a0\u00bb][\/vc_tta_section][\/vc_tta_tabs][\/vc_column][\/vc_row]\n","protected":false},"excerpt":{"rendered":"<p>[vc_row full_width=\u00a0\u00bbstretch_row\u00a0\u00bb gap=\u00a0\u00bb1&Prime;][vc_column parallax=\u00a0\u00bbcontent-moving\u00a0\u00bb parallax_image=\u00a0\u00bb11238&Prime; parallax_speed_bg=\u00a0\u00bb1.9&Prime; css=\u00a0\u00bb.vc_custom_1687333893434{padding-top: 80px !important;padding-right: 80px !important;padding-bottom: 80px !important;padding-left: 80px !important;}\u00a0\u00bb][vc_custom_heading text=\u00a0\u00bbKENYA TANZANIE GRANDEUR SAFARI\u00a0\u00bb font_container=\u00a0\u00bbtag:h1|font_size:32|text_align:center|color:%23ffffff\u00a0\u00bb google_fonts=\u00a0\u00bbfont_family:Roboto%3A100%2C100italic%2C300%2C300italic%2Cregular%2Citalic%2C500%2C500italic%2C700%2C700italic%2C900%2C900italic|font_style:400%20regular%3A400%3Anormal\u00a0\u00bb][vc_separator color=\u00a0\u00bbcustom\u00a0\u00bb border_width=\u00a0\u00bb2&Prime; el_width=\u00a0\u00bb80&Prime;][vc_custom_heading text=\u00a0\u00bbNairobi \u21fe Masai Mara \u21fe Serengeti \u21fe Ngorongoro \u21fe Zanzibar\u00a0\u00bb font_container=\u00a0\u00bbtag:h2|font_size:18|text_align:center|color:%23ffffff\u00a0\u00bb google_fonts=\u00a0\u00bbfont_family:Roboto%3A100%2C100italic%2C300%2C300italic%2Cregular%2Citalic%2C500%2C500italic%2C700%2C700italic%2C900%2C900italic|font_style:400%20regular%3A400%3Anormal\u00a0\u00bb][\/vc_column][\/vc_row][vc_row][vc_column css=\u00a0\u00bb.vc_custom_1678178999567{border-top-width: 10px !important;border-right-width: 10px !important;border-bottom-width: 10px !important;border-left-width: 10px !important;}\u00a0\u00bb][vc_tta_tabs shape=\u00a0\u00bbsquare\u00a0\u00bb color=\u00a0\u00bbjuicy-pink\u00a0\u00bb alignment=\u00a0\u00bbcenter\u00a0\u00bb active_section=\u00a0\u00bb1&Prime; no_fill_content_area=\u00a0\u00bbtrue\u00a0\u00bb][vc_tta_section title=\u00a0\u00bbProgramme\u00a0\u00bb tab_id=\u00a0\u00bb1633454673222-3d94f956-010c\u00a0\u00bb][info_list_father listclr=\u00a0\u00bb#f8f8f8&Prime;][info_list_son style=\u00a0\u00bbicon\u00a0\u00bb size=\u00a0\u00bb15&Prime; [&hellip;]<\/p>\n","protected":false},"author":4,"featured_media":0,"parent":27972,"menu_order":4,"comment_status":"closed","ping_status":"closed","template":"","meta":{"_themeisle_gutenberg_block_has_review":false,"footnotes":""},"class_list":["post-30769","page","type-page","status-publish","hentry"],"_links":{"self":[{"href":"https:\/\/mufasatoursandtravels.com\/fr\/wp-json\/wp\/v2\/pages\/30769","targetHints":{"allow":["GET"]}}],"collection":[{"href":"https:\/\/mufasatoursandtravels.com\/fr\/wp-json\/wp\/v2\/pages"}],"about":[{"href":"https:\/\/mufasatoursandtravels.com\/fr\/wp-json\/wp\/v2\/types\/page"}],"author":[{"embeddable":true,"href":"https:\/\/mufasatoursandtravels.com\/fr\/wp-json\/wp\/v2\/users\/4"}],"replies":[{"embeddable":true,"href":"https:\/\/mufasatoursandtravels.com\/fr\/wp-json\/wp\/v2\/comments?post=30769"}],"version-history":[{"count":1,"href":"https:\/\/mufasatoursandtravels.com\/fr\/wp-json\/wp\/v2\/pages\/30769\/revisions"}],"predecessor-version":[{"id":30772,"href":"https:\/\/mufasatoursandtravels.com\/fr\/wp-json\/wp\/v2\/pages\/30769\/revisions\/30772"}],"up":[{"embeddable":true,"href":"https:\/\/mufasatoursandtravels.com\/fr\/wp-json\/wp\/v2\/pages\/27972"}],"wp:attachment":[{"href":"https:\/\/mufasatoursandtravels.com\/fr\/wp-json\/wp\/v2\/media?parent=30769"}],"curies":[{"name":"wp","href":"https:\/\/api.w.org\/{rel}","templated":true}]}}