{"id":30788,"date":"2022-03-08T07:39:00","date_gmt":"2022-03-08T04:39:00","guid":{"rendered":"https:\/\/mufasatoursandtravels.com\/safari-magique-dans-les-prairies\/"},"modified":"2025-04-08T12:08:37","modified_gmt":"2025-04-08T09:08:37","slug":"safari-magique-dans-les-prairies","status":"publish","type":"page","link":"https:\/\/mufasatoursandtravels.com\/fr\/safaris-au-kenya-en-tanzanie-et-a-zanzibar\/safari-magique-dans-les-prairies\/","title":{"rendered":"Safari magique dans les prairies"},"content":{"rendered":"[vc_row full_width=\u00a0\u00bbstretch_row\u00a0\u00bb css=\u00a0\u00bb.vc_custom_1678180001449{border-top-width: 10px !important;border-right-width: 10px !important;border-bottom-width: 10px !important;border-left-width: 10px !important;}\u00a0\u00bb][vc_column parallax=\u00a0\u00bbcontent-moving\u00a0\u00bb parallax_image=\u00a0\u00bb11240&Prime; parallax_speed_bg=\u00a0\u00bb2&Prime; css=\u00a0\u00bb.vc_custom_1687334420316{padding-top: 80px !important;padding-right: 80px !important;padding-bottom: 80px !important;padding-left: 80px !important;}\u00a0\u00bb][vc_custom_heading text=\u00a0\u00bbSAFARI MAGIQUE DANS LES PRAIRIES\u00a0\u00bb font_container=\u00a0\u00bbtag:h1|font_size:32|text_align:center|color:%23ffffff\u00a0\u00bb google_fonts=\u00a0\u00bbfont_family:Roboto%3A100%2C100italic%2C300%2C300italic%2Cregular%2Citalic%2C500%2C500italic%2C700%2C700italic%2C900%2C900italic|font_style:400%20regular%3A400%3Anormal\u00a0\u00bb][vc_separator color=\u00a0\u00bbcustom\u00a0\u00bb border_width=\u00a0\u00bb2&Prime; el_width=\u00a0\u00bb80&Prime; accent_color=\u00a0\u00bb#f8f8f8&Prime;][vc_custom_heading text=\u00a0\u00bbNairobi \u21fe Masa\u00ef Mara \u21fe Serengeti \u21fe Ngorongoro \u21fe Arusha\u00a0\u00bb font_container=\u00a0\u00bbtag:h2|font_size:18|text_align:center|color:%23ffffff\u00a0\u00bb google_fonts=\u00a0\u00bbfont_family:Roboto%3A100%2C100italic%2C300%2C300italic%2Cregular%2Citalic%2C500%2C500italic%2C700%2C700italic%2C900%2C900italic|font_style:400%20regular%3A400%3Anormal\u00a0\u00bb][\/vc_column][\/vc_row][vc_row full_width=\u00a0\u00bbstretch_row\u00a0\u00bb css=\u00a0\u00bb.vc_custom_1678180022045{border-top-width: 10px !important;border-right-width: 10px !important;border-bottom-width: 10px !important;border-left-width: 10px !important;}\u00a0\u00bb][vc_column css=\u00a0\u00bb.vc_custom_1678179839232{border-top-width: 10px !important;border-right-width: 10px !important;border-bottom-width: 10px !important;border-left-width: 10px !important;}\u00a0\u00bb][vc_tta_tabs color=\u00a0\u00bbjuicy-pink\u00a0\u00bb alignment=\u00a0\u00bbcenter\u00a0\u00bb active_section=\u00a0\u00bb1&Prime;][vc_tta_section title=\u00a0\u00bbProgramme\u00a0\u00bb tab_id=\u00a0\u00bb1678179958238-758941b9-aa79&Prime;][info_list_father listclr=\u00a0\u00bb#f8f8f8&Prime;][info_list_son style=\u00a0\u00bbicon\u00a0\u00bb size=\u00a0\u00bb15&Prime; width=\u00a0\u00bb20&Prime; height=\u00a0\u00bb20&Prime; titleclr=\u00a0\u00bb#890000&Prime; icon=\u00a0\u00bbfas fa-hiking\u00a0\u00bb iconclr=\u00a0\u00bb#890000&Prime; title=\u00a0\u00bbJOUR 1 : VOL DE NAIROBI VERS LE MASAI MARA\u00a0\u00bb iconbg=\u00a0\u00bb#f8f8f8&Prime; borderclr=\u00a0\u00bb#f8f8f8&Prime;]\n<ul>\n<li>Vous serez pris en charge \u00e0 votre h\u00f4tel\/a\u00e9roport respectif \u00e0 Nairobi \u00e0 8h30.<\/li>\n<li>Soyez d\u00e9pos\u00e9 \u00e0 l\u2019a\u00e9roport Wilson pour vous enregistrer pour votre vol Masai Mara.<\/li>\n<li>Vol vers Masai mara (environ 1 heure)<\/li>\n<li>\u00c0 l\u2019arriv\u00e9e \u00e0 la piste d\u2019atterrissage, votre guide vous accueillera et vous transf\u00e9rerez au camp avec des safaris en route.<\/li>\n<li>D\u00e9jeuner au camp et enregistrement.<\/li>\n<li>D\u00e9tendez-vous une partie de l\u2019apr\u00e8s-midi et profitez des commodit\u00e9s de l\u2019h\u00f4tel telles que la natation, etc.<\/li>\n<li>Faites un safari en soir\u00e9e jusqu\u2019au coucher du soleil.<\/li>\n<li>D\u00eener et nuit au camp ou au lodge.<\/li>\n<\/ul>\n[\/info_list_son][info_list_son style=\u00a0\u00bbicon\u00a0\u00bb size=\u00a0\u00bb15&Prime; width=\u00a0\u00bb20&Prime; height=\u00a0\u00bb20&Prime; titleclr=\u00a0\u00bb#890000&Prime; icon=\u00a0\u00bbfas fa-hiking\u00a0\u00bb iconclr=\u00a0\u00bb#890000&Prime; title=\u00a0\u00bbJOURS 2 ET 3 : SAFARIS AU MASAI MARA\u00a0\u00bb iconbg=\u00a0\u00bb#f8f8f8&Prime; borderclr=\u00a0\u00bb#f8f8f8&Prime;]\n<ul>\n<li data-shorten=\"300\">Petit-d\u00e9jeuner matinal au camp ou au lodge.<\/li>\n<li data-shorten=\"300\">Apr\u00e8s le petit-d\u00e9jeuner, t\u00f4t le matin, les clients partiront pour une journ\u00e9e compl\u00e8te dans la <a href=\"https:\/\/www.safaribookings.com\/masai-mara\" rel=\"nofollow noopener\" target=\"_blank\">r\u00e9serve nationale du Masai Mara<\/a> \u00e0 la recherche <a href=\"https:\/\/www.nationalgeographic.com\/animals\/article\/africa-big-five-safaris-lions\" rel=\"nofollow noopener\" target=\"_blank\">des cinq grands d\u2019Afrique<\/a> sous le toit ouvert d\u2019un v\u00e9hicule de tourisme avec un panier-repas qui sera servi comme pique-dans la savane sauvage. Les <a href=\"https:\/\/www.nationalgeographic.com\/animals\/article\/africa-big-five-safaris-lions\" rel=\"nofollow noopener\" target=\"_blank\">Big Five d\u2019Afrique sont l\u2019\u00e9l\u00e9phant<\/a> d\u2019Afrique, le lion, le rhinoc\u00e9ros, le buffle et le l\u00e9opard et une vari\u00e9t\u00e9 d\u2019esp\u00e8ces d\u2019oiseaux de plus de 200 esp\u00e8ces et herbivores tels que les z\u00e8bres, les gnous en grand nombre en route vers la <a href=\"https:\/\/en.wikipedia.org\/wiki\/Mara_River\" rel=\"nofollow noopener\" target=\"_blank\">Grande Rivi\u00e8re Mara<\/a> o\u00f9 la 8\u00e8me merveille du monde se produit chaque ann\u00e9e de juillet \u00e0 ao\u00fbt appel\u00e9e <a href=\"https:\/\/www.masaimara.com\/great-migration-kenya.php#:~:text=Each%20year%2C%20over%20two%20million,an%20iconic%20safari%20must%2Dsee.\" rel=\"nofollow noopener\" target=\"_blank\">La Grande Migration des Gnous<\/a>. Vous observerez cette faune \u00e9tonnante lors de la journ\u00e9e compl\u00e8te de safari depuis le toit ouvert du v\u00e9hicule pour de superbes vues et des photos jusqu\u2019\u00e0 tard dans l\u2019apr\u00e8s-midi.  <\/li>\n<li data-shorten=\"300\">Retour au lodge pour le d\u00eener et la nuit au camp ou au lodge.<\/li>\n<\/ul>\n[\/info_list_son][info_list_son style=\u00a0\u00bbicon\u00a0\u00bb size=\u00a0\u00bb15&Prime; width=\u00a0\u00bb20&Prime; height=\u00a0\u00bb20&Prime; titleclr=\u00a0\u00bb#890000&Prime; icon=\u00a0\u00bbfas fa-hiking\u00a0\u00bb iconclr=\u00a0\u00bb#890000&Prime; title=\u00a0\u00bbJOUR 4 : VOL DU MASAI MARA VERS LE SERENGETI\u00a0\u00bb iconbg=\u00a0\u00bb#f8f8f8&Prime; borderclr=\u00a0\u00bb#f8f8f8&Prime;]\n<ul>\n<li>Petit-d\u00e9jeuner matinal au camp ou au lodge.<\/li>\n<li>Quittez le lodge et dirigez-vous vers la piste d\u2019atterrissage du Masai Mara avec des safaris en route.<\/li>\n<li>Enregistrez-vous pour votre vol vers Serengeti.<\/li>\n<li>\u00c0 votre arriv\u00e9e \u00e0 la piste d\u2019atterrissage du Serengeti, notre autre guide du parc du Serengeti viendra vous chercher et vous transf\u00e9rera au camp pour le d\u00e9jeuner et la d\u00e9tente.<\/li>\n<li>D\u00e9tente et repos une partie de l\u2019apr\u00e8s-midi.<\/li>\n<li>Safaris en soir\u00e9e jusqu\u2019au coucher du soleil.<\/li>\n<li>D\u00eener et nuit au lodge ou au camp.<\/li>\n<\/ul>\n[\/info_list_son][info_list_son style=\u00a0\u00bbicon\u00a0\u00bb size=\u00a0\u00bb15&Prime; width=\u00a0\u00bb20&Prime; height=\u00a0\u00bb20&Prime; titleclr=\u00a0\u00bb#890000&Prime; icon=\u00a0\u00bbfas fa-hiking\u00a0\u00bb iconclr=\u00a0\u00bb#890000&Prime; title=\u00a0\u00bbJOURS 5 ET 6 : SAFARIS DANS LE SERENGETI\u00a0\u00bb iconbg=\u00a0\u00bb#f8f8f8&Prime; borderclr=\u00a0\u00bb#f8f8f8&Prime;]\n<ul>\n<li>Une journ\u00e9e compl\u00e8te d\u2019observation du gibier pendant que nous explorons cette vaste r\u00e9serve faunique dot\u00e9e de la nature.<\/li>\n<li>Des options de s\u00e9ances d\u2019observation du gibier le matin et l\u2019apr\u00e8s-midi ou d\u2019une journ\u00e9e compl\u00e8te s\u2019offrent \u00e0 vous.<\/li>\n<li>La migration annuelle des gnous est l\u2019attraction la plus c\u00e9l\u00e8bre du Serengeti.<\/li>\n<li>C\u2019est aussi l\u00e0 qu\u2019habitent une troupe de lions qui ont \u00e9t\u00e9 \u00e9quip\u00e9s de colliers \u00e9metteurs radio afin de suivre leurs mouvements.<\/li>\n<li>Parmi les autres animaux sauvages que vous pourrez voir, citons le gu\u00e9pard, le z\u00e8bre, la girafe, la gazelle de Thompson et de Grant, l\u2019\u00e9land, l\u2019impala, le klipspringer, l\u2019hippopotame et le phacoch\u00e8re.<\/li>\n<\/ul>\n[\/info_list_son][info_list_son style=\u00a0\u00bbicon\u00a0\u00bb size=\u00a0\u00bb15&Prime; width=\u00a0\u00bb20&Prime; height=\u00a0\u00bb20&Prime; titleclr=\u00a0\u00bb#890000&Prime; icon=\u00a0\u00bbfas fa-hiking\u00a0\u00bb iconclr=\u00a0\u00bb#890000&Prime; title=\u00a0\u00bbJOUR 7 : SERENGETI VOL VERS LE CRAT\u00c8RE DU NGORONGORO\u00a0\u00bb iconbg=\u00a0\u00bb#f8f8f8&Prime; borderclr=\u00a0\u00bb#f8f8f8&Prime;]\n<ul>\n<li>Petit-d\u00e9jeuner matinal au camp ou au lodge.<\/li>\n<li>Partez avec des bagages avec des paniers-repas et dirigez-vous vers la piste d\u2019atterrissage de Serengeti pour vous envoler vers notre prochaine et derni\u00e8re magnifique destination, le crat\u00e8re Ngorongoro.<\/li>\n<li>Le vol durera environ 40 minutes et \u00e0 l\u2019arriv\u00e9e, notre guide vous attendra pour vous rencontrer et vous transf\u00e9rer \u00e0 votre camp ou lodge respectif.<\/li>\n<li>D\u00e9jeuner au lodge ou au campement.<\/li>\n<li>Plus tard dans l\u2019apr\u00e8s-midi, descendez au sol du crat\u00e8re pour l\u2019observation du gibier dans ce parc de caldeira unique.<\/li>\n<li>Nous chercherons le rhinoc\u00e9ros, le lion, l\u2019\u00e9l\u00e9phant, le l\u00e9opard, le gu\u00e9pard, le buffle et l\u2019hippopotame.<\/li>\n<li>Plus tard, nous montons jusqu\u2019au bord du crat\u00e8re.<\/li>\n<li>Jetez un coup d\u2019\u0153il aux plus magnifiques couchers de soleil d\u2019Afrique depuis le bord du crat\u00e8re !<\/li>\n<li>Retour au lodge ou au camp pour le d\u00eener et la nuit.<\/li>\n<\/ul>\n[\/info_list_son][info_list_son style=\u00a0\u00bbicon\u00a0\u00bb size=\u00a0\u00bb15&Prime; width=\u00a0\u00bb20&Prime; height=\u00a0\u00bb20&Prime; titleclr=\u00a0\u00bb#890000&Prime; icon=\u00a0\u00bbfas fa-hiking\u00a0\u00bb iconclr=\u00a0\u00bb#890000&Prime; title=\u00a0\u00bbJOUR 8 : NGORONGORO VOL VERS ARUSHA\u00a0\u00bb iconbg=\u00a0\u00bb#f8f8f8&Prime; borderclr=\u00a0\u00bb#f8f8f8&Prime;]\n<ul>\n<li>Vues du lever du soleil depuis le bord du crat\u00e8re.<\/li>\n<li>Profitez de votre petit-d\u00e9jeuner matinal au lodge et plus tard, quittez et dirigez-vous vers la piste d\u2019atterrissage de Manyara pour vous rendre \u00e0 Arusha et \u00eatre transf\u00e9r\u00e9 \u00e0 l\u2019h\u00f4tel de votre choix ou \u00e0 l\u2019a\u00e9roport international pour vous connecter \u00e0 votre autre destination alors que nous vous disons au revoir.<\/li>\n<\/ul>\n[\/info_list_son][\/info_list_father][\/vc_tta_section][vc_tta_section title=\u00a0\u00bbTarifs\u00a0\u00bb tab_id=\u00a0\u00bb1678179958457-a587d001-1db1&Prime;][vc_column_text]\n<div class=\"tour__content__block tour__content__block--rates\">\n<h3>Important \u00e0 savoir :<\/h3>\n<ul class=\"list list--icon list--icon-arrow\">\n<li>Tous nos safaris sont priv\u00e9s.<\/li>\n<li>Les enfants \u00e2g\u00e9s de 0 \u00e0 2 ans sont gratuits.<\/li>\n<li>Les enfants \u00e2g\u00e9s de 3 \u00e0 12 ans paient 50&nbsp;% du tarif adulte lorsqu\u2019ils partagent la m\u00eame chambre avec des adultes.<\/li>\n<li>Les enfants \u00e2g\u00e9s de 3 \u00e0 12 ans paient 75 % du tarif adulte lorsqu\u2019ils s\u00e9journent dans leur propre chambre s\u00e9par\u00e9e de celle des adultes.<\/li>\n<li>Les enfants de plus de 12 ans sont reconnus comme des adultes dans les camps et les pavillons.<\/li>\n<\/ul>\n<\/div>\n<h3><\/h3>\n<h3 class=\"show-430\">Tarifs par personne<\/h3>\nwpDataTable avec l\u2019ID fourni introuvable !\n<p style=\"text-align: center;\"><span style=\"color: #6a2e2e;\">LUXE ( Angama Mara Camp + Lemala Nanyukie Camp + Lemala Ngorongoro)<\/span><\/p>\n<p style=\"text-align: center;\">wpDataTable avec l\u2019ID fourni introuvable !\n<h3><\/h3>\n<h3><\/h3>\n<p style=\"text-align: center;\"><span style=\"color: #822659;\">SUPER LUXE (&amp;Beyond Bateleur + Four Seasons Serengeti + &amp;Beyond Ngorongoro)<\/span><\/p>\n<p style=\"text-align: center;\">wpDataTable avec l\u2019ID fourni introuvable !\n<h3 class=\"title budget-title\"><span style=\"font-size: 16px;\">D\u00e9menti:<\/span><\/h3>\n<div class=\"col col-12 tour__disclaimer avoid-break-p\">\n<div class=\"col col-12 tour__disclaimer avoid-break-p\">\n<ul class=\"list list--icon list--icon-arrow list--icon-nopadding txt--small txt--grey\">\n<li>Cette visite est propos\u00e9e par <a href=\"https:\/\/mufasatoursandtravels.com\/fr\/\">Mufasa Tours and Travels<\/a>.<\/li>\n<li>Cet op\u00e9rateur se r\u00e9serve le droit de modifier les tarifs annonc\u00e9s.<\/li>\n<li>Si vous demandez des modifications \u00e0 cette visite, les tarifs annonc\u00e9s changeront probablement.<\/li>\n<li>Si un logement est complet, l\u2019op\u00e9rateur proposera des options alternatives comparables.<\/li>\n<li>L\u2019ordre exact, le contenu et les tarifs de cette visite sont soumis \u00e0 disponibilit\u00e9.<\/li>\n<li>Cette visite est soumise aux <a href=\"https:\/\/mufasatoursandtravels.com\/terms-and-conditions\/\">termes et conditions<\/a> de <a href=\"https:\/\/mufasatoursandtravels.com\/fr\/\">Mufasa Tours and Travels.<\/a><\/li>\n<\/ul>\n<\/div>\n<\/div>\n[\/vc_column_text][\/vc_tta_section][vc_tta_section title=\u00a0\u00bbInclusif\/Exclusif\u00a0\u00bb tab_id=\u00a0\u00bb1678179958536-64455e5d-88cb\u00a0\u00bb][vc_row_inner][vc_column_inner width=\u00a0\u00bb1\/2&Prime;][info_list_father listclr=\u00a0\u00bb#f8f8f8&Prime;][info_list_son style=\u00a0\u00bbicon\u00a0\u00bb size=\u00a0\u00bb15&Prime; width=\u00a0\u00bb20&Prime; height=\u00a0\u00bb20&Prime; titleclr=\u00a0\u00bb#890000&Prime; icon=\u00a0\u00bbfas fa-plane-departure\u00a0\u00bb iconclr=\u00a0\u00bb#890000&Prime; title=\u00a0\u00bbINCLUS\u00a0\u00bb borderclr=\u00a0\u00bb#f8f8f8&Prime; iconbg=\u00a0\u00bb#f8f8f8&Prime;]\n<ul>\n<li>Frais de parc au parc indiqu\u00e9.<\/li>\n<li>Transport dans un Land cruiser ouvert.<\/li>\n<li>Service d\u2019un chauffeur guide professionnel.<\/li>\n<li>Repas en pension compl\u00e8te au lodge \/ camp.<\/li>\n<li>7 nuits d\u2019h\u00e9bergement \u00e0 l\u2019h\u00f4tel respectif indiqu\u00e9.<\/li>\n<li>Vols int\u00e9rieurs indiqu\u00e9s au programme.<\/li>\n<\/ul>\n[\/info_list_son][\/info_list_father][\/vc_column_inner][vc_column_inner width=\u00a0\u00bb1\/2&Prime;][info_list_father listclr=\u00a0\u00bb#f8f8f8&Prime;][info_list_son style=\u00a0\u00bbicon\u00a0\u00bb size=\u00a0\u00bb15&Prime; width=\u00a0\u00bb20&Prime; height=\u00a0\u00bb20&Prime; titleclr=\u00a0\u00bb#890000&Prime; icon=\u00a0\u00bbfas fa-plane-arrival\u00a0\u00bb iconclr=\u00a0\u00bb#890000&Prime; title=\u00a0\u00bbEXCLU\u00a0\u00bb borderclr=\u00a0\u00bb#f8f8f8&Prime; iconbg=\u00a0\u00bb#f8f8f8&Prime;]\n<ul>\n<li>Visite culturelle du village Masa\u00ef.<\/li>\n<li>Pourboires au chauffeur-guide (<strong>fortement recommand\u00e9<\/strong>).<\/li>\n<li>Objets personnels (Souvenirs, assurance voyage, frais de visa, etc.)<\/li>\n<li>H\u00e9bergement suppl\u00e9mentaire avant et \u00e0 la fin de la visite.<\/li>\n<li>Le gouvernement a impos\u00e9 une augmentation des taxes et\/ou des frais de parc.<\/li>\n<li>Vols en montgolfi\u00e8re @ 450 $ par adulte \/ 350 $ par enfant (<strong>moins de 18 ans<\/strong>) au Kenya.<\/li>\n<li>Frais de visa de 100 $ par personne du Kenya \u00e0 la Tanzanie.<\/li>\n<li>Vols internationaux.<\/li>\n<li>La franchise de bagages est <strong>STRICTEMENT<\/strong> limit\u00e9e \u00e0 15 Kgs par personne.<\/li>\n<li>Les b\u00e9b\u00e9s qui ne paient pas pour un si\u00e8ge n\u2019ont PAS droit \u00e0 une franchise de bagages.<\/li>\n<\/ul>\n[\/info_list_son][\/info_list_father][\/vc_column_inner][\/vc_row_inner][\/vc_tta_section][vc_tta_section title=\u00a0\u00bbCarte\u00a0\u00bb tab_id=\u00a0\u00bb1678179958760-602e3d13-5721&Prime;][vc_gmaps][\/vc_tta_section][\/vc_tta_tabs][\/vc_column][\/vc_row]\n","protected":false},"excerpt":{"rendered":"<p>[vc_row full_width=\u00a0\u00bbstretch_row\u00a0\u00bb css=\u00a0\u00bb.vc_custom_1678180001449{border-top-width: 10px !important;border-right-width: 10px !important;border-bottom-width: 10px !important;border-left-width: 10px !important;}\u00a0\u00bb][vc_column parallax=\u00a0\u00bbcontent-moving\u00a0\u00bb parallax_image=\u00a0\u00bb11240&Prime; parallax_speed_bg=\u00a0\u00bb2&Prime; css=\u00a0\u00bb.vc_custom_1687334420316{padding-top: 80px !important;padding-right: 80px !important;padding-bottom: 80px !important;padding-left: 80px !important;}\u00a0\u00bb][vc_custom_heading text=\u00a0\u00bbSAFARI MAGIQUE DANS LES PRAIRIES\u00a0\u00bb font_container=\u00a0\u00bbtag:h1|font_size:32|text_align:center|color:%23ffffff\u00a0\u00bb google_fonts=\u00a0\u00bbfont_family:Roboto%3A100%2C100italic%2C300%2C300italic%2Cregular%2Citalic%2C500%2C500italic%2C700%2C700italic%2C900%2C900italic|font_style:400%20regular%3A400%3Anormal\u00a0\u00bb][vc_separator color=\u00a0\u00bbcustom\u00a0\u00bb border_width=\u00a0\u00bb2&Prime; el_width=\u00a0\u00bb80&Prime; accent_color=\u00a0\u00bb#f8f8f8&Prime;][vc_custom_heading text=\u00a0\u00bbNairobi \u21fe Masa\u00ef Mara \u21fe Serengeti \u21fe Ngorongoro \u21fe Arusha\u00a0\u00bb font_container=\u00a0\u00bbtag:h2|font_size:18|text_align:center|color:%23ffffff\u00a0\u00bb google_fonts=\u00a0\u00bbfont_family:Roboto%3A100%2C100italic%2C300%2C300italic%2Cregular%2Citalic%2C500%2C500italic%2C700%2C700italic%2C900%2C900italic|font_style:400%20regular%3A400%3Anormal\u00a0\u00bb][\/vc_column][\/vc_row][vc_row full_width=\u00a0\u00bbstretch_row\u00a0\u00bb css=\u00a0\u00bb.vc_custom_1678180022045{border-top-width: 10px !important;border-right-width: 10px !important;border-bottom-width: 10px !important;border-left-width: 10px [&hellip;]<\/p>\n","protected":false},"author":4,"featured_media":0,"parent":27972,"menu_order":6,"comment_status":"closed","ping_status":"closed","template":"","meta":{"_themeisle_gutenberg_block_has_review":false,"footnotes":""},"class_list":["post-30788","page","type-page","status-publish","hentry"],"_links":{"self":[{"href":"https:\/\/mufasatoursandtravels.com\/fr\/wp-json\/wp\/v2\/pages\/30788","targetHints":{"allow":["GET"]}}],"collection":[{"href":"https:\/\/mufasatoursandtravels.com\/fr\/wp-json\/wp\/v2\/pages"}],"about":[{"href":"https:\/\/mufasatoursandtravels.com\/fr\/wp-json\/wp\/v2\/types\/page"}],"author":[{"embeddable":true,"href":"https:\/\/mufasatoursandtravels.com\/fr\/wp-json\/wp\/v2\/users\/4"}],"replies":[{"embeddable":true,"href":"https:\/\/mufasatoursandtravels.com\/fr\/wp-json\/wp\/v2\/comments?post=30788"}],"version-history":[{"count":1,"href":"https:\/\/mufasatoursandtravels.com\/fr\/wp-json\/wp\/v2\/pages\/30788\/revisions"}],"predecessor-version":[{"id":30790,"href":"https:\/\/mufasatoursandtravels.com\/fr\/wp-json\/wp\/v2\/pages\/30788\/revisions\/30790"}],"up":[{"embeddable":true,"href":"https:\/\/mufasatoursandtravels.com\/fr\/wp-json\/wp\/v2\/pages\/27972"}],"wp:attachment":[{"href":"https:\/\/mufasatoursandtravels.com\/fr\/wp-json\/wp\/v2\/media?parent=30788"}],"curies":[{"name":"wp","href":"https:\/\/api.w.org\/{rel}","templated":true}]}}