{"id":30808,"date":"2022-03-08T07:10:37","date_gmt":"2022-03-08T04:10:37","guid":{"rendered":"https:\/\/mufasatoursandtravels.com\/safaris-au-kenya-en-tanzanie-et-a-zanzibar\/silver-connect-safaris-prives\/big-five-safari\/"},"modified":"2025-04-08T12:08:13","modified_gmt":"2025-04-08T09:08:13","slug":"big-five-safari","status":"publish","type":"page","link":"https:\/\/mufasatoursandtravels.com\/fr\/safaris-au-kenya-en-tanzanie-et-a-zanzibar\/big-five-safari\/","title":{"rendered":"Big Five Safari"},"content":{"rendered":"[vc_row full_width=\u00a0\u00bbstretch_row\u00a0\u00bb css=\u00a0\u00bb.vc_custom_1678190291594{border-top-width: 10px !important;border-right-width: 10px !important;border-bottom-width: 10px !important;border-left-width: 10px !important;}\u00a0\u00bb][vc_column parallax=\u00a0\u00bbcontent-moving\u00a0\u00bb parallax_image=\u00a0\u00bb11132&Prime; parallax_speed_bg=\u00a0\u00bb1.3&Prime; css=\u00a0\u00bb.vc_custom_1687260112611{padding-top: 80px !important;padding-right: 80px !important;padding-bottom: 80px !important;padding-left: 80px !important;}\u00a0\u00bb][vc_custom_heading text=\u00a0\u00bbBIG FIVE SAFARI\u00a0\u00bb font_container=\u00a0\u00bbtag:h1|font_size:32|text_align:center|color:%23ffffff\u00a0\u00bb google_fonts=\u00a0\u00bbfont_family:Roboto%3A100%2C100italic%2C300%2C300italic%2Cregular%2Citalic%2C500%2C500italic%2C700%2C700italic%2C900%2C900italic|font_style:400%20regular%3A400%3Anormal\u00a0\u00bb][vc_separator color=\u00a0\u00bbcustom\u00a0\u00bb border_width=\u00a0\u00bb2&Prime; el_width=\u00a0\u00bb80&Prime; accent_color=\u00a0\u00bb#f8f8f8&Prime;][vc_custom_heading text=\u00a0\u00bbL.Nakuru \u21fe Masai Mara \u21fe Serengeti \u21fe Ngorongoro \u21fe Arusha\u00a0\u00bb font_container=\u00a0\u00bbtag:h2|font_size:18|text_align:center|color:%23ffffff\u00a0\u00bb google_fonts=\u00a0\u00bbfont_family:Roboto%3A100%2C100italic%2C300%2C300italic%2Cregular%2Citalic%2C500%2C500italic%2C700%2C700italic%2C900%2C900italic|font_style:400%20regular%3A400%3Anormal\u00a0\u00bb][\/vc_column][\/vc_row][vc_row full_width=\u00a0\u00bbstretch_row\u00a0\u00bb css=\u00a0\u00bb.vc_custom_1678190281604{border-top-width: 10px !important;border-right-width: 10px !important;border-bottom-width: 10px !important;border-left-width: 10px !important;}\u00a0\u00bb][vc_column][vc_tta_tabs color=\u00a0\u00bbjuicy-pink\u00a0\u00bb alignment=\u00a0\u00bbcenter\u00a0\u00bb active_section=\u00a0\u00bb1&Prime;][vc_tta_section title=\u00a0\u00bbProgramme\u00a0\u00bb tab_id=\u00a0\u00bb1678190179247-782cee2c-718f\u00a0\u00bb][info_list_father listclr=\u00a0\u00bb#f8f8f8&Prime;][info_list_son style=\u00a0\u00bbicon\u00a0\u00bb size=\u00a0\u00bb15&Prime; width=\u00a0\u00bb20&Prime; height=\u00a0\u00bb20&Prime; titleclr=\u00a0\u00bb#890000&Prime; icon=\u00a0\u00bbfas fa-hiking\u00a0\u00bb iconclr=\u00a0\u00bb#890000&Prime; title=\u00a0\u00bbJOUR 1 : DE NAIROBI AU LAC NAKURU\u00a0\u00bb iconbg=\u00a0\u00bb#f8f8f8&Prime; borderclr=\u00a0\u00bb#f8f8f8&Prime;]\n<ul>\n<li>Vous serez pris en charge \u00e0 votre h\u00f4tel ou \u00e0 l\u2019a\u00e9roport de Nairobi \u00e0 7h00.<\/li>\n<li>Conduisez via <a href=\"https:\/\/en.wikipedia.org\/wiki\/Great_Rift_Valley\" rel=\"nofollow noopener\" target=\"_blank\">la vall\u00e9e du Grand Rift<\/a>, arr\u00eatez-vous pendant environ 15 minutes et prenez des photos pendant que nous nous dirigeons vers le lac Nakuru.<\/li>\n<li>Arriv\u00e9e au camp ou au lodge pour le d\u00e9jeuner et l\u2019enregistrement.<\/li>\n<li>Apr\u00e8s le d\u00e9jeuner et la d\u00e9tente, dirigez-vous vers un safari dans l\u2019apr\u00e8s-midi dans le <a href=\"http:\/\/www.kws.go.ke\/lake-nakuru-national-park\" rel=\"nofollow noopener\" target=\"_blank\">parc national du lac Nakuru <\/a> <\/li>\n<li>il est \u00e9galement connu pour ses esp\u00e8ces c\u00e9l\u00e8bres telles que les rhinoc\u00e9ros noirs, les lions, les girafes de Rothschild et d\u2019autres gibiers sauvages dans le parc jusqu\u2019au coucher du soleil.<\/li>\n<li>Retour au lodge pour le d\u00eener et la nuit.<\/li>\n<\/ul>\n[\/info_list_son][info_list_son style=\u00a0\u00bbicon\u00a0\u00bb size=\u00a0\u00bb15&Prime; width=\u00a0\u00bb20&Prime; height=\u00a0\u00bb20&Prime; titleclr=\u00a0\u00bb#890000&Prime; icon=\u00a0\u00bbfas fa-hiking\u00a0\u00bb iconclr=\u00a0\u00bb#890000&Prime; title=\u00a0\u00bbJOUR 2 : DU LAC NAKURU AU MASA\u00cf MARA\u00a0\u00bb iconbg=\u00a0\u00bb#f8f8f8&Prime; borderclr=\u00a0\u00bb#f8f8f8&Prime;]\n<ul>\n<li>Petit-d\u00e9jeuner matinal au camp ou au lodge.<\/li>\n<li>Sortez du lodge et conduisez jusqu\u2019\u00e0 Masai Mara qui est \u00e0 5-6 heures de route.<\/li>\n<li>Arriv\u00e9e au camp ou au lodge pour le d\u00e9jeuner et l\u2019enregistrement.<\/li>\n<li>Apr\u00e8s le d\u00e9jeuner et la d\u00e9tente, dirigez-vous vers un safari de l\u2019apr\u00e8s-midi dans la <a href=\"https:\/\/www.safaribookings.com\/masai-mara\" rel=\"nofollow noopener\" target=\"_blank\">r\u00e9serve nationale du Masai Mara<\/a> jusqu\u2019\u00e0 tard dans le coucher du soleil o\u00f9 vous pourrez voir diverses plaines d\u2019herbe ouvertes et un buisson d\u2019acacia dispers\u00e9 qui abrite une grande vari\u00e9t\u00e9 d\u2019animaux sauvages des BIG FIVE tels que des lions, des l\u00e9opards, des gu\u00e9pards, des hy\u00e8nes, des buffles, des girafes,  les \u00e9l\u00e9phants, le rhinoc\u00e9ros noir en voie de disparition et les gnous au toit grand ouvert.<\/li>\n<li>Retour au lodge \/ camp pour le d\u00eener et la nuit.<\/li>\n<\/ul>\n[\/info_list_son][info_list_son style=\u00a0\u00bbicon\u00a0\u00bb size=\u00a0\u00bb15&Prime; width=\u00a0\u00bb20&Prime; height=\u00a0\u00bb20&Prime; titleclr=\u00a0\u00bb#890000&Prime; icon=\u00a0\u00bbfas fa-hiking\u00a0\u00bb iconclr=\u00a0\u00bb#890000&Prime; title=\u00a0\u00bbJOUR 3 : MASAI MARA JOURN\u00c9E COMPL\u00c8TE\u00a0\u00bb iconbg=\u00a0\u00bb#f8f8f8&Prime; borderclr=\u00a0\u00bb#f8f8f8&Prime;]\n<div>\n<ul>\n<li data-shorten=\"300\">Petit-d\u00e9jeuner matinal au camp ou au lodge.<\/li>\n<li data-shorten=\"300\">Apr\u00e8s le petit-d\u00e9jeuner, t\u00f4t le matin, les clients partiront pour une journ\u00e9e compl\u00e8te dans la <a href=\"https:\/\/www.safaribookings.com\/masai-mara\" rel=\"nofollow noopener\" target=\"_blank\">r\u00e9serve nationale du Masai Mara<\/a> \u00e0 la recherche <a href=\"https:\/\/www.nationalgeographic.com\/animals\/article\/africa-big-five-safaris-lions\" rel=\"nofollow noopener\" target=\"_blank\">des cinq grands d\u2019Afrique<\/a> sous le toit ouvert d\u2019un v\u00e9hicule de tourisme avec un panier-repas qui sera servi comme pique-dans la savane sauvage. Les <a href=\"https:\/\/www.nationalgeographic.com\/animals\/article\/africa-big-five-safaris-lions\" rel=\"nofollow noopener\" target=\"_blank\">Big Five d\u2019Afrique sont l\u2019\u00e9l\u00e9phant<\/a> d\u2019Afrique, le lion, le rhinoc\u00e9ros, le buffle et le l\u00e9opard et une vari\u00e9t\u00e9 d\u2019esp\u00e8ces d\u2019oiseaux de plus de 200 esp\u00e8ces et herbivores tels que les z\u00e8bres, les gnous en grand nombre en route vers la <a href=\"https:\/\/en.wikipedia.org\/wiki\/Mara_River\" rel=\"nofollow noopener\" target=\"_blank\">Grande Rivi\u00e8re Mara<\/a> o\u00f9 la 8\u00e8me merveille du monde se produit chaque ann\u00e9e de juillet \u00e0 ao\u00fbt appel\u00e9e <a href=\"https:\/\/www.masaimara.com\/great-migration-kenya.php#:~:text=Each%20year%2C%20over%20two%20million,an%20iconic%20safari%20must%2Dsee.\" rel=\"nofollow noopener\" target=\"_blank\">La Grande Migration des Gnous<\/a>. Vous observerez cette faune \u00e9tonnante lors de la journ\u00e9e compl\u00e8te de safari depuis le toit ouvert du v\u00e9hicule pour de superbes vues et des photos jusqu\u2019\u00e0 tard dans l\u2019apr\u00e8s-midi.  <\/li>\n<li data-shorten=\"300\">Retour au lodge pour le d\u00eener et la nuit au camp ou au lodge.<\/li>\n<\/ul>\n<\/div>\n[\/info_list_son][info_list_son style=\u00a0\u00bbicon\u00a0\u00bb size=\u00a0\u00bb15&Prime; width=\u00a0\u00bb20&Prime; height=\u00a0\u00bb20&Prime; titleclr=\u00a0\u00bb#890000&Prime; icon=\u00a0\u00bbfas fa-dot-circle\u00a0\u00bb iconclr=\u00a0\u00bb#890000&Prime; title=\u00a0\u00bbJOUR 4 : MASAI MARA AU PARC NATIONAL DU SERENGETI\u00a0\u00bb iconbg=\u00a0\u00bb#f8f8f8&Prime; borderclr=\u00a0\u00bb#f8f8f8&Prime;]\n<ul>\n<li>Petit-d\u00e9jeuner matinal au camp ou au lodge.<\/li>\n<li>Partez avec des bagages avec des paniers-repas et conduisez vers la fronti\u00e8re du Kenya et de la Tanzanie qui est \u00e0 4 heures de route.<\/li>\n<li>Arrivez \u00e0 la fronti\u00e8re d\u2019Isebania \u00e0 11h00 et enregistrez-vous \u00e0 l\u2019immigration et renoncez \u00e0 toutes les proc\u00e9dures pour traverser vers la Tanzanie.<\/li>\n<li>Notre chauffeur-guide tanzanien viendra vous chercher et vous rendra au parc national du Serengeti, qui borde la r\u00e9serve nationale du Masai Mara, avec des safaris en route vers le camp, l\u2019enregistrement pour le d\u00eener et la nuit\u00e9e au camp<\/li>\n<\/ul>\n[\/info_list_son][info_list_son style=\u00a0\u00bbicon\u00a0\u00bb size=\u00a0\u00bb15&Prime; width=\u00a0\u00bb20&Prime; height=\u00a0\u00bb20&Prime; titleclr=\u00a0\u00bb#890000&Prime; icon=\u00a0\u00bbfas fa-hiking\u00a0\u00bb iconclr=\u00a0\u00bb#890000&Prime; title=\u00a0\u00bbJOUR 5 : SERENGETI JOURN\u00c9E COMPL\u00c8TE\u00a0\u00bb iconbg=\u00a0\u00bb#f8f8f8&Prime; borderclr=\u00a0\u00bb#f8f8f8&Prime;]\n<ul>\n<li>La journ\u00e9e sera consacr\u00e9e au Serengeti \u00e0 des promenades d\u2019observation du gibier<\/li>\n<li>La r\u00e9serve animali\u00e8re du Serengeti est extr\u00eamement grande &#8211; la vari\u00e9t\u00e9 et la concentration du gibier sont impressionnantes<\/li>\n<li>Ses r\u00e9gions sont vari\u00e9es sur le plan climatique<\/li>\n<li>C\u2019est ce que nous vivons lorsque nous traversons les plaines \u00e0 la recherche des \u00ab BIG 5 \u00bb<\/li>\n<\/ul>\n[\/info_list_son][info_list_son style=\u00a0\u00bbicon\u00a0\u00bb size=\u00a0\u00bb15&Prime; width=\u00a0\u00bb20&Prime; height=\u00a0\u00bb20&Prime; titleclr=\u00a0\u00bb#890000&Prime; icon=\u00a0\u00bbfas fa-hiking\u00a0\u00bb iconclr=\u00a0\u00bb#890000&Prime; title=\u00a0\u00bbJOUR 6 : SERENGETI AU CRAT\u00c8RE DU NGORONGORO\u00a0\u00bb iconbg=\u00a0\u00bb#f8f8f8&Prime; borderclr=\u00a0\u00bb#f8f8f8&Prime;]\n<ul>\n<li>Quittez le Serengeti avec des pique-et des promenades d\u2019observation du gibier en cours de route<\/li>\n<li>Descente (600M) dans le fond du crat\u00e8re du Ngorongoro<\/li>\n<li>Ce sera presque une journ\u00e9e compl\u00e8te de superbes promenades d\u2019observation du gibier avec une pause pique-pour le d\u00e9jeuner sur le site de pique-des sources de Ngoitoktok<\/li>\n<li>Le volume et la concentration du jeu sont laiss\u00e9s \u00e0 votre imagination<\/li>\n<li>Plus tard, montez jusqu\u2019au bord du crat\u00e8re pour une vue magnifique sur le coucher de soleil<\/li>\n<\/ul>\n[\/info_list_son][info_list_son style=\u00a0\u00bbicon\u00a0\u00bb size=\u00a0\u00bb15&Prime; width=\u00a0\u00bb20&Prime; height=\u00a0\u00bb20&Prime; titleclr=\u00a0\u00bb#890000&Prime; icon=\u00a0\u00bbfas fa-hiking\u00a0\u00bb iconclr=\u00a0\u00bb#890000&Prime; title=\u00a0\u00bbJOUR 7 : DE NGORONGORO CREATER \u00c0 ARUSHA\u00a0\u00bb iconbg=\u00a0\u00bb#f8f8f8&Prime; borderclr=\u00a0\u00bb#f8f8f8&Prime;]\n<ul>\n<li>Apr\u00e8s le petit-d\u00e9jeuner \u2013 d\u00e9part pour Arusha<\/li>\n<li>Dirigez-vous vers Arusha et soyez d\u00e9pos\u00e9 \u00e0 l\u2019a\u00e9roport du Kilimandjaro ou \u00e0 l\u2019h\u00f4tel de votre choix.<\/li>\n<\/ul>\n[\/info_list_son][\/info_list_father][\/vc_tta_section][vc_tta_section title=\u00a0\u00bbInclusif\/Exclusif\u00a0\u00bb tab_id=\u00a0\u00bb1678190179908-2fef4b76-a977&Prime;][vc_row_inner][vc_column_inner width=\u00a0\u00bb1\/2&Prime;][info_list_father listclr=\u00a0\u00bb#f8f8f8&Prime;][info_list_son style=\u00a0\u00bbicon\u00a0\u00bb size=\u00a0\u00bb15&Prime; width=\u00a0\u00bb20&Prime; height=\u00a0\u00bb20&Prime; titleclr=\u00a0\u00bb#890000&Prime; icon=\u00a0\u00bbfas fa-plane-departure\u00a0\u00bb iconclr=\u00a0\u00bb#890000&Prime; title=\u00a0\u00bbINCLUS\u00a0\u00bb borderclr=\u00a0\u00bb#f8f8f8&Prime;]\n<ul class=\"list list--icon\">\n<li>Frais de parc au parc indiqu\u00e9.<\/li>\n<li>Transport dans un Landcruiser \u00e0 toit ouvert.<\/li>\n<li>Service d\u2019un chauffeur guide professionnel.<\/li>\n<li>Repas en pension compl\u00e8te au lodge \/ camp.<\/li>\n<li>5 nuits d\u2019h\u00e9bergement \u00e0 l\u2019h\u00f4tel respectif indiqu\u00e9.<\/li>\n<li>Eau \u00e0 volont\u00e9 dans le v\u00e9hicule.<\/li>\n<\/ul>\n[\/info_list_son][\/info_list_father][\/vc_column_inner][vc_column_inner width=\u00a0\u00bb1\/2&Prime;][info_list_father listclr=\u00a0\u00bb#f8f8f8&Prime;][info_list_son style=\u00a0\u00bbicon\u00a0\u00bb size=\u00a0\u00bb15&Prime; width=\u00a0\u00bb20&Prime; height=\u00a0\u00bb20&Prime; titleclr=\u00a0\u00bb#890000&Prime; icon=\u00a0\u00bbfas fa-plane-arrival\u00a0\u00bb iconclr=\u00a0\u00bb#890000&Prime; title=\u00a0\u00bbEXCLU\u00a0\u00bb iconbg=\u00a0\u00bb#f8f8f8&Prime; borderclr=\u00a0\u00bb#f8f8f8&Prime;]\n<ul class=\"list list--icon\">\n<li>Visite culturelle du village Masa\u00ef @ 20 $ par personne.<\/li>\n<li>Pourboires au chauffeur-guide (<strong>fortement recommand\u00e9<\/strong>).<\/li>\n<li>Objets personnels <span class=\"txt--xsmall txt--xgrey\">(Souvenirs, assurance voyage, frais de visa, etc.)<\/span><\/li>\n<li>H\u00e9bergement suppl\u00e9mentaire avant et \u00e0 la fin de la visite.<\/li>\n<li>Le gouvernement a impos\u00e9 une augmentation des taxes et\/ou des frais de parc.<\/li>\n<li>Vols en montgolfi\u00e8re @ 450 $ par adulte \/ 350 $ par enfant (<strong>moins de 18 ans<\/strong>).<\/li>\n<li>Frais de visa de 100 $ par personne du Kenya \u00e0 la Tanzanie.<\/li>\n<li>Vols internationaux et int\u00e9rieurs.<\/li>\n<li>La franchise de bagages est STRICTEMENT limit\u00e9e \u00e0 15 kg par personne.<\/li>\n<li>Les b\u00e9b\u00e9s qui ne paient pas pour un si\u00e8ge n\u2019ont pas droit \u00e0 une franchise de bagages.<\/li>\n<\/ul>\n[\/info_list_son][\/info_list_father][\/vc_column_inner][\/vc_row_inner][\/vc_tta_section][vc_tta_section title=\u00a0\u00bbListe de contr\u00f4le de voyage\u00a0\u00bb tab_id=\u00a0\u00bb1678190180555-f7c0bbac-941c\u00a0\u00bb][vc_row_inner][vc_column_inner width=\u00a0\u00bb1\/2&Prime;][vc_custom_heading text=\u00a0\u00bbAvant de voyager\u00a0\u00bb font_container=\u00a0\u00bbtag:h2|text_align:left|color:%23890000&Prime; google_fonts=\u00a0\u00bbfont_family:Open%20Sans%3A300%2C300italic%2Cregular%2Citalic%2C600%2C600italic%2C700%2C700italic%2C800%2C800italic\u00a0\u00bb][vc_separator color=\u00a0\u00bbcustom\u00a0\u00bb align=\u00a0\u00bbalign_left\u00a0\u00bb border_width=\u00a0\u00bb2&Prime; el_width=\u00a0\u00bb20&Prime; accent_color=\u00a0\u00bb#890000&Prime;][vc_column_text]Avant de partir en voyage, assurez-vous de consulter nos conseils de voyage complets pour une exp\u00e9rience sans faille.[\/vc_column_text][vc_btn title=\u00a0\u00bbPour en savoir plus\u00a0\u00bb style=\u00a0\u00bboutline-custom\u00a0\u00bb outline_custom_color=\u00a0\u00bb#890000&Prime; outline_custom_hover_background=\u00a0\u00bb#890000&Prime; outline_custom_hover_text=\u00a0\u00bb#ffffff\u00a0\u00bb size=\u00a0\u00bbsm\u00a0\u00bb i_align=\u00a0\u00bbright\u00a0\u00bb i_icon_fontawesome=\u00a0\u00bbfas fa-angle-right\u00a0\u00bb add_icon=\u00a0\u00bbtrue\u00a0\u00bb link=\u00a0\u00bburl:https%3A%2F%2Fmufasatoursandtravels.com%2Fpreparing-to-travel%2F|title:Se%20pr%C3%A9parer%20%C3%A0%20voyager|\u00a0\u00bb][\/vc_column_inner][vc_column_inner width=\u00a0\u00bb1\/2&Prime;][vc_custom_heading text=\u00a0\u00bbSur r\u00e9servation\u00a0\u00bb font_container=\u00a0\u00bbtag:h2|text_align:left|color:%23890000&Prime; google_fonts=\u00a0\u00bbfont_family:Open%20Sans%3A300%2C300italic%2Cregular%2Citalic%2C600%2C600italic%2C700%2C700italic%2C800%2C800italic\u00a0\u00bb][vc_separator color=\u00a0\u00bbcustom\u00a0\u00bb align=\u00a0\u00bbalign_left\u00a0\u00bb border_width=\u00a0\u00bb2&Prime; el_width=\u00a0\u00bb20&Prime; accent_color=\u00a0\u00bb#890000&Prime;][vc_column_text]Am\u00e9liorez la planification de votre voyage en t\u00e9l\u00e9chargeant des informations pr\u00e9cieuses sur la destination, telles que les exigences en mati\u00e8re de passeport et de visa, les vaccinations recommand\u00e9es, les restrictions de bagages, la liste de colisage et les directives de pourboire.[\/vc_column_text][vc_btn title=\u00a0\u00bbPour en savoir plus\u00a0\u00bb style=\u00a0\u00bboutline-custom\u00a0\u00bb outline_custom_color=\u00a0\u00bb#890000&Prime; outline_custom_hover_background=\u00a0\u00bb#890000&Prime; outline_custom_hover_text=\u00a0\u00bb#ffffff\u00a0\u00bb size=\u00a0\u00bbsm\u00a0\u00bb i_align=\u00a0\u00bbright\u00a0\u00bb i_icon_fontawesome=\u00a0\u00bbfas fa-angle-right\u00a0\u00bb add_icon=\u00a0\u00bbtrue\u00a0\u00bb link=\u00a0\u00bburl:https%3A%2F%2Fmufasatoursandtravels.com%2Fwhat-to-know-before-arrival-in-east-africa%2F|title:CE%20QU%E2%80%99IL%20FAUT%20SAVOIR%20AVANT%20D%E2%80%99ARRIVER%20EN%20AFRIQUE%20DE%20L%E2%80%99EST|\u00a0\u00bb][\/vc_column_inner][\/vc_row_inner][vc_row_inner][vc_column_inner width=\u00a0\u00bb1\/2&Prime;][vc_custom_heading text=\u00a0\u00bbPendant la visite\u00a0\u00bb font_container=\u00a0\u00bbtag:h2|text_align:left|color:%23890000&Prime; google_fonts=\u00a0\u00bbfont_family:Open%20Sans%3A300%2C300italic%2Cregular%2Citalic%2C600%2C600italic%2C700%2C700italic%2C800%2C800italic\u00a0\u00bb][vc_separator color=\u00a0\u00bbcustom\u00a0\u00bb align=\u00a0\u00bbalign_left\u00a0\u00bb border_width=\u00a0\u00bb2&Prime; el_width=\u00a0\u00bb20&Prime; accent_color=\u00a0\u00bb#890000&Prime;][vc_column_text]Maximisez le succ\u00e8s de votre voyage en t\u00e9l\u00e9chargeant des informations essentielles sur votre ou vos destinations, y compris les exigences en mati\u00e8re de passeport et de visa, les directives de vaccination, les restrictions sur les bagages, la liste de colisage et les conseils de pourboire.[\/vc_column_text][vc_btn title=\u00a0\u00bbPour en savoir plus\u00a0\u00bb style=\u00a0\u00bboutline-custom\u00a0\u00bb outline_custom_color=\u00a0\u00bb#890000&Prime; outline_custom_hover_background=\u00a0\u00bb#890000&Prime; outline_custom_hover_text=\u00a0\u00bb#ffffff\u00a0\u00bb size=\u00a0\u00bbsm\u00a0\u00bb i_align=\u00a0\u00bbright\u00a0\u00bb i_icon_fontawesome=\u00a0\u00bbfas fa-angle-right\u00a0\u00bb add_icon=\u00a0\u00bbtrue\u00a0\u00bb link=\u00a0\u00bburl:https%3A%2F%2Fmufasatoursandtravels.com%2Fpassports-and-visas%2F|title:Passeports%20et%20visas|\u00a0\u00bb][\/vc_column_inner][vc_column_inner width=\u00a0\u00bb1\/2&Prime;][vc_custom_heading text=\u00a0\u00bbApr\u00e8s la visite\u00a0\u00bb font_container=\u00a0\u00bbtag:h2|text_align:left|color:%23890000&Prime; google_fonts=\u00a0\u00bbfont_family:Open%20Sans%3A300%2C300italic%2Cregular%2Citalic%2C600%2C600italic%2C700%2C700italic%2C800%2C800italic\u00a0\u00bb][vc_separator color=\u00a0\u00bbcustom\u00a0\u00bb align=\u00a0\u00bbalign_left\u00a0\u00bb border_width=\u00a0\u00bb2&Prime; el_width=\u00a0\u00bb20&Prime; accent_color=\u00a0\u00bb#890000&Prime;][vc_column_text]Alors que vous vous pr\u00e9lassez dans la lueur de votre aventure, nous sommes l\u00e0 pour vous aider avec des conseils essentiels apr\u00e8s le voyage, afin que votre retour \u00e0 la maison soit aussi fluide et confortable que votre voyage lui-m\u00eame.[\/vc_column_text][\/vc_column_inner][\/vc_row_inner][\/vc_tta_section][\/vc_tta_tabs][wdo_ult_icon_seperator wdo_seperator_icon=\u00a0\u00bbfas fa-paw\u00a0\u00bb wdo_seperator_color=\u00a0\u00bb#890000&Prime; wdo_seperator_opacity=\u00a0\u00bb.2&Prime;][vc_btn title=\u00a0\u00bbObtenir un devis\u00a0\u00bb style=\u00a0\u00bboutline-custom\u00a0\u00bb outline_custom_color=\u00a0\u00bb#890000&Prime; outline_custom_hover_background=\u00a0\u00bb#890000&Prime; outline_custom_hover_text=\u00a0\u00bb#ffffff\u00a0\u00bb size=\u00a0\u00bbsm\u00a0\u00bb align=\u00a0\u00bbcenter\u00a0\u00bb i_align=\u00a0\u00bbright\u00a0\u00bb i_icon_fontawesome=\u00a0\u00bbfas fa-angle-right\u00a0\u00bb add_icon=\u00a0\u00bbtrue\u00a0\u00bb link=\u00a0\u00bburl:https%3A%2F%2Fmufasatoursandtravels.com%2Ffr%2Fdemander-un-devis%2F|title:Demander%20un%20devis|\u00a0\u00bb css=\u00a0\u00bb.vc_custom_1724250385379{padding: 10px !important;}\u00a0\u00bb][vc_column_text]\n<p style=\"text-align: left;\"><strong>D\u00c9MENTI.<\/strong><\/p>\n<ul>\n<li>Cette visite est propos\u00e9e par <a href=\"https:\/\/mufasatoursandtravels.com\/fr\/\">Mufasa Tours and Travels<\/a>.<\/li>\n<li>Tous nos safaris sont priv\u00e9s.<\/li>\n<li>Les enfants \u00e2g\u00e9s de 0 \u00e0 2 ans sont gratuits.<\/li>\n<li>Les enfants \u00e2g\u00e9s de 3 \u00e0 12 ans paient 50&nbsp;% du tarif adulte lorsqu\u2019ils partagent la m\u00eame chambre avec des adultes.<\/li>\n<li>Les enfants \u00e2g\u00e9s de 3 \u00e0 12 ans paient 75 % du tarif adulte lorsqu\u2019ils s\u00e9journent dans leur propre chambre s\u00e9par\u00e9e de celle des adultes.<\/li>\n<li>Les enfants de plus de 12 ans sont reconnus comme des adultes dans les camps et les pavillons.<\/li>\n<li>Nous nous r\u00e9servons le droit de modifier le programme tel qu\u2019annonc\u00e9.<\/li>\n<li>Si un logement est complet, nous vous proposerons des options alternatives comparables.<\/li>\n<li>L\u2019ordre exact, le contenu et les tarifs de cette visite sont soumis \u00e0 disponibilit\u00e9.<\/li>\n<li>Cette visite est soumise aux <a href=\"https:\/\/mufasatoursandtravels.com\/terms-and-conditions\/\">termes et conditions<\/a> de <a href=\"https:\/\/mufasatoursandtravels.com\/fr\/\">Mufasa Tours and Travels.<\/a><\/li>\n<\/ul>\n[\/vc_column_text][\/vc_column][\/vc_row]\n","protected":false},"excerpt":{"rendered":"<p>[vc_row full_width=\u00a0\u00bbstretch_row\u00a0\u00bb css=\u00a0\u00bb.vc_custom_1678190291594{border-top-width: 10px !important;border-right-width: 10px !important;border-bottom-width: 10px !important;border-left-width: 10px !important;}\u00a0\u00bb][vc_column parallax=\u00a0\u00bbcontent-moving\u00a0\u00bb parallax_image=\u00a0\u00bb11132&Prime; parallax_speed_bg=\u00a0\u00bb1.3&Prime; css=\u00a0\u00bb.vc_custom_1687260112611{padding-top: 80px !important;padding-right: 80px !important;padding-bottom: 80px !important;padding-left: 80px !important;}\u00a0\u00bb][vc_custom_heading text=\u00a0\u00bbBIG FIVE SAFARI\u00a0\u00bb font_container=\u00a0\u00bbtag:h1|font_size:32|text_align:center|color:%23ffffff\u00a0\u00bb google_fonts=\u00a0\u00bbfont_family:Roboto%3A100%2C100italic%2C300%2C300italic%2Cregular%2Citalic%2C500%2C500italic%2C700%2C700italic%2C900%2C900italic|font_style:400%20regular%3A400%3Anormal\u00a0\u00bb][vc_separator color=\u00a0\u00bbcustom\u00a0\u00bb border_width=\u00a0\u00bb2&Prime; el_width=\u00a0\u00bb80&Prime; accent_color=\u00a0\u00bb#f8f8f8&Prime;][vc_custom_heading text=\u00a0\u00bbL.Nakuru \u21fe Masai Mara \u21fe Serengeti \u21fe Ngorongoro \u21fe Arusha\u00a0\u00bb font_container=\u00a0\u00bbtag:h2|font_size:18|text_align:center|color:%23ffffff\u00a0\u00bb google_fonts=\u00a0\u00bbfont_family:Roboto%3A100%2C100italic%2C300%2C300italic%2Cregular%2Citalic%2C500%2C500italic%2C700%2C700italic%2C900%2C900italic|font_style:400%20regular%3A400%3Anormal\u00a0\u00bb][\/vc_column][\/vc_row][vc_row full_width=\u00a0\u00bbstretch_row\u00a0\u00bb css=\u00a0\u00bb.vc_custom_1678190281604{border-top-width: 10px !important;border-right-width: 10px !important;border-bottom-width: 10px !important;border-left-width: 10px !important;}\u00a0\u00bb][vc_column][vc_tta_tabs color=\u00a0\u00bbjuicy-pink\u00a0\u00bb [&hellip;]<\/p>\n","protected":false},"author":4,"featured_media":0,"parent":27972,"menu_order":1,"comment_status":"closed","ping_status":"closed","template":"","meta":{"_themeisle_gutenberg_block_has_review":false,"footnotes":""},"class_list":["post-30808","page","type-page","status-publish","hentry"],"_links":{"self":[{"href":"https:\/\/mufasatoursandtravels.com\/fr\/wp-json\/wp\/v2\/pages\/30808","targetHints":{"allow":["GET"]}}],"collection":[{"href":"https:\/\/mufasatoursandtravels.com\/fr\/wp-json\/wp\/v2\/pages"}],"about":[{"href":"https:\/\/mufasatoursandtravels.com\/fr\/wp-json\/wp\/v2\/types\/page"}],"author":[{"embeddable":true,"href":"https:\/\/mufasatoursandtravels.com\/fr\/wp-json\/wp\/v2\/users\/4"}],"replies":[{"embeddable":true,"href":"https:\/\/mufasatoursandtravels.com\/fr\/wp-json\/wp\/v2\/comments?post=30808"}],"version-history":[{"count":1,"href":"https:\/\/mufasatoursandtravels.com\/fr\/wp-json\/wp\/v2\/pages\/30808\/revisions"}],"predecessor-version":[{"id":30810,"href":"https:\/\/mufasatoursandtravels.com\/fr\/wp-json\/wp\/v2\/pages\/30808\/revisions\/30810"}],"up":[{"embeddable":true,"href":"https:\/\/mufasatoursandtravels.com\/fr\/wp-json\/wp\/v2\/pages\/27972"}],"wp:attachment":[{"href":"https:\/\/mufasatoursandtravels.com\/fr\/wp-json\/wp\/v2\/media?parent=30808"}],"curies":[{"name":"wp","href":"https:\/\/api.w.org\/{rel}","templated":true}]}}