{"id":30829,"date":"2022-03-04T13:14:19","date_gmt":"2022-03-04T10:14:19","guid":{"rendered":"https:\/\/mufasatoursandtravels.com\/safaris-au-kenya-en-tanzanie-et-a-zanzibar\/safaris-prives-gold-connect\/"},"modified":"2025-04-08T12:08:48","modified_gmt":"2025-04-08T09:08:48","slug":"safaris-prives-gold-connect","status":"publish","type":"page","link":"https:\/\/mufasatoursandtravels.com\/fr\/safaris-au-kenya-en-tanzanie-et-a-zanzibar\/safaris-prives-gold-connect\/","title":{"rendered":"Safaris priv\u00e9s Gold Connect"},"content":{"rendered":"[vc_row full_width=\u00a0\u00bbstretch_row\u00a0\u00bb parallax=\u00a0\u00bbcontent-moving\u00a0\u00bb parallax_image=\u00a0\u00bb11244&Prime; parallax_speed_bg=\u00a0\u00bb1.7&Prime; css=\u00a0\u00bb.vc_custom_1687335902595{padding-top: 80px !important;padding-bottom: 80px !important;}\u00a0\u00bb][vc_column css=\u00a0\u00bb.vc_custom_1688040186846{padding: 100px !important;}\u00a0\u00bb][vc_custom_heading text=\u00a0\u00bbSAFARIS AU KENYA, EN TANZANIE ET \u00c0 ZANZIBAR\u00a0\u00bb font_container=\u00a0\u00bbtag:h1|font_size:32|text_align:center|color:%23ffffff\u00a0\u00bb google_fonts=\u00a0\u00bbfont_family:Roboto%3A100%2C100italic%2C300%2C300italic%2Cregular%2Citalic%2C500%2C500italic%2C700%2C700italic%2C900%2C900italic|font_style:400%20regular%3A400%3Anormal\u00a0\u00bb][vc_separator color=\u00a0\u00bbcustom\u00a0\u00bb border_width=\u00a0\u00bb2&Prime; el_width=\u00a0\u00bb80&Prime; accent_color=\u00a0\u00bb#f8f8f8&Prime;][vc_custom_heading text=\u00a0\u00bbFLY IN SAFARIS\u00a0\u00bb font_container=\u00a0\u00bbtag:h2|font_size:18|text_align:center|color:%23ffffff\u00a0\u00bb google_fonts=\u00a0\u00bbfont_family:Roboto%3A100%2C100italic%2C300%2C300italic%2Cregular%2Citalic%2C500%2C500italic%2C700%2C700italic%2C900%2C900italic|font_style:400%20regular%3A400%3Anormal\u00a0\u00bb][\/vc_column][\/vc_row][vc_row][vc_column css=\u00a0\u00bb.vc_custom_1687335082628{padding: 10px !important;}\u00a0\u00bb][vc_headings style=\u00a0\u00bbtheme3&Prime; linewidth=\u00a0\u00bb100&Prime; borderclr=\u00a0\u00bb#890000&Prime; title=\u00a0\u00bbFORFAITS OR\u00a0\u00bb google_fonts=\u00a0\u00bbfont_family:Roboto%3A100%2C100italic%2C300%2C300italic%2Cregular%2Citalic%2C500%2C500italic%2C700%2C700italic%2C900%2C900italic|font_style:400%20regular%3A400%3Anormal\u00a0\u00bb titleclr=\u00a0\u00bb#890000&Prime;][\/vc_headings][\/vc_column][\/vc_row][vc_row][vc_column css=\u00a0\u00bb.vc_custom_1687335082628{padding: 10px !important;}\u00a0\u00bb][vc_custom_heading text=\u00a0\u00bbEmbarquez pour l\u2019aventure a\u00e9rienne ultime avec nos safaris a\u00e9riens au Kenya et en Tanzanie. Survolez la vaste nature sauvage africaine et admirez des vues \u00e0 couper le souffle sur les savanes, les for\u00eats, la faune et les cours d\u2019eau. Vous vivrez le frisson de votre vie tout en explorant la faune diversifi\u00e9e et les paysages \u00e9poustouflants.  \u00a0\u00bb font_container=\u00a0\u00bbtag:h2|font_size:20|text_align:center|color:%23444444&Prime; google_fonts=\u00a0\u00bbfont_family:Roboto%3A100%2C100italic%2C300%2C300italic%2Cregular%2Citalic%2C500%2C500italic%2C700%2C700italic%2C900%2C900italic|font_style:400%20regular%3A400%3Anormal\u00a0\u00bb][\/vc_column][\/vc_row][vc_row][vc_column width=\u00a0\u00bb1\/3&Prime; css=\u00a0\u00bb.vc_custom_1687335106283{padding: 10px !important;}\u00a0\u00bb]<div class=\"cq-hovercard cq-rotate  cq-hovercard-hideicon\" data-contentcolor=\"#ffffff\" data-iconcolor=\"#890000\" data-bgheight=\"240\" data-captionoffset=\"\" data-videowidth=\"640\" data-linktype=\"customlink\" data-bgtype=\"image\" data-lightboxmargin=\"\"><a href=\"https:\/\/mufasatoursandtravels.com\/kenya-tanzania-zanzibar-safaris\/gold-connect-private-safaris\/magical-grasslands-safari\/\" title=\"Magical Grasslands Safari\" target=\"\" class=\"cq-hovercard-customlink\"><img decoding=\"async\" src=\"https:\/\/mufasatoursandtravels.com\/wp-content\/uploads\/2023\/01\/crater-zebras.jpg\" class=\"cq-hovercard-background\" alt=\"\" \/><div class=\"cq-hovercard-textcontainer\"><div class=\"cq-hovercard-title\">PRAIRIES MAGIQUES<\/div><div class=\"cq-hovercard-content\">8 Days | 7 Nights<\/div><i class=\"cq-hovercard-icon vc-material vc-material-star_border\"><\/i><\/div><\/a><\/div>[\/vc_column][vc_column width=\u00a0\u00bb1\/3&Prime; css=\u00a0\u00bb.vc_custom_1687335133269{padding: 10px !important;}\u00a0\u00bb]<div class=\"cq-hovercard cq-rotate  cq-hovercard-hideicon\" data-contentcolor=\"\" data-iconcolor=\"#890000\" data-bgheight=\"240\" data-captionoffset=\"\" data-videowidth=\"640\" data-linktype=\"customlink\" data-bgtype=\"image\" data-lightboxmargin=\"\"><a href=\"https:\/\/mufasatoursandtravels.com\/kenya-tanzania-zanzibar-safaris\/gold-connect-private-safaris\/above-and-beyond-experience-safari\/\" title=\"Above and Beyond Experience Safari\" target=\"\" class=\"cq-hovercard-customlink\"><img decoding=\"async\" src=\"https:\/\/mufasatoursandtravels.com\/wp-content\/uploads\/2023\/01\/Lions-Mara-scaled.jpg\" class=\"cq-hovercard-background\" alt=\"\" \/><div class=\"cq-hovercard-textcontainer\"><div class=\"cq-hovercard-title\">AU-DEL\u00c0 DES ATTENTES<\/div><div class=\"cq-hovercard-content\">10 DAYS | 9 NIGHTS<\/div><i class=\"cq-hovercard-icon vc-material vc-material-star_border\"><\/i><\/div><\/a><\/div>[\/vc_column][vc_column width=\u00a0\u00bb1\/3&Prime; css=\u00a0\u00bb.vc_custom_1687335149033{padding: 10px !important;}\u00a0\u00bb]<div class=\"cq-hovercard cq-rotate  cq-hovercard-hideicon\" data-contentcolor=\"\" data-iconcolor=\"#890000\" data-bgheight=\"240\" data-captionoffset=\"\" data-videowidth=\"640\" data-linktype=\"customlink\" data-bgtype=\"image\" data-lightboxmargin=\"\"><a href=\"https:\/\/mufasatoursandtravels.com\/kenya-tanzania-zanzibar-safaris\/gold-connect-private-safaris\/kenya-tanzania-grandeur-safari\/\" title=\"Kenya Tanzania Grandeur Safari\" target=\"\" class=\"cq-hovercard-customlink\"><img decoding=\"async\" src=\"https:\/\/mufasatoursandtravels.com\/wp-content\/uploads\/2023\/01\/hot-air-ballon-scaled.jpg\" class=\"cq-hovercard-background\" alt=\"\" \/><div class=\"cq-hovercard-textcontainer\"><div class=\"cq-hovercard-title\">KENYA - TANZANIE GRANDEUR<\/div><div class=\"cq-hovercard-content\">12 Days | 11 Nights<\/div><i class=\"cq-hovercard-icon vc-material vc-material-star_border\"><\/i><\/div><\/a><\/div>[\/vc_column][\/vc_row][vc_row][vc_column][vc_empty_space][\/vc_column][\/vc_row]\n","protected":false},"excerpt":{"rendered":"<p>[vc_row full_width=\u00a0\u00bbstretch_row\u00a0\u00bb parallax=\u00a0\u00bbcontent-moving\u00a0\u00bb parallax_image=\u00a0\u00bb11244&Prime; parallax_speed_bg=\u00a0\u00bb1.7&Prime; css=\u00a0\u00bb.vc_custom_1687335902595{padding-top: 80px !important;padding-bottom: 80px !important;}\u00a0\u00bb][vc_column css=\u00a0\u00bb.vc_custom_1688040186846{padding: 100px !important;}\u00a0\u00bb][vc_custom_heading text=\u00a0\u00bbSAFARIS AU KENYA, EN TANZANIE ET \u00c0 ZANZIBAR\u00a0\u00bb font_container=\u00a0\u00bbtag:h1|font_size:32|text_align:center|color:%23ffffff\u00a0\u00bb google_fonts=\u00a0\u00bbfont_family:Roboto%3A100%2C100italic%2C300%2C300italic%2Cregular%2Citalic%2C500%2C500italic%2C700%2C700italic%2C900%2C900italic|font_style:400%20regular%3A400%3Anormal\u00a0\u00bb][vc_separator color=\u00a0\u00bbcustom\u00a0\u00bb border_width=\u00a0\u00bb2&Prime; el_width=\u00a0\u00bb80&Prime; accent_color=\u00a0\u00bb#f8f8f8&Prime;][vc_custom_heading text=\u00a0\u00bbFLY IN SAFARIS\u00a0\u00bb font_container=\u00a0\u00bbtag:h2|font_size:18|text_align:center|color:%23ffffff\u00a0\u00bb google_fonts=\u00a0\u00bbfont_family:Roboto%3A100%2C100italic%2C300%2C300italic%2Cregular%2Citalic%2C500%2C500italic%2C700%2C700italic%2C900%2C900italic|font_style:400%20regular%3A400%3Anormal\u00a0\u00bb][\/vc_column][\/vc_row][vc_row][vc_column css=\u00a0\u00bb.vc_custom_1687335082628{padding: 10px !important;}\u00a0\u00bb][vc_headings style=\u00a0\u00bbtheme3&Prime; linewidth=\u00a0\u00bb100&Prime; borderclr=\u00a0\u00bb#890000&Prime; title=\u00a0\u00bbFORFAITS OR\u00a0\u00bb google_fonts=\u00a0\u00bbfont_family:Roboto%3A100%2C100italic%2C300%2C300italic%2Cregular%2Citalic%2C500%2C500italic%2C700%2C700italic%2C900%2C900italic|font_style:400%20regular%3A400%3Anormal\u00a0\u00bb titleclr=\u00a0\u00bb#890000&Prime;][\/vc_headings][\/vc_column][\/vc_row][vc_row][vc_column css=\u00a0\u00bb.vc_custom_1687335082628{padding: 10px !important;}\u00a0\u00bb][vc_custom_heading text=\u00a0\u00bbEmbarquez pour l\u2019aventure a\u00e9rienne ultime avec nos safaris a\u00e9riens au [&hellip;]<\/p>\n","protected":false},"author":4,"featured_media":0,"parent":27972,"menu_order":9,"comment_status":"closed","ping_status":"closed","template":"","meta":{"_themeisle_gutenberg_block_has_review":false,"footnotes":""},"class_list":["post-30829","page","type-page","status-publish","hentry"],"_links":{"self":[{"href":"https:\/\/mufasatoursandtravels.com\/fr\/wp-json\/wp\/v2\/pages\/30829","targetHints":{"allow":["GET"]}}],"collection":[{"href":"https:\/\/mufasatoursandtravels.com\/fr\/wp-json\/wp\/v2\/pages"}],"about":[{"href":"https:\/\/mufasatoursandtravels.com\/fr\/wp-json\/wp\/v2\/types\/page"}],"author":[{"embeddable":true,"href":"https:\/\/mufasatoursandtravels.com\/fr\/wp-json\/wp\/v2\/users\/4"}],"replies":[{"embeddable":true,"href":"https:\/\/mufasatoursandtravels.com\/fr\/wp-json\/wp\/v2\/comments?post=30829"}],"version-history":[{"count":1,"href":"https:\/\/mufasatoursandtravels.com\/fr\/wp-json\/wp\/v2\/pages\/30829\/revisions"}],"predecessor-version":[{"id":30832,"href":"https:\/\/mufasatoursandtravels.com\/fr\/wp-json\/wp\/v2\/pages\/30829\/revisions\/30832"}],"up":[{"embeddable":true,"href":"https:\/\/mufasatoursandtravels.com\/fr\/wp-json\/wp\/v2\/pages\/27972"}],"wp:attachment":[{"href":"https:\/\/mufasatoursandtravels.com\/fr\/wp-json\/wp\/v2\/media?parent=30829"}],"curies":[{"name":"wp","href":"https:\/\/api.w.org\/{rel}","templated":true}]}}