{"id":30864,"date":"2022-02-25T08:55:19","date_gmt":"2022-02-25T05:55:19","guid":{"rendered":"https:\/\/mufasatoursandtravels.com\/bush-beyond-fly-in-safari\/"},"modified":"2025-04-10T16:44:56","modified_gmt":"2025-04-10T13:44:56","slug":"bush-beyond-fly-in-safari","status":"publish","type":"page","link":"https:\/\/mufasatoursandtravels.com\/fr\/safaris-aeriens-au-kenya\/kenya-flying-safaris-long-sejour\/bush-beyond-fly-in-safari\/","title":{"rendered":"Bush &amp; Beyond Fly In Safari"},"content":{"rendered":"[vc_row][vc_column parallax=\u00a0\u00bbcontent-moving\u00a0\u00bb parallax_image=\u00a0\u00bb11236&Prime; parallax_speed_bg=\u00a0\u00bb1.9&Prime; css=\u00a0\u00bb.vc_custom_1690358230978{padding-top: 80px !important;padding-right: 80px !important;padding-bottom: 80px !important;padding-left: 80px !important;}\u00a0\u00bb][vc_custom_heading text=\u00a0\u00bbBROUSSE ET AU-DEL\u00c0\u00a0\u00bb font_container=\u00a0\u00bbtag:h2|font_size:32|text_align:center|color:%23ffffff\u00a0\u00bb google_fonts=\u00a0\u00bbfont_family:Roboto%3A100%2C100italic%2C300%2C300italic%2Cregular%2Citalic%2C500%2C500italic%2C700%2C700italic%2C900%2C900italic|font_style:400%20regular%3A400%3Anormal\u00a0\u00bb][vc_custom_heading text=\u00a0\u00bbVenez en avion\u00a0\u00bb font_container=\u00a0\u00bbtag:h2|font_size:20|text_align:center|color:%23ffffff\u00a0\u00bb google_fonts=\u00a0\u00bbfont_family:Roboto%3A100%2C100italic%2C300%2C300italic%2Cregular%2Citalic%2C500%2C500italic%2C700%2C700italic%2C900%2C900italic|font_style:400%20regular%3A400%3Anormal\u00a0\u00bb][vc_separator color=\u00a0\u00bbcustom\u00a0\u00bb el_width=\u00a0\u00bb80&Prime; accent_color=\u00a0\u00bb#f8f8f8&Prime;][vc_custom_heading text=\u00a0\u00bbLewa Downs Conservancy \u21fe Masai Mara \u21fe Plage de Diani\u00a0\u00bb font_container=\u00a0\u00bbtag:h2|font_size:22|text_align:center|color:%23ffffff\u00a0\u00bb google_fonts=\u00a0\u00bbfont_family:Roboto%3A100%2C100italic%2C300%2C300italic%2Cregular%2Citalic%2C500%2C500italic%2C700%2C700italic%2C900%2C900italic|font_style:400%20regular%3A400%3Anormal\u00a0\u00bb][\/vc_column][\/vc_row][vc_row][vc_column css=\u00a0\u00bb.vc_custom_1675251473531{border-top-width: 10px !important;border-right-width: 10px !important;border-bottom-width: 10px !important;border-left-width: 10px !important;}\u00a0\u00bb][vc_tta_tabs shape=\u00a0\u00bbsquare\u00a0\u00bb color=\u00a0\u00bbjuicy-pink\u00a0\u00bb alignment=\u00a0\u00bbcenter\u00a0\u00bb active_section=\u00a0\u00bb1&Prime;][vc_tta_section title=\u00a0\u00bbProgramme\u00a0\u00bb tab_id=\u00a0\u00bb1645777668819-be153009-1f91&Prime;][info_list_father listclr=\u00a0\u00bb#f8f8f8&Prime;][info_list_son style=\u00a0\u00bbicon\u00a0\u00bb size=\u00a0\u00bb15&Prime; width=\u00a0\u00bb20&Prime; height=\u00a0\u00bb20&Prime; titleclr=\u00a0\u00bb#890000&Prime; icon=\u00a0\u00bbfas fa-paw\u00a0\u00bb iconclr=\u00a0\u00bb#890000&Prime; title=\u00a0\u00bbJOUR 1 : NAIROBI VOL VERS LEWA DOWNS CONSERVANCY\u00a0\u00bb caption_url=\u00a0\u00bb\u00a0\u00bb]\n<ul>\n<li>Prise en charge \u00e0 votre h\u00f4tel \u00e0 Nairobi et transfert \u00e0 l\u2019a\u00e9roport Wilson de Nairobi.<\/li>\n<li>Enregistrement et attente \u00e0 l\u2019embarquement pour Lewa Downs Conservancy qui part de l\u2019a\u00e9roport Wilson \u00e0 10h00 et arrive \u00e0 11h00.<\/li>\n<li>\u00c0 votre arriv\u00e9e \u00e0 la piste d\u2019atterrissage de Lewa Downs, vous serez accueilli par notre guide qui vous transf\u00e9rera au camp pour le d\u00e9jeuner et la d\u00e9tente.<\/li>\n<li>Plus tard, nous partirons en safari en soir\u00e9e jusqu\u2019au coucher du soleil africain o\u00f9 nous retournerons au camp pour le d\u00eener et la nuit.<\/li>\n<\/ul>\n[\/info_list_son][info_list_son style=\u00a0\u00bbicon\u00a0\u00bb size=\u00a0\u00bb15&Prime; width=\u00a0\u00bb20&Prime; height=\u00a0\u00bb20&Prime; titleclr=\u00a0\u00bb#890000&Prime; icon=\u00a0\u00bbfas fa-paw\u00a0\u00bb iconclr=\u00a0\u00bb#890000&Prime; title=\u00a0\u00bbJOUR 2 : LEWA DOWNS CONSERVANCY\u00a0\u00bb caption_url=\u00a0\u00bb\u00a0\u00bb]\n<ul>\n<li>Petit-d\u00e9jeuner matinal au camp ou au lodge.<\/li>\n<li>Partez pour une promenade matinale dans la nature et un safari l\u2019apr\u00e8s-midi. Vous avez la possibilit\u00e9 d\u2019explorer Lewa \u00e0 cheval ou \u00e0 dos de chameau, ce qui est le meilleur moyen de vous rapprocher de la faune. \u00c0 cheval, l\u2019homme devient un animal comme les autres et se fond dans la faune. Cela vous permet de rouler aux c\u00f4t\u00e9s d\u2019un z\u00e8bre ou d\u2019une girafe et de vivre le frisson de courir librement. Les man\u00e8ges peuvent \u00eatre ajust\u00e9s pour s\u2019adapter \u00e0 une vari\u00e9t\u00e9 de niveaux.    <\/li>\n<li>Pour ceux qui souhaitent s\u2019aventurer plus loin, vous pouvez \u00e9galement r\u00e9server une excursion en h\u00e9licopt\u00e8re. Il existe plusieurs excursions d\u2019une demi-journ\u00e9e ou d\u2019une journ\u00e9e compl\u00e8te auxquelles vous pouvez vous adonner, notamment le vol jusqu\u2019au mont Kenya avec un petit-d\u00e9jeuner pique-pour une partie de la p\u00eache \u00e0 la mouche, jusqu\u2019\u00e0 la fronti\u00e8re nord et la vue sur le lac Turkana, l\u2019interaction avec la tribu peu connue des Pokot et le survol de l\u2019extraordinaire vall\u00e9e de Suguta ou le vol jusqu\u2019au crat\u00e8re Magado o\u00f9 des flaques d\u2019eau sal\u00e9e capturent les couleurs de l\u2019arc-en-ciel. <\/li>\n<li>Retour au camp pour le d\u00eener et la nuit.<\/li>\n<\/ul>\n[\/info_list_son][info_list_son style=\u00a0\u00bbicon\u00a0\u00bb size=\u00a0\u00bb15&Prime; width=\u00a0\u00bb20&Prime; height=\u00a0\u00bb20&Prime; titleclr=\u00a0\u00bb#890000&Prime; icon=\u00a0\u00bbfas fa-paw\u00a0\u00bb iconclr=\u00a0\u00bb#890000&Prime; title=\u00a0\u00bbJOUR 3 : VOL DE LEWA DOWNS CONSERVANCY VERS LE MASAI MARA\u00a0\u00bb caption_url=\u00a0\u00bb\u00a0\u00bb]\n<ul>\n<li>Petit-d\u00e9jeuner matinal au camp.<\/li>\n<li>Partez avec vos bagages et soyez transf\u00e9r\u00e9 \u00e0 la piste d\u2019atterrissage pour retourner au Masai Mara.<\/li>\n<li>\u00c0 votre arriv\u00e9e au Masai Mara, notre guide vous attendra et vous transf\u00e9rera au camp pour l\u2019enregistrement.<\/li>\n<li>D\u00e9jeuner au camp.<\/li>\n<li>Safaris de l\u2019apr\u00e8s-midi jusqu\u2019au coucher du soleil.<\/li>\n<li>D\u00eener au camp.<\/li>\n<\/ul>\n[\/info_list_son][info_list_son style=\u00a0\u00bbicon\u00a0\u00bb size=\u00a0\u00bb15&Prime; width=\u00a0\u00bb20&Prime; height=\u00a0\u00bb20&Prime; titleclr=\u00a0\u00bb#890000&Prime; icon=\u00a0\u00bbfas fa-paw\u00a0\u00bb iconclr=\u00a0\u00bb#890000&Prime; title=\u00a0\u00bbJOURS 4 ET 5 : SAFARIS AU MASAI MARA\u00a0\u00bb caption_url=\u00a0\u00bb\u00a0\u00bb]\n<ul>\n<li>Petit-d\u00e9jeuner matinal au camp.<\/li>\n<li>Safaris d\u2019une journ\u00e9e compl\u00e8te.<\/li>\n<li>Panier-repas servi dans la brousse.<\/li>\n<li>Couchers de soleil plus tard dans la brousse dans la soir\u00e9e.<\/li>\n<li>D\u00eener au camp.<\/li>\n<\/ul>\n[\/info_list_son][info_list_son style=\u00a0\u00bbicon\u00a0\u00bb size=\u00a0\u00bb15&Prime; width=\u00a0\u00bb20&Prime; height=\u00a0\u00bb20&Prime; titleclr=\u00a0\u00bb#890000&Prime; icon=\u00a0\u00bbfas fa-paw\u00a0\u00bb iconclr=\u00a0\u00bb#890000&Prime; title=\u00a0\u00bbJOUR 6 : VOL DU MASAI MARA VERS LA PLAGE DE DIANI\u00a0\u00bb caption_url=\u00a0\u00bb\u00a0\u00bb]\n<ul>\n<li>Petit-d\u00e9jeuner matinal au camp.<\/li>\n<li>Partez avec vos bagages et soyez transf\u00e9r\u00e9 \u00e0 la piste d\u2019atterrissage pour retourner \u00e0 la plage de Diani via Nairobi.<\/li>\n<li>\u00c0 votre arriv\u00e9e \u00e0 la piste d\u2019atterrissage d\u2019Ukunda, Diani, notre repr\u00e9sentante de la soci\u00e9t\u00e9, viendra vous chercher et vous transf\u00e9rera \u00e0 la station.<\/li>\n<li>D\u00e9jeuner \u00e0 la station.<\/li>\n<li>Repos une partie de l\u2019apr\u00e8s-midi \u00e0 loisir \u00e0 la plage.<\/li>\n<li>D\u00eener \u00e0 la station.<\/li>\n<\/ul>\n[\/info_list_son][info_list_son style=\u00a0\u00bbicon\u00a0\u00bb size=\u00a0\u00bb15&Prime; width=\u00a0\u00bb20&Prime; height=\u00a0\u00bb20&Prime; titleclr=\u00a0\u00bb#890000&Prime; icon=\u00a0\u00bbfas fa-paw\u00a0\u00bb iconclr=\u00a0\u00bb#890000&Prime; title=\u00a0\u00bbJOURS 7 &amp; 8 : D\u00c9TENTE \u00c0 LA PLAGE DE DIANI\u00a0\u00bb caption_url=\u00a0\u00bb\u00a0\u00bb]\n<ul>\n<li>Petit-d\u00e9jeuner \u00e0 la station.<\/li>\n<li>Reposez-vous une partie de la journ\u00e9e \u00e0 votre guise au complexe et profitez des commodit\u00e9s de l\u2019h\u00f4tel telles que la natation, les promenades en bateau \u00e0 fond de verre, le kite surf, la plong\u00e9e avec tuba, tout peut \u00eatre organis\u00e9 au complexe moyennant des frais suppl\u00e9mentaires.<\/li>\n<li>D\u00e9jeuner et d\u00eener \u00e0 l\u2019h\u00f4tel.<\/li>\n<\/ul>\n[\/info_list_son][info_list_son style=\u00a0\u00bbicon\u00a0\u00bb size=\u00a0\u00bb10&Prime; width=\u00a0\u00bb20&Prime; height=\u00a0\u00bb20&Prime; titleclr=\u00a0\u00bb#890000&Prime; icon=\u00a0\u00bbfas fa-paw\u00a0\u00bb iconclr=\u00a0\u00bb#890000&Prime; title=\u00a0\u00bbJOUR 9 : DIANI BEACH : RETOUR \u00c0 NAIROBI\u00a0\u00bb caption_url=\u00a0\u00bb\u00a0\u00bb]\n<ul>\n<li>Petit-d\u00e9jeuner \u00e0 la station.<\/li>\n<li>Partez plus tard et notre repr\u00e9sentant de l\u2019entreprise vous d\u00e9posera \u00e0 la piste d\u2019atterrissage d\u2019Ukunda.<\/li>\n<li>Vol de retour \u00e0 Nairobi.<\/li>\n<li>\u00c0 votre arriv\u00e9e, le repr\u00e9sentant de notre entreprise viendra vous chercher et vous transf\u00e9rera \u00e0 l\u2019a\u00e9roport ou \u00e0 l\u2019h\u00f4tel de votre choix.<\/li>\n<\/ul>\n[\/info_list_son][\/info_list_father][\/vc_tta_section][vc_tta_section title=\u00a0\u00bbInclusif\/Exclusif\u00a0\u00bb tab_id=\u00a0\u00bb1645777679356-1f5cf022-10af\u00a0\u00bb][vc_row_inner][vc_column_inner width=\u00a0\u00bb1\/2&Prime;][info_list_father][info_list_son style=\u00a0\u00bbicon\u00a0\u00bb size=\u00a0\u00bb15&Prime; width=\u00a0\u00bb20&Prime; height=\u00a0\u00bb20&Prime; titleclr=\u00a0\u00bb#000000&Prime; icon=\u00a0\u00bbfas fa-user-plus\u00a0\u00bb iconclr=\u00a0\u00bb#890000&Prime; title=\u00a0\u00bbINCLUS\u00a0\u00bb caption_url=\u00a0\u00bb\u00a0\u00bb]\n<ul class=\"list list--icon\">\n<li>Frais de parc au parc indiqu\u00e9.<\/li>\n<li>Transport dans un Landcruiser \u00e0 toit ouvert.<\/li>\n<li>Service d\u2019un chauffeur-guide professionnel.<\/li>\n<li>Repas en pension compl\u00e8te au lodge \/ camp.<\/li>\n<li>8 nuits d\u2019h\u00e9bergement \u00e0 l\u2019h\u00f4tel respectif indiqu\u00e9.<\/li>\n<li>Vols int\u00e9rieurs au Kenya.<\/li>\n<li>Transferts a\u00e9roport<\/li>\n<\/ul>\n[\/info_list_son][\/info_list_father][\/vc_column_inner][vc_column_inner width=\u00a0\u00bb1\/2&Prime;][info_list_father][info_list_son style=\u00a0\u00bbicon\u00a0\u00bb size=\u00a0\u00bb15&Prime; width=\u00a0\u00bb20&Prime; height=\u00a0\u00bb20&Prime; titleclr=\u00a0\u00bb#000000&Prime; icon=\u00a0\u00bbfas fa-paw\u00a0\u00bb iconclr=\u00a0\u00bb#890000&Prime; title=\u00a0\u00bbEXCLU\u00a0\u00bb caption_url=\u00a0\u00bb\u00a0\u00bb]\n<ul class=\"list list--icon\">\n<li>Visite culturelle du village Masa\u00ef.<\/li>\n<li>Pourboires au chauffeur-guide (fortement recommand\u00e9).<\/li>\n<li>Objets personnels <span class=\"txt--xsmall txt--xgrey\">(Souvenirs, assurance voyage, frais de visa, etc.)<\/span><\/li>\n<li>H\u00e9bergement suppl\u00e9mentaire avant et \u00e0 la fin de la visite.<\/li>\n<li>Activit\u00e9s suppl\u00e9mentaires dans les camps ou les lodges.<\/li>\n<li>Vols en montgolfi\u00e8re @ 450 $ par adulte \/ 350 $ par enfant (<strong>moins de 12 ans<\/strong>).<\/li>\n<li>La franchise de bagages est STRICTEMENT limit\u00e9e \u00e0 15 kg par personne.<\/li>\n<li>Les b\u00e9b\u00e9s qui ne paient pas pour un si\u00e8ge n\u2019ont pas droit \u00e0 une franchise de bagages.<\/li>\n<\/ul>\n[\/info_list_son][\/info_list_father][\/vc_column_inner][\/vc_row_inner][\/vc_tta_section][vc_tta_section title=\u00a0\u00bbListe de contr\u00f4le de voyage\u00a0\u00bb tab_id=\u00a0\u00bb1645777684966-7df09203-3341&Prime;][vc_row_inner][vc_column_inner width=\u00a0\u00bb1\/2&Prime;][vc_custom_heading text=\u00a0\u00bbAvant de voyager\u00a0\u00bb font_container=\u00a0\u00bbtag:h2|text_align:left|color:%23890000&Prime; google_fonts=\u00a0\u00bbfont_family:Open%20Sans%3A300%2C300italic%2Cregular%2Citalic%2C600%2C600italic%2C700%2C700italic%2C800%2C800italic\u00a0\u00bb][vc_separator color=\u00a0\u00bbcustom\u00a0\u00bb align=\u00a0\u00bbalign_left\u00a0\u00bb border_width=\u00a0\u00bb2&Prime; el_width=\u00a0\u00bb20&Prime; accent_color=\u00a0\u00bb#890000&Prime;][vc_column_text]Avant de partir en voyage, assurez-vous de consulter nos conseils de voyage complets pour une exp\u00e9rience sans faille.[\/vc_column_text][vc_btn title=\u00a0\u00bbPour en savoir plus\u00a0\u00bb style=\u00a0\u00bboutline-custom\u00a0\u00bb outline_custom_color=\u00a0\u00bb#890000&Prime; outline_custom_hover_background=\u00a0\u00bb#890000&Prime; outline_custom_hover_text=\u00a0\u00bb#ffffff\u00a0\u00bb shape=\u00a0\u00bbsquare\u00a0\u00bb size=\u00a0\u00bbsm\u00a0\u00bb i_align=\u00a0\u00bbright\u00a0\u00bb i_icon_fontawesome=\u00a0\u00bbfas fa-angle-right\u00a0\u00bb add_icon=\u00a0\u00bbtrue\u00a0\u00bb link=\u00a0\u00bburl:https%3A%2F%2Fmufasatoursandtravels.com%2Ffr%2Fse-preparer-a-voyager%2F|title:Se%20pr%C3%A9parer%20%C3%A0%20voyager|\u00a0\u00bb][\/vc_column_inner][vc_column_inner width=\u00a0\u00bb1\/2&Prime;][vc_custom_heading text=\u00a0\u00bbSur r\u00e9servation\u00a0\u00bb font_container=\u00a0\u00bbtag:h2|text_align:left|color:%23890000&Prime; google_fonts=\u00a0\u00bbfont_family:Open%20Sans%3A300%2C300italic%2Cregular%2Citalic%2C600%2C600italic%2C700%2C700italic%2C800%2C800italic\u00a0\u00bb][vc_separator color=\u00a0\u00bbcustom\u00a0\u00bb align=\u00a0\u00bbalign_left\u00a0\u00bb border_width=\u00a0\u00bb2&Prime; el_width=\u00a0\u00bb20&Prime; accent_color=\u00a0\u00bb#890000&Prime;][vc_column_text]Am\u00e9liorez la planification de votre voyage en t\u00e9l\u00e9chargeant des informations pr\u00e9cieuses sur la destination, telles que les exigences en mati\u00e8re de passeport et de visa, les vaccinations recommand\u00e9es, les restrictions de bagages, la liste de colisage et les directives de pourboire.[\/vc_column_text][vc_btn title=\u00a0\u00bbPour en savoir plus\u00a0\u00bb style=\u00a0\u00bboutline-custom\u00a0\u00bb outline_custom_color=\u00a0\u00bb#890000&Prime; outline_custom_hover_background=\u00a0\u00bb#890000&Prime; outline_custom_hover_text=\u00a0\u00bb#ffffff\u00a0\u00bb shape=\u00a0\u00bbsquare\u00a0\u00bb size=\u00a0\u00bbsm\u00a0\u00bb i_align=\u00a0\u00bbright\u00a0\u00bb i_icon_fontawesome=\u00a0\u00bbfas fa-angle-right\u00a0\u00bb add_icon=\u00a0\u00bbtrue\u00a0\u00bb link=\u00a0\u00bburl:https%3A%2F%2Fmufasatoursandtravels.com%2Ffr%2Fce-quil-faut-savoir-avant-darriver-en-afrique-de-lest%2F|title:CE%20QU%E2%80%99IL%20FAUT%20SAVOIR%20AVANT%20D%E2%80%99ARRIVER%20EN%20AFRIQUE%20DE%20L%E2%80%99EST|\u00a0\u00bb][\/vc_column_inner][\/vc_row_inner][vc_row_inner][vc_column_inner width=\u00a0\u00bb1\/2&Prime;][vc_custom_heading text=\u00a0\u00bbPendant la visite\u00a0\u00bb font_container=\u00a0\u00bbtag:h2|text_align:left|color:%23890000&Prime; google_fonts=\u00a0\u00bbfont_family:Open%20Sans%3A300%2C300italic%2Cregular%2Citalic%2C600%2C600italic%2C700%2C700italic%2C800%2C800italic\u00a0\u00bb][vc_separator color=\u00a0\u00bbcustom\u00a0\u00bb align=\u00a0\u00bbalign_left\u00a0\u00bb border_width=\u00a0\u00bb2&Prime; el_width=\u00a0\u00bb20&Prime; accent_color=\u00a0\u00bb#890000&Prime;][vc_column_text]Maximisez le succ\u00e8s de votre voyage en t\u00e9l\u00e9chargeant des informations essentielles sur votre ou vos destinations, y compris les exigences en mati\u00e8re de passeport et de visa, les directives de vaccination, les restrictions sur les bagages, la liste de colisage et les conseils de pourboire.[\/vc_column_text][vc_btn title=\u00a0\u00bbPour en savoir plus\u00a0\u00bb style=\u00a0\u00bboutline-custom\u00a0\u00bb outline_custom_color=\u00a0\u00bb#890000&Prime; outline_custom_hover_background=\u00a0\u00bb#890000&Prime; outline_custom_hover_text=\u00a0\u00bb#ffffff\u00a0\u00bb shape=\u00a0\u00bbsquare\u00a0\u00bb size=\u00a0\u00bbsm\u00a0\u00bb i_align=\u00a0\u00bbright\u00a0\u00bb i_icon_fontawesome=\u00a0\u00bbfas fa-angle-right\u00a0\u00bb add_icon=\u00a0\u00bbtrue\u00a0\u00bb link=\u00a0\u00bburl:https%3A%2F%2Fmufasatoursandtravels.com%2Ffr%2Fpasseports-et-visas%2F|title:Passeports%20et%20visas|\u00a0\u00bb][\/vc_column_inner][vc_column_inner width=\u00a0\u00bb1\/2&Prime;][vc_custom_heading text=\u00a0\u00bbApr\u00e8s le voyage\u00a0\u00bb font_container=\u00a0\u00bbtag:h2|text_align:left|color:%23890000&Prime; google_fonts=\u00a0\u00bbfont_family:Open%20Sans%3A300%2C300italic%2Cregular%2Citalic%2C600%2C600italic%2C700%2C700italic%2C800%2C800italic\u00a0\u00bb][vc_separator color=\u00a0\u00bbcustom\u00a0\u00bb align=\u00a0\u00bbalign_left\u00a0\u00bb border_width=\u00a0\u00bb2&Prime; el_width=\u00a0\u00bb20&Prime; accent_color=\u00a0\u00bb#890000&Prime;][vc_column_text]Alors que vous vous pr\u00e9lassez dans la lueur de votre aventure, nous sommes l\u00e0 pour vous aider avec des conseils essentiels apr\u00e8s le voyage, afin que votre retour \u00e0 la maison soit aussi fluide et confortable que votre voyage lui-m\u00eame.[\/vc_column_text][\/vc_column_inner][\/vc_row_inner][\/vc_tta_section][\/vc_tta_tabs][wdo_ult_icon_seperator wdo_seperator_icon=\u00a0\u00bbfas fa-paw\u00a0\u00bb wdo_seperator_color=\u00a0\u00bb#890000&Prime; wdo_seperator_opacity=\u00a0\u00bb.2&Prime;][vc_btn title=\u00a0\u00bbObtenir un devis\u00a0\u00bb style=\u00a0\u00bboutline-custom\u00a0\u00bb outline_custom_color=\u00a0\u00bb#890000&Prime; outline_custom_hover_background=\u00a0\u00bb#890000&Prime; outline_custom_hover_text=\u00a0\u00bb#ffffff\u00a0\u00bb shape=\u00a0\u00bbsquare\u00a0\u00bb size=\u00a0\u00bbsm\u00a0\u00bb align=\u00a0\u00bbcenter\u00a0\u00bb i_align=\u00a0\u00bbright\u00a0\u00bb i_icon_fontawesome=\u00a0\u00bbfas fa-chevron-right\u00a0\u00bb add_icon=\u00a0\u00bbtrue\u00a0\u00bb link=\u00a0\u00bburl:https%3A%2F%2Fmufasatoursandtravels.com%2Ffr%2Fdemander-un-devis%2F|title:Demander%20un%20devis|\u00a0\u00bb css=\u00a0\u00bb.vc_custom_1724244930796{padding: 10px !important;}\u00a0\u00bb][vc_column_text]\n<p style=\"text-align: left;\"><strong>D\u00c9MENTI.<\/strong><\/p>\n<ul>\n<li>Cette visite est propos\u00e9e par <a href=\"https:\/\/mufasatoursandtravels.com\/fr\/\">Mufasa Tours and Travels<\/a>.<\/li>\n<li>Tous nos safaris sont priv\u00e9s.<\/li>\n<li>Les enfants \u00e2g\u00e9s de 0 \u00e0 2 ans sont gratuits.<\/li>\n<li>Les enfants \u00e2g\u00e9s de 3 \u00e0 12 ans paient 50&nbsp;% du tarif adulte lorsqu\u2019ils partagent la m\u00eame chambre avec des adultes.<\/li>\n<li>Les enfants \u00e2g\u00e9s de 3 \u00e0 12 ans paient 75 % du tarif adulte lorsqu\u2019ils s\u00e9journent dans leur propre chambre s\u00e9par\u00e9e de celle des adultes.<\/li>\n<li>Les enfants de plus de 12 ans sont reconnus comme des adultes dans les camps et les pavillons.<\/li>\n<li>Nous nous r\u00e9servons le droit de modifier le programme tel qu\u2019annonc\u00e9.<\/li>\n<li>Si un logement est complet, nous vous proposerons des options alternatives comparables.<\/li>\n<li>L\u2019ordre exact, le contenu et les tarifs de cette visite sont soumis \u00e0 disponibilit\u00e9.<\/li>\n<li>Cette visite est soumise aux <a href=\"https:\/\/mufasatoursandtravels.com\/fr\/termes-et-conditions\/\">termes et conditions<\/a> de <a href=\"https:\/\/mufasatoursandtravels.com\/fr\/\">Mufasa Tours and Travels.<\/a><\/li>\n<\/ul>\n[\/vc_column_text][\/vc_column][\/vc_row]\n","protected":false},"excerpt":{"rendered":"<p>[vc_row][vc_column parallax=\u00a0\u00bbcontent-moving\u00a0\u00bb parallax_image=\u00a0\u00bb11236&Prime; parallax_speed_bg=\u00a0\u00bb1.9&Prime; css=\u00a0\u00bb.vc_custom_1690358230978{padding-top: 80px !important;padding-right: 80px !important;padding-bottom: 80px !important;padding-left: 80px !important;}\u00a0\u00bb][vc_custom_heading text=\u00a0\u00bbBROUSSE ET AU-DEL\u00c0\u00a0\u00bb font_container=\u00a0\u00bbtag:h2|font_size:32|text_align:center|color:%23ffffff\u00a0\u00bb google_fonts=\u00a0\u00bbfont_family:Roboto%3A100%2C100italic%2C300%2C300italic%2Cregular%2Citalic%2C500%2C500italic%2C700%2C700italic%2C900%2C900italic|font_style:400%20regular%3A400%3Anormal\u00a0\u00bb][vc_custom_heading text=\u00a0\u00bbVenez en avion\u00a0\u00bb font_container=\u00a0\u00bbtag:h2|font_size:20|text_align:center|color:%23ffffff\u00a0\u00bb google_fonts=\u00a0\u00bbfont_family:Roboto%3A100%2C100italic%2C300%2C300italic%2Cregular%2Citalic%2C500%2C500italic%2C700%2C700italic%2C900%2C900italic|font_style:400%20regular%3A400%3Anormal\u00a0\u00bb][vc_separator color=\u00a0\u00bbcustom\u00a0\u00bb el_width=\u00a0\u00bb80&Prime; accent_color=\u00a0\u00bb#f8f8f8&Prime;][vc_custom_heading text=\u00a0\u00bbLewa Downs Conservancy \u21fe Masai Mara \u21fe Plage de Diani\u00a0\u00bb font_container=\u00a0\u00bbtag:h2|font_size:22|text_align:center|color:%23ffffff\u00a0\u00bb google_fonts=\u00a0\u00bbfont_family:Roboto%3A100%2C100italic%2C300%2C300italic%2Cregular%2Citalic%2C500%2C500italic%2C700%2C700italic%2C900%2C900italic|font_style:400%20regular%3A400%3Anormal\u00a0\u00bb][\/vc_column][\/vc_row][vc_row][vc_column css=\u00a0\u00bb.vc_custom_1675251473531{border-top-width: 10px !important;border-right-width: 10px !important;border-bottom-width: 10px !important;border-left-width: 10px !important;}\u00a0\u00bb][vc_tta_tabs shape=\u00a0\u00bbsquare\u00a0\u00bb color=\u00a0\u00bbjuicy-pink\u00a0\u00bb alignment=\u00a0\u00bbcenter\u00a0\u00bb active_section=\u00a0\u00bb1&Prime;][vc_tta_section title=\u00a0\u00bbProgramme\u00a0\u00bb tab_id=\u00a0\u00bb1645777668819-be153009-1f91&Prime;][info_list_father listclr=\u00a0\u00bb#f8f8f8&Prime;][info_list_son style=\u00a0\u00bbicon\u00a0\u00bb [&hellip;]<\/p>\n","protected":false},"author":4,"featured_media":0,"parent":33438,"menu_order":1,"comment_status":"closed","ping_status":"closed","template":"page-blank.php","meta":{"_themeisle_gutenberg_block_has_review":false,"footnotes":""},"class_list":["post-30864","page","type-page","status-publish","hentry"],"_links":{"self":[{"href":"https:\/\/mufasatoursandtravels.com\/fr\/wp-json\/wp\/v2\/pages\/30864","targetHints":{"allow":["GET"]}}],"collection":[{"href":"https:\/\/mufasatoursandtravels.com\/fr\/wp-json\/wp\/v2\/pages"}],"about":[{"href":"https:\/\/mufasatoursandtravels.com\/fr\/wp-json\/wp\/v2\/types\/page"}],"author":[{"embeddable":true,"href":"https:\/\/mufasatoursandtravels.com\/fr\/wp-json\/wp\/v2\/users\/4"}],"replies":[{"embeddable":true,"href":"https:\/\/mufasatoursandtravels.com\/fr\/wp-json\/wp\/v2\/comments?post=30864"}],"version-history":[{"count":2,"href":"https:\/\/mufasatoursandtravels.com\/fr\/wp-json\/wp\/v2\/pages\/30864\/revisions"}],"predecessor-version":[{"id":33488,"href":"https:\/\/mufasatoursandtravels.com\/fr\/wp-json\/wp\/v2\/pages\/30864\/revisions\/33488"}],"up":[{"embeddable":true,"href":"https:\/\/mufasatoursandtravels.com\/fr\/wp-json\/wp\/v2\/pages\/33438"}],"wp:attachment":[{"href":"https:\/\/mufasatoursandtravels.com\/fr\/wp-json\/wp\/v2\/media?parent=30864"}],"curies":[{"name":"wp","href":"https:\/\/api.w.org\/{rel}","templated":true}]}}