{"id":30865,"date":"2022-02-25T08:54:16","date_gmt":"2022-02-25T05:54:16","guid":{"rendered":"https:\/\/mufasatoursandtravels.com\/safari-volant-a-ziwa\/"},"modified":"2025-04-10T16:44:55","modified_gmt":"2025-04-10T13:44:55","slug":"safari-volant-a-ziwa","status":"publish","type":"page","link":"https:\/\/mufasatoursandtravels.com\/fr\/safaris-aeriens-au-kenya\/kenya-flying-safaris-long-sejour\/safari-volant-a-ziwa\/","title":{"rendered":"Safari volant \u00e0 Ziwa"},"content":{"rendered":"[vc_row][vc_column parallax=\u00a0\u00bbcontent-moving\u00a0\u00bb parallax_image=\u00a0\u00bb5032&Prime; parallax_speed_bg=\u00a0\u00bb1.7&Prime; css=\u00a0\u00bb.vc_custom_1690358107161{padding-top: 80px !important;padding-right: 80px !important;padding-bottom: 80px !important;padding-left: 80px !important;}\u00a0\u00bb][vc_custom_heading text=\u00a0\u00bbSAFARI A\u00c9RIEN ZIWA\u00a0\u00bb font_container=\u00a0\u00bbtag:h2|font_size:32|text_align:center|color:%23ffffff\u00a0\u00bb google_fonts=\u00a0\u00bbfont_family:Roboto%3A100%2C100italic%2C300%2C300italic%2Cregular%2Citalic%2C500%2C500italic%2C700%2C700italic%2C900%2C900italic|font_style:400%20regular%3A400%3Anormal\u00a0\u00bb][vc_custom_heading text=\u00a0\u00bbVenez en avion\u00a0\u00bb font_container=\u00a0\u00bbtag:h2|font_size:20|text_align:center|color:%23ffffff\u00a0\u00bb google_fonts=\u00a0\u00bbfont_family:Roboto%3A100%2C100italic%2C300%2C300italic%2Cregular%2Citalic%2C500%2C500italic%2C700%2C700italic%2C900%2C900italic|font_style:400%20regular%3A400%3Anormal\u00a0\u00bb][vc_separator color=\u00a0\u00bbcustom\u00a0\u00bb el_width=\u00a0\u00bb80&Prime; accent_color=\u00a0\u00bb#f8f8f8&Prime;][vc_custom_heading text=\u00a0\u00bbAmboseli \u21fe Lewa Conservancy \u21fe Masai Mara \u21fe Lac Naivasha\u00a0\u00bb font_container=\u00a0\u00bbtag:h2|font_size:22|text_align:center|color:%23ffffff\u00a0\u00bb google_fonts=\u00a0\u00bbfont_family:Roboto%3A100%2C100italic%2C300%2C300italic%2Cregular%2Citalic%2C500%2C500italic%2C700%2C700italic%2C900%2C900italic|font_style:400%20regular%3A400%3Anormal\u00a0\u00bb][vc_empty_space][\/vc_column][\/vc_row][vc_row css=\u00a0\u00bb.vc_custom_1690356279740{padding-top: 10px !important;}\u00a0\u00bb][vc_column][vc_tta_tabs shape=\u00a0\u00bbsquare\u00a0\u00bb color=\u00a0\u00bbjuicy-pink\u00a0\u00bb alignment=\u00a0\u00bbcenter\u00a0\u00bb active_section=\u00a0\u00bb1&Prime;][vc_tta_section title=\u00a0\u00bbProgramme\u00a0\u00bb tab_id=\u00a0\u00bb1645777668819-be153009-1f91&Prime;][info_list_father listclr=\u00a0\u00bb#f8f8f8&Prime;][info_list_son style=\u00a0\u00bbicon\u00a0\u00bb size=\u00a0\u00bb15&Prime; width=\u00a0\u00bb20&Prime; height=\u00a0\u00bb20&Prime; titleclr=\u00a0\u00bb#890000&Prime; icon=\u00a0\u00bbfas fa-calendar-check\u00a0\u00bb iconclr=\u00a0\u00bb#890000&Prime; title=\u00a0\u00bbJOUR 1 : DE NAIROBI \u00c0 AMBOSELI\u00a0\u00bb]\n<ul>\n<li>Prise en charge \u00e0 l\u2019h\u00f4tel \/ a\u00e9roport et transfert \u00e0 Wilson \u00e0 6h00.<\/li>\n<li>Vol pour le parc national d\u2019Amboseli.<\/li>\n<li>\u00c0 l\u2019arriv\u00e9e, rencontrez notre guide et transf\u00e9rez-vous au camp pour l\u2019enregistrement.<\/li>\n<li>D\u00e9jeuner au camp.<\/li>\n<li>Safaris de l\u2019apr\u00e8s-midi jusqu\u2019au coucher du soleil.<\/li>\n<li>D\u00eener au camp.<\/li>\n<\/ul>\n[\/info_list_son][info_list_son style=\u00a0\u00bbicon\u00a0\u00bb size=\u00a0\u00bb15&Prime; width=\u00a0\u00bb20&Prime; height=\u00a0\u00bb20&Prime; titleclr=\u00a0\u00bb#890000&Prime; icon=\u00a0\u00bbfas fa-calendar-check\u00a0\u00bb iconclr=\u00a0\u00bb#890000&Prime; title=\u00a0\u00bbJOUR 2 : SAFARIS \u00c0 AMBOSELI\u00a0\u00bb]\n<ul>\n<li>Petit-d\u00e9jeuner au campement.<\/li>\n<li>Safaris matinaux.<\/li>\n<li>D\u00e9jeuner au camp.<\/li>\n<li>Safaris l\u2019apr\u00e8s-midi ou profiter des commodit\u00e9s de l\u2019h\u00f4tel telles que la natation ou la d\u00e9tente.<\/li>\n<li>Couchers de soleil en soir\u00e9e.<\/li>\n<li>D\u00eener au camp.<\/li>\n<\/ul>\n[\/info_list_son][info_list_son style=\u00a0\u00bbicon\u00a0\u00bb size=\u00a0\u00bb15&Prime; width=\u00a0\u00bb20&Prime; height=\u00a0\u00bb20&Prime; titleclr=\u00a0\u00bb#890000&Prime; icon=\u00a0\u00bbfas fa-calendar-check\u00a0\u00bb iconclr=\u00a0\u00bb#890000&Prime; title=\u00a0\u00bbJOUR 3 : VOL D\u2019AMBOSELI VERS LEWA CONSERVANCY\u00a0\u00bb]\n<ul>\n<li data-shorten=\"300\">Petit-d\u00e9jeuner matinal au camp ou au lodge.<\/li>\n<li data-shorten=\"300\">D\u00e9part et transfert \u00e0 la piste d\u2019atterrissage d\u2019Amboseli.<\/li>\n<li data-shorten=\"300\">Envolez-vous vers la r\u00e9serve de Lewa via la liaison de l\u2019a\u00e9roport Wilson.<\/li>\n<li data-shorten=\"300\">\u00c0 l\u2019arriv\u00e9e \u00e0 la r\u00e9serve de Lewa, rencontrez notre guide et transf\u00e9rez-vous au camp.<\/li>\n<li data-shorten=\"300\">D\u00e9jeuner au camp.<\/li>\n<li data-shorten=\"300\">Safaris de l\u2019apr\u00e8s-midi et safaris \u00e0 pied.<\/li>\n<li data-shorten=\"300\">D\u00eener au camp.<\/li>\n<\/ul>\n[\/info_list_son][info_list_son style=\u00a0\u00bbicon\u00a0\u00bb size=\u00a0\u00bb15&Prime; width=\u00a0\u00bb20&Prime; height=\u00a0\u00bb20&Prime; titleclr=\u00a0\u00bb#890000&Prime; icon=\u00a0\u00bbfas fa-calendar-check\u00a0\u00bb iconclr=\u00a0\u00bb#890000&Prime; title=\u00a0\u00bbJOUR 4 : LEWA CONSERVANCY\u00a0\u00bb]\n<ul>\n<li data-shorten=\"300\">Petit-d\u00e9jeuner matinal dans la brousse au camp.<\/li>\n<li data-shorten=\"300\">Reposez-vous une partie de la journ\u00e9e \u00e0 la r\u00e9serve et profitez des safaris \u00e0 pied \/ safaris \u00e0 dos de chameau \/ safaris et couchers de soleil le soir.<\/li>\n<li data-shorten=\"300\">D\u00eener de retour au camp.<\/li>\n<\/ul>\n[\/info_list_son][info_list_son style=\u00a0\u00bbicon\u00a0\u00bb size=\u00a0\u00bb15&Prime; width=\u00a0\u00bb20&Prime; height=\u00a0\u00bb20&Prime; titleclr=\u00a0\u00bb#890000&Prime; icon=\u00a0\u00bbfas fa-calendar-check\u00a0\u00bb iconclr=\u00a0\u00bb#890000&Prime; title=\u00a0\u00bbJOUR 5 : LEWA CONSERVANCY VOL VERS LE MASAI MARA\u00a0\u00bb]\n<ul>\n<li data-shorten=\"300\">Petit-d\u00e9jeuner matinal au camp ou au lodge.<\/li>\n<li data-shorten=\"300\">D\u00e9part et transfert \u00e0 la piste d\u2019atterrissage de Lewa Downs.<\/li>\n<li data-shorten=\"300\">Vol vers le Masai Mara via l\u2019a\u00e9roport Wilson.<\/li>\n<li data-shorten=\"300\">\u00c0 l\u2019arriv\u00e9e, soyez accueilli par notre guide et transf\u00e9r\u00e9 au camp pour l\u2019enregistrement.<\/li>\n<li data-shorten=\"300\">D\u00e9jeuner au camp.<\/li>\n<li data-shorten=\"300\">Safaris de l\u2019apr\u00e8s-midi jusqu\u2019au coucher du soleil.<\/li>\n<li data-shorten=\"300\">D\u00eener au camp.<\/li>\n<\/ul>\n[\/info_list_son][info_list_son style=\u00a0\u00bbicon\u00a0\u00bb size=\u00a0\u00bb15&Prime; width=\u00a0\u00bb20&Prime; height=\u00a0\u00bb20&Prime; titleclr=\u00a0\u00bb#890000&Prime; icon=\u00a0\u00bbfas fa-calendar-check\u00a0\u00bb iconclr=\u00a0\u00bb#890000&Prime; title=\u00a0\u00bbJOURS 6 ET 7 : SAFARIS AU MASAI MARA\u00a0\u00bb]\n<ul>\n<li data-shorten=\"300\">Petit-d\u00e9jeuner matinal au camp ou au lodge.<\/li>\n<li data-shorten=\"300\">Safaris d\u2019une journ\u00e9e compl\u00e8te dans la r\u00e9serve nationale du Masai Mara.<\/li>\n<li data-shorten=\"300\">Panier pique-servi dans la brousse.<\/li>\n<li data-shorten=\"300\">Couchers de soleil au camp.<\/li>\n<li data-shorten=\"300\">D\u00eener de retour au camp.<\/li>\n<\/ul>\n[\/info_list_son][info_list_son style=\u00a0\u00bbicon\u00a0\u00bb size=\u00a0\u00bb15&Prime; width=\u00a0\u00bb20&Prime; height=\u00a0\u00bb20&Prime; titleclr=\u00a0\u00bb#890000&Prime; icon=\u00a0\u00bbfas fa-calendar-check\u00a0\u00bb iconclr=\u00a0\u00bb#890000&Prime; title=\u00a0\u00bbJOUR 8 : VOL DU MASAI MARA \u00c0 NAIROBI PUIS ROUTE VERS LE LAC NAIVASHA.\u00a0\u00bb caption_url=\u00a0\u00bb\u00a0\u00bb]\n<ul>\n<li data-shorten=\"300\">Petit-d\u00e9jeuner matinal au camp ou au lodge.<\/li>\n<li data-shorten=\"300\">D\u00e9part et transfert vers la piste d\u2019atterrissage pour s\u2019envoler vers Nairobi.<\/li>\n<li data-shorten=\"300\">Vol vers l\u2019a\u00e9roport Wilson de Nairobi.<\/li>\n<li data-shorten=\"300\">\u00c0 votre arriv\u00e9e, rencontrez notre guide pour vous transf\u00e9rer au lac Naivasha (2 heures de route) via la vall\u00e9e du Grand Rift.<\/li>\n<li data-shorten=\"300\">D\u00e9jeuner au lodge.<\/li>\n<li data-shorten=\"300\">D\u00e9tendez-vous une partie de l\u2019apr\u00e8s-midi sur les rives du lac Naivasha.<\/li>\n<li data-shorten=\"300\">D\u00eener au camp ou au lodge.<\/li>\n<\/ul>\n<p>&nbsp;[\/info_list_son][info_list_son style=\u00a0\u00bbicon\u00a0\u00bb size=\u00a0\u00bb15&Prime; width=\u00a0\u00bb20&Prime; height=\u00a0\u00bb20&Prime; titleclr=\u00a0\u00bb#890000&Prime; icon=\u00a0\u00bbfas fa-calendar-check\u00a0\u00bb iconclr=\u00a0\u00bb#890000&Prime; title=\u00a0\u00bbJOUR 9 : LAC NAIVASHA\u00a0\u00bb]\n<ul>\n<li data-shorten=\"300\">Petit-d\u00e9jeuner au campement.<\/li>\n<li data-shorten=\"300\">Promenades en bateau sur le lac Naivasha et safaris \u00e0 pied au camp Crescent.<\/li>\n<li data-shorten=\"300\">D\u00e9jeuner au lodge.<\/li>\n<li data-shorten=\"300\">Safaris \u00e0 l\u2019Oserengoni Wildlife Conservancy.<\/li>\n<li data-shorten=\"300\">Couchers de soleil dans la brousse.<\/li>\n<li data-shorten=\"300\">D\u00eener au lodge.<\/li>\n<\/ul>\n[\/info_list_son][info_list_son style=\u00a0\u00bbicon\u00a0\u00bb size=\u00a0\u00bb15&Prime; width=\u00a0\u00bb20&Prime; height=\u00a0\u00bb20&Prime; titleclr=\u00a0\u00bb#890000&Prime; icon=\u00a0\u00bbfas fa-calendar-check\u00a0\u00bb iconclr=\u00a0\u00bb#890000&Prime; title=\u00a0\u00bbJOUR 10 : LAC NAIVASHA RETOUR \u00c0 NAIROBI\u00a0\u00bb]\n<ul>\n<li data-shorten=\"300\">Petit-d\u00e9jeuner de brousse au lodge.<\/li>\n<li data-shorten=\"300\">D\u00e9tendez-vous sur les rives du lac Naivasha.<\/li>\n<li data-shorten=\"300\">D\u00e9part et transfert de retour \u00e0 Nairobi via la vall\u00e9e du Grand Rift et soyez d\u00e9pos\u00e9 \u00e0 votre h\u00f4tel ou a\u00e9roport respectif \u00e0 Nairobi.<\/li>\n<\/ul>\n[\/info_list_son][\/info_list_father][\/vc_tta_section][vc_tta_section title=\u00a0\u00bbInclusif\/Exclusif\u00a0\u00bb tab_id=\u00a0\u00bb1645777679356-1f5cf022-10af\u00a0\u00bb][vc_row_inner][vc_column_inner width=\u00a0\u00bb1\/2&Prime;][info_list_father][info_list_son style=\u00a0\u00bbicon\u00a0\u00bb size=\u00a0\u00bb10&Prime; width=\u00a0\u00bb20&Prime; height=\u00a0\u00bb20&Prime; titleclr=\u00a0\u00bb#890000&Prime; icon=\u00a0\u00bbfas fa-plane-departure\u00a0\u00bb iconclr=\u00a0\u00bb#333333&Prime; title=\u00a0\u00bbINCLUS\u00a0\u00bb]\n<ul class=\"list list--icon\">\n<li>Frais de parc au parc indiqu\u00e9.<\/li>\n<li>Transport dans un Landcruiser \u00e0 toit ouvert.<\/li>\n<li>Service d\u2019un chauffeur-guide professionnel.<\/li>\n<li>Repas en pension compl\u00e8te au lodge \/ camp.<\/li>\n<li>9 nuits d\u2019h\u00e9bergement \u00e0 l\u2019h\u00f4tel respectif indiqu\u00e9.<\/li>\n<li>Vols int\u00e9rieurs au Kenya.<\/li>\n<li>Transferts a\u00e9roport<\/li>\n<\/ul>\n[\/info_list_son][\/info_list_father][\/vc_column_inner][vc_column_inner width=\u00a0\u00bb1\/2&Prime;][info_list_father][info_list_son style=\u00a0\u00bbicon\u00a0\u00bb size=\u00a0\u00bb10&Prime; width=\u00a0\u00bb20&Prime; height=\u00a0\u00bb20&Prime; titleclr=\u00a0\u00bb#890000&Prime; icon=\u00a0\u00bbfas fa-plane-arrival\u00a0\u00bb iconclr=\u00a0\u00bb#333333&Prime; title=\u00a0\u00bbEXCLU\u00a0\u00bb]\n<ul class=\"list list--icon\">\n<li>Visite culturelle du village Masa\u00ef.<\/li>\n<li>Pourboires au chauffeur-guide (fortement recommand\u00e9).<\/li>\n<li>Objets personnels <span class=\"txt--xsmall txt--xgrey\">(Souvenirs, assurance voyage, frais de visa, etc.)<\/span><\/li>\n<li>H\u00e9bergement suppl\u00e9mentaire avant et \u00e0 la fin de la visite.<\/li>\n<li>Le gouvernement a impos\u00e9 une augmentation des taxes et\/ou des frais de parc.<\/li>\n<li>Vols en montgolfi\u00e8re @ 450 $ par adulte \/ 350 $ par enfant (<strong>moins de 12 ans<\/strong>).<\/li>\n<\/ul>\n[\/info_list_son][\/info_list_father][\/vc_column_inner][\/vc_row_inner][\/vc_tta_section][vc_tta_section title=\u00a0\u00bbListe de contr\u00f4le de voyage\u00a0\u00bb tab_id=\u00a0\u00bb1645777684966-7df09203-3341&Prime;][vc_row_inner][vc_column_inner width=\u00a0\u00bb1\/2&Prime;][vc_custom_heading text=\u00a0\u00bbAvant de voyager\u00a0\u00bb font_container=\u00a0\u00bbtag:h2|text_align:left|color:%23890000&Prime; google_fonts=\u00a0\u00bbfont_family:Open%20Sans%3A300%2C300italic%2Cregular%2Citalic%2C600%2C600italic%2C700%2C700italic%2C800%2C800italic\u00a0\u00bb][vc_separator color=\u00a0\u00bbcustom\u00a0\u00bb align=\u00a0\u00bbalign_left\u00a0\u00bb border_width=\u00a0\u00bb2&Prime; el_width=\u00a0\u00bb20&Prime; accent_color=\u00a0\u00bb#890000&Prime;][vc_column_text]Avant de partir en voyage, assurez-vous de consulter nos conseils de voyage complets pour une exp\u00e9rience sans faille.[\/vc_column_text][vc_btn title=\u00a0\u00bbPour en savoir plus\u00a0\u00bb style=\u00a0\u00bboutline-custom\u00a0\u00bb outline_custom_color=\u00a0\u00bb#890000&Prime; outline_custom_hover_background=\u00a0\u00bb#890000&Prime; outline_custom_hover_text=\u00a0\u00bb#ffffff\u00a0\u00bb shape=\u00a0\u00bbsquare\u00a0\u00bb size=\u00a0\u00bbsm\u00a0\u00bb i_align=\u00a0\u00bbright\u00a0\u00bb i_icon_fontawesome=\u00a0\u00bbfas fa-angle-right\u00a0\u00bb add_icon=\u00a0\u00bbtrue\u00a0\u00bb el_class=\u00a0\u00bbdes\u00a0\u00bb link=\u00a0\u00bburl:https%3A%2F%2Fmufasatoursandtravels.com%2Ffr%2Fse-preparer-a-voyager%2F|title:CE%20QU%E2%80%99IL%20FAUT%20SAVOIR%20AVANT%20D%E2%80%99ARRIVER%20EN%20AFRIQUE%20DE%20L%E2%80%99EST|\u00a0\u00bb][\/vc_column_inner][vc_column_inner width=\u00a0\u00bb1\/2&Prime;][vc_custom_heading text=\u00a0\u00bbAvant de voyager\u00a0\u00bb font_container=\u00a0\u00bbtag:h2|text_align:left|color:%23890000&Prime; google_fonts=\u00a0\u00bbfont_family:Open%20Sans%3A300%2C300italic%2Cregular%2Citalic%2C600%2C600italic%2C700%2C700italic%2C800%2C800italic\u00a0\u00bb][vc_separator color=\u00a0\u00bbcustom\u00a0\u00bb align=\u00a0\u00bbalign_left\u00a0\u00bb border_width=\u00a0\u00bb2&Prime; el_width=\u00a0\u00bb20&Prime; accent_color=\u00a0\u00bb#890000&Prime;][vc_column_text]Am\u00e9liorez la planification de votre voyage en t\u00e9l\u00e9chargeant des informations pr\u00e9cieuses sur la destination, telles que les exigences en mati\u00e8re de passeport et de visa, les vaccinations recommand\u00e9es, les restrictions de bagages, la liste de colisage et les directives de pourboire.[\/vc_column_text][vc_btn title=\u00a0\u00bbPour en savoir plus\u00a0\u00bb style=\u00a0\u00bboutline-custom\u00a0\u00bb outline_custom_color=\u00a0\u00bb#890000&Prime; outline_custom_hover_background=\u00a0\u00bb#890000&Prime; outline_custom_hover_text=\u00a0\u00bb#ffffff\u00a0\u00bb shape=\u00a0\u00bbsquare\u00a0\u00bb size=\u00a0\u00bbsm\u00a0\u00bb i_align=\u00a0\u00bbright\u00a0\u00bb i_icon_fontawesome=\u00a0\u00bbfas fa-angle-right\u00a0\u00bb add_icon=\u00a0\u00bbtrue\u00a0\u00bb el_class=\u00a0\u00bbdes\u00a0\u00bb link=\u00a0\u00bburl:https%3A%2F%2Fmufasatoursandtravels.com%2Ffr%2Fce-quil-faut-savoir-avant-darriver-en-afrique-de-lest%2F|title:CE%20QU%E2%80%99IL%20FAUT%20SAVOIR%20AVANT%20D%E2%80%99ARRIVER%20EN%20AFRIQUE%20DE%20L%E2%80%99EST|\u00a0\u00bb][\/vc_column_inner][\/vc_row_inner][vc_row_inner][vc_column_inner width=\u00a0\u00bb1\/2&Prime;][vc_custom_heading text=\u00a0\u00bbAvant de voyager\u00a0\u00bb font_container=\u00a0\u00bbtag:h2|text_align:left|color:%23890000&Prime; google_fonts=\u00a0\u00bbfont_family:Open%20Sans%3A300%2C300italic%2Cregular%2Citalic%2C600%2C600italic%2C700%2C700italic%2C800%2C800italic\u00a0\u00bb][vc_separator color=\u00a0\u00bbcustom\u00a0\u00bb align=\u00a0\u00bbalign_left\u00a0\u00bb border_width=\u00a0\u00bb2&Prime; el_width=\u00a0\u00bb20&Prime; accent_color=\u00a0\u00bb#890000&Prime;][vc_column_text]Maximisez le succ\u00e8s de votre voyage en t\u00e9l\u00e9chargeant des informations essentielles sur votre ou vos destinations, y compris les exigences en mati\u00e8re de passeport et de visa, les directives de vaccination, les restrictions sur les bagages, la liste de colisage et les conseils de pourboire.[\/vc_column_text][vc_btn title=\u00a0\u00bbPour en savoir plus\u00a0\u00bb style=\u00a0\u00bboutline-custom\u00a0\u00bb outline_custom_color=\u00a0\u00bb#890000&Prime; outline_custom_hover_background=\u00a0\u00bb#890000&Prime; outline_custom_hover_text=\u00a0\u00bb#ffffff\u00a0\u00bb shape=\u00a0\u00bbsquare\u00a0\u00bb size=\u00a0\u00bbsm\u00a0\u00bb i_align=\u00a0\u00bbright\u00a0\u00bb i_icon_fontawesome=\u00a0\u00bbfas fa-angle-right\u00a0\u00bb add_icon=\u00a0\u00bbtrue\u00a0\u00bb el_class=\u00a0\u00bbdes\u00a0\u00bb link=\u00a0\u00bburl:https%3A%2F%2Fmufasatoursandtravels.com%2Ffr%2Fpasseports-et-visas%2F|title:Passeports%20et%20visas|\u00a0\u00bb][\/vc_column_inner][vc_column_inner width=\u00a0\u00bb1\/2&Prime;][vc_custom_heading text=\u00a0\u00bbAvant de voyager\u00a0\u00bb font_container=\u00a0\u00bbtag:h2|text_align:left|color:%23890000&Prime; google_fonts=\u00a0\u00bbfont_family:Open%20Sans%3A300%2C300italic%2Cregular%2Citalic%2C600%2C600italic%2C700%2C700italic%2C800%2C800italic\u00a0\u00bb][vc_separator color=\u00a0\u00bbcustom\u00a0\u00bb align=\u00a0\u00bbalign_left\u00a0\u00bb border_width=\u00a0\u00bb2&Prime; el_width=\u00a0\u00bb20&Prime; accent_color=\u00a0\u00bb#890000&Prime;][vc_column_text]Alors que vous vous pr\u00e9lassez dans la lueur de votre aventure, nous sommes l\u00e0 pour vous aider avec des conseils essentiels apr\u00e8s le voyage, afin que votre retour \u00e0 la maison soit aussi fluide et confortable que votre voyage lui-m\u00eame.[\/vc_column_text][\/vc_column_inner][\/vc_row_inner][\/vc_tta_section][\/vc_tta_tabs][wdo_ult_icon_seperator wdo_seperator_icon=\u00a0\u00bbfas fa-paw\u00a0\u00bb wdo_seperator_color=\u00a0\u00bb#890000&Prime; wdo_seperator_opacity=\u00a0\u00bb.2&Prime;][vc_btn title=\u00a0\u00bbObtenir un devis\u00a0\u00bb style=\u00a0\u00bboutline-custom\u00a0\u00bb outline_custom_color=\u00a0\u00bb#890000&Prime; outline_custom_hover_background=\u00a0\u00bb#890000&Prime; outline_custom_hover_text=\u00a0\u00bb#ffffff\u00a0\u00bb shape=\u00a0\u00bbsquare\u00a0\u00bb size=\u00a0\u00bbsm\u00a0\u00bb align=\u00a0\u00bbcenter\u00a0\u00bb i_align=\u00a0\u00bbright\u00a0\u00bb i_icon_fontawesome=\u00a0\u00bbfas fa-chevron-right\u00a0\u00bb add_icon=\u00a0\u00bbtrue\u00a0\u00bb link=\u00a0\u00bburl:https%3A%2F%2Fmufasatoursandtravels.com%2Ffr%2Fdemander-un-devis%2F|title:Demander%20un%20devis|\u00a0\u00bb css=\u00a0\u00bb.vc_custom_1724244901414{padding: 10px !important;}\u00a0\u00bb][vc_column_text]\n<p style=\"text-align: left;\"><strong>D\u00c9MENTI.<\/strong><\/p>\n<ul>\n<li>Cette visite est propos\u00e9e par <a href=\"https:\/\/mufasatoursandtravels.com\/fr\/\">Mufasa Tours and Travels<\/a>.<\/li>\n<li>Tous nos safaris sont priv\u00e9s.<\/li>\n<li>Les enfants \u00e2g\u00e9s de 0 \u00e0 2 ans sont gratuits.<\/li>\n<li>Les enfants \u00e2g\u00e9s de 3 \u00e0 12 ans paient 50&nbsp;% du tarif adulte lorsqu\u2019ils partagent la m\u00eame chambre avec des adultes.<\/li>\n<li>Les enfants \u00e2g\u00e9s de 3 \u00e0 12 ans paient 75 % du tarif adulte lorsqu\u2019ils s\u00e9journent dans leur propre chambre s\u00e9par\u00e9e de celle des adultes.<\/li>\n<li>Les enfants de plus de 12 ans sont reconnus comme des adultes dans les camps et les pavillons.<\/li>\n<li>Nous nous r\u00e9servons le droit de modifier le programme tel qu\u2019annonc\u00e9.<\/li>\n<li>Si un logement est complet, nous vous proposerons des options alternatives comparables.<\/li>\n<li>L\u2019ordre exact, le contenu et les tarifs de cette visite sont soumis \u00e0 disponibilit\u00e9.<\/li>\n<li>Cette visite est soumise aux <a href=\"https:\/\/mufasatoursandtravels.com\/fr\/termes-et-conditions\/\">termes et conditions<\/a> de <a href=\"https:\/\/mufasatoursandtravels.com\/fr\/\">Mufasa Tours and Travels.<\/a><\/li>\n<\/ul>\n[\/vc_column_text][\/vc_column][\/vc_row]\n","protected":false},"excerpt":{"rendered":"<p>[vc_row][vc_column parallax=\u00a0\u00bbcontent-moving\u00a0\u00bb parallax_image=\u00a0\u00bb5032&Prime; parallax_speed_bg=\u00a0\u00bb1.7&Prime; css=\u00a0\u00bb.vc_custom_1690358107161{padding-top: 80px !important;padding-right: 80px !important;padding-bottom: 80px !important;padding-left: 80px !important;}\u00a0\u00bb][vc_custom_heading text=\u00a0\u00bbSAFARI A\u00c9RIEN ZIWA\u00a0\u00bb font_container=\u00a0\u00bbtag:h2|font_size:32|text_align:center|color:%23ffffff\u00a0\u00bb google_fonts=\u00a0\u00bbfont_family:Roboto%3A100%2C100italic%2C300%2C300italic%2Cregular%2Citalic%2C500%2C500italic%2C700%2C700italic%2C900%2C900italic|font_style:400%20regular%3A400%3Anormal\u00a0\u00bb][vc_custom_heading text=\u00a0\u00bbVenez en avion\u00a0\u00bb font_container=\u00a0\u00bbtag:h2|font_size:20|text_align:center|color:%23ffffff\u00a0\u00bb google_fonts=\u00a0\u00bbfont_family:Roboto%3A100%2C100italic%2C300%2C300italic%2Cregular%2Citalic%2C500%2C500italic%2C700%2C700italic%2C900%2C900italic|font_style:400%20regular%3A400%3Anormal\u00a0\u00bb][vc_separator color=\u00a0\u00bbcustom\u00a0\u00bb el_width=\u00a0\u00bb80&Prime; accent_color=\u00a0\u00bb#f8f8f8&Prime;][vc_custom_heading text=\u00a0\u00bbAmboseli \u21fe Lewa Conservancy \u21fe Masai Mara \u21fe Lac Naivasha\u00a0\u00bb font_container=\u00a0\u00bbtag:h2|font_size:22|text_align:center|color:%23ffffff\u00a0\u00bb google_fonts=\u00a0\u00bbfont_family:Roboto%3A100%2C100italic%2C300%2C300italic%2Cregular%2Citalic%2C500%2C500italic%2C700%2C700italic%2C900%2C900italic|font_style:400%20regular%3A400%3Anormal\u00a0\u00bb][vc_empty_space][\/vc_column][\/vc_row][vc_row css=\u00a0\u00bb.vc_custom_1690356279740{padding-top: 10px !important;}\u00a0\u00bb][vc_column][vc_tta_tabs shape=\u00a0\u00bbsquare\u00a0\u00bb color=\u00a0\u00bbjuicy-pink\u00a0\u00bb alignment=\u00a0\u00bbcenter\u00a0\u00bb active_section=\u00a0\u00bb1&Prime;][vc_tta_section title=\u00a0\u00bbProgramme\u00a0\u00bb tab_id=\u00a0\u00bb1645777668819-be153009-1f91&Prime;][info_list_father listclr=\u00a0\u00bb#f8f8f8&Prime;][info_list_son style=\u00a0\u00bbicon\u00a0\u00bb size=\u00a0\u00bb15&Prime; width=\u00a0\u00bb20&Prime; height=\u00a0\u00bb20&Prime; titleclr=\u00a0\u00bb#890000&Prime; icon=\u00a0\u00bbfas fa-calendar-check\u00a0\u00bb [&hellip;]<\/p>\n","protected":false},"author":4,"featured_media":0,"parent":33438,"menu_order":0,"comment_status":"closed","ping_status":"closed","template":"page-blank.php","meta":{"_themeisle_gutenberg_block_has_review":false,"footnotes":""},"class_list":["post-30865","page","type-page","status-publish","hentry"],"_links":{"self":[{"href":"https:\/\/mufasatoursandtravels.com\/fr\/wp-json\/wp\/v2\/pages\/30865","targetHints":{"allow":["GET"]}}],"collection":[{"href":"https:\/\/mufasatoursandtravels.com\/fr\/wp-json\/wp\/v2\/pages"}],"about":[{"href":"https:\/\/mufasatoursandtravels.com\/fr\/wp-json\/wp\/v2\/types\/page"}],"author":[{"embeddable":true,"href":"https:\/\/mufasatoursandtravels.com\/fr\/wp-json\/wp\/v2\/users\/4"}],"replies":[{"embeddable":true,"href":"https:\/\/mufasatoursandtravels.com\/fr\/wp-json\/wp\/v2\/comments?post=30865"}],"version-history":[{"count":2,"href":"https:\/\/mufasatoursandtravels.com\/fr\/wp-json\/wp\/v2\/pages\/30865\/revisions"}],"predecessor-version":[{"id":33485,"href":"https:\/\/mufasatoursandtravels.com\/fr\/wp-json\/wp\/v2\/pages\/30865\/revisions\/33485"}],"up":[{"embeddable":true,"href":"https:\/\/mufasatoursandtravels.com\/fr\/wp-json\/wp\/v2\/pages\/33438"}],"wp:attachment":[{"href":"https:\/\/mufasatoursandtravels.com\/fr\/wp-json\/wp\/v2\/media?parent=30865"}],"curies":[{"name":"wp","href":"https:\/\/api.w.org\/{rel}","templated":true}]}}