{"id":30892,"date":"2022-03-25T06:42:10","date_gmt":"2022-03-25T03:42:10","guid":{"rendered":"https:\/\/mufasatoursandtravels.com\/destinations\/mombasa-malindi-et-diani\/"},"modified":"2025-04-08T12:10:34","modified_gmt":"2025-04-08T09:10:34","slug":"mombasa-malindi-et-diani","status":"publish","type":"page","link":"https:\/\/mufasatoursandtravels.com\/fr\/destinations\/mombasa-malindi-et-diani\/","title":{"rendered":"Mombasa, Malindi et Diani"},"content":{"rendered":"[vc_row full_width=\u00a0\u00bbstretch_row\u00a0\u00bb][vc_column css=\u00a0\u00bb.vc_custom_1679044707407{border-bottom-width: 10px !important;}\u00a0\u00bb][ucaddon_classic_banner title=\u00a0\u00bb\u00a0\u00bb link_text=\u00a0\u00bbMombasa, Malindi and Diani Beach\u00a0\u00bb image=\u00a0\u00bb8102&Prime; link=\u00a0\u00bb\u00a0\u00bb uc_init_settings=\u00a0\u00bb\u00a0\u00bb uc_fonts_data=\u00a0\u00bbJTdCJTdE\u00a0\u00bb][\/ucaddon_classic_banner][\/vc_column][\/vc_row][vc_row][vc_column css=\u00a0\u00bb.vc_custom_1679044719336{border-top-width: 10px !important;}\u00a0\u00bb][vc_tta_tabs shape=\u00a0\u00bbsquare\u00a0\u00bb color=\u00a0\u00bbjuicy-pink\u00a0\u00bb alignment=\u00a0\u00bbcenter\u00a0\u00bb active_section=\u00a0\u00bb1&Prime; no_fill_content_area=\u00a0\u00bbtrue\u00a0\u00bb][vc_tta_section title=\u00a0\u00bbEnviron\u00a0\u00bb tab_id=\u00a0\u00bb1636302233132-39a30584-a642&Prime;][info_list_father][info_list_son style=\u00a0\u00bbicon\u00a0\u00bb size=\u00a0\u00bb20&Prime; width=\u00a0\u00bb25&Prime; height=\u00a0\u00bb25&Prime; titleclr=\u00a0\u00bb#800000&Prime; icon=\u00a0\u00bbfas fa-question-circle\u00a0\u00bb title=\u00a0\u00bbMombasa, Malindi et Diani beach\u00a0\u00bb]La c\u00f4te du Kenya ou la c\u00f4te de l\u2019oc\u00e9an Indien est un magnifique ruban d\u2019argent et de saphir, de corail brillant et de plages de sable blanc. La culture swahili unique, une fusion des nombreuses influences des premiers temps de la c\u00f4te, a cr\u00e9\u00e9 un rythme de vie, un mythe, un h\u00e9ritage et une magie que l\u2019on ne trouve nulle part ailleurs dans le monde. Les points forts de la c\u00f4te comprennent l\u2019historique Mombasa construit autour des chutes du Fort J\u00e9sus du 16\u00e8me si\u00e8cle et le magnifique Lamu. Les palmiers ondulants, les mosqu\u00e9es aux murs blancs, les femmes voil\u00e9es de noir, la flotte de boutres exploitant les aliz\u00e9s enchantent et fascinent la c\u00f4te swahili.  [\/info_list_son][info_list_son style=\u00a0\u00bbicon\u00a0\u00bb size=\u00a0\u00bb20&Prime; width=\u00a0\u00bb25&Prime; height=\u00a0\u00bb25&Prime; titleclr=\u00a0\u00bb#800000&Prime; icon=\u00a0\u00bbfas fa-binoculars\u00a0\u00bb title=\u00a0\u00bbFaune\u00a0\u00bb]La r\u00e9gion c\u00f4ti\u00e8re est dans son immensit\u00e9, enrichie d\u2019une beaut\u00e9 au-del\u00e0 de l\u2019imagination ; Du lever de soleil scintillant \u00e0 la faune riche et aux plages de sable fin et au coucher de soleil glauchant.[\/info_list_son][info_list_son style=\u00a0\u00bbicon\u00a0\u00bb size=\u00a0\u00bb20&Prime; width=\u00a0\u00bb25&Prime; height=\u00a0\u00bb25&Prime; titleclr=\u00a0\u00bb#800000&Prime; icon=\u00a0\u00bbfas fa-paw\u00a0\u00bb title=\u00a0\u00bbActivit\u00e9s\u00a0\u00bb]\n<ul>\n<li>natation.<\/li>\n<li>Plong\u00e9e avec tuba.<\/li>\n<li>Kayak de mer.<\/li>\n<li>Plong\u00e9e.<\/li>\n<li>Sports nautiques.<\/li>\n<li>Excursions en boutre.<\/li>\n<li>Sentiers naturels.<\/li>\n<li>Visiter des lieux historiques<\/li>\n<\/ul>\n[\/info_list_son][\/info_list_father][\/vc_tta_section][vc_tta_section title=\u00a0\u00bbComment s\u2019y rendre\u00a0\u00bb tab_id=\u00a0\u00bb1633455601016-f93699bc-5d92&Prime;][vc_gmaps link=\u00a0\u00bb#E-8_JTNDaWZyYW1lJTIwc3JjJTNEJTIyaHR0cHMlM0ElMkYlMkZtYXBzLmdvb2dsZS5jb20lMkZtYXBzJTNGcSUzRG1vbWJhc2ElMjZhbXAlM0J0JTNEayUyNmFtcCUzQnolM0QxMSUyNmFtcCUzQmllJTNEVVRGOCUyNmFtcCUzQml3bG9jJTNEJTI2YW1wJTNCb3V0cHV0JTNEZW1iZWQlMjIlMjB3aWR0aCUzRCUyMjYwMCUyMiUyMGhlaWdodCUzRCUyMjQ1MCUyMiUyMGZyYW1lYm9yZGVyJTNEJTIyMCUyMiUyMHN0eWxlJTNEJTIyYm9yZGVyJTNBMCUyMiUyMGFsbG93ZnVsbHNjcmVlbiUzRCUyMiUyMiUzRSUzQyUyRmlmcmFtZSUzRQ==\u00a0\u00bb][\/vc_tta_section][\/vc_tta_tabs][\/vc_column][\/vc_row]\n","protected":false},"excerpt":{"rendered":"<p>[vc_row full_width=\u00a0\u00bbstretch_row\u00a0\u00bb][vc_column css=\u00a0\u00bb.vc_custom_1679044707407{border-bottom-width: 10px !important;}\u00a0\u00bb][ucaddon_classic_banner title=\u00a0\u00bb\u00a0\u00bb link_text=\u00a0\u00bbMombasa, Malindi and Diani Beach\u00a0\u00bb image=\u00a0\u00bb8102&Prime; link=\u00a0\u00bb\u00a0\u00bb uc_init_settings=\u00a0\u00bb\u00a0\u00bb uc_fonts_data=\u00a0\u00bbJTdCJTdE\u00a0\u00bb][\/ucaddon_classic_banner][\/vc_column][\/vc_row][vc_row][vc_column css=\u00a0\u00bb.vc_custom_1679044719336{border-top-width: 10px !important;}\u00a0\u00bb][vc_tta_tabs shape=\u00a0\u00bbsquare\u00a0\u00bb color=\u00a0\u00bbjuicy-pink\u00a0\u00bb alignment=\u00a0\u00bbcenter\u00a0\u00bb active_section=\u00a0\u00bb1&Prime; no_fill_content_area=\u00a0\u00bbtrue\u00a0\u00bb][vc_tta_section title=\u00a0\u00bbEnviron\u00a0\u00bb tab_id=\u00a0\u00bb1636302233132-39a30584-a642&Prime;][info_list_father][info_list_son style=\u00a0\u00bbicon\u00a0\u00bb size=\u00a0\u00bb20&Prime; width=\u00a0\u00bb25&Prime; height=\u00a0\u00bb25&Prime; titleclr=\u00a0\u00bb#800000&Prime; icon=\u00a0\u00bbfas fa-question-circle\u00a0\u00bb title=\u00a0\u00bbMombasa, Malindi et Diani beach\u00a0\u00bb]La c\u00f4te du Kenya ou la c\u00f4te de l\u2019oc\u00e9an Indien est un magnifique ruban d\u2019argent et de saphir, de [&hellip;]<\/p>\n","protected":false},"author":4,"featured_media":0,"parent":27931,"menu_order":20,"comment_status":"closed","ping_status":"closed","template":"","meta":{"_themeisle_gutenberg_block_has_review":false,"footnotes":""},"class_list":["post-30892","page","type-page","status-publish","hentry"],"_links":{"self":[{"href":"https:\/\/mufasatoursandtravels.com\/fr\/wp-json\/wp\/v2\/pages\/30892","targetHints":{"allow":["GET"]}}],"collection":[{"href":"https:\/\/mufasatoursandtravels.com\/fr\/wp-json\/wp\/v2\/pages"}],"about":[{"href":"https:\/\/mufasatoursandtravels.com\/fr\/wp-json\/wp\/v2\/types\/page"}],"author":[{"embeddable":true,"href":"https:\/\/mufasatoursandtravels.com\/fr\/wp-json\/wp\/v2\/users\/4"}],"replies":[{"embeddable":true,"href":"https:\/\/mufasatoursandtravels.com\/fr\/wp-json\/wp\/v2\/comments?post=30892"}],"version-history":[{"count":1,"href":"https:\/\/mufasatoursandtravels.com\/fr\/wp-json\/wp\/v2\/pages\/30892\/revisions"}],"predecessor-version":[{"id":30895,"href":"https:\/\/mufasatoursandtravels.com\/fr\/wp-json\/wp\/v2\/pages\/30892\/revisions\/30895"}],"up":[{"embeddable":true,"href":"https:\/\/mufasatoursandtravels.com\/fr\/wp-json\/wp\/v2\/pages\/27931"}],"wp:attachment":[{"href":"https:\/\/mufasatoursandtravels.com\/fr\/wp-json\/wp\/v2\/media?parent=30892"}],"curies":[{"name":"wp","href":"https:\/\/api.w.org\/{rel}","templated":true}]}}