{"id":30894,"date":"2022-03-25T06:51:26","date_gmt":"2022-03-25T03:51:26","guid":{"rendered":"https:\/\/mufasatoursandtravels.com\/destinations\/reserve-nationale-de-samburu\/"},"modified":"2025-04-08T12:10:35","modified_gmt":"2025-04-08T09:10:35","slug":"reserve-nationale-de-samburu","status":"publish","type":"page","link":"https:\/\/mufasatoursandtravels.com\/fr\/destinations\/reserve-nationale-de-samburu\/","title":{"rendered":"R\u00e9serve nationale de Samburu"},"content":{"rendered":"[vc_row full_width=\u00a0\u00bbstretch_row\u00a0\u00bb][vc_column css=\u00a0\u00bb.vc_custom_1679044842327{border-bottom-width: 10px !important;}\u00a0\u00bb][ucaddon_classic_banner title=\u00a0\u00bb\u00a0\u00bb link_text=\u00a0\u00bbSamburu National Reserve, Kenya\u00a0\u00bb image=\u00a0\u00bb6756&Prime; link=\u00a0\u00bb\u00a0\u00bb uc_init_settings=\u00a0\u00bb\u00a0\u00bb uc_fonts_data=\u00a0\u00bbJTdCJTdE\u00a0\u00bb][\/ucaddon_classic_banner][\/vc_column][\/vc_row][vc_row][vc_column css=\u00a0\u00bb.vc_custom_1679044852908{border-top-width: 10px !important;}\u00a0\u00bb][vc_tta_tabs shape=\u00a0\u00bbsquare\u00a0\u00bb color=\u00a0\u00bbjuicy-pink\u00a0\u00bb alignment=\u00a0\u00bbcenter\u00a0\u00bb active_section=\u00a0\u00bb1&Prime; no_fill_content_area=\u00a0\u00bbtrue\u00a0\u00bb][vc_tta_section title=\u00a0\u00bbEnviron\u00a0\u00bb tab_id=\u00a0\u00bb1636302233132-39a30584-a642&Prime;][info_list_father][info_list_son style=\u00a0\u00bbicon\u00a0\u00bb size=\u00a0\u00bb20&Prime; width=\u00a0\u00bb25&Prime; height=\u00a0\u00bb25&Prime; titleclr=\u00a0\u00bb#800000&Prime; icon=\u00a0\u00bbfas fa-question-circle\u00a0\u00bb title=\u00a0\u00bbR\u00e9serve nationale de Samburu\u00a0\u00bb]situ\u00e9 \u00e0 l\u2019angle sud-est du district de Samburu, dans la province de la vall\u00e9e du Rift au Kenya. Il est bord\u00e9 au sud par la rivi\u00e8re Ewaso Nyiro, qui le s\u00e9pare de la r\u00e9serve nationale de Buffalo Springs. <\/p>\n<p>La r\u00e9serve couvre une superficie de 165 Km\u00b2 et est situ\u00e9e \u00e0 environ 345Km de Nairobi.<\/p>\n<p>La r\u00e9serve se trouve dans la zone \u00e9cologique V- qui est class\u00e9e comme aride et semi-aride avec un indice d\u2019humidit\u00e9 de 42 \u00e0 57, ce qui indique que l\u2019\u00e9vapotranspiration est sup\u00e9rieure \u00e0 l\u2019humidit\u00e9 disponible. Les journ\u00e9es sont extr\u00eamement chaudes tandis que les nuits sont fra\u00eeches. Les temp\u00e9ratures moyennes annuelles varient entre 18 \u00b0C et 30 \u00b0C, tandis que les pr\u00e9cipitations annuelles moyennes sont de 354 mm avec des pics en novembre et avril. La saison s\u00e8che commence \u00e0 la fin du mois de mai et se poursuit jusqu\u2019au d\u00e9but du mois d\u2019octobre, p\u00e9riode pendant laquelle une grande concentration d\u2019animaux sauvages se trouve dans la r\u00e9serve en raison de la disponibilit\u00e9 d\u2019une v\u00e9g\u00e9tation luxuriante le long de la rivi\u00e8re Ewaso Nyiro, la principale source d\u2019eau de la r\u00e9serve et des communaut\u00e9s voisines   [\/info_list_son][info_list_son style=\u00a0\u00bbicon\u00a0\u00bb size=\u00a0\u00bb20&Prime; width=\u00a0\u00bb25&Prime; height=\u00a0\u00bb25&Prime; titleclr=\u00a0\u00bb#800000&Prime; icon=\u00a0\u00bbfas fa-binoculars\u00a0\u00bb title=\u00a0\u00bbFaune\u00a0\u00bb]La r\u00e9serve est accessible en mati\u00e8re de faune et de flore avec une renomm\u00e9e pour son abondance d\u2019esp\u00e8ces rares sp\u00e9cialis\u00e9es dans le nord telles que le z\u00e8bre grevy, l\u2019autruche somalienne, la girafe r\u00e9ticul\u00e9e, le gerenuk et l\u2019oryx Beisa (\u00e9galement appel\u00e9 sp\u00e9cial Samburu). La r\u00e9serve est \u00e9galement populaire avec un minimum de 900 \u00e9l\u00e9phants. Les grands pr\u00e9dateurs tels que le lion, le l\u00e9opard et le gu\u00e9pard sont une attraction importante (Kamunyak la lionne miracle qui a adapt\u00e9 le b\u00e9b\u00e9 oryx est un r\u00e9sident de la r\u00e9serve). Les observations de chiens sauvages sont \u00e9galement une attraction courante dans cette zone prot\u00e9g\u00e9e unique. L\u2019avifaune est abondante avec plus de 450 esp\u00e8ces recens\u00e9es. Les oiseaux de la brousse aride du nord sont augment\u00e9s par un certain nombre d\u2019esp\u00e8ces de for\u00eats riveraines. Le faucon cr\u00e9cerelle nain et le faucon ta\u00efta sont des esp\u00e8ces dont la conservation est pr\u00e9occupante \u00e0 l\u2019\u00e9chelle mondiale, et ils utilisent tous deux la r\u00e9serve. Cinq esp\u00e8ces class\u00e9es comme vuln\u00e9rables ont \u00e9t\u00e9 enregistr\u00e9es dans la r\u00e9serve. Il s\u2019agit du dard d\u2019Afrique, de la grande aigrette, du vautour \u00e0 t\u00eate blanche, de l\u2019aigle martial et du pic-b\u0153uf \u00e0 bec jaune. Esp\u00e8ce en danger critique d\u2019extinction sous CITIES \u2013 La tortue cr\u00eape (<em>malacochersus tornieri<\/em>) se trouve dans la r\u00e9serve.         [\/info_list_son][info_list_son style=\u00a0\u00bbicon\u00a0\u00bb size=\u00a0\u00bb20&Prime; width=\u00a0\u00bb25&Prime; height=\u00a0\u00bb25&Prime; titleclr=\u00a0\u00bb#800000&Prime; icon=\u00a0\u00bbfas fa-paw\u00a0\u00bb title=\u00a0\u00bbActivit\u00e9s\u00a0\u00bb]\n<ul>\n<li>Promenades dans la nature.<\/li>\n<li>Safaris.<\/li>\n<li>Observation des oiseaux.<\/li>\n<\/ul>\n[\/info_list_son][\/info_list_father][\/vc_tta_section][vc_tta_section title=\u00a0\u00bbComment s\u2019y rendre\u00a0\u00bb tab_id=\u00a0\u00bb1633455601016-f93699bc-5d92&Prime;][vc_gmaps link=\u00a0\u00bb#E-8_JTNDaWZyYW1lJTIwc3JjJTNEJTIyaHR0cHMlM0ElMkYlMkZtYXBzLmdvb2dsZS5jb20lMkZtYXBzJTNGcSUzRHNhbWJ1cnUlMjUyMG5hdGlvbmFsJTI1MjByZXNlcnZlJTI2YW1wJTNCdCUzRCUyNmFtcCUzQnolM0QxMyUyNmFtcCUzQmllJTNEVVRGOCUyNmFtcCUzQml3bG9jJTNEJTI2YW1wJTNCb3V0cHV0JTNEZW1iZWQlMjIlMjB3aWR0aCUzRCUyMjYwMCUyMiUyMGhlaWdodCUzRCUyMjQ1MCUyMiUyMGZyYW1lYm9yZGVyJTNEJTIyMCUyMiUyMHN0eWxlJTNEJTIyYm9yZGVyJTNBMCUyMiUyMGFsbG93ZnVsbHNjcmVlbiUzRCUyMiUyMiUzRSUzQyUyRmlmcmFtZSUzRQ==\u00a0\u00bb][\/vc_tta_section][\/vc_tta_tabs][\/vc_column][\/vc_row]\n","protected":false},"excerpt":{"rendered":"<p>[vc_row full_width=\u00a0\u00bbstretch_row\u00a0\u00bb][vc_column css=\u00a0\u00bb.vc_custom_1679044842327{border-bottom-width: 10px !important;}\u00a0\u00bb][ucaddon_classic_banner title=\u00a0\u00bb\u00a0\u00bb link_text=\u00a0\u00bbSamburu National Reserve, Kenya\u00a0\u00bb image=\u00a0\u00bb6756&Prime; link=\u00a0\u00bb\u00a0\u00bb uc_init_settings=\u00a0\u00bb\u00a0\u00bb uc_fonts_data=\u00a0\u00bbJTdCJTdE\u00a0\u00bb][\/ucaddon_classic_banner][\/vc_column][\/vc_row][vc_row][vc_column css=\u00a0\u00bb.vc_custom_1679044852908{border-top-width: 10px !important;}\u00a0\u00bb][vc_tta_tabs shape=\u00a0\u00bbsquare\u00a0\u00bb color=\u00a0\u00bbjuicy-pink\u00a0\u00bb alignment=\u00a0\u00bbcenter\u00a0\u00bb active_section=\u00a0\u00bb1&Prime; no_fill_content_area=\u00a0\u00bbtrue\u00a0\u00bb][vc_tta_section title=\u00a0\u00bbEnviron\u00a0\u00bb tab_id=\u00a0\u00bb1636302233132-39a30584-a642&Prime;][info_list_father][info_list_son style=\u00a0\u00bbicon\u00a0\u00bb size=\u00a0\u00bb20&Prime; width=\u00a0\u00bb25&Prime; height=\u00a0\u00bb25&Prime; titleclr=\u00a0\u00bb#800000&Prime; icon=\u00a0\u00bbfas fa-question-circle\u00a0\u00bb title=\u00a0\u00bbR\u00e9serve nationale de Samburu\u00a0\u00bb]situ\u00e9 \u00e0 l\u2019angle sud-est du district de Samburu, dans la province de la vall\u00e9e du Rift au Kenya. Il est bord\u00e9 [&hellip;]<\/p>\n","protected":false},"author":4,"featured_media":0,"parent":27931,"menu_order":21,"comment_status":"closed","ping_status":"closed","template":"","meta":{"_themeisle_gutenberg_block_has_review":false,"footnotes":""},"class_list":["post-30894","page","type-page","status-publish","hentry"],"_links":{"self":[{"href":"https:\/\/mufasatoursandtravels.com\/fr\/wp-json\/wp\/v2\/pages\/30894","targetHints":{"allow":["GET"]}}],"collection":[{"href":"https:\/\/mufasatoursandtravels.com\/fr\/wp-json\/wp\/v2\/pages"}],"about":[{"href":"https:\/\/mufasatoursandtravels.com\/fr\/wp-json\/wp\/v2\/types\/page"}],"author":[{"embeddable":true,"href":"https:\/\/mufasatoursandtravels.com\/fr\/wp-json\/wp\/v2\/users\/4"}],"replies":[{"embeddable":true,"href":"https:\/\/mufasatoursandtravels.com\/fr\/wp-json\/wp\/v2\/comments?post=30894"}],"version-history":[{"count":1,"href":"https:\/\/mufasatoursandtravels.com\/fr\/wp-json\/wp\/v2\/pages\/30894\/revisions"}],"predecessor-version":[{"id":30899,"href":"https:\/\/mufasatoursandtravels.com\/fr\/wp-json\/wp\/v2\/pages\/30894\/revisions\/30899"}],"up":[{"embeddable":true,"href":"https:\/\/mufasatoursandtravels.com\/fr\/wp-json\/wp\/v2\/pages\/27931"}],"wp:attachment":[{"href":"https:\/\/mufasatoursandtravels.com\/fr\/wp-json\/wp\/v2\/media?parent=30894"}],"curies":[{"name":"wp","href":"https:\/\/api.w.org\/{rel}","templated":true}]}}