{"id":30915,"date":"2022-03-25T06:42:05","date_gmt":"2022-03-25T03:42:05","guid":{"rendered":"https:\/\/mufasatoursandtravels.com\/destinations\/reserve-dolpejeta\/"},"modified":"2025-04-08T12:10:46","modified_gmt":"2025-04-08T09:10:46","slug":"reserve-dolpejeta","status":"publish","type":"page","link":"https:\/\/mufasatoursandtravels.com\/fr\/destinations\/reserve-dolpejeta\/","title":{"rendered":"R\u00e9serve d\u2019Olpejeta"},"content":{"rendered":"[vc_row full_width=\u00a0\u00bbstretch_row\u00a0\u00bb][vc_column css=\u00a0\u00bb.vc_custom_1679044516903{border-bottom-width: 10px !important;}\u00a0\u00bb][ucaddon_classic_banner title=\u00a0\u00bb\u00a0\u00bb link_text=\u00a0\u00bbOlpejeta Conservancy, Kenya\u00a0\u00bb image=\u00a0\u00bb5860&Prime; link=\u00a0\u00bb\u00a0\u00bb uc_init_settings=\u00a0\u00bb\u00a0\u00bb uc_fonts_data=\u00a0\u00bbJTdCJTdE\u00a0\u00bb][\/ucaddon_classic_banner][\/vc_column][\/vc_row][vc_row][vc_column css=\u00a0\u00bb.vc_custom_1679044526788{border-top-width: 10px !important;}\u00a0\u00bb][vc_tta_tabs shape=\u00a0\u00bbsquare\u00a0\u00bb color=\u00a0\u00bbjuicy-pink\u00a0\u00bb alignment=\u00a0\u00bbcenter\u00a0\u00bb active_section=\u00a0\u00bb1&Prime; no_fill_content_area=\u00a0\u00bbtrue\u00a0\u00bb][vc_tta_section title=\u00a0\u00bbEnviron\u00a0\u00bb tab_id=\u00a0\u00bb1636302233132-39a30584-a642&Prime;][info_list_father][info_list_son style=\u00a0\u00bbicon\u00a0\u00bb size=\u00a0\u00bb20&Prime; width=\u00a0\u00bb25&Prime; height=\u00a0\u00bb25&Prime; titleclr=\u00a0\u00bb#800000&Prime; icon=\u00a0\u00bbfas fa-question-circle\u00a0\u00bb title=\u00a0\u00bbR\u00e9serve d\u2019Olpejeta\u00a0\u00bb]Situ\u00e9 sur l\u2019\u00e9quateur \u00e0 l\u2019ouest de Nanyuki, entre les contreforts des Aberdares et le mont Kenya. L\u2019Ol Pejeta Conservancy s\u2019efforce de conserver la faune, de fournir un sanctuaire pour les grands singes et de g\u00e9n\u00e9rer des revenus gr\u00e2ce au tourisme animalier et \u00e0 des entreprises compl\u00e9mentaires pour le r\u00e9investissement dans la conservation et le d\u00e9veloppement communautaire. <\/p>\n<p>Le Conservancy poss\u00e8de le plus grand sanctuaire de rhinoc\u00e9ros noirs d\u2019Afrique de l\u2019Est&nbsp;; En 2013, il a atteint le cap de la population de 100 rhinoc\u00e9ros noirs. Il abrite \u00e9galement les deux derniers rhinoc\u00e9ros blancs du Nord dans le monde, qui y ont \u00e9t\u00e9 d\u00e9plac\u00e9s du zoo de Dv\u016fr Kr\u00e1lov\u00e9 en R\u00e9publique tch\u00e8que. C\u2019est ici que se trouve le sanctuaire des chimpanz\u00e9s de Sweetwaters, qui offre un refuge aux chimpanz\u00e9s orphelins, abandonn\u00e9s et sauv\u00e9s. C\u2019est le seul endroit au Kenya o\u00f9 l\u2019on peut voir des chimpanz\u00e9s. Le Conservancy accueille les animaux du \u00ab&nbsp;Big five game&nbsp;\u00bb parmi une grande s\u00e9lection d\u2019autres animaux africains, ce qui en fait une destination de safari populaire. Il g\u00e8re \u00e9galement un programme d\u2019\u00e9levage r\u00e9ussi, qui profite aux \u00e9leveurs locaux et \u00e0 la faune. Dans le cadre du programme de d\u00e9veloppement communautaire de la conservation, Ol Pejeta fournit des fonds aux communaut\u00e9s environnantes pour soutenir des projets de sant\u00e9, d\u2019\u00e9ducation, d\u2019eau et d\u2019infrastructure. Ils soutiennent \u00e9galement la fourniture de services de vulgarisation agricole et d\u2019\u00e9levage et le d\u00e9veloppement d\u2019entreprises communautaires de tourisme de conservation.       [\/info_list_son][info_list_son style=\u00a0\u00bbicon\u00a0\u00bb size=\u00a0\u00bb20&Prime; width=\u00a0\u00bb25&Prime; height=\u00a0\u00bb25&Prime; titleclr=\u00a0\u00bb#800000&Prime; icon=\u00a0\u00bbfas fa-binoculars\u00a0\u00bb title=\u00a0\u00bbFaune\u00a0\u00bb]Tous les membres du \u00ab Big five game \u00bb (lion, buffle du Cap, \u00e9l\u00e9phant d\u2019Afrique, l\u00e9opard et rhinoc\u00e9ros) se trouvent sur le site d\u2019Ol Pejeta Conservancy. Les rhinoc\u00e9ros noirs et blancs prosp\u00e8rent ici. En 2013, Ol Pejeta a enregistr\u00e9 la naissance de son 100e rhinoc\u00e9ros noir. Cela signifie que le Conservancy est d\u00e9sormais une population de rhinoc\u00e9ros noirs \u00ab Key 1 \u00bb dans la cat\u00e9gorie du Groupe de sp\u00e9cialistes du rhinoc\u00e9ros africain de l\u2019UICN. C\u2019est l\u2019un des huit sanctuaires d\u2019Afrique \u00e0 b\u00e9n\u00e9ficier de cette distinction.    <\/p>\n<p>Parmi les autres animaux rares que l\u2019on peut trouver sur Ol Pejeta, citons le chien sauvage africain en voie de disparition, l\u2019oryx, le bubale de Jackson, le z\u00e8bre de Gr\u00e9vy, le serval, le gu\u00e9pard et le renard \u00e0 oreilles de chauve-souris. La faune africaine la plus commune peut \u00e9galement \u00eatre trouv\u00e9e, notamment les girafes, les singes vervets, les babouins, les hippopotames, les impalas, les \u00e9lans, la gazelle de Grant, le dik-dik, le z\u00e8bre des plaines, le chacal \u00e0 dos argent\u00e9, la hy\u00e8ne. Il y a \u00e9galement plus de 300 esp\u00e8ces d\u2019oiseaux sur le Conservancy.  <\/p>\n<p>Tous les animaux sont libres d\u2019entrer et de sortir du Conservancy par le biais de \u00ab&nbsp;couloirs de gibier&nbsp;\u00bb sp\u00e9cialement construits qui ne limitent que les mouvements des rhinoc\u00e9ros. Les poteaux \u00e0 hauteur de genou dans le sol, situ\u00e9s tr\u00e8s pr\u00e8s les uns des autres, ne pr\u00e9sentent aucun d\u00e9fi pour les \u00e9l\u00e9phants, les antilopes et les carnivores, qui sont facilement capables de sauter ou d\u2019enjamber. Les rhinoc\u00e9ros, cependant, sont incapables de le faire et, par cons\u00e9quent, ne peuvent pas se d\u00e9placer dans des zones o\u00f9 ils risquent d\u2019\u00eatre abattus pour leur corne.  [\/info_list_son][info_list_son style=\u00a0\u00bbicon\u00a0\u00bb size=\u00a0\u00bb20&Prime; width=\u00a0\u00bb25&Prime; height=\u00a0\u00bb25&Prime; titleclr=\u00a0\u00bb#800000&Prime; icon=\u00a0\u00bbfas fa-paw\u00a0\u00bb title=\u00a0\u00bbActivit\u00e9s\u00a0\u00bb]\n<ul>\n<li>Safaris.<\/li>\n<li>Observation des oiseaux.<\/li>\n<li>Promenades dans la nature.<\/li>\n<\/ul>\n[\/info_list_son][\/info_list_father][\/vc_tta_section][vc_tta_section title=\u00a0\u00bbComment s\u2019y rendre\u00a0\u00bb tab_id=\u00a0\u00bb1633455601016-f93699bc-5d92&Prime;][vc_gmaps link=\u00a0\u00bb#E-8_JTNDaWZyYW1lJTIwc3JjJTNEJTIyaHR0cHMlM0ElMkYlMkZtYXBzLmdvb2dsZS5jb20lMkZtYXBzJTNGd2lkdGglM0QxMDAlMjUyNSUyNmFtcCUzQmhlaWdodCUzRDYwMCUyNmFtcCUzQmhsJTNEZW4lMjZhbXAlM0JxJTNEb2xwZWpldGElMjUyMGNvbnNlcnZhbmN5JTJCJTI4JTI5JTI2YW1wJTNCdCUzRCUyNmFtcCUzQnolM0QxNCUyNmFtcCUzQmllJTNEVVRGOCUyNmFtcCUzQml3bG9jJTNEQiUyNmFtcCUzQm91dHB1dCUzRGVtYmVkJTIyJTIwd2lkdGglM0QlMjI2MDAlMjIlMjBoZWlnaHQlM0QlMjI0NTAlMjIlMjBmcmFtZWJvcmRlciUzRCUyMjAlMjIlMjBzdHlsZSUzRCUyMmJvcmRlciUzQTAlMjIlMjBhbGxvd2Z1bGxzY3JlZW4lM0QlMjIlMjIlM0UlM0MlMkZpZnJhbWUlM0U=\u00a0\u00bb][\/vc_tta_section][\/vc_tta_tabs][\/vc_column][\/vc_row]\n","protected":false},"excerpt":{"rendered":"<p>[vc_row full_width=\u00a0\u00bbstretch_row\u00a0\u00bb][vc_column css=\u00a0\u00bb.vc_custom_1679044516903{border-bottom-width: 10px !important;}\u00a0\u00bb][ucaddon_classic_banner title=\u00a0\u00bb\u00a0\u00bb link_text=\u00a0\u00bbOlpejeta Conservancy, Kenya\u00a0\u00bb image=\u00a0\u00bb5860&Prime; link=\u00a0\u00bb\u00a0\u00bb uc_init_settings=\u00a0\u00bb\u00a0\u00bb uc_fonts_data=\u00a0\u00bbJTdCJTdE\u00a0\u00bb][\/ucaddon_classic_banner][\/vc_column][\/vc_row][vc_row][vc_column css=\u00a0\u00bb.vc_custom_1679044526788{border-top-width: 10px !important;}\u00a0\u00bb][vc_tta_tabs shape=\u00a0\u00bbsquare\u00a0\u00bb color=\u00a0\u00bbjuicy-pink\u00a0\u00bb alignment=\u00a0\u00bbcenter\u00a0\u00bb active_section=\u00a0\u00bb1&Prime; no_fill_content_area=\u00a0\u00bbtrue\u00a0\u00bb][vc_tta_section title=\u00a0\u00bbEnviron\u00a0\u00bb tab_id=\u00a0\u00bb1636302233132-39a30584-a642&Prime;][info_list_father][info_list_son style=\u00a0\u00bbicon\u00a0\u00bb size=\u00a0\u00bb20&Prime; width=\u00a0\u00bb25&Prime; height=\u00a0\u00bb25&Prime; titleclr=\u00a0\u00bb#800000&Prime; icon=\u00a0\u00bbfas fa-question-circle\u00a0\u00bb title=\u00a0\u00bbR\u00e9serve d\u2019Olpejeta\u00a0\u00bb]Situ\u00e9 sur l\u2019\u00e9quateur \u00e0 l\u2019ouest de Nanyuki, entre les contreforts des Aberdares et le mont Kenya. L\u2019Ol Pejeta Conservancy s\u2019efforce de conserver la faune, [&hellip;]<\/p>\n","protected":false},"author":4,"featured_media":0,"parent":27931,"menu_order":19,"comment_status":"closed","ping_status":"closed","template":"","meta":{"_themeisle_gutenberg_block_has_review":false,"footnotes":""},"class_list":["post-30915","page","type-page","status-publish","hentry"],"_links":{"self":[{"href":"https:\/\/mufasatoursandtravels.com\/fr\/wp-json\/wp\/v2\/pages\/30915","targetHints":{"allow":["GET"]}}],"collection":[{"href":"https:\/\/mufasatoursandtravels.com\/fr\/wp-json\/wp\/v2\/pages"}],"about":[{"href":"https:\/\/mufasatoursandtravels.com\/fr\/wp-json\/wp\/v2\/types\/page"}],"author":[{"embeddable":true,"href":"https:\/\/mufasatoursandtravels.com\/fr\/wp-json\/wp\/v2\/users\/4"}],"replies":[{"embeddable":true,"href":"https:\/\/mufasatoursandtravels.com\/fr\/wp-json\/wp\/v2\/comments?post=30915"}],"version-history":[{"count":1,"href":"https:\/\/mufasatoursandtravels.com\/fr\/wp-json\/wp\/v2\/pages\/30915\/revisions"}],"predecessor-version":[{"id":30917,"href":"https:\/\/mufasatoursandtravels.com\/fr\/wp-json\/wp\/v2\/pages\/30915\/revisions\/30917"}],"up":[{"embeddable":true,"href":"https:\/\/mufasatoursandtravels.com\/fr\/wp-json\/wp\/v2\/pages\/27931"}],"wp:attachment":[{"href":"https:\/\/mufasatoursandtravels.com\/fr\/wp-json\/wp\/v2\/media?parent=30915"}],"curies":[{"name":"wp","href":"https:\/\/api.w.org\/{rel}","templated":true}]}}